{"id":974,"date":"2021-11-24T21:13:33","date_gmt":"2021-11-24T19:13:33","guid":{"rendered":"https:\/\/milbaza.lv\/contacts\/"},"modified":"2025-06-12T14:19:52","modified_gmt":"2025-06-12T11:19:52","slug":"contacts","status":"publish","type":"page","link":"https:\/\/milbaza.lv\/en\/contacts\/","title":{"rendered":"Contacts"},"content":{"rendered":"\n\n\t<script type=\"text\/javascript\">\n  jQuery( document ).ready(function() {\n    function initialize() {\n        var styles = {\n            'flatsome':  [{\n            \"featureType\": \"administrative\",\n            \"stylers\": [\n              { \"visibility\": \"on\" }\n            ]\n          },\n          {\n            \"featureType\": \"road\",\n            \"stylers\": [\n              { \"visibility\": \"on\" },\n              { \"hue\": \"\" }\n            ]\n          },\n          {\n            \"stylers\": [\n\t\t\t  { \"visibility\": \"on\" },\n\t\t\t  { \"hue\": \"\" },\n\t\t\t  { \"saturation\": -58 }\n            ]\n          }\n        ]};\n\n        var myLatlng = new google.maps.LatLng(56.953013995469, 24.188024270265);\n        var myOptions = {\n            zoom: 13,\n            center: myLatlng,\n            mapTypeId: google.maps.MapTypeId.ROADMAP,\n            disableDefaultUI: true,\n            mapTypeId: 'flatsome',\n            draggable: true,\n            zoomControl: false,\n            zoomControlOptions: {\n              position: google.maps.ControlPosition.TOP_LEFT\n            },\n      \t\t\tmapTypeControl: false,\n            mapTypeControlOptions: {\n              position: google.maps.ControlPosition.TOP_LEFT\n            },\n      \t\t\tstreetViewControl: false,\n            streetViewControlOptions: {\n              position: google.maps.ControlPosition.TOP_LEFT\n            },\n            scrollwheel: false,\n            disableDoubleClickZoom: true\n        }\n        var map = new google.maps.Map(document.getElementById(\"map-264984057-inner\"), myOptions);\n        var styledMapType = new google.maps.StyledMapType(styles['flatsome'], {name: 'flatsome'});\n        map.mapTypes.set('flatsome', styledMapType);\n\n        var marker = new google.maps.Marker({\n            position: myLatlng,\n            map: map,\n            title:\"\"\n        });\n    }\n\n    \/\/ Required to proceed\n    if (!(typeof google === 'object' && typeof google.maps === 'object')) {\n      return\n    }\n\n    initialize()\n    google.maps.event.addDomListener(window, 'resize', initialize);\n    });\n    <\/script>\n\n    <div class=\"google-map relative mb\" id=\"map-264984057\">\n        <div class=\"map-height\" id=\"map-264984057-inner\"><\/div>\n        <div id=\"map_overlay_top\"><\/div>\n        <div id=\"map_overlay_bottom\"><\/div>\n                  <div class=\"map_inner map-inner last-reset absolute x95 md-x95 lg-x95 y95 md-y95 lg-y95\">\n              <br><h3>Office: Gun\u0101ra Astras iela 8\r\nR\u012bga, LV-1082, Latvija<\/h3><br>Working hours:<br>Mon &#8211; Fri 10:00 \u2013 19:00<br>Saturday 10:00 &#8211; 16:00<br>Closed on Sundays<br><br>         <\/div>\n       \n       \n<style>\n#map-264984057 .map-inner {\n  background-color: rgb(255, 255, 255);\n  max-width: 30%;\n}\n#map-264984057 .map-height {\n  height: 400px;\n}\n<\/style>\n    <\/div>\n\n\t\n<div class=\"row\"  id=\"row-724853175\">\n\n\n\t<div id=\"col-672716303\" class=\"col medium-4 large-4\"  >\n\t\t\t\t<div class=\"col-inner\"  >\n\t\t\t\n\t\t\t\n\n<div class=\"container section-title-container\" ><h3 class=\"section-title section-title-normal\"><b aria-hidden=\"true\"><\/b><span class=\"section-title-main\" >Contacts<\/span><b aria-hidden=\"true\"><\/b><\/h3><\/div>\n\nT\u0101lr.:. <a href=\"tel:+ 371 22177007\">+ 371 22177007<\/a><br>E-pasts: \u00a0<a href=\"mailto:info@milbaza.lv\">info@milbaza.lv<\/a><br><br>Working hours:<br>Mon &#8211; Fri 10:00 \u2013 19:00<br>Saturday 10:00 &#8211; 16:00<br><br>If you can&#8217;t make it during this time &#8211; please give us a call.\n\n\t\t<\/div>\n\t\t\t\t\t<\/div>\n\n\t\n\n\t<div id=\"col-1615684095\" class=\"col medium-4 large-4\"  >\n\t\t\t\t<div class=\"col-inner\"  >\n\t\t\t\n\t\t\t\n\n<div class=\"container section-title-container\" ><h3 class=\"section-title section-title-normal\"><b aria-hidden=\"true\"><\/b><span class=\"section-title-main\" >Details<\/span><b aria-hidden=\"true\"><\/b><\/h3><\/div>\n\n<strong>Skr\u016bvp\u0101\u013cu pamati, SIA<\/strong><br>Reg. Nr. 40103914539<br>Bank: Swedbank AS<br>SWIFT: HABALV22<br>Account: LV88HABA0551051838725<br>Legal Address: Sitas street 48 \u2013 22,<br>R\u012bga, LV-1073\n\n\t\t<\/div>\n\t\t\t\t\t<\/div>\n\n\t\n\n\t<div id=\"col-1188689615\" class=\"col medium-4 large-4\"  >\n\t\t\t\t<div class=\"col-inner\"  >\n\t\t\t\n\t\t\t\n\n<div class=\"container section-title-container\" ><h3 class=\"section-title section-title-normal\"><b aria-hidden=\"true\"><\/b><span class=\"section-title-main\" >Veikals<\/span><b aria-hidden=\"true\"><\/b><\/h3><\/div>\n\n\t<div class=\"img has-hover x md-x lg-x y md-y lg-y\" id=\"image_256520949\">\n\t\t\t\t\t\t\t\t<div class=\"img-inner dark\" >\n\t\t\t<img loading=\"lazy\" decoding=\"async\" width=\"500\" height=\"381\" src=\"https:\/\/milbaza.lv\/wp-content\/uploads\/2022\/02\/Milbaza_veikala_shema_LV.png\" class=\"attachment-large size-large\" alt=\"\" srcset=\"https:\/\/milbaza.lv\/wp-content\/uploads\/2022\/02\/Milbaza_veikala_shema_LV.png 500w, https:\/\/milbaza.lv\/wp-content\/uploads\/2022\/02\/Milbaza_veikala_shema_LV-300x229.png 300w\" sizes=\"auto, (max-width: 500px) 100vw, 500px\" \/>\t\t\t\t\t\t\n\t\t\t\t\t<\/div>\n\t\t\t\t\t\t\t\t\n<style>\n#image_256520949 {\n  width: 100%;\n}\n<\/style>\n\t<\/div>\n\t\n\n\n\t\t<\/div>\n\t\t\t\t\t<\/div>\n\n\t\n\n<\/div>\n.\n\n","protected":false},"excerpt":{"rendered":"","protected":false},"author":1,"featured_media":0,"parent":0,"menu_order":0,"comment_status":"closed","ping_status":"closed","template":"","meta":{"_acf_changed":false,"footnotes":""},"class_list":["post-974","page","type-page","status-publish","hentry"],"acf":[],"yoast_head":"<!-- This site is optimized with the Yoast SEO plugin v27.4 - https:\/\/yoast.com\/product\/yoast-seo-wordpress\/ -->\n<title>Contacts - MILBAZA \u2013 Outdoor | Tactical | Adventure<\/title>\n<meta name=\"robots\" content=\"index, follow, max-snippet:-1, max-image-preview:large, max-video-preview:-1\" \/>\n<link rel=\"canonical\" href=\"https:\/\/milbaza.lv\/en\/contacts\/\" \/>\n<meta property=\"og:locale\" content=\"en_US\" \/>\n<meta property=\"og:type\" content=\"article\" \/>\n<meta property=\"og:title\" content=\"Contacts - MILBAZA \u2013 Outdoor | Tactical | Adventure\" \/>\n<meta property=\"og:url\" content=\"https:\/\/milbaza.lv\/en\/contacts\/\" \/>\n<meta property=\"og:site_name\" content=\"MILBAZA \u2013 Outdoor | Tactical | Adventure\" \/>\n<meta property=\"article:publisher\" content=\"https:\/\/www.facebook.com\/profile.php?id=100075399152223\" \/>\n<meta property=\"article:modified_time\" content=\"2025-06-12T11:19:52+00:00\" \/>\n<meta name=\"twitter:card\" content=\"summary_large_image\" \/>\n<script type=\"application\/ld+json\" class=\"yoast-schema-graph\">{\"@context\":\"https:\\\/\\\/schema.org\",\"@graph\":[{\"@type\":\"WebPage\",\"@id\":\"https:\\\/\\\/milbaza.lv\\\/en\\\/contacts\\\/\",\"url\":\"https:\\\/\\\/milbaza.lv\\\/en\\\/contacts\\\/\",\"name\":\"Contacts - MILBAZA \u2013 Outdoor | Tactical | Adventure\",\"isPartOf\":{\"@id\":\"https:\\\/\\\/milbaza.lv\\\/en\\\/#website\"},\"datePublished\":\"2021-11-24T19:13:33+00:00\",\"dateModified\":\"2025-06-12T11:19:52+00:00\",\"breadcrumb\":{\"@id\":\"https:\\\/\\\/milbaza.lv\\\/en\\\/contacts\\\/#breadcrumb\"},\"inLanguage\":\"en-US\",\"potentialAction\":[{\"@type\":\"ReadAction\",\"target\":[\"https:\\\/\\\/milbaza.lv\\\/en\\\/contacts\\\/\"]}]},{\"@type\":\"BreadcrumbList\",\"@id\":\"https:\\\/\\\/milbaza.lv\\\/en\\\/contacts\\\/#breadcrumb\",\"itemListElement\":[{\"@type\":\"ListItem\",\"position\":1,\"name\":\"Home\",\"item\":\"https:\\\/\\\/milbaza.lv\\\/en\\\/\"},{\"@type\":\"ListItem\",\"position\":2,\"name\":\"Contacts\"}]},{\"@type\":\"WebSite\",\"@id\":\"https:\\\/\\\/milbaza.lv\\\/en\\\/#website\",\"url\":\"https:\\\/\\\/milbaza.lv\\\/en\\\/\",\"name\":\"MILBAZA \u2013 viss akt\u012bvai atp\u016btai\",\"description\":\"Outdoor | Tactical | Adventure\",\"publisher\":{\"@id\":\"https:\\\/\\\/milbaza.lv\\\/en\\\/#organization\"},\"potentialAction\":[{\"@type\":\"SearchAction\",\"target\":{\"@type\":\"EntryPoint\",\"urlTemplate\":\"https:\\\/\\\/milbaza.lv\\\/en\\\/?s={search_term_string}\"},\"query-input\":{\"@type\":\"PropertyValueSpecification\",\"valueRequired\":true,\"valueName\":\"search_term_string\"}}],\"inLanguage\":\"en-US\"},{\"@type\":\"Organization\",\"@id\":\"https:\\\/\\\/milbaza.lv\\\/en\\\/#organization\",\"name\":\"Milbaza\",\"url\":\"https:\\\/\\\/milbaza.lv\\\/en\\\/\",\"logo\":{\"@type\":\"ImageObject\",\"inLanguage\":\"en-US\",\"@id\":\"https:\\\/\\\/milbaza.lv\\\/en\\\/#\\\/schema\\\/logo\\\/image\\\/\",\"url\":\"https:\\\/\\\/milbaza.lv\\\/wp-content\\\/uploads\\\/2021\\\/11\\\/Mil_BAZA_logo3.png\",\"contentUrl\":\"https:\\\/\\\/milbaza.lv\\\/wp-content\\\/uploads\\\/2021\\\/11\\\/Mil_BAZA_logo3.png\",\"width\":564,\"height\":226,\"caption\":\"Milbaza\"},\"image\":{\"@id\":\"https:\\\/\\\/milbaza.lv\\\/en\\\/#\\\/schema\\\/logo\\\/image\\\/\"},\"sameAs\":[\"https:\\\/\\\/www.facebook.com\\\/profile.php?id=100075399152223\",\"https:\\\/\\\/www.instagram.com\\\/milbaza.lv\\\/\",\"https:\\\/\\\/www.pinterest.com\\\/milbaza\\\/_saved\\\/\",\"https:\\\/\\\/www.youtube.com\\\/channel\\\/UCrPXltd8hsNIiGAKc37hGfQ\"]}]}<\/script>\n<!-- \/ Yoast SEO plugin. -->","yoast_head_json":{"title":"Contacts - MILBAZA \u2013 Outdoor | Tactical | Adventure","robots":{"index":"index","follow":"follow","max-snippet":"max-snippet:-1","max-image-preview":"max-image-preview:large","max-video-preview":"max-video-preview:-1"},"canonical":"https:\/\/milbaza.lv\/en\/contacts\/","og_locale":"en_US","og_type":"article","og_title":"Contacts - MILBAZA \u2013 Outdoor | Tactical | Adventure","og_url":"https:\/\/milbaza.lv\/en\/contacts\/","og_site_name":"MILBAZA \u2013 Outdoor | Tactical | Adventure","article_publisher":"https:\/\/www.facebook.com\/profile.php?id=100075399152223","article_modified_time":"2025-06-12T11:19:52+00:00","twitter_card":"summary_large_image","schema":{"@context":"https:\/\/schema.org","@graph":[{"@type":"WebPage","@id":"https:\/\/milbaza.lv\/en\/contacts\/","url":"https:\/\/milbaza.lv\/en\/contacts\/","name":"Contacts - MILBAZA \u2013 Outdoor | Tactical | Adventure","isPartOf":{"@id":"https:\/\/milbaza.lv\/en\/#website"},"datePublished":"2021-11-24T19:13:33+00:00","dateModified":"2025-06-12T11:19:52+00:00","breadcrumb":{"@id":"https:\/\/milbaza.lv\/en\/contacts\/#breadcrumb"},"inLanguage":"en-US","potentialAction":[{"@type":"ReadAction","target":["https:\/\/milbaza.lv\/en\/contacts\/"]}]},{"@type":"BreadcrumbList","@id":"https:\/\/milbaza.lv\/en\/contacts\/#breadcrumb","itemListElement":[{"@type":"ListItem","position":1,"name":"Home","item":"https:\/\/milbaza.lv\/en\/"},{"@type":"ListItem","position":2,"name":"Contacts"}]},{"@type":"WebSite","@id":"https:\/\/milbaza.lv\/en\/#website","url":"https:\/\/milbaza.lv\/en\/","name":"MILBAZA \u2013 viss akt\u012bvai atp\u016btai","description":"Outdoor | Tactical | Adventure","publisher":{"@id":"https:\/\/milbaza.lv\/en\/#organization"},"potentialAction":[{"@type":"SearchAction","target":{"@type":"EntryPoint","urlTemplate":"https:\/\/milbaza.lv\/en\/?s={search_term_string}"},"query-input":{"@type":"PropertyValueSpecification","valueRequired":true,"valueName":"search_term_string"}}],"inLanguage":"en-US"},{"@type":"Organization","@id":"https:\/\/milbaza.lv\/en\/#organization","name":"Milbaza","url":"https:\/\/milbaza.lv\/en\/","logo":{"@type":"ImageObject","inLanguage":"en-US","@id":"https:\/\/milbaza.lv\/en\/#\/schema\/logo\/image\/","url":"https:\/\/milbaza.lv\/wp-content\/uploads\/2021\/11\/Mil_BAZA_logo3.png","contentUrl":"https:\/\/milbaza.lv\/wp-content\/uploads\/2021\/11\/Mil_BAZA_logo3.png","width":564,"height":226,"caption":"Milbaza"},"image":{"@id":"https:\/\/milbaza.lv\/en\/#\/schema\/logo\/image\/"},"sameAs":["https:\/\/www.facebook.com\/profile.php?id=100075399152223","https:\/\/www.instagram.com\/milbaza.lv\/","https:\/\/www.pinterest.com\/milbaza\/_saved\/","https:\/\/www.youtube.com\/channel\/UCrPXltd8hsNIiGAKc37hGfQ"]}]}},"_links":{"self":[{"href":"https:\/\/milbaza.lv\/en\/wp-json\/wp\/v2\/pages\/974","targetHints":{"allow":["GET"]}}],"collection":[{"href":"https:\/\/milbaza.lv\/en\/wp-json\/wp\/v2\/pages"}],"about":[{"href":"https:\/\/milbaza.lv\/en\/wp-json\/wp\/v2\/types\/page"}],"author":[{"embeddable":true,"href":"https:\/\/milbaza.lv\/en\/wp-json\/wp\/v2\/users\/1"}],"replies":[{"embeddable":true,"href":"https:\/\/milbaza.lv\/en\/wp-json\/wp\/v2\/comments?post=974"}],"version-history":[{"count":3,"href":"https:\/\/milbaza.lv\/en\/wp-json\/wp\/v2\/pages\/974\/revisions"}],"predecessor-version":[{"id":48064,"href":"https:\/\/milbaza.lv\/en\/wp-json\/wp\/v2\/pages\/974\/revisions\/48064"}],"wp:attachment":[{"href":"https:\/\/milbaza.lv\/en\/wp-json\/wp\/v2\/media?parent=974"}],"curies":[{"name":"wp","href":"https:\/\/api.w.org\/{rel}","templated":true}]}}