{"id":20901,"date":"2022-09-30T20:05:17","date_gmt":"2022-11-19T09:10:34","guid":{"rendered":"https:\/\/milbaza.lv\/?post_type=product&#038;p=20901"},"modified":"2022-11-19T11:10:34","modified_gmt":"2022-11-19T09:10:34","slug":"mil-tec-micro-lightsticks-10-piec","status":"publish","type":"product","link":"https:\/\/milbaza.lv\/en\/produkts\/mil-tec-micro-lightsticks-10-piec\/","title":{"rendered":"MIL-TEC MICRO LIGHTSTICKS (10 PIE.)"},"content":{"rendered":"<div>Diametrs: 6mm<\/div>\n<div>Garums: 5cm<\/div>\n<div>Apgaismojuma periods: apm. 1-3 Std.<\/div>\n<div>Sast\u0101vs: 10 gab<\/div>\n<div>Sa\u0161\u0137irotas 5 kr\u0101sas: sarkana, dzeltena, oran\u017ea, zila, za\u013ca<\/div>\n<div><\/div>\n<div>Gaismas spie\u0137i ir gaismas avots, kas darbojas bez elektr\u012bbas.<\/div>\n<div>Spilgtums tiks aktiviz\u0113ts, nospie\u017eot n\u016bju (t\u0101p\u0113c to sauc ar\u012b par snap light).<\/div>\n<div>Gaismas spie\u0137a lietojam\u012bba ir gandr\u012bz neierobe\u017eota. Tas darbojas pat zem \u016bdens.<\/div>\n","protected":false},"excerpt":{"rendered":"<p>Diametrs: 6mm Garums: 5cm Apgaismojuma periods: apm. 1-3 Std. Sast\u0101vs: 10 gab Sa\u0161\u0137irotas 5 kr\u0101sas: sarkana, dzeltena, oran\u017ea, zila, za\u013ca Gaismas spie\u0137i ir gaismas avots, kas darbojas bez elektr\u012bbas. Spilgtums tiks aktiviz\u0113ts, nospie\u017eot n\u016bju (t\u0101p\u0113c to sauc ar\u012b par snap light). Gaismas spie\u0137a lietojam\u012bba ir gandr\u012bz neierobe\u017eota. Tas darbojas pat zem \u016bdens.<\/p>\n","protected":false},"featured_media":20899,"comment_status":"open","ping_status":"closed","template":"","meta":{"_acf_changed":false},"product_brand":[],"product_cat":[203,129],"product_tag":[],"class_list":{"0":"post-20901","1":"product","2":"type-product","3":"status-publish","4":"has-post-thumbnail","6":"product_cat-accessories-en-2","7":"product_cat-camping","9":"first","10":"instock","11":"taxable","12":"shipping-taxable","13":"purchasable","14":"product-type-simple"},"acf":[],"yoast_head":"<!-- This site is optimized with the Yoast SEO plugin v26.7 - https:\/\/yoast.com\/wordpress\/plugins\/seo\/ -->\n<title>MIL-TEC MICRO LIGHTSTICKS (10 PIE.) - MILBAZA \u2013 Outdoor | Tactical | Adventure<\/title>\n<meta name=\"description\" content=\"Buy MIL-TEC MICRO LIGHTSTICKS (10 PIE.) get the best price and worldwide delivery. Order online 24\/7 at Milbaza - tourism goods store!\" \/>\n<meta name=\"robots\" content=\"index, follow, max-snippet:-1, max-image-preview:large, max-video-preview:-1\" \/>\n<link rel=\"canonical\" href=\"https:\/\/milbaza.lv\/en\/produkts\/mil-tec-micro-lightsticks-10-piec\/\" \/>\n<meta property=\"og:locale\" content=\"en_US\" \/>\n<meta property=\"og:type\" content=\"article\" \/>\n<meta property=\"og:title\" content=\"MIL-TEC MICRO LIGHTSTICKS (10 PIE.) - MILBAZA \u2013 Outdoor | Tactical | Adventure\" \/>\n<meta property=\"og:description\" content=\"Buy MIL-TEC MICRO LIGHTSTICKS (10 PIE.) get the best price and worldwide delivery. Order online 24\/7 at Milbaza - tourism goods store!\" \/>\n<meta property=\"og:url\" content=\"https:\/\/milbaza.lv\/en\/produkts\/mil-tec-micro-lightsticks-10-piec\/\" \/>\n<meta property=\"og:site_name\" content=\"MILBAZA \u2013 Outdoor | Tactical | Adventure\" \/>\n<meta property=\"article:publisher\" content=\"https:\/\/www.facebook.com\/profile.php?id=100075399152223\" \/>\n<meta property=\"og:image\" content=\"https:\/\/milbaza.lv\/wp-content\/uploads\/2022\/09\/14931000.jpg\" \/>\n\t<meta property=\"og:image:width\" content=\"500\" \/>\n\t<meta property=\"og:image:height\" content=\"500\" \/>\n\t<meta property=\"og:image:type\" content=\"image\/jpeg\" \/>\n<meta name=\"twitter:card\" content=\"summary_large_image\" \/>\n<script type=\"application\/ld+json\" class=\"yoast-schema-graph\">{\"@context\":\"https:\/\/schema.org\",\"@graph\":[{\"@type\":\"WebPage\",\"@id\":\"https:\/\/milbaza.lv\/en\/produkts\/mil-tec-micro-lightsticks-10-piec\/\",\"url\":\"https:\/\/milbaza.lv\/en\/produkts\/mil-tec-micro-lightsticks-10-piec\/\",\"name\":\"MIL-TEC MICRO LIGHTSTICKS (10 PIE.) - MILBAZA \u2013 Outdoor | Tactical | Adventure\",\"isPartOf\":{\"@id\":\"https:\/\/milbaza.lv\/en\/#website\"},\"primaryImageOfPage\":{\"@id\":\"https:\/\/milbaza.lv\/en\/produkts\/mil-tec-micro-lightsticks-10-piec\/#primaryimage\"},\"image\":{\"@id\":\"https:\/\/milbaza.lv\/en\/produkts\/mil-tec-micro-lightsticks-10-piec\/#primaryimage\"},\"thumbnailUrl\":\"https:\/\/milbaza.lv\/wp-content\/uploads\/2022\/09\/14931000.jpg\",\"datePublished\":\"2022-11-19T09:10:34+00:00\",\"description\":\"Buy MIL-TEC MICRO LIGHTSTICKS (10 PIE.) get the best price and worldwide delivery. Order online 24\/7 at Milbaza - tourism goods store!\",\"breadcrumb\":{\"@id\":\"https:\/\/milbaza.lv\/en\/produkts\/mil-tec-micro-lightsticks-10-piec\/#breadcrumb\"},\"inLanguage\":\"en-US\",\"potentialAction\":[{\"@type\":\"ReadAction\",\"target\":[\"https:\/\/milbaza.lv\/en\/produkts\/mil-tec-micro-lightsticks-10-piec\/\"]}]},{\"@type\":\"ImageObject\",\"inLanguage\":\"en-US\",\"@id\":\"https:\/\/milbaza.lv\/en\/produkts\/mil-tec-micro-lightsticks-10-piec\/#primaryimage\",\"url\":\"https:\/\/milbaza.lv\/wp-content\/uploads\/2022\/09\/14931000.jpg\",\"contentUrl\":\"https:\/\/milbaza.lv\/wp-content\/uploads\/2022\/09\/14931000.jpg\",\"width\":500,\"height\":500},{\"@type\":\"BreadcrumbList\",\"@id\":\"https:\/\/milbaza.lv\/en\/produkts\/mil-tec-micro-lightsticks-10-piec\/#breadcrumb\",\"itemListElement\":[{\"@type\":\"ListItem\",\"position\":1,\"name\":\"Home\",\"item\":\"https:\/\/milbaza.lv\/en\/\"},{\"@type\":\"ListItem\",\"position\":2,\"name\":\"Shop\",\"item\":\"https:\/\/milbaza.lv\/en\/shop\/\"},{\"@type\":\"ListItem\",\"position\":3,\"name\":\"MIL-TEC MICRO LIGHTSTICKS (10 PIE.)\"}]},{\"@type\":\"WebSite\",\"@id\":\"https:\/\/milbaza.lv\/en\/#website\",\"url\":\"https:\/\/milbaza.lv\/en\/\",\"name\":\"MILBAZA \u2013 viss akt\u012bvai atp\u016btai\",\"description\":\"Outdoor | Tactical | Adventure\",\"publisher\":{\"@id\":\"https:\/\/milbaza.lv\/en\/#organization\"},\"potentialAction\":[{\"@type\":\"SearchAction\",\"target\":{\"@type\":\"EntryPoint\",\"urlTemplate\":\"https:\/\/milbaza.lv\/en\/?s={search_term_string}\"},\"query-input\":{\"@type\":\"PropertyValueSpecification\",\"valueRequired\":true,\"valueName\":\"search_term_string\"}}],\"inLanguage\":\"en-US\"},{\"@type\":\"Organization\",\"@id\":\"https:\/\/milbaza.lv\/en\/#organization\",\"name\":\"Milbaza\",\"url\":\"https:\/\/milbaza.lv\/en\/\",\"logo\":{\"@type\":\"ImageObject\",\"inLanguage\":\"en-US\",\"@id\":\"https:\/\/milbaza.lv\/en\/#\/schema\/logo\/image\/\",\"url\":\"https:\/\/milbaza.lv\/wp-content\/uploads\/2021\/11\/Mil_BAZA_logo3.png\",\"contentUrl\":\"https:\/\/milbaza.lv\/wp-content\/uploads\/2021\/11\/Mil_BAZA_logo3.png\",\"width\":564,\"height\":226,\"caption\":\"Milbaza\"},\"image\":{\"@id\":\"https:\/\/milbaza.lv\/en\/#\/schema\/logo\/image\/\"},\"sameAs\":[\"https:\/\/www.facebook.com\/profile.php?id=100075399152223\",\"https:\/\/www.instagram.com\/milbaza.lv\/\",\"https:\/\/www.pinterest.com\/milbaza\/_saved\/\",\"https:\/\/www.youtube.com\/channel\/UCrPXltd8hsNIiGAKc37hGfQ\"]}]}<\/script>\n<!-- \/ Yoast SEO plugin. -->","yoast_head_json":{"title":"MIL-TEC MICRO LIGHTSTICKS (10 PIE.) - MILBAZA \u2013 Outdoor | Tactical | Adventure","description":"Buy MIL-TEC MICRO LIGHTSTICKS (10 PIE.) get the best price and worldwide delivery. Order online 24\/7 at Milbaza - tourism goods store!","robots":{"index":"index","follow":"follow","max-snippet":"max-snippet:-1","max-image-preview":"max-image-preview:large","max-video-preview":"max-video-preview:-1"},"canonical":"https:\/\/milbaza.lv\/en\/produkts\/mil-tec-micro-lightsticks-10-piec\/","og_locale":"en_US","og_type":"article","og_title":"MIL-TEC MICRO LIGHTSTICKS (10 PIE.) - MILBAZA \u2013 Outdoor | Tactical | Adventure","og_description":"Buy MIL-TEC MICRO LIGHTSTICKS (10 PIE.) get the best price and worldwide delivery. Order online 24\/7 at Milbaza - tourism goods store!","og_url":"https:\/\/milbaza.lv\/en\/produkts\/mil-tec-micro-lightsticks-10-piec\/","og_site_name":"MILBAZA \u2013 Outdoor | Tactical | Adventure","article_publisher":"https:\/\/www.facebook.com\/profile.php?id=100075399152223","og_image":[{"width":500,"height":500,"url":"https:\/\/milbaza.lv\/wp-content\/uploads\/2022\/09\/14931000.jpg","type":"image\/jpeg"}],"twitter_card":"summary_large_image","schema":{"@context":"https:\/\/schema.org","@graph":[{"@type":"WebPage","@id":"https:\/\/milbaza.lv\/en\/produkts\/mil-tec-micro-lightsticks-10-piec\/","url":"https:\/\/milbaza.lv\/en\/produkts\/mil-tec-micro-lightsticks-10-piec\/","name":"MIL-TEC MICRO LIGHTSTICKS (10 PIE.) - MILBAZA \u2013 Outdoor | Tactical | Adventure","isPartOf":{"@id":"https:\/\/milbaza.lv\/en\/#website"},"primaryImageOfPage":{"@id":"https:\/\/milbaza.lv\/en\/produkts\/mil-tec-micro-lightsticks-10-piec\/#primaryimage"},"image":{"@id":"https:\/\/milbaza.lv\/en\/produkts\/mil-tec-micro-lightsticks-10-piec\/#primaryimage"},"thumbnailUrl":"https:\/\/milbaza.lv\/wp-content\/uploads\/2022\/09\/14931000.jpg","datePublished":"2022-11-19T09:10:34+00:00","description":"Buy MIL-TEC MICRO LIGHTSTICKS (10 PIE.) get the best price and worldwide delivery. Order online 24\/7 at Milbaza - tourism goods store!","breadcrumb":{"@id":"https:\/\/milbaza.lv\/en\/produkts\/mil-tec-micro-lightsticks-10-piec\/#breadcrumb"},"inLanguage":"en-US","potentialAction":[{"@type":"ReadAction","target":["https:\/\/milbaza.lv\/en\/produkts\/mil-tec-micro-lightsticks-10-piec\/"]}]},{"@type":"ImageObject","inLanguage":"en-US","@id":"https:\/\/milbaza.lv\/en\/produkts\/mil-tec-micro-lightsticks-10-piec\/#primaryimage","url":"https:\/\/milbaza.lv\/wp-content\/uploads\/2022\/09\/14931000.jpg","contentUrl":"https:\/\/milbaza.lv\/wp-content\/uploads\/2022\/09\/14931000.jpg","width":500,"height":500},{"@type":"BreadcrumbList","@id":"https:\/\/milbaza.lv\/en\/produkts\/mil-tec-micro-lightsticks-10-piec\/#breadcrumb","itemListElement":[{"@type":"ListItem","position":1,"name":"Home","item":"https:\/\/milbaza.lv\/en\/"},{"@type":"ListItem","position":2,"name":"Shop","item":"https:\/\/milbaza.lv\/en\/shop\/"},{"@type":"ListItem","position":3,"name":"MIL-TEC MICRO LIGHTSTICKS (10 PIE.)"}]},{"@type":"WebSite","@id":"https:\/\/milbaza.lv\/en\/#website","url":"https:\/\/milbaza.lv\/en\/","name":"MILBAZA \u2013 viss akt\u012bvai atp\u016btai","description":"Outdoor | Tactical | Adventure","publisher":{"@id":"https:\/\/milbaza.lv\/en\/#organization"},"potentialAction":[{"@type":"SearchAction","target":{"@type":"EntryPoint","urlTemplate":"https:\/\/milbaza.lv\/en\/?s={search_term_string}"},"query-input":{"@type":"PropertyValueSpecification","valueRequired":true,"valueName":"search_term_string"}}],"inLanguage":"en-US"},{"@type":"Organization","@id":"https:\/\/milbaza.lv\/en\/#organization","name":"Milbaza","url":"https:\/\/milbaza.lv\/en\/","logo":{"@type":"ImageObject","inLanguage":"en-US","@id":"https:\/\/milbaza.lv\/en\/#\/schema\/logo\/image\/","url":"https:\/\/milbaza.lv\/wp-content\/uploads\/2021\/11\/Mil_BAZA_logo3.png","contentUrl":"https:\/\/milbaza.lv\/wp-content\/uploads\/2021\/11\/Mil_BAZA_logo3.png","width":564,"height":226,"caption":"Milbaza"},"image":{"@id":"https:\/\/milbaza.lv\/en\/#\/schema\/logo\/image\/"},"sameAs":["https:\/\/www.facebook.com\/profile.php?id=100075399152223","https:\/\/www.instagram.com\/milbaza.lv\/","https:\/\/www.pinterest.com\/milbaza\/_saved\/","https:\/\/www.youtube.com\/channel\/UCrPXltd8hsNIiGAKc37hGfQ"]}]}},"_links":{"self":[{"href":"https:\/\/milbaza.lv\/en\/wp-json\/wp\/v2\/product\/20901","targetHints":{"allow":["GET"]}}],"collection":[{"href":"https:\/\/milbaza.lv\/en\/wp-json\/wp\/v2\/product"}],"about":[{"href":"https:\/\/milbaza.lv\/en\/wp-json\/wp\/v2\/types\/product"}],"replies":[{"embeddable":true,"href":"https:\/\/milbaza.lv\/en\/wp-json\/wp\/v2\/comments?post=20901"}],"wp:featuredmedia":[{"embeddable":true,"href":"https:\/\/milbaza.lv\/en\/wp-json\/wp\/v2\/media\/20899"}],"wp:attachment":[{"href":"https:\/\/milbaza.lv\/en\/wp-json\/wp\/v2\/media?parent=20901"}],"wp:term":[{"taxonomy":"product_brand","embeddable":true,"href":"https:\/\/milbaza.lv\/en\/wp-json\/wp\/v2\/product_brand?post=20901"},{"taxonomy":"product_cat","embeddable":true,"href":"https:\/\/milbaza.lv\/en\/wp-json\/wp\/v2\/product_cat?post=20901"},{"taxonomy":"product_tag","embeddable":true,"href":"https:\/\/milbaza.lv\/en\/wp-json\/wp\/v2\/product_tag?post=20901"}],"curies":[{"name":"wp","href":"https:\/\/api.w.org\/{rel}","templated":true}]}}