{"id":21510,"date":"2022-10-11T21:28:11","date_gmt":"2022-10-11T18:28:11","guid":{"rendered":"https:\/\/milbaza.lv\/?post_type=product&#038;p=21510"},"modified":"2026-05-06T11:06:41","modified_gmt":"2026-05-06T08:06:41","slug":"mfh-kabatas-nazu-galda-piederumu-komplekts-6-viena-sarkans-dalams","status":"publish","type":"product","link":"https:\/\/milbaza.lv\/en\/produkts\/mfh-kabatas-nazu-galda-piederumu-komplekts-6-viena-sarkans-dalams\/","title":{"rendered":"MFH Kabatas na\u017eu galda piederumu komplekts 6 vien\u0101, sarkans dal\u0101ms"},"content":{"rendered":"<p>complete cutlery<br \/>\nKnife<br \/>\nfork<br \/>\nSpoon<br \/>\nBottle and can opener<br \/>\nGrooving\/Bohrahle, corkscrew<br \/>\ncan be disassembled into 2 parts for use<br \/>\nstructured aluminum handle shells<br \/>\nRetaining ring at the end of the handle<br \/>\nOverall length: approx. 19.5 cm<br \/>\nLength folded: approx. 11.5 cm<br \/>\nWeight: approx. 120 g<\/p>\n","protected":false},"excerpt":{"rendered":"<p>complete cutlery Knife fork Spoon Bottle and can opener Grooving\/Bohrahle, corkscrew can be disassembled into 2 parts for use structured aluminum handle shells Retaining ring at the end of the handle Overall length: approx. 19.5 cm Length folded: approx. 11.5 cm Weight: approx. 120 g<\/p>\n","protected":false},"featured_media":21511,"comment_status":"closed","ping_status":"closed","template":"","meta":{"_acf_changed":false},"product_brand":[],"product_cat":[204],"product_tag":[],"class_list":{"0":"post-21510","1":"product","2":"type-product","3":"status-publish","4":"has-post-thumbnail","6":"product_cat-eating-utensils","7":"pa_ean-683","9":"first","10":"outofstock","11":"taxable","12":"shipping-taxable","13":"purchasable","14":"product-type-simple"},"acf":[],"yoast_head":"<!-- This site is optimized with the Yoast SEO plugin v27.4 - https:\/\/yoast.com\/product\/yoast-seo-wordpress\/ -->\n<title>MFH Kabatas na\u017eu galda piederumu komplekts 6 vien\u0101, sarkans dal\u0101ms - MILBAZA \u2013 Outdoor | Tactical | Adventure<\/title>\n<meta name=\"robots\" content=\"index, follow, max-snippet:-1, max-image-preview:large, max-video-preview:-1\" \/>\n<link rel=\"canonical\" href=\"https:\/\/milbaza.lv\/en\/produkts\/mfh-kabatas-nazu-galda-piederumu-komplekts-6-viena-sarkans-dalams\/\" \/>\n<meta property=\"og:locale\" content=\"en_US\" \/>\n<meta property=\"og:type\" content=\"article\" \/>\n<meta property=\"og:title\" content=\"MFH Kabatas na\u017eu galda piederumu komplekts 6 vien\u0101, sarkans dal\u0101ms - MILBAZA \u2013 Outdoor | Tactical | Adventure\" \/>\n<meta property=\"og:description\" content=\"complete cutlery Knife fork Spoon Bottle and can opener Grooving\/Bohrahle, corkscrew can be disassembled into 2 parts for use structured aluminum handle shells Retaining ring at the end of the handle Overall length: approx. 19.5 cm Length folded: approx. 11.5 cm Weight: approx. 120 g\" \/>\n<meta property=\"og:url\" content=\"https:\/\/milbaza.lv\/en\/produkts\/mfh-kabatas-nazu-galda-piederumu-komplekts-6-viena-sarkans-dalams\/\" \/>\n<meta property=\"og:site_name\" content=\"MILBAZA \u2013 Outdoor | Tactical | Adventure\" \/>\n<meta property=\"article:publisher\" content=\"https:\/\/www.facebook.com\/profile.php?id=100075399152223\" \/>\n<meta property=\"article:modified_time\" content=\"2026-05-06T08:06:41+00:00\" \/>\n<meta property=\"og:image\" content=\"https:\/\/milbaza.lv\/wp-content\/uploads\/2022\/10\/44051.jpg\" \/>\n\t<meta property=\"og:image:width\" content=\"1200\" \/>\n\t<meta property=\"og:image:height\" content=\"1200\" \/>\n\t<meta property=\"og:image:type\" content=\"image\/jpeg\" \/>\n<meta name=\"twitter:card\" content=\"summary_large_image\" \/>\n<script type=\"application\/ld+json\" class=\"yoast-schema-graph\">{\"@context\":\"https:\\\/\\\/schema.org\",\"@graph\":[{\"@type\":\"WebPage\",\"@id\":\"https:\\\/\\\/milbaza.lv\\\/en\\\/produkts\\\/mfh-kabatas-nazu-galda-piederumu-komplekts-6-viena-sarkans-dalams\\\/\",\"url\":\"https:\\\/\\\/milbaza.lv\\\/en\\\/produkts\\\/mfh-kabatas-nazu-galda-piederumu-komplekts-6-viena-sarkans-dalams\\\/\",\"name\":\"MFH Kabatas na\u017eu galda piederumu komplekts 6 vien\u0101, sarkans dal\u0101ms - MILBAZA \u2013 Outdoor | Tactical | Adventure\",\"isPartOf\":{\"@id\":\"https:\\\/\\\/milbaza.lv\\\/en\\\/#website\"},\"primaryImageOfPage\":{\"@id\":\"https:\\\/\\\/milbaza.lv\\\/en\\\/produkts\\\/mfh-kabatas-nazu-galda-piederumu-komplekts-6-viena-sarkans-dalams\\\/#primaryimage\"},\"image\":{\"@id\":\"https:\\\/\\\/milbaza.lv\\\/en\\\/produkts\\\/mfh-kabatas-nazu-galda-piederumu-komplekts-6-viena-sarkans-dalams\\\/#primaryimage\"},\"thumbnailUrl\":\"https:\\\/\\\/milbaza.lv\\\/wp-content\\\/uploads\\\/2022\\\/10\\\/44051.jpg\",\"datePublished\":\"2022-10-11T18:28:11+00:00\",\"dateModified\":\"2026-05-06T08:06:41+00:00\",\"breadcrumb\":{\"@id\":\"https:\\\/\\\/milbaza.lv\\\/en\\\/produkts\\\/mfh-kabatas-nazu-galda-piederumu-komplekts-6-viena-sarkans-dalams\\\/#breadcrumb\"},\"inLanguage\":\"en-US\",\"potentialAction\":[{\"@type\":\"ReadAction\",\"target\":[\"https:\\\/\\\/milbaza.lv\\\/en\\\/produkts\\\/mfh-kabatas-nazu-galda-piederumu-komplekts-6-viena-sarkans-dalams\\\/\"]}]},{\"@type\":\"ImageObject\",\"inLanguage\":\"en-US\",\"@id\":\"https:\\\/\\\/milbaza.lv\\\/en\\\/produkts\\\/mfh-kabatas-nazu-galda-piederumu-komplekts-6-viena-sarkans-dalams\\\/#primaryimage\",\"url\":\"https:\\\/\\\/milbaza.lv\\\/wp-content\\\/uploads\\\/2022\\\/10\\\/44051.jpg\",\"contentUrl\":\"https:\\\/\\\/milbaza.lv\\\/wp-content\\\/uploads\\\/2022\\\/10\\\/44051.jpg\",\"width\":1200,\"height\":1200},{\"@type\":\"BreadcrumbList\",\"@id\":\"https:\\\/\\\/milbaza.lv\\\/en\\\/produkts\\\/mfh-kabatas-nazu-galda-piederumu-komplekts-6-viena-sarkans-dalams\\\/#breadcrumb\",\"itemListElement\":[{\"@type\":\"ListItem\",\"position\":1,\"name\":\"Home\",\"item\":\"https:\\\/\\\/milbaza.lv\\\/en\\\/\"},{\"@type\":\"ListItem\",\"position\":2,\"name\":\"Shop\",\"item\":\"https:\\\/\\\/milbaza.lv\\\/en\\\/shop\\\/\"},{\"@type\":\"ListItem\",\"position\":3,\"name\":\"MFH Kabatas na\u017eu galda piederumu komplekts 6 vien\u0101, sarkans dal\u0101ms\"}]},{\"@type\":\"WebSite\",\"@id\":\"https:\\\/\\\/milbaza.lv\\\/en\\\/#website\",\"url\":\"https:\\\/\\\/milbaza.lv\\\/en\\\/\",\"name\":\"MILBAZA \u2013 viss akt\u012bvai atp\u016btai\",\"description\":\"Outdoor | Tactical | Adventure\",\"publisher\":{\"@id\":\"https:\\\/\\\/milbaza.lv\\\/en\\\/#organization\"},\"potentialAction\":[{\"@type\":\"SearchAction\",\"target\":{\"@type\":\"EntryPoint\",\"urlTemplate\":\"https:\\\/\\\/milbaza.lv\\\/en\\\/?s={search_term_string}\"},\"query-input\":{\"@type\":\"PropertyValueSpecification\",\"valueRequired\":true,\"valueName\":\"search_term_string\"}}],\"inLanguage\":\"en-US\"},{\"@type\":\"Organization\",\"@id\":\"https:\\\/\\\/milbaza.lv\\\/en\\\/#organization\",\"name\":\"Milbaza\",\"url\":\"https:\\\/\\\/milbaza.lv\\\/en\\\/\",\"logo\":{\"@type\":\"ImageObject\",\"inLanguage\":\"en-US\",\"@id\":\"https:\\\/\\\/milbaza.lv\\\/en\\\/#\\\/schema\\\/logo\\\/image\\\/\",\"url\":\"https:\\\/\\\/milbaza.lv\\\/wp-content\\\/uploads\\\/2021\\\/11\\\/Mil_BAZA_logo3.png\",\"contentUrl\":\"https:\\\/\\\/milbaza.lv\\\/wp-content\\\/uploads\\\/2021\\\/11\\\/Mil_BAZA_logo3.png\",\"width\":564,\"height\":226,\"caption\":\"Milbaza\"},\"image\":{\"@id\":\"https:\\\/\\\/milbaza.lv\\\/en\\\/#\\\/schema\\\/logo\\\/image\\\/\"},\"sameAs\":[\"https:\\\/\\\/www.facebook.com\\\/profile.php?id=100075399152223\",\"https:\\\/\\\/www.instagram.com\\\/milbaza.lv\\\/\",\"https:\\\/\\\/www.pinterest.com\\\/milbaza\\\/_saved\\\/\",\"https:\\\/\\\/www.youtube.com\\\/channel\\\/UCrPXltd8hsNIiGAKc37hGfQ\"]}]}<\/script>\n<!-- \/ Yoast SEO plugin. -->","yoast_head_json":{"title":"MFH Kabatas na\u017eu galda piederumu komplekts 6 vien\u0101, sarkans dal\u0101ms - MILBAZA \u2013 Outdoor | Tactical | Adventure","robots":{"index":"index","follow":"follow","max-snippet":"max-snippet:-1","max-image-preview":"max-image-preview:large","max-video-preview":"max-video-preview:-1"},"canonical":"https:\/\/milbaza.lv\/en\/produkts\/mfh-kabatas-nazu-galda-piederumu-komplekts-6-viena-sarkans-dalams\/","og_locale":"en_US","og_type":"article","og_title":"MFH Kabatas na\u017eu galda piederumu komplekts 6 vien\u0101, sarkans dal\u0101ms - MILBAZA \u2013 Outdoor | Tactical | Adventure","og_description":"complete cutlery Knife fork Spoon Bottle and can opener Grooving\/Bohrahle, corkscrew can be disassembled into 2 parts for use structured aluminum handle shells Retaining ring at the end of the handle Overall length: approx. 19.5 cm Length folded: approx. 11.5 cm Weight: approx. 120 g","og_url":"https:\/\/milbaza.lv\/en\/produkts\/mfh-kabatas-nazu-galda-piederumu-komplekts-6-viena-sarkans-dalams\/","og_site_name":"MILBAZA \u2013 Outdoor | Tactical | Adventure","article_publisher":"https:\/\/www.facebook.com\/profile.php?id=100075399152223","article_modified_time":"2026-05-06T08:06:41+00:00","og_image":[{"width":1200,"height":1200,"url":"https:\/\/milbaza.lv\/wp-content\/uploads\/2022\/10\/44051.jpg","type":"image\/jpeg"}],"twitter_card":"summary_large_image","schema":{"@context":"https:\/\/schema.org","@graph":[{"@type":"WebPage","@id":"https:\/\/milbaza.lv\/en\/produkts\/mfh-kabatas-nazu-galda-piederumu-komplekts-6-viena-sarkans-dalams\/","url":"https:\/\/milbaza.lv\/en\/produkts\/mfh-kabatas-nazu-galda-piederumu-komplekts-6-viena-sarkans-dalams\/","name":"MFH Kabatas na\u017eu galda piederumu komplekts 6 vien\u0101, sarkans dal\u0101ms - MILBAZA \u2013 Outdoor | Tactical | Adventure","isPartOf":{"@id":"https:\/\/milbaza.lv\/en\/#website"},"primaryImageOfPage":{"@id":"https:\/\/milbaza.lv\/en\/produkts\/mfh-kabatas-nazu-galda-piederumu-komplekts-6-viena-sarkans-dalams\/#primaryimage"},"image":{"@id":"https:\/\/milbaza.lv\/en\/produkts\/mfh-kabatas-nazu-galda-piederumu-komplekts-6-viena-sarkans-dalams\/#primaryimage"},"thumbnailUrl":"https:\/\/milbaza.lv\/wp-content\/uploads\/2022\/10\/44051.jpg","datePublished":"2022-10-11T18:28:11+00:00","dateModified":"2026-05-06T08:06:41+00:00","breadcrumb":{"@id":"https:\/\/milbaza.lv\/en\/produkts\/mfh-kabatas-nazu-galda-piederumu-komplekts-6-viena-sarkans-dalams\/#breadcrumb"},"inLanguage":"en-US","potentialAction":[{"@type":"ReadAction","target":["https:\/\/milbaza.lv\/en\/produkts\/mfh-kabatas-nazu-galda-piederumu-komplekts-6-viena-sarkans-dalams\/"]}]},{"@type":"ImageObject","inLanguage":"en-US","@id":"https:\/\/milbaza.lv\/en\/produkts\/mfh-kabatas-nazu-galda-piederumu-komplekts-6-viena-sarkans-dalams\/#primaryimage","url":"https:\/\/milbaza.lv\/wp-content\/uploads\/2022\/10\/44051.jpg","contentUrl":"https:\/\/milbaza.lv\/wp-content\/uploads\/2022\/10\/44051.jpg","width":1200,"height":1200},{"@type":"BreadcrumbList","@id":"https:\/\/milbaza.lv\/en\/produkts\/mfh-kabatas-nazu-galda-piederumu-komplekts-6-viena-sarkans-dalams\/#breadcrumb","itemListElement":[{"@type":"ListItem","position":1,"name":"Home","item":"https:\/\/milbaza.lv\/en\/"},{"@type":"ListItem","position":2,"name":"Shop","item":"https:\/\/milbaza.lv\/en\/shop\/"},{"@type":"ListItem","position":3,"name":"MFH Kabatas na\u017eu galda piederumu komplekts 6 vien\u0101, sarkans dal\u0101ms"}]},{"@type":"WebSite","@id":"https:\/\/milbaza.lv\/en\/#website","url":"https:\/\/milbaza.lv\/en\/","name":"MILBAZA \u2013 viss akt\u012bvai atp\u016btai","description":"Outdoor | Tactical | Adventure","publisher":{"@id":"https:\/\/milbaza.lv\/en\/#organization"},"potentialAction":[{"@type":"SearchAction","target":{"@type":"EntryPoint","urlTemplate":"https:\/\/milbaza.lv\/en\/?s={search_term_string}"},"query-input":{"@type":"PropertyValueSpecification","valueRequired":true,"valueName":"search_term_string"}}],"inLanguage":"en-US"},{"@type":"Organization","@id":"https:\/\/milbaza.lv\/en\/#organization","name":"Milbaza","url":"https:\/\/milbaza.lv\/en\/","logo":{"@type":"ImageObject","inLanguage":"en-US","@id":"https:\/\/milbaza.lv\/en\/#\/schema\/logo\/image\/","url":"https:\/\/milbaza.lv\/wp-content\/uploads\/2021\/11\/Mil_BAZA_logo3.png","contentUrl":"https:\/\/milbaza.lv\/wp-content\/uploads\/2021\/11\/Mil_BAZA_logo3.png","width":564,"height":226,"caption":"Milbaza"},"image":{"@id":"https:\/\/milbaza.lv\/en\/#\/schema\/logo\/image\/"},"sameAs":["https:\/\/www.facebook.com\/profile.php?id=100075399152223","https:\/\/www.instagram.com\/milbaza.lv\/","https:\/\/www.pinterest.com\/milbaza\/_saved\/","https:\/\/www.youtube.com\/channel\/UCrPXltd8hsNIiGAKc37hGfQ"]}]}},"_links":{"self":[{"href":"https:\/\/milbaza.lv\/en\/wp-json\/wp\/v2\/product\/21510","targetHints":{"allow":["GET"]}}],"collection":[{"href":"https:\/\/milbaza.lv\/en\/wp-json\/wp\/v2\/product"}],"about":[{"href":"https:\/\/milbaza.lv\/en\/wp-json\/wp\/v2\/types\/product"}],"replies":[{"embeddable":true,"href":"https:\/\/milbaza.lv\/en\/wp-json\/wp\/v2\/comments?post=21510"}],"wp:featuredmedia":[{"embeddable":true,"href":"https:\/\/milbaza.lv\/en\/wp-json\/wp\/v2\/media\/21511"}],"wp:attachment":[{"href":"https:\/\/milbaza.lv\/en\/wp-json\/wp\/v2\/media?parent=21510"}],"wp:term":[{"taxonomy":"product_brand","embeddable":true,"href":"https:\/\/milbaza.lv\/en\/wp-json\/wp\/v2\/product_brand?post=21510"},{"taxonomy":"product_cat","embeddable":true,"href":"https:\/\/milbaza.lv\/en\/wp-json\/wp\/v2\/product_cat?post=21510"},{"taxonomy":"product_tag","embeddable":true,"href":"https:\/\/milbaza.lv\/en\/wp-json\/wp\/v2\/product_tag?post=21510"}],"curies":[{"name":"wp","href":"https:\/\/api.w.org\/{rel}","templated":true}]}}