{"id":30543,"date":"2023-04-13T22:29:39","date_gmt":"2023-04-13T19:29:39","guid":{"rendered":"https:\/\/milbaza.lv\/?post_type=product&#038;p=30543"},"modified":"2026-05-06T10:07:52","modified_gmt":"2026-05-06T07:07:52","slug":"helikon-tex-sbr-carrying-bag-shadow-grey","status":"publish","type":"product","link":"https:\/\/milbaza.lv\/en\/produkts\/helikon-tex-sbr-carrying-bag-shadow-grey\/","title":{"rendered":"HELIKON-TEX SBR CARRYING BAG\u00ae &#8211; SHADOW GREY"},"content":{"rendered":"<p>SBR Carrying Bag\u00ae is a soft case designed specifically to carry short-barrelled rifles. With a wide variety of loops, organizers and compartments it enables you to pack your gear efficiently and securely, so you&#8217;ll have all you may need by hand. It&#8217;ll fit rifles up to 10.5 inches with no need to disassemble any parts, rifles up to 16 inches dismounted to the upper and lower part, and rifles based on AK construction with a folding stock. The inside of the case is not only full of organizing capacity but also lined with a soft fabric, so the carried equipment can be safely transported. Moreover, you can easily store your spare magazines, eye and ear protection, and any other essentials in the outer pockets, which can be fully opened side to side. When carrying the SBR bag by the side handle, the shoulder straps can be hidden, so they won&#8217;t move around. Otherwise, you can use additional loops on the shoulder straps to attach carabiners or small pouches.<\/p>\n<p>Features:<br \/>\nCordura\u00ae 500D<br \/>\nWooJin\u00ae buckle<br \/>\nCompatible with Versatile Insert System\u00ae<br \/>\nInternal mounting system, preventing weapon movement<br \/>\nYKK\u00ae zippers<br \/>\nTwo external pockets<br \/>\nIt&#8217;ll fit rifles up to 10.5 inches with no need to disassemble any parts, rifles up to 16 inches dismounted to the upper and lower part, and rifles based on AK construction with a folding stock.<\/p>\n","protected":false},"excerpt":{"rendered":"<p>SBR Carrying Bag\u00ae is a soft case designed specifically to carry short-barrelled rifles. With a wide variety of loops, organizers and compartments it enables you to pack your gear efficiently and securely, so you&#8217;ll have all you may need by hand. It&#8217;ll fit rifles up to 10.5 inches with no need to disassemble any parts, [&#8230;]\n","protected":false},"featured_media":30544,"comment_status":"closed","ping_status":"closed","template":"","meta":{"_acf_changed":false},"product_brand":[],"product_cat":[131,186],"product_tag":[],"class_list":{"0":"post-30543","1":"product","2":"type-product","3":"status-publish","4":"has-post-thumbnail","6":"product_cat-backpacks","7":"product_cat-backpacks-en","9":"first","10":"outofstock","11":"taxable","12":"shipping-taxable","13":"purchasable","14":"product-type-simple"},"acf":[],"yoast_head":"<!-- This site is optimized with the Yoast SEO plugin v27.4 - https:\/\/yoast.com\/product\/yoast-seo-wordpress\/ -->\n<title>HELIKON-TEX SBR CARRYING BAG\u00ae - SHADOW GREY - MILBAZA \u2013 Outdoor | Tactical | Adventure<\/title>\n<meta name=\"description\" content=\"Nopirkt HELIKON-TEX SBR CARRYING BAG\u00ae - SHADOW GREY, izdev\u012bga cena un pieg\u0101de. T\u016brisma pre\u010du interneta veikals, pas\u016bt\u012bt online 24\/7!\" \/>\n<meta name=\"robots\" content=\"index, follow, max-snippet:-1, max-image-preview:large, max-video-preview:-1\" \/>\n<link rel=\"canonical\" href=\"https:\/\/milbaza.lv\/en\/produkts\/helikon-tex-sbr-carrying-bag-shadow-grey\/\" \/>\n<meta property=\"og:locale\" content=\"en_US\" \/>\n<meta property=\"og:type\" content=\"article\" \/>\n<meta property=\"og:title\" content=\"HELIKON-TEX SBR CARRYING BAG\u00ae - SHADOW GREY - MILBAZA \u2013 Outdoor | Tactical | Adventure\" \/>\n<meta property=\"og:description\" content=\"Nopirkt HELIKON-TEX SBR CARRYING BAG\u00ae - SHADOW GREY, izdev\u012bga cena un pieg\u0101de. T\u016brisma pre\u010du interneta veikals, pas\u016bt\u012bt online 24\/7!\" \/>\n<meta property=\"og:url\" content=\"https:\/\/milbaza.lv\/en\/produkts\/helikon-tex-sbr-carrying-bag-shadow-grey\/\" \/>\n<meta property=\"og:site_name\" content=\"MILBAZA \u2013 Outdoor | Tactical | Adventure\" \/>\n<meta property=\"article:publisher\" content=\"https:\/\/www.facebook.com\/profile.php?id=100075399152223\" \/>\n<meta property=\"article:modified_time\" content=\"2026-05-06T07:07:52+00:00\" \/>\n<meta property=\"og:image\" content=\"https:\/\/milbaza.lv\/wp-content\/uploads\/2023\/04\/eng_pl_Helikon-SBR-Carrying-Bag-R-Shadow-Grey-TB-SCB-CD-35-23564_1.jpg\" \/>\n\t<meta property=\"og:image:width\" content=\"1000\" \/>\n\t<meta property=\"og:image:height\" content=\"1000\" \/>\n\t<meta property=\"og:image:type\" content=\"image\/jpeg\" \/>\n<meta name=\"twitter:card\" content=\"summary_large_image\" \/>\n<meta name=\"twitter:label1\" content=\"Est. reading time\" \/>\n\t<meta name=\"twitter:data1\" content=\"1 minute\" \/>\n<script type=\"application\/ld+json\" class=\"yoast-schema-graph\">{\"@context\":\"https:\\\/\\\/schema.org\",\"@graph\":[{\"@type\":\"WebPage\",\"@id\":\"https:\\\/\\\/milbaza.lv\\\/en\\\/produkts\\\/helikon-tex-sbr-carrying-bag-shadow-grey\\\/\",\"url\":\"https:\\\/\\\/milbaza.lv\\\/en\\\/produkts\\\/helikon-tex-sbr-carrying-bag-shadow-grey\\\/\",\"name\":\"HELIKON-TEX SBR CARRYING BAG\u00ae - SHADOW GREY - MILBAZA \u2013 Outdoor | Tactical | Adventure\",\"isPartOf\":{\"@id\":\"https:\\\/\\\/milbaza.lv\\\/en\\\/#website\"},\"primaryImageOfPage\":{\"@id\":\"https:\\\/\\\/milbaza.lv\\\/en\\\/produkts\\\/helikon-tex-sbr-carrying-bag-shadow-grey\\\/#primaryimage\"},\"image\":{\"@id\":\"https:\\\/\\\/milbaza.lv\\\/en\\\/produkts\\\/helikon-tex-sbr-carrying-bag-shadow-grey\\\/#primaryimage\"},\"thumbnailUrl\":\"https:\\\/\\\/milbaza.lv\\\/wp-content\\\/uploads\\\/2023\\\/04\\\/eng_pl_Helikon-SBR-Carrying-Bag-R-Shadow-Grey-TB-SCB-CD-35-23564_1.jpg\",\"datePublished\":\"2023-04-13T19:29:39+00:00\",\"dateModified\":\"2026-05-06T07:07:52+00:00\",\"description\":\"Nopirkt HELIKON-TEX SBR CARRYING BAG\u00ae - SHADOW GREY, izdev\u012bga cena un pieg\u0101de. T\u016brisma pre\u010du interneta veikals, pas\u016bt\u012bt online 24\\\/7!\",\"breadcrumb\":{\"@id\":\"https:\\\/\\\/milbaza.lv\\\/en\\\/produkts\\\/helikon-tex-sbr-carrying-bag-shadow-grey\\\/#breadcrumb\"},\"inLanguage\":\"en-US\",\"potentialAction\":[{\"@type\":\"ReadAction\",\"target\":[\"https:\\\/\\\/milbaza.lv\\\/en\\\/produkts\\\/helikon-tex-sbr-carrying-bag-shadow-grey\\\/\"]}]},{\"@type\":\"ImageObject\",\"inLanguage\":\"en-US\",\"@id\":\"https:\\\/\\\/milbaza.lv\\\/en\\\/produkts\\\/helikon-tex-sbr-carrying-bag-shadow-grey\\\/#primaryimage\",\"url\":\"https:\\\/\\\/milbaza.lv\\\/wp-content\\\/uploads\\\/2023\\\/04\\\/eng_pl_Helikon-SBR-Carrying-Bag-R-Shadow-Grey-TB-SCB-CD-35-23564_1.jpg\",\"contentUrl\":\"https:\\\/\\\/milbaza.lv\\\/wp-content\\\/uploads\\\/2023\\\/04\\\/eng_pl_Helikon-SBR-Carrying-Bag-R-Shadow-Grey-TB-SCB-CD-35-23564_1.jpg\",\"width\":1000,\"height\":1000},{\"@type\":\"BreadcrumbList\",\"@id\":\"https:\\\/\\\/milbaza.lv\\\/en\\\/produkts\\\/helikon-tex-sbr-carrying-bag-shadow-grey\\\/#breadcrumb\",\"itemListElement\":[{\"@type\":\"ListItem\",\"position\":1,\"name\":\"Home\",\"item\":\"https:\\\/\\\/milbaza.lv\\\/en\\\/\"},{\"@type\":\"ListItem\",\"position\":2,\"name\":\"Shop\",\"item\":\"https:\\\/\\\/milbaza.lv\\\/en\\\/shop\\\/\"},{\"@type\":\"ListItem\",\"position\":3,\"name\":\"HELIKON-TEX SBR CARRYING BAG\u00ae &#8211; SHADOW GREY\"}]},{\"@type\":\"WebSite\",\"@id\":\"https:\\\/\\\/milbaza.lv\\\/en\\\/#website\",\"url\":\"https:\\\/\\\/milbaza.lv\\\/en\\\/\",\"name\":\"MILBAZA \u2013 viss akt\u012bvai atp\u016btai\",\"description\":\"Outdoor | Tactical | Adventure\",\"publisher\":{\"@id\":\"https:\\\/\\\/milbaza.lv\\\/en\\\/#organization\"},\"potentialAction\":[{\"@type\":\"SearchAction\",\"target\":{\"@type\":\"EntryPoint\",\"urlTemplate\":\"https:\\\/\\\/milbaza.lv\\\/en\\\/?s={search_term_string}\"},\"query-input\":{\"@type\":\"PropertyValueSpecification\",\"valueRequired\":true,\"valueName\":\"search_term_string\"}}],\"inLanguage\":\"en-US\"},{\"@type\":\"Organization\",\"@id\":\"https:\\\/\\\/milbaza.lv\\\/en\\\/#organization\",\"name\":\"Milbaza\",\"url\":\"https:\\\/\\\/milbaza.lv\\\/en\\\/\",\"logo\":{\"@type\":\"ImageObject\",\"inLanguage\":\"en-US\",\"@id\":\"https:\\\/\\\/milbaza.lv\\\/en\\\/#\\\/schema\\\/logo\\\/image\\\/\",\"url\":\"https:\\\/\\\/milbaza.lv\\\/wp-content\\\/uploads\\\/2021\\\/11\\\/Mil_BAZA_logo3.png\",\"contentUrl\":\"https:\\\/\\\/milbaza.lv\\\/wp-content\\\/uploads\\\/2021\\\/11\\\/Mil_BAZA_logo3.png\",\"width\":564,\"height\":226,\"caption\":\"Milbaza\"},\"image\":{\"@id\":\"https:\\\/\\\/milbaza.lv\\\/en\\\/#\\\/schema\\\/logo\\\/image\\\/\"},\"sameAs\":[\"https:\\\/\\\/www.facebook.com\\\/profile.php?id=100075399152223\",\"https:\\\/\\\/www.instagram.com\\\/milbaza.lv\\\/\",\"https:\\\/\\\/www.pinterest.com\\\/milbaza\\\/_saved\\\/\",\"https:\\\/\\\/www.youtube.com\\\/channel\\\/UCrPXltd8hsNIiGAKc37hGfQ\"]}]}<\/script>\n<!-- \/ Yoast SEO plugin. -->","yoast_head_json":{"title":"HELIKON-TEX SBR CARRYING BAG\u00ae - SHADOW GREY - MILBAZA \u2013 Outdoor | Tactical | Adventure","description":"Nopirkt HELIKON-TEX SBR CARRYING BAG\u00ae - SHADOW GREY, izdev\u012bga cena un pieg\u0101de. T\u016brisma pre\u010du interneta veikals, pas\u016bt\u012bt online 24\/7!","robots":{"index":"index","follow":"follow","max-snippet":"max-snippet:-1","max-image-preview":"max-image-preview:large","max-video-preview":"max-video-preview:-1"},"canonical":"https:\/\/milbaza.lv\/en\/produkts\/helikon-tex-sbr-carrying-bag-shadow-grey\/","og_locale":"en_US","og_type":"article","og_title":"HELIKON-TEX SBR CARRYING BAG\u00ae - SHADOW GREY - MILBAZA \u2013 Outdoor | Tactical | Adventure","og_description":"Nopirkt HELIKON-TEX SBR CARRYING BAG\u00ae - SHADOW GREY, izdev\u012bga cena un pieg\u0101de. T\u016brisma pre\u010du interneta veikals, pas\u016bt\u012bt online 24\/7!","og_url":"https:\/\/milbaza.lv\/en\/produkts\/helikon-tex-sbr-carrying-bag-shadow-grey\/","og_site_name":"MILBAZA \u2013 Outdoor | Tactical | Adventure","article_publisher":"https:\/\/www.facebook.com\/profile.php?id=100075399152223","article_modified_time":"2026-05-06T07:07:52+00:00","og_image":[{"width":1000,"height":1000,"url":"https:\/\/milbaza.lv\/wp-content\/uploads\/2023\/04\/eng_pl_Helikon-SBR-Carrying-Bag-R-Shadow-Grey-TB-SCB-CD-35-23564_1.jpg","type":"image\/jpeg"}],"twitter_card":"summary_large_image","twitter_misc":{"Est. reading time":"1 minute"},"schema":{"@context":"https:\/\/schema.org","@graph":[{"@type":"WebPage","@id":"https:\/\/milbaza.lv\/en\/produkts\/helikon-tex-sbr-carrying-bag-shadow-grey\/","url":"https:\/\/milbaza.lv\/en\/produkts\/helikon-tex-sbr-carrying-bag-shadow-grey\/","name":"HELIKON-TEX SBR CARRYING BAG\u00ae - SHADOW GREY - MILBAZA \u2013 Outdoor | Tactical | Adventure","isPartOf":{"@id":"https:\/\/milbaza.lv\/en\/#website"},"primaryImageOfPage":{"@id":"https:\/\/milbaza.lv\/en\/produkts\/helikon-tex-sbr-carrying-bag-shadow-grey\/#primaryimage"},"image":{"@id":"https:\/\/milbaza.lv\/en\/produkts\/helikon-tex-sbr-carrying-bag-shadow-grey\/#primaryimage"},"thumbnailUrl":"https:\/\/milbaza.lv\/wp-content\/uploads\/2023\/04\/eng_pl_Helikon-SBR-Carrying-Bag-R-Shadow-Grey-TB-SCB-CD-35-23564_1.jpg","datePublished":"2023-04-13T19:29:39+00:00","dateModified":"2026-05-06T07:07:52+00:00","description":"Nopirkt HELIKON-TEX SBR CARRYING BAG\u00ae - SHADOW GREY, izdev\u012bga cena un pieg\u0101de. T\u016brisma pre\u010du interneta veikals, pas\u016bt\u012bt online 24\/7!","breadcrumb":{"@id":"https:\/\/milbaza.lv\/en\/produkts\/helikon-tex-sbr-carrying-bag-shadow-grey\/#breadcrumb"},"inLanguage":"en-US","potentialAction":[{"@type":"ReadAction","target":["https:\/\/milbaza.lv\/en\/produkts\/helikon-tex-sbr-carrying-bag-shadow-grey\/"]}]},{"@type":"ImageObject","inLanguage":"en-US","@id":"https:\/\/milbaza.lv\/en\/produkts\/helikon-tex-sbr-carrying-bag-shadow-grey\/#primaryimage","url":"https:\/\/milbaza.lv\/wp-content\/uploads\/2023\/04\/eng_pl_Helikon-SBR-Carrying-Bag-R-Shadow-Grey-TB-SCB-CD-35-23564_1.jpg","contentUrl":"https:\/\/milbaza.lv\/wp-content\/uploads\/2023\/04\/eng_pl_Helikon-SBR-Carrying-Bag-R-Shadow-Grey-TB-SCB-CD-35-23564_1.jpg","width":1000,"height":1000},{"@type":"BreadcrumbList","@id":"https:\/\/milbaza.lv\/en\/produkts\/helikon-tex-sbr-carrying-bag-shadow-grey\/#breadcrumb","itemListElement":[{"@type":"ListItem","position":1,"name":"Home","item":"https:\/\/milbaza.lv\/en\/"},{"@type":"ListItem","position":2,"name":"Shop","item":"https:\/\/milbaza.lv\/en\/shop\/"},{"@type":"ListItem","position":3,"name":"HELIKON-TEX SBR CARRYING BAG\u00ae &#8211; SHADOW GREY"}]},{"@type":"WebSite","@id":"https:\/\/milbaza.lv\/en\/#website","url":"https:\/\/milbaza.lv\/en\/","name":"MILBAZA \u2013 viss akt\u012bvai atp\u016btai","description":"Outdoor | Tactical | Adventure","publisher":{"@id":"https:\/\/milbaza.lv\/en\/#organization"},"potentialAction":[{"@type":"SearchAction","target":{"@type":"EntryPoint","urlTemplate":"https:\/\/milbaza.lv\/en\/?s={search_term_string}"},"query-input":{"@type":"PropertyValueSpecification","valueRequired":true,"valueName":"search_term_string"}}],"inLanguage":"en-US"},{"@type":"Organization","@id":"https:\/\/milbaza.lv\/en\/#organization","name":"Milbaza","url":"https:\/\/milbaza.lv\/en\/","logo":{"@type":"ImageObject","inLanguage":"en-US","@id":"https:\/\/milbaza.lv\/en\/#\/schema\/logo\/image\/","url":"https:\/\/milbaza.lv\/wp-content\/uploads\/2021\/11\/Mil_BAZA_logo3.png","contentUrl":"https:\/\/milbaza.lv\/wp-content\/uploads\/2021\/11\/Mil_BAZA_logo3.png","width":564,"height":226,"caption":"Milbaza"},"image":{"@id":"https:\/\/milbaza.lv\/en\/#\/schema\/logo\/image\/"},"sameAs":["https:\/\/www.facebook.com\/profile.php?id=100075399152223","https:\/\/www.instagram.com\/milbaza.lv\/","https:\/\/www.pinterest.com\/milbaza\/_saved\/","https:\/\/www.youtube.com\/channel\/UCrPXltd8hsNIiGAKc37hGfQ"]}]}},"_links":{"self":[{"href":"https:\/\/milbaza.lv\/en\/wp-json\/wp\/v2\/product\/30543","targetHints":{"allow":["GET"]}}],"collection":[{"href":"https:\/\/milbaza.lv\/en\/wp-json\/wp\/v2\/product"}],"about":[{"href":"https:\/\/milbaza.lv\/en\/wp-json\/wp\/v2\/types\/product"}],"replies":[{"embeddable":true,"href":"https:\/\/milbaza.lv\/en\/wp-json\/wp\/v2\/comments?post=30543"}],"wp:featuredmedia":[{"embeddable":true,"href":"https:\/\/milbaza.lv\/en\/wp-json\/wp\/v2\/media\/30544"}],"wp:attachment":[{"href":"https:\/\/milbaza.lv\/en\/wp-json\/wp\/v2\/media?parent=30543"}],"wp:term":[{"taxonomy":"product_brand","embeddable":true,"href":"https:\/\/milbaza.lv\/en\/wp-json\/wp\/v2\/product_brand?post=30543"},{"taxonomy":"product_cat","embeddable":true,"href":"https:\/\/milbaza.lv\/en\/wp-json\/wp\/v2\/product_cat?post=30543"},{"taxonomy":"product_tag","embeddable":true,"href":"https:\/\/milbaza.lv\/en\/wp-json\/wp\/v2\/product_tag?post=30543"}],"curies":[{"name":"wp","href":"https:\/\/api.w.org\/{rel}","templated":true}]}}