{"id":4026,"date":"2022-02-21T12:45:58","date_gmt":"2022-02-21T10:45:58","guid":{"rendered":"https:\/\/milbaza.lv\/?post_type=product&#038;p=4026"},"modified":"2026-04-05T12:39:06","modified_gmt":"2026-04-05T09:39:06","slug":"termokrekls-pzelast-melns","status":"publish","type":"product","link":"https:\/\/milbaza.lv\/en\/produkts\/termokrekls-pzelast-melns\/","title":{"rendered":"Termokrekls PZ elast (melns)"},"content":{"rendered":"<p>T-krekls elast\u012bgs, siltin\u0101ts, termoakt\u012bvs.<br \/>\nSast\u0101vs: 60% poliesters, 35% kokvilna, 5% spandekss<br \/>\nBl\u012bvums: 230 g\/m2<\/p>\n","protected":false},"excerpt":{"rendered":"<p>T-krekls elast\u012bgs, siltin\u0101ts, termoakt\u012bvs. Sast\u0101vs: 60% poliesters, 35% kokvilna, 5% spandekss Bl\u012bvums: 230 g\/m2<\/p>\n","protected":false},"featured_media":4029,"comment_status":"open","ping_status":"closed","template":"","meta":{"_acf_changed":false},"product_brand":[],"product_cat":[154,24],"product_tag":[],"class_list":{"0":"post-4026","1":"product","2":"type-product","3":"status-publish","4":"has-post-thumbnail","6":"product_cat-termovela","7":"product_cat-apgerbi","9":"first","10":"outofstock","11":"taxable","12":"shipping-taxable","13":"purchasable","14":"product-type-variable"},"acf":[],"yoast_head":"<!-- This site is optimized with the Yoast SEO plugin v26.7 - https:\/\/yoast.com\/wordpress\/plugins\/seo\/ -->\n<title>Termokrekls PZ elast (melns) - MILBAZA \u2013 Outdoor | Tactical | Adventure<\/title>\n<meta name=\"description\" content=\"Nopirkt Termokrekls PZelast (melns), izdev\u012bga cena un pieg\u0101de. T\u016brisma pre\u010du interneta veikals, pas\u016bt\u012bt online 24\/7!\" \/>\n<meta name=\"robots\" content=\"index, follow, max-snippet:-1, max-image-preview:large, max-video-preview:-1\" \/>\n<link rel=\"canonical\" href=\"https:\/\/milbaza.lv\/en\/produkts\/termokrekls-pzelast-melns\/\" \/>\n<meta property=\"og:locale\" content=\"en_US\" \/>\n<meta property=\"og:type\" content=\"article\" \/>\n<meta property=\"og:title\" content=\"Termokrekls PZ elast (melns) - MILBAZA \u2013 Outdoor | Tactical | Adventure\" \/>\n<meta property=\"og:description\" content=\"Nopirkt Termokrekls PZelast (melns), izdev\u012bga cena un pieg\u0101de. T\u016brisma pre\u010du interneta veikals, pas\u016bt\u012bt online 24\/7!\" \/>\n<meta property=\"og:url\" content=\"https:\/\/milbaza.lv\/en\/produkts\/termokrekls-pzelast-melns\/\" \/>\n<meta property=\"og:site_name\" content=\"MILBAZA \u2013 Outdoor | Tactical | Adventure\" \/>\n<meta property=\"article:publisher\" content=\"https:\/\/www.facebook.com\/profile.php?id=100075399152223\" \/>\n<meta property=\"article:modified_time\" content=\"2026-04-05T09:39:06+00:00\" \/>\n<meta property=\"og:image\" content=\"https:\/\/milbaza.lv\/wp-content\/uploads\/2022\/02\/8843d0d6-f2ed-11e8-8530-001e67ad91cb_254f430b-cb5c-11eb-8fa5-00155dd95b07.png\" \/>\n\t<meta property=\"og:image:width\" content=\"700\" \/>\n\t<meta property=\"og:image:height\" content=\"700\" \/>\n\t<meta property=\"og:image:type\" content=\"image\/png\" \/>\n<meta name=\"twitter:card\" content=\"summary_large_image\" \/>\n<script type=\"application\/ld+json\" class=\"yoast-schema-graph\">{\"@context\":\"https:\/\/schema.org\",\"@graph\":[{\"@type\":\"WebPage\",\"@id\":\"https:\/\/milbaza.lv\/en\/produkts\/termokrekls-pzelast-melns\/\",\"url\":\"https:\/\/milbaza.lv\/en\/produkts\/termokrekls-pzelast-melns\/\",\"name\":\"Termokrekls PZ elast (melns) - MILBAZA \u2013 Outdoor | Tactical | Adventure\",\"isPartOf\":{\"@id\":\"https:\/\/milbaza.lv\/en\/#website\"},\"primaryImageOfPage\":{\"@id\":\"https:\/\/milbaza.lv\/en\/produkts\/termokrekls-pzelast-melns\/#primaryimage\"},\"image\":{\"@id\":\"https:\/\/milbaza.lv\/en\/produkts\/termokrekls-pzelast-melns\/#primaryimage\"},\"thumbnailUrl\":\"https:\/\/milbaza.lv\/wp-content\/uploads\/2022\/02\/8843d0d6-f2ed-11e8-8530-001e67ad91cb_254f430b-cb5c-11eb-8fa5-00155dd95b07.png\",\"datePublished\":\"2022-02-21T10:45:58+00:00\",\"dateModified\":\"2026-04-05T09:39:06+00:00\",\"description\":\"Nopirkt Termokrekls PZelast (melns), izdev\u012bga cena un pieg\u0101de. T\u016brisma pre\u010du interneta veikals, pas\u016bt\u012bt online 24\/7!\",\"breadcrumb\":{\"@id\":\"https:\/\/milbaza.lv\/en\/produkts\/termokrekls-pzelast-melns\/#breadcrumb\"},\"inLanguage\":\"en-US\",\"potentialAction\":[{\"@type\":\"ReadAction\",\"target\":[\"https:\/\/milbaza.lv\/en\/produkts\/termokrekls-pzelast-melns\/\"]}]},{\"@type\":\"ImageObject\",\"inLanguage\":\"en-US\",\"@id\":\"https:\/\/milbaza.lv\/en\/produkts\/termokrekls-pzelast-melns\/#primaryimage\",\"url\":\"https:\/\/milbaza.lv\/wp-content\/uploads\/2022\/02\/8843d0d6-f2ed-11e8-8530-001e67ad91cb_254f430b-cb5c-11eb-8fa5-00155dd95b07.png\",\"contentUrl\":\"https:\/\/milbaza.lv\/wp-content\/uploads\/2022\/02\/8843d0d6-f2ed-11e8-8530-001e67ad91cb_254f430b-cb5c-11eb-8fa5-00155dd95b07.png\",\"width\":700,\"height\":700},{\"@type\":\"BreadcrumbList\",\"@id\":\"https:\/\/milbaza.lv\/en\/produkts\/termokrekls-pzelast-melns\/#breadcrumb\",\"itemListElement\":[{\"@type\":\"ListItem\",\"position\":1,\"name\":\"Home\",\"item\":\"https:\/\/milbaza.lv\/en\/\"},{\"@type\":\"ListItem\",\"position\":2,\"name\":\"Shop\",\"item\":\"https:\/\/milbaza.lv\/en\/shop\/\"},{\"@type\":\"ListItem\",\"position\":3,\"name\":\"Termokrekls PZ elast (melns)\"}]},{\"@type\":\"WebSite\",\"@id\":\"https:\/\/milbaza.lv\/en\/#website\",\"url\":\"https:\/\/milbaza.lv\/en\/\",\"name\":\"MILBAZA \u2013 viss akt\u012bvai atp\u016btai\",\"description\":\"Outdoor | Tactical | Adventure\",\"publisher\":{\"@id\":\"https:\/\/milbaza.lv\/en\/#organization\"},\"potentialAction\":[{\"@type\":\"SearchAction\",\"target\":{\"@type\":\"EntryPoint\",\"urlTemplate\":\"https:\/\/milbaza.lv\/en\/?s={search_term_string}\"},\"query-input\":{\"@type\":\"PropertyValueSpecification\",\"valueRequired\":true,\"valueName\":\"search_term_string\"}}],\"inLanguage\":\"en-US\"},{\"@type\":\"Organization\",\"@id\":\"https:\/\/milbaza.lv\/en\/#organization\",\"name\":\"Milbaza\",\"url\":\"https:\/\/milbaza.lv\/en\/\",\"logo\":{\"@type\":\"ImageObject\",\"inLanguage\":\"en-US\",\"@id\":\"https:\/\/milbaza.lv\/en\/#\/schema\/logo\/image\/\",\"url\":\"https:\/\/milbaza.lv\/wp-content\/uploads\/2021\/11\/Mil_BAZA_logo3.png\",\"contentUrl\":\"https:\/\/milbaza.lv\/wp-content\/uploads\/2021\/11\/Mil_BAZA_logo3.png\",\"width\":564,\"height\":226,\"caption\":\"Milbaza\"},\"image\":{\"@id\":\"https:\/\/milbaza.lv\/en\/#\/schema\/logo\/image\/\"},\"sameAs\":[\"https:\/\/www.facebook.com\/profile.php?id=100075399152223\",\"https:\/\/www.instagram.com\/milbaza.lv\/\",\"https:\/\/www.pinterest.com\/milbaza\/_saved\/\",\"https:\/\/www.youtube.com\/channel\/UCrPXltd8hsNIiGAKc37hGfQ\"]}]}<\/script>\n<!-- \/ Yoast SEO plugin. -->","yoast_head_json":{"title":"Termokrekls PZ elast (melns) - MILBAZA \u2013 Outdoor | Tactical | Adventure","description":"Nopirkt Termokrekls PZelast (melns), izdev\u012bga cena un pieg\u0101de. T\u016brisma pre\u010du interneta veikals, pas\u016bt\u012bt online 24\/7!","robots":{"index":"index","follow":"follow","max-snippet":"max-snippet:-1","max-image-preview":"max-image-preview:large","max-video-preview":"max-video-preview:-1"},"canonical":"https:\/\/milbaza.lv\/en\/produkts\/termokrekls-pzelast-melns\/","og_locale":"en_US","og_type":"article","og_title":"Termokrekls PZ elast (melns) - MILBAZA \u2013 Outdoor | Tactical | Adventure","og_description":"Nopirkt Termokrekls PZelast (melns), izdev\u012bga cena un pieg\u0101de. T\u016brisma pre\u010du interneta veikals, pas\u016bt\u012bt online 24\/7!","og_url":"https:\/\/milbaza.lv\/en\/produkts\/termokrekls-pzelast-melns\/","og_site_name":"MILBAZA \u2013 Outdoor | Tactical | Adventure","article_publisher":"https:\/\/www.facebook.com\/profile.php?id=100075399152223","article_modified_time":"2026-04-05T09:39:06+00:00","og_image":[{"width":700,"height":700,"url":"https:\/\/milbaza.lv\/wp-content\/uploads\/2022\/02\/8843d0d6-f2ed-11e8-8530-001e67ad91cb_254f430b-cb5c-11eb-8fa5-00155dd95b07.png","type":"image\/png"}],"twitter_card":"summary_large_image","schema":{"@context":"https:\/\/schema.org","@graph":[{"@type":"WebPage","@id":"https:\/\/milbaza.lv\/en\/produkts\/termokrekls-pzelast-melns\/","url":"https:\/\/milbaza.lv\/en\/produkts\/termokrekls-pzelast-melns\/","name":"Termokrekls PZ elast (melns) - MILBAZA \u2013 Outdoor | Tactical | Adventure","isPartOf":{"@id":"https:\/\/milbaza.lv\/en\/#website"},"primaryImageOfPage":{"@id":"https:\/\/milbaza.lv\/en\/produkts\/termokrekls-pzelast-melns\/#primaryimage"},"image":{"@id":"https:\/\/milbaza.lv\/en\/produkts\/termokrekls-pzelast-melns\/#primaryimage"},"thumbnailUrl":"https:\/\/milbaza.lv\/wp-content\/uploads\/2022\/02\/8843d0d6-f2ed-11e8-8530-001e67ad91cb_254f430b-cb5c-11eb-8fa5-00155dd95b07.png","datePublished":"2022-02-21T10:45:58+00:00","dateModified":"2026-04-05T09:39:06+00:00","description":"Nopirkt Termokrekls PZelast (melns), izdev\u012bga cena un pieg\u0101de. T\u016brisma pre\u010du interneta veikals, pas\u016bt\u012bt online 24\/7!","breadcrumb":{"@id":"https:\/\/milbaza.lv\/en\/produkts\/termokrekls-pzelast-melns\/#breadcrumb"},"inLanguage":"en-US","potentialAction":[{"@type":"ReadAction","target":["https:\/\/milbaza.lv\/en\/produkts\/termokrekls-pzelast-melns\/"]}]},{"@type":"ImageObject","inLanguage":"en-US","@id":"https:\/\/milbaza.lv\/en\/produkts\/termokrekls-pzelast-melns\/#primaryimage","url":"https:\/\/milbaza.lv\/wp-content\/uploads\/2022\/02\/8843d0d6-f2ed-11e8-8530-001e67ad91cb_254f430b-cb5c-11eb-8fa5-00155dd95b07.png","contentUrl":"https:\/\/milbaza.lv\/wp-content\/uploads\/2022\/02\/8843d0d6-f2ed-11e8-8530-001e67ad91cb_254f430b-cb5c-11eb-8fa5-00155dd95b07.png","width":700,"height":700},{"@type":"BreadcrumbList","@id":"https:\/\/milbaza.lv\/en\/produkts\/termokrekls-pzelast-melns\/#breadcrumb","itemListElement":[{"@type":"ListItem","position":1,"name":"Home","item":"https:\/\/milbaza.lv\/en\/"},{"@type":"ListItem","position":2,"name":"Shop","item":"https:\/\/milbaza.lv\/en\/shop\/"},{"@type":"ListItem","position":3,"name":"Termokrekls PZ elast (melns)"}]},{"@type":"WebSite","@id":"https:\/\/milbaza.lv\/en\/#website","url":"https:\/\/milbaza.lv\/en\/","name":"MILBAZA \u2013 viss akt\u012bvai atp\u016btai","description":"Outdoor | Tactical | Adventure","publisher":{"@id":"https:\/\/milbaza.lv\/en\/#organization"},"potentialAction":[{"@type":"SearchAction","target":{"@type":"EntryPoint","urlTemplate":"https:\/\/milbaza.lv\/en\/?s={search_term_string}"},"query-input":{"@type":"PropertyValueSpecification","valueRequired":true,"valueName":"search_term_string"}}],"inLanguage":"en-US"},{"@type":"Organization","@id":"https:\/\/milbaza.lv\/en\/#organization","name":"Milbaza","url":"https:\/\/milbaza.lv\/en\/","logo":{"@type":"ImageObject","inLanguage":"en-US","@id":"https:\/\/milbaza.lv\/en\/#\/schema\/logo\/image\/","url":"https:\/\/milbaza.lv\/wp-content\/uploads\/2021\/11\/Mil_BAZA_logo3.png","contentUrl":"https:\/\/milbaza.lv\/wp-content\/uploads\/2021\/11\/Mil_BAZA_logo3.png","width":564,"height":226,"caption":"Milbaza"},"image":{"@id":"https:\/\/milbaza.lv\/en\/#\/schema\/logo\/image\/"},"sameAs":["https:\/\/www.facebook.com\/profile.php?id=100075399152223","https:\/\/www.instagram.com\/milbaza.lv\/","https:\/\/www.pinterest.com\/milbaza\/_saved\/","https:\/\/www.youtube.com\/channel\/UCrPXltd8hsNIiGAKc37hGfQ"]}]}},"_links":{"self":[{"href":"https:\/\/milbaza.lv\/en\/wp-json\/wp\/v2\/product\/4026","targetHints":{"allow":["GET"]}}],"collection":[{"href":"https:\/\/milbaza.lv\/en\/wp-json\/wp\/v2\/product"}],"about":[{"href":"https:\/\/milbaza.lv\/en\/wp-json\/wp\/v2\/types\/product"}],"replies":[{"embeddable":true,"href":"https:\/\/milbaza.lv\/en\/wp-json\/wp\/v2\/comments?post=4026"}],"wp:featuredmedia":[{"embeddable":true,"href":"https:\/\/milbaza.lv\/en\/wp-json\/wp\/v2\/media\/4029"}],"wp:attachment":[{"href":"https:\/\/milbaza.lv\/en\/wp-json\/wp\/v2\/media?parent=4026"}],"wp:term":[{"taxonomy":"product_brand","embeddable":true,"href":"https:\/\/milbaza.lv\/en\/wp-json\/wp\/v2\/product_brand?post=4026"},{"taxonomy":"product_cat","embeddable":true,"href":"https:\/\/milbaza.lv\/en\/wp-json\/wp\/v2\/product_cat?post=4026"},{"taxonomy":"product_tag","embeddable":true,"href":"https:\/\/milbaza.lv\/en\/wp-json\/wp\/v2\/product_tag?post=4026"}],"curies":[{"name":"wp","href":"https:\/\/api.w.org\/{rel}","templated":true}]}}