{"id":42042,"date":"2024-02-13T11:01:13","date_gmt":"2024-02-13T09:01:13","guid":{"rendered":"https:\/\/milbaza.lv\/?post_type=product&#038;p=42042"},"modified":"2026-05-06T11:23:44","modified_gmt":"2026-05-06T08:23:44","slug":"helikon-tex-enlarged-urban-treninu-ekipejuma-soma-coyote","status":"publish","type":"product","link":"https:\/\/milbaza.lv\/en\/produkts\/helikon-tex-enlarged-urban-treninu-ekipejuma-soma-coyote\/","title":{"rendered":"HELIKON-TEX ENLARGED URBAN TRAINING EQUIPMENT BAG"},"content":{"rendered":"<p>The Urban Line training bag, which is made entirely of durable Cordura\u00ae material, has several pockets and compartments for carrying clothes, shoes and sports equipment. This bag will also work well as a spacious travel bag. When the bag is not in use, it can be folded into a small cube by rolling it into one of the side pockets.<\/p>\n<p>The bag has a volume of 70 liters and has a spacious main compartment that will fit the necessary clothes, shoes, towel and other accessories needed for training. It has a removable cover for easy access to the contents and a padded bottom that can be easily removed according to your personal preference. In its interior, you will also find a small pocket for small accessories made of braid.<\/p>\n<p>The expanded Urban Training Bag\u00ae has two side pockets for smaller items, the front flat pocket is perfect for notepads or other accessories. Thanks to the built-in handles and adjustable shoulder strap, you can carry it on your shoulder or in your hand. The trusty YKK\u00ae zippers are used throughout the design.<\/p>\n<p>Technical data:<\/p>\n<p>\u2013 Made of durable Cordura\u00ae 500D.<\/p>\n<p>\u2013 Reliable YKK zippers\u00ae.<\/p>\n<p>\u2013 WooJin Buckles.<\/p>\n<p>\u2013 Convenient main compartment.<\/p>\n<p>\u2013 Inner mesh pocket with zipper.<\/p>\n<p>\u2013 Wide, soft shoulder strap, adjustable with velcro.<\/p>\n<p>\u2013 Two carrying handles.<\/p>\n<p>\u2013 Flat side pocket.<\/p>\n<p>\u2013 Additional external zippered pockets.<\/p>\n<p>\u2013 Fasteners for easy personalization.<\/p>\n<p>\u2013 Volume: 70l<\/p>\n<p>\u2013 Weight: 1419<\/p>\n<p>\u2013 Material: 100% nylon<\/p>\n<p>\u2013 Dimensions: 71 x 34 x 29 cm \/ 28 x 13.4 x 11.4 in<\/p>\n<p>Made in Poland<\/p>\n<p><iframe loading=\"lazy\" title=\"Helikon-Tex - Enlarged Urban Training Bag\" width=\"1020\" height=\"574\" src=\"https:\/\/www.youtube.com\/embed\/j_FazihJiow?feature=oembed\" frameborder=\"0\" allow=\"accelerometer; autoplay; clipboard-write; encrypted-media; gyroscope; picture-in-picture; web-share\" referrerpolicy=\"strict-origin-when-cross-origin\" allowfullscreen><\/iframe><\/p>\n","protected":false},"excerpt":{"rendered":"<p>The Urban Line training bag, which is made entirely of durable Cordura\u00ae material, has several pockets and compartments for carrying clothes, shoes and sports equipment. This bag will also work well as a spacious travel bag. When the bag is not in use, it can be folded into a small cube by rolling it into [&#8230;]\n","protected":false},"featured_media":42043,"comment_status":"open","ping_status":"closed","template":"","meta":{"_acf_changed":false},"product_brand":[],"product_cat":[131,186,202],"product_tag":[],"class_list":{"0":"post-42042","1":"product","2":"type-product","3":"status-publish","4":"has-post-thumbnail","6":"product_cat-backpacks","7":"product_cat-backpacks-en","8":"product_cat-bags","10":"first","11":"instock","12":"taxable","13":"shipping-taxable","14":"purchasable","15":"product-type-variable"},"acf":[],"yoast_head":"<!-- This site is optimized with the Yoast SEO plugin v27.4 - https:\/\/yoast.com\/product\/yoast-seo-wordpress\/ -->\n<title>HELIKON-TEX ENLARGED URBAN TRAINING EQUIPMENT BAG - MILBAZA \u2013 Outdoor | Tactical | Adventure<\/title>\n<meta name=\"description\" content=\"Nopirkt HELIKON-TEX ENLARGED URBAN TRENI\u0145U EKIP\u0112JUMA SOMA - COYOTE izdev\u012bga cena un pieg\u0101de. T\u016brisma pre\u010du interneta veikals, pas\u016bt\u012bt online 24\/7!\" \/>\n<meta name=\"robots\" content=\"index, follow, max-snippet:-1, max-image-preview:large, max-video-preview:-1\" \/>\n<link rel=\"canonical\" href=\"https:\/\/milbaza.lv\/en\/produkts\/helikon-tex-enlarged-urban-treninu-ekipejuma-soma-coyote\/\" \/>\n<meta property=\"og:locale\" content=\"en_US\" \/>\n<meta property=\"og:type\" content=\"article\" \/>\n<meta property=\"og:title\" content=\"HELIKON-TEX ENLARGED URBAN TRAINING EQUIPMENT BAG - MILBAZA \u2013 Outdoor | Tactical | Adventure\" \/>\n<meta property=\"og:description\" content=\"Nopirkt HELIKON-TEX ENLARGED URBAN TRENI\u0145U EKIP\u0112JUMA SOMA - COYOTE izdev\u012bga cena un pieg\u0101de. T\u016brisma pre\u010du interneta veikals, pas\u016bt\u012bt online 24\/7!\" \/>\n<meta property=\"og:url\" content=\"https:\/\/milbaza.lv\/en\/produkts\/helikon-tex-enlarged-urban-treninu-ekipejuma-soma-coyote\/\" \/>\n<meta property=\"og:site_name\" content=\"MILBAZA \u2013 Outdoor | Tactical | Adventure\" \/>\n<meta property=\"article:publisher\" content=\"https:\/\/www.facebook.com\/profile.php?id=100075399152223\" \/>\n<meta property=\"article:modified_time\" content=\"2026-05-06T08:23:44+00:00\" \/>\n<meta property=\"og:image\" content=\"https:\/\/milbaza.lv\/wp-content\/uploads\/2024\/02\/TB-UTE-CD-11.png\" \/>\n\t<meta property=\"og:image:width\" content=\"500\" \/>\n\t<meta property=\"og:image:height\" content=\"500\" \/>\n\t<meta property=\"og:image:type\" content=\"image\/png\" \/>\n<meta name=\"twitter:card\" content=\"summary_large_image\" \/>\n<meta name=\"twitter:label1\" content=\"Est. reading time\" \/>\n\t<meta name=\"twitter:data1\" content=\"1 minute\" \/>\n<script type=\"application\/ld+json\" class=\"yoast-schema-graph\">{\"@context\":\"https:\\\/\\\/schema.org\",\"@graph\":[{\"@type\":\"WebPage\",\"@id\":\"https:\\\/\\\/milbaza.lv\\\/en\\\/produkts\\\/helikon-tex-enlarged-urban-treninu-ekipejuma-soma-coyote\\\/\",\"url\":\"https:\\\/\\\/milbaza.lv\\\/en\\\/produkts\\\/helikon-tex-enlarged-urban-treninu-ekipejuma-soma-coyote\\\/\",\"name\":\"HELIKON-TEX ENLARGED URBAN TRAINING EQUIPMENT BAG - MILBAZA \u2013 Outdoor | Tactical | Adventure\",\"isPartOf\":{\"@id\":\"https:\\\/\\\/milbaza.lv\\\/en\\\/#website\"},\"primaryImageOfPage\":{\"@id\":\"https:\\\/\\\/milbaza.lv\\\/en\\\/produkts\\\/helikon-tex-enlarged-urban-treninu-ekipejuma-soma-coyote\\\/#primaryimage\"},\"image\":{\"@id\":\"https:\\\/\\\/milbaza.lv\\\/en\\\/produkts\\\/helikon-tex-enlarged-urban-treninu-ekipejuma-soma-coyote\\\/#primaryimage\"},\"thumbnailUrl\":\"https:\\\/\\\/milbaza.lv\\\/wp-content\\\/uploads\\\/2024\\\/02\\\/TB-UTE-CD-11.png\",\"datePublished\":\"2024-02-13T09:01:13+00:00\",\"dateModified\":\"2026-05-06T08:23:44+00:00\",\"description\":\"Nopirkt HELIKON-TEX ENLARGED URBAN TRENI\u0145U EKIP\u0112JUMA SOMA - COYOTE izdev\u012bga cena un pieg\u0101de. T\u016brisma pre\u010du interneta veikals, pas\u016bt\u012bt online 24\\\/7!\",\"breadcrumb\":{\"@id\":\"https:\\\/\\\/milbaza.lv\\\/en\\\/produkts\\\/helikon-tex-enlarged-urban-treninu-ekipejuma-soma-coyote\\\/#breadcrumb\"},\"inLanguage\":\"en-US\",\"potentialAction\":[{\"@type\":\"ReadAction\",\"target\":[\"https:\\\/\\\/milbaza.lv\\\/en\\\/produkts\\\/helikon-tex-enlarged-urban-treninu-ekipejuma-soma-coyote\\\/\"]}]},{\"@type\":\"ImageObject\",\"inLanguage\":\"en-US\",\"@id\":\"https:\\\/\\\/milbaza.lv\\\/en\\\/produkts\\\/helikon-tex-enlarged-urban-treninu-ekipejuma-soma-coyote\\\/#primaryimage\",\"url\":\"https:\\\/\\\/milbaza.lv\\\/wp-content\\\/uploads\\\/2024\\\/02\\\/TB-UTE-CD-11.png\",\"contentUrl\":\"https:\\\/\\\/milbaza.lv\\\/wp-content\\\/uploads\\\/2024\\\/02\\\/TB-UTE-CD-11.png\",\"width\":500,\"height\":500},{\"@type\":\"BreadcrumbList\",\"@id\":\"https:\\\/\\\/milbaza.lv\\\/en\\\/produkts\\\/helikon-tex-enlarged-urban-treninu-ekipejuma-soma-coyote\\\/#breadcrumb\",\"itemListElement\":[{\"@type\":\"ListItem\",\"position\":1,\"name\":\"Home\",\"item\":\"https:\\\/\\\/milbaza.lv\\\/en\\\/\"},{\"@type\":\"ListItem\",\"position\":2,\"name\":\"Shop\",\"item\":\"https:\\\/\\\/milbaza.lv\\\/en\\\/shop\\\/\"},{\"@type\":\"ListItem\",\"position\":3,\"name\":\"HELIKON-TEX ENLARGED URBAN TRAINING EQUIPMENT BAG\"}]},{\"@type\":\"WebSite\",\"@id\":\"https:\\\/\\\/milbaza.lv\\\/en\\\/#website\",\"url\":\"https:\\\/\\\/milbaza.lv\\\/en\\\/\",\"name\":\"MILBAZA \u2013 viss akt\u012bvai atp\u016btai\",\"description\":\"Outdoor | Tactical | Adventure\",\"publisher\":{\"@id\":\"https:\\\/\\\/milbaza.lv\\\/en\\\/#organization\"},\"potentialAction\":[{\"@type\":\"SearchAction\",\"target\":{\"@type\":\"EntryPoint\",\"urlTemplate\":\"https:\\\/\\\/milbaza.lv\\\/en\\\/?s={search_term_string}\"},\"query-input\":{\"@type\":\"PropertyValueSpecification\",\"valueRequired\":true,\"valueName\":\"search_term_string\"}}],\"inLanguage\":\"en-US\"},{\"@type\":\"Organization\",\"@id\":\"https:\\\/\\\/milbaza.lv\\\/en\\\/#organization\",\"name\":\"Milbaza\",\"url\":\"https:\\\/\\\/milbaza.lv\\\/en\\\/\",\"logo\":{\"@type\":\"ImageObject\",\"inLanguage\":\"en-US\",\"@id\":\"https:\\\/\\\/milbaza.lv\\\/en\\\/#\\\/schema\\\/logo\\\/image\\\/\",\"url\":\"https:\\\/\\\/milbaza.lv\\\/wp-content\\\/uploads\\\/2021\\\/11\\\/Mil_BAZA_logo3.png\",\"contentUrl\":\"https:\\\/\\\/milbaza.lv\\\/wp-content\\\/uploads\\\/2021\\\/11\\\/Mil_BAZA_logo3.png\",\"width\":564,\"height\":226,\"caption\":\"Milbaza\"},\"image\":{\"@id\":\"https:\\\/\\\/milbaza.lv\\\/en\\\/#\\\/schema\\\/logo\\\/image\\\/\"},\"sameAs\":[\"https:\\\/\\\/www.facebook.com\\\/profile.php?id=100075399152223\",\"https:\\\/\\\/www.instagram.com\\\/milbaza.lv\\\/\",\"https:\\\/\\\/www.pinterest.com\\\/milbaza\\\/_saved\\\/\",\"https:\\\/\\\/www.youtube.com\\\/channel\\\/UCrPXltd8hsNIiGAKc37hGfQ\"]}]}<\/script>\n<!-- \/ Yoast SEO plugin. -->","yoast_head_json":{"title":"HELIKON-TEX ENLARGED URBAN TRAINING EQUIPMENT BAG - MILBAZA \u2013 Outdoor | Tactical | Adventure","description":"Nopirkt HELIKON-TEX ENLARGED URBAN TRENI\u0145U EKIP\u0112JUMA SOMA - COYOTE izdev\u012bga cena un pieg\u0101de. T\u016brisma pre\u010du interneta veikals, pas\u016bt\u012bt online 24\/7!","robots":{"index":"index","follow":"follow","max-snippet":"max-snippet:-1","max-image-preview":"max-image-preview:large","max-video-preview":"max-video-preview:-1"},"canonical":"https:\/\/milbaza.lv\/en\/produkts\/helikon-tex-enlarged-urban-treninu-ekipejuma-soma-coyote\/","og_locale":"en_US","og_type":"article","og_title":"HELIKON-TEX ENLARGED URBAN TRAINING EQUIPMENT BAG - MILBAZA \u2013 Outdoor | Tactical | Adventure","og_description":"Nopirkt HELIKON-TEX ENLARGED URBAN TRENI\u0145U EKIP\u0112JUMA SOMA - COYOTE izdev\u012bga cena un pieg\u0101de. T\u016brisma pre\u010du interneta veikals, pas\u016bt\u012bt online 24\/7!","og_url":"https:\/\/milbaza.lv\/en\/produkts\/helikon-tex-enlarged-urban-treninu-ekipejuma-soma-coyote\/","og_site_name":"MILBAZA \u2013 Outdoor | Tactical | Adventure","article_publisher":"https:\/\/www.facebook.com\/profile.php?id=100075399152223","article_modified_time":"2026-05-06T08:23:44+00:00","og_image":[{"width":500,"height":500,"url":"https:\/\/milbaza.lv\/wp-content\/uploads\/2024\/02\/TB-UTE-CD-11.png","type":"image\/png"}],"twitter_card":"summary_large_image","twitter_misc":{"Est. reading time":"1 minute"},"schema":{"@context":"https:\/\/schema.org","@graph":[{"@type":"WebPage","@id":"https:\/\/milbaza.lv\/en\/produkts\/helikon-tex-enlarged-urban-treninu-ekipejuma-soma-coyote\/","url":"https:\/\/milbaza.lv\/en\/produkts\/helikon-tex-enlarged-urban-treninu-ekipejuma-soma-coyote\/","name":"HELIKON-TEX ENLARGED URBAN TRAINING EQUIPMENT BAG - MILBAZA \u2013 Outdoor | Tactical | Adventure","isPartOf":{"@id":"https:\/\/milbaza.lv\/en\/#website"},"primaryImageOfPage":{"@id":"https:\/\/milbaza.lv\/en\/produkts\/helikon-tex-enlarged-urban-treninu-ekipejuma-soma-coyote\/#primaryimage"},"image":{"@id":"https:\/\/milbaza.lv\/en\/produkts\/helikon-tex-enlarged-urban-treninu-ekipejuma-soma-coyote\/#primaryimage"},"thumbnailUrl":"https:\/\/milbaza.lv\/wp-content\/uploads\/2024\/02\/TB-UTE-CD-11.png","datePublished":"2024-02-13T09:01:13+00:00","dateModified":"2026-05-06T08:23:44+00:00","description":"Nopirkt HELIKON-TEX ENLARGED URBAN TRENI\u0145U EKIP\u0112JUMA SOMA - COYOTE izdev\u012bga cena un pieg\u0101de. T\u016brisma pre\u010du interneta veikals, pas\u016bt\u012bt online 24\/7!","breadcrumb":{"@id":"https:\/\/milbaza.lv\/en\/produkts\/helikon-tex-enlarged-urban-treninu-ekipejuma-soma-coyote\/#breadcrumb"},"inLanguage":"en-US","potentialAction":[{"@type":"ReadAction","target":["https:\/\/milbaza.lv\/en\/produkts\/helikon-tex-enlarged-urban-treninu-ekipejuma-soma-coyote\/"]}]},{"@type":"ImageObject","inLanguage":"en-US","@id":"https:\/\/milbaza.lv\/en\/produkts\/helikon-tex-enlarged-urban-treninu-ekipejuma-soma-coyote\/#primaryimage","url":"https:\/\/milbaza.lv\/wp-content\/uploads\/2024\/02\/TB-UTE-CD-11.png","contentUrl":"https:\/\/milbaza.lv\/wp-content\/uploads\/2024\/02\/TB-UTE-CD-11.png","width":500,"height":500},{"@type":"BreadcrumbList","@id":"https:\/\/milbaza.lv\/en\/produkts\/helikon-tex-enlarged-urban-treninu-ekipejuma-soma-coyote\/#breadcrumb","itemListElement":[{"@type":"ListItem","position":1,"name":"Home","item":"https:\/\/milbaza.lv\/en\/"},{"@type":"ListItem","position":2,"name":"Shop","item":"https:\/\/milbaza.lv\/en\/shop\/"},{"@type":"ListItem","position":3,"name":"HELIKON-TEX ENLARGED URBAN TRAINING EQUIPMENT BAG"}]},{"@type":"WebSite","@id":"https:\/\/milbaza.lv\/en\/#website","url":"https:\/\/milbaza.lv\/en\/","name":"MILBAZA \u2013 viss akt\u012bvai atp\u016btai","description":"Outdoor | Tactical | Adventure","publisher":{"@id":"https:\/\/milbaza.lv\/en\/#organization"},"potentialAction":[{"@type":"SearchAction","target":{"@type":"EntryPoint","urlTemplate":"https:\/\/milbaza.lv\/en\/?s={search_term_string}"},"query-input":{"@type":"PropertyValueSpecification","valueRequired":true,"valueName":"search_term_string"}}],"inLanguage":"en-US"},{"@type":"Organization","@id":"https:\/\/milbaza.lv\/en\/#organization","name":"Milbaza","url":"https:\/\/milbaza.lv\/en\/","logo":{"@type":"ImageObject","inLanguage":"en-US","@id":"https:\/\/milbaza.lv\/en\/#\/schema\/logo\/image\/","url":"https:\/\/milbaza.lv\/wp-content\/uploads\/2021\/11\/Mil_BAZA_logo3.png","contentUrl":"https:\/\/milbaza.lv\/wp-content\/uploads\/2021\/11\/Mil_BAZA_logo3.png","width":564,"height":226,"caption":"Milbaza"},"image":{"@id":"https:\/\/milbaza.lv\/en\/#\/schema\/logo\/image\/"},"sameAs":["https:\/\/www.facebook.com\/profile.php?id=100075399152223","https:\/\/www.instagram.com\/milbaza.lv\/","https:\/\/www.pinterest.com\/milbaza\/_saved\/","https:\/\/www.youtube.com\/channel\/UCrPXltd8hsNIiGAKc37hGfQ"]}]}},"_links":{"self":[{"href":"https:\/\/milbaza.lv\/en\/wp-json\/wp\/v2\/product\/42042","targetHints":{"allow":["GET"]}}],"collection":[{"href":"https:\/\/milbaza.lv\/en\/wp-json\/wp\/v2\/product"}],"about":[{"href":"https:\/\/milbaza.lv\/en\/wp-json\/wp\/v2\/types\/product"}],"replies":[{"embeddable":true,"href":"https:\/\/milbaza.lv\/en\/wp-json\/wp\/v2\/comments?post=42042"}],"wp:featuredmedia":[{"embeddable":true,"href":"https:\/\/milbaza.lv\/en\/wp-json\/wp\/v2\/media\/42043"}],"wp:attachment":[{"href":"https:\/\/milbaza.lv\/en\/wp-json\/wp\/v2\/media?parent=42042"}],"wp:term":[{"taxonomy":"product_brand","embeddable":true,"href":"https:\/\/milbaza.lv\/en\/wp-json\/wp\/v2\/product_brand?post=42042"},{"taxonomy":"product_cat","embeddable":true,"href":"https:\/\/milbaza.lv\/en\/wp-json\/wp\/v2\/product_cat?post=42042"},{"taxonomy":"product_tag","embeddable":true,"href":"https:\/\/milbaza.lv\/en\/wp-json\/wp\/v2\/product_tag?post=42042"}],"curies":[{"name":"wp","href":"https:\/\/api.w.org\/{rel}","templated":true}]}}