{"id":44182,"date":"2024-06-20T17:55:22","date_gmt":"2024-06-20T14:55:22","guid":{"rendered":"https:\/\/milbaza.lv\/?post_type=product&#038;p=44182"},"modified":"2026-05-09T08:53:10","modified_gmt":"2026-05-09T05:53:10","slug":"mil-tec-mugursoma-assault-pack-ranger-green-black-36l","status":"publish","type":"product","link":"https:\/\/milbaza.lv\/en\/produkts\/mil-tec-mugursoma-assault-pack-ranger-green-black-36l\/","title":{"rendered":"MIL-TEC MUGURSOMA ASSAULT PACK RANGER \u2013 36L"},"content":{"rendered":"<p>\u0160im lieljaudas, \u016bdensiztur\u012bgajam un labi paman\u0101majam 36 litru mugursomai ir divi lieli nodal\u012bjumi ar da\u017e\u0101d\u0101m r\u0101v\u0113jsl\u0113dz\u0113ju un sieta iek\u0161\u0113j\u0101m kabat\u0101m, divas mazas priek\u0161\u0113j\u0101s kabatas (viena ar organizatoru) un ieb\u016bv\u0113ta kabata ar \u0101\u0137i un cilpu papildu hidrosist\u0113mai. Visi nodal\u012bjumi ir ar iztur\u012bgiem divvirzienu r\u0101v\u0113jsl\u0113dz\u0113jiem. Ergonomiski veidotas plecu siksnas ir polster\u0113tas, apm. 2\u2033 (5 cm) plata un piln\u012bb\u0101 regul\u0113jama garum\u0101. Turkl\u0101t iepakojumam ir polster\u0113ta mugura un regul\u0113jama jostasvieta, kas atv\u0113rta ar klipsi.<\/p>\n<p>Pateicoties vair\u0101k\u0101m s\u0101nu kompresijas siksn\u0101m, sniedz iesp\u0113ju piestiprin\u0101t papildu apr\u012bkojumu, izmantojot vair\u0101kas iztur\u012bgas neilona MOLLE siksnas, cilpas un D veida gredzeni uz plecu siksn\u0101m.<\/p>\n<p>Mugursoma pied\u0101v\u0101 lielu p\u0101rn\u0113s\u0101\u0161anas vietu un ir lieliski piem\u0113rots neatliekam\u0101s pal\u012bdz\u012bbas dienestiem, medi\u0137iem, alp\u012bnismam, snovbordam, k\u0101 ar\u012b kempingiem vai p\u0101rg\u0101jieniem.<\/p>\n<p>\u2013 Tilpums: 36 litri<\/p>\n<p>\u2013 Divu kr\u0101su dizains<\/p>\n<p>\u2013 Divi atsevi\u0161\u0137i nodal\u012bjumi<\/p>\n<p>\u2013 Divas priek\u0161\u0113j\u0101s kabatas<\/p>\n<p>\u2013 Visas kabatas ar divvirzienu r\u0101v\u0113jsl\u0113dz\u0113ju<\/p>\n<p>\u2013 Ieb\u016bv\u0113ta kabata ar \u0101\u0137i un cilpu papildu hidropaketei<\/p>\n<p>\u2013 Regul\u0113jamas polster\u0113tas plecu siksnas<\/p>\n<p>\u2013 Polster\u0113ta aizmugure<\/p>\n<p>\u2013 Regul\u0113jama gurnu josta<\/p>\n<p>\u2013 S\u0101nu kompresijas siksnas<\/p>\n<p>\u2013 Da\u017e\u0101di MOLLE stiprin\u0101juma punkti<\/p>\n<p>\u2013 Cilpas un D gredzeni uz plecu lenc\u0113m<\/p>\n<p>\u2013 Iztur\u012bgs p\u0101rn\u0113s\u0101\u0161anas rokturis<\/p>\n<p>\u2013 \u016adensiztur\u012bgs<\/p>\n<p>\u2013 Materi\u0101ls: 100% poliesters, p\u0101rkl\u0101ts ar PVC<\/p>\n<p>\u2013 \u0100r\u0113jie izm\u0113ri: 20,1\u2033x11,4\u2033x11\u2033 (51x29x28cm)<\/p>\n<p>\u2013 Svars: 1400g<\/p>\n","protected":false},"excerpt":{"rendered":"<p>\u0160im lieljaudas, \u016bdensiztur\u012bgajam un labi paman\u0101majam 36 litru mugursomai ir divi lieli nodal\u012bjumi ar da\u017e\u0101d\u0101m r\u0101v\u0113jsl\u0113dz\u0113ju un sieta iek\u0161\u0113j\u0101m kabat\u0101m, divas mazas priek\u0161\u0113j\u0101s kabatas (viena ar organizatoru) un ieb\u016bv\u0113ta kabata ar \u0101\u0137i un cilpu papildu hidrosist\u0113mai. Visi nodal\u012bjumi ir ar iztur\u012bgiem divvirzienu r\u0101v\u0113jsl\u0113dz\u0113jiem. Ergonomiski veidotas plecu siksnas ir polster\u0113tas, apm. 2\u2033 (5 cm) plata un [&#8230;]\n","protected":false},"featured_media":44183,"comment_status":"open","ping_status":"closed","template":"","meta":{"_acf_changed":false},"product_brand":[],"product_cat":[185,28,195],"product_tag":[],"class_list":{"0":"post-44182","1":"product","2":"type-product","3":"status-publish","4":"has-post-thumbnail","6":"product_cat-mugursomas","7":"product_cat-mugursomas-somas","8":"product_cat-somas","9":"pa_brand-mil-tec","11":"first","12":"instock","13":"taxable","14":"shipping-taxable","15":"purchasable","16":"product-type-variable","17":"has-default-attributes"},"acf":[],"yoast_head":"<!-- This site is optimized with the Yoast SEO plugin v27.4 - https:\/\/yoast.com\/product\/yoast-seo-wordpress\/ -->\n<title>MIL-TEC MUGURSOMA ASSAULT PACK RANGER \u2013 36L - MILBAZA \u2013 Outdoor | Tactical | Adventure<\/title>\n<meta name=\"description\" content=\"Nopirkt MIL-TEC MUGURSOMA ASSAULT PACK RANGER GREEN\/BLACK \u2013 36L izdev\u012bga cena un pieg\u0101de. T\u016brisma pre\u010du interneta veikals, pas\u016bt\u012bt online 24\/7!\" \/>\n<meta name=\"robots\" content=\"index, follow, max-snippet:-1, max-image-preview:large, max-video-preview:-1\" \/>\n<link rel=\"canonical\" href=\"https:\/\/milbaza.lv\/en\/produkts\/mil-tec-mugursoma-assault-pack-ranger-green-black-36l\/\" \/>\n<meta property=\"og:locale\" content=\"en_US\" \/>\n<meta property=\"og:type\" content=\"article\" \/>\n<meta property=\"og:title\" content=\"MIL-TEC MUGURSOMA ASSAULT PACK RANGER \u2013 36L - MILBAZA \u2013 Outdoor | Tactical | Adventure\" \/>\n<meta property=\"og:description\" content=\"Nopirkt MIL-TEC MUGURSOMA ASSAULT PACK RANGER GREEN\/BLACK \u2013 36L izdev\u012bga cena un pieg\u0101de. T\u016brisma pre\u010du interneta veikals, pas\u016bt\u012bt online 24\/7!\" \/>\n<meta property=\"og:url\" content=\"https:\/\/milbaza.lv\/en\/produkts\/mil-tec-mugursoma-assault-pack-ranger-green-black-36l\/\" \/>\n<meta property=\"og:site_name\" content=\"MILBAZA \u2013 Outdoor | Tactical | Adventure\" \/>\n<meta property=\"article:publisher\" content=\"https:\/\/www.facebook.com\/profile.php?id=100075399152223\" \/>\n<meta property=\"article:modified_time\" content=\"2026-05-09T05:53:10+00:00\" \/>\n<meta property=\"og:image\" content=\"https:\/\/milbaza.lv\/wp-content\/uploads\/2024\/06\/Mil-Tec_Backpacks_large_greencoyote002_1001x1001-1.webp\" \/>\n\t<meta property=\"og:image:width\" content=\"1001\" \/>\n\t<meta property=\"og:image:height\" content=\"1001\" \/>\n\t<meta property=\"og:image:type\" content=\"image\/webp\" \/>\n<meta name=\"twitter:card\" content=\"summary_large_image\" \/>\n<meta name=\"twitter:label1\" content=\"Est. reading time\" \/>\n\t<meta name=\"twitter:data1\" content=\"1 minute\" \/>\n<script type=\"application\/ld+json\" class=\"yoast-schema-graph\">{\"@context\":\"https:\\\/\\\/schema.org\",\"@graph\":[{\"@type\":\"WebPage\",\"@id\":\"https:\\\/\\\/milbaza.lv\\\/en\\\/produkts\\\/mil-tec-mugursoma-assault-pack-ranger-green-black-36l\\\/\",\"url\":\"https:\\\/\\\/milbaza.lv\\\/en\\\/produkts\\\/mil-tec-mugursoma-assault-pack-ranger-green-black-36l\\\/\",\"name\":\"MIL-TEC MUGURSOMA ASSAULT PACK RANGER \u2013 36L - MILBAZA \u2013 Outdoor | Tactical | Adventure\",\"isPartOf\":{\"@id\":\"https:\\\/\\\/milbaza.lv\\\/en\\\/#website\"},\"primaryImageOfPage\":{\"@id\":\"https:\\\/\\\/milbaza.lv\\\/en\\\/produkts\\\/mil-tec-mugursoma-assault-pack-ranger-green-black-36l\\\/#primaryimage\"},\"image\":{\"@id\":\"https:\\\/\\\/milbaza.lv\\\/en\\\/produkts\\\/mil-tec-mugursoma-assault-pack-ranger-green-black-36l\\\/#primaryimage\"},\"thumbnailUrl\":\"https:\\\/\\\/milbaza.lv\\\/wp-content\\\/uploads\\\/2024\\\/06\\\/Mil-Tec_Backpacks_large_greencoyote002_1001x1001-1.webp\",\"datePublished\":\"2024-06-20T14:55:22+00:00\",\"dateModified\":\"2026-05-09T05:53:10+00:00\",\"description\":\"Nopirkt MIL-TEC MUGURSOMA ASSAULT PACK RANGER GREEN\\\/BLACK \u2013 36L izdev\u012bga cena un pieg\u0101de. T\u016brisma pre\u010du interneta veikals, pas\u016bt\u012bt online 24\\\/7!\",\"breadcrumb\":{\"@id\":\"https:\\\/\\\/milbaza.lv\\\/en\\\/produkts\\\/mil-tec-mugursoma-assault-pack-ranger-green-black-36l\\\/#breadcrumb\"},\"inLanguage\":\"en-US\",\"potentialAction\":[{\"@type\":\"ReadAction\",\"target\":[\"https:\\\/\\\/milbaza.lv\\\/en\\\/produkts\\\/mil-tec-mugursoma-assault-pack-ranger-green-black-36l\\\/\"]}]},{\"@type\":\"ImageObject\",\"inLanguage\":\"en-US\",\"@id\":\"https:\\\/\\\/milbaza.lv\\\/en\\\/produkts\\\/mil-tec-mugursoma-assault-pack-ranger-green-black-36l\\\/#primaryimage\",\"url\":\"https:\\\/\\\/milbaza.lv\\\/wp-content\\\/uploads\\\/2024\\\/06\\\/Mil-Tec_Backpacks_large_greencoyote002_1001x1001-1.webp\",\"contentUrl\":\"https:\\\/\\\/milbaza.lv\\\/wp-content\\\/uploads\\\/2024\\\/06\\\/Mil-Tec_Backpacks_large_greencoyote002_1001x1001-1.webp\",\"width\":1001,\"height\":1001},{\"@type\":\"BreadcrumbList\",\"@id\":\"https:\\\/\\\/milbaza.lv\\\/en\\\/produkts\\\/mil-tec-mugursoma-assault-pack-ranger-green-black-36l\\\/#breadcrumb\",\"itemListElement\":[{\"@type\":\"ListItem\",\"position\":1,\"name\":\"Home\",\"item\":\"https:\\\/\\\/milbaza.lv\\\/en\\\/\"},{\"@type\":\"ListItem\",\"position\":2,\"name\":\"Shop\",\"item\":\"https:\\\/\\\/milbaza.lv\\\/en\\\/shop\\\/\"},{\"@type\":\"ListItem\",\"position\":3,\"name\":\"MIL-TEC MUGURSOMA ASSAULT PACK RANGER \u2013 36L\"}]},{\"@type\":\"WebSite\",\"@id\":\"https:\\\/\\\/milbaza.lv\\\/en\\\/#website\",\"url\":\"https:\\\/\\\/milbaza.lv\\\/en\\\/\",\"name\":\"MILBAZA \u2013 viss akt\u012bvai atp\u016btai\",\"description\":\"Outdoor | Tactical | Adventure\",\"publisher\":{\"@id\":\"https:\\\/\\\/milbaza.lv\\\/en\\\/#organization\"},\"potentialAction\":[{\"@type\":\"SearchAction\",\"target\":{\"@type\":\"EntryPoint\",\"urlTemplate\":\"https:\\\/\\\/milbaza.lv\\\/en\\\/?s={search_term_string}\"},\"query-input\":{\"@type\":\"PropertyValueSpecification\",\"valueRequired\":true,\"valueName\":\"search_term_string\"}}],\"inLanguage\":\"en-US\"},{\"@type\":\"Organization\",\"@id\":\"https:\\\/\\\/milbaza.lv\\\/en\\\/#organization\",\"name\":\"Milbaza\",\"url\":\"https:\\\/\\\/milbaza.lv\\\/en\\\/\",\"logo\":{\"@type\":\"ImageObject\",\"inLanguage\":\"en-US\",\"@id\":\"https:\\\/\\\/milbaza.lv\\\/en\\\/#\\\/schema\\\/logo\\\/image\\\/\",\"url\":\"https:\\\/\\\/milbaza.lv\\\/wp-content\\\/uploads\\\/2021\\\/11\\\/Mil_BAZA_logo3.png\",\"contentUrl\":\"https:\\\/\\\/milbaza.lv\\\/wp-content\\\/uploads\\\/2021\\\/11\\\/Mil_BAZA_logo3.png\",\"width\":564,\"height\":226,\"caption\":\"Milbaza\"},\"image\":{\"@id\":\"https:\\\/\\\/milbaza.lv\\\/en\\\/#\\\/schema\\\/logo\\\/image\\\/\"},\"sameAs\":[\"https:\\\/\\\/www.facebook.com\\\/profile.php?id=100075399152223\",\"https:\\\/\\\/www.instagram.com\\\/milbaza.lv\\\/\",\"https:\\\/\\\/www.pinterest.com\\\/milbaza\\\/_saved\\\/\",\"https:\\\/\\\/www.youtube.com\\\/channel\\\/UCrPXltd8hsNIiGAKc37hGfQ\"]}]}<\/script>\n<!-- \/ Yoast SEO plugin. -->","yoast_head_json":{"title":"MIL-TEC MUGURSOMA ASSAULT PACK RANGER \u2013 36L - MILBAZA \u2013 Outdoor | Tactical | Adventure","description":"Nopirkt MIL-TEC MUGURSOMA ASSAULT PACK RANGER GREEN\/BLACK \u2013 36L izdev\u012bga cena un pieg\u0101de. T\u016brisma pre\u010du interneta veikals, pas\u016bt\u012bt online 24\/7!","robots":{"index":"index","follow":"follow","max-snippet":"max-snippet:-1","max-image-preview":"max-image-preview:large","max-video-preview":"max-video-preview:-1"},"canonical":"https:\/\/milbaza.lv\/en\/produkts\/mil-tec-mugursoma-assault-pack-ranger-green-black-36l\/","og_locale":"en_US","og_type":"article","og_title":"MIL-TEC MUGURSOMA ASSAULT PACK RANGER \u2013 36L - MILBAZA \u2013 Outdoor | Tactical | Adventure","og_description":"Nopirkt MIL-TEC MUGURSOMA ASSAULT PACK RANGER GREEN\/BLACK \u2013 36L izdev\u012bga cena un pieg\u0101de. T\u016brisma pre\u010du interneta veikals, pas\u016bt\u012bt online 24\/7!","og_url":"https:\/\/milbaza.lv\/en\/produkts\/mil-tec-mugursoma-assault-pack-ranger-green-black-36l\/","og_site_name":"MILBAZA \u2013 Outdoor | Tactical | Adventure","article_publisher":"https:\/\/www.facebook.com\/profile.php?id=100075399152223","article_modified_time":"2026-05-09T05:53:10+00:00","og_image":[{"width":1001,"height":1001,"url":"https:\/\/milbaza.lv\/wp-content\/uploads\/2024\/06\/Mil-Tec_Backpacks_large_greencoyote002_1001x1001-1.webp","type":"image\/webp"}],"twitter_card":"summary_large_image","twitter_misc":{"Est. reading time":"1 minute"},"schema":{"@context":"https:\/\/schema.org","@graph":[{"@type":"WebPage","@id":"https:\/\/milbaza.lv\/en\/produkts\/mil-tec-mugursoma-assault-pack-ranger-green-black-36l\/","url":"https:\/\/milbaza.lv\/en\/produkts\/mil-tec-mugursoma-assault-pack-ranger-green-black-36l\/","name":"MIL-TEC MUGURSOMA ASSAULT PACK RANGER \u2013 36L - MILBAZA \u2013 Outdoor | Tactical | Adventure","isPartOf":{"@id":"https:\/\/milbaza.lv\/en\/#website"},"primaryImageOfPage":{"@id":"https:\/\/milbaza.lv\/en\/produkts\/mil-tec-mugursoma-assault-pack-ranger-green-black-36l\/#primaryimage"},"image":{"@id":"https:\/\/milbaza.lv\/en\/produkts\/mil-tec-mugursoma-assault-pack-ranger-green-black-36l\/#primaryimage"},"thumbnailUrl":"https:\/\/milbaza.lv\/wp-content\/uploads\/2024\/06\/Mil-Tec_Backpacks_large_greencoyote002_1001x1001-1.webp","datePublished":"2024-06-20T14:55:22+00:00","dateModified":"2026-05-09T05:53:10+00:00","description":"Nopirkt MIL-TEC MUGURSOMA ASSAULT PACK RANGER GREEN\/BLACK \u2013 36L izdev\u012bga cena un pieg\u0101de. T\u016brisma pre\u010du interneta veikals, pas\u016bt\u012bt online 24\/7!","breadcrumb":{"@id":"https:\/\/milbaza.lv\/en\/produkts\/mil-tec-mugursoma-assault-pack-ranger-green-black-36l\/#breadcrumb"},"inLanguage":"en-US","potentialAction":[{"@type":"ReadAction","target":["https:\/\/milbaza.lv\/en\/produkts\/mil-tec-mugursoma-assault-pack-ranger-green-black-36l\/"]}]},{"@type":"ImageObject","inLanguage":"en-US","@id":"https:\/\/milbaza.lv\/en\/produkts\/mil-tec-mugursoma-assault-pack-ranger-green-black-36l\/#primaryimage","url":"https:\/\/milbaza.lv\/wp-content\/uploads\/2024\/06\/Mil-Tec_Backpacks_large_greencoyote002_1001x1001-1.webp","contentUrl":"https:\/\/milbaza.lv\/wp-content\/uploads\/2024\/06\/Mil-Tec_Backpacks_large_greencoyote002_1001x1001-1.webp","width":1001,"height":1001},{"@type":"BreadcrumbList","@id":"https:\/\/milbaza.lv\/en\/produkts\/mil-tec-mugursoma-assault-pack-ranger-green-black-36l\/#breadcrumb","itemListElement":[{"@type":"ListItem","position":1,"name":"Home","item":"https:\/\/milbaza.lv\/en\/"},{"@type":"ListItem","position":2,"name":"Shop","item":"https:\/\/milbaza.lv\/en\/shop\/"},{"@type":"ListItem","position":3,"name":"MIL-TEC MUGURSOMA ASSAULT PACK RANGER \u2013 36L"}]},{"@type":"WebSite","@id":"https:\/\/milbaza.lv\/en\/#website","url":"https:\/\/milbaza.lv\/en\/","name":"MILBAZA \u2013 viss akt\u012bvai atp\u016btai","description":"Outdoor | Tactical | Adventure","publisher":{"@id":"https:\/\/milbaza.lv\/en\/#organization"},"potentialAction":[{"@type":"SearchAction","target":{"@type":"EntryPoint","urlTemplate":"https:\/\/milbaza.lv\/en\/?s={search_term_string}"},"query-input":{"@type":"PropertyValueSpecification","valueRequired":true,"valueName":"search_term_string"}}],"inLanguage":"en-US"},{"@type":"Organization","@id":"https:\/\/milbaza.lv\/en\/#organization","name":"Milbaza","url":"https:\/\/milbaza.lv\/en\/","logo":{"@type":"ImageObject","inLanguage":"en-US","@id":"https:\/\/milbaza.lv\/en\/#\/schema\/logo\/image\/","url":"https:\/\/milbaza.lv\/wp-content\/uploads\/2021\/11\/Mil_BAZA_logo3.png","contentUrl":"https:\/\/milbaza.lv\/wp-content\/uploads\/2021\/11\/Mil_BAZA_logo3.png","width":564,"height":226,"caption":"Milbaza"},"image":{"@id":"https:\/\/milbaza.lv\/en\/#\/schema\/logo\/image\/"},"sameAs":["https:\/\/www.facebook.com\/profile.php?id=100075399152223","https:\/\/www.instagram.com\/milbaza.lv\/","https:\/\/www.pinterest.com\/milbaza\/_saved\/","https:\/\/www.youtube.com\/channel\/UCrPXltd8hsNIiGAKc37hGfQ"]}]}},"_links":{"self":[{"href":"https:\/\/milbaza.lv\/en\/wp-json\/wp\/v2\/product\/44182","targetHints":{"allow":["GET"]}}],"collection":[{"href":"https:\/\/milbaza.lv\/en\/wp-json\/wp\/v2\/product"}],"about":[{"href":"https:\/\/milbaza.lv\/en\/wp-json\/wp\/v2\/types\/product"}],"replies":[{"embeddable":true,"href":"https:\/\/milbaza.lv\/en\/wp-json\/wp\/v2\/comments?post=44182"}],"wp:featuredmedia":[{"embeddable":true,"href":"https:\/\/milbaza.lv\/en\/wp-json\/wp\/v2\/media\/44183"}],"wp:attachment":[{"href":"https:\/\/milbaza.lv\/en\/wp-json\/wp\/v2\/media?parent=44182"}],"wp:term":[{"taxonomy":"product_brand","embeddable":true,"href":"https:\/\/milbaza.lv\/en\/wp-json\/wp\/v2\/product_brand?post=44182"},{"taxonomy":"product_cat","embeddable":true,"href":"https:\/\/milbaza.lv\/en\/wp-json\/wp\/v2\/product_cat?post=44182"},{"taxonomy":"product_tag","embeddable":true,"href":"https:\/\/milbaza.lv\/en\/wp-json\/wp\/v2\/product_tag?post=44182"}],"curies":[{"name":"wp","href":"https:\/\/api.w.org\/{rel}","templated":true}]}}