{"id":45921,"date":"2025-01-16T12:36:08","date_gmt":"2025-01-16T10:36:08","guid":{"rendered":"https:\/\/milbaza.lv\/?post_type=product&#038;p=45921"},"modified":"2026-05-06T10:21:44","modified_gmt":"2026-05-06T07:21:44","slug":"pvc-3d-sewing-with-velcro-drone-zone","status":"publish","type":"product","link":"https:\/\/milbaza.lv\/en\/produkts\/pvc-3d-sewing-with-velcro-drone-zone\/","title":{"rendered":"M-TAC PATCH HELMET SKULL (OLIVE)"},"content":{"rendered":"<p>Uz\u0161uve ir izgatavota no augstas kvalit\u0101tes PVC, izmantojot 3D tehnolo\u0123iju, padarot to tr\u012bsdimensiju izskatu un att\u0113lu \u013coti re\u0101listisku.<br \/>\nPateicoties Velcro, var piestiprin\u0101t gan pie ekip\u0113juma, gan ap\u0123\u0113rba.<\/p>\n<p>Gumijas izk\u0101rtnes izm\u0113rs ir 8,5 x 6,5 cm<br \/>\nSvars: 15 g<br \/>\nMateri\u0101ls: polivinilhlor\u012bds<\/p>\n","protected":false},"excerpt":{"rendered":"<p>Uz\u0161uve ir izgatavota no augstas kvalit\u0101tes PVC, izmantojot 3D tehnolo\u0123iju, padarot to tr\u012bsdimensiju izskatu un att\u0113lu \u013coti re\u0101listisku. Pateicoties Velcro, var piestiprin\u0101t gan pie ekip\u0113juma, gan ap\u0123\u0113rba. Gumijas izk\u0101rtnes izm\u0113rs ir 8,5 x 6,5 cm Svars: 15 g Materi\u0101ls: polivinilhlor\u012bds<\/p>\n","protected":false},"featured_media":46158,"comment_status":"open","ping_status":"closed","template":"","meta":{"_acf_changed":false},"product_brand":[],"product_cat":[411],"product_tag":[],"class_list":{"0":"post-45921","1":"product","2":"type-product","3":"status-publish","4":"has-post-thumbnail","6":"product_cat-patchs","8":"first","9":"outofstock","10":"taxable","11":"shipping-taxable","12":"purchasable","13":"product-type-simple"},"acf":[],"yoast_head":"<!-- This site is optimized with the Yoast SEO plugin v27.4 - https:\/\/yoast.com\/product\/yoast-seo-wordpress\/ -->\n<title>M-TAC PATCH HELMET SKULL (OLIVE) - MILBAZA \u2013 Outdoor | Tactical | Adventure<\/title>\n<meta name=\"description\" content=\"Buy at M-TAC PATCH HELMET SKULL (OLIVE) a favorable price and delivery. Tourist goods online store, order online 24\/7!\" \/>\n<meta name=\"robots\" content=\"index, follow, max-snippet:-1, max-image-preview:large, max-video-preview:-1\" \/>\n<link rel=\"canonical\" href=\"https:\/\/milbaza.lv\/en\/produkts\/pvc-3d-sewing-with-velcro-drone-zone\/\" \/>\n<meta property=\"og:locale\" content=\"en_US\" \/>\n<meta property=\"og:type\" content=\"article\" \/>\n<meta property=\"og:title\" content=\"M-TAC PATCH HELMET SKULL (OLIVE) - MILBAZA \u2013 Outdoor | Tactical | Adventure\" \/>\n<meta property=\"og:description\" content=\"Buy at M-TAC PATCH HELMET SKULL (OLIVE) a favorable price and delivery. Tourist goods online store, order online 24\/7!\" \/>\n<meta property=\"og:url\" content=\"https:\/\/milbaza.lv\/en\/produkts\/pvc-3d-sewing-with-velcro-drone-zone\/\" \/>\n<meta property=\"og:site_name\" content=\"MILBAZA \u2013 Outdoor | Tactical | Adventure\" \/>\n<meta property=\"article:publisher\" content=\"https:\/\/www.facebook.com\/profile.php?id=100075399152223\" \/>\n<meta property=\"article:modified_time\" content=\"2026-05-06T07:21:44+00:00\" \/>\n<meta property=\"og:image\" content=\"https:\/\/milbaza.lv\/wp-content\/uploads\/2025\/01\/abacffb7-11e6-11ef-aa15-00155d65b41a_89e6556e-11e7-11ef-aa15-00155d65b41a-1.jpg\" \/>\n\t<meta property=\"og:image:width\" content=\"506\" \/>\n\t<meta property=\"og:image:height\" content=\"506\" \/>\n\t<meta property=\"og:image:type\" content=\"image\/jpeg\" \/>\n<meta name=\"twitter:card\" content=\"summary_large_image\" \/>\n<script type=\"application\/ld+json\" class=\"yoast-schema-graph\">{\"@context\":\"https:\\\/\\\/schema.org\",\"@graph\":[{\"@type\":\"WebPage\",\"@id\":\"https:\\\/\\\/milbaza.lv\\\/en\\\/produkts\\\/pvc-3d-sewing-with-velcro-drone-zone\\\/\",\"url\":\"https:\\\/\\\/milbaza.lv\\\/en\\\/produkts\\\/pvc-3d-sewing-with-velcro-drone-zone\\\/\",\"name\":\"M-TAC PATCH HELMET SKULL (OLIVE) - MILBAZA \u2013 Outdoor | Tactical | Adventure\",\"isPartOf\":{\"@id\":\"https:\\\/\\\/milbaza.lv\\\/en\\\/#website\"},\"primaryImageOfPage\":{\"@id\":\"https:\\\/\\\/milbaza.lv\\\/en\\\/produkts\\\/pvc-3d-sewing-with-velcro-drone-zone\\\/#primaryimage\"},\"image\":{\"@id\":\"https:\\\/\\\/milbaza.lv\\\/en\\\/produkts\\\/pvc-3d-sewing-with-velcro-drone-zone\\\/#primaryimage\"},\"thumbnailUrl\":\"https:\\\/\\\/milbaza.lv\\\/wp-content\\\/uploads\\\/2025\\\/01\\\/abacffb7-11e6-11ef-aa15-00155d65b41a_89e6556e-11e7-11ef-aa15-00155d65b41a-1.jpg\",\"datePublished\":\"2025-01-16T10:36:08+00:00\",\"dateModified\":\"2026-05-06T07:21:44+00:00\",\"description\":\"Buy at M-TAC PATCH HELMET SKULL (OLIVE) a favorable price and delivery. Tourist goods online store, order online 24\\\/7!\",\"breadcrumb\":{\"@id\":\"https:\\\/\\\/milbaza.lv\\\/en\\\/produkts\\\/pvc-3d-sewing-with-velcro-drone-zone\\\/#breadcrumb\"},\"inLanguage\":\"en-US\",\"potentialAction\":[{\"@type\":\"ReadAction\",\"target\":[\"https:\\\/\\\/milbaza.lv\\\/en\\\/produkts\\\/pvc-3d-sewing-with-velcro-drone-zone\\\/\"]}]},{\"@type\":\"ImageObject\",\"inLanguage\":\"en-US\",\"@id\":\"https:\\\/\\\/milbaza.lv\\\/en\\\/produkts\\\/pvc-3d-sewing-with-velcro-drone-zone\\\/#primaryimage\",\"url\":\"https:\\\/\\\/milbaza.lv\\\/wp-content\\\/uploads\\\/2025\\\/01\\\/abacffb7-11e6-11ef-aa15-00155d65b41a_89e6556e-11e7-11ef-aa15-00155d65b41a-1.jpg\",\"contentUrl\":\"https:\\\/\\\/milbaza.lv\\\/wp-content\\\/uploads\\\/2025\\\/01\\\/abacffb7-11e6-11ef-aa15-00155d65b41a_89e6556e-11e7-11ef-aa15-00155d65b41a-1.jpg\",\"width\":506,\"height\":506},{\"@type\":\"BreadcrumbList\",\"@id\":\"https:\\\/\\\/milbaza.lv\\\/en\\\/produkts\\\/pvc-3d-sewing-with-velcro-drone-zone\\\/#breadcrumb\",\"itemListElement\":[{\"@type\":\"ListItem\",\"position\":1,\"name\":\"Home\",\"item\":\"https:\\\/\\\/milbaza.lv\\\/en\\\/\"},{\"@type\":\"ListItem\",\"position\":2,\"name\":\"Shop\",\"item\":\"https:\\\/\\\/milbaza.lv\\\/en\\\/shop\\\/\"},{\"@type\":\"ListItem\",\"position\":3,\"name\":\"M-TAC PATCH HELMET SKULL (OLIVE)\"}]},{\"@type\":\"WebSite\",\"@id\":\"https:\\\/\\\/milbaza.lv\\\/en\\\/#website\",\"url\":\"https:\\\/\\\/milbaza.lv\\\/en\\\/\",\"name\":\"MILBAZA \u2013 viss akt\u012bvai atp\u016btai\",\"description\":\"Outdoor | Tactical | Adventure\",\"publisher\":{\"@id\":\"https:\\\/\\\/milbaza.lv\\\/en\\\/#organization\"},\"potentialAction\":[{\"@type\":\"SearchAction\",\"target\":{\"@type\":\"EntryPoint\",\"urlTemplate\":\"https:\\\/\\\/milbaza.lv\\\/en\\\/?s={search_term_string}\"},\"query-input\":{\"@type\":\"PropertyValueSpecification\",\"valueRequired\":true,\"valueName\":\"search_term_string\"}}],\"inLanguage\":\"en-US\"},{\"@type\":\"Organization\",\"@id\":\"https:\\\/\\\/milbaza.lv\\\/en\\\/#organization\",\"name\":\"Milbaza\",\"url\":\"https:\\\/\\\/milbaza.lv\\\/en\\\/\",\"logo\":{\"@type\":\"ImageObject\",\"inLanguage\":\"en-US\",\"@id\":\"https:\\\/\\\/milbaza.lv\\\/en\\\/#\\\/schema\\\/logo\\\/image\\\/\",\"url\":\"https:\\\/\\\/milbaza.lv\\\/wp-content\\\/uploads\\\/2021\\\/11\\\/Mil_BAZA_logo3.png\",\"contentUrl\":\"https:\\\/\\\/milbaza.lv\\\/wp-content\\\/uploads\\\/2021\\\/11\\\/Mil_BAZA_logo3.png\",\"width\":564,\"height\":226,\"caption\":\"Milbaza\"},\"image\":{\"@id\":\"https:\\\/\\\/milbaza.lv\\\/en\\\/#\\\/schema\\\/logo\\\/image\\\/\"},\"sameAs\":[\"https:\\\/\\\/www.facebook.com\\\/profile.php?id=100075399152223\",\"https:\\\/\\\/www.instagram.com\\\/milbaza.lv\\\/\",\"https:\\\/\\\/www.pinterest.com\\\/milbaza\\\/_saved\\\/\",\"https:\\\/\\\/www.youtube.com\\\/channel\\\/UCrPXltd8hsNIiGAKc37hGfQ\"]}]}<\/script>\n<!-- \/ Yoast SEO plugin. -->","yoast_head_json":{"title":"M-TAC PATCH HELMET SKULL (OLIVE) - MILBAZA \u2013 Outdoor | Tactical | Adventure","description":"Buy at M-TAC PATCH HELMET SKULL (OLIVE) a favorable price and delivery. Tourist goods online store, order online 24\/7!","robots":{"index":"index","follow":"follow","max-snippet":"max-snippet:-1","max-image-preview":"max-image-preview:large","max-video-preview":"max-video-preview:-1"},"canonical":"https:\/\/milbaza.lv\/en\/produkts\/pvc-3d-sewing-with-velcro-drone-zone\/","og_locale":"en_US","og_type":"article","og_title":"M-TAC PATCH HELMET SKULL (OLIVE) - MILBAZA \u2013 Outdoor | Tactical | Adventure","og_description":"Buy at M-TAC PATCH HELMET SKULL (OLIVE) a favorable price and delivery. Tourist goods online store, order online 24\/7!","og_url":"https:\/\/milbaza.lv\/en\/produkts\/pvc-3d-sewing-with-velcro-drone-zone\/","og_site_name":"MILBAZA \u2013 Outdoor | Tactical | Adventure","article_publisher":"https:\/\/www.facebook.com\/profile.php?id=100075399152223","article_modified_time":"2026-05-06T07:21:44+00:00","og_image":[{"width":506,"height":506,"url":"https:\/\/milbaza.lv\/wp-content\/uploads\/2025\/01\/abacffb7-11e6-11ef-aa15-00155d65b41a_89e6556e-11e7-11ef-aa15-00155d65b41a-1.jpg","type":"image\/jpeg"}],"twitter_card":"summary_large_image","schema":{"@context":"https:\/\/schema.org","@graph":[{"@type":"WebPage","@id":"https:\/\/milbaza.lv\/en\/produkts\/pvc-3d-sewing-with-velcro-drone-zone\/","url":"https:\/\/milbaza.lv\/en\/produkts\/pvc-3d-sewing-with-velcro-drone-zone\/","name":"M-TAC PATCH HELMET SKULL (OLIVE) - MILBAZA \u2013 Outdoor | Tactical | Adventure","isPartOf":{"@id":"https:\/\/milbaza.lv\/en\/#website"},"primaryImageOfPage":{"@id":"https:\/\/milbaza.lv\/en\/produkts\/pvc-3d-sewing-with-velcro-drone-zone\/#primaryimage"},"image":{"@id":"https:\/\/milbaza.lv\/en\/produkts\/pvc-3d-sewing-with-velcro-drone-zone\/#primaryimage"},"thumbnailUrl":"https:\/\/milbaza.lv\/wp-content\/uploads\/2025\/01\/abacffb7-11e6-11ef-aa15-00155d65b41a_89e6556e-11e7-11ef-aa15-00155d65b41a-1.jpg","datePublished":"2025-01-16T10:36:08+00:00","dateModified":"2026-05-06T07:21:44+00:00","description":"Buy at M-TAC PATCH HELMET SKULL (OLIVE) a favorable price and delivery. Tourist goods online store, order online 24\/7!","breadcrumb":{"@id":"https:\/\/milbaza.lv\/en\/produkts\/pvc-3d-sewing-with-velcro-drone-zone\/#breadcrumb"},"inLanguage":"en-US","potentialAction":[{"@type":"ReadAction","target":["https:\/\/milbaza.lv\/en\/produkts\/pvc-3d-sewing-with-velcro-drone-zone\/"]}]},{"@type":"ImageObject","inLanguage":"en-US","@id":"https:\/\/milbaza.lv\/en\/produkts\/pvc-3d-sewing-with-velcro-drone-zone\/#primaryimage","url":"https:\/\/milbaza.lv\/wp-content\/uploads\/2025\/01\/abacffb7-11e6-11ef-aa15-00155d65b41a_89e6556e-11e7-11ef-aa15-00155d65b41a-1.jpg","contentUrl":"https:\/\/milbaza.lv\/wp-content\/uploads\/2025\/01\/abacffb7-11e6-11ef-aa15-00155d65b41a_89e6556e-11e7-11ef-aa15-00155d65b41a-1.jpg","width":506,"height":506},{"@type":"BreadcrumbList","@id":"https:\/\/milbaza.lv\/en\/produkts\/pvc-3d-sewing-with-velcro-drone-zone\/#breadcrumb","itemListElement":[{"@type":"ListItem","position":1,"name":"Home","item":"https:\/\/milbaza.lv\/en\/"},{"@type":"ListItem","position":2,"name":"Shop","item":"https:\/\/milbaza.lv\/en\/shop\/"},{"@type":"ListItem","position":3,"name":"M-TAC PATCH HELMET SKULL (OLIVE)"}]},{"@type":"WebSite","@id":"https:\/\/milbaza.lv\/en\/#website","url":"https:\/\/milbaza.lv\/en\/","name":"MILBAZA \u2013 viss akt\u012bvai atp\u016btai","description":"Outdoor | Tactical | Adventure","publisher":{"@id":"https:\/\/milbaza.lv\/en\/#organization"},"potentialAction":[{"@type":"SearchAction","target":{"@type":"EntryPoint","urlTemplate":"https:\/\/milbaza.lv\/en\/?s={search_term_string}"},"query-input":{"@type":"PropertyValueSpecification","valueRequired":true,"valueName":"search_term_string"}}],"inLanguage":"en-US"},{"@type":"Organization","@id":"https:\/\/milbaza.lv\/en\/#organization","name":"Milbaza","url":"https:\/\/milbaza.lv\/en\/","logo":{"@type":"ImageObject","inLanguage":"en-US","@id":"https:\/\/milbaza.lv\/en\/#\/schema\/logo\/image\/","url":"https:\/\/milbaza.lv\/wp-content\/uploads\/2021\/11\/Mil_BAZA_logo3.png","contentUrl":"https:\/\/milbaza.lv\/wp-content\/uploads\/2021\/11\/Mil_BAZA_logo3.png","width":564,"height":226,"caption":"Milbaza"},"image":{"@id":"https:\/\/milbaza.lv\/en\/#\/schema\/logo\/image\/"},"sameAs":["https:\/\/www.facebook.com\/profile.php?id=100075399152223","https:\/\/www.instagram.com\/milbaza.lv\/","https:\/\/www.pinterest.com\/milbaza\/_saved\/","https:\/\/www.youtube.com\/channel\/UCrPXltd8hsNIiGAKc37hGfQ"]}]}},"_links":{"self":[{"href":"https:\/\/milbaza.lv\/en\/wp-json\/wp\/v2\/product\/45921","targetHints":{"allow":["GET"]}}],"collection":[{"href":"https:\/\/milbaza.lv\/en\/wp-json\/wp\/v2\/product"}],"about":[{"href":"https:\/\/milbaza.lv\/en\/wp-json\/wp\/v2\/types\/product"}],"replies":[{"embeddable":true,"href":"https:\/\/milbaza.lv\/en\/wp-json\/wp\/v2\/comments?post=45921"}],"wp:featuredmedia":[{"embeddable":true,"href":"https:\/\/milbaza.lv\/en\/wp-json\/wp\/v2\/media\/46158"}],"wp:attachment":[{"href":"https:\/\/milbaza.lv\/en\/wp-json\/wp\/v2\/media?parent=45921"}],"wp:term":[{"taxonomy":"product_brand","embeddable":true,"href":"https:\/\/milbaza.lv\/en\/wp-json\/wp\/v2\/product_brand?post=45921"},{"taxonomy":"product_cat","embeddable":true,"href":"https:\/\/milbaza.lv\/en\/wp-json\/wp\/v2\/product_cat?post=45921"},{"taxonomy":"product_tag","embeddable":true,"href":"https:\/\/milbaza.lv\/en\/wp-json\/wp\/v2\/product_tag?post=45921"}],"curies":[{"name":"wp","href":"https:\/\/api.w.org\/{rel}","templated":true}]}}