{"id":5253,"date":"2022-03-10T11:50:27","date_gmt":"2022-03-10T09:50:27","guid":{"rendered":"https:\/\/milbaza.lv\/?post_type=product&#038;p=5253"},"modified":"2026-04-18T00:53:22","modified_gmt":"2026-04-17T21:53:22","slug":"mil-tec-somina-od-molle-belt-office","status":"publish","type":"product","link":"https:\/\/milbaza.lv\/en\/produkts\/mil-tec-somina-od-molle-belt-office\/","title":{"rendered":"MIL-TEC SOMI\u0145A MOLLE BELT OFFICE"},"content":{"rendered":"<p>\u0112rts organizators, kas aizveras ar diviem r\u0101v\u0113jsl\u0113dz\u0113jiem un izvilk\u0161anas r\u012bkiem no Mil-Tec. \u0100rpus\u0113 ir sieta kabata. Iek\u0161pus\u0113 ir 4 atsevi\u0161\u0137i nodal\u012bjumi da\u017e\u0101diem priek\u0161metiem. Turkl\u0101t iek\u0161pus\u0113 ir divi \u0101\u0137\u012b\u0161i attiec\u012bgi siksnai un auklai. Velcro panelis \u013cauj personaliz\u0113t organizatoru ar milit\u0101r\u0101m uz\u0161uv\u0113m.<\/p>\n<p>Organizators ir izgatavots no poliestera, kas ir sapr\u0101t\u012bgs l\u012bdzsvars starp iztur\u012bbu un svaru. Visu papildina MOLLE\/PALS sader\u012bga spriego\u0161anas stiprin\u0101juma siksna, lai organizatoru var\u0113tu novietot uz taktisk\u0101s vestes. T\u0101 izvietojums aug\u0161pus\u0113 rada cilpu, kas nodro\u0161ina papildu elementu cita apr\u012bkojuma n\u0113s\u0101\u0161anai vai piestiprin\u0101\u0161anai.<\/p>\n<p>Funkcijas:<br \/>\nMOLLE\/PALS stiprin\u0101mais organizators<br \/>\nAiztais\u0101ms ar diviem r\u0101v\u0113jsl\u0113dz\u0113jiem ar knied\u0113m<br \/>\nVelcro panelis \u0101rpus\u0113 un sieta kabata<br \/>\nIek\u0161pus\u0113 4 nodal\u012bjumi un 2 aukli\u0146as aizdares \u0101\u0137i un siksna<br \/>\nIzgatavots no poliestera un PVC ar m\u012bkstiem EVA putu elementiem<br \/>\nCilpa citu priek\u0161metu n\u0113s\u0101\u0161anai vai piestiprin\u0101\u0161anai<\/p>\n<p>Izm\u0113ri: 190 x 130 mm<br \/>\nSader\u012bba: MOLLE\/PALS<br \/>\nMateri\u0101ls: Poliestera, PVC, EVA putas<br \/>\nSvars: 115 g<\/p>\n","protected":false},"excerpt":{"rendered":"<p>\u0112rts organizators, kas aizveras ar diviem r\u0101v\u0113jsl\u0113dz\u0113jiem un izvilk\u0161anas r\u012bkiem no Mil-Tec. \u0100rpus\u0113 ir sieta kabata. Iek\u0161pus\u0113 ir 4 atsevi\u0161\u0137i nodal\u012bjumi da\u017e\u0101diem priek\u0161metiem. Turkl\u0101t iek\u0161pus\u0113 ir divi \u0101\u0137\u012b\u0161i attiec\u012bgi siksnai un auklai. Velcro panelis \u013cauj personaliz\u0113t organizatoru ar milit\u0101r\u0101m uz\u0161uv\u0113m. Organizators ir izgatavots no poliestera, kas ir sapr\u0101t\u012bgs l\u012bdzsvars starp iztur\u012bbu un svaru. Visu papildina [&#8230;]\n","protected":false},"featured_media":5254,"comment_status":"open","ping_status":"closed","template":"","meta":{"_acf_changed":false},"product_brand":[],"product_cat":[215,28],"product_tag":[],"class_list":{"0":"post-5253","1":"product","2":"type-product","3":"status-publish","4":"has-post-thumbnail","6":"product_cat-sominas","7":"product_cat-mugursomas-somas","9":"first","10":"instock","11":"taxable","12":"shipping-taxable","13":"purchasable","14":"product-type-variable"},"acf":[],"yoast_head":"<!-- This site is optimized with the Yoast SEO plugin v26.7 - https:\/\/yoast.com\/wordpress\/plugins\/seo\/ -->\n<title>MIL-TEC SOMI\u0145A MOLLE BELT OFFICE - MILBAZA \u2013 Outdoor | Tactical | Adventure<\/title>\n<meta name=\"description\" content=\"Nopirkt MIL-TEC SOMI\u0145A MOLLE BELT OFFICE, izdev\u012bga cena un pieg\u0101de. T\u016brisma pre\u010du interneta veikals, pas\u016bt\u012bt online 24\/7!\" \/>\n<meta name=\"robots\" content=\"index, follow, max-snippet:-1, max-image-preview:large, max-video-preview:-1\" \/>\n<link rel=\"canonical\" href=\"https:\/\/milbaza.lv\/en\/produkts\/mil-tec-somina-od-molle-belt-office\/\" \/>\n<meta property=\"og:locale\" content=\"en_US\" \/>\n<meta property=\"og:type\" content=\"article\" \/>\n<meta property=\"og:title\" content=\"MIL-TEC SOMI\u0145A MOLLE BELT OFFICE - MILBAZA \u2013 Outdoor | Tactical | Adventure\" \/>\n<meta property=\"og:description\" content=\"Nopirkt MIL-TEC SOMI\u0145A MOLLE BELT OFFICE, izdev\u012bga cena un pieg\u0101de. T\u016brisma pre\u010du interneta veikals, pas\u016bt\u012bt online 24\/7!\" \/>\n<meta property=\"og:url\" content=\"https:\/\/milbaza.lv\/en\/produkts\/mil-tec-somina-od-molle-belt-office\/\" \/>\n<meta property=\"og:site_name\" content=\"MILBAZA \u2013 Outdoor | Tactical | Adventure\" \/>\n<meta property=\"article:publisher\" content=\"https:\/\/www.facebook.com\/profile.php?id=100075399152223\" \/>\n<meta property=\"article:modified_time\" content=\"2026-04-17T21:53:22+00:00\" \/>\n<meta property=\"og:image\" content=\"https:\/\/milbaza.lv\/wp-content\/uploads\/2022\/03\/13489001.jpg\" \/>\n\t<meta property=\"og:image:width\" content=\"945\" \/>\n\t<meta property=\"og:image:height\" content=\"1181\" \/>\n\t<meta property=\"og:image:type\" content=\"image\/jpeg\" \/>\n<meta name=\"twitter:card\" content=\"summary_large_image\" \/>\n<meta name=\"twitter:label1\" content=\"Est. reading time\" \/>\n\t<meta name=\"twitter:data1\" content=\"1 minute\" \/>\n<script type=\"application\/ld+json\" class=\"yoast-schema-graph\">{\"@context\":\"https:\/\/schema.org\",\"@graph\":[{\"@type\":\"WebPage\",\"@id\":\"https:\/\/milbaza.lv\/en\/produkts\/mil-tec-somina-od-molle-belt-office\/\",\"url\":\"https:\/\/milbaza.lv\/en\/produkts\/mil-tec-somina-od-molle-belt-office\/\",\"name\":\"MIL-TEC SOMI\u0145A MOLLE BELT OFFICE - MILBAZA \u2013 Outdoor | Tactical | Adventure\",\"isPartOf\":{\"@id\":\"https:\/\/milbaza.lv\/en\/#website\"},\"primaryImageOfPage\":{\"@id\":\"https:\/\/milbaza.lv\/en\/produkts\/mil-tec-somina-od-molle-belt-office\/#primaryimage\"},\"image\":{\"@id\":\"https:\/\/milbaza.lv\/en\/produkts\/mil-tec-somina-od-molle-belt-office\/#primaryimage\"},\"thumbnailUrl\":\"https:\/\/milbaza.lv\/wp-content\/uploads\/2022\/03\/13489001.jpg\",\"datePublished\":\"2022-03-10T09:50:27+00:00\",\"dateModified\":\"2026-04-17T21:53:22+00:00\",\"description\":\"Nopirkt MIL-TEC SOMI\u0145A MOLLE BELT OFFICE, izdev\u012bga cena un pieg\u0101de. T\u016brisma pre\u010du interneta veikals, pas\u016bt\u012bt online 24\/7!\",\"breadcrumb\":{\"@id\":\"https:\/\/milbaza.lv\/en\/produkts\/mil-tec-somina-od-molle-belt-office\/#breadcrumb\"},\"inLanguage\":\"en-US\",\"potentialAction\":[{\"@type\":\"ReadAction\",\"target\":[\"https:\/\/milbaza.lv\/en\/produkts\/mil-tec-somina-od-molle-belt-office\/\"]}]},{\"@type\":\"ImageObject\",\"inLanguage\":\"en-US\",\"@id\":\"https:\/\/milbaza.lv\/en\/produkts\/mil-tec-somina-od-molle-belt-office\/#primaryimage\",\"url\":\"https:\/\/milbaza.lv\/wp-content\/uploads\/2022\/03\/13489001.jpg\",\"contentUrl\":\"https:\/\/milbaza.lv\/wp-content\/uploads\/2022\/03\/13489001.jpg\",\"width\":945,\"height\":1181},{\"@type\":\"BreadcrumbList\",\"@id\":\"https:\/\/milbaza.lv\/en\/produkts\/mil-tec-somina-od-molle-belt-office\/#breadcrumb\",\"itemListElement\":[{\"@type\":\"ListItem\",\"position\":1,\"name\":\"Home\",\"item\":\"https:\/\/milbaza.lv\/en\/\"},{\"@type\":\"ListItem\",\"position\":2,\"name\":\"Shop\",\"item\":\"https:\/\/milbaza.lv\/en\/shop\/\"},{\"@type\":\"ListItem\",\"position\":3,\"name\":\"MIL-TEC SOMI\u0145A MOLLE BELT OFFICE\"}]},{\"@type\":\"WebSite\",\"@id\":\"https:\/\/milbaza.lv\/en\/#website\",\"url\":\"https:\/\/milbaza.lv\/en\/\",\"name\":\"MILBAZA \u2013 viss akt\u012bvai atp\u016btai\",\"description\":\"Outdoor | Tactical | Adventure\",\"publisher\":{\"@id\":\"https:\/\/milbaza.lv\/en\/#organization\"},\"potentialAction\":[{\"@type\":\"SearchAction\",\"target\":{\"@type\":\"EntryPoint\",\"urlTemplate\":\"https:\/\/milbaza.lv\/en\/?s={search_term_string}\"},\"query-input\":{\"@type\":\"PropertyValueSpecification\",\"valueRequired\":true,\"valueName\":\"search_term_string\"}}],\"inLanguage\":\"en-US\"},{\"@type\":\"Organization\",\"@id\":\"https:\/\/milbaza.lv\/en\/#organization\",\"name\":\"Milbaza\",\"url\":\"https:\/\/milbaza.lv\/en\/\",\"logo\":{\"@type\":\"ImageObject\",\"inLanguage\":\"en-US\",\"@id\":\"https:\/\/milbaza.lv\/en\/#\/schema\/logo\/image\/\",\"url\":\"https:\/\/milbaza.lv\/wp-content\/uploads\/2021\/11\/Mil_BAZA_logo3.png\",\"contentUrl\":\"https:\/\/milbaza.lv\/wp-content\/uploads\/2021\/11\/Mil_BAZA_logo3.png\",\"width\":564,\"height\":226,\"caption\":\"Milbaza\"},\"image\":{\"@id\":\"https:\/\/milbaza.lv\/en\/#\/schema\/logo\/image\/\"},\"sameAs\":[\"https:\/\/www.facebook.com\/profile.php?id=100075399152223\",\"https:\/\/www.instagram.com\/milbaza.lv\/\",\"https:\/\/www.pinterest.com\/milbaza\/_saved\/\",\"https:\/\/www.youtube.com\/channel\/UCrPXltd8hsNIiGAKc37hGfQ\"]}]}<\/script>\n<!-- \/ Yoast SEO plugin. -->","yoast_head_json":{"title":"MIL-TEC SOMI\u0145A MOLLE BELT OFFICE - MILBAZA \u2013 Outdoor | Tactical | Adventure","description":"Nopirkt MIL-TEC SOMI\u0145A MOLLE BELT OFFICE, izdev\u012bga cena un pieg\u0101de. T\u016brisma pre\u010du interneta veikals, pas\u016bt\u012bt online 24\/7!","robots":{"index":"index","follow":"follow","max-snippet":"max-snippet:-1","max-image-preview":"max-image-preview:large","max-video-preview":"max-video-preview:-1"},"canonical":"https:\/\/milbaza.lv\/en\/produkts\/mil-tec-somina-od-molle-belt-office\/","og_locale":"en_US","og_type":"article","og_title":"MIL-TEC SOMI\u0145A MOLLE BELT OFFICE - MILBAZA \u2013 Outdoor | Tactical | Adventure","og_description":"Nopirkt MIL-TEC SOMI\u0145A MOLLE BELT OFFICE, izdev\u012bga cena un pieg\u0101de. T\u016brisma pre\u010du interneta veikals, pas\u016bt\u012bt online 24\/7!","og_url":"https:\/\/milbaza.lv\/en\/produkts\/mil-tec-somina-od-molle-belt-office\/","og_site_name":"MILBAZA \u2013 Outdoor | Tactical | Adventure","article_publisher":"https:\/\/www.facebook.com\/profile.php?id=100075399152223","article_modified_time":"2026-04-17T21:53:22+00:00","og_image":[{"width":945,"height":1181,"url":"https:\/\/milbaza.lv\/wp-content\/uploads\/2022\/03\/13489001.jpg","type":"image\/jpeg"}],"twitter_card":"summary_large_image","twitter_misc":{"Est. reading time":"1 minute"},"schema":{"@context":"https:\/\/schema.org","@graph":[{"@type":"WebPage","@id":"https:\/\/milbaza.lv\/en\/produkts\/mil-tec-somina-od-molle-belt-office\/","url":"https:\/\/milbaza.lv\/en\/produkts\/mil-tec-somina-od-molle-belt-office\/","name":"MIL-TEC SOMI\u0145A MOLLE BELT OFFICE - MILBAZA \u2013 Outdoor | Tactical | Adventure","isPartOf":{"@id":"https:\/\/milbaza.lv\/en\/#website"},"primaryImageOfPage":{"@id":"https:\/\/milbaza.lv\/en\/produkts\/mil-tec-somina-od-molle-belt-office\/#primaryimage"},"image":{"@id":"https:\/\/milbaza.lv\/en\/produkts\/mil-tec-somina-od-molle-belt-office\/#primaryimage"},"thumbnailUrl":"https:\/\/milbaza.lv\/wp-content\/uploads\/2022\/03\/13489001.jpg","datePublished":"2022-03-10T09:50:27+00:00","dateModified":"2026-04-17T21:53:22+00:00","description":"Nopirkt MIL-TEC SOMI\u0145A MOLLE BELT OFFICE, izdev\u012bga cena un pieg\u0101de. T\u016brisma pre\u010du interneta veikals, pas\u016bt\u012bt online 24\/7!","breadcrumb":{"@id":"https:\/\/milbaza.lv\/en\/produkts\/mil-tec-somina-od-molle-belt-office\/#breadcrumb"},"inLanguage":"en-US","potentialAction":[{"@type":"ReadAction","target":["https:\/\/milbaza.lv\/en\/produkts\/mil-tec-somina-od-molle-belt-office\/"]}]},{"@type":"ImageObject","inLanguage":"en-US","@id":"https:\/\/milbaza.lv\/en\/produkts\/mil-tec-somina-od-molle-belt-office\/#primaryimage","url":"https:\/\/milbaza.lv\/wp-content\/uploads\/2022\/03\/13489001.jpg","contentUrl":"https:\/\/milbaza.lv\/wp-content\/uploads\/2022\/03\/13489001.jpg","width":945,"height":1181},{"@type":"BreadcrumbList","@id":"https:\/\/milbaza.lv\/en\/produkts\/mil-tec-somina-od-molle-belt-office\/#breadcrumb","itemListElement":[{"@type":"ListItem","position":1,"name":"Home","item":"https:\/\/milbaza.lv\/en\/"},{"@type":"ListItem","position":2,"name":"Shop","item":"https:\/\/milbaza.lv\/en\/shop\/"},{"@type":"ListItem","position":3,"name":"MIL-TEC SOMI\u0145A MOLLE BELT OFFICE"}]},{"@type":"WebSite","@id":"https:\/\/milbaza.lv\/en\/#website","url":"https:\/\/milbaza.lv\/en\/","name":"MILBAZA \u2013 viss akt\u012bvai atp\u016btai","description":"Outdoor | Tactical | Adventure","publisher":{"@id":"https:\/\/milbaza.lv\/en\/#organization"},"potentialAction":[{"@type":"SearchAction","target":{"@type":"EntryPoint","urlTemplate":"https:\/\/milbaza.lv\/en\/?s={search_term_string}"},"query-input":{"@type":"PropertyValueSpecification","valueRequired":true,"valueName":"search_term_string"}}],"inLanguage":"en-US"},{"@type":"Organization","@id":"https:\/\/milbaza.lv\/en\/#organization","name":"Milbaza","url":"https:\/\/milbaza.lv\/en\/","logo":{"@type":"ImageObject","inLanguage":"en-US","@id":"https:\/\/milbaza.lv\/en\/#\/schema\/logo\/image\/","url":"https:\/\/milbaza.lv\/wp-content\/uploads\/2021\/11\/Mil_BAZA_logo3.png","contentUrl":"https:\/\/milbaza.lv\/wp-content\/uploads\/2021\/11\/Mil_BAZA_logo3.png","width":564,"height":226,"caption":"Milbaza"},"image":{"@id":"https:\/\/milbaza.lv\/en\/#\/schema\/logo\/image\/"},"sameAs":["https:\/\/www.facebook.com\/profile.php?id=100075399152223","https:\/\/www.instagram.com\/milbaza.lv\/","https:\/\/www.pinterest.com\/milbaza\/_saved\/","https:\/\/www.youtube.com\/channel\/UCrPXltd8hsNIiGAKc37hGfQ"]}]}},"_links":{"self":[{"href":"https:\/\/milbaza.lv\/en\/wp-json\/wp\/v2\/product\/5253","targetHints":{"allow":["GET"]}}],"collection":[{"href":"https:\/\/milbaza.lv\/en\/wp-json\/wp\/v2\/product"}],"about":[{"href":"https:\/\/milbaza.lv\/en\/wp-json\/wp\/v2\/types\/product"}],"replies":[{"embeddable":true,"href":"https:\/\/milbaza.lv\/en\/wp-json\/wp\/v2\/comments?post=5253"}],"wp:featuredmedia":[{"embeddable":true,"href":"https:\/\/milbaza.lv\/en\/wp-json\/wp\/v2\/media\/5254"}],"wp:attachment":[{"href":"https:\/\/milbaza.lv\/en\/wp-json\/wp\/v2\/media?parent=5253"}],"wp:term":[{"taxonomy":"product_brand","embeddable":true,"href":"https:\/\/milbaza.lv\/en\/wp-json\/wp\/v2\/product_brand?post=5253"},{"taxonomy":"product_cat","embeddable":true,"href":"https:\/\/milbaza.lv\/en\/wp-json\/wp\/v2\/product_cat?post=5253"},{"taxonomy":"product_tag","embeddable":true,"href":"https:\/\/milbaza.lv\/en\/wp-json\/wp\/v2\/product_tag?post=5253"}],"curies":[{"name":"wp","href":"https:\/\/api.w.org\/{rel}","templated":true}]}}