{"id":1029,"date":"2021-12-01T15:05:54","date_gmt":"2021-12-01T13:05:54","guid":{"rendered":"https:\/\/milbaza.lv\/?post_type=product&#038;p=1029"},"modified":"2026-04-16T06:53:14","modified_gmt":"2026-04-16T03:53:14","slug":"karabine-ar-lenti-5mm","status":"publish","type":"product","link":"https:\/\/milbaza.lv\/ru\/produkts\/karabine-ar-lenti-5mm\/","title":{"rendered":"Karab\u012bne ar lenti 5mm"},"content":{"rendered":"<div>Izgatavots no viegla alum\u012bnija materi\u0101la, iztur\u012bgs, viegls un praktisks.<br \/>\nDaudzfunkcion\u0101ls dizains, ko var izmantot, lai piestiprin\u0101tu un n\u0113s\u0101tu atsl\u0113gas, \u016bdens pudeles, luktur\u012bti vai citus t\u016brisma piederumus.<br \/>\n\u0160\u012bs karab\u012bnes spr\u0101dzes var izmantot tikai vieglu priek\u0161metu pakarin\u0101\u0161anai.<\/div>\n<div>\u2022 Biezums 5mm<br \/>\n\u2022 Viegls<br \/>\n\u2022 Katrai karab\u012bnei ir univers\u0101ls gredzens<\/div>\n","protected":false},"excerpt":{"rendered":"<p>Izgatavots no viegla alum\u012bnija materi\u0101la, iztur\u012bgs, viegls un praktisks. Daudzfunkcion\u0101ls dizains, ko var izmantot, lai piestiprin\u0101tu un n\u0113s\u0101tu atsl\u0113gas, \u016bdens pudeles, luktur\u012bti vai citus t\u016brisma piederumus. \u0160\u012bs karab\u012bnes spr\u0101dzes var izmantot tikai vieglu priek\u0161metu pakarin\u0101\u0161anai. \u2022 Biezums 5mm \u2022 Viegls \u2022 Katrai karab\u012bnei ir univers\u0101ls gredzens<\/p>\n","protected":false},"featured_media":1030,"comment_status":"open","ping_status":"closed","template":"","meta":{"_acf_changed":false},"product_brand":[],"product_cat":[169],"product_tag":[],"class_list":{"0":"post-1029","1":"product","2":"type-product","3":"status-publish","4":"has-post-thumbnail","6":"product_cat-karabines","8":"first","9":"outofstock","10":"taxable","11":"shipping-taxable","12":"purchasable","13":"product-type-variable"},"acf":[],"yoast_head":"<!-- This site is optimized with the Yoast SEO plugin v26.7 - https:\/\/yoast.com\/wordpress\/plugins\/seo\/ -->\n<title>Karab\u012bne ar lenti 5mm - MILBAZA \u2013 viss akt\u012bvai atp\u016btai<\/title>\n<meta name=\"robots\" content=\"index, follow, max-snippet:-1, max-image-preview:large, max-video-preview:-1\" \/>\n<link rel=\"canonical\" href=\"https:\/\/milbaza.lv\/ru\/produkts\/karabine-ar-lenti-5mm\/\" \/>\n<meta property=\"og:locale\" content=\"ru_RU\" \/>\n<meta property=\"og:type\" content=\"article\" \/>\n<meta property=\"og:title\" content=\"Karab\u012bne ar lenti 5mm - MILBAZA \u2013 viss akt\u012bvai atp\u016btai\" \/>\n<meta property=\"og:description\" content=\"Izgatavots no viegla alum\u012bnija materi\u0101la, iztur\u012bgs, viegls un praktisks. Daudzfunkcion\u0101ls dizains, ko var izmantot, lai piestiprin\u0101tu un n\u0113s\u0101tu atsl\u0113gas, \u016bdens pudeles, luktur\u012bti vai citus t\u016brisma piederumus. \u0160\u012bs karab\u012bnes spr\u0101dzes var izmantot tikai vieglu priek\u0161metu pakarin\u0101\u0161anai. \u2022 Biezums 5mm \u2022 Viegls \u2022 Katrai karab\u012bnei ir univers\u0101ls gredzens\" \/>\n<meta property=\"og:url\" content=\"https:\/\/milbaza.lv\/ru\/produkts\/karabine-ar-lenti-5mm\/\" \/>\n<meta property=\"og:site_name\" content=\"MILBAZA \u2013 viss akt\u012bvai atp\u016btai\" \/>\n<meta property=\"article:publisher\" content=\"https:\/\/www.facebook.com\/profile.php?id=100075399152223\" \/>\n<meta property=\"article:modified_time\" content=\"2026-04-16T03:53:14+00:00\" \/>\n<meta property=\"og:image\" content=\"https:\/\/milbaza.lv\/wp-content\/uploads\/2021\/12\/D25026-01-850x850-1.jpg\" \/>\n\t<meta property=\"og:image:width\" content=\"850\" \/>\n\t<meta property=\"og:image:height\" content=\"850\" \/>\n\t<meta property=\"og:image:type\" content=\"image\/jpeg\" \/>\n<meta name=\"twitter:card\" content=\"summary_large_image\" \/>\n<meta name=\"twitter:label1\" content=\"\u041f\u0440\u0438\u043c\u0435\u0440\u043d\u043e\u0435 \u0432\u0440\u0435\u043c\u044f \u0434\u043b\u044f \u0447\u0442\u0435\u043d\u0438\u044f\" \/>\n\t<meta name=\"twitter:data1\" content=\"1 \u043c\u0438\u043d\u0443\u0442\u0430\" \/>\n<script type=\"application\/ld+json\" class=\"yoast-schema-graph\">{\"@context\":\"https:\/\/schema.org\",\"@graph\":[{\"@type\":\"WebPage\",\"@id\":\"https:\/\/milbaza.lv\/ru\/produkts\/karabine-ar-lenti-5mm\/\",\"url\":\"https:\/\/milbaza.lv\/ru\/produkts\/karabine-ar-lenti-5mm\/\",\"name\":\"Karab\u012bne ar lenti 5mm - MILBAZA \u2013 viss akt\u012bvai atp\u016btai\",\"isPartOf\":{\"@id\":\"https:\/\/milbaza.lv\/ru\/#website\"},\"primaryImageOfPage\":{\"@id\":\"https:\/\/milbaza.lv\/ru\/produkts\/karabine-ar-lenti-5mm\/#primaryimage\"},\"image\":{\"@id\":\"https:\/\/milbaza.lv\/ru\/produkts\/karabine-ar-lenti-5mm\/#primaryimage\"},\"thumbnailUrl\":\"https:\/\/milbaza.lv\/wp-content\/uploads\/2021\/12\/D25026-01-850x850-1.jpg\",\"datePublished\":\"2021-12-01T13:05:54+00:00\",\"dateModified\":\"2026-04-16T03:53:14+00:00\",\"breadcrumb\":{\"@id\":\"https:\/\/milbaza.lv\/ru\/produkts\/karabine-ar-lenti-5mm\/#breadcrumb\"},\"inLanguage\":\"ru-RU\",\"potentialAction\":[{\"@type\":\"ReadAction\",\"target\":[\"https:\/\/milbaza.lv\/ru\/produkts\/karabine-ar-lenti-5mm\/\"]}]},{\"@type\":\"ImageObject\",\"inLanguage\":\"ru-RU\",\"@id\":\"https:\/\/milbaza.lv\/ru\/produkts\/karabine-ar-lenti-5mm\/#primaryimage\",\"url\":\"https:\/\/milbaza.lv\/wp-content\/uploads\/2021\/12\/D25026-01-850x850-1.jpg\",\"contentUrl\":\"https:\/\/milbaza.lv\/wp-content\/uploads\/2021\/12\/D25026-01-850x850-1.jpg\",\"width\":850,\"height\":850},{\"@type\":\"BreadcrumbList\",\"@id\":\"https:\/\/milbaza.lv\/ru\/produkts\/karabine-ar-lenti-5mm\/#breadcrumb\",\"itemListElement\":[{\"@type\":\"ListItem\",\"position\":1,\"name\":\"Home\",\"item\":\"https:\/\/milbaza.lv\/ru\/\"},{\"@type\":\"ListItem\",\"position\":2,\"name\":\"\u041c\u0430\u0433\u0430\u0437\u0438\u043d\",\"item\":\"https:\/\/milbaza.lv\/ru\/%d0%bc%d0%b0%d0%b3%d0%b0%d0%b7%d0%b8%d0%bd\/\"},{\"@type\":\"ListItem\",\"position\":3,\"name\":\"Karab\u012bne ar lenti 5mm\"}]},{\"@type\":\"WebSite\",\"@id\":\"https:\/\/milbaza.lv\/ru\/#website\",\"url\":\"https:\/\/milbaza.lv\/ru\/\",\"name\":\"MILBAZA \u2013 viss akt\u012bvai atp\u016btai\",\"description\":\"Viss akt\u012bvai atp\u016btai\",\"publisher\":{\"@id\":\"https:\/\/milbaza.lv\/ru\/#organization\"},\"potentialAction\":[{\"@type\":\"SearchAction\",\"target\":{\"@type\":\"EntryPoint\",\"urlTemplate\":\"https:\/\/milbaza.lv\/ru\/?s={search_term_string}\"},\"query-input\":{\"@type\":\"PropertyValueSpecification\",\"valueRequired\":true,\"valueName\":\"search_term_string\"}}],\"inLanguage\":\"ru-RU\"},{\"@type\":\"Organization\",\"@id\":\"https:\/\/milbaza.lv\/ru\/#organization\",\"name\":\"Milbaza\",\"url\":\"https:\/\/milbaza.lv\/ru\/\",\"logo\":{\"@type\":\"ImageObject\",\"inLanguage\":\"ru-RU\",\"@id\":\"https:\/\/milbaza.lv\/ru\/#\/schema\/logo\/image\/\",\"url\":\"https:\/\/milbaza.lv\/wp-content\/uploads\/2021\/11\/Mil_BAZA_logo3.png\",\"contentUrl\":\"https:\/\/milbaza.lv\/wp-content\/uploads\/2021\/11\/Mil_BAZA_logo3.png\",\"width\":564,\"height\":226,\"caption\":\"Milbaza\"},\"image\":{\"@id\":\"https:\/\/milbaza.lv\/ru\/#\/schema\/logo\/image\/\"},\"sameAs\":[\"https:\/\/www.facebook.com\/profile.php?id=100075399152223\",\"https:\/\/www.instagram.com\/milbaza.lv\/\",\"https:\/\/www.pinterest.com\/milbaza\/_saved\/\",\"https:\/\/www.youtube.com\/channel\/UCrPXltd8hsNIiGAKc37hGfQ\"]}]}<\/script>\n<!-- \/ Yoast SEO plugin. -->","yoast_head_json":{"title":"Karab\u012bne ar lenti 5mm - MILBAZA \u2013 viss akt\u012bvai atp\u016btai","robots":{"index":"index","follow":"follow","max-snippet":"max-snippet:-1","max-image-preview":"max-image-preview:large","max-video-preview":"max-video-preview:-1"},"canonical":"https:\/\/milbaza.lv\/ru\/produkts\/karabine-ar-lenti-5mm\/","og_locale":"ru_RU","og_type":"article","og_title":"Karab\u012bne ar lenti 5mm - MILBAZA \u2013 viss akt\u012bvai atp\u016btai","og_description":"Izgatavots no viegla alum\u012bnija materi\u0101la, iztur\u012bgs, viegls un praktisks. Daudzfunkcion\u0101ls dizains, ko var izmantot, lai piestiprin\u0101tu un n\u0113s\u0101tu atsl\u0113gas, \u016bdens pudeles, luktur\u012bti vai citus t\u016brisma piederumus. \u0160\u012bs karab\u012bnes spr\u0101dzes var izmantot tikai vieglu priek\u0161metu pakarin\u0101\u0161anai. \u2022 Biezums 5mm \u2022 Viegls \u2022 Katrai karab\u012bnei ir univers\u0101ls gredzens","og_url":"https:\/\/milbaza.lv\/ru\/produkts\/karabine-ar-lenti-5mm\/","og_site_name":"MILBAZA \u2013 viss akt\u012bvai atp\u016btai","article_publisher":"https:\/\/www.facebook.com\/profile.php?id=100075399152223","article_modified_time":"2026-04-16T03:53:14+00:00","og_image":[{"width":850,"height":850,"url":"https:\/\/milbaza.lv\/wp-content\/uploads\/2021\/12\/D25026-01-850x850-1.jpg","type":"image\/jpeg"}],"twitter_card":"summary_large_image","twitter_misc":{"\u041f\u0440\u0438\u043c\u0435\u0440\u043d\u043e\u0435 \u0432\u0440\u0435\u043c\u044f \u0434\u043b\u044f \u0447\u0442\u0435\u043d\u0438\u044f":"1 \u043c\u0438\u043d\u0443\u0442\u0430"},"schema":{"@context":"https:\/\/schema.org","@graph":[{"@type":"WebPage","@id":"https:\/\/milbaza.lv\/ru\/produkts\/karabine-ar-lenti-5mm\/","url":"https:\/\/milbaza.lv\/ru\/produkts\/karabine-ar-lenti-5mm\/","name":"Karab\u012bne ar lenti 5mm - MILBAZA \u2013 viss akt\u012bvai atp\u016btai","isPartOf":{"@id":"https:\/\/milbaza.lv\/ru\/#website"},"primaryImageOfPage":{"@id":"https:\/\/milbaza.lv\/ru\/produkts\/karabine-ar-lenti-5mm\/#primaryimage"},"image":{"@id":"https:\/\/milbaza.lv\/ru\/produkts\/karabine-ar-lenti-5mm\/#primaryimage"},"thumbnailUrl":"https:\/\/milbaza.lv\/wp-content\/uploads\/2021\/12\/D25026-01-850x850-1.jpg","datePublished":"2021-12-01T13:05:54+00:00","dateModified":"2026-04-16T03:53:14+00:00","breadcrumb":{"@id":"https:\/\/milbaza.lv\/ru\/produkts\/karabine-ar-lenti-5mm\/#breadcrumb"},"inLanguage":"ru-RU","potentialAction":[{"@type":"ReadAction","target":["https:\/\/milbaza.lv\/ru\/produkts\/karabine-ar-lenti-5mm\/"]}]},{"@type":"ImageObject","inLanguage":"ru-RU","@id":"https:\/\/milbaza.lv\/ru\/produkts\/karabine-ar-lenti-5mm\/#primaryimage","url":"https:\/\/milbaza.lv\/wp-content\/uploads\/2021\/12\/D25026-01-850x850-1.jpg","contentUrl":"https:\/\/milbaza.lv\/wp-content\/uploads\/2021\/12\/D25026-01-850x850-1.jpg","width":850,"height":850},{"@type":"BreadcrumbList","@id":"https:\/\/milbaza.lv\/ru\/produkts\/karabine-ar-lenti-5mm\/#breadcrumb","itemListElement":[{"@type":"ListItem","position":1,"name":"Home","item":"https:\/\/milbaza.lv\/ru\/"},{"@type":"ListItem","position":2,"name":"\u041c\u0430\u0433\u0430\u0437\u0438\u043d","item":"https:\/\/milbaza.lv\/ru\/%d0%bc%d0%b0%d0%b3%d0%b0%d0%b7%d0%b8%d0%bd\/"},{"@type":"ListItem","position":3,"name":"Karab\u012bne ar lenti 5mm"}]},{"@type":"WebSite","@id":"https:\/\/milbaza.lv\/ru\/#website","url":"https:\/\/milbaza.lv\/ru\/","name":"MILBAZA \u2013 viss akt\u012bvai atp\u016btai","description":"Viss akt\u012bvai atp\u016btai","publisher":{"@id":"https:\/\/milbaza.lv\/ru\/#organization"},"potentialAction":[{"@type":"SearchAction","target":{"@type":"EntryPoint","urlTemplate":"https:\/\/milbaza.lv\/ru\/?s={search_term_string}"},"query-input":{"@type":"PropertyValueSpecification","valueRequired":true,"valueName":"search_term_string"}}],"inLanguage":"ru-RU"},{"@type":"Organization","@id":"https:\/\/milbaza.lv\/ru\/#organization","name":"Milbaza","url":"https:\/\/milbaza.lv\/ru\/","logo":{"@type":"ImageObject","inLanguage":"ru-RU","@id":"https:\/\/milbaza.lv\/ru\/#\/schema\/logo\/image\/","url":"https:\/\/milbaza.lv\/wp-content\/uploads\/2021\/11\/Mil_BAZA_logo3.png","contentUrl":"https:\/\/milbaza.lv\/wp-content\/uploads\/2021\/11\/Mil_BAZA_logo3.png","width":564,"height":226,"caption":"Milbaza"},"image":{"@id":"https:\/\/milbaza.lv\/ru\/#\/schema\/logo\/image\/"},"sameAs":["https:\/\/www.facebook.com\/profile.php?id=100075399152223","https:\/\/www.instagram.com\/milbaza.lv\/","https:\/\/www.pinterest.com\/milbaza\/_saved\/","https:\/\/www.youtube.com\/channel\/UCrPXltd8hsNIiGAKc37hGfQ"]}]}},"_links":{"self":[{"href":"https:\/\/milbaza.lv\/ru\/wp-json\/wp\/v2\/product\/1029","targetHints":{"allow":["GET"]}}],"collection":[{"href":"https:\/\/milbaza.lv\/ru\/wp-json\/wp\/v2\/product"}],"about":[{"href":"https:\/\/milbaza.lv\/ru\/wp-json\/wp\/v2\/types\/product"}],"replies":[{"embeddable":true,"href":"https:\/\/milbaza.lv\/ru\/wp-json\/wp\/v2\/comments?post=1029"}],"wp:featuredmedia":[{"embeddable":true,"href":"https:\/\/milbaza.lv\/ru\/wp-json\/wp\/v2\/media\/1030"}],"wp:attachment":[{"href":"https:\/\/milbaza.lv\/ru\/wp-json\/wp\/v2\/media?parent=1029"}],"wp:term":[{"taxonomy":"product_brand","embeddable":true,"href":"https:\/\/milbaza.lv\/ru\/wp-json\/wp\/v2\/product_brand?post=1029"},{"taxonomy":"product_cat","embeddable":true,"href":"https:\/\/milbaza.lv\/ru\/wp-json\/wp\/v2\/product_cat?post=1029"},{"taxonomy":"product_tag","embeddable":true,"href":"https:\/\/milbaza.lv\/ru\/wp-json\/wp\/v2\/product_tag?post=1029"}],"curies":[{"name":"wp","href":"https:\/\/api.w.org\/{rel}","templated":true}]}}