{"id":11183,"date":"2022-05-28T04:05:45","date_gmt":"2022-05-28T01:05:45","guid":{"rendered":"https:\/\/milbaza.lv\/?post_type=product&#038;p=11183"},"modified":"2026-04-18T12:51:48","modified_gmt":"2026-04-18T09:51:48","slug":"balaklava-prieks-arkartigi-aukstiem-laikapstakliem-helikon-tex-coyote","status":"publish","type":"product","link":"https:\/\/milbaza.lv\/ru\/produkts\/balaklava-prieks-arkartigi-aukstiem-laikapstakliem-helikon-tex-coyote\/","title":{"rendered":"BALAKLAVA PRIEK\u0160 \u0100RK\u0100RT\u012aGI AUKSTIEM LAIKAPST\u0100K\u013bIEM HELIKON-TEX (COYOTE)"},"content":{"rendered":"<p>BALAKLAVA PRIEK\u0160 \u0100RK\u0100RT\u012aGI AUKSTIEM LAIKAPST\u0100K\u013bIEM ir izstr\u0101d\u0101ta, lai nodro\u0161in\u0101tu papildu siltumu aukst\u0101 vid\u0113. Materi\u0101la strukt\u016bra izvada sviedrus, lai j\u016bs b\u016btu saus\u0101ks un viegl\u0101ks, vienlaikus saglab\u0101jot \u0137erme\u0146a siltumu, lai saglab\u0101tu siltumu. Taj\u0101 pa\u0161\u0101 laik\u0101 spandekss \u013cauj balaklavai viegli piel\u0101goties sejas formai. Turkl\u0101t galvai piel\u0101gotais griezums \u013cauj vajadz\u012bbas gad\u012bjum\u0101 aizsegt vai atkl\u0101t degunu un muti.<\/p>\n<p>\u012apa\u0161\u012bbas:<br \/>\nbez\u0161uvju tehnolo\u0123ija (plakanas \u0161uves)<br \/>\nViegls<br \/>\nElpojo\u0161s<br \/>\n\u0100tra galvas sasil\u0161ana<\/p>\n","protected":false},"excerpt":{"rendered":"<p>BALAKLAVA PRIEK\u0160 \u0100RK\u0100RT\u012aGI AUKSTIEM LAIKAPST\u0100K\u013bIEM ir izstr\u0101d\u0101ta, lai nodro\u0161in\u0101tu papildu siltumu aukst\u0101 vid\u0113. Materi\u0101la strukt\u016bra izvada sviedrus, lai j\u016bs b\u016btu saus\u0101ks un viegl\u0101ks, vienlaikus saglab\u0101jot \u0137erme\u0146a siltumu, lai saglab\u0101tu siltumu. Taj\u0101 pa\u0161\u0101 laik\u0101 spandekss \u013cauj balaklavai viegli piel\u0101goties sejas formai. Turkl\u0101t galvai piel\u0101gotais griezums \u013cauj vajadz\u012bbas gad\u012bjum\u0101 aizsegt vai atkl\u0101t degunu un muti. \u012apa\u0161\u012bbas: bez\u0161uvju [&#8230;]\n","protected":false},"featured_media":11184,"comment_status":"open","ping_status":"closed","template":"","meta":{"_acf_changed":false},"product_brand":[],"product_cat":[418,160,24],"product_tag":[],"class_list":{"0":"post-11183","1":"product","2":"type-product","3":"status-publish","4":"has-post-thumbnail","6":"product_cat-balaklavas","7":"product_cat-cepures-galvassegas","8":"product_cat-apgerbi","10":"first","11":"outofstock","12":"taxable","13":"shipping-taxable","14":"purchasable","15":"product-type-simple"},"acf":[],"yoast_head":"<!-- This site is optimized with the Yoast SEO plugin v26.7 - https:\/\/yoast.com\/wordpress\/plugins\/seo\/ -->\n<title>BALAKLAVA PRIEK\u0160 \u0100RK\u0100RT\u012aGI AUKSTIEM LAIKAPST\u0100K\u013bIEM HELIKON-TEX (COYOTE) - MILBAZA \u2013 viss akt\u012bvai atp\u016btai<\/title>\n<meta name=\"description\" content=\"Nopirkt BALAKLAVA PRIEK\u0160 \u0100RK\u0100RT\u012aGI AUKSTIEM LAIKAPST\u0100K\u013bIEM HELIKON-TEX (COYOTE) izdev\u012bga cena un pieg\u0101de. T\u016brisma pre\u010du interneta veikals, pas\u016bt\u012bt online 24\/7!\" \/>\n<meta name=\"robots\" content=\"index, follow, max-snippet:-1, max-image-preview:large, max-video-preview:-1\" \/>\n<link rel=\"canonical\" href=\"https:\/\/milbaza.lv\/ru\/produkts\/balaklava-prieks-arkartigi-aukstiem-laikapstakliem-helikon-tex-coyote\/\" \/>\n<meta property=\"og:locale\" content=\"ru_RU\" \/>\n<meta property=\"og:type\" content=\"article\" \/>\n<meta property=\"og:title\" content=\"BALAKLAVA PRIEK\u0160 \u0100RK\u0100RT\u012aGI AUKSTIEM LAIKAPST\u0100K\u013bIEM HELIKON-TEX (COYOTE) - MILBAZA \u2013 viss akt\u012bvai atp\u016btai\" \/>\n<meta property=\"og:description\" content=\"Nopirkt BALAKLAVA PRIEK\u0160 \u0100RK\u0100RT\u012aGI AUKSTIEM LAIKAPST\u0100K\u013bIEM HELIKON-TEX (COYOTE) izdev\u012bga cena un pieg\u0101de. T\u016brisma pre\u010du interneta veikals, pas\u016bt\u012bt online 24\/7!\" \/>\n<meta property=\"og:url\" content=\"https:\/\/milbaza.lv\/ru\/produkts\/balaklava-prieks-arkartigi-aukstiem-laikapstakliem-helikon-tex-coyote\/\" \/>\n<meta property=\"og:site_name\" content=\"MILBAZA \u2013 viss akt\u012bvai atp\u016btai\" \/>\n<meta property=\"article:publisher\" content=\"https:\/\/www.facebook.com\/profile.php?id=100075399152223\" \/>\n<meta property=\"article:modified_time\" content=\"2026-04-18T09:51:48+00:00\" \/>\n<meta property=\"og:image\" content=\"https:\/\/milbaza.lv\/wp-content\/uploads\/2022\/05\/cz-ko2-fg-11.png\" \/>\n\t<meta property=\"og:image:width\" content=\"1500\" \/>\n\t<meta property=\"og:image:height\" content=\"1500\" \/>\n\t<meta property=\"og:image:type\" content=\"image\/png\" \/>\n<meta name=\"twitter:card\" content=\"summary_large_image\" \/>\n<script type=\"application\/ld+json\" class=\"yoast-schema-graph\">{\"@context\":\"https:\/\/schema.org\",\"@graph\":[{\"@type\":\"WebPage\",\"@id\":\"https:\/\/milbaza.lv\/ru\/produkts\/balaklava-prieks-arkartigi-aukstiem-laikapstakliem-helikon-tex-coyote\/\",\"url\":\"https:\/\/milbaza.lv\/ru\/produkts\/balaklava-prieks-arkartigi-aukstiem-laikapstakliem-helikon-tex-coyote\/\",\"name\":\"BALAKLAVA PRIEK\u0160 \u0100RK\u0100RT\u012aGI AUKSTIEM LAIKAPST\u0100K\u013bIEM HELIKON-TEX (COYOTE) - MILBAZA \u2013 viss akt\u012bvai atp\u016btai\",\"isPartOf\":{\"@id\":\"https:\/\/milbaza.lv\/ru\/#website\"},\"primaryImageOfPage\":{\"@id\":\"https:\/\/milbaza.lv\/ru\/produkts\/balaklava-prieks-arkartigi-aukstiem-laikapstakliem-helikon-tex-coyote\/#primaryimage\"},\"image\":{\"@id\":\"https:\/\/milbaza.lv\/ru\/produkts\/balaklava-prieks-arkartigi-aukstiem-laikapstakliem-helikon-tex-coyote\/#primaryimage\"},\"thumbnailUrl\":\"https:\/\/milbaza.lv\/wp-content\/uploads\/2022\/05\/cz-ko2-fg-11.png\",\"datePublished\":\"2022-05-28T01:05:45+00:00\",\"dateModified\":\"2026-04-18T09:51:48+00:00\",\"description\":\"Nopirkt BALAKLAVA PRIEK\u0160 \u0100RK\u0100RT\u012aGI AUKSTIEM LAIKAPST\u0100K\u013bIEM HELIKON-TEX (COYOTE) izdev\u012bga cena un pieg\u0101de. T\u016brisma pre\u010du interneta veikals, pas\u016bt\u012bt online 24\/7!\",\"breadcrumb\":{\"@id\":\"https:\/\/milbaza.lv\/ru\/produkts\/balaklava-prieks-arkartigi-aukstiem-laikapstakliem-helikon-tex-coyote\/#breadcrumb\"},\"inLanguage\":\"ru-RU\",\"potentialAction\":[{\"@type\":\"ReadAction\",\"target\":[\"https:\/\/milbaza.lv\/ru\/produkts\/balaklava-prieks-arkartigi-aukstiem-laikapstakliem-helikon-tex-coyote\/\"]}]},{\"@type\":\"ImageObject\",\"inLanguage\":\"ru-RU\",\"@id\":\"https:\/\/milbaza.lv\/ru\/produkts\/balaklava-prieks-arkartigi-aukstiem-laikapstakliem-helikon-tex-coyote\/#primaryimage\",\"url\":\"https:\/\/milbaza.lv\/wp-content\/uploads\/2022\/05\/cz-ko2-fg-11.png\",\"contentUrl\":\"https:\/\/milbaza.lv\/wp-content\/uploads\/2022\/05\/cz-ko2-fg-11.png\",\"width\":1500,\"height\":1500},{\"@type\":\"BreadcrumbList\",\"@id\":\"https:\/\/milbaza.lv\/ru\/produkts\/balaklava-prieks-arkartigi-aukstiem-laikapstakliem-helikon-tex-coyote\/#breadcrumb\",\"itemListElement\":[{\"@type\":\"ListItem\",\"position\":1,\"name\":\"Home\",\"item\":\"https:\/\/milbaza.lv\/ru\/\"},{\"@type\":\"ListItem\",\"position\":2,\"name\":\"\u041c\u0430\u0433\u0430\u0437\u0438\u043d\",\"item\":\"https:\/\/milbaza.lv\/ru\/%d0%bc%d0%b0%d0%b3%d0%b0%d0%b7%d0%b8%d0%bd\/\"},{\"@type\":\"ListItem\",\"position\":3,\"name\":\"BALAKLAVA PRIEK\u0160 \u0100RK\u0100RT\u012aGI AUKSTIEM LAIKAPST\u0100K\u013bIEM HELIKON-TEX (COYOTE)\"}]},{\"@type\":\"WebSite\",\"@id\":\"https:\/\/milbaza.lv\/ru\/#website\",\"url\":\"https:\/\/milbaza.lv\/ru\/\",\"name\":\"MILBAZA \u2013 viss akt\u012bvai atp\u016btai\",\"description\":\"Viss akt\u012bvai atp\u016btai\",\"publisher\":{\"@id\":\"https:\/\/milbaza.lv\/ru\/#organization\"},\"potentialAction\":[{\"@type\":\"SearchAction\",\"target\":{\"@type\":\"EntryPoint\",\"urlTemplate\":\"https:\/\/milbaza.lv\/ru\/?s={search_term_string}\"},\"query-input\":{\"@type\":\"PropertyValueSpecification\",\"valueRequired\":true,\"valueName\":\"search_term_string\"}}],\"inLanguage\":\"ru-RU\"},{\"@type\":\"Organization\",\"@id\":\"https:\/\/milbaza.lv\/ru\/#organization\",\"name\":\"Milbaza\",\"url\":\"https:\/\/milbaza.lv\/ru\/\",\"logo\":{\"@type\":\"ImageObject\",\"inLanguage\":\"ru-RU\",\"@id\":\"https:\/\/milbaza.lv\/ru\/#\/schema\/logo\/image\/\",\"url\":\"https:\/\/milbaza.lv\/wp-content\/uploads\/2021\/11\/Mil_BAZA_logo3.png\",\"contentUrl\":\"https:\/\/milbaza.lv\/wp-content\/uploads\/2021\/11\/Mil_BAZA_logo3.png\",\"width\":564,\"height\":226,\"caption\":\"Milbaza\"},\"image\":{\"@id\":\"https:\/\/milbaza.lv\/ru\/#\/schema\/logo\/image\/\"},\"sameAs\":[\"https:\/\/www.facebook.com\/profile.php?id=100075399152223\",\"https:\/\/www.instagram.com\/milbaza.lv\/\",\"https:\/\/www.pinterest.com\/milbaza\/_saved\/\",\"https:\/\/www.youtube.com\/channel\/UCrPXltd8hsNIiGAKc37hGfQ\"]}]}<\/script>\n<!-- \/ Yoast SEO plugin. -->","yoast_head_json":{"title":"BALAKLAVA PRIEK\u0160 \u0100RK\u0100RT\u012aGI AUKSTIEM LAIKAPST\u0100K\u013bIEM HELIKON-TEX (COYOTE) - MILBAZA \u2013 viss akt\u012bvai atp\u016btai","description":"Nopirkt BALAKLAVA PRIEK\u0160 \u0100RK\u0100RT\u012aGI AUKSTIEM LAIKAPST\u0100K\u013bIEM HELIKON-TEX (COYOTE) izdev\u012bga cena un pieg\u0101de. T\u016brisma pre\u010du interneta veikals, pas\u016bt\u012bt online 24\/7!","robots":{"index":"index","follow":"follow","max-snippet":"max-snippet:-1","max-image-preview":"max-image-preview:large","max-video-preview":"max-video-preview:-1"},"canonical":"https:\/\/milbaza.lv\/ru\/produkts\/balaklava-prieks-arkartigi-aukstiem-laikapstakliem-helikon-tex-coyote\/","og_locale":"ru_RU","og_type":"article","og_title":"BALAKLAVA PRIEK\u0160 \u0100RK\u0100RT\u012aGI AUKSTIEM LAIKAPST\u0100K\u013bIEM HELIKON-TEX (COYOTE) - MILBAZA \u2013 viss akt\u012bvai atp\u016btai","og_description":"Nopirkt BALAKLAVA PRIEK\u0160 \u0100RK\u0100RT\u012aGI AUKSTIEM LAIKAPST\u0100K\u013bIEM HELIKON-TEX (COYOTE) izdev\u012bga cena un pieg\u0101de. T\u016brisma pre\u010du interneta veikals, pas\u016bt\u012bt online 24\/7!","og_url":"https:\/\/milbaza.lv\/ru\/produkts\/balaklava-prieks-arkartigi-aukstiem-laikapstakliem-helikon-tex-coyote\/","og_site_name":"MILBAZA \u2013 viss akt\u012bvai atp\u016btai","article_publisher":"https:\/\/www.facebook.com\/profile.php?id=100075399152223","article_modified_time":"2026-04-18T09:51:48+00:00","og_image":[{"width":1500,"height":1500,"url":"https:\/\/milbaza.lv\/wp-content\/uploads\/2022\/05\/cz-ko2-fg-11.png","type":"image\/png"}],"twitter_card":"summary_large_image","schema":{"@context":"https:\/\/schema.org","@graph":[{"@type":"WebPage","@id":"https:\/\/milbaza.lv\/ru\/produkts\/balaklava-prieks-arkartigi-aukstiem-laikapstakliem-helikon-tex-coyote\/","url":"https:\/\/milbaza.lv\/ru\/produkts\/balaklava-prieks-arkartigi-aukstiem-laikapstakliem-helikon-tex-coyote\/","name":"BALAKLAVA PRIEK\u0160 \u0100RK\u0100RT\u012aGI AUKSTIEM LAIKAPST\u0100K\u013bIEM HELIKON-TEX (COYOTE) - MILBAZA \u2013 viss akt\u012bvai atp\u016btai","isPartOf":{"@id":"https:\/\/milbaza.lv\/ru\/#website"},"primaryImageOfPage":{"@id":"https:\/\/milbaza.lv\/ru\/produkts\/balaklava-prieks-arkartigi-aukstiem-laikapstakliem-helikon-tex-coyote\/#primaryimage"},"image":{"@id":"https:\/\/milbaza.lv\/ru\/produkts\/balaklava-prieks-arkartigi-aukstiem-laikapstakliem-helikon-tex-coyote\/#primaryimage"},"thumbnailUrl":"https:\/\/milbaza.lv\/wp-content\/uploads\/2022\/05\/cz-ko2-fg-11.png","datePublished":"2022-05-28T01:05:45+00:00","dateModified":"2026-04-18T09:51:48+00:00","description":"Nopirkt BALAKLAVA PRIEK\u0160 \u0100RK\u0100RT\u012aGI AUKSTIEM LAIKAPST\u0100K\u013bIEM HELIKON-TEX (COYOTE) izdev\u012bga cena un pieg\u0101de. T\u016brisma pre\u010du interneta veikals, pas\u016bt\u012bt online 24\/7!","breadcrumb":{"@id":"https:\/\/milbaza.lv\/ru\/produkts\/balaklava-prieks-arkartigi-aukstiem-laikapstakliem-helikon-tex-coyote\/#breadcrumb"},"inLanguage":"ru-RU","potentialAction":[{"@type":"ReadAction","target":["https:\/\/milbaza.lv\/ru\/produkts\/balaklava-prieks-arkartigi-aukstiem-laikapstakliem-helikon-tex-coyote\/"]}]},{"@type":"ImageObject","inLanguage":"ru-RU","@id":"https:\/\/milbaza.lv\/ru\/produkts\/balaklava-prieks-arkartigi-aukstiem-laikapstakliem-helikon-tex-coyote\/#primaryimage","url":"https:\/\/milbaza.lv\/wp-content\/uploads\/2022\/05\/cz-ko2-fg-11.png","contentUrl":"https:\/\/milbaza.lv\/wp-content\/uploads\/2022\/05\/cz-ko2-fg-11.png","width":1500,"height":1500},{"@type":"BreadcrumbList","@id":"https:\/\/milbaza.lv\/ru\/produkts\/balaklava-prieks-arkartigi-aukstiem-laikapstakliem-helikon-tex-coyote\/#breadcrumb","itemListElement":[{"@type":"ListItem","position":1,"name":"Home","item":"https:\/\/milbaza.lv\/ru\/"},{"@type":"ListItem","position":2,"name":"\u041c\u0430\u0433\u0430\u0437\u0438\u043d","item":"https:\/\/milbaza.lv\/ru\/%d0%bc%d0%b0%d0%b3%d0%b0%d0%b7%d0%b8%d0%bd\/"},{"@type":"ListItem","position":3,"name":"BALAKLAVA PRIEK\u0160 \u0100RK\u0100RT\u012aGI AUKSTIEM LAIKAPST\u0100K\u013bIEM HELIKON-TEX (COYOTE)"}]},{"@type":"WebSite","@id":"https:\/\/milbaza.lv\/ru\/#website","url":"https:\/\/milbaza.lv\/ru\/","name":"MILBAZA \u2013 viss akt\u012bvai atp\u016btai","description":"Viss akt\u012bvai atp\u016btai","publisher":{"@id":"https:\/\/milbaza.lv\/ru\/#organization"},"potentialAction":[{"@type":"SearchAction","target":{"@type":"EntryPoint","urlTemplate":"https:\/\/milbaza.lv\/ru\/?s={search_term_string}"},"query-input":{"@type":"PropertyValueSpecification","valueRequired":true,"valueName":"search_term_string"}}],"inLanguage":"ru-RU"},{"@type":"Organization","@id":"https:\/\/milbaza.lv\/ru\/#organization","name":"Milbaza","url":"https:\/\/milbaza.lv\/ru\/","logo":{"@type":"ImageObject","inLanguage":"ru-RU","@id":"https:\/\/milbaza.lv\/ru\/#\/schema\/logo\/image\/","url":"https:\/\/milbaza.lv\/wp-content\/uploads\/2021\/11\/Mil_BAZA_logo3.png","contentUrl":"https:\/\/milbaza.lv\/wp-content\/uploads\/2021\/11\/Mil_BAZA_logo3.png","width":564,"height":226,"caption":"Milbaza"},"image":{"@id":"https:\/\/milbaza.lv\/ru\/#\/schema\/logo\/image\/"},"sameAs":["https:\/\/www.facebook.com\/profile.php?id=100075399152223","https:\/\/www.instagram.com\/milbaza.lv\/","https:\/\/www.pinterest.com\/milbaza\/_saved\/","https:\/\/www.youtube.com\/channel\/UCrPXltd8hsNIiGAKc37hGfQ"]}]}},"_links":{"self":[{"href":"https:\/\/milbaza.lv\/ru\/wp-json\/wp\/v2\/product\/11183","targetHints":{"allow":["GET"]}}],"collection":[{"href":"https:\/\/milbaza.lv\/ru\/wp-json\/wp\/v2\/product"}],"about":[{"href":"https:\/\/milbaza.lv\/ru\/wp-json\/wp\/v2\/types\/product"}],"replies":[{"embeddable":true,"href":"https:\/\/milbaza.lv\/ru\/wp-json\/wp\/v2\/comments?post=11183"}],"wp:featuredmedia":[{"embeddable":true,"href":"https:\/\/milbaza.lv\/ru\/wp-json\/wp\/v2\/media\/11184"}],"wp:attachment":[{"href":"https:\/\/milbaza.lv\/ru\/wp-json\/wp\/v2\/media?parent=11183"}],"wp:term":[{"taxonomy":"product_brand","embeddable":true,"href":"https:\/\/milbaza.lv\/ru\/wp-json\/wp\/v2\/product_brand?post=11183"},{"taxonomy":"product_cat","embeddable":true,"href":"https:\/\/milbaza.lv\/ru\/wp-json\/wp\/v2\/product_cat?post=11183"},{"taxonomy":"product_tag","embeddable":true,"href":"https:\/\/milbaza.lv\/ru\/wp-json\/wp\/v2\/product_tag?post=11183"}],"curies":[{"name":"wp","href":"https:\/\/api.w.org\/{rel}","templated":true}]}}