{"id":11206,"date":"2022-05-28T15:40:16","date_gmt":"2022-05-28T12:40:16","guid":{"rendered":"https:\/\/milbaza.lv\/?post_type=product&#038;p=11206"},"modified":"2026-04-16T20:37:52","modified_gmt":"2026-04-16T17:37:52","slug":"moskitu-tikls-poliestera-tikls-helikon-tex-olivzals","status":"publish","type":"product","link":"https:\/\/milbaza.lv\/ru\/produkts\/moskitu-tikls-poliestera-tikls-helikon-tex-olivzals\/","title":{"rendered":"MOSK\u012aTU T\u012aKLS &#8211; POLIESTERA T\u012aKLS HELIKON-TEX (OL\u012aVZA\u013b\u0160)"},"content":{"rendered":"<p>Mosk\u012btu t\u012bkls Helikon-Tex Mosk\u012btu t\u012bkls, ol\u012bvu pasarg\u0101s j\u016bsu seju un kaklu no odu kodumiem, punduriem un citiem lidojo\u0161iem kukai\u0146iem. T\u0101 ir paredz\u0113ta atp\u016btas cien\u012bt\u0101jiem br\u012bv\u0101 dab\u0101, d\u0101rzniekiem, bi\u0161kopjiem. T\u012bkls tiek n\u0113s\u0101ts virs jebkuras galvassegas, bet \u012bpa\u0161i \u0113rti to valk\u0101t ar cepuri, panama.<\/p>\n<p>T\u012bkls ir izgatavots no viegla poliestera auduma (100% poliesters). Maz\u0101s \u0161\u016bnas ar\u012b nelai\u017e cauri p\u016bk\u0101m, savuk\u0101rt siets ir elpojo\u0161s un netrauc\u0113 elpo\u0161anai.<\/p>\n<p>Gar sieta apak\u0161u ir uz\u0161\u016bta aukli\u0146a ar auklu, kas \u013cauj cie\u0161\u0101k savilkt sietu ap ap\u0123\u0113rba apkakli.<\/p>\n<p>Mosk\u012btu t\u012bkla izm\u0113rs ir univers\u0101ls.<\/p>\n","protected":false},"excerpt":{"rendered":"<p>Mosk\u012btu t\u012bkls Helikon-Tex Mosk\u012btu t\u012bkls, ol\u012bvu pasarg\u0101s j\u016bsu seju un kaklu no odu kodumiem, punduriem un citiem lidojo\u0161iem kukai\u0146iem. T\u0101 ir paredz\u0113ta atp\u016btas cien\u012bt\u0101jiem br\u012bv\u0101 dab\u0101, d\u0101rzniekiem, bi\u0161kopjiem. T\u012bkls tiek n\u0113s\u0101ts virs jebkuras galvassegas, bet \u012bpa\u0161i \u0113rti to valk\u0101t ar cepuri, panama. T\u012bkls ir izgatavots no viegla poliestera auduma (100% poliesters). Maz\u0101s \u0161\u016bnas ar\u012b nelai\u017e [&#8230;]\n","protected":false},"featured_media":11207,"comment_status":"open","ping_status":"closed","template":"","meta":{"_acf_changed":false},"product_brand":[],"product_cat":[160,228,24],"product_tag":[],"class_list":{"0":"post-11206","1":"product","2":"type-product","3":"status-publish","4":"has-post-thumbnail","6":"product_cat-cepures-galvassegas","7":"product_cat-kostimi","8":"product_cat-apgerbi","10":"first","11":"outofstock","12":"taxable","13":"shipping-taxable","14":"purchasable","15":"product-type-simple"},"acf":[],"yoast_head":"<!-- This site is optimized with the Yoast SEO plugin v26.7 - https:\/\/yoast.com\/wordpress\/plugins\/seo\/ -->\n<title>MOSK\u012aTU T\u012aKLS - POLIESTERA T\u012aKLS HELIKON-TEX (OL\u012aVZA\u013b\u0160) - MILBAZA \u2013 viss akt\u012bvai atp\u016btai<\/title>\n<meta name=\"description\" content=\"Nopirkt MOSK\u012aTU T\u012aKLS - POLIESTERA T\u012aKLS HELIKON-TEX (OL\u012aVZA\u013b\u0160) izdev\u012bga cena un pieg\u0101de. T\u016brisma pre\u010du interneta veikals, pas\u016bt\u012bt online 24\/7!\" \/>\n<meta name=\"robots\" content=\"index, follow, max-snippet:-1, max-image-preview:large, max-video-preview:-1\" \/>\n<link rel=\"canonical\" href=\"https:\/\/milbaza.lv\/ru\/produkts\/moskitu-tikls-poliestera-tikls-helikon-tex-olivzals\/\" \/>\n<meta property=\"og:locale\" content=\"ru_RU\" \/>\n<meta property=\"og:type\" content=\"article\" \/>\n<meta property=\"og:title\" content=\"MOSK\u012aTU T\u012aKLS - POLIESTERA T\u012aKLS HELIKON-TEX (OL\u012aVZA\u013b\u0160) - MILBAZA \u2013 viss akt\u012bvai atp\u016btai\" \/>\n<meta property=\"og:description\" content=\"Nopirkt MOSK\u012aTU T\u012aKLS - POLIESTERA T\u012aKLS HELIKON-TEX (OL\u012aVZA\u013b\u0160) izdev\u012bga cena un pieg\u0101de. T\u016brisma pre\u010du interneta veikals, pas\u016bt\u012bt online 24\/7!\" \/>\n<meta property=\"og:url\" content=\"https:\/\/milbaza.lv\/ru\/produkts\/moskitu-tikls-poliestera-tikls-helikon-tex-olivzals\/\" \/>\n<meta property=\"og:site_name\" content=\"MILBAZA \u2013 viss akt\u012bvai atp\u016btai\" \/>\n<meta property=\"article:publisher\" content=\"https:\/\/www.facebook.com\/profile.php?id=100075399152223\" \/>\n<meta property=\"article:modified_time\" content=\"2026-04-16T17:37:52+00:00\" \/>\n<meta property=\"og:image\" content=\"https:\/\/milbaza.lv\/wp-content\/uploads\/2022\/05\/CZ-MOS-PO-02.png\" \/>\n\t<meta property=\"og:image:width\" content=\"1500\" \/>\n\t<meta property=\"og:image:height\" content=\"1500\" \/>\n\t<meta property=\"og:image:type\" content=\"image\/png\" \/>\n<meta name=\"twitter:card\" content=\"summary_large_image\" \/>\n<meta name=\"twitter:label1\" content=\"\u041f\u0440\u0438\u043c\u0435\u0440\u043d\u043e\u0435 \u0432\u0440\u0435\u043c\u044f \u0434\u043b\u044f \u0447\u0442\u0435\u043d\u0438\u044f\" \/>\n\t<meta name=\"twitter:data1\" content=\"1 \u043c\u0438\u043d\u0443\u0442\u0430\" \/>\n<script type=\"application\/ld+json\" class=\"yoast-schema-graph\">{\"@context\":\"https:\/\/schema.org\",\"@graph\":[{\"@type\":\"WebPage\",\"@id\":\"https:\/\/milbaza.lv\/ru\/produkts\/moskitu-tikls-poliestera-tikls-helikon-tex-olivzals\/\",\"url\":\"https:\/\/milbaza.lv\/ru\/produkts\/moskitu-tikls-poliestera-tikls-helikon-tex-olivzals\/\",\"name\":\"MOSK\u012aTU T\u012aKLS - POLIESTERA T\u012aKLS HELIKON-TEX (OL\u012aVZA\u013b\u0160) - MILBAZA \u2013 viss akt\u012bvai atp\u016btai\",\"isPartOf\":{\"@id\":\"https:\/\/milbaza.lv\/ru\/#website\"},\"primaryImageOfPage\":{\"@id\":\"https:\/\/milbaza.lv\/ru\/produkts\/moskitu-tikls-poliestera-tikls-helikon-tex-olivzals\/#primaryimage\"},\"image\":{\"@id\":\"https:\/\/milbaza.lv\/ru\/produkts\/moskitu-tikls-poliestera-tikls-helikon-tex-olivzals\/#primaryimage\"},\"thumbnailUrl\":\"https:\/\/milbaza.lv\/wp-content\/uploads\/2022\/05\/CZ-MOS-PO-02.png\",\"datePublished\":\"2022-05-28T12:40:16+00:00\",\"dateModified\":\"2026-04-16T17:37:52+00:00\",\"description\":\"Nopirkt MOSK\u012aTU T\u012aKLS - POLIESTERA T\u012aKLS HELIKON-TEX (OL\u012aVZA\u013b\u0160) izdev\u012bga cena un pieg\u0101de. T\u016brisma pre\u010du interneta veikals, pas\u016bt\u012bt online 24\/7!\",\"breadcrumb\":{\"@id\":\"https:\/\/milbaza.lv\/ru\/produkts\/moskitu-tikls-poliestera-tikls-helikon-tex-olivzals\/#breadcrumb\"},\"inLanguage\":\"ru-RU\",\"potentialAction\":[{\"@type\":\"ReadAction\",\"target\":[\"https:\/\/milbaza.lv\/ru\/produkts\/moskitu-tikls-poliestera-tikls-helikon-tex-olivzals\/\"]}]},{\"@type\":\"ImageObject\",\"inLanguage\":\"ru-RU\",\"@id\":\"https:\/\/milbaza.lv\/ru\/produkts\/moskitu-tikls-poliestera-tikls-helikon-tex-olivzals\/#primaryimage\",\"url\":\"https:\/\/milbaza.lv\/wp-content\/uploads\/2022\/05\/CZ-MOS-PO-02.png\",\"contentUrl\":\"https:\/\/milbaza.lv\/wp-content\/uploads\/2022\/05\/CZ-MOS-PO-02.png\",\"width\":1500,\"height\":1500},{\"@type\":\"BreadcrumbList\",\"@id\":\"https:\/\/milbaza.lv\/ru\/produkts\/moskitu-tikls-poliestera-tikls-helikon-tex-olivzals\/#breadcrumb\",\"itemListElement\":[{\"@type\":\"ListItem\",\"position\":1,\"name\":\"Home\",\"item\":\"https:\/\/milbaza.lv\/ru\/\"},{\"@type\":\"ListItem\",\"position\":2,\"name\":\"\u041c\u0430\u0433\u0430\u0437\u0438\u043d\",\"item\":\"https:\/\/milbaza.lv\/ru\/%d0%bc%d0%b0%d0%b3%d0%b0%d0%b7%d0%b8%d0%bd\/\"},{\"@type\":\"ListItem\",\"position\":3,\"name\":\"MOSK\u012aTU T\u012aKLS &#8211; POLIESTERA T\u012aKLS HELIKON-TEX (OL\u012aVZA\u013b\u0160)\"}]},{\"@type\":\"WebSite\",\"@id\":\"https:\/\/milbaza.lv\/ru\/#website\",\"url\":\"https:\/\/milbaza.lv\/ru\/\",\"name\":\"MILBAZA \u2013 viss akt\u012bvai atp\u016btai\",\"description\":\"Viss akt\u012bvai atp\u016btai\",\"publisher\":{\"@id\":\"https:\/\/milbaza.lv\/ru\/#organization\"},\"potentialAction\":[{\"@type\":\"SearchAction\",\"target\":{\"@type\":\"EntryPoint\",\"urlTemplate\":\"https:\/\/milbaza.lv\/ru\/?s={search_term_string}\"},\"query-input\":{\"@type\":\"PropertyValueSpecification\",\"valueRequired\":true,\"valueName\":\"search_term_string\"}}],\"inLanguage\":\"ru-RU\"},{\"@type\":\"Organization\",\"@id\":\"https:\/\/milbaza.lv\/ru\/#organization\",\"name\":\"Milbaza\",\"url\":\"https:\/\/milbaza.lv\/ru\/\",\"logo\":{\"@type\":\"ImageObject\",\"inLanguage\":\"ru-RU\",\"@id\":\"https:\/\/milbaza.lv\/ru\/#\/schema\/logo\/image\/\",\"url\":\"https:\/\/milbaza.lv\/wp-content\/uploads\/2021\/11\/Mil_BAZA_logo3.png\",\"contentUrl\":\"https:\/\/milbaza.lv\/wp-content\/uploads\/2021\/11\/Mil_BAZA_logo3.png\",\"width\":564,\"height\":226,\"caption\":\"Milbaza\"},\"image\":{\"@id\":\"https:\/\/milbaza.lv\/ru\/#\/schema\/logo\/image\/\"},\"sameAs\":[\"https:\/\/www.facebook.com\/profile.php?id=100075399152223\",\"https:\/\/www.instagram.com\/milbaza.lv\/\",\"https:\/\/www.pinterest.com\/milbaza\/_saved\/\",\"https:\/\/www.youtube.com\/channel\/UCrPXltd8hsNIiGAKc37hGfQ\"]}]}<\/script>\n<!-- \/ Yoast SEO plugin. -->","yoast_head_json":{"title":"MOSK\u012aTU T\u012aKLS - POLIESTERA T\u012aKLS HELIKON-TEX (OL\u012aVZA\u013b\u0160) - MILBAZA \u2013 viss akt\u012bvai atp\u016btai","description":"Nopirkt MOSK\u012aTU T\u012aKLS - POLIESTERA T\u012aKLS HELIKON-TEX (OL\u012aVZA\u013b\u0160) izdev\u012bga cena un pieg\u0101de. T\u016brisma pre\u010du interneta veikals, pas\u016bt\u012bt online 24\/7!","robots":{"index":"index","follow":"follow","max-snippet":"max-snippet:-1","max-image-preview":"max-image-preview:large","max-video-preview":"max-video-preview:-1"},"canonical":"https:\/\/milbaza.lv\/ru\/produkts\/moskitu-tikls-poliestera-tikls-helikon-tex-olivzals\/","og_locale":"ru_RU","og_type":"article","og_title":"MOSK\u012aTU T\u012aKLS - POLIESTERA T\u012aKLS HELIKON-TEX (OL\u012aVZA\u013b\u0160) - MILBAZA \u2013 viss akt\u012bvai atp\u016btai","og_description":"Nopirkt MOSK\u012aTU T\u012aKLS - POLIESTERA T\u012aKLS HELIKON-TEX (OL\u012aVZA\u013b\u0160) izdev\u012bga cena un pieg\u0101de. T\u016brisma pre\u010du interneta veikals, pas\u016bt\u012bt online 24\/7!","og_url":"https:\/\/milbaza.lv\/ru\/produkts\/moskitu-tikls-poliestera-tikls-helikon-tex-olivzals\/","og_site_name":"MILBAZA \u2013 viss akt\u012bvai atp\u016btai","article_publisher":"https:\/\/www.facebook.com\/profile.php?id=100075399152223","article_modified_time":"2026-04-16T17:37:52+00:00","og_image":[{"width":1500,"height":1500,"url":"https:\/\/milbaza.lv\/wp-content\/uploads\/2022\/05\/CZ-MOS-PO-02.png","type":"image\/png"}],"twitter_card":"summary_large_image","twitter_misc":{"\u041f\u0440\u0438\u043c\u0435\u0440\u043d\u043e\u0435 \u0432\u0440\u0435\u043c\u044f \u0434\u043b\u044f \u0447\u0442\u0435\u043d\u0438\u044f":"1 \u043c\u0438\u043d\u0443\u0442\u0430"},"schema":{"@context":"https:\/\/schema.org","@graph":[{"@type":"WebPage","@id":"https:\/\/milbaza.lv\/ru\/produkts\/moskitu-tikls-poliestera-tikls-helikon-tex-olivzals\/","url":"https:\/\/milbaza.lv\/ru\/produkts\/moskitu-tikls-poliestera-tikls-helikon-tex-olivzals\/","name":"MOSK\u012aTU T\u012aKLS - POLIESTERA T\u012aKLS HELIKON-TEX (OL\u012aVZA\u013b\u0160) - MILBAZA \u2013 viss akt\u012bvai atp\u016btai","isPartOf":{"@id":"https:\/\/milbaza.lv\/ru\/#website"},"primaryImageOfPage":{"@id":"https:\/\/milbaza.lv\/ru\/produkts\/moskitu-tikls-poliestera-tikls-helikon-tex-olivzals\/#primaryimage"},"image":{"@id":"https:\/\/milbaza.lv\/ru\/produkts\/moskitu-tikls-poliestera-tikls-helikon-tex-olivzals\/#primaryimage"},"thumbnailUrl":"https:\/\/milbaza.lv\/wp-content\/uploads\/2022\/05\/CZ-MOS-PO-02.png","datePublished":"2022-05-28T12:40:16+00:00","dateModified":"2026-04-16T17:37:52+00:00","description":"Nopirkt MOSK\u012aTU T\u012aKLS - POLIESTERA T\u012aKLS HELIKON-TEX (OL\u012aVZA\u013b\u0160) izdev\u012bga cena un pieg\u0101de. T\u016brisma pre\u010du interneta veikals, pas\u016bt\u012bt online 24\/7!","breadcrumb":{"@id":"https:\/\/milbaza.lv\/ru\/produkts\/moskitu-tikls-poliestera-tikls-helikon-tex-olivzals\/#breadcrumb"},"inLanguage":"ru-RU","potentialAction":[{"@type":"ReadAction","target":["https:\/\/milbaza.lv\/ru\/produkts\/moskitu-tikls-poliestera-tikls-helikon-tex-olivzals\/"]}]},{"@type":"ImageObject","inLanguage":"ru-RU","@id":"https:\/\/milbaza.lv\/ru\/produkts\/moskitu-tikls-poliestera-tikls-helikon-tex-olivzals\/#primaryimage","url":"https:\/\/milbaza.lv\/wp-content\/uploads\/2022\/05\/CZ-MOS-PO-02.png","contentUrl":"https:\/\/milbaza.lv\/wp-content\/uploads\/2022\/05\/CZ-MOS-PO-02.png","width":1500,"height":1500},{"@type":"BreadcrumbList","@id":"https:\/\/milbaza.lv\/ru\/produkts\/moskitu-tikls-poliestera-tikls-helikon-tex-olivzals\/#breadcrumb","itemListElement":[{"@type":"ListItem","position":1,"name":"Home","item":"https:\/\/milbaza.lv\/ru\/"},{"@type":"ListItem","position":2,"name":"\u041c\u0430\u0433\u0430\u0437\u0438\u043d","item":"https:\/\/milbaza.lv\/ru\/%d0%bc%d0%b0%d0%b3%d0%b0%d0%b7%d0%b8%d0%bd\/"},{"@type":"ListItem","position":3,"name":"MOSK\u012aTU T\u012aKLS &#8211; POLIESTERA T\u012aKLS HELIKON-TEX (OL\u012aVZA\u013b\u0160)"}]},{"@type":"WebSite","@id":"https:\/\/milbaza.lv\/ru\/#website","url":"https:\/\/milbaza.lv\/ru\/","name":"MILBAZA \u2013 viss akt\u012bvai atp\u016btai","description":"Viss akt\u012bvai atp\u016btai","publisher":{"@id":"https:\/\/milbaza.lv\/ru\/#organization"},"potentialAction":[{"@type":"SearchAction","target":{"@type":"EntryPoint","urlTemplate":"https:\/\/milbaza.lv\/ru\/?s={search_term_string}"},"query-input":{"@type":"PropertyValueSpecification","valueRequired":true,"valueName":"search_term_string"}}],"inLanguage":"ru-RU"},{"@type":"Organization","@id":"https:\/\/milbaza.lv\/ru\/#organization","name":"Milbaza","url":"https:\/\/milbaza.lv\/ru\/","logo":{"@type":"ImageObject","inLanguage":"ru-RU","@id":"https:\/\/milbaza.lv\/ru\/#\/schema\/logo\/image\/","url":"https:\/\/milbaza.lv\/wp-content\/uploads\/2021\/11\/Mil_BAZA_logo3.png","contentUrl":"https:\/\/milbaza.lv\/wp-content\/uploads\/2021\/11\/Mil_BAZA_logo3.png","width":564,"height":226,"caption":"Milbaza"},"image":{"@id":"https:\/\/milbaza.lv\/ru\/#\/schema\/logo\/image\/"},"sameAs":["https:\/\/www.facebook.com\/profile.php?id=100075399152223","https:\/\/www.instagram.com\/milbaza.lv\/","https:\/\/www.pinterest.com\/milbaza\/_saved\/","https:\/\/www.youtube.com\/channel\/UCrPXltd8hsNIiGAKc37hGfQ"]}]}},"_links":{"self":[{"href":"https:\/\/milbaza.lv\/ru\/wp-json\/wp\/v2\/product\/11206","targetHints":{"allow":["GET"]}}],"collection":[{"href":"https:\/\/milbaza.lv\/ru\/wp-json\/wp\/v2\/product"}],"about":[{"href":"https:\/\/milbaza.lv\/ru\/wp-json\/wp\/v2\/types\/product"}],"replies":[{"embeddable":true,"href":"https:\/\/milbaza.lv\/ru\/wp-json\/wp\/v2\/comments?post=11206"}],"wp:featuredmedia":[{"embeddable":true,"href":"https:\/\/milbaza.lv\/ru\/wp-json\/wp\/v2\/media\/11207"}],"wp:attachment":[{"href":"https:\/\/milbaza.lv\/ru\/wp-json\/wp\/v2\/media?parent=11206"}],"wp:term":[{"taxonomy":"product_brand","embeddable":true,"href":"https:\/\/milbaza.lv\/ru\/wp-json\/wp\/v2\/product_brand?post=11206"},{"taxonomy":"product_cat","embeddable":true,"href":"https:\/\/milbaza.lv\/ru\/wp-json\/wp\/v2\/product_cat?post=11206"},{"taxonomy":"product_tag","embeddable":true,"href":"https:\/\/milbaza.lv\/ru\/wp-json\/wp\/v2\/product_tag?post=11206"}],"curies":[{"name":"wp","href":"https:\/\/api.w.org\/{rel}","templated":true}]}}