{"id":11227,"date":"2022-05-28T16:01:00","date_gmt":"2022-05-28T13:01:00","guid":{"rendered":"https:\/\/milbaza.lv\/?post_type=product&#038;p=11227"},"modified":"2026-05-06T21:51:46","modified_gmt":"2026-05-06T18:51:46","slug":"cepure-trucker-logo-kokvilna-helikon-tex-peleks-balts","status":"publish","type":"product","link":"https:\/\/milbaza.lv\/ru\/produkts\/cepure-trucker-logo-kokvilna-helikon-tex-peleks-balts\/","title":{"rendered":"CEPURE TRUCKER LOGO \u2013 KOKVILNA HELIKON-TEX (PEL\u0112KS\/BALTS)"},"content":{"rendered":"<p>Patiesa atdeve, \u0161\u012b kravas automa\u0161\u012bnas cepure ir tikpat autentiski amerik\u0101niska k\u0101 ke\u010dups uz hamburgera. Izstr\u0101d\u0101ts ar elpojo\u0161u sieta pamatni, form\u0113jamu malu un daudzpus\u012bg\u0101m kr\u0101s\u0101m un dizainu j\u016bsu personiskajam stilam, tas ir ide\u0101la cepure karst\u0101m vasaras dien\u0101m, \u0161au\u0161anai poligon\u0101 vai vienk\u0101r\u0161i braucieniem pa pils\u0113tu. Un jums pat nav j\u0101b\u016bt \u012bstam kravas automa\u0161\u012bnu vad\u012bt\u0101jam.<\/p>\n<p>\u012apa\u0161\u012bbas:<br \/>\nElpojo\u0161s, viegls<br \/>\nStiliz\u0113ts logotips<\/p>\n","protected":false},"excerpt":{"rendered":"<p>Patiesa atdeve, \u0161\u012b kravas automa\u0161\u012bnas cepure ir tikpat autentiski amerik\u0101niska k\u0101 ke\u010dups uz hamburgera. Izstr\u0101d\u0101ts ar elpojo\u0161u sieta pamatni, form\u0113jamu malu un daudzpus\u012bg\u0101m kr\u0101s\u0101m un dizainu j\u016bsu personiskajam stilam, tas ir ide\u0101la cepure karst\u0101m vasaras dien\u0101m, \u0161au\u0161anai poligon\u0101 vai vienk\u0101r\u0161i braucieniem pa pils\u0113tu. Un jums pat nav j\u0101b\u016bt \u012bstam kravas automa\u0161\u012bnu vad\u012bt\u0101jam. \u012apa\u0161\u012bbas: Elpojo\u0161s, viegls [&#8230;]\n","protected":false},"featured_media":11228,"comment_status":"open","ping_status":"closed","template":"","meta":{"_acf_changed":false},"product_brand":[],"product_cat":[24,416,160],"product_tag":[],"class_list":{"0":"post-11227","1":"product","2":"type-product","3":"status-publish","4":"has-post-thumbnail","6":"product_cat-apgerbi","7":"product_cat-cepures","8":"product_cat-cepures-galvassegas","10":"first","11":"instock","12":"taxable","13":"shipping-taxable","14":"purchasable","15":"product-type-simple"},"acf":[],"yoast_head":"<!-- This site is optimized with the Yoast SEO plugin v27.4 - https:\/\/yoast.com\/product\/yoast-seo-wordpress\/ -->\n<title>CEPURE TRUCKER LOGO \u2013 KOKVILNA HELIKON-TEX (PEL\u0112KS\/BALTS) - MILBAZA \u2013 viss akt\u012bvai atp\u016btai<\/title>\n<meta name=\"description\" content=\"Nopirkt CEPURE TRUCKER LOGO \u2013 KOKVILNA HELIKON-TEX (PEL\u0112KS\/BALTS) izdev\u012bga cena un pieg\u0101de. T\u016brisma pre\u010du interneta veikals, pas\u016bt\u012bt online 24\/7!\" \/>\n<meta name=\"robots\" content=\"index, follow, max-snippet:-1, max-image-preview:large, max-video-preview:-1\" \/>\n<link rel=\"canonical\" href=\"https:\/\/milbaza.lv\/ru\/produkts\/cepure-trucker-logo-kokvilna-helikon-tex-peleks-balts\/\" \/>\n<meta property=\"og:locale\" content=\"ru_RU\" \/>\n<meta property=\"og:type\" content=\"article\" \/>\n<meta property=\"og:title\" content=\"CEPURE TRUCKER LOGO \u2013 KOKVILNA HELIKON-TEX (PEL\u0112KS\/BALTS) - MILBAZA \u2013 viss akt\u012bvai atp\u016btai\" \/>\n<meta property=\"og:description\" content=\"Nopirkt CEPURE TRUCKER LOGO \u2013 KOKVILNA HELIKON-TEX (PEL\u0112KS\/BALTS) izdev\u012bga cena un pieg\u0101de. T\u016brisma pre\u010du interneta veikals, pas\u016bt\u012bt online 24\/7!\" \/>\n<meta property=\"og:url\" content=\"https:\/\/milbaza.lv\/ru\/produkts\/cepure-trucker-logo-kokvilna-helikon-tex-peleks-balts\/\" \/>\n<meta property=\"og:site_name\" content=\"MILBAZA \u2013 viss akt\u012bvai atp\u016btai\" \/>\n<meta property=\"article:publisher\" content=\"https:\/\/www.facebook.com\/profile.php?id=100075399152223\" \/>\n<meta property=\"article:modified_time\" content=\"2026-05-06T18:51:46+00:00\" \/>\n<meta property=\"og:image\" content=\"https:\/\/milbaza.lv\/wp-content\/uploads\/2022\/05\/CZ-TLC-CT-3520.png\" \/>\n\t<meta property=\"og:image:width\" content=\"1500\" \/>\n\t<meta property=\"og:image:height\" content=\"1500\" \/>\n\t<meta property=\"og:image:type\" content=\"image\/png\" \/>\n<meta name=\"twitter:card\" content=\"summary_large_image\" \/>\n<script type=\"application\/ld+json\" class=\"yoast-schema-graph\">{\"@context\":\"https:\\\/\\\/schema.org\",\"@graph\":[{\"@type\":\"WebPage\",\"@id\":\"https:\\\/\\\/milbaza.lv\\\/ru\\\/produkts\\\/cepure-trucker-logo-kokvilna-helikon-tex-peleks-balts\\\/\",\"url\":\"https:\\\/\\\/milbaza.lv\\\/ru\\\/produkts\\\/cepure-trucker-logo-kokvilna-helikon-tex-peleks-balts\\\/\",\"name\":\"CEPURE TRUCKER LOGO \u2013 KOKVILNA HELIKON-TEX (PEL\u0112KS\\\/BALTS) - MILBAZA \u2013 viss akt\u012bvai atp\u016btai\",\"isPartOf\":{\"@id\":\"https:\\\/\\\/milbaza.lv\\\/ru\\\/#website\"},\"primaryImageOfPage\":{\"@id\":\"https:\\\/\\\/milbaza.lv\\\/ru\\\/produkts\\\/cepure-trucker-logo-kokvilna-helikon-tex-peleks-balts\\\/#primaryimage\"},\"image\":{\"@id\":\"https:\\\/\\\/milbaza.lv\\\/ru\\\/produkts\\\/cepure-trucker-logo-kokvilna-helikon-tex-peleks-balts\\\/#primaryimage\"},\"thumbnailUrl\":\"https:\\\/\\\/milbaza.lv\\\/wp-content\\\/uploads\\\/2022\\\/05\\\/CZ-TLC-CT-3520.png\",\"datePublished\":\"2022-05-28T13:01:00+00:00\",\"dateModified\":\"2026-05-06T18:51:46+00:00\",\"description\":\"Nopirkt CEPURE TRUCKER LOGO \u2013 KOKVILNA HELIKON-TEX (PEL\u0112KS\\\/BALTS) izdev\u012bga cena un pieg\u0101de. T\u016brisma pre\u010du interneta veikals, pas\u016bt\u012bt online 24\\\/7!\",\"breadcrumb\":{\"@id\":\"https:\\\/\\\/milbaza.lv\\\/ru\\\/produkts\\\/cepure-trucker-logo-kokvilna-helikon-tex-peleks-balts\\\/#breadcrumb\"},\"inLanguage\":\"ru-RU\",\"potentialAction\":[{\"@type\":\"ReadAction\",\"target\":[\"https:\\\/\\\/milbaza.lv\\\/ru\\\/produkts\\\/cepure-trucker-logo-kokvilna-helikon-tex-peleks-balts\\\/\"]}]},{\"@type\":\"ImageObject\",\"inLanguage\":\"ru-RU\",\"@id\":\"https:\\\/\\\/milbaza.lv\\\/ru\\\/produkts\\\/cepure-trucker-logo-kokvilna-helikon-tex-peleks-balts\\\/#primaryimage\",\"url\":\"https:\\\/\\\/milbaza.lv\\\/wp-content\\\/uploads\\\/2022\\\/05\\\/CZ-TLC-CT-3520.png\",\"contentUrl\":\"https:\\\/\\\/milbaza.lv\\\/wp-content\\\/uploads\\\/2022\\\/05\\\/CZ-TLC-CT-3520.png\",\"width\":1500,\"height\":1500},{\"@type\":\"BreadcrumbList\",\"@id\":\"https:\\\/\\\/milbaza.lv\\\/ru\\\/produkts\\\/cepure-trucker-logo-kokvilna-helikon-tex-peleks-balts\\\/#breadcrumb\",\"itemListElement\":[{\"@type\":\"ListItem\",\"position\":1,\"name\":\"Home\",\"item\":\"https:\\\/\\\/milbaza.lv\\\/ru\\\/\"},{\"@type\":\"ListItem\",\"position\":2,\"name\":\"\u041c\u0430\u0433\u0430\u0437\u0438\u043d\",\"item\":\"https:\\\/\\\/milbaza.lv\\\/ru\\\/%d0%bc%d0%b0%d0%b3%d0%b0%d0%b7%d0%b8%d0%bd\\\/\"},{\"@type\":\"ListItem\",\"position\":3,\"name\":\"CEPURE TRUCKER LOGO \u2013 KOKVILNA HELIKON-TEX (PEL\u0112KS\\\/BALTS)\"}]},{\"@type\":\"WebSite\",\"@id\":\"https:\\\/\\\/milbaza.lv\\\/ru\\\/#website\",\"url\":\"https:\\\/\\\/milbaza.lv\\\/ru\\\/\",\"name\":\"MILBAZA \u2013 viss akt\u012bvai atp\u016btai\",\"description\":\"Viss akt\u012bvai atp\u016btai\",\"publisher\":{\"@id\":\"https:\\\/\\\/milbaza.lv\\\/ru\\\/#organization\"},\"potentialAction\":[{\"@type\":\"SearchAction\",\"target\":{\"@type\":\"EntryPoint\",\"urlTemplate\":\"https:\\\/\\\/milbaza.lv\\\/ru\\\/?s={search_term_string}\"},\"query-input\":{\"@type\":\"PropertyValueSpecification\",\"valueRequired\":true,\"valueName\":\"search_term_string\"}}],\"inLanguage\":\"ru-RU\"},{\"@type\":\"Organization\",\"@id\":\"https:\\\/\\\/milbaza.lv\\\/ru\\\/#organization\",\"name\":\"Milbaza\",\"url\":\"https:\\\/\\\/milbaza.lv\\\/ru\\\/\",\"logo\":{\"@type\":\"ImageObject\",\"inLanguage\":\"ru-RU\",\"@id\":\"https:\\\/\\\/milbaza.lv\\\/ru\\\/#\\\/schema\\\/logo\\\/image\\\/\",\"url\":\"https:\\\/\\\/milbaza.lv\\\/wp-content\\\/uploads\\\/2021\\\/11\\\/Mil_BAZA_logo3.png\",\"contentUrl\":\"https:\\\/\\\/milbaza.lv\\\/wp-content\\\/uploads\\\/2021\\\/11\\\/Mil_BAZA_logo3.png\",\"width\":564,\"height\":226,\"caption\":\"Milbaza\"},\"image\":{\"@id\":\"https:\\\/\\\/milbaza.lv\\\/ru\\\/#\\\/schema\\\/logo\\\/image\\\/\"},\"sameAs\":[\"https:\\\/\\\/www.facebook.com\\\/profile.php?id=100075399152223\",\"https:\\\/\\\/www.instagram.com\\\/milbaza.lv\\\/\",\"https:\\\/\\\/www.pinterest.com\\\/milbaza\\\/_saved\\\/\",\"https:\\\/\\\/www.youtube.com\\\/channel\\\/UCrPXltd8hsNIiGAKc37hGfQ\"]}]}<\/script>\n<!-- \/ Yoast SEO plugin. -->","yoast_head_json":{"title":"CEPURE TRUCKER LOGO \u2013 KOKVILNA HELIKON-TEX (PEL\u0112KS\/BALTS) - MILBAZA \u2013 viss akt\u012bvai atp\u016btai","description":"Nopirkt CEPURE TRUCKER LOGO \u2013 KOKVILNA HELIKON-TEX (PEL\u0112KS\/BALTS) izdev\u012bga cena un pieg\u0101de. T\u016brisma pre\u010du interneta veikals, pas\u016bt\u012bt online 24\/7!","robots":{"index":"index","follow":"follow","max-snippet":"max-snippet:-1","max-image-preview":"max-image-preview:large","max-video-preview":"max-video-preview:-1"},"canonical":"https:\/\/milbaza.lv\/ru\/produkts\/cepure-trucker-logo-kokvilna-helikon-tex-peleks-balts\/","og_locale":"ru_RU","og_type":"article","og_title":"CEPURE TRUCKER LOGO \u2013 KOKVILNA HELIKON-TEX (PEL\u0112KS\/BALTS) - MILBAZA \u2013 viss akt\u012bvai atp\u016btai","og_description":"Nopirkt CEPURE TRUCKER LOGO \u2013 KOKVILNA HELIKON-TEX (PEL\u0112KS\/BALTS) izdev\u012bga cena un pieg\u0101de. T\u016brisma pre\u010du interneta veikals, pas\u016bt\u012bt online 24\/7!","og_url":"https:\/\/milbaza.lv\/ru\/produkts\/cepure-trucker-logo-kokvilna-helikon-tex-peleks-balts\/","og_site_name":"MILBAZA \u2013 viss akt\u012bvai atp\u016btai","article_publisher":"https:\/\/www.facebook.com\/profile.php?id=100075399152223","article_modified_time":"2026-05-06T18:51:46+00:00","og_image":[{"width":1500,"height":1500,"url":"https:\/\/milbaza.lv\/wp-content\/uploads\/2022\/05\/CZ-TLC-CT-3520.png","type":"image\/png"}],"twitter_card":"summary_large_image","schema":{"@context":"https:\/\/schema.org","@graph":[{"@type":"WebPage","@id":"https:\/\/milbaza.lv\/ru\/produkts\/cepure-trucker-logo-kokvilna-helikon-tex-peleks-balts\/","url":"https:\/\/milbaza.lv\/ru\/produkts\/cepure-trucker-logo-kokvilna-helikon-tex-peleks-balts\/","name":"CEPURE TRUCKER LOGO \u2013 KOKVILNA HELIKON-TEX (PEL\u0112KS\/BALTS) - MILBAZA \u2013 viss akt\u012bvai atp\u016btai","isPartOf":{"@id":"https:\/\/milbaza.lv\/ru\/#website"},"primaryImageOfPage":{"@id":"https:\/\/milbaza.lv\/ru\/produkts\/cepure-trucker-logo-kokvilna-helikon-tex-peleks-balts\/#primaryimage"},"image":{"@id":"https:\/\/milbaza.lv\/ru\/produkts\/cepure-trucker-logo-kokvilna-helikon-tex-peleks-balts\/#primaryimage"},"thumbnailUrl":"https:\/\/milbaza.lv\/wp-content\/uploads\/2022\/05\/CZ-TLC-CT-3520.png","datePublished":"2022-05-28T13:01:00+00:00","dateModified":"2026-05-06T18:51:46+00:00","description":"Nopirkt CEPURE TRUCKER LOGO \u2013 KOKVILNA HELIKON-TEX (PEL\u0112KS\/BALTS) izdev\u012bga cena un pieg\u0101de. T\u016brisma pre\u010du interneta veikals, pas\u016bt\u012bt online 24\/7!","breadcrumb":{"@id":"https:\/\/milbaza.lv\/ru\/produkts\/cepure-trucker-logo-kokvilna-helikon-tex-peleks-balts\/#breadcrumb"},"inLanguage":"ru-RU","potentialAction":[{"@type":"ReadAction","target":["https:\/\/milbaza.lv\/ru\/produkts\/cepure-trucker-logo-kokvilna-helikon-tex-peleks-balts\/"]}]},{"@type":"ImageObject","inLanguage":"ru-RU","@id":"https:\/\/milbaza.lv\/ru\/produkts\/cepure-trucker-logo-kokvilna-helikon-tex-peleks-balts\/#primaryimage","url":"https:\/\/milbaza.lv\/wp-content\/uploads\/2022\/05\/CZ-TLC-CT-3520.png","contentUrl":"https:\/\/milbaza.lv\/wp-content\/uploads\/2022\/05\/CZ-TLC-CT-3520.png","width":1500,"height":1500},{"@type":"BreadcrumbList","@id":"https:\/\/milbaza.lv\/ru\/produkts\/cepure-trucker-logo-kokvilna-helikon-tex-peleks-balts\/#breadcrumb","itemListElement":[{"@type":"ListItem","position":1,"name":"Home","item":"https:\/\/milbaza.lv\/ru\/"},{"@type":"ListItem","position":2,"name":"\u041c\u0430\u0433\u0430\u0437\u0438\u043d","item":"https:\/\/milbaza.lv\/ru\/%d0%bc%d0%b0%d0%b3%d0%b0%d0%b7%d0%b8%d0%bd\/"},{"@type":"ListItem","position":3,"name":"CEPURE TRUCKER LOGO \u2013 KOKVILNA HELIKON-TEX (PEL\u0112KS\/BALTS)"}]},{"@type":"WebSite","@id":"https:\/\/milbaza.lv\/ru\/#website","url":"https:\/\/milbaza.lv\/ru\/","name":"MILBAZA \u2013 viss akt\u012bvai atp\u016btai","description":"Viss akt\u012bvai atp\u016btai","publisher":{"@id":"https:\/\/milbaza.lv\/ru\/#organization"},"potentialAction":[{"@type":"SearchAction","target":{"@type":"EntryPoint","urlTemplate":"https:\/\/milbaza.lv\/ru\/?s={search_term_string}"},"query-input":{"@type":"PropertyValueSpecification","valueRequired":true,"valueName":"search_term_string"}}],"inLanguage":"ru-RU"},{"@type":"Organization","@id":"https:\/\/milbaza.lv\/ru\/#organization","name":"Milbaza","url":"https:\/\/milbaza.lv\/ru\/","logo":{"@type":"ImageObject","inLanguage":"ru-RU","@id":"https:\/\/milbaza.lv\/ru\/#\/schema\/logo\/image\/","url":"https:\/\/milbaza.lv\/wp-content\/uploads\/2021\/11\/Mil_BAZA_logo3.png","contentUrl":"https:\/\/milbaza.lv\/wp-content\/uploads\/2021\/11\/Mil_BAZA_logo3.png","width":564,"height":226,"caption":"Milbaza"},"image":{"@id":"https:\/\/milbaza.lv\/ru\/#\/schema\/logo\/image\/"},"sameAs":["https:\/\/www.facebook.com\/profile.php?id=100075399152223","https:\/\/www.instagram.com\/milbaza.lv\/","https:\/\/www.pinterest.com\/milbaza\/_saved\/","https:\/\/www.youtube.com\/channel\/UCrPXltd8hsNIiGAKc37hGfQ"]}]}},"_links":{"self":[{"href":"https:\/\/milbaza.lv\/ru\/wp-json\/wp\/v2\/product\/11227","targetHints":{"allow":["GET"]}}],"collection":[{"href":"https:\/\/milbaza.lv\/ru\/wp-json\/wp\/v2\/product"}],"about":[{"href":"https:\/\/milbaza.lv\/ru\/wp-json\/wp\/v2\/types\/product"}],"replies":[{"embeddable":true,"href":"https:\/\/milbaza.lv\/ru\/wp-json\/wp\/v2\/comments?post=11227"}],"wp:featuredmedia":[{"embeddable":true,"href":"https:\/\/milbaza.lv\/ru\/wp-json\/wp\/v2\/media\/11228"}],"wp:attachment":[{"href":"https:\/\/milbaza.lv\/ru\/wp-json\/wp\/v2\/media?parent=11227"}],"wp:term":[{"taxonomy":"product_brand","embeddable":true,"href":"https:\/\/milbaza.lv\/ru\/wp-json\/wp\/v2\/product_brand?post=11227"},{"taxonomy":"product_cat","embeddable":true,"href":"https:\/\/milbaza.lv\/ru\/wp-json\/wp\/v2\/product_cat?post=11227"},{"taxonomy":"product_tag","embeddable":true,"href":"https:\/\/milbaza.lv\/ru\/wp-json\/wp\/v2\/product_tag?post=11227"}],"curies":[{"name":"wp","href":"https:\/\/api.w.org\/{rel}","templated":true}]}}