{"id":11390,"date":"2022-05-28T22:40:41","date_gmt":"2022-05-28T19:40:41","guid":{"rendered":"https:\/\/milbaza.lv\/?post_type=product&#038;p=11390"},"modified":"2026-04-20T05:07:07","modified_gmt":"2026-04-20T02:07:07","slug":"maskesanas-kostims-leaf-ghillie-set-us-woodland-helikon-tex","status":"publish","type":"product","link":"https:\/\/milbaza.lv\/ru\/produkts\/maskesanas-kostims-leaf-ghillie-set-us-woodland-helikon-tex\/","title":{"rendered":"MASK\u0112\u0160ANAS KOST\u012aMS LEAF GHILLIE SET\u00ae &#8211; US WOODLAND HELIKON-TEX"},"content":{"rendered":"<p>Individu\u0101la ghillie mask\u0113\u0161an\u0101s, ko izstr\u0101d\u0101jis un rad\u012bjis Helikon, kas paz\u012bstams ar pla\u0161o milit\u0101ro un \u0101ra ap\u0123\u0113rbu kl\u0101stu. Tas \u013cauj efekt\u012bvi sapl\u016bst ar lapu koku me\u017ea apk\u0101rtni.<\/p>\n<p>Leaf Ghillie Suit\u00ae raksturo mazs svars un augsta elpojam\u012bba, kas tika pan\u0101kta, ra\u017eojot to 100% no mitrumiztur\u012bga poliestera. Tas padara to ide\u0101li piem\u0113rotu ilg\u0101m patru\u013c\u0101m vai izl\u016bko\u0161anas misij\u0101m, kuru laik\u0101 tas p\u0101r\u0101k neapgr\u016btin\u0101s lietot\u0101ju. Viss ir iepakots kompresijas maisi\u0146\u0101, kas atvieglo t\u0113rpa iepako\u0161anu un transport\u0113\u0161anu.<\/p>\n<p>Mask\u0113\u0161anu nodro\u0161ina l\u0101zergrieztas lapas, kas p\u0101rkl\u0101tas ar abpus\u0113ju kamufl\u0101\u017eas apdruku. Turkl\u0101t ra\u017eot\u0101js izvietoja ar\u012b \u0161\u016bta parakorda rindas, lai \u013cautu v\u0113l lab\u0101k piel\u0101got mask\u0113\u0161anos videi, kur\u0101 tas tiks izmantots.<\/p>\n<p>Ap\u0123\u0113rbs sast\u0101v no div\u0101m da\u013c\u0101m: biks\u0113m un kapuci. Abiem ir \u0101tra uzvilk\u0161anas sist\u0113ma spr\u0101d\u017eu veid\u0101 ar regul\u0113jam\u0101m siksn\u0101m. Tas \u013cauj viegli un intuit\u012bvi piel\u0101got ap\u0123\u0113rbu atbilsto\u0161i lietot\u0101ja izm\u0113riem un apr\u012bkojumam, ko vi\u0146\u0161 valk\u0101. Komplekts veiksm\u012bgi darbojas ar visu taktisko ap\u0123\u0113rbu un vest\u0113m.<\/p>\n<p>\u012apa\u0161\u012bbas:<br \/>\nKamufl\u0101\u017eas uzvalks ar lapi\u0146\u0101m<br \/>\nIzgatavota no poliestera<br \/>\nNeuzs\u016bc mitrumu<br \/>\nViegls un labi v\u0113din\u0101ms<br \/>\nPiel\u0101gojama mask\u0113\u0161ana<br \/>\nDivda\u013c\u012bga konstrukcija: kapuci un bikses<br \/>\nDarbojas ar milit\u0101ro ap\u0123\u0113rbu un vest\u0113m<br \/>\nViens izm\u0113rs der visiem<\/p>\n","protected":false},"excerpt":{"rendered":"<p>Individu\u0101la ghillie mask\u0113\u0161an\u0101s, ko izstr\u0101d\u0101jis un rad\u012bjis Helikon, kas paz\u012bstams ar pla\u0161o milit\u0101ro un \u0101ra ap\u0123\u0113rbu kl\u0101stu. Tas \u013cauj efekt\u012bvi sapl\u016bst ar lapu koku me\u017ea apk\u0101rtni. Leaf Ghillie Suit\u00ae raksturo mazs svars un augsta elpojam\u012bba, kas tika pan\u0101kta, ra\u017eojot to 100% no mitrumiztur\u012bga poliestera. Tas padara to ide\u0101li piem\u0113rotu ilg\u0101m patru\u013c\u0101m vai izl\u016bko\u0161anas misij\u0101m, kuru [&#8230;]\n","protected":false},"featured_media":11391,"comment_status":"open","ping_status":"closed","template":"","meta":{"_acf_changed":false},"product_brand":[],"product_cat":[412],"product_tag":[],"class_list":{"0":"post-11390","1":"product","2":"type-product","3":"status-publish","4":"has-post-thumbnail","6":"product_cat-maskesanas-kostimi","8":"first","9":"outofstock","10":"taxable","11":"shipping-taxable","12":"purchasable","13":"product-type-simple"},"acf":[],"yoast_head":"<!-- This site is optimized with the Yoast SEO plugin v26.7 - https:\/\/yoast.com\/wordpress\/plugins\/seo\/ -->\n<title>MASK\u0112\u0160ANAS KOST\u012aMS LEAF GHILLIE SET\u00ae - US WOODLAND HELIKON-TEX - MILBAZA \u2013 viss akt\u012bvai atp\u016btai<\/title>\n<meta name=\"description\" content=\"Nopirkt MASK\u0112\u0160ANAS KOST\u012aMS LEAF GHILLIE SET\u00ae - US WOODLAND HELIKON-TEX izdev\u012bga cena un pieg\u0101de. T\u016brisma pre\u010du interneta veikals, pas\u016bt\u012bt online 24\/7!\" \/>\n<meta name=\"robots\" content=\"index, follow, max-snippet:-1, max-image-preview:large, max-video-preview:-1\" \/>\n<link rel=\"canonical\" href=\"https:\/\/milbaza.lv\/ru\/produkts\/maskesanas-kostims-leaf-ghillie-set-us-woodland-helikon-tex\/\" \/>\n<meta property=\"og:locale\" content=\"ru_RU\" \/>\n<meta property=\"og:type\" content=\"article\" \/>\n<meta property=\"og:title\" content=\"MASK\u0112\u0160ANAS KOST\u012aMS LEAF GHILLIE SET\u00ae - US WOODLAND HELIKON-TEX - MILBAZA \u2013 viss akt\u012bvai atp\u016btai\" \/>\n<meta property=\"og:description\" content=\"Nopirkt MASK\u0112\u0160ANAS KOST\u012aMS LEAF GHILLIE SET\u00ae - US WOODLAND HELIKON-TEX izdev\u012bga cena un pieg\u0101de. T\u016brisma pre\u010du interneta veikals, pas\u016bt\u012bt online 24\/7!\" \/>\n<meta property=\"og:url\" content=\"https:\/\/milbaza.lv\/ru\/produkts\/maskesanas-kostims-leaf-ghillie-set-us-woodland-helikon-tex\/\" \/>\n<meta property=\"og:site_name\" content=\"MILBAZA \u2013 viss akt\u012bvai atp\u016btai\" \/>\n<meta property=\"article:publisher\" content=\"https:\/\/www.facebook.com\/profile.php?id=100075399152223\" \/>\n<meta property=\"article:modified_time\" content=\"2026-04-20T02:07:07+00:00\" \/>\n<meta property=\"og:image\" content=\"https:\/\/milbaza.lv\/wp-content\/uploads\/2022\/05\/KP-LFG-PO-03.png\" \/>\n\t<meta property=\"og:image:width\" content=\"1500\" \/>\n\t<meta property=\"og:image:height\" content=\"1500\" \/>\n\t<meta property=\"og:image:type\" content=\"image\/png\" \/>\n<meta name=\"twitter:card\" content=\"summary_large_image\" \/>\n<meta name=\"twitter:label1\" content=\"\u041f\u0440\u0438\u043c\u0435\u0440\u043d\u043e\u0435 \u0432\u0440\u0435\u043c\u044f \u0434\u043b\u044f \u0447\u0442\u0435\u043d\u0438\u044f\" \/>\n\t<meta name=\"twitter:data1\" content=\"1 \u043c\u0438\u043d\u0443\u0442\u0430\" \/>\n<script type=\"application\/ld+json\" class=\"yoast-schema-graph\">{\"@context\":\"https:\/\/schema.org\",\"@graph\":[{\"@type\":\"WebPage\",\"@id\":\"https:\/\/milbaza.lv\/ru\/produkts\/maskesanas-kostims-leaf-ghillie-set-us-woodland-helikon-tex\/\",\"url\":\"https:\/\/milbaza.lv\/ru\/produkts\/maskesanas-kostims-leaf-ghillie-set-us-woodland-helikon-tex\/\",\"name\":\"MASK\u0112\u0160ANAS KOST\u012aMS LEAF GHILLIE SET\u00ae - US WOODLAND HELIKON-TEX - MILBAZA \u2013 viss akt\u012bvai atp\u016btai\",\"isPartOf\":{\"@id\":\"https:\/\/milbaza.lv\/ru\/#website\"},\"primaryImageOfPage\":{\"@id\":\"https:\/\/milbaza.lv\/ru\/produkts\/maskesanas-kostims-leaf-ghillie-set-us-woodland-helikon-tex\/#primaryimage\"},\"image\":{\"@id\":\"https:\/\/milbaza.lv\/ru\/produkts\/maskesanas-kostims-leaf-ghillie-set-us-woodland-helikon-tex\/#primaryimage\"},\"thumbnailUrl\":\"https:\/\/milbaza.lv\/wp-content\/uploads\/2022\/05\/KP-LFG-PO-03.png\",\"datePublished\":\"2022-05-28T19:40:41+00:00\",\"dateModified\":\"2026-04-20T02:07:07+00:00\",\"description\":\"Nopirkt MASK\u0112\u0160ANAS KOST\u012aMS LEAF GHILLIE SET\u00ae - US WOODLAND HELIKON-TEX izdev\u012bga cena un pieg\u0101de. T\u016brisma pre\u010du interneta veikals, pas\u016bt\u012bt online 24\/7!\",\"breadcrumb\":{\"@id\":\"https:\/\/milbaza.lv\/ru\/produkts\/maskesanas-kostims-leaf-ghillie-set-us-woodland-helikon-tex\/#breadcrumb\"},\"inLanguage\":\"ru-RU\",\"potentialAction\":[{\"@type\":\"ReadAction\",\"target\":[\"https:\/\/milbaza.lv\/ru\/produkts\/maskesanas-kostims-leaf-ghillie-set-us-woodland-helikon-tex\/\"]}]},{\"@type\":\"ImageObject\",\"inLanguage\":\"ru-RU\",\"@id\":\"https:\/\/milbaza.lv\/ru\/produkts\/maskesanas-kostims-leaf-ghillie-set-us-woodland-helikon-tex\/#primaryimage\",\"url\":\"https:\/\/milbaza.lv\/wp-content\/uploads\/2022\/05\/KP-LFG-PO-03.png\",\"contentUrl\":\"https:\/\/milbaza.lv\/wp-content\/uploads\/2022\/05\/KP-LFG-PO-03.png\",\"width\":1500,\"height\":1500},{\"@type\":\"BreadcrumbList\",\"@id\":\"https:\/\/milbaza.lv\/ru\/produkts\/maskesanas-kostims-leaf-ghillie-set-us-woodland-helikon-tex\/#breadcrumb\",\"itemListElement\":[{\"@type\":\"ListItem\",\"position\":1,\"name\":\"Home\",\"item\":\"https:\/\/milbaza.lv\/ru\/\"},{\"@type\":\"ListItem\",\"position\":2,\"name\":\"\u041c\u0430\u0433\u0430\u0437\u0438\u043d\",\"item\":\"https:\/\/milbaza.lv\/ru\/%d0%bc%d0%b0%d0%b3%d0%b0%d0%b7%d0%b8%d0%bd\/\"},{\"@type\":\"ListItem\",\"position\":3,\"name\":\"MASK\u0112\u0160ANAS KOST\u012aMS LEAF GHILLIE SET\u00ae &#8211; US WOODLAND HELIKON-TEX\"}]},{\"@type\":\"WebSite\",\"@id\":\"https:\/\/milbaza.lv\/ru\/#website\",\"url\":\"https:\/\/milbaza.lv\/ru\/\",\"name\":\"MILBAZA \u2013 viss akt\u012bvai atp\u016btai\",\"description\":\"Viss akt\u012bvai atp\u016btai\",\"publisher\":{\"@id\":\"https:\/\/milbaza.lv\/ru\/#organization\"},\"potentialAction\":[{\"@type\":\"SearchAction\",\"target\":{\"@type\":\"EntryPoint\",\"urlTemplate\":\"https:\/\/milbaza.lv\/ru\/?s={search_term_string}\"},\"query-input\":{\"@type\":\"PropertyValueSpecification\",\"valueRequired\":true,\"valueName\":\"search_term_string\"}}],\"inLanguage\":\"ru-RU\"},{\"@type\":\"Organization\",\"@id\":\"https:\/\/milbaza.lv\/ru\/#organization\",\"name\":\"Milbaza\",\"url\":\"https:\/\/milbaza.lv\/ru\/\",\"logo\":{\"@type\":\"ImageObject\",\"inLanguage\":\"ru-RU\",\"@id\":\"https:\/\/milbaza.lv\/ru\/#\/schema\/logo\/image\/\",\"url\":\"https:\/\/milbaza.lv\/wp-content\/uploads\/2021\/11\/Mil_BAZA_logo3.png\",\"contentUrl\":\"https:\/\/milbaza.lv\/wp-content\/uploads\/2021\/11\/Mil_BAZA_logo3.png\",\"width\":564,\"height\":226,\"caption\":\"Milbaza\"},\"image\":{\"@id\":\"https:\/\/milbaza.lv\/ru\/#\/schema\/logo\/image\/\"},\"sameAs\":[\"https:\/\/www.facebook.com\/profile.php?id=100075399152223\",\"https:\/\/www.instagram.com\/milbaza.lv\/\",\"https:\/\/www.pinterest.com\/milbaza\/_saved\/\",\"https:\/\/www.youtube.com\/channel\/UCrPXltd8hsNIiGAKc37hGfQ\"]}]}<\/script>\n<!-- \/ Yoast SEO plugin. -->","yoast_head_json":{"title":"MASK\u0112\u0160ANAS KOST\u012aMS LEAF GHILLIE SET\u00ae - US WOODLAND HELIKON-TEX - MILBAZA \u2013 viss akt\u012bvai atp\u016btai","description":"Nopirkt MASK\u0112\u0160ANAS KOST\u012aMS LEAF GHILLIE SET\u00ae - US WOODLAND HELIKON-TEX izdev\u012bga cena un pieg\u0101de. T\u016brisma pre\u010du interneta veikals, pas\u016bt\u012bt online 24\/7!","robots":{"index":"index","follow":"follow","max-snippet":"max-snippet:-1","max-image-preview":"max-image-preview:large","max-video-preview":"max-video-preview:-1"},"canonical":"https:\/\/milbaza.lv\/ru\/produkts\/maskesanas-kostims-leaf-ghillie-set-us-woodland-helikon-tex\/","og_locale":"ru_RU","og_type":"article","og_title":"MASK\u0112\u0160ANAS KOST\u012aMS LEAF GHILLIE SET\u00ae - US WOODLAND HELIKON-TEX - MILBAZA \u2013 viss akt\u012bvai atp\u016btai","og_description":"Nopirkt MASK\u0112\u0160ANAS KOST\u012aMS LEAF GHILLIE SET\u00ae - US WOODLAND HELIKON-TEX izdev\u012bga cena un pieg\u0101de. T\u016brisma pre\u010du interneta veikals, pas\u016bt\u012bt online 24\/7!","og_url":"https:\/\/milbaza.lv\/ru\/produkts\/maskesanas-kostims-leaf-ghillie-set-us-woodland-helikon-tex\/","og_site_name":"MILBAZA \u2013 viss akt\u012bvai atp\u016btai","article_publisher":"https:\/\/www.facebook.com\/profile.php?id=100075399152223","article_modified_time":"2026-04-20T02:07:07+00:00","og_image":[{"width":1500,"height":1500,"url":"https:\/\/milbaza.lv\/wp-content\/uploads\/2022\/05\/KP-LFG-PO-03.png","type":"image\/png"}],"twitter_card":"summary_large_image","twitter_misc":{"\u041f\u0440\u0438\u043c\u0435\u0440\u043d\u043e\u0435 \u0432\u0440\u0435\u043c\u044f \u0434\u043b\u044f \u0447\u0442\u0435\u043d\u0438\u044f":"1 \u043c\u0438\u043d\u0443\u0442\u0430"},"schema":{"@context":"https:\/\/schema.org","@graph":[{"@type":"WebPage","@id":"https:\/\/milbaza.lv\/ru\/produkts\/maskesanas-kostims-leaf-ghillie-set-us-woodland-helikon-tex\/","url":"https:\/\/milbaza.lv\/ru\/produkts\/maskesanas-kostims-leaf-ghillie-set-us-woodland-helikon-tex\/","name":"MASK\u0112\u0160ANAS KOST\u012aMS LEAF GHILLIE SET\u00ae - US WOODLAND HELIKON-TEX - MILBAZA \u2013 viss akt\u012bvai atp\u016btai","isPartOf":{"@id":"https:\/\/milbaza.lv\/ru\/#website"},"primaryImageOfPage":{"@id":"https:\/\/milbaza.lv\/ru\/produkts\/maskesanas-kostims-leaf-ghillie-set-us-woodland-helikon-tex\/#primaryimage"},"image":{"@id":"https:\/\/milbaza.lv\/ru\/produkts\/maskesanas-kostims-leaf-ghillie-set-us-woodland-helikon-tex\/#primaryimage"},"thumbnailUrl":"https:\/\/milbaza.lv\/wp-content\/uploads\/2022\/05\/KP-LFG-PO-03.png","datePublished":"2022-05-28T19:40:41+00:00","dateModified":"2026-04-20T02:07:07+00:00","description":"Nopirkt MASK\u0112\u0160ANAS KOST\u012aMS LEAF GHILLIE SET\u00ae - US WOODLAND HELIKON-TEX izdev\u012bga cena un pieg\u0101de. T\u016brisma pre\u010du interneta veikals, pas\u016bt\u012bt online 24\/7!","breadcrumb":{"@id":"https:\/\/milbaza.lv\/ru\/produkts\/maskesanas-kostims-leaf-ghillie-set-us-woodland-helikon-tex\/#breadcrumb"},"inLanguage":"ru-RU","potentialAction":[{"@type":"ReadAction","target":["https:\/\/milbaza.lv\/ru\/produkts\/maskesanas-kostims-leaf-ghillie-set-us-woodland-helikon-tex\/"]}]},{"@type":"ImageObject","inLanguage":"ru-RU","@id":"https:\/\/milbaza.lv\/ru\/produkts\/maskesanas-kostims-leaf-ghillie-set-us-woodland-helikon-tex\/#primaryimage","url":"https:\/\/milbaza.lv\/wp-content\/uploads\/2022\/05\/KP-LFG-PO-03.png","contentUrl":"https:\/\/milbaza.lv\/wp-content\/uploads\/2022\/05\/KP-LFG-PO-03.png","width":1500,"height":1500},{"@type":"BreadcrumbList","@id":"https:\/\/milbaza.lv\/ru\/produkts\/maskesanas-kostims-leaf-ghillie-set-us-woodland-helikon-tex\/#breadcrumb","itemListElement":[{"@type":"ListItem","position":1,"name":"Home","item":"https:\/\/milbaza.lv\/ru\/"},{"@type":"ListItem","position":2,"name":"\u041c\u0430\u0433\u0430\u0437\u0438\u043d","item":"https:\/\/milbaza.lv\/ru\/%d0%bc%d0%b0%d0%b3%d0%b0%d0%b7%d0%b8%d0%bd\/"},{"@type":"ListItem","position":3,"name":"MASK\u0112\u0160ANAS KOST\u012aMS LEAF GHILLIE SET\u00ae &#8211; US WOODLAND HELIKON-TEX"}]},{"@type":"WebSite","@id":"https:\/\/milbaza.lv\/ru\/#website","url":"https:\/\/milbaza.lv\/ru\/","name":"MILBAZA \u2013 viss akt\u012bvai atp\u016btai","description":"Viss akt\u012bvai atp\u016btai","publisher":{"@id":"https:\/\/milbaza.lv\/ru\/#organization"},"potentialAction":[{"@type":"SearchAction","target":{"@type":"EntryPoint","urlTemplate":"https:\/\/milbaza.lv\/ru\/?s={search_term_string}"},"query-input":{"@type":"PropertyValueSpecification","valueRequired":true,"valueName":"search_term_string"}}],"inLanguage":"ru-RU"},{"@type":"Organization","@id":"https:\/\/milbaza.lv\/ru\/#organization","name":"Milbaza","url":"https:\/\/milbaza.lv\/ru\/","logo":{"@type":"ImageObject","inLanguage":"ru-RU","@id":"https:\/\/milbaza.lv\/ru\/#\/schema\/logo\/image\/","url":"https:\/\/milbaza.lv\/wp-content\/uploads\/2021\/11\/Mil_BAZA_logo3.png","contentUrl":"https:\/\/milbaza.lv\/wp-content\/uploads\/2021\/11\/Mil_BAZA_logo3.png","width":564,"height":226,"caption":"Milbaza"},"image":{"@id":"https:\/\/milbaza.lv\/ru\/#\/schema\/logo\/image\/"},"sameAs":["https:\/\/www.facebook.com\/profile.php?id=100075399152223","https:\/\/www.instagram.com\/milbaza.lv\/","https:\/\/www.pinterest.com\/milbaza\/_saved\/","https:\/\/www.youtube.com\/channel\/UCrPXltd8hsNIiGAKc37hGfQ"]}]}},"_links":{"self":[{"href":"https:\/\/milbaza.lv\/ru\/wp-json\/wp\/v2\/product\/11390","targetHints":{"allow":["GET"]}}],"collection":[{"href":"https:\/\/milbaza.lv\/ru\/wp-json\/wp\/v2\/product"}],"about":[{"href":"https:\/\/milbaza.lv\/ru\/wp-json\/wp\/v2\/types\/product"}],"replies":[{"embeddable":true,"href":"https:\/\/milbaza.lv\/ru\/wp-json\/wp\/v2\/comments?post=11390"}],"wp:featuredmedia":[{"embeddable":true,"href":"https:\/\/milbaza.lv\/ru\/wp-json\/wp\/v2\/media\/11391"}],"wp:attachment":[{"href":"https:\/\/milbaza.lv\/ru\/wp-json\/wp\/v2\/media?parent=11390"}],"wp:term":[{"taxonomy":"product_brand","embeddable":true,"href":"https:\/\/milbaza.lv\/ru\/wp-json\/wp\/v2\/product_brand?post=11390"},{"taxonomy":"product_cat","embeddable":true,"href":"https:\/\/milbaza.lv\/ru\/wp-json\/wp\/v2\/product_cat?post=11390"},{"taxonomy":"product_tag","embeddable":true,"href":"https:\/\/milbaza.lv\/ru\/wp-json\/wp\/v2\/product_tag?post=11390"}],"curies":[{"name":"wp","href":"https:\/\/api.w.org\/{rel}","templated":true}]}}