{"id":1559,"date":"2022-01-12T10:07:58","date_gmt":"2022-01-12T08:07:58","guid":{"rendered":"https:\/\/milbaza.lv\/products\/hoodie-with-logo\/"},"modified":"2026-04-18T02:08:27","modified_gmt":"2026-04-17T23:08:27","slug":"hoodie-with-logo","status":"publish","type":"product","link":"https:\/\/milbaza.lv\/ru\/produkts\/hoodie-with-logo\/","title":{"rendered":"Helikon-Tex D\u017eemperis Urban Tactical Hoodie Full-Zip"},"content":{"rendered":"<p>URBAN TACTICAL HOODIE\u00ae ir viegla jaka ar r\u0101v\u0113jsl\u0113dz\u0113ju. Vienk\u0101r\u0161ais piegriezums un elast\u012bgais audums padara \u0161o jaku lieliski piem\u0113rotu jebkurai pils\u0113tas darb\u012bbai. Divas klasisk\u0101s, priek\u0161\u0113j\u0101s kabatas kur\u0101s var ievietot visu nepiecie\u0161amo. Kabatas ir iestr\u0101d\u0101tas t\u0101, lai sasild\u012btu J\u016bsu rok\u0101s pat visaukst\u0101kaj\u0101s dien\u0101s. Turkl\u0101t \u0161o kabatu iek\u0161pus\u0113 ir maz\u0101kas, sl\u0113ptas kabati\u0146as. T\u0101s var aizv\u0113rt ar r\u0101v\u0113jsl\u0113dz\u0113ju. Jakas iek\u0161pus\u0113 ir sieta kabatas, kur\u0101s var ievietot maci\u0146u vai dokumentus, pasarg\u0101jot tos no nozag\u0161anas vai pazaud\u0113\u0161anas. Plecu da\u013c\u0101 ar\u012b ir \u0113rtas kabatas ar neredzamo r\u0101v\u0113jsl\u0113dz\u0113ju. Uz bicepsiem ir VELCRO pane\u013ci. Papildus pane\u013ci atrodas kapuces aizmugur\u0113.<\/p>\n<p>Ipa\u0161\u012bbas:<\/p>\n<ul>\n<li>Kapuce ar sietu<\/li>\n<li>\u00a0Apro\u010du piedurknes<\/li>\n<li>\u00a0Regul\u0113jama kapuce<\/li>\n<li>Iek\u0161\u0113j\u0101s kabatas no tikli\u0146auduma<\/li>\n<li>\u00a0Lielas priek\u0161kabatas ar papildus iek\u0161\u0113jiem nodal\u012bjumiem<\/li>\n<li>YKK\u00ae r\u0101v\u0113jsl\u0113dz\u0113ji<\/li>\n<li>Galvenais YKK\u00ae r\u0101v\u0113jsl\u0113dz\u0113js ar zoda aizsargu<\/li>\n<li>VELCRO pane\u013ci<\/li>\n<li>Kabats ar r\u0101v\u0113jsl\u0113dz\u0113ju rokas aug\u0161da\u013c\u0101<\/li>\n<\/ul>\n<p><iframe loading=\"lazy\" title=\"Helikon-Tex - Urban Tactical Hoodie (FullZip)\u00ae\" width=\"1020\" height=\"574\" src=\"https:\/\/www.youtube.com\/embed\/wfL7ZExP-TM?feature=oembed\" frameborder=\"0\" allow=\"accelerometer; autoplay; clipboard-write; encrypted-media; gyroscope; picture-in-picture; web-share\" referrerpolicy=\"strict-origin-when-cross-origin\" allowfullscreen><\/iframe><\/p>\n","protected":false},"excerpt":{"rendered":"<p>URBAN TACTICAL HOODIE\u00ae ir viegla jaka ar r\u0101v\u0113jsl\u0113dz\u0113ju. Vienk\u0101r\u0161ais piegriezums un elast\u012bgais audums padara \u0161o jaku lieliski piem\u0113rotu jebkurai pils\u0113tas darb\u012bbai. Divas klasisk\u0101s, priek\u0161\u0113j\u0101s kabatas kur\u0101s var ievietot visu nepiecie\u0161amo. Kabatas ir iestr\u0101d\u0101tas t\u0101, lai sasild\u012btu J\u016bsu rok\u0101s pat visaukst\u0101kaj\u0101s dien\u0101s. Turkl\u0101t \u0161o kabatu iek\u0161pus\u0113 ir maz\u0101kas, sl\u0113ptas kabati\u0146as. T\u0101s var aizv\u0113rt ar r\u0101v\u0113jsl\u0113dz\u0113ju. Jakas [&#8230;]\n","protected":false},"featured_media":2981,"comment_status":"open","ping_status":"closed","template":"","meta":{"_acf_changed":false},"product_brand":[],"product_cat":[156,24],"product_tag":[],"class_list":{"0":"post-1559","1":"product","2":"type-product","3":"status-publish","4":"has-post-thumbnail","6":"product_cat-jakas-dzemperi","7":"product_cat-apgerbi","9":"first","10":"instock","11":"taxable","12":"shipping-taxable","13":"purchasable","14":"product-type-variable","15":"has-default-attributes"},"acf":[],"yoast_head":"<!-- This site is optimized with the Yoast SEO plugin v26.7 - https:\/\/yoast.com\/wordpress\/plugins\/seo\/ -->\n<title>D\u017eemperis Helikon-Tex Urban Tactical Hoodie Full-Zip (melns) - MILBAZA<\/title>\n<meta name=\"description\" content=\"Nopirkt Helikon-Tex Urban Tactical Hoodie Full-Zip (black), izdev\u012bga cena un pieg\u0101de. T\u016brisma pre\u010du interneta veikals, pas\u016bt\u012bt online 24\/7!\" \/>\n<meta name=\"robots\" content=\"index, follow, max-snippet:-1, max-image-preview:large, max-video-preview:-1\" \/>\n<link rel=\"canonical\" href=\"https:\/\/milbaza.lv\/ru\/produkts\/hoodie-with-logo\/\" \/>\n<meta property=\"og:locale\" content=\"ru_RU\" \/>\n<meta property=\"og:type\" content=\"article\" \/>\n<meta property=\"og:title\" content=\"D\u017eemperis Helikon-Tex Urban Tactical Hoodie Full-Zip (melns) - MILBAZA\" \/>\n<meta property=\"og:description\" content=\"Nopirkt Helikon-Tex Urban Tactical Hoodie Full-Zip (black), izdev\u012bga cena un pieg\u0101de. T\u016brisma pre\u010du interneta veikals, pas\u016bt\u012bt online 24\/7!\" \/>\n<meta property=\"og:url\" content=\"https:\/\/milbaza.lv\/ru\/produkts\/hoodie-with-logo\/\" \/>\n<meta property=\"og:site_name\" content=\"MILBAZA \u2013 viss akt\u012bvai atp\u016btai\" \/>\n<meta property=\"article:publisher\" content=\"https:\/\/www.facebook.com\/profile.php?id=100075399152223\" \/>\n<meta property=\"article:modified_time\" content=\"2026-04-17T23:08:27+00:00\" \/>\n<meta property=\"og:image\" content=\"https:\/\/milbaza.lv\/wp-content\/uploads\/2022\/01\/BL-UHF-PO-01.jpg\" \/>\n\t<meta property=\"og:image:width\" content=\"1500\" \/>\n\t<meta property=\"og:image:height\" content=\"1500\" \/>\n\t<meta property=\"og:image:type\" content=\"image\/jpeg\" \/>\n<meta name=\"twitter:card\" content=\"summary_large_image\" \/>\n<meta name=\"twitter:label1\" content=\"\u041f\u0440\u0438\u043c\u0435\u0440\u043d\u043e\u0435 \u0432\u0440\u0435\u043c\u044f \u0434\u043b\u044f \u0447\u0442\u0435\u043d\u0438\u044f\" \/>\n\t<meta name=\"twitter:data1\" content=\"1 \u043c\u0438\u043d\u0443\u0442\u0430\" \/>\n<script type=\"application\/ld+json\" class=\"yoast-schema-graph\">{\"@context\":\"https:\/\/schema.org\",\"@graph\":[{\"@type\":\"WebPage\",\"@id\":\"https:\/\/milbaza.lv\/ru\/produkts\/hoodie-with-logo\/\",\"url\":\"https:\/\/milbaza.lv\/ru\/produkts\/hoodie-with-logo\/\",\"name\":\"D\u017eemperis Helikon-Tex Urban Tactical Hoodie Full-Zip (melns) - MILBAZA\",\"isPartOf\":{\"@id\":\"https:\/\/milbaza.lv\/ru\/#website\"},\"primaryImageOfPage\":{\"@id\":\"https:\/\/milbaza.lv\/ru\/produkts\/hoodie-with-logo\/#primaryimage\"},\"image\":{\"@id\":\"https:\/\/milbaza.lv\/ru\/produkts\/hoodie-with-logo\/#primaryimage\"},\"thumbnailUrl\":\"https:\/\/milbaza.lv\/wp-content\/uploads\/2022\/01\/BL-UHF-PO-01.jpg\",\"datePublished\":\"2022-01-12T08:07:58+00:00\",\"dateModified\":\"2026-04-17T23:08:27+00:00\",\"description\":\"Nopirkt Helikon-Tex Urban Tactical Hoodie Full-Zip (black), izdev\u012bga cena un pieg\u0101de. T\u016brisma pre\u010du interneta veikals, pas\u016bt\u012bt online 24\/7!\",\"breadcrumb\":{\"@id\":\"https:\/\/milbaza.lv\/ru\/produkts\/hoodie-with-logo\/#breadcrumb\"},\"inLanguage\":\"ru-RU\",\"potentialAction\":[{\"@type\":\"ReadAction\",\"target\":[\"https:\/\/milbaza.lv\/ru\/produkts\/hoodie-with-logo\/\"]}]},{\"@type\":\"ImageObject\",\"inLanguage\":\"ru-RU\",\"@id\":\"https:\/\/milbaza.lv\/ru\/produkts\/hoodie-with-logo\/#primaryimage\",\"url\":\"https:\/\/milbaza.lv\/wp-content\/uploads\/2022\/01\/BL-UHF-PO-01.jpg\",\"contentUrl\":\"https:\/\/milbaza.lv\/wp-content\/uploads\/2022\/01\/BL-UHF-PO-01.jpg\",\"width\":1500,\"height\":1500},{\"@type\":\"BreadcrumbList\",\"@id\":\"https:\/\/milbaza.lv\/ru\/produkts\/hoodie-with-logo\/#breadcrumb\",\"itemListElement\":[{\"@type\":\"ListItem\",\"position\":1,\"name\":\"Home\",\"item\":\"https:\/\/milbaza.lv\/ru\/\"},{\"@type\":\"ListItem\",\"position\":2,\"name\":\"\u041c\u0430\u0433\u0430\u0437\u0438\u043d\",\"item\":\"https:\/\/milbaza.lv\/ru\/%d0%bc%d0%b0%d0%b3%d0%b0%d0%b7%d0%b8%d0%bd\/\"},{\"@type\":\"ListItem\",\"position\":3,\"name\":\"Helikon-Tex D\u017eemperis Urban Tactical Hoodie Full-Zip\"}]},{\"@type\":\"WebSite\",\"@id\":\"https:\/\/milbaza.lv\/ru\/#website\",\"url\":\"https:\/\/milbaza.lv\/ru\/\",\"name\":\"MILBAZA \u2013 viss akt\u012bvai atp\u016btai\",\"description\":\"Viss akt\u012bvai atp\u016btai\",\"publisher\":{\"@id\":\"https:\/\/milbaza.lv\/ru\/#organization\"},\"potentialAction\":[{\"@type\":\"SearchAction\",\"target\":{\"@type\":\"EntryPoint\",\"urlTemplate\":\"https:\/\/milbaza.lv\/ru\/?s={search_term_string}\"},\"query-input\":{\"@type\":\"PropertyValueSpecification\",\"valueRequired\":true,\"valueName\":\"search_term_string\"}}],\"inLanguage\":\"ru-RU\"},{\"@type\":\"Organization\",\"@id\":\"https:\/\/milbaza.lv\/ru\/#organization\",\"name\":\"Milbaza\",\"url\":\"https:\/\/milbaza.lv\/ru\/\",\"logo\":{\"@type\":\"ImageObject\",\"inLanguage\":\"ru-RU\",\"@id\":\"https:\/\/milbaza.lv\/ru\/#\/schema\/logo\/image\/\",\"url\":\"https:\/\/milbaza.lv\/wp-content\/uploads\/2021\/11\/Mil_BAZA_logo3.png\",\"contentUrl\":\"https:\/\/milbaza.lv\/wp-content\/uploads\/2021\/11\/Mil_BAZA_logo3.png\",\"width\":564,\"height\":226,\"caption\":\"Milbaza\"},\"image\":{\"@id\":\"https:\/\/milbaza.lv\/ru\/#\/schema\/logo\/image\/\"},\"sameAs\":[\"https:\/\/www.facebook.com\/profile.php?id=100075399152223\",\"https:\/\/www.instagram.com\/milbaza.lv\/\",\"https:\/\/www.pinterest.com\/milbaza\/_saved\/\",\"https:\/\/www.youtube.com\/channel\/UCrPXltd8hsNIiGAKc37hGfQ\"]}]}<\/script>\n<!-- \/ Yoast SEO plugin. -->","yoast_head_json":{"title":"D\u017eemperis Helikon-Tex Urban Tactical Hoodie Full-Zip (melns) - MILBAZA","description":"Nopirkt Helikon-Tex Urban Tactical Hoodie Full-Zip (black), izdev\u012bga cena un pieg\u0101de. T\u016brisma pre\u010du interneta veikals, pas\u016bt\u012bt online 24\/7!","robots":{"index":"index","follow":"follow","max-snippet":"max-snippet:-1","max-image-preview":"max-image-preview:large","max-video-preview":"max-video-preview:-1"},"canonical":"https:\/\/milbaza.lv\/ru\/produkts\/hoodie-with-logo\/","og_locale":"ru_RU","og_type":"article","og_title":"D\u017eemperis Helikon-Tex Urban Tactical Hoodie Full-Zip (melns) - MILBAZA","og_description":"Nopirkt Helikon-Tex Urban Tactical Hoodie Full-Zip (black), izdev\u012bga cena un pieg\u0101de. T\u016brisma pre\u010du interneta veikals, pas\u016bt\u012bt online 24\/7!","og_url":"https:\/\/milbaza.lv\/ru\/produkts\/hoodie-with-logo\/","og_site_name":"MILBAZA \u2013 viss akt\u012bvai atp\u016btai","article_publisher":"https:\/\/www.facebook.com\/profile.php?id=100075399152223","article_modified_time":"2026-04-17T23:08:27+00:00","og_image":[{"width":1500,"height":1500,"url":"https:\/\/milbaza.lv\/wp-content\/uploads\/2022\/01\/BL-UHF-PO-01.jpg","type":"image\/jpeg"}],"twitter_card":"summary_large_image","twitter_misc":{"\u041f\u0440\u0438\u043c\u0435\u0440\u043d\u043e\u0435 \u0432\u0440\u0435\u043c\u044f \u0434\u043b\u044f \u0447\u0442\u0435\u043d\u0438\u044f":"1 \u043c\u0438\u043d\u0443\u0442\u0430"},"schema":{"@context":"https:\/\/schema.org","@graph":[{"@type":"WebPage","@id":"https:\/\/milbaza.lv\/ru\/produkts\/hoodie-with-logo\/","url":"https:\/\/milbaza.lv\/ru\/produkts\/hoodie-with-logo\/","name":"D\u017eemperis Helikon-Tex Urban Tactical Hoodie Full-Zip (melns) - MILBAZA","isPartOf":{"@id":"https:\/\/milbaza.lv\/ru\/#website"},"primaryImageOfPage":{"@id":"https:\/\/milbaza.lv\/ru\/produkts\/hoodie-with-logo\/#primaryimage"},"image":{"@id":"https:\/\/milbaza.lv\/ru\/produkts\/hoodie-with-logo\/#primaryimage"},"thumbnailUrl":"https:\/\/milbaza.lv\/wp-content\/uploads\/2022\/01\/BL-UHF-PO-01.jpg","datePublished":"2022-01-12T08:07:58+00:00","dateModified":"2026-04-17T23:08:27+00:00","description":"Nopirkt Helikon-Tex Urban Tactical Hoodie Full-Zip (black), izdev\u012bga cena un pieg\u0101de. T\u016brisma pre\u010du interneta veikals, pas\u016bt\u012bt online 24\/7!","breadcrumb":{"@id":"https:\/\/milbaza.lv\/ru\/produkts\/hoodie-with-logo\/#breadcrumb"},"inLanguage":"ru-RU","potentialAction":[{"@type":"ReadAction","target":["https:\/\/milbaza.lv\/ru\/produkts\/hoodie-with-logo\/"]}]},{"@type":"ImageObject","inLanguage":"ru-RU","@id":"https:\/\/milbaza.lv\/ru\/produkts\/hoodie-with-logo\/#primaryimage","url":"https:\/\/milbaza.lv\/wp-content\/uploads\/2022\/01\/BL-UHF-PO-01.jpg","contentUrl":"https:\/\/milbaza.lv\/wp-content\/uploads\/2022\/01\/BL-UHF-PO-01.jpg","width":1500,"height":1500},{"@type":"BreadcrumbList","@id":"https:\/\/milbaza.lv\/ru\/produkts\/hoodie-with-logo\/#breadcrumb","itemListElement":[{"@type":"ListItem","position":1,"name":"Home","item":"https:\/\/milbaza.lv\/ru\/"},{"@type":"ListItem","position":2,"name":"\u041c\u0430\u0433\u0430\u0437\u0438\u043d","item":"https:\/\/milbaza.lv\/ru\/%d0%bc%d0%b0%d0%b3%d0%b0%d0%b7%d0%b8%d0%bd\/"},{"@type":"ListItem","position":3,"name":"Helikon-Tex D\u017eemperis Urban Tactical Hoodie Full-Zip"}]},{"@type":"WebSite","@id":"https:\/\/milbaza.lv\/ru\/#website","url":"https:\/\/milbaza.lv\/ru\/","name":"MILBAZA \u2013 viss akt\u012bvai atp\u016btai","description":"Viss akt\u012bvai atp\u016btai","publisher":{"@id":"https:\/\/milbaza.lv\/ru\/#organization"},"potentialAction":[{"@type":"SearchAction","target":{"@type":"EntryPoint","urlTemplate":"https:\/\/milbaza.lv\/ru\/?s={search_term_string}"},"query-input":{"@type":"PropertyValueSpecification","valueRequired":true,"valueName":"search_term_string"}}],"inLanguage":"ru-RU"},{"@type":"Organization","@id":"https:\/\/milbaza.lv\/ru\/#organization","name":"Milbaza","url":"https:\/\/milbaza.lv\/ru\/","logo":{"@type":"ImageObject","inLanguage":"ru-RU","@id":"https:\/\/milbaza.lv\/ru\/#\/schema\/logo\/image\/","url":"https:\/\/milbaza.lv\/wp-content\/uploads\/2021\/11\/Mil_BAZA_logo3.png","contentUrl":"https:\/\/milbaza.lv\/wp-content\/uploads\/2021\/11\/Mil_BAZA_logo3.png","width":564,"height":226,"caption":"Milbaza"},"image":{"@id":"https:\/\/milbaza.lv\/ru\/#\/schema\/logo\/image\/"},"sameAs":["https:\/\/www.facebook.com\/profile.php?id=100075399152223","https:\/\/www.instagram.com\/milbaza.lv\/","https:\/\/www.pinterest.com\/milbaza\/_saved\/","https:\/\/www.youtube.com\/channel\/UCrPXltd8hsNIiGAKc37hGfQ"]}]}},"_links":{"self":[{"href":"https:\/\/milbaza.lv\/ru\/wp-json\/wp\/v2\/product\/1559","targetHints":{"allow":["GET"]}}],"collection":[{"href":"https:\/\/milbaza.lv\/ru\/wp-json\/wp\/v2\/product"}],"about":[{"href":"https:\/\/milbaza.lv\/ru\/wp-json\/wp\/v2\/types\/product"}],"replies":[{"embeddable":true,"href":"https:\/\/milbaza.lv\/ru\/wp-json\/wp\/v2\/comments?post=1559"}],"wp:featuredmedia":[{"embeddable":true,"href":"https:\/\/milbaza.lv\/ru\/wp-json\/wp\/v2\/media\/2981"}],"wp:attachment":[{"href":"https:\/\/milbaza.lv\/ru\/wp-json\/wp\/v2\/media?parent=1559"}],"wp:term":[{"taxonomy":"product_brand","embeddable":true,"href":"https:\/\/milbaza.lv\/ru\/wp-json\/wp\/v2\/product_brand?post=1559"},{"taxonomy":"product_cat","embeddable":true,"href":"https:\/\/milbaza.lv\/ru\/wp-json\/wp\/v2\/product_cat?post=1559"},{"taxonomy":"product_tag","embeddable":true,"href":"https:\/\/milbaza.lv\/ru\/wp-json\/wp\/v2\/product_tag?post=1559"}],"curies":[{"name":"wp","href":"https:\/\/api.w.org\/{rel}","templated":true}]}}