{"id":15662,"date":"2022-07-12T13:29:36","date_gmt":"2022-11-19T10:34:40","guid":{"rendered":"https:\/\/milbaza.lv\/?post_type=product&#038;p=15662"},"modified":"2024-07-27T13:53:20","modified_gmt":"2024-07-27T10:53:20","slug":"c","status":"publish","type":"product","link":"https:\/\/milbaza.lv\/ru\/produkts\/c\/","title":{"rendered":"\u0421\u041f\u0418\u0427\u041a\u0418 (\u0412\u0415\u0422\u0420\u041e \u0418 \u0412\u041e\u0414\u041e\u041d\u0415\u041f\u0420\u041e\u041d\u0418\u0426\u0410\u0415\u041c\u042b\u0415)"},"content":{"rendered":"<p>\u0421\u043f\u0438\u0447\u043a\u0438 \u0432\u0435\u0442\u0440\u043e- \u0438 \u0432\u043e\u0434\u043e\u043d\u0435\u043f\u0440\u043e\u043d\u0438\u0446\u0430\u0435\u043c\u044b\u0435, \u0432 \u043a\u043e\u043d\u0442\u0435\u0439\u043d\u0435\u0440\u0435 25 \u0448\u0442.<\/p>\n<p>\u043c\u043e\u0436\u043d\u043e \u0438\u0441\u043f\u043e\u043b\u044c\u0437\u043e\u0432\u0430\u0442\u044c \u0432 \u043b\u044e\u0431\u0443\u044e \u043f\u043e\u0433\u043e\u0434\u0443<br \/>\n\u0433\u043e\u0440\u044f\u0442 \u0434\u0430\u0436\u0435 \u0432\u043e \u0432\u043b\u0430\u0436\u043d\u043e\u043c \u0441\u043e\u0441\u0442\u043e\u044f\u043d\u0438\u0438<br \/>\n\u0441\u0432\u0435\u0440\u0445\u0434\u043b\u0438\u043d\u043d\u0430\u044f \u0433\u043e\u043b\u043e\u0432\u043a\u0430 \u0437\u0430\u0436\u0438\u0433\u0430\u043d\u0438\u044f \u0434\u043b\u044f \u0434\u043b\u0438\u043d\u043d\u044b\u0445<br \/>\n\u0432\u0440\u0435\u043c\u044f \u0433\u043e\u0440\u0435\u043d\u0438\u044f (\u043e\u043a\u043e\u043b\u043e 10 \u0441\u0435\u043a)<br \/>\n\u0432\u043e\u0434\u043e\u043d\u0435\u043f\u0440\u043e\u043d\u0438\u0446\u0430\u0435\u043c\u0430\u044f \u043a\u043e\u0440\u043e\u0431\u043a\u0430 \u0441 \u043f\u0440\u043e\u0443\u0448\u0438\u043d\u043e\u0439 \u0438<br \/>\n3 \u0443\u0434\u0430\u0440\u043d\u044b\u0435 \u043f\u043e\u0432\u0435\u0440\u0445\u043d\u043e\u0441\u0442\u0438<br \/>\n\u0432\u043a\u043b. 2 \u0445\u043b\u043e\u043f\u043a\u043e\u0432\u044b\u0445 \u0442\u0440\u0443\u0442\u0430<br \/>\n\u041d\u0421\u041d: 9920-99-966-9432<br \/>\n\u0420\u0430\u0437\u043c\u0435\u0440\u044b \u043a\u043e\u0440\u043e\u0431\u043a\u0438: \u043e\u043a. 6,5 \u0445 3,5 \u0441\u043c<br \/>\n\u0412\u0435\u0441: \u043e\u043a. 45 \u0433<\/p>\n","protected":false},"excerpt":{"rendered":"<p>\u0421\u043f\u0438\u0447\u043a\u0438 \u0432\u0435\u0442\u0440\u043e- \u0438 \u0432\u043e\u0434\u043e\u043d\u0435\u043f\u0440\u043e\u043d\u0438\u0446\u0430\u0435\u043c\u044b\u0435, \u0432 \u043a\u043e\u043d\u0442\u0435\u0439\u043d\u0435\u0440\u0435 25 \u0448\u0442. \u043c\u043e\u0436\u043d\u043e \u0438\u0441\u043f\u043e\u043b\u044c\u0437\u043e\u0432\u0430\u0442\u044c \u0432 \u043b\u044e\u0431\u0443\u044e \u043f\u043e\u0433\u043e\u0434\u0443 \u0433\u043e\u0440\u044f\u0442 \u0434\u0430\u0436\u0435 \u0432\u043e \u0432\u043b\u0430\u0436\u043d\u043e\u043c \u0441\u043e\u0441\u0442\u043e\u044f\u043d\u0438\u0438 \u0441\u0432\u0435\u0440\u0445\u0434\u043b\u0438\u043d\u043d\u0430\u044f \u0433\u043e\u043b\u043e\u0432\u043a\u0430 \u0437\u0430\u0436\u0438\u0433\u0430\u043d\u0438\u044f \u0434\u043b\u044f \u0434\u043b\u0438\u043d\u043d\u044b\u0445 \u0432\u0440\u0435\u043c\u044f \u0433\u043e\u0440\u0435\u043d\u0438\u044f (\u043e\u043a\u043e\u043b\u043e 10 \u0441\u0435\u043a) \u0432\u043e\u0434\u043e\u043d\u0435\u043f\u0440\u043e\u043d\u0438\u0446\u0430\u0435\u043c\u0430\u044f \u043a\u043e\u0440\u043e\u0431\u043a\u0430 \u0441 \u043f\u0440\u043e\u0443\u0448\u0438\u043d\u043e\u0439 \u0438 3 \u0443\u0434\u0430\u0440\u043d\u044b\u0435 \u043f\u043e\u0432\u0435\u0440\u0445\u043d\u043e\u0441\u0442\u0438 \u0432\u043a\u043b. 2 \u0445\u043b\u043e\u043f\u043a\u043e\u0432\u044b\u0445 \u0442\u0440\u0443\u0442\u0430 \u041d\u0421\u041d: 9920-99-966-9432 \u0420\u0430\u0437\u043c\u0435\u0440\u044b \u043a\u043e\u0440\u043e\u0431\u043a\u0438: \u043e\u043a. 6,5 \u0445 3,5 \u0441\u043c \u0412\u0435\u0441: \u043e\u043a. 45 \u0433<\/p>\n","protected":false},"featured_media":15657,"comment_status":"open","ping_status":"closed","template":"","meta":{"_acf_changed":false},"product_brand":[],"product_cat":[354,353],"product_tag":[],"class_list":{"0":"post-15662","1":"product","2":"type-product","3":"status-publish","4":"has-post-thumbnail","6":"product_cat--kempingam","7":"product_cat-353","9":"first","10":"outofstock","11":"taxable","12":"shipping-taxable","13":"purchasable","14":"product-type-simple"},"acf":[],"yoast_head":"<!-- This site is optimized with the Yoast SEO plugin v26.7 - https:\/\/yoast.com\/wordpress\/plugins\/seo\/ -->\n<title>\u0421\u041f\u0418\u0427\u041a\u0418 (\u0412\u0415\u0422\u0420\u041e \u0418 \u0412\u041e\u0414\u041e\u041d\u0415\u041f\u0420\u041e\u041d\u0418\u0426\u0410\u0415\u041c\u042b\u0415) - MILBAZA \u2013 viss akt\u012bvai atp\u016btai<\/title>\n<meta name=\"description\" content=\"\u041a\u0443\u043f\u0438\u0442\u044c \u0421\u041f\u0418\u0427\u041a\u0418 (\u0412\u0415\u0422\u0420\u041e \u0418 \u0412\u041e\u0414\u041e\u041d\u0415\u041f\u0420\u041e\u041d\u0418\u0426\u0410\u0415\u041c\u042b\u0415) \u043f\u043e \u0432\u044b\u0433\u043e\u0434\u043d\u043e\u0439 \u0446\u0435\u043d\u0435 \u0441 \u0434\u043e\u0441\u0442\u0430\u0432\u043a\u043e\u0439. \u0418\u043d\u0442\u0435\u0440\u043d\u0435\u0442-\u043c\u0430\u0433\u0430\u0437\u0438\u043d \u0442\u0443\u0440\u0438\u0441\u0442\u0438\u0447\u0435\u0441\u043a\u0438\u0445 \u0442\u043e\u0432\u0430\u0440\u043e\u0432, \u0437\u0430\u043a\u0430\u0437\u044b\u0432\u0430\u0439\u0442\u0435 \u043e\u043d\u043b\u0430\u0439\u043d 24\/7!\" \/>\n<meta name=\"robots\" content=\"index, follow, max-snippet:-1, max-image-preview:large, max-video-preview:-1\" \/>\n<link rel=\"canonical\" href=\"https:\/\/milbaza.lv\/ru\/produkts\/c\/\" \/>\n<meta property=\"og:locale\" content=\"ru_RU\" \/>\n<meta property=\"og:type\" content=\"article\" \/>\n<meta property=\"og:title\" content=\"\u0421\u041f\u0418\u0427\u041a\u0418 (\u0412\u0415\u0422\u0420\u041e \u0418 \u0412\u041e\u0414\u041e\u041d\u0415\u041f\u0420\u041e\u041d\u0418\u0426\u0410\u0415\u041c\u042b\u0415) - MILBAZA \u2013 viss akt\u012bvai atp\u016btai\" \/>\n<meta property=\"og:description\" content=\"\u041a\u0443\u043f\u0438\u0442\u044c \u0421\u041f\u0418\u0427\u041a\u0418 (\u0412\u0415\u0422\u0420\u041e \u0418 \u0412\u041e\u0414\u041e\u041d\u0415\u041f\u0420\u041e\u041d\u0418\u0426\u0410\u0415\u041c\u042b\u0415) \u043f\u043e \u0432\u044b\u0433\u043e\u0434\u043d\u043e\u0439 \u0446\u0435\u043d\u0435 \u0441 \u0434\u043e\u0441\u0442\u0430\u0432\u043a\u043e\u0439. \u0418\u043d\u0442\u0435\u0440\u043d\u0435\u0442-\u043c\u0430\u0433\u0430\u0437\u0438\u043d \u0442\u0443\u0440\u0438\u0441\u0442\u0438\u0447\u0435\u0441\u043a\u0438\u0445 \u0442\u043e\u0432\u0430\u0440\u043e\u0432, \u0437\u0430\u043a\u0430\u0437\u044b\u0432\u0430\u0439\u0442\u0435 \u043e\u043d\u043b\u0430\u0439\u043d 24\/7!\" \/>\n<meta property=\"og:url\" content=\"https:\/\/milbaza.lv\/ru\/produkts\/c\/\" \/>\n<meta property=\"og:site_name\" content=\"MILBAZA \u2013 viss akt\u012bvai atp\u016btai\" \/>\n<meta property=\"article:publisher\" content=\"https:\/\/www.facebook.com\/profile.php?id=100075399152223\" \/>\n<meta property=\"article:modified_time\" content=\"2024-07-27T10:53:20+00:00\" \/>\n<meta property=\"og:image\" content=\"https:\/\/milbaza.lv\/wp-content\/uploads\/2022\/07\/99.jpg\" \/>\n\t<meta property=\"og:image:width\" content=\"800\" \/>\n\t<meta property=\"og:image:height\" content=\"800\" \/>\n\t<meta property=\"og:image:type\" content=\"image\/jpeg\" \/>\n<meta name=\"twitter:card\" content=\"summary_large_image\" \/>\n<script type=\"application\/ld+json\" class=\"yoast-schema-graph\">{\"@context\":\"https:\/\/schema.org\",\"@graph\":[{\"@type\":\"WebPage\",\"@id\":\"https:\/\/milbaza.lv\/ru\/produkts\/c\/\",\"url\":\"https:\/\/milbaza.lv\/ru\/produkts\/c\/\",\"name\":\"\u0421\u041f\u0418\u0427\u041a\u0418 (\u0412\u0415\u0422\u0420\u041e \u0418 \u0412\u041e\u0414\u041e\u041d\u0415\u041f\u0420\u041e\u041d\u0418\u0426\u0410\u0415\u041c\u042b\u0415) - MILBAZA \u2013 viss akt\u012bvai atp\u016btai\",\"isPartOf\":{\"@id\":\"https:\/\/milbaza.lv\/ru\/#website\"},\"primaryImageOfPage\":{\"@id\":\"https:\/\/milbaza.lv\/ru\/produkts\/c\/#primaryimage\"},\"image\":{\"@id\":\"https:\/\/milbaza.lv\/ru\/produkts\/c\/#primaryimage\"},\"thumbnailUrl\":\"https:\/\/milbaza.lv\/wp-content\/uploads\/2022\/07\/99.jpg\",\"datePublished\":\"2022-11-19T10:34:40+00:00\",\"dateModified\":\"2024-07-27T10:53:20+00:00\",\"description\":\"\u041a\u0443\u043f\u0438\u0442\u044c \u0421\u041f\u0418\u0427\u041a\u0418 (\u0412\u0415\u0422\u0420\u041e \u0418 \u0412\u041e\u0414\u041e\u041d\u0415\u041f\u0420\u041e\u041d\u0418\u0426\u0410\u0415\u041c\u042b\u0415) \u043f\u043e \u0432\u044b\u0433\u043e\u0434\u043d\u043e\u0439 \u0446\u0435\u043d\u0435 \u0441 \u0434\u043e\u0441\u0442\u0430\u0432\u043a\u043e\u0439. \u0418\u043d\u0442\u0435\u0440\u043d\u0435\u0442-\u043c\u0430\u0433\u0430\u0437\u0438\u043d \u0442\u0443\u0440\u0438\u0441\u0442\u0438\u0447\u0435\u0441\u043a\u0438\u0445 \u0442\u043e\u0432\u0430\u0440\u043e\u0432, \u0437\u0430\u043a\u0430\u0437\u044b\u0432\u0430\u0439\u0442\u0435 \u043e\u043d\u043b\u0430\u0439\u043d 24\/7!\",\"breadcrumb\":{\"@id\":\"https:\/\/milbaza.lv\/ru\/produkts\/c\/#breadcrumb\"},\"inLanguage\":\"ru-RU\",\"potentialAction\":[{\"@type\":\"ReadAction\",\"target\":[\"https:\/\/milbaza.lv\/ru\/produkts\/c\/\"]}]},{\"@type\":\"ImageObject\",\"inLanguage\":\"ru-RU\",\"@id\":\"https:\/\/milbaza.lv\/ru\/produkts\/c\/#primaryimage\",\"url\":\"https:\/\/milbaza.lv\/wp-content\/uploads\/2022\/07\/99.jpg\",\"contentUrl\":\"https:\/\/milbaza.lv\/wp-content\/uploads\/2022\/07\/99.jpg\",\"width\":800,\"height\":800},{\"@type\":\"BreadcrumbList\",\"@id\":\"https:\/\/milbaza.lv\/ru\/produkts\/c\/#breadcrumb\",\"itemListElement\":[{\"@type\":\"ListItem\",\"position\":1,\"name\":\"Home\",\"item\":\"https:\/\/milbaza.lv\/ru\/\"},{\"@type\":\"ListItem\",\"position\":2,\"name\":\"\u041c\u0430\u0433\u0430\u0437\u0438\u043d\",\"item\":\"https:\/\/milbaza.lv\/ru\/%d0%bc%d0%b0%d0%b3%d0%b0%d0%b7%d0%b8%d0%bd\/\"},{\"@type\":\"ListItem\",\"position\":3,\"name\":\"\u0421\u041f\u0418\u0427\u041a\u0418 (\u0412\u0415\u0422\u0420\u041e \u0418 \u0412\u041e\u0414\u041e\u041d\u0415\u041f\u0420\u041e\u041d\u0418\u0426\u0410\u0415\u041c\u042b\u0415)\"}]},{\"@type\":\"WebSite\",\"@id\":\"https:\/\/milbaza.lv\/ru\/#website\",\"url\":\"https:\/\/milbaza.lv\/ru\/\",\"name\":\"MILBAZA \u2013 viss akt\u012bvai atp\u016btai\",\"description\":\"Viss akt\u012bvai atp\u016btai\",\"publisher\":{\"@id\":\"https:\/\/milbaza.lv\/ru\/#organization\"},\"potentialAction\":[{\"@type\":\"SearchAction\",\"target\":{\"@type\":\"EntryPoint\",\"urlTemplate\":\"https:\/\/milbaza.lv\/ru\/?s={search_term_string}\"},\"query-input\":{\"@type\":\"PropertyValueSpecification\",\"valueRequired\":true,\"valueName\":\"search_term_string\"}}],\"inLanguage\":\"ru-RU\"},{\"@type\":\"Organization\",\"@id\":\"https:\/\/milbaza.lv\/ru\/#organization\",\"name\":\"Milbaza\",\"url\":\"https:\/\/milbaza.lv\/ru\/\",\"logo\":{\"@type\":\"ImageObject\",\"inLanguage\":\"ru-RU\",\"@id\":\"https:\/\/milbaza.lv\/ru\/#\/schema\/logo\/image\/\",\"url\":\"https:\/\/milbaza.lv\/wp-content\/uploads\/2021\/11\/Mil_BAZA_logo3.png\",\"contentUrl\":\"https:\/\/milbaza.lv\/wp-content\/uploads\/2021\/11\/Mil_BAZA_logo3.png\",\"width\":564,\"height\":226,\"caption\":\"Milbaza\"},\"image\":{\"@id\":\"https:\/\/milbaza.lv\/ru\/#\/schema\/logo\/image\/\"},\"sameAs\":[\"https:\/\/www.facebook.com\/profile.php?id=100075399152223\",\"https:\/\/www.instagram.com\/milbaza.lv\/\",\"https:\/\/www.pinterest.com\/milbaza\/_saved\/\",\"https:\/\/www.youtube.com\/channel\/UCrPXltd8hsNIiGAKc37hGfQ\"]}]}<\/script>\n<!-- \/ Yoast SEO plugin. -->","yoast_head_json":{"title":"\u0421\u041f\u0418\u0427\u041a\u0418 (\u0412\u0415\u0422\u0420\u041e \u0418 \u0412\u041e\u0414\u041e\u041d\u0415\u041f\u0420\u041e\u041d\u0418\u0426\u0410\u0415\u041c\u042b\u0415) - MILBAZA \u2013 viss akt\u012bvai atp\u016btai","description":"\u041a\u0443\u043f\u0438\u0442\u044c \u0421\u041f\u0418\u0427\u041a\u0418 (\u0412\u0415\u0422\u0420\u041e \u0418 \u0412\u041e\u0414\u041e\u041d\u0415\u041f\u0420\u041e\u041d\u0418\u0426\u0410\u0415\u041c\u042b\u0415) \u043f\u043e \u0432\u044b\u0433\u043e\u0434\u043d\u043e\u0439 \u0446\u0435\u043d\u0435 \u0441 \u0434\u043e\u0441\u0442\u0430\u0432\u043a\u043e\u0439. \u0418\u043d\u0442\u0435\u0440\u043d\u0435\u0442-\u043c\u0430\u0433\u0430\u0437\u0438\u043d \u0442\u0443\u0440\u0438\u0441\u0442\u0438\u0447\u0435\u0441\u043a\u0438\u0445 \u0442\u043e\u0432\u0430\u0440\u043e\u0432, \u0437\u0430\u043a\u0430\u0437\u044b\u0432\u0430\u0439\u0442\u0435 \u043e\u043d\u043b\u0430\u0439\u043d 24\/7!","robots":{"index":"index","follow":"follow","max-snippet":"max-snippet:-1","max-image-preview":"max-image-preview:large","max-video-preview":"max-video-preview:-1"},"canonical":"https:\/\/milbaza.lv\/ru\/produkts\/c\/","og_locale":"ru_RU","og_type":"article","og_title":"\u0421\u041f\u0418\u0427\u041a\u0418 (\u0412\u0415\u0422\u0420\u041e \u0418 \u0412\u041e\u0414\u041e\u041d\u0415\u041f\u0420\u041e\u041d\u0418\u0426\u0410\u0415\u041c\u042b\u0415) - MILBAZA \u2013 viss akt\u012bvai atp\u016btai","og_description":"\u041a\u0443\u043f\u0438\u0442\u044c \u0421\u041f\u0418\u0427\u041a\u0418 (\u0412\u0415\u0422\u0420\u041e \u0418 \u0412\u041e\u0414\u041e\u041d\u0415\u041f\u0420\u041e\u041d\u0418\u0426\u0410\u0415\u041c\u042b\u0415) \u043f\u043e \u0432\u044b\u0433\u043e\u0434\u043d\u043e\u0439 \u0446\u0435\u043d\u0435 \u0441 \u0434\u043e\u0441\u0442\u0430\u0432\u043a\u043e\u0439. \u0418\u043d\u0442\u0435\u0440\u043d\u0435\u0442-\u043c\u0430\u0433\u0430\u0437\u0438\u043d \u0442\u0443\u0440\u0438\u0441\u0442\u0438\u0447\u0435\u0441\u043a\u0438\u0445 \u0442\u043e\u0432\u0430\u0440\u043e\u0432, \u0437\u0430\u043a\u0430\u0437\u044b\u0432\u0430\u0439\u0442\u0435 \u043e\u043d\u043b\u0430\u0439\u043d 24\/7!","og_url":"https:\/\/milbaza.lv\/ru\/produkts\/c\/","og_site_name":"MILBAZA \u2013 viss akt\u012bvai atp\u016btai","article_publisher":"https:\/\/www.facebook.com\/profile.php?id=100075399152223","article_modified_time":"2024-07-27T10:53:20+00:00","og_image":[{"width":800,"height":800,"url":"https:\/\/milbaza.lv\/wp-content\/uploads\/2022\/07\/99.jpg","type":"image\/jpeg"}],"twitter_card":"summary_large_image","schema":{"@context":"https:\/\/schema.org","@graph":[{"@type":"WebPage","@id":"https:\/\/milbaza.lv\/ru\/produkts\/c\/","url":"https:\/\/milbaza.lv\/ru\/produkts\/c\/","name":"\u0421\u041f\u0418\u0427\u041a\u0418 (\u0412\u0415\u0422\u0420\u041e \u0418 \u0412\u041e\u0414\u041e\u041d\u0415\u041f\u0420\u041e\u041d\u0418\u0426\u0410\u0415\u041c\u042b\u0415) - MILBAZA \u2013 viss akt\u012bvai atp\u016btai","isPartOf":{"@id":"https:\/\/milbaza.lv\/ru\/#website"},"primaryImageOfPage":{"@id":"https:\/\/milbaza.lv\/ru\/produkts\/c\/#primaryimage"},"image":{"@id":"https:\/\/milbaza.lv\/ru\/produkts\/c\/#primaryimage"},"thumbnailUrl":"https:\/\/milbaza.lv\/wp-content\/uploads\/2022\/07\/99.jpg","datePublished":"2022-11-19T10:34:40+00:00","dateModified":"2024-07-27T10:53:20+00:00","description":"\u041a\u0443\u043f\u0438\u0442\u044c \u0421\u041f\u0418\u0427\u041a\u0418 (\u0412\u0415\u0422\u0420\u041e \u0418 \u0412\u041e\u0414\u041e\u041d\u0415\u041f\u0420\u041e\u041d\u0418\u0426\u0410\u0415\u041c\u042b\u0415) \u043f\u043e \u0432\u044b\u0433\u043e\u0434\u043d\u043e\u0439 \u0446\u0435\u043d\u0435 \u0441 \u0434\u043e\u0441\u0442\u0430\u0432\u043a\u043e\u0439. \u0418\u043d\u0442\u0435\u0440\u043d\u0435\u0442-\u043c\u0430\u0433\u0430\u0437\u0438\u043d \u0442\u0443\u0440\u0438\u0441\u0442\u0438\u0447\u0435\u0441\u043a\u0438\u0445 \u0442\u043e\u0432\u0430\u0440\u043e\u0432, \u0437\u0430\u043a\u0430\u0437\u044b\u0432\u0430\u0439\u0442\u0435 \u043e\u043d\u043b\u0430\u0439\u043d 24\/7!","breadcrumb":{"@id":"https:\/\/milbaza.lv\/ru\/produkts\/c\/#breadcrumb"},"inLanguage":"ru-RU","potentialAction":[{"@type":"ReadAction","target":["https:\/\/milbaza.lv\/ru\/produkts\/c\/"]}]},{"@type":"ImageObject","inLanguage":"ru-RU","@id":"https:\/\/milbaza.lv\/ru\/produkts\/c\/#primaryimage","url":"https:\/\/milbaza.lv\/wp-content\/uploads\/2022\/07\/99.jpg","contentUrl":"https:\/\/milbaza.lv\/wp-content\/uploads\/2022\/07\/99.jpg","width":800,"height":800},{"@type":"BreadcrumbList","@id":"https:\/\/milbaza.lv\/ru\/produkts\/c\/#breadcrumb","itemListElement":[{"@type":"ListItem","position":1,"name":"Home","item":"https:\/\/milbaza.lv\/ru\/"},{"@type":"ListItem","position":2,"name":"\u041c\u0430\u0433\u0430\u0437\u0438\u043d","item":"https:\/\/milbaza.lv\/ru\/%d0%bc%d0%b0%d0%b3%d0%b0%d0%b7%d0%b8%d0%bd\/"},{"@type":"ListItem","position":3,"name":"\u0421\u041f\u0418\u0427\u041a\u0418 (\u0412\u0415\u0422\u0420\u041e \u0418 \u0412\u041e\u0414\u041e\u041d\u0415\u041f\u0420\u041e\u041d\u0418\u0426\u0410\u0415\u041c\u042b\u0415)"}]},{"@type":"WebSite","@id":"https:\/\/milbaza.lv\/ru\/#website","url":"https:\/\/milbaza.lv\/ru\/","name":"MILBAZA \u2013 viss akt\u012bvai atp\u016btai","description":"Viss akt\u012bvai atp\u016btai","publisher":{"@id":"https:\/\/milbaza.lv\/ru\/#organization"},"potentialAction":[{"@type":"SearchAction","target":{"@type":"EntryPoint","urlTemplate":"https:\/\/milbaza.lv\/ru\/?s={search_term_string}"},"query-input":{"@type":"PropertyValueSpecification","valueRequired":true,"valueName":"search_term_string"}}],"inLanguage":"ru-RU"},{"@type":"Organization","@id":"https:\/\/milbaza.lv\/ru\/#organization","name":"Milbaza","url":"https:\/\/milbaza.lv\/ru\/","logo":{"@type":"ImageObject","inLanguage":"ru-RU","@id":"https:\/\/milbaza.lv\/ru\/#\/schema\/logo\/image\/","url":"https:\/\/milbaza.lv\/wp-content\/uploads\/2021\/11\/Mil_BAZA_logo3.png","contentUrl":"https:\/\/milbaza.lv\/wp-content\/uploads\/2021\/11\/Mil_BAZA_logo3.png","width":564,"height":226,"caption":"Milbaza"},"image":{"@id":"https:\/\/milbaza.lv\/ru\/#\/schema\/logo\/image\/"},"sameAs":["https:\/\/www.facebook.com\/profile.php?id=100075399152223","https:\/\/www.instagram.com\/milbaza.lv\/","https:\/\/www.pinterest.com\/milbaza\/_saved\/","https:\/\/www.youtube.com\/channel\/UCrPXltd8hsNIiGAKc37hGfQ"]}]}},"_links":{"self":[{"href":"https:\/\/milbaza.lv\/ru\/wp-json\/wp\/v2\/product\/15662","targetHints":{"allow":["GET"]}}],"collection":[{"href":"https:\/\/milbaza.lv\/ru\/wp-json\/wp\/v2\/product"}],"about":[{"href":"https:\/\/milbaza.lv\/ru\/wp-json\/wp\/v2\/types\/product"}],"replies":[{"embeddable":true,"href":"https:\/\/milbaza.lv\/ru\/wp-json\/wp\/v2\/comments?post=15662"}],"wp:featuredmedia":[{"embeddable":true,"href":"https:\/\/milbaza.lv\/ru\/wp-json\/wp\/v2\/media\/15657"}],"wp:attachment":[{"href":"https:\/\/milbaza.lv\/ru\/wp-json\/wp\/v2\/media?parent=15662"}],"wp:term":[{"taxonomy":"product_brand","embeddable":true,"href":"https:\/\/milbaza.lv\/ru\/wp-json\/wp\/v2\/product_brand?post=15662"},{"taxonomy":"product_cat","embeddable":true,"href":"https:\/\/milbaza.lv\/ru\/wp-json\/wp\/v2\/product_cat?post=15662"},{"taxonomy":"product_tag","embeddable":true,"href":"https:\/\/milbaza.lv\/ru\/wp-json\/wp\/v2\/product_tag?post=15662"}],"curies":[{"name":"wp","href":"https:\/\/api.w.org\/{rel}","templated":true}]}}