{"id":16029,"date":"2022-07-14T09:47:03","date_gmt":"2022-07-14T06:47:03","guid":{"rendered":"https:\/\/milbaza.lv\/?post_type=product&#038;p=16029"},"modified":"2026-04-17T03:09:55","modified_gmt":"2026-04-17T00:09:55","slug":"krekls-defender-mk2-shirt-short-sleeve-polycotton-ripstop-melns-helikon-tex","status":"publish","type":"product","link":"https:\/\/milbaza.lv\/ru\/produkts\/krekls-defender-mk2-shirt-short-sleeve-polycotton-ripstop-melns-helikon-tex\/","title":{"rendered":"HELIKON-TEX KREKLS DEFENDER MK2 SHIRT SHORT SLEEVE\u00ae &#8211; POLYCOTTON RIPSTOP"},"content":{"rendered":"<div>Defender MK2 Short Sleeve ir jauna m\u016bsu klasisk\u0101 Defender krekla versija ar \u012bs\u0101m piedurkn\u0113m, kas ir atjaunin\u0101ta, lai atbilstu Urban Line, p\u0101rveidojot kabatas un ievie\u0161ot jauno audumu. Vieglais CVC Ripstop audums ir lab\u0101ks vasaras pied\u0101v\u0101jums akt\u012bvai valk\u0101\u0161anai jebkur\u0101 reljef\u0101, tostarp pils\u0113tas d\u017eung\u013cos. Tas ir viegl\u0101ks, lab\u0101k absorb\u0113 mitrumu, ir lab\u0101k elpojo\u0161s un \u0101tr\u0101k iz\u017e\u016bst. \u0160is krekls ir paredz\u0113ts juristiem, operatoriem, apsardzes darbiniekiem un akt\u012bv\u0101m person\u0101m, kur\u0101m nepiecie\u0161ams ap\u0123\u0113rbs, kas apvieno funkcionalit\u0101ti, taktisku izskatu un est\u0113tiku. Tas ir pietiekami br\u012bvs, lai \u013cautu kust\u0113ties, pasl\u0113ptu zema profila bru\u0146uvestes vai IWB apvalku. Audums ir elpojo\u0161s un \u0101tri \u017e\u016bst. Priek\u0161\u0113jais stiprin\u0101jums zem apkakles nov\u0113r\u0161 apkakles ripo\u0161anu, un tas paliktu gl\u012bts pat piespiedu k\u0101rt\u0101. Pogas l\u012bst\u012btei ir acu \u0113nas tur\u0113t\u0101js. \u010cetras jauna dizaina kabatas ir v\u0113l pla\u0161\u0101kas nek\u0101 iepriek\u0161, \u013caujot viegl\u0101k un \u0113rt\u0101k aizsniegt. Divas kr\u016b\u0161u \u0101r\u0113j\u0101s kabatas ir p\u0101rkl\u0101tas ar nedaudz sl\u012bpiem Velcro aizv\u0113rtiem atlokiem. Zem \u0101r\u0113j\u0101m kabat\u0101m ir divas kr\u016b\u0161u kabatas, kas aizv\u0113rtas ar viegliem un iztur\u012bgiem r\u0101v\u0113jsl\u0113dz\u0113jiem.<\/div>\n<div><\/div>\n<div><\/div>\n<div>\u012apa\u0161\u012bbas:<\/div>\n<div>Saulesbri\u013c\u013cu cilpa<\/div>\n<div>Elpojo\u0161s un \u0101tri \u017e\u016bsto\u0161s audums<\/div>\n<div>Nerito\u0161\u0101 apkakle<\/div>\n<div>Divas vertik\u0101las kr\u016b\u0161u kabatas ar e\u0146\u0123eliz\u0113tiem atlokiem, kas aizv\u0113rti ar \u0101\u0137i un cilpu<\/div>\n<div>Divas napoleona kr\u016b\u0161u kabatas ar r\u0101v\u0113jsl\u0113dz\u0113ju<\/div>\n<div>\n<p><iframe loading=\"lazy\" title=\"Helikon-Tex - Defender Mk2 Shirt Short Sleeve\u00ae\" width=\"1020\" height=\"574\" src=\"https:\/\/www.youtube.com\/embed\/1kpcY7uh6K0?feature=oembed\" frameborder=\"0\" allow=\"accelerometer; autoplay; clipboard-write; encrypted-media; gyroscope; picture-in-picture; web-share\" referrerpolicy=\"strict-origin-when-cross-origin\" allowfullscreen><\/iframe><\/p>\n<\/div>\n","protected":false},"excerpt":{"rendered":"<p>Defender MK2 Short Sleeve ir jauna m\u016bsu klasisk\u0101 Defender krekla versija ar \u012bs\u0101m piedurkn\u0113m, kas ir atjaunin\u0101ta, lai atbilstu Urban Line, p\u0101rveidojot kabatas un ievie\u0161ot jauno audumu. Vieglais CVC Ripstop audums ir lab\u0101ks vasaras pied\u0101v\u0101jums akt\u012bvai valk\u0101\u0161anai jebkur\u0101 reljef\u0101, tostarp pils\u0113tas d\u017eung\u013cos. Tas ir viegl\u0101ks, lab\u0101k absorb\u0113 mitrumu, ir lab\u0101k elpojo\u0161s un \u0101tr\u0101k iz\u017e\u016bst. \u0160is [&#8230;]\n","protected":false},"featured_media":16054,"comment_status":"open","ping_status":"closed","template":"","meta":{"_acf_changed":false},"product_brand":[],"product_cat":[1028,142,69,24],"product_tag":[],"class_list":{"0":"post-16029","1":"product","2":"type-product","3":"status-publish","4":"has-post-thumbnail","6":"product_cat-black-friday-mega-sale","7":"product_cat-krekli","8":"product_cat-krekli-bez-piedurknem","9":"product_cat-apgerbi","11":"first","12":"instock","13":"sale","14":"taxable","15":"shipping-taxable","16":"purchasable","17":"product-type-variable","18":"has-default-attributes"},"acf":[],"yoast_head":"<!-- This site is optimized with the Yoast SEO plugin v26.7 - https:\/\/yoast.com\/wordpress\/plugins\/seo\/ -->\n<title>HELIKON-TEX KREKLS DEFENDER MK2 SHIRT SHORT SLEEVE\u00ae - POLYCOTTON RIPSTOP - MILBAZA \u2013 viss akt\u012bvai atp\u016btai<\/title>\n<meta name=\"description\" content=\"Nopirkt KREKLS DEFENDER MK2 SHIRT SHORT SLEEVE\u00ae - POLYCOTTON RIPSTOP (MELNS) HELIKON-TEX izdev\u012bga cena un pieg\u0101de. T\u016brisma pre\u010du interneta veikals, pas\u016bt\u012bt online 24\/7!\" \/>\n<meta name=\"robots\" content=\"index, follow, max-snippet:-1, max-image-preview:large, max-video-preview:-1\" \/>\n<link rel=\"canonical\" href=\"https:\/\/milbaza.lv\/ru\/produkts\/krekls-defender-mk2-shirt-short-sleeve-polycotton-ripstop-melns-helikon-tex\/\" \/>\n<meta property=\"og:locale\" content=\"ru_RU\" \/>\n<meta property=\"og:type\" content=\"article\" \/>\n<meta property=\"og:title\" content=\"HELIKON-TEX KREKLS DEFENDER MK2 SHIRT SHORT SLEEVE\u00ae - POLYCOTTON RIPSTOP - MILBAZA \u2013 viss akt\u012bvai atp\u016btai\" \/>\n<meta property=\"og:description\" content=\"Nopirkt KREKLS DEFENDER MK2 SHIRT SHORT SLEEVE\u00ae - POLYCOTTON RIPSTOP (MELNS) HELIKON-TEX izdev\u012bga cena un pieg\u0101de. T\u016brisma pre\u010du interneta veikals, pas\u016bt\u012bt online 24\/7!\" \/>\n<meta property=\"og:url\" content=\"https:\/\/milbaza.lv\/ru\/produkts\/krekls-defender-mk2-shirt-short-sleeve-polycotton-ripstop-melns-helikon-tex\/\" \/>\n<meta property=\"og:site_name\" content=\"MILBAZA \u2013 viss akt\u012bvai atp\u016btai\" \/>\n<meta property=\"article:publisher\" content=\"https:\/\/www.facebook.com\/profile.php?id=100075399152223\" \/>\n<meta property=\"article:modified_time\" content=\"2026-04-17T00:09:55+00:00\" \/>\n<meta property=\"og:image\" content=\"https:\/\/milbaza.lv\/wp-content\/uploads\/2022\/07\/KO-DS2-PR-01.jpeg\" \/>\n\t<meta property=\"og:image:width\" content=\"1500\" \/>\n\t<meta property=\"og:image:height\" content=\"1500\" \/>\n\t<meta property=\"og:image:type\" content=\"image\/jpeg\" \/>\n<meta name=\"twitter:card\" content=\"summary_large_image\" \/>\n<meta name=\"twitter:label1\" content=\"\u041f\u0440\u0438\u043c\u0435\u0440\u043d\u043e\u0435 \u0432\u0440\u0435\u043c\u044f \u0434\u043b\u044f \u0447\u0442\u0435\u043d\u0438\u044f\" \/>\n\t<meta name=\"twitter:data1\" content=\"1 \u043c\u0438\u043d\u0443\u0442\u0430\" \/>\n<script type=\"application\/ld+json\" class=\"yoast-schema-graph\">{\"@context\":\"https:\/\/schema.org\",\"@graph\":[{\"@type\":\"WebPage\",\"@id\":\"https:\/\/milbaza.lv\/ru\/produkts\/krekls-defender-mk2-shirt-short-sleeve-polycotton-ripstop-melns-helikon-tex\/\",\"url\":\"https:\/\/milbaza.lv\/ru\/produkts\/krekls-defender-mk2-shirt-short-sleeve-polycotton-ripstop-melns-helikon-tex\/\",\"name\":\"HELIKON-TEX KREKLS DEFENDER MK2 SHIRT SHORT SLEEVE\u00ae - POLYCOTTON RIPSTOP - MILBAZA \u2013 viss akt\u012bvai atp\u016btai\",\"isPartOf\":{\"@id\":\"https:\/\/milbaza.lv\/ru\/#website\"},\"primaryImageOfPage\":{\"@id\":\"https:\/\/milbaza.lv\/ru\/produkts\/krekls-defender-mk2-shirt-short-sleeve-polycotton-ripstop-melns-helikon-tex\/#primaryimage\"},\"image\":{\"@id\":\"https:\/\/milbaza.lv\/ru\/produkts\/krekls-defender-mk2-shirt-short-sleeve-polycotton-ripstop-melns-helikon-tex\/#primaryimage\"},\"thumbnailUrl\":\"https:\/\/milbaza.lv\/wp-content\/uploads\/2022\/07\/KO-DS2-PR-01.jpeg\",\"datePublished\":\"2022-07-14T06:47:03+00:00\",\"dateModified\":\"2026-04-17T00:09:55+00:00\",\"description\":\"Nopirkt KREKLS DEFENDER MK2 SHIRT SHORT SLEEVE\u00ae - POLYCOTTON RIPSTOP (MELNS) HELIKON-TEX izdev\u012bga cena un pieg\u0101de. T\u016brisma pre\u010du interneta veikals, pas\u016bt\u012bt online 24\/7!\",\"breadcrumb\":{\"@id\":\"https:\/\/milbaza.lv\/ru\/produkts\/krekls-defender-mk2-shirt-short-sleeve-polycotton-ripstop-melns-helikon-tex\/#breadcrumb\"},\"inLanguage\":\"ru-RU\",\"potentialAction\":[{\"@type\":\"ReadAction\",\"target\":[\"https:\/\/milbaza.lv\/ru\/produkts\/krekls-defender-mk2-shirt-short-sleeve-polycotton-ripstop-melns-helikon-tex\/\"]}]},{\"@type\":\"ImageObject\",\"inLanguage\":\"ru-RU\",\"@id\":\"https:\/\/milbaza.lv\/ru\/produkts\/krekls-defender-mk2-shirt-short-sleeve-polycotton-ripstop-melns-helikon-tex\/#primaryimage\",\"url\":\"https:\/\/milbaza.lv\/wp-content\/uploads\/2022\/07\/KO-DS2-PR-01.jpeg\",\"contentUrl\":\"https:\/\/milbaza.lv\/wp-content\/uploads\/2022\/07\/KO-DS2-PR-01.jpeg\",\"width\":1500,\"height\":1500},{\"@type\":\"BreadcrumbList\",\"@id\":\"https:\/\/milbaza.lv\/ru\/produkts\/krekls-defender-mk2-shirt-short-sleeve-polycotton-ripstop-melns-helikon-tex\/#breadcrumb\",\"itemListElement\":[{\"@type\":\"ListItem\",\"position\":1,\"name\":\"Home\",\"item\":\"https:\/\/milbaza.lv\/ru\/\"},{\"@type\":\"ListItem\",\"position\":2,\"name\":\"\u041c\u0430\u0433\u0430\u0437\u0438\u043d\",\"item\":\"https:\/\/milbaza.lv\/ru\/%d0%bc%d0%b0%d0%b3%d0%b0%d0%b7%d0%b8%d0%bd\/\"},{\"@type\":\"ListItem\",\"position\":3,\"name\":\"HELIKON-TEX KREKLS DEFENDER MK2 SHIRT SHORT SLEEVE\u00ae &#8211; POLYCOTTON RIPSTOP\"}]},{\"@type\":\"WebSite\",\"@id\":\"https:\/\/milbaza.lv\/ru\/#website\",\"url\":\"https:\/\/milbaza.lv\/ru\/\",\"name\":\"MILBAZA \u2013 viss akt\u012bvai atp\u016btai\",\"description\":\"Viss akt\u012bvai atp\u016btai\",\"publisher\":{\"@id\":\"https:\/\/milbaza.lv\/ru\/#organization\"},\"potentialAction\":[{\"@type\":\"SearchAction\",\"target\":{\"@type\":\"EntryPoint\",\"urlTemplate\":\"https:\/\/milbaza.lv\/ru\/?s={search_term_string}\"},\"query-input\":{\"@type\":\"PropertyValueSpecification\",\"valueRequired\":true,\"valueName\":\"search_term_string\"}}],\"inLanguage\":\"ru-RU\"},{\"@type\":\"Organization\",\"@id\":\"https:\/\/milbaza.lv\/ru\/#organization\",\"name\":\"Milbaza\",\"url\":\"https:\/\/milbaza.lv\/ru\/\",\"logo\":{\"@type\":\"ImageObject\",\"inLanguage\":\"ru-RU\",\"@id\":\"https:\/\/milbaza.lv\/ru\/#\/schema\/logo\/image\/\",\"url\":\"https:\/\/milbaza.lv\/wp-content\/uploads\/2021\/11\/Mil_BAZA_logo3.png\",\"contentUrl\":\"https:\/\/milbaza.lv\/wp-content\/uploads\/2021\/11\/Mil_BAZA_logo3.png\",\"width\":564,\"height\":226,\"caption\":\"Milbaza\"},\"image\":{\"@id\":\"https:\/\/milbaza.lv\/ru\/#\/schema\/logo\/image\/\"},\"sameAs\":[\"https:\/\/www.facebook.com\/profile.php?id=100075399152223\",\"https:\/\/www.instagram.com\/milbaza.lv\/\",\"https:\/\/www.pinterest.com\/milbaza\/_saved\/\",\"https:\/\/www.youtube.com\/channel\/UCrPXltd8hsNIiGAKc37hGfQ\"]}]}<\/script>\n<!-- \/ Yoast SEO plugin. -->","yoast_head_json":{"title":"HELIKON-TEX KREKLS DEFENDER MK2 SHIRT SHORT SLEEVE\u00ae - POLYCOTTON RIPSTOP - MILBAZA \u2013 viss akt\u012bvai atp\u016btai","description":"Nopirkt KREKLS DEFENDER MK2 SHIRT SHORT SLEEVE\u00ae - POLYCOTTON RIPSTOP (MELNS) HELIKON-TEX izdev\u012bga cena un pieg\u0101de. T\u016brisma pre\u010du interneta veikals, pas\u016bt\u012bt online 24\/7!","robots":{"index":"index","follow":"follow","max-snippet":"max-snippet:-1","max-image-preview":"max-image-preview:large","max-video-preview":"max-video-preview:-1"},"canonical":"https:\/\/milbaza.lv\/ru\/produkts\/krekls-defender-mk2-shirt-short-sleeve-polycotton-ripstop-melns-helikon-tex\/","og_locale":"ru_RU","og_type":"article","og_title":"HELIKON-TEX KREKLS DEFENDER MK2 SHIRT SHORT SLEEVE\u00ae - POLYCOTTON RIPSTOP - MILBAZA \u2013 viss akt\u012bvai atp\u016btai","og_description":"Nopirkt KREKLS DEFENDER MK2 SHIRT SHORT SLEEVE\u00ae - POLYCOTTON RIPSTOP (MELNS) HELIKON-TEX izdev\u012bga cena un pieg\u0101de. T\u016brisma pre\u010du interneta veikals, pas\u016bt\u012bt online 24\/7!","og_url":"https:\/\/milbaza.lv\/ru\/produkts\/krekls-defender-mk2-shirt-short-sleeve-polycotton-ripstop-melns-helikon-tex\/","og_site_name":"MILBAZA \u2013 viss akt\u012bvai atp\u016btai","article_publisher":"https:\/\/www.facebook.com\/profile.php?id=100075399152223","article_modified_time":"2026-04-17T00:09:55+00:00","og_image":[{"width":1500,"height":1500,"url":"https:\/\/milbaza.lv\/wp-content\/uploads\/2022\/07\/KO-DS2-PR-01.jpeg","type":"image\/jpeg"}],"twitter_card":"summary_large_image","twitter_misc":{"\u041f\u0440\u0438\u043c\u0435\u0440\u043d\u043e\u0435 \u0432\u0440\u0435\u043c\u044f \u0434\u043b\u044f \u0447\u0442\u0435\u043d\u0438\u044f":"1 \u043c\u0438\u043d\u0443\u0442\u0430"},"schema":{"@context":"https:\/\/schema.org","@graph":[{"@type":"WebPage","@id":"https:\/\/milbaza.lv\/ru\/produkts\/krekls-defender-mk2-shirt-short-sleeve-polycotton-ripstop-melns-helikon-tex\/","url":"https:\/\/milbaza.lv\/ru\/produkts\/krekls-defender-mk2-shirt-short-sleeve-polycotton-ripstop-melns-helikon-tex\/","name":"HELIKON-TEX KREKLS DEFENDER MK2 SHIRT SHORT SLEEVE\u00ae - POLYCOTTON RIPSTOP - MILBAZA \u2013 viss akt\u012bvai atp\u016btai","isPartOf":{"@id":"https:\/\/milbaza.lv\/ru\/#website"},"primaryImageOfPage":{"@id":"https:\/\/milbaza.lv\/ru\/produkts\/krekls-defender-mk2-shirt-short-sleeve-polycotton-ripstop-melns-helikon-tex\/#primaryimage"},"image":{"@id":"https:\/\/milbaza.lv\/ru\/produkts\/krekls-defender-mk2-shirt-short-sleeve-polycotton-ripstop-melns-helikon-tex\/#primaryimage"},"thumbnailUrl":"https:\/\/milbaza.lv\/wp-content\/uploads\/2022\/07\/KO-DS2-PR-01.jpeg","datePublished":"2022-07-14T06:47:03+00:00","dateModified":"2026-04-17T00:09:55+00:00","description":"Nopirkt KREKLS DEFENDER MK2 SHIRT SHORT SLEEVE\u00ae - POLYCOTTON RIPSTOP (MELNS) HELIKON-TEX izdev\u012bga cena un pieg\u0101de. T\u016brisma pre\u010du interneta veikals, pas\u016bt\u012bt online 24\/7!","breadcrumb":{"@id":"https:\/\/milbaza.lv\/ru\/produkts\/krekls-defender-mk2-shirt-short-sleeve-polycotton-ripstop-melns-helikon-tex\/#breadcrumb"},"inLanguage":"ru-RU","potentialAction":[{"@type":"ReadAction","target":["https:\/\/milbaza.lv\/ru\/produkts\/krekls-defender-mk2-shirt-short-sleeve-polycotton-ripstop-melns-helikon-tex\/"]}]},{"@type":"ImageObject","inLanguage":"ru-RU","@id":"https:\/\/milbaza.lv\/ru\/produkts\/krekls-defender-mk2-shirt-short-sleeve-polycotton-ripstop-melns-helikon-tex\/#primaryimage","url":"https:\/\/milbaza.lv\/wp-content\/uploads\/2022\/07\/KO-DS2-PR-01.jpeg","contentUrl":"https:\/\/milbaza.lv\/wp-content\/uploads\/2022\/07\/KO-DS2-PR-01.jpeg","width":1500,"height":1500},{"@type":"BreadcrumbList","@id":"https:\/\/milbaza.lv\/ru\/produkts\/krekls-defender-mk2-shirt-short-sleeve-polycotton-ripstop-melns-helikon-tex\/#breadcrumb","itemListElement":[{"@type":"ListItem","position":1,"name":"Home","item":"https:\/\/milbaza.lv\/ru\/"},{"@type":"ListItem","position":2,"name":"\u041c\u0430\u0433\u0430\u0437\u0438\u043d","item":"https:\/\/milbaza.lv\/ru\/%d0%bc%d0%b0%d0%b3%d0%b0%d0%b7%d0%b8%d0%bd\/"},{"@type":"ListItem","position":3,"name":"HELIKON-TEX KREKLS DEFENDER MK2 SHIRT SHORT SLEEVE\u00ae &#8211; POLYCOTTON RIPSTOP"}]},{"@type":"WebSite","@id":"https:\/\/milbaza.lv\/ru\/#website","url":"https:\/\/milbaza.lv\/ru\/","name":"MILBAZA \u2013 viss akt\u012bvai atp\u016btai","description":"Viss akt\u012bvai atp\u016btai","publisher":{"@id":"https:\/\/milbaza.lv\/ru\/#organization"},"potentialAction":[{"@type":"SearchAction","target":{"@type":"EntryPoint","urlTemplate":"https:\/\/milbaza.lv\/ru\/?s={search_term_string}"},"query-input":{"@type":"PropertyValueSpecification","valueRequired":true,"valueName":"search_term_string"}}],"inLanguage":"ru-RU"},{"@type":"Organization","@id":"https:\/\/milbaza.lv\/ru\/#organization","name":"Milbaza","url":"https:\/\/milbaza.lv\/ru\/","logo":{"@type":"ImageObject","inLanguage":"ru-RU","@id":"https:\/\/milbaza.lv\/ru\/#\/schema\/logo\/image\/","url":"https:\/\/milbaza.lv\/wp-content\/uploads\/2021\/11\/Mil_BAZA_logo3.png","contentUrl":"https:\/\/milbaza.lv\/wp-content\/uploads\/2021\/11\/Mil_BAZA_logo3.png","width":564,"height":226,"caption":"Milbaza"},"image":{"@id":"https:\/\/milbaza.lv\/ru\/#\/schema\/logo\/image\/"},"sameAs":["https:\/\/www.facebook.com\/profile.php?id=100075399152223","https:\/\/www.instagram.com\/milbaza.lv\/","https:\/\/www.pinterest.com\/milbaza\/_saved\/","https:\/\/www.youtube.com\/channel\/UCrPXltd8hsNIiGAKc37hGfQ"]}]}},"_links":{"self":[{"href":"https:\/\/milbaza.lv\/ru\/wp-json\/wp\/v2\/product\/16029","targetHints":{"allow":["GET"]}}],"collection":[{"href":"https:\/\/milbaza.lv\/ru\/wp-json\/wp\/v2\/product"}],"about":[{"href":"https:\/\/milbaza.lv\/ru\/wp-json\/wp\/v2\/types\/product"}],"replies":[{"embeddable":true,"href":"https:\/\/milbaza.lv\/ru\/wp-json\/wp\/v2\/comments?post=16029"}],"wp:featuredmedia":[{"embeddable":true,"href":"https:\/\/milbaza.lv\/ru\/wp-json\/wp\/v2\/media\/16054"}],"wp:attachment":[{"href":"https:\/\/milbaza.lv\/ru\/wp-json\/wp\/v2\/media?parent=16029"}],"wp:term":[{"taxonomy":"product_brand","embeddable":true,"href":"https:\/\/milbaza.lv\/ru\/wp-json\/wp\/v2\/product_brand?post=16029"},{"taxonomy":"product_cat","embeddable":true,"href":"https:\/\/milbaza.lv\/ru\/wp-json\/wp\/v2\/product_cat?post=16029"},{"taxonomy":"product_tag","embeddable":true,"href":"https:\/\/milbaza.lv\/ru\/wp-json\/wp\/v2\/product_tag?post=16029"}],"curies":[{"name":"wp","href":"https:\/\/api.w.org\/{rel}","templated":true}]}}