{"id":1659,"date":"2022-01-12T15:07:30","date_gmt":"2022-01-12T13:07:30","guid":{"rendered":"https:\/\/milbaza.lv\/?post_type=product&#038;p=1659"},"modified":"2026-05-06T10:23:37","modified_gmt":"2026-05-06T07:23:37","slug":"dzemperis-helikon-tex-urban-tactical-hoodie-lite-kangaroo-zils","status":"publish","type":"product","link":"https:\/\/milbaza.lv\/ru\/produkts\/dzemperis-helikon-tex-urban-tactical-hoodie-lite-kangaroo-zils\/","title":{"rendered":"Helikon-Tex D\u017eemperis Urban Tactical Hoodie Lite Kangaroo (zils)"},"content":{"rendered":"<p>Urban Tactical Hoodie Lite (Kangaroo) ir paredz\u0113ts lieto\u0161anai pils\u0113tvid\u0113. To nov\u0113rt\u0113s ar\u012b tie, kas mekl\u0113 klasiski pieska\u0146otu ap\u0123\u0113rbu, kas \u013cauj \u0113rti n\u0113s\u0101t l\u012bdzi ikdienas invent\u0101ru.<\/p>\n<p>Pateicoties elast\u012bga auduma izmanto\u0161anai, kapuce neierobe\u017eos kust\u012bbas, un maz\u0101kas kabatas, kas ievietotas \u0137engurkabatas iek\u0161pus\u0113, \u013caus sak\u0101rtot ekip\u0113jumu un pasarg\u0101s to no pazu\u0161anas. Virs galven\u0101s kabatas ir kabata ar r\u0101v\u0113jsl\u0113dz\u0113ju, kas lieliski piem\u0113rota dokumentu vai maka p\u0101rn\u0113s\u0101\u0161anai. Uz ab\u0101m rok\u0101m ir diskr\u0113tas kabatas maziem priek\u0161metiem un VELCRO pane\u013ci, pie kuriem var piestiprin\u0101t uz\u0161\u016bves.<\/p>\n<p>Izmantotais kokvilnas un poliestera mais\u012bjums liek jakai \u0101tri iz\u017e\u016bt, t\u0101p\u0113c t\u0101 b\u016bs lieliski piem\u0113rots treni\u0146iem aukst\u0101k\u0101s dien\u0101s.<\/p>\n<p>&nbsp;<\/p>\n<p>\u012apa\u0161\u012bbas:<\/p>\n<ul>\n<li>Regul\u0113jama kapuce<\/li>\n<li>Izgatavota no bl\u012bvi ad\u012bta un elast\u012bga kokvilnas-poliestera auduma<\/li>\n<li>Elast\u012bgi piedurk\u0146u gali<\/li>\n<li>Klasiska \u0137engurkabata ar iek\u0161kabat\u0101m<\/li>\n<li>Sl\u0113pta kabata ar r\u0101v\u0113jsl\u0113dz\u0113ju virs \u0137engura kabatas<\/li>\n<li>Sl\u0113ptas kabatas piedurk\u0146u aug\u0161pus\u0113<\/li>\n<li>YKK\u00ae r\u0101v\u0113jsl\u0113dz\u0113js<\/li>\n<\/ul>\n<p><iframe loading=\"lazy\" title=\"Helikon-Tex - Urban Tactical Hoodie Lite (Kangaroo)\" width=\"1020\" height=\"574\" src=\"https:\/\/www.youtube.com\/embed\/CHNwyro-wVw?feature=oembed\" frameborder=\"0\" allow=\"accelerometer; autoplay; clipboard-write; encrypted-media; gyroscope; picture-in-picture; web-share\" referrerpolicy=\"strict-origin-when-cross-origin\" allowfullscreen><\/iframe><\/p>\n","protected":false},"excerpt":{"rendered":"<p>Urban Tactical Hoodie Lite (Kangaroo) ir paredz\u0113ts lieto\u0161anai pils\u0113tvid\u0113. To nov\u0113rt\u0113s ar\u012b tie, kas mekl\u0113 klasiski pieska\u0146otu ap\u0123\u0113rbu, kas \u013cauj \u0113rti n\u0113s\u0101t l\u012bdzi ikdienas invent\u0101ru. Pateicoties elast\u012bga auduma izmanto\u0161anai, kapuce neierobe\u017eos kust\u012bbas, un maz\u0101kas kabatas, kas ievietotas \u0137engurkabatas iek\u0161pus\u0113, \u013caus sak\u0101rtot ekip\u0113jumu un pasarg\u0101s to no pazu\u0161anas. Virs galven\u0101s kabatas ir kabata ar r\u0101v\u0113jsl\u0113dz\u0113ju, kas [&#8230;]\n","protected":false},"featured_media":3063,"comment_status":"open","ping_status":"closed","template":"","meta":{"_acf_changed":false},"product_brand":[],"product_cat":[24,156],"product_tag":[],"class_list":{"0":"post-1659","1":"product","2":"type-product","3":"status-publish","4":"has-post-thumbnail","6":"product_cat-apgerbi","7":"product_cat-jakas-dzemperi","9":"first","10":"instock","11":"taxable","12":"shipping-taxable","13":"purchasable","14":"product-type-variable"},"acf":[],"yoast_head":"<!-- This site is optimized with the Yoast SEO plugin v27.4 - https:\/\/yoast.com\/product\/yoast-seo-wordpress\/ -->\n<title>Helikon-Tex D\u017eemperis Urban Tactical Hoodie Lite Kangaroo (zils) - MILBAZA \u2013 viss akt\u012bvai atp\u016btai<\/title>\n<meta name=\"description\" content=\"Nopirkt D\u017eemperis Helikon-Tex Urban Tactical Hoodie Lite Kangaroo (zils), izdev\u012bga cena un pieg\u0101de. Turisma pre\u010du interneta veikals, pas\u016bt\u012bt online 24\/7!\" \/>\n<meta name=\"robots\" content=\"index, follow, max-snippet:-1, max-image-preview:large, max-video-preview:-1\" \/>\n<link rel=\"canonical\" href=\"https:\/\/milbaza.lv\/ru\/produkts\/dzemperis-helikon-tex-urban-tactical-hoodie-lite-kangaroo-zils\/\" \/>\n<meta property=\"og:locale\" content=\"ru_RU\" \/>\n<meta property=\"og:type\" content=\"article\" \/>\n<meta property=\"og:title\" content=\"Helikon-Tex D\u017eemperis Urban Tactical Hoodie Lite Kangaroo (zils) - MILBAZA \u2013 viss akt\u012bvai atp\u016btai\" \/>\n<meta property=\"og:description\" content=\"Nopirkt D\u017eemperis Helikon-Tex Urban Tactical Hoodie Lite Kangaroo (zils), izdev\u012bga cena un pieg\u0101de. Turisma pre\u010du interneta veikals, pas\u016bt\u012bt online 24\/7!\" \/>\n<meta property=\"og:url\" content=\"https:\/\/milbaza.lv\/ru\/produkts\/dzemperis-helikon-tex-urban-tactical-hoodie-lite-kangaroo-zils\/\" \/>\n<meta property=\"og:site_name\" content=\"MILBAZA \u2013 viss akt\u012bvai atp\u016btai\" \/>\n<meta property=\"article:publisher\" content=\"https:\/\/www.facebook.com\/profile.php?id=100075399152223\" \/>\n<meta property=\"article:modified_time\" content=\"2026-05-06T07:23:37+00:00\" \/>\n<meta property=\"og:image\" content=\"https:\/\/milbaza.lv\/wp-content\/uploads\/2022\/01\/BL-ULK-CB-65.jpg\" \/>\n\t<meta property=\"og:image:width\" content=\"1500\" \/>\n\t<meta property=\"og:image:height\" content=\"1500\" \/>\n\t<meta property=\"og:image:type\" content=\"image\/jpeg\" \/>\n<meta name=\"twitter:card\" content=\"summary_large_image\" \/>\n<meta name=\"twitter:label1\" content=\"\u041f\u0440\u0438\u043c\u0435\u0440\u043d\u043e\u0435 \u0432\u0440\u0435\u043c\u044f \u0434\u043b\u044f \u0447\u0442\u0435\u043d\u0438\u044f\" \/>\n\t<meta name=\"twitter:data1\" content=\"1 \u043c\u0438\u043d\u0443\u0442\u0430\" \/>\n<script type=\"application\/ld+json\" class=\"yoast-schema-graph\">{\"@context\":\"https:\\\/\\\/schema.org\",\"@graph\":[{\"@type\":\"WebPage\",\"@id\":\"https:\\\/\\\/milbaza.lv\\\/ru\\\/produkts\\\/dzemperis-helikon-tex-urban-tactical-hoodie-lite-kangaroo-zils\\\/\",\"url\":\"https:\\\/\\\/milbaza.lv\\\/ru\\\/produkts\\\/dzemperis-helikon-tex-urban-tactical-hoodie-lite-kangaroo-zils\\\/\",\"name\":\"Helikon-Tex D\u017eemperis Urban Tactical Hoodie Lite Kangaroo (zils) - MILBAZA \u2013 viss akt\u012bvai atp\u016btai\",\"isPartOf\":{\"@id\":\"https:\\\/\\\/milbaza.lv\\\/ru\\\/#website\"},\"primaryImageOfPage\":{\"@id\":\"https:\\\/\\\/milbaza.lv\\\/ru\\\/produkts\\\/dzemperis-helikon-tex-urban-tactical-hoodie-lite-kangaroo-zils\\\/#primaryimage\"},\"image\":{\"@id\":\"https:\\\/\\\/milbaza.lv\\\/ru\\\/produkts\\\/dzemperis-helikon-tex-urban-tactical-hoodie-lite-kangaroo-zils\\\/#primaryimage\"},\"thumbnailUrl\":\"https:\\\/\\\/milbaza.lv\\\/wp-content\\\/uploads\\\/2022\\\/01\\\/BL-ULK-CB-65.jpg\",\"datePublished\":\"2022-01-12T13:07:30+00:00\",\"dateModified\":\"2026-05-06T07:23:37+00:00\",\"description\":\"Nopirkt D\u017eemperis Helikon-Tex Urban Tactical Hoodie Lite Kangaroo (zils), izdev\u012bga cena un pieg\u0101de. Turisma pre\u010du interneta veikals, pas\u016bt\u012bt online 24\\\/7!\",\"breadcrumb\":{\"@id\":\"https:\\\/\\\/milbaza.lv\\\/ru\\\/produkts\\\/dzemperis-helikon-tex-urban-tactical-hoodie-lite-kangaroo-zils\\\/#breadcrumb\"},\"inLanguage\":\"ru-RU\",\"potentialAction\":[{\"@type\":\"ReadAction\",\"target\":[\"https:\\\/\\\/milbaza.lv\\\/ru\\\/produkts\\\/dzemperis-helikon-tex-urban-tactical-hoodie-lite-kangaroo-zils\\\/\"]}]},{\"@type\":\"ImageObject\",\"inLanguage\":\"ru-RU\",\"@id\":\"https:\\\/\\\/milbaza.lv\\\/ru\\\/produkts\\\/dzemperis-helikon-tex-urban-tactical-hoodie-lite-kangaroo-zils\\\/#primaryimage\",\"url\":\"https:\\\/\\\/milbaza.lv\\\/wp-content\\\/uploads\\\/2022\\\/01\\\/BL-ULK-CB-65.jpg\",\"contentUrl\":\"https:\\\/\\\/milbaza.lv\\\/wp-content\\\/uploads\\\/2022\\\/01\\\/BL-ULK-CB-65.jpg\",\"width\":1500,\"height\":1500},{\"@type\":\"BreadcrumbList\",\"@id\":\"https:\\\/\\\/milbaza.lv\\\/ru\\\/produkts\\\/dzemperis-helikon-tex-urban-tactical-hoodie-lite-kangaroo-zils\\\/#breadcrumb\",\"itemListElement\":[{\"@type\":\"ListItem\",\"position\":1,\"name\":\"Home\",\"item\":\"https:\\\/\\\/milbaza.lv\\\/ru\\\/\"},{\"@type\":\"ListItem\",\"position\":2,\"name\":\"\u041c\u0430\u0433\u0430\u0437\u0438\u043d\",\"item\":\"https:\\\/\\\/milbaza.lv\\\/ru\\\/%d0%bc%d0%b0%d0%b3%d0%b0%d0%b7%d0%b8%d0%bd\\\/\"},{\"@type\":\"ListItem\",\"position\":3,\"name\":\"Helikon-Tex D\u017eemperis Urban Tactical Hoodie Lite Kangaroo (zils)\"}]},{\"@type\":\"WebSite\",\"@id\":\"https:\\\/\\\/milbaza.lv\\\/ru\\\/#website\",\"url\":\"https:\\\/\\\/milbaza.lv\\\/ru\\\/\",\"name\":\"MILBAZA \u2013 viss akt\u012bvai atp\u016btai\",\"description\":\"Viss akt\u012bvai atp\u016btai\",\"publisher\":{\"@id\":\"https:\\\/\\\/milbaza.lv\\\/ru\\\/#organization\"},\"potentialAction\":[{\"@type\":\"SearchAction\",\"target\":{\"@type\":\"EntryPoint\",\"urlTemplate\":\"https:\\\/\\\/milbaza.lv\\\/ru\\\/?s={search_term_string}\"},\"query-input\":{\"@type\":\"PropertyValueSpecification\",\"valueRequired\":true,\"valueName\":\"search_term_string\"}}],\"inLanguage\":\"ru-RU\"},{\"@type\":\"Organization\",\"@id\":\"https:\\\/\\\/milbaza.lv\\\/ru\\\/#organization\",\"name\":\"Milbaza\",\"url\":\"https:\\\/\\\/milbaza.lv\\\/ru\\\/\",\"logo\":{\"@type\":\"ImageObject\",\"inLanguage\":\"ru-RU\",\"@id\":\"https:\\\/\\\/milbaza.lv\\\/ru\\\/#\\\/schema\\\/logo\\\/image\\\/\",\"url\":\"https:\\\/\\\/milbaza.lv\\\/wp-content\\\/uploads\\\/2021\\\/11\\\/Mil_BAZA_logo3.png\",\"contentUrl\":\"https:\\\/\\\/milbaza.lv\\\/wp-content\\\/uploads\\\/2021\\\/11\\\/Mil_BAZA_logo3.png\",\"width\":564,\"height\":226,\"caption\":\"Milbaza\"},\"image\":{\"@id\":\"https:\\\/\\\/milbaza.lv\\\/ru\\\/#\\\/schema\\\/logo\\\/image\\\/\"},\"sameAs\":[\"https:\\\/\\\/www.facebook.com\\\/profile.php?id=100075399152223\",\"https:\\\/\\\/www.instagram.com\\\/milbaza.lv\\\/\",\"https:\\\/\\\/www.pinterest.com\\\/milbaza\\\/_saved\\\/\",\"https:\\\/\\\/www.youtube.com\\\/channel\\\/UCrPXltd8hsNIiGAKc37hGfQ\"]}]}<\/script>\n<!-- \/ Yoast SEO plugin. -->","yoast_head_json":{"title":"Helikon-Tex D\u017eemperis Urban Tactical Hoodie Lite Kangaroo (zils) - MILBAZA \u2013 viss akt\u012bvai atp\u016btai","description":"Nopirkt D\u017eemperis Helikon-Tex Urban Tactical Hoodie Lite Kangaroo (zils), izdev\u012bga cena un pieg\u0101de. Turisma pre\u010du interneta veikals, pas\u016bt\u012bt online 24\/7!","robots":{"index":"index","follow":"follow","max-snippet":"max-snippet:-1","max-image-preview":"max-image-preview:large","max-video-preview":"max-video-preview:-1"},"canonical":"https:\/\/milbaza.lv\/ru\/produkts\/dzemperis-helikon-tex-urban-tactical-hoodie-lite-kangaroo-zils\/","og_locale":"ru_RU","og_type":"article","og_title":"Helikon-Tex D\u017eemperis Urban Tactical Hoodie Lite Kangaroo (zils) - MILBAZA \u2013 viss akt\u012bvai atp\u016btai","og_description":"Nopirkt D\u017eemperis Helikon-Tex Urban Tactical Hoodie Lite Kangaroo (zils), izdev\u012bga cena un pieg\u0101de. Turisma pre\u010du interneta veikals, pas\u016bt\u012bt online 24\/7!","og_url":"https:\/\/milbaza.lv\/ru\/produkts\/dzemperis-helikon-tex-urban-tactical-hoodie-lite-kangaroo-zils\/","og_site_name":"MILBAZA \u2013 viss akt\u012bvai atp\u016btai","article_publisher":"https:\/\/www.facebook.com\/profile.php?id=100075399152223","article_modified_time":"2026-05-06T07:23:37+00:00","og_image":[{"width":1500,"height":1500,"url":"https:\/\/milbaza.lv\/wp-content\/uploads\/2022\/01\/BL-ULK-CB-65.jpg","type":"image\/jpeg"}],"twitter_card":"summary_large_image","twitter_misc":{"\u041f\u0440\u0438\u043c\u0435\u0440\u043d\u043e\u0435 \u0432\u0440\u0435\u043c\u044f \u0434\u043b\u044f \u0447\u0442\u0435\u043d\u0438\u044f":"1 \u043c\u0438\u043d\u0443\u0442\u0430"},"schema":{"@context":"https:\/\/schema.org","@graph":[{"@type":"WebPage","@id":"https:\/\/milbaza.lv\/ru\/produkts\/dzemperis-helikon-tex-urban-tactical-hoodie-lite-kangaroo-zils\/","url":"https:\/\/milbaza.lv\/ru\/produkts\/dzemperis-helikon-tex-urban-tactical-hoodie-lite-kangaroo-zils\/","name":"Helikon-Tex D\u017eemperis Urban Tactical Hoodie Lite Kangaroo (zils) - MILBAZA \u2013 viss akt\u012bvai atp\u016btai","isPartOf":{"@id":"https:\/\/milbaza.lv\/ru\/#website"},"primaryImageOfPage":{"@id":"https:\/\/milbaza.lv\/ru\/produkts\/dzemperis-helikon-tex-urban-tactical-hoodie-lite-kangaroo-zils\/#primaryimage"},"image":{"@id":"https:\/\/milbaza.lv\/ru\/produkts\/dzemperis-helikon-tex-urban-tactical-hoodie-lite-kangaroo-zils\/#primaryimage"},"thumbnailUrl":"https:\/\/milbaza.lv\/wp-content\/uploads\/2022\/01\/BL-ULK-CB-65.jpg","datePublished":"2022-01-12T13:07:30+00:00","dateModified":"2026-05-06T07:23:37+00:00","description":"Nopirkt D\u017eemperis Helikon-Tex Urban Tactical Hoodie Lite Kangaroo (zils), izdev\u012bga cena un pieg\u0101de. Turisma pre\u010du interneta veikals, pas\u016bt\u012bt online 24\/7!","breadcrumb":{"@id":"https:\/\/milbaza.lv\/ru\/produkts\/dzemperis-helikon-tex-urban-tactical-hoodie-lite-kangaroo-zils\/#breadcrumb"},"inLanguage":"ru-RU","potentialAction":[{"@type":"ReadAction","target":["https:\/\/milbaza.lv\/ru\/produkts\/dzemperis-helikon-tex-urban-tactical-hoodie-lite-kangaroo-zils\/"]}]},{"@type":"ImageObject","inLanguage":"ru-RU","@id":"https:\/\/milbaza.lv\/ru\/produkts\/dzemperis-helikon-tex-urban-tactical-hoodie-lite-kangaroo-zils\/#primaryimage","url":"https:\/\/milbaza.lv\/wp-content\/uploads\/2022\/01\/BL-ULK-CB-65.jpg","contentUrl":"https:\/\/milbaza.lv\/wp-content\/uploads\/2022\/01\/BL-ULK-CB-65.jpg","width":1500,"height":1500},{"@type":"BreadcrumbList","@id":"https:\/\/milbaza.lv\/ru\/produkts\/dzemperis-helikon-tex-urban-tactical-hoodie-lite-kangaroo-zils\/#breadcrumb","itemListElement":[{"@type":"ListItem","position":1,"name":"Home","item":"https:\/\/milbaza.lv\/ru\/"},{"@type":"ListItem","position":2,"name":"\u041c\u0430\u0433\u0430\u0437\u0438\u043d","item":"https:\/\/milbaza.lv\/ru\/%d0%bc%d0%b0%d0%b3%d0%b0%d0%b7%d0%b8%d0%bd\/"},{"@type":"ListItem","position":3,"name":"Helikon-Tex D\u017eemperis Urban Tactical Hoodie Lite Kangaroo (zils)"}]},{"@type":"WebSite","@id":"https:\/\/milbaza.lv\/ru\/#website","url":"https:\/\/milbaza.lv\/ru\/","name":"MILBAZA \u2013 viss akt\u012bvai atp\u016btai","description":"Viss akt\u012bvai atp\u016btai","publisher":{"@id":"https:\/\/milbaza.lv\/ru\/#organization"},"potentialAction":[{"@type":"SearchAction","target":{"@type":"EntryPoint","urlTemplate":"https:\/\/milbaza.lv\/ru\/?s={search_term_string}"},"query-input":{"@type":"PropertyValueSpecification","valueRequired":true,"valueName":"search_term_string"}}],"inLanguage":"ru-RU"},{"@type":"Organization","@id":"https:\/\/milbaza.lv\/ru\/#organization","name":"Milbaza","url":"https:\/\/milbaza.lv\/ru\/","logo":{"@type":"ImageObject","inLanguage":"ru-RU","@id":"https:\/\/milbaza.lv\/ru\/#\/schema\/logo\/image\/","url":"https:\/\/milbaza.lv\/wp-content\/uploads\/2021\/11\/Mil_BAZA_logo3.png","contentUrl":"https:\/\/milbaza.lv\/wp-content\/uploads\/2021\/11\/Mil_BAZA_logo3.png","width":564,"height":226,"caption":"Milbaza"},"image":{"@id":"https:\/\/milbaza.lv\/ru\/#\/schema\/logo\/image\/"},"sameAs":["https:\/\/www.facebook.com\/profile.php?id=100075399152223","https:\/\/www.instagram.com\/milbaza.lv\/","https:\/\/www.pinterest.com\/milbaza\/_saved\/","https:\/\/www.youtube.com\/channel\/UCrPXltd8hsNIiGAKc37hGfQ"]}]}},"_links":{"self":[{"href":"https:\/\/milbaza.lv\/ru\/wp-json\/wp\/v2\/product\/1659","targetHints":{"allow":["GET"]}}],"collection":[{"href":"https:\/\/milbaza.lv\/ru\/wp-json\/wp\/v2\/product"}],"about":[{"href":"https:\/\/milbaza.lv\/ru\/wp-json\/wp\/v2\/types\/product"}],"replies":[{"embeddable":true,"href":"https:\/\/milbaza.lv\/ru\/wp-json\/wp\/v2\/comments?post=1659"}],"wp:featuredmedia":[{"embeddable":true,"href":"https:\/\/milbaza.lv\/ru\/wp-json\/wp\/v2\/media\/3063"}],"wp:attachment":[{"href":"https:\/\/milbaza.lv\/ru\/wp-json\/wp\/v2\/media?parent=1659"}],"wp:term":[{"taxonomy":"product_brand","embeddable":true,"href":"https:\/\/milbaza.lv\/ru\/wp-json\/wp\/v2\/product_brand?post=1659"},{"taxonomy":"product_cat","embeddable":true,"href":"https:\/\/milbaza.lv\/ru\/wp-json\/wp\/v2\/product_cat?post=1659"},{"taxonomy":"product_tag","embeddable":true,"href":"https:\/\/milbaza.lv\/ru\/wp-json\/wp\/v2\/product_tag?post=1659"}],"curies":[{"name":"wp","href":"https:\/\/api.w.org\/{rel}","templated":true}]}}