{"id":18016,"date":"2022-07-19T15:12:35","date_gmt":"2022-07-19T12:12:35","guid":{"rendered":"https:\/\/milbaza.lv\/produkts\/%d0%ba%d0%be%d1%84%d1%82%d0%b0-3\/"},"modified":"2022-07-19T15:12:35","modified_gmt":"2022-07-19T12:12:35","slug":"%d0%ba%d0%be%d1%84%d1%82%d0%b0-3","status":"publish","type":"product","link":"https:\/\/milbaza.lv\/ru\/produkts\/%d0%ba%d0%be%d1%84%d1%82%d0%b0-3\/","title":{"rendered":"\u041a\u041e\u0424\u0422\u0410 ATHOS 2.0 FLEECE SWEATER (\u041a\u0410\u0419\u041e\u0422) PENTAGON"},"content":{"rendered":"<div>\u0423\u043b\u0443\u0447\u0448\u0435\u043d\u043d\u0430\u044f \u0432\u0435\u0440\u0441\u0438\u044f \u0444\u043b\u0438\u0441\u043e\u0432\u043e\u0439 \u043a\u0443\u0440\u0442\u043a\u0438 Athos. \u0412\u0435\u0440\u0441\u0438\u044f 2.0 \u0438\u043c\u0435\u0435\u0442 \u043e\u0431\u043d\u043e\u0432\u043b\u0435\u043d\u043d\u043e\u0435 \u043a\u0430\u0447\u0435\u0441\u0442\u0432\u043e \u0442\u043a\u0430\u043d\u0438, \u0447\u0442\u043e \u0434\u0435\u043b\u0430\u0435\u0442 \u0435\u0435 \u0431\u043e\u043b\u0435\u0435 \u0443\u0434\u043e\u0431\u043d\u043e\u0439.<\/div>\n<div>\u0438\u0441\u043f\u043e\u043b\u044c\u0437\u0443\u044f \u0435\u0433\u043e \u0432 \u0442\u0435\u0447\u0435\u043d\u0438\u0435 \u043c\u043d\u043e\u0433\u0438\u0445 \u0447\u0430\u0441\u043e\u0432 \u0432 \u0434\u0435\u043d\u044c. \u041d\u043e\u0432\u0430\u044f \u0432\u0435\u0440\u0441\u0438\u044f \u0442\u0430\u043a\u0436\u0435 \u0441\u043e\u0432\u043c\u0435\u0441\u0442\u0438\u043c\u0430 \u0441 \u0438\u043d\u043d\u043e\u0432\u0430\u0446\u0438\u043e\u043d\u043d\u043e\u0439 \u0441\u0438\u0441\u0442\u0435\u043c\u043e\u0439 MJC\u00ae (Multiple Jacket Compatibility).<\/div>\n<div>\u0433\u0434\u0435 \u0432\u044b \u043c\u043e\u0436\u0435\u0442\u0435 \u0438\u0441\u043f\u043e\u043b\u044c\u0437\u043e\u0432\u0430\u0442\u044c \u044d\u0442\u043e\u0442 \u0444\u043b\u0438\u0441 \u0432 \u043a\u0430\u0447\u0435\u0441\u0442\u0432\u0435 \u0432\u043d\u0443\u0442\u0440\u0435\u043d\u043d\u0435\u0433\u043e \u0441\u043b\u043e\u044f \u043a\u0443\u0440\u0442\u043a\u0438 \u043f\u043e\u0434 \u043a\u0443\u0440\u0442\u043a\u0430\u043c\u0438-\u0440\u0430\u043a\u0443\u0448\u043a\u0430\u043c\u0438.<\/div>\n<div><\/div>\n<div>\u2022 \u0422\u043a\u0430\u043d\u044c \u0438\u0437 100% \u043f\u043e\u043b\u0438\u044d\u0441\u0442\u0435\u0440\u0430<\/div>\n<div>\u2022 \u0412\u0435\u0441 \u0442\u043a\u0430\u043d\u0438 280 \u0433\/\u043c\u00b2<\/div>\n<div>\u2022 \u041f\u043b\u043e\u0441\u043a\u0438\u0435 \u0448\u0432\u044b<\/div>\n<div>\u2022 \u0414\u0432\u0443\u0441\u0442\u043e\u0440\u043e\u043d\u043d\u0438\u0435 \u043c\u043e\u043b\u043d\u0438\u0438, \u0441\u043e\u0432\u043c\u0435\u0441\u0442\u0438\u043c\u044b\u0435 \u0441 \u0441\u0438\u0441\u0442\u0435\u043c\u043e\u0439 MJC\u00ae.<\/div>\n<div>\u2022 \u041d\u0430\u0433\u0440\u0443\u0434\u043d\u044b\u0439 \u043a\u0430\u0440\u043c\u0430\u043d SoftShell<\/div>\n<div>\u2022 \u0421\u0438\u0441\u0442\u0435\u043c\u0430 MJC\u00ae<\/div>\n","protected":false},"excerpt":{"rendered":"<p>\u0423\u043b\u0443\u0447\u0448\u0435\u043d\u043d\u0430\u044f \u0432\u0435\u0440\u0441\u0438\u044f \u0444\u043b\u0438\u0441\u043e\u0432\u043e\u0439 \u043a\u0443\u0440\u0442\u043a\u0438 Athos. \u0412\u0435\u0440\u0441\u0438\u044f 2.0 \u0438\u043c\u0435\u0435\u0442 \u043e\u0431\u043d\u043e\u0432\u043b\u0435\u043d\u043d\u043e\u0435 \u043a\u0430\u0447\u0435\u0441\u0442\u0432\u043e \u0442\u043a\u0430\u043d\u0438, \u0447\u0442\u043e \u0434\u0435\u043b\u0430\u0435\u0442 \u0435\u0435 \u0431\u043e\u043b\u0435\u0435 \u0443\u0434\u043e\u0431\u043d\u043e\u0439. \u0438\u0441\u043f\u043e\u043b\u044c\u0437\u0443\u044f \u0435\u0433\u043e \u0432 \u0442\u0435\u0447\u0435\u043d\u0438\u0435 \u043c\u043d\u043e\u0433\u0438\u0445 \u0447\u0430\u0441\u043e\u0432 \u0432 \u0434\u0435\u043d\u044c. \u041d\u043e\u0432\u0430\u044f \u0432\u0435\u0440\u0441\u0438\u044f \u0442\u0430\u043a\u0436\u0435 \u0441\u043e\u0432\u043c\u0435\u0441\u0442\u0438\u043c\u0430 \u0441 \u0438\u043d\u043d\u043e\u0432\u0430\u0446\u0438\u043e\u043d\u043d\u043e\u0439 \u0441\u0438\u0441\u0442\u0435\u043c\u043e\u0439 MJC\u00ae (Multiple Jacket Compatibility). \u0433\u0434\u0435 \u0432\u044b \u043c\u043e\u0436\u0435\u0442\u0435 \u0438\u0441\u043f\u043e\u043b\u044c\u0437\u043e\u0432\u0430\u0442\u044c \u044d\u0442\u043e\u0442 \u0444\u043b\u0438\u0441 \u0432 \u043a\u0430\u0447\u0435\u0441\u0442\u0432\u0435 \u0432\u043d\u0443\u0442\u0440\u0435\u043d\u043d\u0435\u0433\u043e \u0441\u043b\u043e\u044f \u043a\u0443\u0440\u0442\u043a\u0438 \u043f\u043e\u0434 \u043a\u0443\u0440\u0442\u043a\u0430\u043c\u0438-\u0440\u0430\u043a\u0443\u0448\u043a\u0430\u043c\u0438. \u2022 \u0422\u043a\u0430\u043d\u044c \u0438\u0437 100% \u043f\u043e\u043b\u0438\u044d\u0441\u0442\u0435\u0440\u0430 \u2022 \u0412\u0435\u0441 [&#8230;]\n","protected":false},"featured_media":16591,"comment_status":"open","ping_status":"closed","template":"","meta":{"_acf_changed":false},"product_brand":[],"product_cat":[335,592],"product_tag":[],"class_list":{"0":"post-18016","1":"product","2":"type-product","3":"status-publish","4":"has-post-thumbnail","6":"product_cat-335","7":"product_cat-odezda","9":"first","10":"outofstock","11":"taxable","12":"shipping-taxable","13":"purchasable","14":"product-type-variable"},"acf":[],"yoast_head":"<!-- This site is optimized with the Yoast SEO plugin v26.7 - https:\/\/yoast.com\/wordpress\/plugins\/seo\/ -->\n<title>\u041a\u041e\u0424\u0422\u0410 ATHOS 2.0 FLEECE SWEATER (\u041a\u0410\u0419\u041e\u0422) PENTAGON - MILBAZA \u2013 viss akt\u012bvai atp\u016btai<\/title>\n<meta name=\"description\" content=\"\u041a\u0443\u043f\u0438\u0442\u044c \u041a\u041e\u0424\u0422\u0410 ATHOS 2.0 FLEECE SWEATER (\u041a\u0410\u0419\u041e\u0422) PENTAGON \u043f\u043e \u0432\u044b\u0433\u043e\u0434\u043d\u043e\u0439 \u0446\u0435\u043d\u0435 \u0441 \u0434\u043e\u0441\u0442\u0430\u0432\u043a\u043e\u0439. \u0418\u043d\u0442\u0435\u0440\u043d\u0435\u0442-\u043c\u0430\u0433\u0430\u0437\u0438\u043d \u0442\u0443\u0440\u0438\u0441\u0442\u0438\u0447\u0435\u0441\u043a\u0438\u0445 \u0442\u043e\u0432\u0430\u0440\u043e\u0432, \u0437\u0430\u043a\u0430\u0437\u044b\u0432\u0430\u0439\u0442\u0435 \u043e\u043d\u043b\u0430\u0439\u043d 24\/7!\" \/>\n<meta name=\"robots\" content=\"index, follow, max-snippet:-1, max-image-preview:large, max-video-preview:-1\" \/>\n<link rel=\"canonical\" href=\"https:\/\/milbaza.lv\/ru\/produkts\/%d0%ba%d0%be%d1%84%d1%82%d0%b0-3\/\" \/>\n<meta property=\"og:locale\" content=\"ru_RU\" \/>\n<meta property=\"og:type\" content=\"article\" \/>\n<meta property=\"og:title\" content=\"\u041a\u041e\u0424\u0422\u0410 ATHOS 2.0 FLEECE SWEATER (\u041a\u0410\u0419\u041e\u0422) PENTAGON - MILBAZA \u2013 viss akt\u012bvai atp\u016btai\" \/>\n<meta property=\"og:description\" content=\"\u041a\u0443\u043f\u0438\u0442\u044c \u041a\u041e\u0424\u0422\u0410 ATHOS 2.0 FLEECE SWEATER (\u041a\u0410\u0419\u041e\u0422) PENTAGON \u043f\u043e \u0432\u044b\u0433\u043e\u0434\u043d\u043e\u0439 \u0446\u0435\u043d\u0435 \u0441 \u0434\u043e\u0441\u0442\u0430\u0432\u043a\u043e\u0439. \u0418\u043d\u0442\u0435\u0440\u043d\u0435\u0442-\u043c\u0430\u0433\u0430\u0437\u0438\u043d \u0442\u0443\u0440\u0438\u0441\u0442\u0438\u0447\u0435\u0441\u043a\u0438\u0445 \u0442\u043e\u0432\u0430\u0440\u043e\u0432, \u0437\u0430\u043a\u0430\u0437\u044b\u0432\u0430\u0439\u0442\u0435 \u043e\u043d\u043b\u0430\u0439\u043d 24\/7!\" \/>\n<meta property=\"og:url\" content=\"https:\/\/milbaza.lv\/ru\/produkts\/%d0%ba%d0%be%d1%84%d1%82%d0%b0-3\/\" \/>\n<meta property=\"og:site_name\" content=\"MILBAZA \u2013 viss akt\u012bvai atp\u016btai\" \/>\n<meta property=\"article:publisher\" content=\"https:\/\/www.facebook.com\/profile.php?id=100075399152223\" \/>\n<meta property=\"og:image\" content=\"https:\/\/milbaza.lv\/wp-content\/uploads\/2022\/07\/K08047-2.0-03-MJC-850x850-1.jpg\" \/>\n\t<meta property=\"og:image:width\" content=\"850\" \/>\n\t<meta property=\"og:image:height\" content=\"850\" \/>\n\t<meta property=\"og:image:type\" content=\"image\/jpeg\" \/>\n<meta name=\"twitter:card\" content=\"summary_large_image\" \/>\n<script type=\"application\/ld+json\" class=\"yoast-schema-graph\">{\"@context\":\"https:\/\/schema.org\",\"@graph\":[{\"@type\":\"WebPage\",\"@id\":\"https:\/\/milbaza.lv\/ru\/produkts\/%d0%ba%d0%be%d1%84%d1%82%d0%b0-3\/\",\"url\":\"https:\/\/milbaza.lv\/ru\/produkts\/%d0%ba%d0%be%d1%84%d1%82%d0%b0-3\/\",\"name\":\"\u041a\u041e\u0424\u0422\u0410 ATHOS 2.0 FLEECE SWEATER (\u041a\u0410\u0419\u041e\u0422) PENTAGON - MILBAZA \u2013 viss akt\u012bvai atp\u016btai\",\"isPartOf\":{\"@id\":\"https:\/\/milbaza.lv\/ru\/#website\"},\"primaryImageOfPage\":{\"@id\":\"https:\/\/milbaza.lv\/ru\/produkts\/%d0%ba%d0%be%d1%84%d1%82%d0%b0-3\/#primaryimage\"},\"image\":{\"@id\":\"https:\/\/milbaza.lv\/ru\/produkts\/%d0%ba%d0%be%d1%84%d1%82%d0%b0-3\/#primaryimage\"},\"thumbnailUrl\":\"https:\/\/milbaza.lv\/wp-content\/uploads\/2022\/07\/K08047-2.0-03-MJC-850x850-1.jpg\",\"datePublished\":\"2022-07-19T12:12:35+00:00\",\"description\":\"\u041a\u0443\u043f\u0438\u0442\u044c \u041a\u041e\u0424\u0422\u0410 ATHOS 2.0 FLEECE SWEATER (\u041a\u0410\u0419\u041e\u0422) PENTAGON \u043f\u043e \u0432\u044b\u0433\u043e\u0434\u043d\u043e\u0439 \u0446\u0435\u043d\u0435 \u0441 \u0434\u043e\u0441\u0442\u0430\u0432\u043a\u043e\u0439. \u0418\u043d\u0442\u0435\u0440\u043d\u0435\u0442-\u043c\u0430\u0433\u0430\u0437\u0438\u043d \u0442\u0443\u0440\u0438\u0441\u0442\u0438\u0447\u0435\u0441\u043a\u0438\u0445 \u0442\u043e\u0432\u0430\u0440\u043e\u0432, \u0437\u0430\u043a\u0430\u0437\u044b\u0432\u0430\u0439\u0442\u0435 \u043e\u043d\u043b\u0430\u0439\u043d 24\/7!\",\"breadcrumb\":{\"@id\":\"https:\/\/milbaza.lv\/ru\/produkts\/%d0%ba%d0%be%d1%84%d1%82%d0%b0-3\/#breadcrumb\"},\"inLanguage\":\"ru-RU\",\"potentialAction\":[{\"@type\":\"ReadAction\",\"target\":[\"https:\/\/milbaza.lv\/ru\/produkts\/%d0%ba%d0%be%d1%84%d1%82%d0%b0-3\/\"]}]},{\"@type\":\"ImageObject\",\"inLanguage\":\"ru-RU\",\"@id\":\"https:\/\/milbaza.lv\/ru\/produkts\/%d0%ba%d0%be%d1%84%d1%82%d0%b0-3\/#primaryimage\",\"url\":\"https:\/\/milbaza.lv\/wp-content\/uploads\/2022\/07\/K08047-2.0-03-MJC-850x850-1.jpg\",\"contentUrl\":\"https:\/\/milbaza.lv\/wp-content\/uploads\/2022\/07\/K08047-2.0-03-MJC-850x850-1.jpg\",\"width\":850,\"height\":850},{\"@type\":\"BreadcrumbList\",\"@id\":\"https:\/\/milbaza.lv\/ru\/produkts\/%d0%ba%d0%be%d1%84%d1%82%d0%b0-3\/#breadcrumb\",\"itemListElement\":[{\"@type\":\"ListItem\",\"position\":1,\"name\":\"Home\",\"item\":\"https:\/\/milbaza.lv\/ru\/\"},{\"@type\":\"ListItem\",\"position\":2,\"name\":\"\u041c\u0430\u0433\u0430\u0437\u0438\u043d\",\"item\":\"https:\/\/milbaza.lv\/ru\/%d0%bc%d0%b0%d0%b3%d0%b0%d0%b7%d0%b8%d0%bd\/\"},{\"@type\":\"ListItem\",\"position\":3,\"name\":\"\u041a\u041e\u0424\u0422\u0410 ATHOS 2.0 FLEECE SWEATER (\u041a\u0410\u0419\u041e\u0422) PENTAGON\"}]},{\"@type\":\"WebSite\",\"@id\":\"https:\/\/milbaza.lv\/ru\/#website\",\"url\":\"https:\/\/milbaza.lv\/ru\/\",\"name\":\"MILBAZA \u2013 viss akt\u012bvai atp\u016btai\",\"description\":\"Viss akt\u012bvai atp\u016btai\",\"publisher\":{\"@id\":\"https:\/\/milbaza.lv\/ru\/#organization\"},\"potentialAction\":[{\"@type\":\"SearchAction\",\"target\":{\"@type\":\"EntryPoint\",\"urlTemplate\":\"https:\/\/milbaza.lv\/ru\/?s={search_term_string}\"},\"query-input\":{\"@type\":\"PropertyValueSpecification\",\"valueRequired\":true,\"valueName\":\"search_term_string\"}}],\"inLanguage\":\"ru-RU\"},{\"@type\":\"Organization\",\"@id\":\"https:\/\/milbaza.lv\/ru\/#organization\",\"name\":\"Milbaza\",\"url\":\"https:\/\/milbaza.lv\/ru\/\",\"logo\":{\"@type\":\"ImageObject\",\"inLanguage\":\"ru-RU\",\"@id\":\"https:\/\/milbaza.lv\/ru\/#\/schema\/logo\/image\/\",\"url\":\"https:\/\/milbaza.lv\/wp-content\/uploads\/2021\/11\/Mil_BAZA_logo3.png\",\"contentUrl\":\"https:\/\/milbaza.lv\/wp-content\/uploads\/2021\/11\/Mil_BAZA_logo3.png\",\"width\":564,\"height\":226,\"caption\":\"Milbaza\"},\"image\":{\"@id\":\"https:\/\/milbaza.lv\/ru\/#\/schema\/logo\/image\/\"},\"sameAs\":[\"https:\/\/www.facebook.com\/profile.php?id=100075399152223\",\"https:\/\/www.instagram.com\/milbaza.lv\/\",\"https:\/\/www.pinterest.com\/milbaza\/_saved\/\",\"https:\/\/www.youtube.com\/channel\/UCrPXltd8hsNIiGAKc37hGfQ\"]}]}<\/script>\n<!-- \/ Yoast SEO plugin. -->","yoast_head_json":{"title":"\u041a\u041e\u0424\u0422\u0410 ATHOS 2.0 FLEECE SWEATER (\u041a\u0410\u0419\u041e\u0422) PENTAGON - MILBAZA \u2013 viss akt\u012bvai atp\u016btai","description":"\u041a\u0443\u043f\u0438\u0442\u044c \u041a\u041e\u0424\u0422\u0410 ATHOS 2.0 FLEECE SWEATER (\u041a\u0410\u0419\u041e\u0422) PENTAGON \u043f\u043e \u0432\u044b\u0433\u043e\u0434\u043d\u043e\u0439 \u0446\u0435\u043d\u0435 \u0441 \u0434\u043e\u0441\u0442\u0430\u0432\u043a\u043e\u0439. \u0418\u043d\u0442\u0435\u0440\u043d\u0435\u0442-\u043c\u0430\u0433\u0430\u0437\u0438\u043d \u0442\u0443\u0440\u0438\u0441\u0442\u0438\u0447\u0435\u0441\u043a\u0438\u0445 \u0442\u043e\u0432\u0430\u0440\u043e\u0432, \u0437\u0430\u043a\u0430\u0437\u044b\u0432\u0430\u0439\u0442\u0435 \u043e\u043d\u043b\u0430\u0439\u043d 24\/7!","robots":{"index":"index","follow":"follow","max-snippet":"max-snippet:-1","max-image-preview":"max-image-preview:large","max-video-preview":"max-video-preview:-1"},"canonical":"https:\/\/milbaza.lv\/ru\/produkts\/%d0%ba%d0%be%d1%84%d1%82%d0%b0-3\/","og_locale":"ru_RU","og_type":"article","og_title":"\u041a\u041e\u0424\u0422\u0410 ATHOS 2.0 FLEECE SWEATER (\u041a\u0410\u0419\u041e\u0422) PENTAGON - MILBAZA \u2013 viss akt\u012bvai atp\u016btai","og_description":"\u041a\u0443\u043f\u0438\u0442\u044c \u041a\u041e\u0424\u0422\u0410 ATHOS 2.0 FLEECE SWEATER (\u041a\u0410\u0419\u041e\u0422) PENTAGON \u043f\u043e \u0432\u044b\u0433\u043e\u0434\u043d\u043e\u0439 \u0446\u0435\u043d\u0435 \u0441 \u0434\u043e\u0441\u0442\u0430\u0432\u043a\u043e\u0439. \u0418\u043d\u0442\u0435\u0440\u043d\u0435\u0442-\u043c\u0430\u0433\u0430\u0437\u0438\u043d \u0442\u0443\u0440\u0438\u0441\u0442\u0438\u0447\u0435\u0441\u043a\u0438\u0445 \u0442\u043e\u0432\u0430\u0440\u043e\u0432, \u0437\u0430\u043a\u0430\u0437\u044b\u0432\u0430\u0439\u0442\u0435 \u043e\u043d\u043b\u0430\u0439\u043d 24\/7!","og_url":"https:\/\/milbaza.lv\/ru\/produkts\/%d0%ba%d0%be%d1%84%d1%82%d0%b0-3\/","og_site_name":"MILBAZA \u2013 viss akt\u012bvai atp\u016btai","article_publisher":"https:\/\/www.facebook.com\/profile.php?id=100075399152223","og_image":[{"width":850,"height":850,"url":"https:\/\/milbaza.lv\/wp-content\/uploads\/2022\/07\/K08047-2.0-03-MJC-850x850-1.jpg","type":"image\/jpeg"}],"twitter_card":"summary_large_image","schema":{"@context":"https:\/\/schema.org","@graph":[{"@type":"WebPage","@id":"https:\/\/milbaza.lv\/ru\/produkts\/%d0%ba%d0%be%d1%84%d1%82%d0%b0-3\/","url":"https:\/\/milbaza.lv\/ru\/produkts\/%d0%ba%d0%be%d1%84%d1%82%d0%b0-3\/","name":"\u041a\u041e\u0424\u0422\u0410 ATHOS 2.0 FLEECE SWEATER (\u041a\u0410\u0419\u041e\u0422) PENTAGON - MILBAZA \u2013 viss akt\u012bvai atp\u016btai","isPartOf":{"@id":"https:\/\/milbaza.lv\/ru\/#website"},"primaryImageOfPage":{"@id":"https:\/\/milbaza.lv\/ru\/produkts\/%d0%ba%d0%be%d1%84%d1%82%d0%b0-3\/#primaryimage"},"image":{"@id":"https:\/\/milbaza.lv\/ru\/produkts\/%d0%ba%d0%be%d1%84%d1%82%d0%b0-3\/#primaryimage"},"thumbnailUrl":"https:\/\/milbaza.lv\/wp-content\/uploads\/2022\/07\/K08047-2.0-03-MJC-850x850-1.jpg","datePublished":"2022-07-19T12:12:35+00:00","description":"\u041a\u0443\u043f\u0438\u0442\u044c \u041a\u041e\u0424\u0422\u0410 ATHOS 2.0 FLEECE SWEATER (\u041a\u0410\u0419\u041e\u0422) PENTAGON \u043f\u043e \u0432\u044b\u0433\u043e\u0434\u043d\u043e\u0439 \u0446\u0435\u043d\u0435 \u0441 \u0434\u043e\u0441\u0442\u0430\u0432\u043a\u043e\u0439. \u0418\u043d\u0442\u0435\u0440\u043d\u0435\u0442-\u043c\u0430\u0433\u0430\u0437\u0438\u043d \u0442\u0443\u0440\u0438\u0441\u0442\u0438\u0447\u0435\u0441\u043a\u0438\u0445 \u0442\u043e\u0432\u0430\u0440\u043e\u0432, \u0437\u0430\u043a\u0430\u0437\u044b\u0432\u0430\u0439\u0442\u0435 \u043e\u043d\u043b\u0430\u0439\u043d 24\/7!","breadcrumb":{"@id":"https:\/\/milbaza.lv\/ru\/produkts\/%d0%ba%d0%be%d1%84%d1%82%d0%b0-3\/#breadcrumb"},"inLanguage":"ru-RU","potentialAction":[{"@type":"ReadAction","target":["https:\/\/milbaza.lv\/ru\/produkts\/%d0%ba%d0%be%d1%84%d1%82%d0%b0-3\/"]}]},{"@type":"ImageObject","inLanguage":"ru-RU","@id":"https:\/\/milbaza.lv\/ru\/produkts\/%d0%ba%d0%be%d1%84%d1%82%d0%b0-3\/#primaryimage","url":"https:\/\/milbaza.lv\/wp-content\/uploads\/2022\/07\/K08047-2.0-03-MJC-850x850-1.jpg","contentUrl":"https:\/\/milbaza.lv\/wp-content\/uploads\/2022\/07\/K08047-2.0-03-MJC-850x850-1.jpg","width":850,"height":850},{"@type":"BreadcrumbList","@id":"https:\/\/milbaza.lv\/ru\/produkts\/%d0%ba%d0%be%d1%84%d1%82%d0%b0-3\/#breadcrumb","itemListElement":[{"@type":"ListItem","position":1,"name":"Home","item":"https:\/\/milbaza.lv\/ru\/"},{"@type":"ListItem","position":2,"name":"\u041c\u0430\u0433\u0430\u0437\u0438\u043d","item":"https:\/\/milbaza.lv\/ru\/%d0%bc%d0%b0%d0%b3%d0%b0%d0%b7%d0%b8%d0%bd\/"},{"@type":"ListItem","position":3,"name":"\u041a\u041e\u0424\u0422\u0410 ATHOS 2.0 FLEECE SWEATER (\u041a\u0410\u0419\u041e\u0422) PENTAGON"}]},{"@type":"WebSite","@id":"https:\/\/milbaza.lv\/ru\/#website","url":"https:\/\/milbaza.lv\/ru\/","name":"MILBAZA \u2013 viss akt\u012bvai atp\u016btai","description":"Viss akt\u012bvai atp\u016btai","publisher":{"@id":"https:\/\/milbaza.lv\/ru\/#organization"},"potentialAction":[{"@type":"SearchAction","target":{"@type":"EntryPoint","urlTemplate":"https:\/\/milbaza.lv\/ru\/?s={search_term_string}"},"query-input":{"@type":"PropertyValueSpecification","valueRequired":true,"valueName":"search_term_string"}}],"inLanguage":"ru-RU"},{"@type":"Organization","@id":"https:\/\/milbaza.lv\/ru\/#organization","name":"Milbaza","url":"https:\/\/milbaza.lv\/ru\/","logo":{"@type":"ImageObject","inLanguage":"ru-RU","@id":"https:\/\/milbaza.lv\/ru\/#\/schema\/logo\/image\/","url":"https:\/\/milbaza.lv\/wp-content\/uploads\/2021\/11\/Mil_BAZA_logo3.png","contentUrl":"https:\/\/milbaza.lv\/wp-content\/uploads\/2021\/11\/Mil_BAZA_logo3.png","width":564,"height":226,"caption":"Milbaza"},"image":{"@id":"https:\/\/milbaza.lv\/ru\/#\/schema\/logo\/image\/"},"sameAs":["https:\/\/www.facebook.com\/profile.php?id=100075399152223","https:\/\/www.instagram.com\/milbaza.lv\/","https:\/\/www.pinterest.com\/milbaza\/_saved\/","https:\/\/www.youtube.com\/channel\/UCrPXltd8hsNIiGAKc37hGfQ"]}]}},"_links":{"self":[{"href":"https:\/\/milbaza.lv\/ru\/wp-json\/wp\/v2\/product\/18016","targetHints":{"allow":["GET"]}}],"collection":[{"href":"https:\/\/milbaza.lv\/ru\/wp-json\/wp\/v2\/product"}],"about":[{"href":"https:\/\/milbaza.lv\/ru\/wp-json\/wp\/v2\/types\/product"}],"replies":[{"embeddable":true,"href":"https:\/\/milbaza.lv\/ru\/wp-json\/wp\/v2\/comments?post=18016"}],"wp:featuredmedia":[{"embeddable":true,"href":"https:\/\/milbaza.lv\/ru\/wp-json\/wp\/v2\/media\/16591"}],"wp:attachment":[{"href":"https:\/\/milbaza.lv\/ru\/wp-json\/wp\/v2\/media?parent=18016"}],"wp:term":[{"taxonomy":"product_brand","embeddable":true,"href":"https:\/\/milbaza.lv\/ru\/wp-json\/wp\/v2\/product_brand?post=18016"},{"taxonomy":"product_cat","embeddable":true,"href":"https:\/\/milbaza.lv\/ru\/wp-json\/wp\/v2\/product_cat?post=18016"},{"taxonomy":"product_tag","embeddable":true,"href":"https:\/\/milbaza.lv\/ru\/wp-json\/wp\/v2\/product_tag?post=18016"}],"curies":[{"name":"wp","href":"https:\/\/api.w.org\/{rel}","templated":true}]}}