{"id":1803,"date":"2022-01-12T19:00:39","date_gmt":"2022-01-12T17:00:39","guid":{"rendered":"https:\/\/milbaza.lv\/?post_type=product&#038;p=1803"},"modified":"2026-05-06T11:53:56","modified_gmt":"2026-05-06T08:53:56","slug":"edc-sling-backpack-nylon-polyester-blend-melange-black-grey","status":"publish","type":"product","link":"https:\/\/milbaza.lv\/ru\/produkts\/edc-sling-backpack-nylon-polyester-blend-melange-black-grey\/","title":{"rendered":"Soma Helikon-Tex EDC Sling Backpack &#8211; Nylon Polyester Blend"},"content":{"rendered":"<p>EDC Sling Backpack ir patiesi kompakta, ta\u010du daudzpus\u012bga sling tipa soma. T\u0101 tika izstr\u0101d\u0101ta, lai nodro\u0161in\u0101tu p\u0113c iesp\u0113jas vair\u0101k personaliz\u0101cijas iesp\u0113ju. T\u0101p\u0113c galvenajam nodal\u012bjumam nav iek\u0161\u0113jo kabatu, un t\u0101 viet\u0101 tas ir p\u0101rkl\u0101ts ar m\u012bkstu vel\u016bru, kas ir sader\u012bgs ar Versatile Insert System\u00ae. Papildus somas priek\u0161pus\u0113 ir divas kabatas \u2013 viena ar r\u0101v\u0113jsl\u0113dz\u0113ju ar s\u0101nu piek\u013cuvi un viena atv\u0113rta, nostiprin\u0101ta ar spr\u0101dzi, da\u013c\u0113ji elast\u012bga, kur\u0101 ietilps neliela jaka vai krekls. \u013boti svar\u012bga somas da\u013ca ir sl\u0113ptais aizmugur\u0113jais nodal\u012bjums. Sl\u0113gts ar r\u0101v\u0113jsl\u0113dz\u0113ju ar \u0101tru piek\u013cuvi caur hipalona roktur\u012bti. Interjers ir izkl\u0101ts ar m\u012bkstu vel\u016bru, kas paredz\u0113ts galvenok\u0101rt pistoles tur\u0113t\u0101ja pievieno\u0161anai. Pateicoties tam, j\u016bs varat n\u0113s\u0101t savu pistoli patiesi nosl\u0113ptu, neierobe\u017eojot \u0101tru piek\u013cuvi tai. P\u0113d\u0113jais, bet ne maz\u0101k svar\u012bgais, iepakojums ir apr\u012bkots ar polster\u0113tu, profil\u0113tu plecu siksnu ar nelielu kabatu ar r\u0101v\u0113jsl\u0113dz\u0113ju..<\/p>\n<p>&nbsp;<\/p>\n<p>\u012apa\u0161\u012bbas:<\/p>\n<ul>\n<li>Kabata ar r\u0101v\u0113jsl\u0113dz\u0113ju uz plecu siksnas priek\u0161 maziem priek\u0161metiem<\/li>\n<li>Profil\u0113ta plecu siksna ar 3D sietu<\/li>\n<li>Sader\u012bgs ar Versatile Insert System\u00ae<\/li>\n<li>YKK\u00ae r\u0101v\u0113jsl\u0113dz\u0113ji<\/li>\n<li>Da\u013c\u0113ji elast\u012bga, piespr\u0101dz\u0113ta kabata priek\u0161pus\u0113<\/li>\n<li>Minim\u0101listisks rokturis<\/li>\n<li>Sl\u0113pts nodal\u012bjums ar \u0101tru piek\u013cuvi, paredz\u0113ts iero\u010du p\u0101rn\u0113s\u0101\u0161anai<\/li>\n<\/ul>\n<p><iframe loading=\"lazy\" title=\"Helikon-Tex - EDC Sling Backpack\u00ae\" width=\"1020\" height=\"574\" src=\"https:\/\/www.youtube.com\/embed\/SWGZMbFXG8w?feature=oembed\" frameborder=\"0\" allow=\"accelerometer; autoplay; clipboard-write; encrypted-media; gyroscope; picture-in-picture; web-share\" referrerpolicy=\"strict-origin-when-cross-origin\" allowfullscreen><\/iframe><\/p>\n","protected":false},"excerpt":{"rendered":"<p>EDC Sling Backpack ir patiesi kompakta, ta\u010du daudzpus\u012bga sling tipa soma. T\u0101 tika izstr\u0101d\u0101ta, lai nodro\u0161in\u0101tu p\u0113c iesp\u0113jas vair\u0101k personaliz\u0101cijas iesp\u0113ju. T\u0101p\u0113c galvenajam nodal\u012bjumam nav iek\u0161\u0113jo kabatu, un t\u0101 viet\u0101 tas ir p\u0101rkl\u0101ts ar m\u012bkstu vel\u016bru, kas ir sader\u012bgs ar Versatile Insert System\u00ae. Papildus somas priek\u0161pus\u0113 ir divas kabatas \u2013 viena ar r\u0101v\u0113jsl\u0113dz\u0113ju ar s\u0101nu [&#8230;]\n","protected":false},"featured_media":3207,"comment_status":"open","ping_status":"closed","template":"","meta":{"_acf_changed":false},"product_brand":[],"product_cat":[28,195],"product_tag":[],"class_list":{"0":"post-1803","1":"product","2":"type-product","3":"status-publish","4":"has-post-thumbnail","6":"product_cat-mugursomas-somas","7":"product_cat-somas","9":"first","10":"instock","11":"taxable","12":"shipping-taxable","13":"purchasable","14":"product-type-variable","15":"has-default-attributes"},"acf":[],"yoast_head":"<!-- This site is optimized with the Yoast SEO plugin v27.4 - https:\/\/yoast.com\/product\/yoast-seo-wordpress\/ -->\n<title>Soma Helikon-Tex EDC Sling Backpack - Nylon Polyester Blend - MILBAZA \u2013 viss akt\u012bvai atp\u016btai<\/title>\n<meta name=\"description\" content=\"Nopirkt Soma Helikon-Tex EDC Sling Backpack - Nylon Polyester Blend (melange black-grey), izdev\u012bga cena un pieg\u0101de. Turisma pre\u010du interneta veikals, pas\u016bt\u012bt online 24\/7!\" \/>\n<meta name=\"robots\" content=\"index, follow, max-snippet:-1, max-image-preview:large, max-video-preview:-1\" \/>\n<link rel=\"canonical\" href=\"https:\/\/milbaza.lv\/ru\/produkts\/edc-sling-backpack-nylon-polyester-blend-melange-black-grey\/\" \/>\n<meta property=\"og:locale\" content=\"ru_RU\" \/>\n<meta property=\"og:type\" content=\"article\" \/>\n<meta property=\"og:title\" content=\"Soma Helikon-Tex EDC Sling Backpack - Nylon Polyester Blend - MILBAZA \u2013 viss akt\u012bvai atp\u016btai\" \/>\n<meta property=\"og:description\" content=\"Nopirkt Soma Helikon-Tex EDC Sling Backpack - Nylon Polyester Blend (melange black-grey), izdev\u012bga cena un pieg\u0101de. Turisma pre\u010du interneta veikals, pas\u016bt\u012bt online 24\/7!\" \/>\n<meta property=\"og:url\" content=\"https:\/\/milbaza.lv\/ru\/produkts\/edc-sling-backpack-nylon-polyester-blend-melange-black-grey\/\" \/>\n<meta property=\"og:site_name\" content=\"MILBAZA \u2013 viss akt\u012bvai atp\u016btai\" \/>\n<meta property=\"article:publisher\" content=\"https:\/\/www.facebook.com\/profile.php?id=100075399152223\" \/>\n<meta property=\"article:modified_time\" content=\"2026-05-06T08:53:56+00:00\" \/>\n<meta property=\"og:image\" content=\"https:\/\/milbaza.lv\/wp-content\/uploads\/2022\/01\/PL-ESB-NP-M1.jpg\" \/>\n\t<meta property=\"og:image:width\" content=\"1500\" \/>\n\t<meta property=\"og:image:height\" content=\"1500\" \/>\n\t<meta property=\"og:image:type\" content=\"image\/jpeg\" \/>\n<meta name=\"twitter:card\" content=\"summary_large_image\" \/>\n<meta name=\"twitter:label1\" content=\"\u041f\u0440\u0438\u043c\u0435\u0440\u043d\u043e\u0435 \u0432\u0440\u0435\u043c\u044f \u0434\u043b\u044f \u0447\u0442\u0435\u043d\u0438\u044f\" \/>\n\t<meta name=\"twitter:data1\" content=\"1 \u043c\u0438\u043d\u0443\u0442\u0430\" \/>\n<script type=\"application\/ld+json\" class=\"yoast-schema-graph\">{\"@context\":\"https:\\\/\\\/schema.org\",\"@graph\":[{\"@type\":\"WebPage\",\"@id\":\"https:\\\/\\\/milbaza.lv\\\/ru\\\/produkts\\\/edc-sling-backpack-nylon-polyester-blend-melange-black-grey\\\/\",\"url\":\"https:\\\/\\\/milbaza.lv\\\/ru\\\/produkts\\\/edc-sling-backpack-nylon-polyester-blend-melange-black-grey\\\/\",\"name\":\"Soma Helikon-Tex EDC Sling Backpack - Nylon Polyester Blend - MILBAZA \u2013 viss akt\u012bvai atp\u016btai\",\"isPartOf\":{\"@id\":\"https:\\\/\\\/milbaza.lv\\\/ru\\\/#website\"},\"primaryImageOfPage\":{\"@id\":\"https:\\\/\\\/milbaza.lv\\\/ru\\\/produkts\\\/edc-sling-backpack-nylon-polyester-blend-melange-black-grey\\\/#primaryimage\"},\"image\":{\"@id\":\"https:\\\/\\\/milbaza.lv\\\/ru\\\/produkts\\\/edc-sling-backpack-nylon-polyester-blend-melange-black-grey\\\/#primaryimage\"},\"thumbnailUrl\":\"https:\\\/\\\/milbaza.lv\\\/wp-content\\\/uploads\\\/2022\\\/01\\\/PL-ESB-NP-M1.jpg\",\"datePublished\":\"2022-01-12T17:00:39+00:00\",\"dateModified\":\"2026-05-06T08:53:56+00:00\",\"description\":\"Nopirkt Soma Helikon-Tex EDC Sling Backpack - Nylon Polyester Blend (melange black-grey), izdev\u012bga cena un pieg\u0101de. Turisma pre\u010du interneta veikals, pas\u016bt\u012bt online 24\\\/7!\",\"breadcrumb\":{\"@id\":\"https:\\\/\\\/milbaza.lv\\\/ru\\\/produkts\\\/edc-sling-backpack-nylon-polyester-blend-melange-black-grey\\\/#breadcrumb\"},\"inLanguage\":\"ru-RU\",\"potentialAction\":[{\"@type\":\"ReadAction\",\"target\":[\"https:\\\/\\\/milbaza.lv\\\/ru\\\/produkts\\\/edc-sling-backpack-nylon-polyester-blend-melange-black-grey\\\/\"]}]},{\"@type\":\"ImageObject\",\"inLanguage\":\"ru-RU\",\"@id\":\"https:\\\/\\\/milbaza.lv\\\/ru\\\/produkts\\\/edc-sling-backpack-nylon-polyester-blend-melange-black-grey\\\/#primaryimage\",\"url\":\"https:\\\/\\\/milbaza.lv\\\/wp-content\\\/uploads\\\/2022\\\/01\\\/PL-ESB-NP-M1.jpg\",\"contentUrl\":\"https:\\\/\\\/milbaza.lv\\\/wp-content\\\/uploads\\\/2022\\\/01\\\/PL-ESB-NP-M1.jpg\",\"width\":1500,\"height\":1500},{\"@type\":\"BreadcrumbList\",\"@id\":\"https:\\\/\\\/milbaza.lv\\\/ru\\\/produkts\\\/edc-sling-backpack-nylon-polyester-blend-melange-black-grey\\\/#breadcrumb\",\"itemListElement\":[{\"@type\":\"ListItem\",\"position\":1,\"name\":\"Home\",\"item\":\"https:\\\/\\\/milbaza.lv\\\/ru\\\/\"},{\"@type\":\"ListItem\",\"position\":2,\"name\":\"\u041c\u0430\u0433\u0430\u0437\u0438\u043d\",\"item\":\"https:\\\/\\\/milbaza.lv\\\/ru\\\/%d0%bc%d0%b0%d0%b3%d0%b0%d0%b7%d0%b8%d0%bd\\\/\"},{\"@type\":\"ListItem\",\"position\":3,\"name\":\"Soma Helikon-Tex EDC Sling Backpack &#8211; Nylon Polyester Blend\"}]},{\"@type\":\"WebSite\",\"@id\":\"https:\\\/\\\/milbaza.lv\\\/ru\\\/#website\",\"url\":\"https:\\\/\\\/milbaza.lv\\\/ru\\\/\",\"name\":\"MILBAZA \u2013 viss akt\u012bvai atp\u016btai\",\"description\":\"Viss akt\u012bvai atp\u016btai\",\"publisher\":{\"@id\":\"https:\\\/\\\/milbaza.lv\\\/ru\\\/#organization\"},\"potentialAction\":[{\"@type\":\"SearchAction\",\"target\":{\"@type\":\"EntryPoint\",\"urlTemplate\":\"https:\\\/\\\/milbaza.lv\\\/ru\\\/?s={search_term_string}\"},\"query-input\":{\"@type\":\"PropertyValueSpecification\",\"valueRequired\":true,\"valueName\":\"search_term_string\"}}],\"inLanguage\":\"ru-RU\"},{\"@type\":\"Organization\",\"@id\":\"https:\\\/\\\/milbaza.lv\\\/ru\\\/#organization\",\"name\":\"Milbaza\",\"url\":\"https:\\\/\\\/milbaza.lv\\\/ru\\\/\",\"logo\":{\"@type\":\"ImageObject\",\"inLanguage\":\"ru-RU\",\"@id\":\"https:\\\/\\\/milbaza.lv\\\/ru\\\/#\\\/schema\\\/logo\\\/image\\\/\",\"url\":\"https:\\\/\\\/milbaza.lv\\\/wp-content\\\/uploads\\\/2021\\\/11\\\/Mil_BAZA_logo3.png\",\"contentUrl\":\"https:\\\/\\\/milbaza.lv\\\/wp-content\\\/uploads\\\/2021\\\/11\\\/Mil_BAZA_logo3.png\",\"width\":564,\"height\":226,\"caption\":\"Milbaza\"},\"image\":{\"@id\":\"https:\\\/\\\/milbaza.lv\\\/ru\\\/#\\\/schema\\\/logo\\\/image\\\/\"},\"sameAs\":[\"https:\\\/\\\/www.facebook.com\\\/profile.php?id=100075399152223\",\"https:\\\/\\\/www.instagram.com\\\/milbaza.lv\\\/\",\"https:\\\/\\\/www.pinterest.com\\\/milbaza\\\/_saved\\\/\",\"https:\\\/\\\/www.youtube.com\\\/channel\\\/UCrPXltd8hsNIiGAKc37hGfQ\"]}]}<\/script>\n<!-- \/ Yoast SEO plugin. -->","yoast_head_json":{"title":"Soma Helikon-Tex EDC Sling Backpack - Nylon Polyester Blend - MILBAZA \u2013 viss akt\u012bvai atp\u016btai","description":"Nopirkt Soma Helikon-Tex EDC Sling Backpack - Nylon Polyester Blend (melange black-grey), izdev\u012bga cena un pieg\u0101de. Turisma pre\u010du interneta veikals, pas\u016bt\u012bt online 24\/7!","robots":{"index":"index","follow":"follow","max-snippet":"max-snippet:-1","max-image-preview":"max-image-preview:large","max-video-preview":"max-video-preview:-1"},"canonical":"https:\/\/milbaza.lv\/ru\/produkts\/edc-sling-backpack-nylon-polyester-blend-melange-black-grey\/","og_locale":"ru_RU","og_type":"article","og_title":"Soma Helikon-Tex EDC Sling Backpack - Nylon Polyester Blend - MILBAZA \u2013 viss akt\u012bvai atp\u016btai","og_description":"Nopirkt Soma Helikon-Tex EDC Sling Backpack - Nylon Polyester Blend (melange black-grey), izdev\u012bga cena un pieg\u0101de. Turisma pre\u010du interneta veikals, pas\u016bt\u012bt online 24\/7!","og_url":"https:\/\/milbaza.lv\/ru\/produkts\/edc-sling-backpack-nylon-polyester-blend-melange-black-grey\/","og_site_name":"MILBAZA \u2013 viss akt\u012bvai atp\u016btai","article_publisher":"https:\/\/www.facebook.com\/profile.php?id=100075399152223","article_modified_time":"2026-05-06T08:53:56+00:00","og_image":[{"width":1500,"height":1500,"url":"https:\/\/milbaza.lv\/wp-content\/uploads\/2022\/01\/PL-ESB-NP-M1.jpg","type":"image\/jpeg"}],"twitter_card":"summary_large_image","twitter_misc":{"\u041f\u0440\u0438\u043c\u0435\u0440\u043d\u043e\u0435 \u0432\u0440\u0435\u043c\u044f \u0434\u043b\u044f \u0447\u0442\u0435\u043d\u0438\u044f":"1 \u043c\u0438\u043d\u0443\u0442\u0430"},"schema":{"@context":"https:\/\/schema.org","@graph":[{"@type":"WebPage","@id":"https:\/\/milbaza.lv\/ru\/produkts\/edc-sling-backpack-nylon-polyester-blend-melange-black-grey\/","url":"https:\/\/milbaza.lv\/ru\/produkts\/edc-sling-backpack-nylon-polyester-blend-melange-black-grey\/","name":"Soma Helikon-Tex EDC Sling Backpack - Nylon Polyester Blend - MILBAZA \u2013 viss akt\u012bvai atp\u016btai","isPartOf":{"@id":"https:\/\/milbaza.lv\/ru\/#website"},"primaryImageOfPage":{"@id":"https:\/\/milbaza.lv\/ru\/produkts\/edc-sling-backpack-nylon-polyester-blend-melange-black-grey\/#primaryimage"},"image":{"@id":"https:\/\/milbaza.lv\/ru\/produkts\/edc-sling-backpack-nylon-polyester-blend-melange-black-grey\/#primaryimage"},"thumbnailUrl":"https:\/\/milbaza.lv\/wp-content\/uploads\/2022\/01\/PL-ESB-NP-M1.jpg","datePublished":"2022-01-12T17:00:39+00:00","dateModified":"2026-05-06T08:53:56+00:00","description":"Nopirkt Soma Helikon-Tex EDC Sling Backpack - Nylon Polyester Blend (melange black-grey), izdev\u012bga cena un pieg\u0101de. Turisma pre\u010du interneta veikals, pas\u016bt\u012bt online 24\/7!","breadcrumb":{"@id":"https:\/\/milbaza.lv\/ru\/produkts\/edc-sling-backpack-nylon-polyester-blend-melange-black-grey\/#breadcrumb"},"inLanguage":"ru-RU","potentialAction":[{"@type":"ReadAction","target":["https:\/\/milbaza.lv\/ru\/produkts\/edc-sling-backpack-nylon-polyester-blend-melange-black-grey\/"]}]},{"@type":"ImageObject","inLanguage":"ru-RU","@id":"https:\/\/milbaza.lv\/ru\/produkts\/edc-sling-backpack-nylon-polyester-blend-melange-black-grey\/#primaryimage","url":"https:\/\/milbaza.lv\/wp-content\/uploads\/2022\/01\/PL-ESB-NP-M1.jpg","contentUrl":"https:\/\/milbaza.lv\/wp-content\/uploads\/2022\/01\/PL-ESB-NP-M1.jpg","width":1500,"height":1500},{"@type":"BreadcrumbList","@id":"https:\/\/milbaza.lv\/ru\/produkts\/edc-sling-backpack-nylon-polyester-blend-melange-black-grey\/#breadcrumb","itemListElement":[{"@type":"ListItem","position":1,"name":"Home","item":"https:\/\/milbaza.lv\/ru\/"},{"@type":"ListItem","position":2,"name":"\u041c\u0430\u0433\u0430\u0437\u0438\u043d","item":"https:\/\/milbaza.lv\/ru\/%d0%bc%d0%b0%d0%b3%d0%b0%d0%b7%d0%b8%d0%bd\/"},{"@type":"ListItem","position":3,"name":"Soma Helikon-Tex EDC Sling Backpack &#8211; Nylon Polyester Blend"}]},{"@type":"WebSite","@id":"https:\/\/milbaza.lv\/ru\/#website","url":"https:\/\/milbaza.lv\/ru\/","name":"MILBAZA \u2013 viss akt\u012bvai atp\u016btai","description":"Viss akt\u012bvai atp\u016btai","publisher":{"@id":"https:\/\/milbaza.lv\/ru\/#organization"},"potentialAction":[{"@type":"SearchAction","target":{"@type":"EntryPoint","urlTemplate":"https:\/\/milbaza.lv\/ru\/?s={search_term_string}"},"query-input":{"@type":"PropertyValueSpecification","valueRequired":true,"valueName":"search_term_string"}}],"inLanguage":"ru-RU"},{"@type":"Organization","@id":"https:\/\/milbaza.lv\/ru\/#organization","name":"Milbaza","url":"https:\/\/milbaza.lv\/ru\/","logo":{"@type":"ImageObject","inLanguage":"ru-RU","@id":"https:\/\/milbaza.lv\/ru\/#\/schema\/logo\/image\/","url":"https:\/\/milbaza.lv\/wp-content\/uploads\/2021\/11\/Mil_BAZA_logo3.png","contentUrl":"https:\/\/milbaza.lv\/wp-content\/uploads\/2021\/11\/Mil_BAZA_logo3.png","width":564,"height":226,"caption":"Milbaza"},"image":{"@id":"https:\/\/milbaza.lv\/ru\/#\/schema\/logo\/image\/"},"sameAs":["https:\/\/www.facebook.com\/profile.php?id=100075399152223","https:\/\/www.instagram.com\/milbaza.lv\/","https:\/\/www.pinterest.com\/milbaza\/_saved\/","https:\/\/www.youtube.com\/channel\/UCrPXltd8hsNIiGAKc37hGfQ"]}]}},"_links":{"self":[{"href":"https:\/\/milbaza.lv\/ru\/wp-json\/wp\/v2\/product\/1803","targetHints":{"allow":["GET"]}}],"collection":[{"href":"https:\/\/milbaza.lv\/ru\/wp-json\/wp\/v2\/product"}],"about":[{"href":"https:\/\/milbaza.lv\/ru\/wp-json\/wp\/v2\/types\/product"}],"replies":[{"embeddable":true,"href":"https:\/\/milbaza.lv\/ru\/wp-json\/wp\/v2\/comments?post=1803"}],"wp:featuredmedia":[{"embeddable":true,"href":"https:\/\/milbaza.lv\/ru\/wp-json\/wp\/v2\/media\/3207"}],"wp:attachment":[{"href":"https:\/\/milbaza.lv\/ru\/wp-json\/wp\/v2\/media?parent=1803"}],"wp:term":[{"taxonomy":"product_brand","embeddable":true,"href":"https:\/\/milbaza.lv\/ru\/wp-json\/wp\/v2\/product_brand?post=1803"},{"taxonomy":"product_cat","embeddable":true,"href":"https:\/\/milbaza.lv\/ru\/wp-json\/wp\/v2\/product_cat?post=1803"},{"taxonomy":"product_tag","embeddable":true,"href":"https:\/\/milbaza.lv\/ru\/wp-json\/wp\/v2\/product_tag?post=1803"}],"curies":[{"name":"wp","href":"https:\/\/api.w.org\/{rel}","templated":true}]}}