{"id":18215,"date":"2022-04-22T16:22:00","date_gmt":"2022-04-22T13:22:00","guid":{"rendered":"https:\/\/milbaza.lv\/produkts\/led-%d1%84%d0%be%d0%bd%d0%b0%d1%80%d0%b8%d0%ba\/"},"modified":"2022-04-22T16:22:00","modified_gmt":"2022-04-22T13:22:00","slug":"led-%d1%84%d0%be%d0%bd%d0%b0%d1%80%d0%b8%d0%ba","status":"publish","type":"product","link":"https:\/\/milbaza.lv\/ru\/produkts\/led-%d1%84%d0%be%d0%bd%d0%b0%d1%80%d0%b8%d0%ba\/","title":{"rendered":"LED \u0424\u041e\u041d\u0410\u0420\u0418\u041a 5W, 500LM, USB"},"content":{"rendered":"<p>\u041f\u0435\u0440\u0435\u0437\u0430\u0440\u044f\u0436\u0430\u0435\u043c\u044b\u0439 \u0441\u0432\u0435\u0442\u043e\u0434\u0438\u043e\u0434\u043d\u044b\u0439 \u0444\u043e\u043d\u0430\u0440\u0438\u043a \u0441 USB-\u0440\u0430\u0437\u044a\u0435\u043c\u043e\u043c<br \/>\n\u0421\u0432\u0435\u0442\u043e\u0434\u0438\u043e\u0434: 5 \u0412\u0442 XTE LED<br \/>\n\u0418\u043d\u0442\u0435\u043d\u0441\u0438\u0432\u043d\u043e\u0441\u0442\u044c \u0441\u0432\u0435\u0442\u0430: 500 \u043b\u043c<br \/>\n3 \u0440\u0435\u0436\u0438\u043c\u0430 \u043e\u0441\u0432\u0435\u0449\u0435\u043d\u0438\u044f: 100%, 50%, 30%<br \/>\n\u043c\u0438\u043d\/\u043c\u0430\u043a\u0441 \u0441\u0440\u043e\u043a \u0441\u043b\u0443\u0436\u0431\u044b \u0431\u0430\u0442\u0430\u0440\u0435\u0438: 3 \u0447\u0430\u0441\u0430\/7 \u0447\u0430\u0441\u043e\u0432<br \/>\n\u0412\u0440\u0435\u043c\u044f \u0437\u0430\u0440\u044f\u0434\u043a\u0438: 2 \u0447\u0430\u0441\u0430<br \/>\n\u0410\u043a\u043a\u0443\u043c\u0443\u043b\u044f\u0442\u043e\u0440: 3,7 \u0412 650 \u043c\u0410\u0447 \u043b\u0438\u0442\u0438\u0439-\u0438\u043e\u043d\u043d\u044b\u0439<br \/>\n\u0438\u0441\u0442\u043e\u0447\u043d\u0438\u043a \u043f\u0438\u0442\u0430\u043d\u0438\u044f: \u0440\u0430\u0437\u044a\u0435\u043c USB<br \/>\n\u0420\u0430\u0437\u043c\u0435\u0440\u044b: 106 \u0445 23 \u043c\u043c<br \/>\n\u0427\u0435\u0440\u043d\u044b\u0439 \u0446\u0432\u0435\u0442<\/p>\n","protected":false},"excerpt":{"rendered":"<p>\u041f\u0435\u0440\u0435\u0437\u0430\u0440\u044f\u0436\u0430\u0435\u043c\u044b\u0439 \u0441\u0432\u0435\u0442\u043e\u0434\u0438\u043e\u0434\u043d\u044b\u0439 \u0444\u043e\u043d\u0430\u0440\u0438\u043a \u0441 USB-\u0440\u0430\u0437\u044a\u0435\u043c\u043e\u043c \u0421\u0432\u0435\u0442\u043e\u0434\u0438\u043e\u0434: 5 \u0412\u0442 XTE LED \u0418\u043d\u0442\u0435\u043d\u0441\u0438\u0432\u043d\u043e\u0441\u0442\u044c \u0441\u0432\u0435\u0442\u0430: 500 \u043b\u043c 3 \u0440\u0435\u0436\u0438\u043c\u0430 \u043e\u0441\u0432\u0435\u0449\u0435\u043d\u0438\u044f: 100%, 50%, 30% \u043c\u0438\u043d\/\u043c\u0430\u043a\u0441 \u0441\u0440\u043e\u043a \u0441\u043b\u0443\u0436\u0431\u044b \u0431\u0430\u0442\u0430\u0440\u0435\u0438: 3 \u0447\u0430\u0441\u0430\/7 \u0447\u0430\u0441\u043e\u0432 \u0412\u0440\u0435\u043c\u044f \u0437\u0430\u0440\u044f\u0434\u043a\u0438: 2 \u0447\u0430\u0441\u0430 \u0410\u043a\u043a\u0443\u043c\u0443\u043b\u044f\u0442\u043e\u0440: 3,7 \u0412 650 \u043c\u0410\u0447 \u043b\u0438\u0442\u0438\u0439-\u0438\u043e\u043d\u043d\u044b\u0439 \u0438\u0441\u0442\u043e\u0447\u043d\u0438\u043a \u043f\u0438\u0442\u0430\u043d\u0438\u044f: \u0440\u0430\u0437\u044a\u0435\u043c USB \u0420\u0430\u0437\u043c\u0435\u0440\u044b: 106 \u0445 23 \u043c\u043c \u0427\u0435\u0440\u043d\u044b\u0439 \u0446\u0432\u0435\u0442<\/p>\n","protected":false},"featured_media":9020,"comment_status":"open","ping_status":"closed","template":"","meta":{"_acf_changed":false},"product_brand":[],"product_cat":[351,893],"product_tag":[],"class_list":{"0":"post-18215","1":"product","2":"type-product","3":"status-publish","4":"has-post-thumbnail","6":"product_cat-351","7":"product_cat-893","9":"first","10":"outofstock","11":"taxable","12":"shipping-taxable","13":"purchasable","14":"product-type-simple"},"acf":[],"yoast_head":"<!-- This site is optimized with the Yoast SEO plugin v26.7 - https:\/\/yoast.com\/wordpress\/plugins\/seo\/ -->\n<title>LED \u0424\u041e\u041d\u0410\u0420\u0418\u041a 5W, 500LM, USB - MILBAZA \u2013 viss akt\u012bvai atp\u016btai<\/title>\n<meta name=\"description\" content=\"\u041a\u0443\u043f\u0438\u0442\u044c LED \u0424\u041e\u041d\u0410\u0420\u0418\u041a 5W, 500LM, USB \u043f\u043e \u0432\u044b\u0433\u043e\u0434\u043d\u043e\u0439 \u0446\u0435\u043d\u0435 \u0441 \u0434\u043e\u0441\u0442\u0430\u0432\u043a\u043e\u0439. \u0418\u043d\u0442\u0435\u0440\u043d\u0435\u0442-\u043c\u0430\u0433\u0430\u0437\u0438\u043d \u0442\u0443\u0440\u0438\u0441\u0442\u0438\u0447\u0435\u0441\u043a\u0438\u0445 \u0442\u043e\u0432\u0430\u0440\u043e\u0432, \u0437\u0430\u043a\u0430\u0437\u044b\u0432\u0430\u0439\u0442\u0435 \u043e\u043d\u043b\u0430\u0439\u043d 24\/7!\" \/>\n<meta name=\"robots\" content=\"index, follow, max-snippet:-1, max-image-preview:large, max-video-preview:-1\" \/>\n<link rel=\"canonical\" href=\"https:\/\/milbaza.lv\/ru\/produkts\/led-%d1%84%d0%be%d0%bd%d0%b0%d1%80%d0%b8%d0%ba\/\" \/>\n<meta property=\"og:locale\" content=\"ru_RU\" \/>\n<meta property=\"og:type\" content=\"article\" \/>\n<meta property=\"og:title\" content=\"LED \u0424\u041e\u041d\u0410\u0420\u0418\u041a 5W, 500LM, USB - MILBAZA \u2013 viss akt\u012bvai atp\u016btai\" \/>\n<meta property=\"og:description\" content=\"\u041a\u0443\u043f\u0438\u0442\u044c LED \u0424\u041e\u041d\u0410\u0420\u0418\u041a 5W, 500LM, USB \u043f\u043e \u0432\u044b\u0433\u043e\u0434\u043d\u043e\u0439 \u0446\u0435\u043d\u0435 \u0441 \u0434\u043e\u0441\u0442\u0430\u0432\u043a\u043e\u0439. \u0418\u043d\u0442\u0435\u0440\u043d\u0435\u0442-\u043c\u0430\u0433\u0430\u0437\u0438\u043d \u0442\u0443\u0440\u0438\u0441\u0442\u0438\u0447\u0435\u0441\u043a\u0438\u0445 \u0442\u043e\u0432\u0430\u0440\u043e\u0432, \u0437\u0430\u043a\u0430\u0437\u044b\u0432\u0430\u0439\u0442\u0435 \u043e\u043d\u043b\u0430\u0439\u043d 24\/7!\" \/>\n<meta property=\"og:url\" content=\"https:\/\/milbaza.lv\/ru\/produkts\/led-%d1%84%d0%be%d0%bd%d0%b0%d1%80%d0%b8%d0%ba\/\" \/>\n<meta property=\"og:site_name\" content=\"MILBAZA \u2013 viss akt\u012bvai atp\u016btai\" \/>\n<meta property=\"article:publisher\" content=\"https:\/\/www.facebook.com\/profile.php?id=100075399152223\" \/>\n<meta property=\"og:image\" content=\"https:\/\/milbaza.lv\/wp-content\/uploads\/2022\/04\/e3f3df70-4b76-11ec-8faf-00155dd95b07_1103d497-4b77-11ec-8faf-00155dd95b07-1.png\" \/>\n\t<meta property=\"og:image:width\" content=\"2000\" \/>\n\t<meta property=\"og:image:height\" content=\"2000\" \/>\n\t<meta property=\"og:image:type\" content=\"image\/png\" \/>\n<meta name=\"twitter:card\" content=\"summary_large_image\" \/>\n<script type=\"application\/ld+json\" class=\"yoast-schema-graph\">{\"@context\":\"https:\/\/schema.org\",\"@graph\":[{\"@type\":\"WebPage\",\"@id\":\"https:\/\/milbaza.lv\/ru\/produkts\/led-%d1%84%d0%be%d0%bd%d0%b0%d1%80%d0%b8%d0%ba\/\",\"url\":\"https:\/\/milbaza.lv\/ru\/produkts\/led-%d1%84%d0%be%d0%bd%d0%b0%d1%80%d0%b8%d0%ba\/\",\"name\":\"LED \u0424\u041e\u041d\u0410\u0420\u0418\u041a 5W, 500LM, USB - MILBAZA \u2013 viss akt\u012bvai atp\u016btai\",\"isPartOf\":{\"@id\":\"https:\/\/milbaza.lv\/ru\/#website\"},\"primaryImageOfPage\":{\"@id\":\"https:\/\/milbaza.lv\/ru\/produkts\/led-%d1%84%d0%be%d0%bd%d0%b0%d1%80%d0%b8%d0%ba\/#primaryimage\"},\"image\":{\"@id\":\"https:\/\/milbaza.lv\/ru\/produkts\/led-%d1%84%d0%be%d0%bd%d0%b0%d1%80%d0%b8%d0%ba\/#primaryimage\"},\"thumbnailUrl\":\"https:\/\/milbaza.lv\/wp-content\/uploads\/2022\/04\/e3f3df70-4b76-11ec-8faf-00155dd95b07_1103d497-4b77-11ec-8faf-00155dd95b07-1.png\",\"datePublished\":\"2022-04-22T13:22:00+00:00\",\"description\":\"\u041a\u0443\u043f\u0438\u0442\u044c LED \u0424\u041e\u041d\u0410\u0420\u0418\u041a 5W, 500LM, USB \u043f\u043e \u0432\u044b\u0433\u043e\u0434\u043d\u043e\u0439 \u0446\u0435\u043d\u0435 \u0441 \u0434\u043e\u0441\u0442\u0430\u0432\u043a\u043e\u0439. \u0418\u043d\u0442\u0435\u0440\u043d\u0435\u0442-\u043c\u0430\u0433\u0430\u0437\u0438\u043d \u0442\u0443\u0440\u0438\u0441\u0442\u0438\u0447\u0435\u0441\u043a\u0438\u0445 \u0442\u043e\u0432\u0430\u0440\u043e\u0432, \u0437\u0430\u043a\u0430\u0437\u044b\u0432\u0430\u0439\u0442\u0435 \u043e\u043d\u043b\u0430\u0439\u043d 24\/7!\",\"breadcrumb\":{\"@id\":\"https:\/\/milbaza.lv\/ru\/produkts\/led-%d1%84%d0%be%d0%bd%d0%b0%d1%80%d0%b8%d0%ba\/#breadcrumb\"},\"inLanguage\":\"ru-RU\",\"potentialAction\":[{\"@type\":\"ReadAction\",\"target\":[\"https:\/\/milbaza.lv\/ru\/produkts\/led-%d1%84%d0%be%d0%bd%d0%b0%d1%80%d0%b8%d0%ba\/\"]}]},{\"@type\":\"ImageObject\",\"inLanguage\":\"ru-RU\",\"@id\":\"https:\/\/milbaza.lv\/ru\/produkts\/led-%d1%84%d0%be%d0%bd%d0%b0%d1%80%d0%b8%d0%ba\/#primaryimage\",\"url\":\"https:\/\/milbaza.lv\/wp-content\/uploads\/2022\/04\/e3f3df70-4b76-11ec-8faf-00155dd95b07_1103d497-4b77-11ec-8faf-00155dd95b07-1.png\",\"contentUrl\":\"https:\/\/milbaza.lv\/wp-content\/uploads\/2022\/04\/e3f3df70-4b76-11ec-8faf-00155dd95b07_1103d497-4b77-11ec-8faf-00155dd95b07-1.png\",\"width\":2000,\"height\":2000},{\"@type\":\"BreadcrumbList\",\"@id\":\"https:\/\/milbaza.lv\/ru\/produkts\/led-%d1%84%d0%be%d0%bd%d0%b0%d1%80%d0%b8%d0%ba\/#breadcrumb\",\"itemListElement\":[{\"@type\":\"ListItem\",\"position\":1,\"name\":\"Home\",\"item\":\"https:\/\/milbaza.lv\/ru\/\"},{\"@type\":\"ListItem\",\"position\":2,\"name\":\"\u041c\u0430\u0433\u0430\u0437\u0438\u043d\",\"item\":\"https:\/\/milbaza.lv\/ru\/%d0%bc%d0%b0%d0%b3%d0%b0%d0%b7%d0%b8%d0%bd\/\"},{\"@type\":\"ListItem\",\"position\":3,\"name\":\"LED \u0424\u041e\u041d\u0410\u0420\u0418\u041a 5W, 500LM, USB\"}]},{\"@type\":\"WebSite\",\"@id\":\"https:\/\/milbaza.lv\/ru\/#website\",\"url\":\"https:\/\/milbaza.lv\/ru\/\",\"name\":\"MILBAZA \u2013 viss akt\u012bvai atp\u016btai\",\"description\":\"Viss akt\u012bvai atp\u016btai\",\"publisher\":{\"@id\":\"https:\/\/milbaza.lv\/ru\/#organization\"},\"potentialAction\":[{\"@type\":\"SearchAction\",\"target\":{\"@type\":\"EntryPoint\",\"urlTemplate\":\"https:\/\/milbaza.lv\/ru\/?s={search_term_string}\"},\"query-input\":{\"@type\":\"PropertyValueSpecification\",\"valueRequired\":true,\"valueName\":\"search_term_string\"}}],\"inLanguage\":\"ru-RU\"},{\"@type\":\"Organization\",\"@id\":\"https:\/\/milbaza.lv\/ru\/#organization\",\"name\":\"Milbaza\",\"url\":\"https:\/\/milbaza.lv\/ru\/\",\"logo\":{\"@type\":\"ImageObject\",\"inLanguage\":\"ru-RU\",\"@id\":\"https:\/\/milbaza.lv\/ru\/#\/schema\/logo\/image\/\",\"url\":\"https:\/\/milbaza.lv\/wp-content\/uploads\/2021\/11\/Mil_BAZA_logo3.png\",\"contentUrl\":\"https:\/\/milbaza.lv\/wp-content\/uploads\/2021\/11\/Mil_BAZA_logo3.png\",\"width\":564,\"height\":226,\"caption\":\"Milbaza\"},\"image\":{\"@id\":\"https:\/\/milbaza.lv\/ru\/#\/schema\/logo\/image\/\"},\"sameAs\":[\"https:\/\/www.facebook.com\/profile.php?id=100075399152223\",\"https:\/\/www.instagram.com\/milbaza.lv\/\",\"https:\/\/www.pinterest.com\/milbaza\/_saved\/\",\"https:\/\/www.youtube.com\/channel\/UCrPXltd8hsNIiGAKc37hGfQ\"]}]}<\/script>\n<!-- \/ Yoast SEO plugin. -->","yoast_head_json":{"title":"LED \u0424\u041e\u041d\u0410\u0420\u0418\u041a 5W, 500LM, USB - MILBAZA \u2013 viss akt\u012bvai atp\u016btai","description":"\u041a\u0443\u043f\u0438\u0442\u044c LED \u0424\u041e\u041d\u0410\u0420\u0418\u041a 5W, 500LM, USB \u043f\u043e \u0432\u044b\u0433\u043e\u0434\u043d\u043e\u0439 \u0446\u0435\u043d\u0435 \u0441 \u0434\u043e\u0441\u0442\u0430\u0432\u043a\u043e\u0439. \u0418\u043d\u0442\u0435\u0440\u043d\u0435\u0442-\u043c\u0430\u0433\u0430\u0437\u0438\u043d \u0442\u0443\u0440\u0438\u0441\u0442\u0438\u0447\u0435\u0441\u043a\u0438\u0445 \u0442\u043e\u0432\u0430\u0440\u043e\u0432, \u0437\u0430\u043a\u0430\u0437\u044b\u0432\u0430\u0439\u0442\u0435 \u043e\u043d\u043b\u0430\u0439\u043d 24\/7!","robots":{"index":"index","follow":"follow","max-snippet":"max-snippet:-1","max-image-preview":"max-image-preview:large","max-video-preview":"max-video-preview:-1"},"canonical":"https:\/\/milbaza.lv\/ru\/produkts\/led-%d1%84%d0%be%d0%bd%d0%b0%d1%80%d0%b8%d0%ba\/","og_locale":"ru_RU","og_type":"article","og_title":"LED \u0424\u041e\u041d\u0410\u0420\u0418\u041a 5W, 500LM, USB - MILBAZA \u2013 viss akt\u012bvai atp\u016btai","og_description":"\u041a\u0443\u043f\u0438\u0442\u044c LED \u0424\u041e\u041d\u0410\u0420\u0418\u041a 5W, 500LM, USB \u043f\u043e \u0432\u044b\u0433\u043e\u0434\u043d\u043e\u0439 \u0446\u0435\u043d\u0435 \u0441 \u0434\u043e\u0441\u0442\u0430\u0432\u043a\u043e\u0439. \u0418\u043d\u0442\u0435\u0440\u043d\u0435\u0442-\u043c\u0430\u0433\u0430\u0437\u0438\u043d \u0442\u0443\u0440\u0438\u0441\u0442\u0438\u0447\u0435\u0441\u043a\u0438\u0445 \u0442\u043e\u0432\u0430\u0440\u043e\u0432, \u0437\u0430\u043a\u0430\u0437\u044b\u0432\u0430\u0439\u0442\u0435 \u043e\u043d\u043b\u0430\u0439\u043d 24\/7!","og_url":"https:\/\/milbaza.lv\/ru\/produkts\/led-%d1%84%d0%be%d0%bd%d0%b0%d1%80%d0%b8%d0%ba\/","og_site_name":"MILBAZA \u2013 viss akt\u012bvai atp\u016btai","article_publisher":"https:\/\/www.facebook.com\/profile.php?id=100075399152223","og_image":[{"width":2000,"height":2000,"url":"https:\/\/milbaza.lv\/wp-content\/uploads\/2022\/04\/e3f3df70-4b76-11ec-8faf-00155dd95b07_1103d497-4b77-11ec-8faf-00155dd95b07-1.png","type":"image\/png"}],"twitter_card":"summary_large_image","schema":{"@context":"https:\/\/schema.org","@graph":[{"@type":"WebPage","@id":"https:\/\/milbaza.lv\/ru\/produkts\/led-%d1%84%d0%be%d0%bd%d0%b0%d1%80%d0%b8%d0%ba\/","url":"https:\/\/milbaza.lv\/ru\/produkts\/led-%d1%84%d0%be%d0%bd%d0%b0%d1%80%d0%b8%d0%ba\/","name":"LED \u0424\u041e\u041d\u0410\u0420\u0418\u041a 5W, 500LM, USB - MILBAZA \u2013 viss akt\u012bvai atp\u016btai","isPartOf":{"@id":"https:\/\/milbaza.lv\/ru\/#website"},"primaryImageOfPage":{"@id":"https:\/\/milbaza.lv\/ru\/produkts\/led-%d1%84%d0%be%d0%bd%d0%b0%d1%80%d0%b8%d0%ba\/#primaryimage"},"image":{"@id":"https:\/\/milbaza.lv\/ru\/produkts\/led-%d1%84%d0%be%d0%bd%d0%b0%d1%80%d0%b8%d0%ba\/#primaryimage"},"thumbnailUrl":"https:\/\/milbaza.lv\/wp-content\/uploads\/2022\/04\/e3f3df70-4b76-11ec-8faf-00155dd95b07_1103d497-4b77-11ec-8faf-00155dd95b07-1.png","datePublished":"2022-04-22T13:22:00+00:00","description":"\u041a\u0443\u043f\u0438\u0442\u044c LED \u0424\u041e\u041d\u0410\u0420\u0418\u041a 5W, 500LM, USB \u043f\u043e \u0432\u044b\u0433\u043e\u0434\u043d\u043e\u0439 \u0446\u0435\u043d\u0435 \u0441 \u0434\u043e\u0441\u0442\u0430\u0432\u043a\u043e\u0439. \u0418\u043d\u0442\u0435\u0440\u043d\u0435\u0442-\u043c\u0430\u0433\u0430\u0437\u0438\u043d \u0442\u0443\u0440\u0438\u0441\u0442\u0438\u0447\u0435\u0441\u043a\u0438\u0445 \u0442\u043e\u0432\u0430\u0440\u043e\u0432, \u0437\u0430\u043a\u0430\u0437\u044b\u0432\u0430\u0439\u0442\u0435 \u043e\u043d\u043b\u0430\u0439\u043d 24\/7!","breadcrumb":{"@id":"https:\/\/milbaza.lv\/ru\/produkts\/led-%d1%84%d0%be%d0%bd%d0%b0%d1%80%d0%b8%d0%ba\/#breadcrumb"},"inLanguage":"ru-RU","potentialAction":[{"@type":"ReadAction","target":["https:\/\/milbaza.lv\/ru\/produkts\/led-%d1%84%d0%be%d0%bd%d0%b0%d1%80%d0%b8%d0%ba\/"]}]},{"@type":"ImageObject","inLanguage":"ru-RU","@id":"https:\/\/milbaza.lv\/ru\/produkts\/led-%d1%84%d0%be%d0%bd%d0%b0%d1%80%d0%b8%d0%ba\/#primaryimage","url":"https:\/\/milbaza.lv\/wp-content\/uploads\/2022\/04\/e3f3df70-4b76-11ec-8faf-00155dd95b07_1103d497-4b77-11ec-8faf-00155dd95b07-1.png","contentUrl":"https:\/\/milbaza.lv\/wp-content\/uploads\/2022\/04\/e3f3df70-4b76-11ec-8faf-00155dd95b07_1103d497-4b77-11ec-8faf-00155dd95b07-1.png","width":2000,"height":2000},{"@type":"BreadcrumbList","@id":"https:\/\/milbaza.lv\/ru\/produkts\/led-%d1%84%d0%be%d0%bd%d0%b0%d1%80%d0%b8%d0%ba\/#breadcrumb","itemListElement":[{"@type":"ListItem","position":1,"name":"Home","item":"https:\/\/milbaza.lv\/ru\/"},{"@type":"ListItem","position":2,"name":"\u041c\u0430\u0433\u0430\u0437\u0438\u043d","item":"https:\/\/milbaza.lv\/ru\/%d0%bc%d0%b0%d0%b3%d0%b0%d0%b7%d0%b8%d0%bd\/"},{"@type":"ListItem","position":3,"name":"LED \u0424\u041e\u041d\u0410\u0420\u0418\u041a 5W, 500LM, USB"}]},{"@type":"WebSite","@id":"https:\/\/milbaza.lv\/ru\/#website","url":"https:\/\/milbaza.lv\/ru\/","name":"MILBAZA \u2013 viss akt\u012bvai atp\u016btai","description":"Viss akt\u012bvai atp\u016btai","publisher":{"@id":"https:\/\/milbaza.lv\/ru\/#organization"},"potentialAction":[{"@type":"SearchAction","target":{"@type":"EntryPoint","urlTemplate":"https:\/\/milbaza.lv\/ru\/?s={search_term_string}"},"query-input":{"@type":"PropertyValueSpecification","valueRequired":true,"valueName":"search_term_string"}}],"inLanguage":"ru-RU"},{"@type":"Organization","@id":"https:\/\/milbaza.lv\/ru\/#organization","name":"Milbaza","url":"https:\/\/milbaza.lv\/ru\/","logo":{"@type":"ImageObject","inLanguage":"ru-RU","@id":"https:\/\/milbaza.lv\/ru\/#\/schema\/logo\/image\/","url":"https:\/\/milbaza.lv\/wp-content\/uploads\/2021\/11\/Mil_BAZA_logo3.png","contentUrl":"https:\/\/milbaza.lv\/wp-content\/uploads\/2021\/11\/Mil_BAZA_logo3.png","width":564,"height":226,"caption":"Milbaza"},"image":{"@id":"https:\/\/milbaza.lv\/ru\/#\/schema\/logo\/image\/"},"sameAs":["https:\/\/www.facebook.com\/profile.php?id=100075399152223","https:\/\/www.instagram.com\/milbaza.lv\/","https:\/\/www.pinterest.com\/milbaza\/_saved\/","https:\/\/www.youtube.com\/channel\/UCrPXltd8hsNIiGAKc37hGfQ"]}]}},"_links":{"self":[{"href":"https:\/\/milbaza.lv\/ru\/wp-json\/wp\/v2\/product\/18215","targetHints":{"allow":["GET"]}}],"collection":[{"href":"https:\/\/milbaza.lv\/ru\/wp-json\/wp\/v2\/product"}],"about":[{"href":"https:\/\/milbaza.lv\/ru\/wp-json\/wp\/v2\/types\/product"}],"replies":[{"embeddable":true,"href":"https:\/\/milbaza.lv\/ru\/wp-json\/wp\/v2\/comments?post=18215"}],"wp:featuredmedia":[{"embeddable":true,"href":"https:\/\/milbaza.lv\/ru\/wp-json\/wp\/v2\/media\/9020"}],"wp:attachment":[{"href":"https:\/\/milbaza.lv\/ru\/wp-json\/wp\/v2\/media?parent=18215"}],"wp:term":[{"taxonomy":"product_brand","embeddable":true,"href":"https:\/\/milbaza.lv\/ru\/wp-json\/wp\/v2\/product_brand?post=18215"},{"taxonomy":"product_cat","embeddable":true,"href":"https:\/\/milbaza.lv\/ru\/wp-json\/wp\/v2\/product_cat?post=18215"},{"taxonomy":"product_tag","embeddable":true,"href":"https:\/\/milbaza.lv\/ru\/wp-json\/wp\/v2\/product_tag?post=18215"}],"curies":[{"name":"wp","href":"https:\/\/api.w.org\/{rel}","templated":true}]}}