{"id":1838,"date":"2022-01-13T12:21:45","date_gmt":"2022-01-13T10:21:45","guid":{"rendered":"https:\/\/milbaza.lv\/?post_type=product&#038;p=1838"},"modified":"2026-05-06T11:09:00","modified_gmt":"2026-05-06T08:09:00","slug":"mugursoma-helikon-tex-edc-backpack-nylon-polyester-blend-melange-black-grey","status":"publish","type":"product","link":"https:\/\/milbaza.lv\/ru\/produkts\/mugursoma-helikon-tex-edc-backpack-nylon-polyester-blend-melange-black-grey\/","title":{"rendered":"Mugursoma Helikon-Tex EDC Backpack\u00ae &#8211; Nylon Polyester Blend"},"content":{"rendered":"<p>Every-Day Carry ir nosaukums svar\u012bg\u0101kaj\u0101m liet\u0101m, kas ir ar mums katru dienu. Ide\u0101l\u0101 gad\u012bjum\u0101 tiem vajadz\u0113tu b\u016bt p\u0113c iesp\u0113jas vienk\u0101r\u0161\u0101kiem, daudzpus\u012bgiem un labi p\u0101rdom\u0101tiem. Un tie\u0161i t\u0101da ir EDC mugursoma, kas ir izstr\u0101d\u0101ta, \u0146emot v\u0113r\u0101 ikdienas pras\u012bbas. Mugursomai ir ietilp\u012bga, divu kameru konstrukcija. Galvenajam nodal\u012bjumam nav papildus kabatas vai organaizeri, bet var ievietot hidr\u0101cijas sist\u0113mu . Priek\u0161\u0113jais nodal\u012bjums ir izkl\u0101ts ar m\u012bkstu VELCRO audumu, kas ir savietojams ar Versatile Insert System\u00ae, kas \u013cauj personaliz\u0113t somu p\u0113c vajadz\u012bbas. Somas priek\u0161puse un s\u0101ni ir p\u0101rkl\u0101ti ar MOLLE\/PALS sader\u012bgu siksnu. Turkl\u0101t somas priek\u0161pus\u0113 ir liels VELCRO panelis da\u017e\u0101d\u0101m uz\u0161\u016bv\u0113m.<\/p>\n<p>&nbsp;<\/p>\n<p>\u012apa\u0161\u012bbas:<\/p>\n<ul>\n<li>\u0112rts p\u0101rn\u0113s\u0101\u0161anas rokturis<\/li>\n<li>WooJin\u00ae aizdare<\/li>\n<li>YKK\u00ae r\u0101v\u0113jsl\u0113dz\u0113ji<\/li>\n<li>Priek\u0161\u0113jais nodal\u012bjums izkl\u0101ts ar vel\u016bra VELCRO<\/li>\n<li>Anatomisk\u0101s plecu siksnas<\/li>\n<li>Hidr\u0101cijas sist\u0113mas stiprin\u0101jums<\/li>\n<li>Gurnu josta<\/li>\n<li>MOLLE\/PALLS sist\u0113ma<\/li>\n<li>VELCRO panelis<\/li>\n<\/ul>\n","protected":false},"excerpt":{"rendered":"<p>Every-Day Carry ir nosaukums svar\u012bg\u0101kaj\u0101m liet\u0101m, kas ir ar mums katru dienu. Ide\u0101l\u0101 gad\u012bjum\u0101 tiem vajadz\u0113tu b\u016bt p\u0113c iesp\u0113jas vienk\u0101r\u0161\u0101kiem, daudzpus\u012bgiem un labi p\u0101rdom\u0101tiem. Un tie\u0161i t\u0101da ir EDC mugursoma, kas ir izstr\u0101d\u0101ta, \u0146emot v\u0113r\u0101 ikdienas pras\u012bbas. Mugursomai ir ietilp\u012bga, divu kameru konstrukcija. Galvenajam nodal\u012bjumam nav papildus kabatas vai organaizeri, bet var ievietot hidr\u0101cijas sist\u0113mu [&#8230;]\n","protected":false},"featured_media":3233,"comment_status":"open","ping_status":"closed","template":"","meta":{"_acf_changed":false},"product_brand":[],"product_cat":[185,28],"product_tag":[],"class_list":{"0":"post-1838","1":"product","2":"type-product","3":"status-publish","4":"has-post-thumbnail","6":"product_cat-mugursomas","7":"product_cat-mugursomas-somas","9":"first","10":"instock","11":"taxable","12":"shipping-taxable","13":"purchasable","14":"product-type-variable","15":"has-default-attributes"},"acf":[],"yoast_head":"<!-- This site is optimized with the Yoast SEO plugin v27.4 - https:\/\/yoast.com\/product\/yoast-seo-wordpress\/ -->\n<title>Mugursoma Helikon-Tex EDC Backpack\u00ae - Nylon Polyester Blend - MILBAZA \u2013 viss akt\u012bvai atp\u016btai<\/title>\n<meta name=\"description\" content=\"Nopirkt Mugursoma Helikon-Tex EDC Backpack\u00ae - Nylon Polyester Blend (melange black-grey), izdev\u012bga cena un pieg\u0101de. Turisma pre\u010du interneta veikals, pas\u016bt\u012bt online 24\/7!\" \/>\n<meta name=\"robots\" content=\"index, follow, max-snippet:-1, max-image-preview:large, max-video-preview:-1\" \/>\n<link rel=\"canonical\" href=\"https:\/\/milbaza.lv\/ru\/produkts\/mugursoma-helikon-tex-edc-backpack-nylon-polyester-blend-melange-black-grey\/\" \/>\n<meta property=\"og:locale\" content=\"ru_RU\" \/>\n<meta property=\"og:type\" content=\"article\" \/>\n<meta property=\"og:title\" content=\"Mugursoma Helikon-Tex EDC Backpack\u00ae - Nylon Polyester Blend - MILBAZA \u2013 viss akt\u012bvai atp\u016btai\" \/>\n<meta property=\"og:description\" content=\"Nopirkt Mugursoma Helikon-Tex EDC Backpack\u00ae - Nylon Polyester Blend (melange black-grey), izdev\u012bga cena un pieg\u0101de. Turisma pre\u010du interneta veikals, pas\u016bt\u012bt online 24\/7!\" \/>\n<meta property=\"og:url\" content=\"https:\/\/milbaza.lv\/ru\/produkts\/mugursoma-helikon-tex-edc-backpack-nylon-polyester-blend-melange-black-grey\/\" \/>\n<meta property=\"og:site_name\" content=\"MILBAZA \u2013 viss akt\u012bvai atp\u016btai\" \/>\n<meta property=\"article:publisher\" content=\"https:\/\/www.facebook.com\/profile.php?id=100075399152223\" \/>\n<meta property=\"article:modified_time\" content=\"2026-05-06T08:09:00+00:00\" \/>\n<meta property=\"og:image\" content=\"https:\/\/milbaza.lv\/wp-content\/uploads\/2022\/01\/PL-EDC-NP-M1.jpg\" \/>\n\t<meta property=\"og:image:width\" content=\"1500\" \/>\n\t<meta property=\"og:image:height\" content=\"1500\" \/>\n\t<meta property=\"og:image:type\" content=\"image\/jpeg\" \/>\n<meta name=\"twitter:card\" content=\"summary_large_image\" \/>\n<meta name=\"twitter:label1\" content=\"\u041f\u0440\u0438\u043c\u0435\u0440\u043d\u043e\u0435 \u0432\u0440\u0435\u043c\u044f \u0434\u043b\u044f \u0447\u0442\u0435\u043d\u0438\u044f\" \/>\n\t<meta name=\"twitter:data1\" content=\"1 \u043c\u0438\u043d\u0443\u0442\u0430\" \/>\n<script type=\"application\/ld+json\" class=\"yoast-schema-graph\">{\"@context\":\"https:\\\/\\\/schema.org\",\"@graph\":[{\"@type\":\"WebPage\",\"@id\":\"https:\\\/\\\/milbaza.lv\\\/ru\\\/produkts\\\/mugursoma-helikon-tex-edc-backpack-nylon-polyester-blend-melange-black-grey\\\/\",\"url\":\"https:\\\/\\\/milbaza.lv\\\/ru\\\/produkts\\\/mugursoma-helikon-tex-edc-backpack-nylon-polyester-blend-melange-black-grey\\\/\",\"name\":\"Mugursoma Helikon-Tex EDC Backpack\u00ae - Nylon Polyester Blend - MILBAZA \u2013 viss akt\u012bvai atp\u016btai\",\"isPartOf\":{\"@id\":\"https:\\\/\\\/milbaza.lv\\\/ru\\\/#website\"},\"primaryImageOfPage\":{\"@id\":\"https:\\\/\\\/milbaza.lv\\\/ru\\\/produkts\\\/mugursoma-helikon-tex-edc-backpack-nylon-polyester-blend-melange-black-grey\\\/#primaryimage\"},\"image\":{\"@id\":\"https:\\\/\\\/milbaza.lv\\\/ru\\\/produkts\\\/mugursoma-helikon-tex-edc-backpack-nylon-polyester-blend-melange-black-grey\\\/#primaryimage\"},\"thumbnailUrl\":\"https:\\\/\\\/milbaza.lv\\\/wp-content\\\/uploads\\\/2022\\\/01\\\/PL-EDC-NP-M1.jpg\",\"datePublished\":\"2022-01-13T10:21:45+00:00\",\"dateModified\":\"2026-05-06T08:09:00+00:00\",\"description\":\"Nopirkt Mugursoma Helikon-Tex EDC Backpack\u00ae - Nylon Polyester Blend (melange black-grey), izdev\u012bga cena un pieg\u0101de. Turisma pre\u010du interneta veikals, pas\u016bt\u012bt online 24\\\/7!\",\"breadcrumb\":{\"@id\":\"https:\\\/\\\/milbaza.lv\\\/ru\\\/produkts\\\/mugursoma-helikon-tex-edc-backpack-nylon-polyester-blend-melange-black-grey\\\/#breadcrumb\"},\"inLanguage\":\"ru-RU\",\"potentialAction\":[{\"@type\":\"ReadAction\",\"target\":[\"https:\\\/\\\/milbaza.lv\\\/ru\\\/produkts\\\/mugursoma-helikon-tex-edc-backpack-nylon-polyester-blend-melange-black-grey\\\/\"]}]},{\"@type\":\"ImageObject\",\"inLanguage\":\"ru-RU\",\"@id\":\"https:\\\/\\\/milbaza.lv\\\/ru\\\/produkts\\\/mugursoma-helikon-tex-edc-backpack-nylon-polyester-blend-melange-black-grey\\\/#primaryimage\",\"url\":\"https:\\\/\\\/milbaza.lv\\\/wp-content\\\/uploads\\\/2022\\\/01\\\/PL-EDC-NP-M1.jpg\",\"contentUrl\":\"https:\\\/\\\/milbaza.lv\\\/wp-content\\\/uploads\\\/2022\\\/01\\\/PL-EDC-NP-M1.jpg\",\"width\":1500,\"height\":1500},{\"@type\":\"BreadcrumbList\",\"@id\":\"https:\\\/\\\/milbaza.lv\\\/ru\\\/produkts\\\/mugursoma-helikon-tex-edc-backpack-nylon-polyester-blend-melange-black-grey\\\/#breadcrumb\",\"itemListElement\":[{\"@type\":\"ListItem\",\"position\":1,\"name\":\"Home\",\"item\":\"https:\\\/\\\/milbaza.lv\\\/ru\\\/\"},{\"@type\":\"ListItem\",\"position\":2,\"name\":\"\u041c\u0430\u0433\u0430\u0437\u0438\u043d\",\"item\":\"https:\\\/\\\/milbaza.lv\\\/ru\\\/%d0%bc%d0%b0%d0%b3%d0%b0%d0%b7%d0%b8%d0%bd\\\/\"},{\"@type\":\"ListItem\",\"position\":3,\"name\":\"Mugursoma Helikon-Tex EDC Backpack\u00ae &#8211; Nylon Polyester Blend\"}]},{\"@type\":\"WebSite\",\"@id\":\"https:\\\/\\\/milbaza.lv\\\/ru\\\/#website\",\"url\":\"https:\\\/\\\/milbaza.lv\\\/ru\\\/\",\"name\":\"MILBAZA \u2013 viss akt\u012bvai atp\u016btai\",\"description\":\"Viss akt\u012bvai atp\u016btai\",\"publisher\":{\"@id\":\"https:\\\/\\\/milbaza.lv\\\/ru\\\/#organization\"},\"potentialAction\":[{\"@type\":\"SearchAction\",\"target\":{\"@type\":\"EntryPoint\",\"urlTemplate\":\"https:\\\/\\\/milbaza.lv\\\/ru\\\/?s={search_term_string}\"},\"query-input\":{\"@type\":\"PropertyValueSpecification\",\"valueRequired\":true,\"valueName\":\"search_term_string\"}}],\"inLanguage\":\"ru-RU\"},{\"@type\":\"Organization\",\"@id\":\"https:\\\/\\\/milbaza.lv\\\/ru\\\/#organization\",\"name\":\"Milbaza\",\"url\":\"https:\\\/\\\/milbaza.lv\\\/ru\\\/\",\"logo\":{\"@type\":\"ImageObject\",\"inLanguage\":\"ru-RU\",\"@id\":\"https:\\\/\\\/milbaza.lv\\\/ru\\\/#\\\/schema\\\/logo\\\/image\\\/\",\"url\":\"https:\\\/\\\/milbaza.lv\\\/wp-content\\\/uploads\\\/2021\\\/11\\\/Mil_BAZA_logo3.png\",\"contentUrl\":\"https:\\\/\\\/milbaza.lv\\\/wp-content\\\/uploads\\\/2021\\\/11\\\/Mil_BAZA_logo3.png\",\"width\":564,\"height\":226,\"caption\":\"Milbaza\"},\"image\":{\"@id\":\"https:\\\/\\\/milbaza.lv\\\/ru\\\/#\\\/schema\\\/logo\\\/image\\\/\"},\"sameAs\":[\"https:\\\/\\\/www.facebook.com\\\/profile.php?id=100075399152223\",\"https:\\\/\\\/www.instagram.com\\\/milbaza.lv\\\/\",\"https:\\\/\\\/www.pinterest.com\\\/milbaza\\\/_saved\\\/\",\"https:\\\/\\\/www.youtube.com\\\/channel\\\/UCrPXltd8hsNIiGAKc37hGfQ\"]}]}<\/script>\n<!-- \/ Yoast SEO plugin. -->","yoast_head_json":{"title":"Mugursoma Helikon-Tex EDC Backpack\u00ae - Nylon Polyester Blend - MILBAZA \u2013 viss akt\u012bvai atp\u016btai","description":"Nopirkt Mugursoma Helikon-Tex EDC Backpack\u00ae - Nylon Polyester Blend (melange black-grey), izdev\u012bga cena un pieg\u0101de. Turisma pre\u010du interneta veikals, pas\u016bt\u012bt online 24\/7!","robots":{"index":"index","follow":"follow","max-snippet":"max-snippet:-1","max-image-preview":"max-image-preview:large","max-video-preview":"max-video-preview:-1"},"canonical":"https:\/\/milbaza.lv\/ru\/produkts\/mugursoma-helikon-tex-edc-backpack-nylon-polyester-blend-melange-black-grey\/","og_locale":"ru_RU","og_type":"article","og_title":"Mugursoma Helikon-Tex EDC Backpack\u00ae - Nylon Polyester Blend - MILBAZA \u2013 viss akt\u012bvai atp\u016btai","og_description":"Nopirkt Mugursoma Helikon-Tex EDC Backpack\u00ae - Nylon Polyester Blend (melange black-grey), izdev\u012bga cena un pieg\u0101de. Turisma pre\u010du interneta veikals, pas\u016bt\u012bt online 24\/7!","og_url":"https:\/\/milbaza.lv\/ru\/produkts\/mugursoma-helikon-tex-edc-backpack-nylon-polyester-blend-melange-black-grey\/","og_site_name":"MILBAZA \u2013 viss akt\u012bvai atp\u016btai","article_publisher":"https:\/\/www.facebook.com\/profile.php?id=100075399152223","article_modified_time":"2026-05-06T08:09:00+00:00","og_image":[{"width":1500,"height":1500,"url":"https:\/\/milbaza.lv\/wp-content\/uploads\/2022\/01\/PL-EDC-NP-M1.jpg","type":"image\/jpeg"}],"twitter_card":"summary_large_image","twitter_misc":{"\u041f\u0440\u0438\u043c\u0435\u0440\u043d\u043e\u0435 \u0432\u0440\u0435\u043c\u044f \u0434\u043b\u044f \u0447\u0442\u0435\u043d\u0438\u044f":"1 \u043c\u0438\u043d\u0443\u0442\u0430"},"schema":{"@context":"https:\/\/schema.org","@graph":[{"@type":"WebPage","@id":"https:\/\/milbaza.lv\/ru\/produkts\/mugursoma-helikon-tex-edc-backpack-nylon-polyester-blend-melange-black-grey\/","url":"https:\/\/milbaza.lv\/ru\/produkts\/mugursoma-helikon-tex-edc-backpack-nylon-polyester-blend-melange-black-grey\/","name":"Mugursoma Helikon-Tex EDC Backpack\u00ae - Nylon Polyester Blend - MILBAZA \u2013 viss akt\u012bvai atp\u016btai","isPartOf":{"@id":"https:\/\/milbaza.lv\/ru\/#website"},"primaryImageOfPage":{"@id":"https:\/\/milbaza.lv\/ru\/produkts\/mugursoma-helikon-tex-edc-backpack-nylon-polyester-blend-melange-black-grey\/#primaryimage"},"image":{"@id":"https:\/\/milbaza.lv\/ru\/produkts\/mugursoma-helikon-tex-edc-backpack-nylon-polyester-blend-melange-black-grey\/#primaryimage"},"thumbnailUrl":"https:\/\/milbaza.lv\/wp-content\/uploads\/2022\/01\/PL-EDC-NP-M1.jpg","datePublished":"2022-01-13T10:21:45+00:00","dateModified":"2026-05-06T08:09:00+00:00","description":"Nopirkt Mugursoma Helikon-Tex EDC Backpack\u00ae - Nylon Polyester Blend (melange black-grey), izdev\u012bga cena un pieg\u0101de. Turisma pre\u010du interneta veikals, pas\u016bt\u012bt online 24\/7!","breadcrumb":{"@id":"https:\/\/milbaza.lv\/ru\/produkts\/mugursoma-helikon-tex-edc-backpack-nylon-polyester-blend-melange-black-grey\/#breadcrumb"},"inLanguage":"ru-RU","potentialAction":[{"@type":"ReadAction","target":["https:\/\/milbaza.lv\/ru\/produkts\/mugursoma-helikon-tex-edc-backpack-nylon-polyester-blend-melange-black-grey\/"]}]},{"@type":"ImageObject","inLanguage":"ru-RU","@id":"https:\/\/milbaza.lv\/ru\/produkts\/mugursoma-helikon-tex-edc-backpack-nylon-polyester-blend-melange-black-grey\/#primaryimage","url":"https:\/\/milbaza.lv\/wp-content\/uploads\/2022\/01\/PL-EDC-NP-M1.jpg","contentUrl":"https:\/\/milbaza.lv\/wp-content\/uploads\/2022\/01\/PL-EDC-NP-M1.jpg","width":1500,"height":1500},{"@type":"BreadcrumbList","@id":"https:\/\/milbaza.lv\/ru\/produkts\/mugursoma-helikon-tex-edc-backpack-nylon-polyester-blend-melange-black-grey\/#breadcrumb","itemListElement":[{"@type":"ListItem","position":1,"name":"Home","item":"https:\/\/milbaza.lv\/ru\/"},{"@type":"ListItem","position":2,"name":"\u041c\u0430\u0433\u0430\u0437\u0438\u043d","item":"https:\/\/milbaza.lv\/ru\/%d0%bc%d0%b0%d0%b3%d0%b0%d0%b7%d0%b8%d0%bd\/"},{"@type":"ListItem","position":3,"name":"Mugursoma Helikon-Tex EDC Backpack\u00ae &#8211; Nylon Polyester Blend"}]},{"@type":"WebSite","@id":"https:\/\/milbaza.lv\/ru\/#website","url":"https:\/\/milbaza.lv\/ru\/","name":"MILBAZA \u2013 viss akt\u012bvai atp\u016btai","description":"Viss akt\u012bvai atp\u016btai","publisher":{"@id":"https:\/\/milbaza.lv\/ru\/#organization"},"potentialAction":[{"@type":"SearchAction","target":{"@type":"EntryPoint","urlTemplate":"https:\/\/milbaza.lv\/ru\/?s={search_term_string}"},"query-input":{"@type":"PropertyValueSpecification","valueRequired":true,"valueName":"search_term_string"}}],"inLanguage":"ru-RU"},{"@type":"Organization","@id":"https:\/\/milbaza.lv\/ru\/#organization","name":"Milbaza","url":"https:\/\/milbaza.lv\/ru\/","logo":{"@type":"ImageObject","inLanguage":"ru-RU","@id":"https:\/\/milbaza.lv\/ru\/#\/schema\/logo\/image\/","url":"https:\/\/milbaza.lv\/wp-content\/uploads\/2021\/11\/Mil_BAZA_logo3.png","contentUrl":"https:\/\/milbaza.lv\/wp-content\/uploads\/2021\/11\/Mil_BAZA_logo3.png","width":564,"height":226,"caption":"Milbaza"},"image":{"@id":"https:\/\/milbaza.lv\/ru\/#\/schema\/logo\/image\/"},"sameAs":["https:\/\/www.facebook.com\/profile.php?id=100075399152223","https:\/\/www.instagram.com\/milbaza.lv\/","https:\/\/www.pinterest.com\/milbaza\/_saved\/","https:\/\/www.youtube.com\/channel\/UCrPXltd8hsNIiGAKc37hGfQ"]}]}},"_links":{"self":[{"href":"https:\/\/milbaza.lv\/ru\/wp-json\/wp\/v2\/product\/1838","targetHints":{"allow":["GET"]}}],"collection":[{"href":"https:\/\/milbaza.lv\/ru\/wp-json\/wp\/v2\/product"}],"about":[{"href":"https:\/\/milbaza.lv\/ru\/wp-json\/wp\/v2\/types\/product"}],"replies":[{"embeddable":true,"href":"https:\/\/milbaza.lv\/ru\/wp-json\/wp\/v2\/comments?post=1838"}],"wp:featuredmedia":[{"embeddable":true,"href":"https:\/\/milbaza.lv\/ru\/wp-json\/wp\/v2\/media\/3233"}],"wp:attachment":[{"href":"https:\/\/milbaza.lv\/ru\/wp-json\/wp\/v2\/media?parent=1838"}],"wp:term":[{"taxonomy":"product_brand","embeddable":true,"href":"https:\/\/milbaza.lv\/ru\/wp-json\/wp\/v2\/product_brand?post=1838"},{"taxonomy":"product_cat","embeddable":true,"href":"https:\/\/milbaza.lv\/ru\/wp-json\/wp\/v2\/product_cat?post=1838"},{"taxonomy":"product_tag","embeddable":true,"href":"https:\/\/milbaza.lv\/ru\/wp-json\/wp\/v2\/product_tag?post=1838"}],"curies":[{"name":"wp","href":"https:\/\/api.w.org\/{rel}","templated":true}]}}