{"id":19099,"date":"2022-08-20T15:14:57","date_gmt":"2022-08-20T12:14:57","guid":{"rendered":"https:\/\/milbaza.lv\/?post_type=product&#038;p=19099"},"modified":"2026-05-06T11:08:35","modified_gmt":"2026-05-06T08:08:35","slug":"cimdi-coyote-action-gloves-w-cuff-flame-retar-mil-tec","status":"publish","type":"product","link":"https:\/\/milbaza.lv\/ru\/produkts\/cimdi-coyote-action-gloves-w-cuff-flame-retar-mil-tec\/","title":{"rendered":"MIL-TEC CIMDI ACTION GLOVES W.CUFF FLAME-RETAR"},"content":{"rendered":"<div>100% govs \u0101da (d\u012bg\u013ci un plauksta)<\/div>\n<div>Atliku\u0161ais cimds: 100% Aramide Nomex\u00ae no DuPont\u2122<\/div>\n<div>Saturu aizsardz\u012bba: 100% poliakrils<\/div>\n<div>Uzpildes loc\u012btavas aizsardz\u012bba: EVA putas<\/div>\n<div><\/div>\n<div>&#8211; taktisks cimds ar optim\u0101lu loc\u012btavu aizsardz\u012bbu<\/div>\n<div>&#8211; Perfekta piegul\u0113\u0161ana un meistar\u012bba<\/div>\n<div>&#8211; karstumiztur\u012bgs Nomex\u00ae audums aizsarg\u0101 pret apdegumiem<\/div>\n<div>&#8211; Nesl\u012bdo\u0161s, viegli satverams iek\u0161pus\u0113<\/div>\n<div>&#8211; elast\u012bga v\u012btne<\/div>\n","protected":false},"excerpt":{"rendered":"<p>100% govs \u0101da (d\u012bg\u013ci un plauksta) Atliku\u0161ais cimds: 100% Aramide Nomex\u00ae no DuPont\u2122 Saturu aizsardz\u012bba: 100% poliakrils Uzpildes loc\u012btavas aizsardz\u012bba: EVA putas &#8211; taktisks cimds ar optim\u0101lu loc\u012btavu aizsardz\u012bbu &#8211; Perfekta piegul\u0113\u0161ana un meistar\u012bba &#8211; karstumiztur\u012bgs Nomex\u00ae audums aizsarg\u0101 pret apdegumiem &#8211; Nesl\u012bdo\u0161s, viegli satverams iek\u0161pus\u0113 &#8211; elast\u012bga v\u012btne<\/p>\n","protected":false},"featured_media":19110,"comment_status":"open","ping_status":"closed","template":"","meta":{"_acf_changed":false},"product_brand":[],"product_cat":[24,158,1028],"product_tag":[],"class_list":{"0":"post-19099","1":"product","2":"type-product","3":"status-publish","4":"has-post-thumbnail","6":"product_cat-apgerbi","7":"product_cat-cimdi","8":"product_cat-black-friday-mega-sale","10":"first","11":"instock","12":"sale","13":"taxable","14":"shipping-taxable","15":"purchasable","16":"product-type-variable","17":"has-default-attributes"},"acf":[],"yoast_head":"<!-- This site is optimized with the Yoast SEO plugin v27.4 - https:\/\/yoast.com\/product\/yoast-seo-wordpress\/ -->\n<title>MIL-TEC CIMDI ACTION GLOVES W.CUFF FLAME-RETAR - MILBAZA \u2013 viss akt\u012bvai atp\u016btai<\/title>\n<meta name=\"description\" content=\"Nopirkt CIMDI COYOTE ACTION GLOVES W.CUFF FLAME-RETAR MIL-TEC izdev\u012bga cena un pieg\u0101de. T\u016brisma pre\u010du interneta veikals, pas\u016bt\u012bt online 24\/7!\" \/>\n<meta name=\"robots\" content=\"index, follow, max-snippet:-1, max-image-preview:large, max-video-preview:-1\" \/>\n<link rel=\"canonical\" href=\"https:\/\/milbaza.lv\/ru\/produkts\/cimdi-coyote-action-gloves-w-cuff-flame-retar-mil-tec\/\" \/>\n<meta property=\"og:locale\" content=\"ru_RU\" \/>\n<meta property=\"og:type\" content=\"article\" \/>\n<meta property=\"og:title\" content=\"MIL-TEC CIMDI ACTION GLOVES W.CUFF FLAME-RETAR - MILBAZA \u2013 viss akt\u012bvai atp\u016btai\" \/>\n<meta property=\"og:description\" content=\"Nopirkt CIMDI COYOTE ACTION GLOVES W.CUFF FLAME-RETAR MIL-TEC izdev\u012bga cena un pieg\u0101de. T\u016brisma pre\u010du interneta veikals, pas\u016bt\u012bt online 24\/7!\" \/>\n<meta property=\"og:url\" content=\"https:\/\/milbaza.lv\/ru\/produkts\/cimdi-coyote-action-gloves-w-cuff-flame-retar-mil-tec\/\" \/>\n<meta property=\"og:site_name\" content=\"MILBAZA \u2013 viss akt\u012bvai atp\u016btai\" \/>\n<meta property=\"article:publisher\" content=\"https:\/\/www.facebook.com\/profile.php?id=100075399152223\" \/>\n<meta property=\"article:modified_time\" content=\"2026-05-06T08:08:35+00:00\" \/>\n<meta property=\"og:image\" content=\"https:\/\/milbaza.lv\/wp-content\/uploads\/2022\/08\/12520105.png\" \/>\n\t<meta property=\"og:image:width\" content=\"600\" \/>\n\t<meta property=\"og:image:height\" content=\"600\" \/>\n\t<meta property=\"og:image:type\" content=\"image\/png\" \/>\n<meta name=\"twitter:card\" content=\"summary_large_image\" \/>\n<script type=\"application\/ld+json\" class=\"yoast-schema-graph\">{\"@context\":\"https:\\\/\\\/schema.org\",\"@graph\":[{\"@type\":\"WebPage\",\"@id\":\"https:\\\/\\\/milbaza.lv\\\/ru\\\/produkts\\\/cimdi-coyote-action-gloves-w-cuff-flame-retar-mil-tec\\\/\",\"url\":\"https:\\\/\\\/milbaza.lv\\\/ru\\\/produkts\\\/cimdi-coyote-action-gloves-w-cuff-flame-retar-mil-tec\\\/\",\"name\":\"MIL-TEC CIMDI ACTION GLOVES W.CUFF FLAME-RETAR - MILBAZA \u2013 viss akt\u012bvai atp\u016btai\",\"isPartOf\":{\"@id\":\"https:\\\/\\\/milbaza.lv\\\/ru\\\/#website\"},\"primaryImageOfPage\":{\"@id\":\"https:\\\/\\\/milbaza.lv\\\/ru\\\/produkts\\\/cimdi-coyote-action-gloves-w-cuff-flame-retar-mil-tec\\\/#primaryimage\"},\"image\":{\"@id\":\"https:\\\/\\\/milbaza.lv\\\/ru\\\/produkts\\\/cimdi-coyote-action-gloves-w-cuff-flame-retar-mil-tec\\\/#primaryimage\"},\"thumbnailUrl\":\"https:\\\/\\\/milbaza.lv\\\/wp-content\\\/uploads\\\/2022\\\/08\\\/12520105.png\",\"datePublished\":\"2022-08-20T12:14:57+00:00\",\"dateModified\":\"2026-05-06T08:08:35+00:00\",\"description\":\"Nopirkt CIMDI COYOTE ACTION GLOVES W.CUFF FLAME-RETAR MIL-TEC izdev\u012bga cena un pieg\u0101de. T\u016brisma pre\u010du interneta veikals, pas\u016bt\u012bt online 24\\\/7!\",\"breadcrumb\":{\"@id\":\"https:\\\/\\\/milbaza.lv\\\/ru\\\/produkts\\\/cimdi-coyote-action-gloves-w-cuff-flame-retar-mil-tec\\\/#breadcrumb\"},\"inLanguage\":\"ru-RU\",\"potentialAction\":[{\"@type\":\"ReadAction\",\"target\":[\"https:\\\/\\\/milbaza.lv\\\/ru\\\/produkts\\\/cimdi-coyote-action-gloves-w-cuff-flame-retar-mil-tec\\\/\"]}]},{\"@type\":\"ImageObject\",\"inLanguage\":\"ru-RU\",\"@id\":\"https:\\\/\\\/milbaza.lv\\\/ru\\\/produkts\\\/cimdi-coyote-action-gloves-w-cuff-flame-retar-mil-tec\\\/#primaryimage\",\"url\":\"https:\\\/\\\/milbaza.lv\\\/wp-content\\\/uploads\\\/2022\\\/08\\\/12520105.png\",\"contentUrl\":\"https:\\\/\\\/milbaza.lv\\\/wp-content\\\/uploads\\\/2022\\\/08\\\/12520105.png\",\"width\":600,\"height\":600},{\"@type\":\"BreadcrumbList\",\"@id\":\"https:\\\/\\\/milbaza.lv\\\/ru\\\/produkts\\\/cimdi-coyote-action-gloves-w-cuff-flame-retar-mil-tec\\\/#breadcrumb\",\"itemListElement\":[{\"@type\":\"ListItem\",\"position\":1,\"name\":\"Home\",\"item\":\"https:\\\/\\\/milbaza.lv\\\/ru\\\/\"},{\"@type\":\"ListItem\",\"position\":2,\"name\":\"\u041c\u0430\u0433\u0430\u0437\u0438\u043d\",\"item\":\"https:\\\/\\\/milbaza.lv\\\/ru\\\/%d0%bc%d0%b0%d0%b3%d0%b0%d0%b7%d0%b8%d0%bd\\\/\"},{\"@type\":\"ListItem\",\"position\":3,\"name\":\"MIL-TEC CIMDI ACTION GLOVES W.CUFF FLAME-RETAR\"}]},{\"@type\":\"WebSite\",\"@id\":\"https:\\\/\\\/milbaza.lv\\\/ru\\\/#website\",\"url\":\"https:\\\/\\\/milbaza.lv\\\/ru\\\/\",\"name\":\"MILBAZA \u2013 viss akt\u012bvai atp\u016btai\",\"description\":\"Viss akt\u012bvai atp\u016btai\",\"publisher\":{\"@id\":\"https:\\\/\\\/milbaza.lv\\\/ru\\\/#organization\"},\"potentialAction\":[{\"@type\":\"SearchAction\",\"target\":{\"@type\":\"EntryPoint\",\"urlTemplate\":\"https:\\\/\\\/milbaza.lv\\\/ru\\\/?s={search_term_string}\"},\"query-input\":{\"@type\":\"PropertyValueSpecification\",\"valueRequired\":true,\"valueName\":\"search_term_string\"}}],\"inLanguage\":\"ru-RU\"},{\"@type\":\"Organization\",\"@id\":\"https:\\\/\\\/milbaza.lv\\\/ru\\\/#organization\",\"name\":\"Milbaza\",\"url\":\"https:\\\/\\\/milbaza.lv\\\/ru\\\/\",\"logo\":{\"@type\":\"ImageObject\",\"inLanguage\":\"ru-RU\",\"@id\":\"https:\\\/\\\/milbaza.lv\\\/ru\\\/#\\\/schema\\\/logo\\\/image\\\/\",\"url\":\"https:\\\/\\\/milbaza.lv\\\/wp-content\\\/uploads\\\/2021\\\/11\\\/Mil_BAZA_logo3.png\",\"contentUrl\":\"https:\\\/\\\/milbaza.lv\\\/wp-content\\\/uploads\\\/2021\\\/11\\\/Mil_BAZA_logo3.png\",\"width\":564,\"height\":226,\"caption\":\"Milbaza\"},\"image\":{\"@id\":\"https:\\\/\\\/milbaza.lv\\\/ru\\\/#\\\/schema\\\/logo\\\/image\\\/\"},\"sameAs\":[\"https:\\\/\\\/www.facebook.com\\\/profile.php?id=100075399152223\",\"https:\\\/\\\/www.instagram.com\\\/milbaza.lv\\\/\",\"https:\\\/\\\/www.pinterest.com\\\/milbaza\\\/_saved\\\/\",\"https:\\\/\\\/www.youtube.com\\\/channel\\\/UCrPXltd8hsNIiGAKc37hGfQ\"]}]}<\/script>\n<!-- \/ Yoast SEO plugin. -->","yoast_head_json":{"title":"MIL-TEC CIMDI ACTION GLOVES W.CUFF FLAME-RETAR - MILBAZA \u2013 viss akt\u012bvai atp\u016btai","description":"Nopirkt CIMDI COYOTE ACTION GLOVES W.CUFF FLAME-RETAR MIL-TEC izdev\u012bga cena un pieg\u0101de. T\u016brisma pre\u010du interneta veikals, pas\u016bt\u012bt online 24\/7!","robots":{"index":"index","follow":"follow","max-snippet":"max-snippet:-1","max-image-preview":"max-image-preview:large","max-video-preview":"max-video-preview:-1"},"canonical":"https:\/\/milbaza.lv\/ru\/produkts\/cimdi-coyote-action-gloves-w-cuff-flame-retar-mil-tec\/","og_locale":"ru_RU","og_type":"article","og_title":"MIL-TEC CIMDI ACTION GLOVES W.CUFF FLAME-RETAR - MILBAZA \u2013 viss akt\u012bvai atp\u016btai","og_description":"Nopirkt CIMDI COYOTE ACTION GLOVES W.CUFF FLAME-RETAR MIL-TEC izdev\u012bga cena un pieg\u0101de. T\u016brisma pre\u010du interneta veikals, pas\u016bt\u012bt online 24\/7!","og_url":"https:\/\/milbaza.lv\/ru\/produkts\/cimdi-coyote-action-gloves-w-cuff-flame-retar-mil-tec\/","og_site_name":"MILBAZA \u2013 viss akt\u012bvai atp\u016btai","article_publisher":"https:\/\/www.facebook.com\/profile.php?id=100075399152223","article_modified_time":"2026-05-06T08:08:35+00:00","og_image":[{"width":600,"height":600,"url":"https:\/\/milbaza.lv\/wp-content\/uploads\/2022\/08\/12520105.png","type":"image\/png"}],"twitter_card":"summary_large_image","schema":{"@context":"https:\/\/schema.org","@graph":[{"@type":"WebPage","@id":"https:\/\/milbaza.lv\/ru\/produkts\/cimdi-coyote-action-gloves-w-cuff-flame-retar-mil-tec\/","url":"https:\/\/milbaza.lv\/ru\/produkts\/cimdi-coyote-action-gloves-w-cuff-flame-retar-mil-tec\/","name":"MIL-TEC CIMDI ACTION GLOVES W.CUFF FLAME-RETAR - MILBAZA \u2013 viss akt\u012bvai atp\u016btai","isPartOf":{"@id":"https:\/\/milbaza.lv\/ru\/#website"},"primaryImageOfPage":{"@id":"https:\/\/milbaza.lv\/ru\/produkts\/cimdi-coyote-action-gloves-w-cuff-flame-retar-mil-tec\/#primaryimage"},"image":{"@id":"https:\/\/milbaza.lv\/ru\/produkts\/cimdi-coyote-action-gloves-w-cuff-flame-retar-mil-tec\/#primaryimage"},"thumbnailUrl":"https:\/\/milbaza.lv\/wp-content\/uploads\/2022\/08\/12520105.png","datePublished":"2022-08-20T12:14:57+00:00","dateModified":"2026-05-06T08:08:35+00:00","description":"Nopirkt CIMDI COYOTE ACTION GLOVES W.CUFF FLAME-RETAR MIL-TEC izdev\u012bga cena un pieg\u0101de. T\u016brisma pre\u010du interneta veikals, pas\u016bt\u012bt online 24\/7!","breadcrumb":{"@id":"https:\/\/milbaza.lv\/ru\/produkts\/cimdi-coyote-action-gloves-w-cuff-flame-retar-mil-tec\/#breadcrumb"},"inLanguage":"ru-RU","potentialAction":[{"@type":"ReadAction","target":["https:\/\/milbaza.lv\/ru\/produkts\/cimdi-coyote-action-gloves-w-cuff-flame-retar-mil-tec\/"]}]},{"@type":"ImageObject","inLanguage":"ru-RU","@id":"https:\/\/milbaza.lv\/ru\/produkts\/cimdi-coyote-action-gloves-w-cuff-flame-retar-mil-tec\/#primaryimage","url":"https:\/\/milbaza.lv\/wp-content\/uploads\/2022\/08\/12520105.png","contentUrl":"https:\/\/milbaza.lv\/wp-content\/uploads\/2022\/08\/12520105.png","width":600,"height":600},{"@type":"BreadcrumbList","@id":"https:\/\/milbaza.lv\/ru\/produkts\/cimdi-coyote-action-gloves-w-cuff-flame-retar-mil-tec\/#breadcrumb","itemListElement":[{"@type":"ListItem","position":1,"name":"Home","item":"https:\/\/milbaza.lv\/ru\/"},{"@type":"ListItem","position":2,"name":"\u041c\u0430\u0433\u0430\u0437\u0438\u043d","item":"https:\/\/milbaza.lv\/ru\/%d0%bc%d0%b0%d0%b3%d0%b0%d0%b7%d0%b8%d0%bd\/"},{"@type":"ListItem","position":3,"name":"MIL-TEC CIMDI ACTION GLOVES W.CUFF FLAME-RETAR"}]},{"@type":"WebSite","@id":"https:\/\/milbaza.lv\/ru\/#website","url":"https:\/\/milbaza.lv\/ru\/","name":"MILBAZA \u2013 viss akt\u012bvai atp\u016btai","description":"Viss akt\u012bvai atp\u016btai","publisher":{"@id":"https:\/\/milbaza.lv\/ru\/#organization"},"potentialAction":[{"@type":"SearchAction","target":{"@type":"EntryPoint","urlTemplate":"https:\/\/milbaza.lv\/ru\/?s={search_term_string}"},"query-input":{"@type":"PropertyValueSpecification","valueRequired":true,"valueName":"search_term_string"}}],"inLanguage":"ru-RU"},{"@type":"Organization","@id":"https:\/\/milbaza.lv\/ru\/#organization","name":"Milbaza","url":"https:\/\/milbaza.lv\/ru\/","logo":{"@type":"ImageObject","inLanguage":"ru-RU","@id":"https:\/\/milbaza.lv\/ru\/#\/schema\/logo\/image\/","url":"https:\/\/milbaza.lv\/wp-content\/uploads\/2021\/11\/Mil_BAZA_logo3.png","contentUrl":"https:\/\/milbaza.lv\/wp-content\/uploads\/2021\/11\/Mil_BAZA_logo3.png","width":564,"height":226,"caption":"Milbaza"},"image":{"@id":"https:\/\/milbaza.lv\/ru\/#\/schema\/logo\/image\/"},"sameAs":["https:\/\/www.facebook.com\/profile.php?id=100075399152223","https:\/\/www.instagram.com\/milbaza.lv\/","https:\/\/www.pinterest.com\/milbaza\/_saved\/","https:\/\/www.youtube.com\/channel\/UCrPXltd8hsNIiGAKc37hGfQ"]}]}},"_links":{"self":[{"href":"https:\/\/milbaza.lv\/ru\/wp-json\/wp\/v2\/product\/19099","targetHints":{"allow":["GET"]}}],"collection":[{"href":"https:\/\/milbaza.lv\/ru\/wp-json\/wp\/v2\/product"}],"about":[{"href":"https:\/\/milbaza.lv\/ru\/wp-json\/wp\/v2\/types\/product"}],"replies":[{"embeddable":true,"href":"https:\/\/milbaza.lv\/ru\/wp-json\/wp\/v2\/comments?post=19099"}],"wp:featuredmedia":[{"embeddable":true,"href":"https:\/\/milbaza.lv\/ru\/wp-json\/wp\/v2\/media\/19110"}],"wp:attachment":[{"href":"https:\/\/milbaza.lv\/ru\/wp-json\/wp\/v2\/media?parent=19099"}],"wp:term":[{"taxonomy":"product_brand","embeddable":true,"href":"https:\/\/milbaza.lv\/ru\/wp-json\/wp\/v2\/product_brand?post=19099"},{"taxonomy":"product_cat","embeddable":true,"href":"https:\/\/milbaza.lv\/ru\/wp-json\/wp\/v2\/product_cat?post=19099"},{"taxonomy":"product_tag","embeddable":true,"href":"https:\/\/milbaza.lv\/ru\/wp-json\/wp\/v2\/product_tag?post=19099"}],"curies":[{"name":"wp","href":"https:\/\/api.w.org\/{rel}","templated":true}]}}