{"id":19434,"date":"2022-08-22T14:22:52","date_gmt":"2022-08-22T11:22:52","guid":{"rendered":"https:\/\/milbaza.lv\/?post_type=product&#038;p=19434"},"modified":"2026-05-06T13:07:40","modified_gmt":"2026-05-06T10:07:40","slug":"nazis-morakniv-basic-511-limited-edition-2022","status":"publish","type":"product","link":"https:\/\/milbaza.lv\/ru\/produkts\/nazis-morakniv-basic-511-limited-edition-2022\/","title":{"rendered":"MORAKNIV NAZIS BASIC 511 LIMITED EDITION 2022"},"content":{"rendered":"<div>Morakniv\u00ae Basic 511 nazis ieviests 2019. gada unik\u0101laj\u0101 kr\u0101s\u0101. Cietais pirkstu aizsargs optimiz\u0113 dro\u0161\u012bbu, un iztur\u012bgais rokturis padara nazi v\u0113l lab\u0101ku rok\u0101. Asmens ir augst\u0101k\u0101s kvalit\u0101tes, ra\u017eots r\u016bpn\u012bc\u0101 Mor\u0101, Zviedrij\u0101. \u0160is nazis ir izstr\u0101d\u0101ts un paredz\u0113ts Skandin\u0101vijas celtniekiem. Priorit\u0101te ir asa un iztur\u012bga mala ar labu satv\u0113rienu, kas noz\u012bm\u0113, ka mugurkaula izskats nav priorit\u0101te. \u0145emiet v\u0113r\u0101, ka mugurkauls ir \u201cneapstr\u0101d\u0101ts\u201d (nav sl\u012bp\u0113ts), t\u0101p\u0113c tas nav sader\u012bgs ar ugunsdz\u0113s\u0113ju.<\/div>\n<div><\/div>\n<div><\/div>\n<div>Iesp\u0113jas:<\/div>\n<div>Asmens ciet\u012bba: 58-60 HRC<\/div>\n<div>Kop\u0113jais na\u017ea garums: 206 mm<\/div>\n<div>Asmens biezums: 2,0 mm<\/div>\n<div>Asmens garums: 91 mm<\/div>\n","protected":false},"excerpt":{"rendered":"<p>Morakniv\u00ae Basic 511 nazis ieviests 2019. gada unik\u0101laj\u0101 kr\u0101s\u0101. Cietais pirkstu aizsargs optimiz\u0113 dro\u0161\u012bbu, un iztur\u012bgais rokturis padara nazi v\u0113l lab\u0101ku rok\u0101. Asmens ir augst\u0101k\u0101s kvalit\u0101tes, ra\u017eots r\u016bpn\u012bc\u0101 Mor\u0101, Zviedrij\u0101. \u0160is nazis ir izstr\u0101d\u0101ts un paredz\u0113ts Skandin\u0101vijas celtniekiem. Priorit\u0101te ir asa un iztur\u012bga mala ar labu satv\u0113rienu, kas noz\u012bm\u0113, ka mugurkaula izskats nav priorit\u0101te. \u0145emiet [&#8230;]\n","protected":false},"featured_media":19436,"comment_status":"open","ping_status":"closed","template":"","meta":{"_acf_changed":false},"product_brand":[],"product_cat":[518,873,218],"product_tag":[],"class_list":{"0":"post-19434","1":"product","2":"type-product","3":"status-publish","4":"has-post-thumbnail","6":"product_cat-ekipejums","7":"product_cat-fiksetu-asmenu-nazi","8":"product_cat-nazi","10":"first","11":"outofstock","12":"taxable","13":"shipping-taxable","14":"purchasable","15":"product-type-simple"},"acf":[],"yoast_head":"<!-- This site is optimized with the Yoast SEO plugin v27.4 - https:\/\/yoast.com\/product\/yoast-seo-wordpress\/ -->\n<title>MORAKNIV NAZIS BASIC 511 LIMITED EDITION 2022 - MILBAZA \u2013 viss akt\u012bvai atp\u016btai<\/title>\n<meta name=\"description\" content=\"Nopirkt NAZIS MORAKNIV\u00ae BASIC 511 LIMITED EDITION 2022 izdev\u012bga cena un pieg\u0101de. T\u016brisma pre\u010du interneta veikals, pas\u016bt\u012bt online 24\/7!\" \/>\n<meta name=\"robots\" content=\"index, follow, max-snippet:-1, max-image-preview:large, max-video-preview:-1\" \/>\n<link rel=\"canonical\" href=\"https:\/\/milbaza.lv\/ru\/produkts\/nazis-morakniv-basic-511-limited-edition-2022\/\" \/>\n<meta property=\"og:locale\" content=\"ru_RU\" \/>\n<meta property=\"og:type\" content=\"article\" \/>\n<meta property=\"og:title\" content=\"MORAKNIV NAZIS BASIC 511 LIMITED EDITION 2022 - MILBAZA \u2013 viss akt\u012bvai atp\u016btai\" \/>\n<meta property=\"og:description\" content=\"Nopirkt NAZIS MORAKNIV\u00ae BASIC 511 LIMITED EDITION 2022 izdev\u012bga cena un pieg\u0101de. T\u016brisma pre\u010du interneta veikals, pas\u016bt\u012bt online 24\/7!\" \/>\n<meta property=\"og:url\" content=\"https:\/\/milbaza.lv\/ru\/produkts\/nazis-morakniv-basic-511-limited-edition-2022\/\" \/>\n<meta property=\"og:site_name\" content=\"MILBAZA \u2013 viss akt\u012bvai atp\u016btai\" \/>\n<meta property=\"article:publisher\" content=\"https:\/\/www.facebook.com\/profile.php?id=100075399152223\" \/>\n<meta property=\"article:modified_time\" content=\"2026-05-06T10:07:40+00:00\" \/>\n<meta property=\"og:image\" content=\"https:\/\/milbaza.lv\/wp-content\/uploads\/2022\/08\/NZ-511-CS-0Z0XA.jpeg\" \/>\n\t<meta property=\"og:image:width\" content=\"1500\" \/>\n\t<meta property=\"og:image:height\" content=\"1500\" \/>\n\t<meta property=\"og:image:type\" content=\"image\/jpeg\" \/>\n<meta name=\"twitter:card\" content=\"summary_large_image\" \/>\n<meta name=\"twitter:label1\" content=\"\u041f\u0440\u0438\u043c\u0435\u0440\u043d\u043e\u0435 \u0432\u0440\u0435\u043c\u044f \u0434\u043b\u044f \u0447\u0442\u0435\u043d\u0438\u044f\" \/>\n\t<meta name=\"twitter:data1\" content=\"1 \u043c\u0438\u043d\u0443\u0442\u0430\" \/>\n<script type=\"application\/ld+json\" class=\"yoast-schema-graph\">{\"@context\":\"https:\\\/\\\/schema.org\",\"@graph\":[{\"@type\":\"WebPage\",\"@id\":\"https:\\\/\\\/milbaza.lv\\\/ru\\\/produkts\\\/nazis-morakniv-basic-511-limited-edition-2022\\\/\",\"url\":\"https:\\\/\\\/milbaza.lv\\\/ru\\\/produkts\\\/nazis-morakniv-basic-511-limited-edition-2022\\\/\",\"name\":\"MORAKNIV NAZIS BASIC 511 LIMITED EDITION 2022 - MILBAZA \u2013 viss akt\u012bvai atp\u016btai\",\"isPartOf\":{\"@id\":\"https:\\\/\\\/milbaza.lv\\\/ru\\\/#website\"},\"primaryImageOfPage\":{\"@id\":\"https:\\\/\\\/milbaza.lv\\\/ru\\\/produkts\\\/nazis-morakniv-basic-511-limited-edition-2022\\\/#primaryimage\"},\"image\":{\"@id\":\"https:\\\/\\\/milbaza.lv\\\/ru\\\/produkts\\\/nazis-morakniv-basic-511-limited-edition-2022\\\/#primaryimage\"},\"thumbnailUrl\":\"https:\\\/\\\/milbaza.lv\\\/wp-content\\\/uploads\\\/2022\\\/08\\\/NZ-511-CS-0Z0XA.jpeg\",\"datePublished\":\"2022-08-22T11:22:52+00:00\",\"dateModified\":\"2026-05-06T10:07:40+00:00\",\"description\":\"Nopirkt NAZIS MORAKNIV\u00ae BASIC 511 LIMITED EDITION 2022 izdev\u012bga cena un pieg\u0101de. T\u016brisma pre\u010du interneta veikals, pas\u016bt\u012bt online 24\\\/7!\",\"breadcrumb\":{\"@id\":\"https:\\\/\\\/milbaza.lv\\\/ru\\\/produkts\\\/nazis-morakniv-basic-511-limited-edition-2022\\\/#breadcrumb\"},\"inLanguage\":\"ru-RU\",\"potentialAction\":[{\"@type\":\"ReadAction\",\"target\":[\"https:\\\/\\\/milbaza.lv\\\/ru\\\/produkts\\\/nazis-morakniv-basic-511-limited-edition-2022\\\/\"]}]},{\"@type\":\"ImageObject\",\"inLanguage\":\"ru-RU\",\"@id\":\"https:\\\/\\\/milbaza.lv\\\/ru\\\/produkts\\\/nazis-morakniv-basic-511-limited-edition-2022\\\/#primaryimage\",\"url\":\"https:\\\/\\\/milbaza.lv\\\/wp-content\\\/uploads\\\/2022\\\/08\\\/NZ-511-CS-0Z0XA.jpeg\",\"contentUrl\":\"https:\\\/\\\/milbaza.lv\\\/wp-content\\\/uploads\\\/2022\\\/08\\\/NZ-511-CS-0Z0XA.jpeg\",\"width\":1500,\"height\":1500},{\"@type\":\"BreadcrumbList\",\"@id\":\"https:\\\/\\\/milbaza.lv\\\/ru\\\/produkts\\\/nazis-morakniv-basic-511-limited-edition-2022\\\/#breadcrumb\",\"itemListElement\":[{\"@type\":\"ListItem\",\"position\":1,\"name\":\"Home\",\"item\":\"https:\\\/\\\/milbaza.lv\\\/ru\\\/\"},{\"@type\":\"ListItem\",\"position\":2,\"name\":\"\u041c\u0430\u0433\u0430\u0437\u0438\u043d\",\"item\":\"https:\\\/\\\/milbaza.lv\\\/ru\\\/%d0%bc%d0%b0%d0%b3%d0%b0%d0%b7%d0%b8%d0%bd\\\/\"},{\"@type\":\"ListItem\",\"position\":3,\"name\":\"MORAKNIV NAZIS BASIC 511 LIMITED EDITION 2022\"}]},{\"@type\":\"WebSite\",\"@id\":\"https:\\\/\\\/milbaza.lv\\\/ru\\\/#website\",\"url\":\"https:\\\/\\\/milbaza.lv\\\/ru\\\/\",\"name\":\"MILBAZA \u2013 viss akt\u012bvai atp\u016btai\",\"description\":\"Viss akt\u012bvai atp\u016btai\",\"publisher\":{\"@id\":\"https:\\\/\\\/milbaza.lv\\\/ru\\\/#organization\"},\"potentialAction\":[{\"@type\":\"SearchAction\",\"target\":{\"@type\":\"EntryPoint\",\"urlTemplate\":\"https:\\\/\\\/milbaza.lv\\\/ru\\\/?s={search_term_string}\"},\"query-input\":{\"@type\":\"PropertyValueSpecification\",\"valueRequired\":true,\"valueName\":\"search_term_string\"}}],\"inLanguage\":\"ru-RU\"},{\"@type\":\"Organization\",\"@id\":\"https:\\\/\\\/milbaza.lv\\\/ru\\\/#organization\",\"name\":\"Milbaza\",\"url\":\"https:\\\/\\\/milbaza.lv\\\/ru\\\/\",\"logo\":{\"@type\":\"ImageObject\",\"inLanguage\":\"ru-RU\",\"@id\":\"https:\\\/\\\/milbaza.lv\\\/ru\\\/#\\\/schema\\\/logo\\\/image\\\/\",\"url\":\"https:\\\/\\\/milbaza.lv\\\/wp-content\\\/uploads\\\/2021\\\/11\\\/Mil_BAZA_logo3.png\",\"contentUrl\":\"https:\\\/\\\/milbaza.lv\\\/wp-content\\\/uploads\\\/2021\\\/11\\\/Mil_BAZA_logo3.png\",\"width\":564,\"height\":226,\"caption\":\"Milbaza\"},\"image\":{\"@id\":\"https:\\\/\\\/milbaza.lv\\\/ru\\\/#\\\/schema\\\/logo\\\/image\\\/\"},\"sameAs\":[\"https:\\\/\\\/www.facebook.com\\\/profile.php?id=100075399152223\",\"https:\\\/\\\/www.instagram.com\\\/milbaza.lv\\\/\",\"https:\\\/\\\/www.pinterest.com\\\/milbaza\\\/_saved\\\/\",\"https:\\\/\\\/www.youtube.com\\\/channel\\\/UCrPXltd8hsNIiGAKc37hGfQ\"]}]}<\/script>\n<!-- \/ Yoast SEO plugin. -->","yoast_head_json":{"title":"MORAKNIV NAZIS BASIC 511 LIMITED EDITION 2022 - MILBAZA \u2013 viss akt\u012bvai atp\u016btai","description":"Nopirkt NAZIS MORAKNIV\u00ae BASIC 511 LIMITED EDITION 2022 izdev\u012bga cena un pieg\u0101de. T\u016brisma pre\u010du interneta veikals, pas\u016bt\u012bt online 24\/7!","robots":{"index":"index","follow":"follow","max-snippet":"max-snippet:-1","max-image-preview":"max-image-preview:large","max-video-preview":"max-video-preview:-1"},"canonical":"https:\/\/milbaza.lv\/ru\/produkts\/nazis-morakniv-basic-511-limited-edition-2022\/","og_locale":"ru_RU","og_type":"article","og_title":"MORAKNIV NAZIS BASIC 511 LIMITED EDITION 2022 - MILBAZA \u2013 viss akt\u012bvai atp\u016btai","og_description":"Nopirkt NAZIS MORAKNIV\u00ae BASIC 511 LIMITED EDITION 2022 izdev\u012bga cena un pieg\u0101de. T\u016brisma pre\u010du interneta veikals, pas\u016bt\u012bt online 24\/7!","og_url":"https:\/\/milbaza.lv\/ru\/produkts\/nazis-morakniv-basic-511-limited-edition-2022\/","og_site_name":"MILBAZA \u2013 viss akt\u012bvai atp\u016btai","article_publisher":"https:\/\/www.facebook.com\/profile.php?id=100075399152223","article_modified_time":"2026-05-06T10:07:40+00:00","og_image":[{"width":1500,"height":1500,"url":"https:\/\/milbaza.lv\/wp-content\/uploads\/2022\/08\/NZ-511-CS-0Z0XA.jpeg","type":"image\/jpeg"}],"twitter_card":"summary_large_image","twitter_misc":{"\u041f\u0440\u0438\u043c\u0435\u0440\u043d\u043e\u0435 \u0432\u0440\u0435\u043c\u044f \u0434\u043b\u044f \u0447\u0442\u0435\u043d\u0438\u044f":"1 \u043c\u0438\u043d\u0443\u0442\u0430"},"schema":{"@context":"https:\/\/schema.org","@graph":[{"@type":"WebPage","@id":"https:\/\/milbaza.lv\/ru\/produkts\/nazis-morakniv-basic-511-limited-edition-2022\/","url":"https:\/\/milbaza.lv\/ru\/produkts\/nazis-morakniv-basic-511-limited-edition-2022\/","name":"MORAKNIV NAZIS BASIC 511 LIMITED EDITION 2022 - MILBAZA \u2013 viss akt\u012bvai atp\u016btai","isPartOf":{"@id":"https:\/\/milbaza.lv\/ru\/#website"},"primaryImageOfPage":{"@id":"https:\/\/milbaza.lv\/ru\/produkts\/nazis-morakniv-basic-511-limited-edition-2022\/#primaryimage"},"image":{"@id":"https:\/\/milbaza.lv\/ru\/produkts\/nazis-morakniv-basic-511-limited-edition-2022\/#primaryimage"},"thumbnailUrl":"https:\/\/milbaza.lv\/wp-content\/uploads\/2022\/08\/NZ-511-CS-0Z0XA.jpeg","datePublished":"2022-08-22T11:22:52+00:00","dateModified":"2026-05-06T10:07:40+00:00","description":"Nopirkt NAZIS MORAKNIV\u00ae BASIC 511 LIMITED EDITION 2022 izdev\u012bga cena un pieg\u0101de. T\u016brisma pre\u010du interneta veikals, pas\u016bt\u012bt online 24\/7!","breadcrumb":{"@id":"https:\/\/milbaza.lv\/ru\/produkts\/nazis-morakniv-basic-511-limited-edition-2022\/#breadcrumb"},"inLanguage":"ru-RU","potentialAction":[{"@type":"ReadAction","target":["https:\/\/milbaza.lv\/ru\/produkts\/nazis-morakniv-basic-511-limited-edition-2022\/"]}]},{"@type":"ImageObject","inLanguage":"ru-RU","@id":"https:\/\/milbaza.lv\/ru\/produkts\/nazis-morakniv-basic-511-limited-edition-2022\/#primaryimage","url":"https:\/\/milbaza.lv\/wp-content\/uploads\/2022\/08\/NZ-511-CS-0Z0XA.jpeg","contentUrl":"https:\/\/milbaza.lv\/wp-content\/uploads\/2022\/08\/NZ-511-CS-0Z0XA.jpeg","width":1500,"height":1500},{"@type":"BreadcrumbList","@id":"https:\/\/milbaza.lv\/ru\/produkts\/nazis-morakniv-basic-511-limited-edition-2022\/#breadcrumb","itemListElement":[{"@type":"ListItem","position":1,"name":"Home","item":"https:\/\/milbaza.lv\/ru\/"},{"@type":"ListItem","position":2,"name":"\u041c\u0430\u0433\u0430\u0437\u0438\u043d","item":"https:\/\/milbaza.lv\/ru\/%d0%bc%d0%b0%d0%b3%d0%b0%d0%b7%d0%b8%d0%bd\/"},{"@type":"ListItem","position":3,"name":"MORAKNIV NAZIS BASIC 511 LIMITED EDITION 2022"}]},{"@type":"WebSite","@id":"https:\/\/milbaza.lv\/ru\/#website","url":"https:\/\/milbaza.lv\/ru\/","name":"MILBAZA \u2013 viss akt\u012bvai atp\u016btai","description":"Viss akt\u012bvai atp\u016btai","publisher":{"@id":"https:\/\/milbaza.lv\/ru\/#organization"},"potentialAction":[{"@type":"SearchAction","target":{"@type":"EntryPoint","urlTemplate":"https:\/\/milbaza.lv\/ru\/?s={search_term_string}"},"query-input":{"@type":"PropertyValueSpecification","valueRequired":true,"valueName":"search_term_string"}}],"inLanguage":"ru-RU"},{"@type":"Organization","@id":"https:\/\/milbaza.lv\/ru\/#organization","name":"Milbaza","url":"https:\/\/milbaza.lv\/ru\/","logo":{"@type":"ImageObject","inLanguage":"ru-RU","@id":"https:\/\/milbaza.lv\/ru\/#\/schema\/logo\/image\/","url":"https:\/\/milbaza.lv\/wp-content\/uploads\/2021\/11\/Mil_BAZA_logo3.png","contentUrl":"https:\/\/milbaza.lv\/wp-content\/uploads\/2021\/11\/Mil_BAZA_logo3.png","width":564,"height":226,"caption":"Milbaza"},"image":{"@id":"https:\/\/milbaza.lv\/ru\/#\/schema\/logo\/image\/"},"sameAs":["https:\/\/www.facebook.com\/profile.php?id=100075399152223","https:\/\/www.instagram.com\/milbaza.lv\/","https:\/\/www.pinterest.com\/milbaza\/_saved\/","https:\/\/www.youtube.com\/channel\/UCrPXltd8hsNIiGAKc37hGfQ"]}]}},"_links":{"self":[{"href":"https:\/\/milbaza.lv\/ru\/wp-json\/wp\/v2\/product\/19434","targetHints":{"allow":["GET"]}}],"collection":[{"href":"https:\/\/milbaza.lv\/ru\/wp-json\/wp\/v2\/product"}],"about":[{"href":"https:\/\/milbaza.lv\/ru\/wp-json\/wp\/v2\/types\/product"}],"replies":[{"embeddable":true,"href":"https:\/\/milbaza.lv\/ru\/wp-json\/wp\/v2\/comments?post=19434"}],"wp:featuredmedia":[{"embeddable":true,"href":"https:\/\/milbaza.lv\/ru\/wp-json\/wp\/v2\/media\/19436"}],"wp:attachment":[{"href":"https:\/\/milbaza.lv\/ru\/wp-json\/wp\/v2\/media?parent=19434"}],"wp:term":[{"taxonomy":"product_brand","embeddable":true,"href":"https:\/\/milbaza.lv\/ru\/wp-json\/wp\/v2\/product_brand?post=19434"},{"taxonomy":"product_cat","embeddable":true,"href":"https:\/\/milbaza.lv\/ru\/wp-json\/wp\/v2\/product_cat?post=19434"},{"taxonomy":"product_tag","embeddable":true,"href":"https:\/\/milbaza.lv\/ru\/wp-json\/wp\/v2\/product_tag?post=19434"}],"curies":[{"name":"wp","href":"https:\/\/api.w.org\/{rel}","templated":true}]}}