{"id":19574,"date":"2022-08-22T16:20:10","date_gmt":"2022-08-22T13:20:10","guid":{"rendered":"https:\/\/milbaza.lv\/?post_type=product&#038;p=19574"},"modified":"2026-05-06T23:53:03","modified_gmt":"2026-05-06T20:53:03","slug":"soma-bushcraft-satchel-bag-zala-helikon-tex","status":"publish","type":"product","link":"https:\/\/milbaza.lv\/ru\/produkts\/soma-bushcraft-satchel-bag-zala-helikon-tex\/","title":{"rendered":"HELIKON-TEX SOMA BUSHCRAFT SATCHEL BAG\u00ae"},"content":{"rendered":"<div>Bushcraft Satchel\u00ae ir m\u016bsu univers\u0101l\u0101 lauka soma. Var izmantot k\u0101 p\u0101rn\u0113s\u0101\u0161anu vienas dienas izbraucieniem vai ikdienas aktivit\u0101t\u0113m pils\u0113t\u0101. \u0100rk\u0101rt\u012bgi ietilp\u012bgs. Galvenaj\u0101 kamer\u0101 ir t\u012bkla kabata ar r\u0101v\u0113jsl\u0113dz\u0113ju v\u0113rt\u012bgiem priek\u0161metiem, k\u0101 ar\u012b divas elast\u012bgas auklas kabatas, piem. \u016bdens pude\u013cu tur\u0113t\u0101ji. \u0100rpus\u0113 somai ir liela kabata ar r\u0101v\u0113jsl\u0113dz\u0113ju un divas atv\u0113rtas kabatas. MOLLE\/PALS pane\u013ci s\u0101nos un apak\u0161\u0113j\u0101s cilpas \u013cauj piestiprin\u0101t papildu maisi\u0146us un priek\u0161metus. Kompresijas siksnas \u013cauj piel\u0101got izm\u0113ru.<\/div>\n<div><\/div>\n<div><\/div>\n<div>Iesp\u0113jas:<\/div>\n<div>No\u0146emama, regul\u0113jama p\u0101rn\u0113s\u0101\u0161anas josta<\/div>\n<div>\u0100r\u0113j\u0101 kabata ar r\u0101v\u0113jsl\u0113dz\u0113ju<\/div>\n<div>Izstr\u0101d\u0101ts sadarb\u012bb\u0101 ar Survivaltech.pl<\/div>\n<div>T\u012bkla iek\u0161\u0113j\u0101 kabata ar r\u0101v\u0113jsl\u0113dz\u0113ju<\/div>\n<div>YKK\u00ae r\u0101v\u0113jsl\u0113dz\u0113ji<\/div>\n<div>Divas iek\u0161\u0113j\u0101s kabatas ar aukli\u0146u \u016bdens pudelei<\/div>\n<div>Divi fiks\u0113ti tune\u013ci nazim\/cirvim\/saliekamajam z\u0101\u0123im (x2)<\/div>\n<div>Divas s\u0101nu kompresijas siksnas<\/div>\n<div>Apak\u0161\u0113j\u0101s siksnas sadal\u012btas 6 \u0161\u016bn\u0101s<\/div>\n<div>S\u0101nu pane\u013ci MOLLE\/PALS<\/div>\n","protected":false},"excerpt":{"rendered":"<p>Bushcraft Satchel\u00ae ir m\u016bsu univers\u0101l\u0101 lauka soma. Var izmantot k\u0101 p\u0101rn\u0113s\u0101\u0161anu vienas dienas izbraucieniem vai ikdienas aktivit\u0101t\u0113m pils\u0113t\u0101. \u0100rk\u0101rt\u012bgi ietilp\u012bgs. Galvenaj\u0101 kamer\u0101 ir t\u012bkla kabata ar r\u0101v\u0113jsl\u0113dz\u0113ju v\u0113rt\u012bgiem priek\u0161metiem, k\u0101 ar\u012b divas elast\u012bgas auklas kabatas, piem. \u016bdens pude\u013cu tur\u0113t\u0101ji. \u0100rpus\u0113 somai ir liela kabata ar r\u0101v\u0113jsl\u0113dz\u0113ju un divas atv\u0113rtas kabatas. MOLLE\/PALS pane\u013ci s\u0101nos un apak\u0161\u0113j\u0101s [&#8230;]\n","protected":false},"featured_media":19577,"comment_status":"open","ping_status":"closed","template":"","meta":{"_acf_changed":false},"product_brand":[],"product_cat":[28,195],"product_tag":[],"class_list":{"0":"post-19574","1":"product","2":"type-product","3":"status-publish","4":"has-post-thumbnail","6":"product_cat-mugursomas-somas","7":"product_cat-somas","9":"first","10":"outofstock","11":"taxable","12":"shipping-taxable","13":"purchasable","14":"product-type-variable"},"acf":[],"yoast_head":"<!-- This site is optimized with the Yoast SEO plugin v27.4 - https:\/\/yoast.com\/product\/yoast-seo-wordpress\/ -->\n<title>HELIKON-TEX SOMA BUSHCRAFT SATCHEL BAG\u00ae - MILBAZA \u2013 viss akt\u012bvai atp\u016btai<\/title>\n<meta name=\"description\" content=\"Nopirkt HELIKON-TEX SOMA BUSHCRAFT SATCHEL BAG\u00ae izdev\u012bga cena un pieg\u0101de. T\u016brisma pre\u010du interneta veikals, pas\u016bt\u012bt online 24\/7!\" \/>\n<meta name=\"robots\" content=\"index, follow, max-snippet:-1, max-image-preview:large, max-video-preview:-1\" \/>\n<link rel=\"canonical\" href=\"https:\/\/milbaza.lv\/ru\/produkts\/soma-bushcraft-satchel-bag-zala-helikon-tex\/\" \/>\n<meta property=\"og:locale\" content=\"ru_RU\" \/>\n<meta property=\"og:type\" content=\"article\" \/>\n<meta property=\"og:title\" content=\"HELIKON-TEX SOMA BUSHCRAFT SATCHEL BAG\u00ae - MILBAZA \u2013 viss akt\u012bvai atp\u016btai\" \/>\n<meta property=\"og:description\" content=\"Nopirkt HELIKON-TEX SOMA BUSHCRAFT SATCHEL BAG\u00ae izdev\u012bga cena un pieg\u0101de. T\u016brisma pre\u010du interneta veikals, pas\u016bt\u012bt online 24\/7!\" \/>\n<meta property=\"og:url\" content=\"https:\/\/milbaza.lv\/ru\/produkts\/soma-bushcraft-satchel-bag-zala-helikon-tex\/\" \/>\n<meta property=\"og:site_name\" content=\"MILBAZA \u2013 viss akt\u012bvai atp\u016btai\" \/>\n<meta property=\"article:publisher\" content=\"https:\/\/www.facebook.com\/profile.php?id=100075399152223\" \/>\n<meta property=\"article:modified_time\" content=\"2026-05-06T20:53:03+00:00\" \/>\n<meta property=\"og:image\" content=\"https:\/\/milbaza.lv\/wp-content\/uploads\/2022\/08\/TB-BST-CD-02.jpeg\" \/>\n\t<meta property=\"og:image:width\" content=\"1500\" \/>\n\t<meta property=\"og:image:height\" content=\"1500\" \/>\n\t<meta property=\"og:image:type\" content=\"image\/jpeg\" \/>\n<meta name=\"twitter:card\" content=\"summary_large_image\" \/>\n<meta name=\"twitter:label1\" content=\"\u041f\u0440\u0438\u043c\u0435\u0440\u043d\u043e\u0435 \u0432\u0440\u0435\u043c\u044f \u0434\u043b\u044f \u0447\u0442\u0435\u043d\u0438\u044f\" \/>\n\t<meta name=\"twitter:data1\" content=\"1 \u043c\u0438\u043d\u0443\u0442\u0430\" \/>\n<script type=\"application\/ld+json\" class=\"yoast-schema-graph\">{\"@context\":\"https:\\\/\\\/schema.org\",\"@graph\":[{\"@type\":\"WebPage\",\"@id\":\"https:\\\/\\\/milbaza.lv\\\/ru\\\/produkts\\\/soma-bushcraft-satchel-bag-zala-helikon-tex\\\/\",\"url\":\"https:\\\/\\\/milbaza.lv\\\/ru\\\/produkts\\\/soma-bushcraft-satchel-bag-zala-helikon-tex\\\/\",\"name\":\"HELIKON-TEX SOMA BUSHCRAFT SATCHEL BAG\u00ae - MILBAZA \u2013 viss akt\u012bvai atp\u016btai\",\"isPartOf\":{\"@id\":\"https:\\\/\\\/milbaza.lv\\\/ru\\\/#website\"},\"primaryImageOfPage\":{\"@id\":\"https:\\\/\\\/milbaza.lv\\\/ru\\\/produkts\\\/soma-bushcraft-satchel-bag-zala-helikon-tex\\\/#primaryimage\"},\"image\":{\"@id\":\"https:\\\/\\\/milbaza.lv\\\/ru\\\/produkts\\\/soma-bushcraft-satchel-bag-zala-helikon-tex\\\/#primaryimage\"},\"thumbnailUrl\":\"https:\\\/\\\/milbaza.lv\\\/wp-content\\\/uploads\\\/2022\\\/08\\\/TB-BST-CD-02.jpeg\",\"datePublished\":\"2022-08-22T13:20:10+00:00\",\"dateModified\":\"2026-05-06T20:53:03+00:00\",\"description\":\"Nopirkt HELIKON-TEX SOMA BUSHCRAFT SATCHEL BAG\u00ae izdev\u012bga cena un pieg\u0101de. T\u016brisma pre\u010du interneta veikals, pas\u016bt\u012bt online 24\\\/7!\",\"breadcrumb\":{\"@id\":\"https:\\\/\\\/milbaza.lv\\\/ru\\\/produkts\\\/soma-bushcraft-satchel-bag-zala-helikon-tex\\\/#breadcrumb\"},\"inLanguage\":\"ru-RU\",\"potentialAction\":[{\"@type\":\"ReadAction\",\"target\":[\"https:\\\/\\\/milbaza.lv\\\/ru\\\/produkts\\\/soma-bushcraft-satchel-bag-zala-helikon-tex\\\/\"]}]},{\"@type\":\"ImageObject\",\"inLanguage\":\"ru-RU\",\"@id\":\"https:\\\/\\\/milbaza.lv\\\/ru\\\/produkts\\\/soma-bushcraft-satchel-bag-zala-helikon-tex\\\/#primaryimage\",\"url\":\"https:\\\/\\\/milbaza.lv\\\/wp-content\\\/uploads\\\/2022\\\/08\\\/TB-BST-CD-02.jpeg\",\"contentUrl\":\"https:\\\/\\\/milbaza.lv\\\/wp-content\\\/uploads\\\/2022\\\/08\\\/TB-BST-CD-02.jpeg\",\"width\":1500,\"height\":1500},{\"@type\":\"BreadcrumbList\",\"@id\":\"https:\\\/\\\/milbaza.lv\\\/ru\\\/produkts\\\/soma-bushcraft-satchel-bag-zala-helikon-tex\\\/#breadcrumb\",\"itemListElement\":[{\"@type\":\"ListItem\",\"position\":1,\"name\":\"Home\",\"item\":\"https:\\\/\\\/milbaza.lv\\\/ru\\\/\"},{\"@type\":\"ListItem\",\"position\":2,\"name\":\"\u041c\u0430\u0433\u0430\u0437\u0438\u043d\",\"item\":\"https:\\\/\\\/milbaza.lv\\\/ru\\\/%d0%bc%d0%b0%d0%b3%d0%b0%d0%b7%d0%b8%d0%bd\\\/\"},{\"@type\":\"ListItem\",\"position\":3,\"name\":\"HELIKON-TEX SOMA BUSHCRAFT SATCHEL BAG\u00ae\"}]},{\"@type\":\"WebSite\",\"@id\":\"https:\\\/\\\/milbaza.lv\\\/ru\\\/#website\",\"url\":\"https:\\\/\\\/milbaza.lv\\\/ru\\\/\",\"name\":\"MILBAZA \u2013 viss akt\u012bvai atp\u016btai\",\"description\":\"Viss akt\u012bvai atp\u016btai\",\"publisher\":{\"@id\":\"https:\\\/\\\/milbaza.lv\\\/ru\\\/#organization\"},\"potentialAction\":[{\"@type\":\"SearchAction\",\"target\":{\"@type\":\"EntryPoint\",\"urlTemplate\":\"https:\\\/\\\/milbaza.lv\\\/ru\\\/?s={search_term_string}\"},\"query-input\":{\"@type\":\"PropertyValueSpecification\",\"valueRequired\":true,\"valueName\":\"search_term_string\"}}],\"inLanguage\":\"ru-RU\"},{\"@type\":\"Organization\",\"@id\":\"https:\\\/\\\/milbaza.lv\\\/ru\\\/#organization\",\"name\":\"Milbaza\",\"url\":\"https:\\\/\\\/milbaza.lv\\\/ru\\\/\",\"logo\":{\"@type\":\"ImageObject\",\"inLanguage\":\"ru-RU\",\"@id\":\"https:\\\/\\\/milbaza.lv\\\/ru\\\/#\\\/schema\\\/logo\\\/image\\\/\",\"url\":\"https:\\\/\\\/milbaza.lv\\\/wp-content\\\/uploads\\\/2021\\\/11\\\/Mil_BAZA_logo3.png\",\"contentUrl\":\"https:\\\/\\\/milbaza.lv\\\/wp-content\\\/uploads\\\/2021\\\/11\\\/Mil_BAZA_logo3.png\",\"width\":564,\"height\":226,\"caption\":\"Milbaza\"},\"image\":{\"@id\":\"https:\\\/\\\/milbaza.lv\\\/ru\\\/#\\\/schema\\\/logo\\\/image\\\/\"},\"sameAs\":[\"https:\\\/\\\/www.facebook.com\\\/profile.php?id=100075399152223\",\"https:\\\/\\\/www.instagram.com\\\/milbaza.lv\\\/\",\"https:\\\/\\\/www.pinterest.com\\\/milbaza\\\/_saved\\\/\",\"https:\\\/\\\/www.youtube.com\\\/channel\\\/UCrPXltd8hsNIiGAKc37hGfQ\"]}]}<\/script>\n<!-- \/ Yoast SEO plugin. -->","yoast_head_json":{"title":"HELIKON-TEX SOMA BUSHCRAFT SATCHEL BAG\u00ae - MILBAZA \u2013 viss akt\u012bvai atp\u016btai","description":"Nopirkt HELIKON-TEX SOMA BUSHCRAFT SATCHEL BAG\u00ae izdev\u012bga cena un pieg\u0101de. T\u016brisma pre\u010du interneta veikals, pas\u016bt\u012bt online 24\/7!","robots":{"index":"index","follow":"follow","max-snippet":"max-snippet:-1","max-image-preview":"max-image-preview:large","max-video-preview":"max-video-preview:-1"},"canonical":"https:\/\/milbaza.lv\/ru\/produkts\/soma-bushcraft-satchel-bag-zala-helikon-tex\/","og_locale":"ru_RU","og_type":"article","og_title":"HELIKON-TEX SOMA BUSHCRAFT SATCHEL BAG\u00ae - MILBAZA \u2013 viss akt\u012bvai atp\u016btai","og_description":"Nopirkt HELIKON-TEX SOMA BUSHCRAFT SATCHEL BAG\u00ae izdev\u012bga cena un pieg\u0101de. T\u016brisma pre\u010du interneta veikals, pas\u016bt\u012bt online 24\/7!","og_url":"https:\/\/milbaza.lv\/ru\/produkts\/soma-bushcraft-satchel-bag-zala-helikon-tex\/","og_site_name":"MILBAZA \u2013 viss akt\u012bvai atp\u016btai","article_publisher":"https:\/\/www.facebook.com\/profile.php?id=100075399152223","article_modified_time":"2026-05-06T20:53:03+00:00","og_image":[{"width":1500,"height":1500,"url":"https:\/\/milbaza.lv\/wp-content\/uploads\/2022\/08\/TB-BST-CD-02.jpeg","type":"image\/jpeg"}],"twitter_card":"summary_large_image","twitter_misc":{"\u041f\u0440\u0438\u043c\u0435\u0440\u043d\u043e\u0435 \u0432\u0440\u0435\u043c\u044f \u0434\u043b\u044f \u0447\u0442\u0435\u043d\u0438\u044f":"1 \u043c\u0438\u043d\u0443\u0442\u0430"},"schema":{"@context":"https:\/\/schema.org","@graph":[{"@type":"WebPage","@id":"https:\/\/milbaza.lv\/ru\/produkts\/soma-bushcraft-satchel-bag-zala-helikon-tex\/","url":"https:\/\/milbaza.lv\/ru\/produkts\/soma-bushcraft-satchel-bag-zala-helikon-tex\/","name":"HELIKON-TEX SOMA BUSHCRAFT SATCHEL BAG\u00ae - MILBAZA \u2013 viss akt\u012bvai atp\u016btai","isPartOf":{"@id":"https:\/\/milbaza.lv\/ru\/#website"},"primaryImageOfPage":{"@id":"https:\/\/milbaza.lv\/ru\/produkts\/soma-bushcraft-satchel-bag-zala-helikon-tex\/#primaryimage"},"image":{"@id":"https:\/\/milbaza.lv\/ru\/produkts\/soma-bushcraft-satchel-bag-zala-helikon-tex\/#primaryimage"},"thumbnailUrl":"https:\/\/milbaza.lv\/wp-content\/uploads\/2022\/08\/TB-BST-CD-02.jpeg","datePublished":"2022-08-22T13:20:10+00:00","dateModified":"2026-05-06T20:53:03+00:00","description":"Nopirkt HELIKON-TEX SOMA BUSHCRAFT SATCHEL BAG\u00ae izdev\u012bga cena un pieg\u0101de. T\u016brisma pre\u010du interneta veikals, pas\u016bt\u012bt online 24\/7!","breadcrumb":{"@id":"https:\/\/milbaza.lv\/ru\/produkts\/soma-bushcraft-satchel-bag-zala-helikon-tex\/#breadcrumb"},"inLanguage":"ru-RU","potentialAction":[{"@type":"ReadAction","target":["https:\/\/milbaza.lv\/ru\/produkts\/soma-bushcraft-satchel-bag-zala-helikon-tex\/"]}]},{"@type":"ImageObject","inLanguage":"ru-RU","@id":"https:\/\/milbaza.lv\/ru\/produkts\/soma-bushcraft-satchel-bag-zala-helikon-tex\/#primaryimage","url":"https:\/\/milbaza.lv\/wp-content\/uploads\/2022\/08\/TB-BST-CD-02.jpeg","contentUrl":"https:\/\/milbaza.lv\/wp-content\/uploads\/2022\/08\/TB-BST-CD-02.jpeg","width":1500,"height":1500},{"@type":"BreadcrumbList","@id":"https:\/\/milbaza.lv\/ru\/produkts\/soma-bushcraft-satchel-bag-zala-helikon-tex\/#breadcrumb","itemListElement":[{"@type":"ListItem","position":1,"name":"Home","item":"https:\/\/milbaza.lv\/ru\/"},{"@type":"ListItem","position":2,"name":"\u041c\u0430\u0433\u0430\u0437\u0438\u043d","item":"https:\/\/milbaza.lv\/ru\/%d0%bc%d0%b0%d0%b3%d0%b0%d0%b7%d0%b8%d0%bd\/"},{"@type":"ListItem","position":3,"name":"HELIKON-TEX SOMA BUSHCRAFT SATCHEL BAG\u00ae"}]},{"@type":"WebSite","@id":"https:\/\/milbaza.lv\/ru\/#website","url":"https:\/\/milbaza.lv\/ru\/","name":"MILBAZA \u2013 viss akt\u012bvai atp\u016btai","description":"Viss akt\u012bvai atp\u016btai","publisher":{"@id":"https:\/\/milbaza.lv\/ru\/#organization"},"potentialAction":[{"@type":"SearchAction","target":{"@type":"EntryPoint","urlTemplate":"https:\/\/milbaza.lv\/ru\/?s={search_term_string}"},"query-input":{"@type":"PropertyValueSpecification","valueRequired":true,"valueName":"search_term_string"}}],"inLanguage":"ru-RU"},{"@type":"Organization","@id":"https:\/\/milbaza.lv\/ru\/#organization","name":"Milbaza","url":"https:\/\/milbaza.lv\/ru\/","logo":{"@type":"ImageObject","inLanguage":"ru-RU","@id":"https:\/\/milbaza.lv\/ru\/#\/schema\/logo\/image\/","url":"https:\/\/milbaza.lv\/wp-content\/uploads\/2021\/11\/Mil_BAZA_logo3.png","contentUrl":"https:\/\/milbaza.lv\/wp-content\/uploads\/2021\/11\/Mil_BAZA_logo3.png","width":564,"height":226,"caption":"Milbaza"},"image":{"@id":"https:\/\/milbaza.lv\/ru\/#\/schema\/logo\/image\/"},"sameAs":["https:\/\/www.facebook.com\/profile.php?id=100075399152223","https:\/\/www.instagram.com\/milbaza.lv\/","https:\/\/www.pinterest.com\/milbaza\/_saved\/","https:\/\/www.youtube.com\/channel\/UCrPXltd8hsNIiGAKc37hGfQ"]}]}},"_links":{"self":[{"href":"https:\/\/milbaza.lv\/ru\/wp-json\/wp\/v2\/product\/19574","targetHints":{"allow":["GET"]}}],"collection":[{"href":"https:\/\/milbaza.lv\/ru\/wp-json\/wp\/v2\/product"}],"about":[{"href":"https:\/\/milbaza.lv\/ru\/wp-json\/wp\/v2\/types\/product"}],"replies":[{"embeddable":true,"href":"https:\/\/milbaza.lv\/ru\/wp-json\/wp\/v2\/comments?post=19574"}],"wp:featuredmedia":[{"embeddable":true,"href":"https:\/\/milbaza.lv\/ru\/wp-json\/wp\/v2\/media\/19577"}],"wp:attachment":[{"href":"https:\/\/milbaza.lv\/ru\/wp-json\/wp\/v2\/media?parent=19574"}],"wp:term":[{"taxonomy":"product_brand","embeddable":true,"href":"https:\/\/milbaza.lv\/ru\/wp-json\/wp\/v2\/product_brand?post=19574"},{"taxonomy":"product_cat","embeddable":true,"href":"https:\/\/milbaza.lv\/ru\/wp-json\/wp\/v2\/product_cat?post=19574"},{"taxonomy":"product_tag","embeddable":true,"href":"https:\/\/milbaza.lv\/ru\/wp-json\/wp\/v2\/product_tag?post=19574"}],"curies":[{"name":"wp","href":"https:\/\/api.w.org\/{rel}","templated":true}]}}