{"id":19586,"date":"2022-08-22T16:26:46","date_gmt":"2022-08-22T13:26:46","guid":{"rendered":"https:\/\/milbaza.lv\/?post_type=product&#038;p=19586"},"modified":"2026-05-06T12:39:08","modified_gmt":"2026-05-06T09:39:08","slug":"soma-wombat-mk2-shoulder-bag-zala","status":"publish","type":"product","link":"https:\/\/milbaza.lv\/ru\/produkts\/soma-wombat-mk2-shoulder-bag-zala\/","title":{"rendered":"HELIKON-TEX SOMA WOMBAT MK2 SHOULDER BAG\u00ae"},"content":{"rendered":"<div>Wombat Mk2\u00ae ir viegla soma, kas paredz\u0113ta, lai taj\u0101 ieliktu daudz lietu, un t\u0101 b\u016btu ide\u0101la komplekta soma, automa\u0161\u012bnas soma vai sporta soma. Iztur\u012bgi audumi un p\u0101rn\u0113s\u0101\u0161anas siksna \u013cauj \u0113rti n\u0113s\u0101t un pat tad, ja tas ir piepild\u012bts ar smagu komplektu. Dizains \u013cauj \u0101tri piek\u013c\u016bt saturam un padara lietu pild\u012b\u0161anu vienk\u0101r\u0161u. Pied\u0101v\u0101tie risin\u0101jumi \u013cauj individu\u0101li sadal\u012bt interjeru. Ir \u010detras \u0101r\u0113j\u0101s kabatas ar r\u0101v\u0113jsl\u0113dz\u0113ju. Divas priek\u0161\u0113j\u0101s ir izkl\u0101tas ar velcro cilpu. Somas priek\u0161pus\u0113 ir ar\u012b iestr\u0101d\u0101ta kabata ar velcro paneli. Galvenaj\u0101 kamer\u0101 ir divas iek\u0161\u0113j\u0101s sieta kabatas ar r\u0101v\u0113jsl\u0113dz\u0113ju, divas kabatas ar elast\u012bgas lentes aizdari un lielu velcro paneli, lai piestiprin\u0101tu jebkuru ar Versatile Insert System\u00ae sader\u012bgo ieliktni no m\u016bsu kataloga. Universal Carrying Strap\u00ae kalpo k\u0101 p\u0101rn\u0113s\u0101\u0161anas siksna. Vair\u0101kas PALS cilpas \u013cauj piestiprin\u0101t pie siksnas papildu maci\u0146us vai \u0161tropes. Spr\u0101dzes \u013cauj ar to pa\u0161u siksnu p\u0101rn\u0113s\u0101t da\u017eas citas somas no m\u016bsu kataloga.<\/div>\n<div><\/div>\n<div><\/div>\n<div>Iesp\u0113jas:<\/div>\n<div>Viegla konstrukcija ar garu galveno aizdari<\/div>\n<div>YKK\u00ae r\u0101v\u0113jsl\u0113dz\u0113ji<\/div>\n<div>\u0100r\u0113j\u0101 kabata ar r\u0101v\u0113jsl\u0113dz\u0113ju ar cilpu paneli<\/div>\n<div>Daudzfunkcion\u0101ls<\/div>\n<div>Iek\u0161\u0113j\u0101s cilpas panelis ir savietojams ar Versatile Insert System\u00ae<\/div>\n<div>No\u0146emama univers\u0101l\u0101 p\u0101rn\u0113s\u0101\u0161anas siksna\u00ae, ko var izmantot citos produktos (Urban Courier Bag\u00ae Large i Medium)<\/div>\n<div>Pla\u0161s galvenais nodal\u012bjums, kas sast\u0101v no div\u0101m t\u012bkla kabat\u0101m ar r\u0101v\u0113jsl\u0113dz\u0113ju, no kur\u0101m divas ir ar elast\u012bgu lenti, un liela cilpas pane\u013ca<\/div>\n<div>WooJin\u00ae spr\u0101dze<\/div>\n<div>\u010cetras \u0101r\u0113j\u0101s kabatas ar r\u0101v\u0113jsl\u0113dz\u0113ju (divas priek\u0161\u0113j\u0101s kabatas polster\u0113tas ar cilp\u0101m)<\/div>\n","protected":false},"excerpt":{"rendered":"<p>Wombat Mk2\u00ae ir viegla soma, kas paredz\u0113ta, lai taj\u0101 ieliktu daudz lietu, un t\u0101 b\u016btu ide\u0101la komplekta soma, automa\u0161\u012bnas soma vai sporta soma. Iztur\u012bgi audumi un p\u0101rn\u0113s\u0101\u0161anas siksna \u013cauj \u0113rti n\u0113s\u0101t un pat tad, ja tas ir piepild\u012bts ar smagu komplektu. Dizains \u013cauj \u0101tri piek\u013c\u016bt saturam un padara lietu pild\u012b\u0161anu vienk\u0101r\u0161u. Pied\u0101v\u0101tie risin\u0101jumi \u013cauj individu\u0101li [&#8230;]\n","protected":false},"featured_media":19587,"comment_status":"open","ping_status":"closed","template":"","meta":{"_acf_changed":false},"product_brand":[],"product_cat":[28,195],"product_tag":[],"class_list":{"0":"post-19586","1":"product","2":"type-product","3":"status-publish","4":"has-post-thumbnail","6":"product_cat-mugursomas-somas","7":"product_cat-somas","9":"first","10":"outofstock","11":"taxable","12":"shipping-taxable","13":"purchasable","14":"product-type-variable","15":"has-default-attributes"},"acf":[],"yoast_head":"<!-- This site is optimized with the Yoast SEO plugin v27.4 - https:\/\/yoast.com\/product\/yoast-seo-wordpress\/ -->\n<title>HELIKON-TEX SOMA WOMBAT MK2 SHOULDER BAG\u00ae - MILBAZA \u2013 viss akt\u012bvai atp\u016btai<\/title>\n<meta name=\"description\" content=\"Nopirkt SOMA WOMBAT MK2 SHOULDER BAG\u00ae ZA\u013bA izdev\u012bga cena un pieg\u0101de. T\u016brisma pre\u010du interneta veikals, pas\u016bt\u012bt online 24\/7!\" \/>\n<meta name=\"robots\" content=\"index, follow, max-snippet:-1, max-image-preview:large, max-video-preview:-1\" \/>\n<link rel=\"canonical\" href=\"https:\/\/milbaza.lv\/ru\/produkts\/soma-wombat-mk2-shoulder-bag-zala\/\" \/>\n<meta property=\"og:locale\" content=\"ru_RU\" \/>\n<meta property=\"og:type\" content=\"article\" \/>\n<meta property=\"og:title\" content=\"HELIKON-TEX SOMA WOMBAT MK2 SHOULDER BAG\u00ae - MILBAZA \u2013 viss akt\u012bvai atp\u016btai\" \/>\n<meta property=\"og:description\" content=\"Nopirkt SOMA WOMBAT MK2 SHOULDER BAG\u00ae ZA\u013bA izdev\u012bga cena un pieg\u0101de. T\u016brisma pre\u010du interneta veikals, pas\u016bt\u012bt online 24\/7!\" \/>\n<meta property=\"og:url\" content=\"https:\/\/milbaza.lv\/ru\/produkts\/soma-wombat-mk2-shoulder-bag-zala\/\" \/>\n<meta property=\"og:site_name\" content=\"MILBAZA \u2013 viss akt\u012bvai atp\u016btai\" \/>\n<meta property=\"article:publisher\" content=\"https:\/\/www.facebook.com\/profile.php?id=100075399152223\" \/>\n<meta property=\"article:modified_time\" content=\"2026-05-06T09:39:08+00:00\" \/>\n<meta property=\"og:image\" content=\"https:\/\/milbaza.lv\/wp-content\/uploads\/2022\/08\/TB-WB2-CD-12.jpeg\" \/>\n\t<meta property=\"og:image:width\" content=\"1500\" \/>\n\t<meta property=\"og:image:height\" content=\"1500\" \/>\n\t<meta property=\"og:image:type\" content=\"image\/jpeg\" \/>\n<meta name=\"twitter:card\" content=\"summary_large_image\" \/>\n<meta name=\"twitter:label1\" content=\"\u041f\u0440\u0438\u043c\u0435\u0440\u043d\u043e\u0435 \u0432\u0440\u0435\u043c\u044f \u0434\u043b\u044f \u0447\u0442\u0435\u043d\u0438\u044f\" \/>\n\t<meta name=\"twitter:data1\" content=\"2 \u043c\u0438\u043d\u0443\u0442\u044b\" \/>\n<script type=\"application\/ld+json\" class=\"yoast-schema-graph\">{\"@context\":\"https:\\\/\\\/schema.org\",\"@graph\":[{\"@type\":\"WebPage\",\"@id\":\"https:\\\/\\\/milbaza.lv\\\/ru\\\/produkts\\\/soma-wombat-mk2-shoulder-bag-zala\\\/\",\"url\":\"https:\\\/\\\/milbaza.lv\\\/ru\\\/produkts\\\/soma-wombat-mk2-shoulder-bag-zala\\\/\",\"name\":\"HELIKON-TEX SOMA WOMBAT MK2 SHOULDER BAG\u00ae - MILBAZA \u2013 viss akt\u012bvai atp\u016btai\",\"isPartOf\":{\"@id\":\"https:\\\/\\\/milbaza.lv\\\/ru\\\/#website\"},\"primaryImageOfPage\":{\"@id\":\"https:\\\/\\\/milbaza.lv\\\/ru\\\/produkts\\\/soma-wombat-mk2-shoulder-bag-zala\\\/#primaryimage\"},\"image\":{\"@id\":\"https:\\\/\\\/milbaza.lv\\\/ru\\\/produkts\\\/soma-wombat-mk2-shoulder-bag-zala\\\/#primaryimage\"},\"thumbnailUrl\":\"https:\\\/\\\/milbaza.lv\\\/wp-content\\\/uploads\\\/2022\\\/08\\\/TB-WB2-CD-12.jpeg\",\"datePublished\":\"2022-08-22T13:26:46+00:00\",\"dateModified\":\"2026-05-06T09:39:08+00:00\",\"description\":\"Nopirkt SOMA WOMBAT MK2 SHOULDER BAG\u00ae ZA\u013bA izdev\u012bga cena un pieg\u0101de. T\u016brisma pre\u010du interneta veikals, pas\u016bt\u012bt online 24\\\/7!\",\"breadcrumb\":{\"@id\":\"https:\\\/\\\/milbaza.lv\\\/ru\\\/produkts\\\/soma-wombat-mk2-shoulder-bag-zala\\\/#breadcrumb\"},\"inLanguage\":\"ru-RU\",\"potentialAction\":[{\"@type\":\"ReadAction\",\"target\":[\"https:\\\/\\\/milbaza.lv\\\/ru\\\/produkts\\\/soma-wombat-mk2-shoulder-bag-zala\\\/\"]}]},{\"@type\":\"ImageObject\",\"inLanguage\":\"ru-RU\",\"@id\":\"https:\\\/\\\/milbaza.lv\\\/ru\\\/produkts\\\/soma-wombat-mk2-shoulder-bag-zala\\\/#primaryimage\",\"url\":\"https:\\\/\\\/milbaza.lv\\\/wp-content\\\/uploads\\\/2022\\\/08\\\/TB-WB2-CD-12.jpeg\",\"contentUrl\":\"https:\\\/\\\/milbaza.lv\\\/wp-content\\\/uploads\\\/2022\\\/08\\\/TB-WB2-CD-12.jpeg\",\"width\":1500,\"height\":1500},{\"@type\":\"BreadcrumbList\",\"@id\":\"https:\\\/\\\/milbaza.lv\\\/ru\\\/produkts\\\/soma-wombat-mk2-shoulder-bag-zala\\\/#breadcrumb\",\"itemListElement\":[{\"@type\":\"ListItem\",\"position\":1,\"name\":\"Home\",\"item\":\"https:\\\/\\\/milbaza.lv\\\/ru\\\/\"},{\"@type\":\"ListItem\",\"position\":2,\"name\":\"\u041c\u0430\u0433\u0430\u0437\u0438\u043d\",\"item\":\"https:\\\/\\\/milbaza.lv\\\/ru\\\/%d0%bc%d0%b0%d0%b3%d0%b0%d0%b7%d0%b8%d0%bd\\\/\"},{\"@type\":\"ListItem\",\"position\":3,\"name\":\"HELIKON-TEX SOMA WOMBAT MK2 SHOULDER BAG\u00ae\"}]},{\"@type\":\"WebSite\",\"@id\":\"https:\\\/\\\/milbaza.lv\\\/ru\\\/#website\",\"url\":\"https:\\\/\\\/milbaza.lv\\\/ru\\\/\",\"name\":\"MILBAZA \u2013 viss akt\u012bvai atp\u016btai\",\"description\":\"Viss akt\u012bvai atp\u016btai\",\"publisher\":{\"@id\":\"https:\\\/\\\/milbaza.lv\\\/ru\\\/#organization\"},\"potentialAction\":[{\"@type\":\"SearchAction\",\"target\":{\"@type\":\"EntryPoint\",\"urlTemplate\":\"https:\\\/\\\/milbaza.lv\\\/ru\\\/?s={search_term_string}\"},\"query-input\":{\"@type\":\"PropertyValueSpecification\",\"valueRequired\":true,\"valueName\":\"search_term_string\"}}],\"inLanguage\":\"ru-RU\"},{\"@type\":\"Organization\",\"@id\":\"https:\\\/\\\/milbaza.lv\\\/ru\\\/#organization\",\"name\":\"Milbaza\",\"url\":\"https:\\\/\\\/milbaza.lv\\\/ru\\\/\",\"logo\":{\"@type\":\"ImageObject\",\"inLanguage\":\"ru-RU\",\"@id\":\"https:\\\/\\\/milbaza.lv\\\/ru\\\/#\\\/schema\\\/logo\\\/image\\\/\",\"url\":\"https:\\\/\\\/milbaza.lv\\\/wp-content\\\/uploads\\\/2021\\\/11\\\/Mil_BAZA_logo3.png\",\"contentUrl\":\"https:\\\/\\\/milbaza.lv\\\/wp-content\\\/uploads\\\/2021\\\/11\\\/Mil_BAZA_logo3.png\",\"width\":564,\"height\":226,\"caption\":\"Milbaza\"},\"image\":{\"@id\":\"https:\\\/\\\/milbaza.lv\\\/ru\\\/#\\\/schema\\\/logo\\\/image\\\/\"},\"sameAs\":[\"https:\\\/\\\/www.facebook.com\\\/profile.php?id=100075399152223\",\"https:\\\/\\\/www.instagram.com\\\/milbaza.lv\\\/\",\"https:\\\/\\\/www.pinterest.com\\\/milbaza\\\/_saved\\\/\",\"https:\\\/\\\/www.youtube.com\\\/channel\\\/UCrPXltd8hsNIiGAKc37hGfQ\"]}]}<\/script>\n<!-- \/ Yoast SEO plugin. -->","yoast_head_json":{"title":"HELIKON-TEX SOMA WOMBAT MK2 SHOULDER BAG\u00ae - MILBAZA \u2013 viss akt\u012bvai atp\u016btai","description":"Nopirkt SOMA WOMBAT MK2 SHOULDER BAG\u00ae ZA\u013bA izdev\u012bga cena un pieg\u0101de. T\u016brisma pre\u010du interneta veikals, pas\u016bt\u012bt online 24\/7!","robots":{"index":"index","follow":"follow","max-snippet":"max-snippet:-1","max-image-preview":"max-image-preview:large","max-video-preview":"max-video-preview:-1"},"canonical":"https:\/\/milbaza.lv\/ru\/produkts\/soma-wombat-mk2-shoulder-bag-zala\/","og_locale":"ru_RU","og_type":"article","og_title":"HELIKON-TEX SOMA WOMBAT MK2 SHOULDER BAG\u00ae - MILBAZA \u2013 viss akt\u012bvai atp\u016btai","og_description":"Nopirkt SOMA WOMBAT MK2 SHOULDER BAG\u00ae ZA\u013bA izdev\u012bga cena un pieg\u0101de. T\u016brisma pre\u010du interneta veikals, pas\u016bt\u012bt online 24\/7!","og_url":"https:\/\/milbaza.lv\/ru\/produkts\/soma-wombat-mk2-shoulder-bag-zala\/","og_site_name":"MILBAZA \u2013 viss akt\u012bvai atp\u016btai","article_publisher":"https:\/\/www.facebook.com\/profile.php?id=100075399152223","article_modified_time":"2026-05-06T09:39:08+00:00","og_image":[{"width":1500,"height":1500,"url":"https:\/\/milbaza.lv\/wp-content\/uploads\/2022\/08\/TB-WB2-CD-12.jpeg","type":"image\/jpeg"}],"twitter_card":"summary_large_image","twitter_misc":{"\u041f\u0440\u0438\u043c\u0435\u0440\u043d\u043e\u0435 \u0432\u0440\u0435\u043c\u044f \u0434\u043b\u044f \u0447\u0442\u0435\u043d\u0438\u044f":"2 \u043c\u0438\u043d\u0443\u0442\u044b"},"schema":{"@context":"https:\/\/schema.org","@graph":[{"@type":"WebPage","@id":"https:\/\/milbaza.lv\/ru\/produkts\/soma-wombat-mk2-shoulder-bag-zala\/","url":"https:\/\/milbaza.lv\/ru\/produkts\/soma-wombat-mk2-shoulder-bag-zala\/","name":"HELIKON-TEX SOMA WOMBAT MK2 SHOULDER BAG\u00ae - MILBAZA \u2013 viss akt\u012bvai atp\u016btai","isPartOf":{"@id":"https:\/\/milbaza.lv\/ru\/#website"},"primaryImageOfPage":{"@id":"https:\/\/milbaza.lv\/ru\/produkts\/soma-wombat-mk2-shoulder-bag-zala\/#primaryimage"},"image":{"@id":"https:\/\/milbaza.lv\/ru\/produkts\/soma-wombat-mk2-shoulder-bag-zala\/#primaryimage"},"thumbnailUrl":"https:\/\/milbaza.lv\/wp-content\/uploads\/2022\/08\/TB-WB2-CD-12.jpeg","datePublished":"2022-08-22T13:26:46+00:00","dateModified":"2026-05-06T09:39:08+00:00","description":"Nopirkt SOMA WOMBAT MK2 SHOULDER BAG\u00ae ZA\u013bA izdev\u012bga cena un pieg\u0101de. T\u016brisma pre\u010du interneta veikals, pas\u016bt\u012bt online 24\/7!","breadcrumb":{"@id":"https:\/\/milbaza.lv\/ru\/produkts\/soma-wombat-mk2-shoulder-bag-zala\/#breadcrumb"},"inLanguage":"ru-RU","potentialAction":[{"@type":"ReadAction","target":["https:\/\/milbaza.lv\/ru\/produkts\/soma-wombat-mk2-shoulder-bag-zala\/"]}]},{"@type":"ImageObject","inLanguage":"ru-RU","@id":"https:\/\/milbaza.lv\/ru\/produkts\/soma-wombat-mk2-shoulder-bag-zala\/#primaryimage","url":"https:\/\/milbaza.lv\/wp-content\/uploads\/2022\/08\/TB-WB2-CD-12.jpeg","contentUrl":"https:\/\/milbaza.lv\/wp-content\/uploads\/2022\/08\/TB-WB2-CD-12.jpeg","width":1500,"height":1500},{"@type":"BreadcrumbList","@id":"https:\/\/milbaza.lv\/ru\/produkts\/soma-wombat-mk2-shoulder-bag-zala\/#breadcrumb","itemListElement":[{"@type":"ListItem","position":1,"name":"Home","item":"https:\/\/milbaza.lv\/ru\/"},{"@type":"ListItem","position":2,"name":"\u041c\u0430\u0433\u0430\u0437\u0438\u043d","item":"https:\/\/milbaza.lv\/ru\/%d0%bc%d0%b0%d0%b3%d0%b0%d0%b7%d0%b8%d0%bd\/"},{"@type":"ListItem","position":3,"name":"HELIKON-TEX SOMA WOMBAT MK2 SHOULDER BAG\u00ae"}]},{"@type":"WebSite","@id":"https:\/\/milbaza.lv\/ru\/#website","url":"https:\/\/milbaza.lv\/ru\/","name":"MILBAZA \u2013 viss akt\u012bvai atp\u016btai","description":"Viss akt\u012bvai atp\u016btai","publisher":{"@id":"https:\/\/milbaza.lv\/ru\/#organization"},"potentialAction":[{"@type":"SearchAction","target":{"@type":"EntryPoint","urlTemplate":"https:\/\/milbaza.lv\/ru\/?s={search_term_string}"},"query-input":{"@type":"PropertyValueSpecification","valueRequired":true,"valueName":"search_term_string"}}],"inLanguage":"ru-RU"},{"@type":"Organization","@id":"https:\/\/milbaza.lv\/ru\/#organization","name":"Milbaza","url":"https:\/\/milbaza.lv\/ru\/","logo":{"@type":"ImageObject","inLanguage":"ru-RU","@id":"https:\/\/milbaza.lv\/ru\/#\/schema\/logo\/image\/","url":"https:\/\/milbaza.lv\/wp-content\/uploads\/2021\/11\/Mil_BAZA_logo3.png","contentUrl":"https:\/\/milbaza.lv\/wp-content\/uploads\/2021\/11\/Mil_BAZA_logo3.png","width":564,"height":226,"caption":"Milbaza"},"image":{"@id":"https:\/\/milbaza.lv\/ru\/#\/schema\/logo\/image\/"},"sameAs":["https:\/\/www.facebook.com\/profile.php?id=100075399152223","https:\/\/www.instagram.com\/milbaza.lv\/","https:\/\/www.pinterest.com\/milbaza\/_saved\/","https:\/\/www.youtube.com\/channel\/UCrPXltd8hsNIiGAKc37hGfQ"]}]}},"_links":{"self":[{"href":"https:\/\/milbaza.lv\/ru\/wp-json\/wp\/v2\/product\/19586","targetHints":{"allow":["GET"]}}],"collection":[{"href":"https:\/\/milbaza.lv\/ru\/wp-json\/wp\/v2\/product"}],"about":[{"href":"https:\/\/milbaza.lv\/ru\/wp-json\/wp\/v2\/types\/product"}],"replies":[{"embeddable":true,"href":"https:\/\/milbaza.lv\/ru\/wp-json\/wp\/v2\/comments?post=19586"}],"wp:featuredmedia":[{"embeddable":true,"href":"https:\/\/milbaza.lv\/ru\/wp-json\/wp\/v2\/media\/19587"}],"wp:attachment":[{"href":"https:\/\/milbaza.lv\/ru\/wp-json\/wp\/v2\/media?parent=19586"}],"wp:term":[{"taxonomy":"product_brand","embeddable":true,"href":"https:\/\/milbaza.lv\/ru\/wp-json\/wp\/v2\/product_brand?post=19586"},{"taxonomy":"product_cat","embeddable":true,"href":"https:\/\/milbaza.lv\/ru\/wp-json\/wp\/v2\/product_cat?post=19586"},{"taxonomy":"product_tag","embeddable":true,"href":"https:\/\/milbaza.lv\/ru\/wp-json\/wp\/v2\/product_tag?post=19586"}],"curies":[{"name":"wp","href":"https:\/\/api.w.org\/{rel}","templated":true}]}}