{"id":19839,"date":"2022-08-25T16:15:58","date_gmt":"2022-08-25T13:15:58","guid":{"rendered":"https:\/\/milbaza.lv\/?post_type=product&#038;p=19839"},"modified":"2026-04-19T21:06:18","modified_gmt":"2026-04-19T18:06:18","slug":"esanas-piederumi-no-viegla-terauda-mil-tec","status":"publish","type":"product","link":"https:\/\/milbaza.lv\/ru\/produkts\/esanas-piederumi-no-viegla-terauda-mil-tec\/","title":{"rendered":"MIL-TEC E\u0160ANAS PIEDERUMI NO VIEGLA T\u0112RAUDA"},"content":{"rendered":"<div>Ner\u016bs\u0113jo\u0161ais t\u0113rauds<\/div>\n<div>Svars: 95 g<\/div>\n<div>Iepakojuma izm\u0113rs: 21 x 11 x 2,3 cm<\/div>\n<div><\/div>\n<div>&#8211; galda piederumus var tur\u0113t kop\u0101 ar gredzenu (transport\u0113\u0161anai)<\/div>\n<div>&#8211; \u013coti viegli galda piederumi<\/div>\n","protected":false},"excerpt":{"rendered":"<p>Ner\u016bs\u0113jo\u0161ais t\u0113rauds Svars: 95 g Iepakojuma izm\u0113rs: 21 x 11 x 2,3 cm &#8211; galda piederumus var tur\u0113t kop\u0101 ar gredzenu (transport\u0113\u0161anai) &#8211; \u013coti viegli galda piederumi<\/p>\n","protected":false},"featured_media":19840,"comment_status":"open","ping_status":"closed","template":"","meta":{"_acf_changed":false},"product_brand":[],"product_cat":[197,27],"product_tag":[],"class_list":{"0":"post-19839","1":"product","2":"type-product","3":"status-publish","4":"has-post-thumbnail","6":"product_cat-aksesuari-kempingam","7":"product_cat-kempingam","9":"first","10":"outofstock","11":"taxable","12":"shipping-taxable","13":"purchasable","14":"product-type-simple"},"acf":[],"yoast_head":"<!-- This site is optimized with the Yoast SEO plugin v26.7 - https:\/\/yoast.com\/wordpress\/plugins\/seo\/ -->\n<title>MIL-TEC E\u0160ANAS PIEDERUMI NO VIEGLA T\u0112RAUDA - MILBAZA \u2013 viss akt\u012bvai atp\u016btai<\/title>\n<meta name=\"description\" content=\"Nopirkt E\u0160ANAS PIEDERUMI NO VIEGLA T\u0112RAUDA MIL-TEC izdev\u012bga cena un pieg\u0101de. T\u016brisma pre\u010du interneta veikals, pas\u016bt\u012bt online 24\/7!\" \/>\n<meta name=\"robots\" content=\"index, follow, max-snippet:-1, max-image-preview:large, max-video-preview:-1\" \/>\n<link rel=\"canonical\" href=\"https:\/\/milbaza.lv\/ru\/produkts\/esanas-piederumi-no-viegla-terauda-mil-tec\/\" \/>\n<meta property=\"og:locale\" content=\"ru_RU\" \/>\n<meta property=\"og:type\" content=\"article\" \/>\n<meta property=\"og:title\" content=\"MIL-TEC E\u0160ANAS PIEDERUMI NO VIEGLA T\u0112RAUDA - MILBAZA \u2013 viss akt\u012bvai atp\u016btai\" \/>\n<meta property=\"og:description\" content=\"Nopirkt E\u0160ANAS PIEDERUMI NO VIEGLA T\u0112RAUDA MIL-TEC izdev\u012bga cena un pieg\u0101de. T\u016brisma pre\u010du interneta veikals, pas\u016bt\u012bt online 24\/7!\" \/>\n<meta property=\"og:url\" content=\"https:\/\/milbaza.lv\/ru\/produkts\/esanas-piederumi-no-viegla-terauda-mil-tec\/\" \/>\n<meta property=\"og:site_name\" content=\"MILBAZA \u2013 viss akt\u012bvai atp\u016btai\" \/>\n<meta property=\"article:publisher\" content=\"https:\/\/www.facebook.com\/profile.php?id=100075399152223\" \/>\n<meta property=\"article:modified_time\" content=\"2026-04-19T18:06:18+00:00\" \/>\n<meta property=\"og:image\" content=\"https:\/\/milbaza.lv\/wp-content\/uploads\/2022\/08\/eng_pl_Mil-Tec-Foldable-3-pcs-steel-eating-utensil-14623000-3761_3.jpg\" \/>\n\t<meta property=\"og:image:width\" content=\"1000\" \/>\n\t<meta property=\"og:image:height\" content=\"1000\" \/>\n\t<meta property=\"og:image:type\" content=\"image\/jpeg\" \/>\n<meta name=\"twitter:card\" content=\"summary_large_image\" \/>\n<script type=\"application\/ld+json\" class=\"yoast-schema-graph\">{\"@context\":\"https:\/\/schema.org\",\"@graph\":[{\"@type\":\"WebPage\",\"@id\":\"https:\/\/milbaza.lv\/ru\/produkts\/esanas-piederumi-no-viegla-terauda-mil-tec\/\",\"url\":\"https:\/\/milbaza.lv\/ru\/produkts\/esanas-piederumi-no-viegla-terauda-mil-tec\/\",\"name\":\"MIL-TEC E\u0160ANAS PIEDERUMI NO VIEGLA T\u0112RAUDA - MILBAZA \u2013 viss akt\u012bvai atp\u016btai\",\"isPartOf\":{\"@id\":\"https:\/\/milbaza.lv\/ru\/#website\"},\"primaryImageOfPage\":{\"@id\":\"https:\/\/milbaza.lv\/ru\/produkts\/esanas-piederumi-no-viegla-terauda-mil-tec\/#primaryimage\"},\"image\":{\"@id\":\"https:\/\/milbaza.lv\/ru\/produkts\/esanas-piederumi-no-viegla-terauda-mil-tec\/#primaryimage\"},\"thumbnailUrl\":\"https:\/\/milbaza.lv\/wp-content\/uploads\/2022\/08\/eng_pl_Mil-Tec-Foldable-3-pcs-steel-eating-utensil-14623000-3761_3.jpg\",\"datePublished\":\"2022-08-25T13:15:58+00:00\",\"dateModified\":\"2026-04-19T18:06:18+00:00\",\"description\":\"Nopirkt E\u0160ANAS PIEDERUMI NO VIEGLA T\u0112RAUDA MIL-TEC izdev\u012bga cena un pieg\u0101de. T\u016brisma pre\u010du interneta veikals, pas\u016bt\u012bt online 24\/7!\",\"breadcrumb\":{\"@id\":\"https:\/\/milbaza.lv\/ru\/produkts\/esanas-piederumi-no-viegla-terauda-mil-tec\/#breadcrumb\"},\"inLanguage\":\"ru-RU\",\"potentialAction\":[{\"@type\":\"ReadAction\",\"target\":[\"https:\/\/milbaza.lv\/ru\/produkts\/esanas-piederumi-no-viegla-terauda-mil-tec\/\"]}]},{\"@type\":\"ImageObject\",\"inLanguage\":\"ru-RU\",\"@id\":\"https:\/\/milbaza.lv\/ru\/produkts\/esanas-piederumi-no-viegla-terauda-mil-tec\/#primaryimage\",\"url\":\"https:\/\/milbaza.lv\/wp-content\/uploads\/2022\/08\/eng_pl_Mil-Tec-Foldable-3-pcs-steel-eating-utensil-14623000-3761_3.jpg\",\"contentUrl\":\"https:\/\/milbaza.lv\/wp-content\/uploads\/2022\/08\/eng_pl_Mil-Tec-Foldable-3-pcs-steel-eating-utensil-14623000-3761_3.jpg\",\"width\":1000,\"height\":1000},{\"@type\":\"BreadcrumbList\",\"@id\":\"https:\/\/milbaza.lv\/ru\/produkts\/esanas-piederumi-no-viegla-terauda-mil-tec\/#breadcrumb\",\"itemListElement\":[{\"@type\":\"ListItem\",\"position\":1,\"name\":\"Home\",\"item\":\"https:\/\/milbaza.lv\/ru\/\"},{\"@type\":\"ListItem\",\"position\":2,\"name\":\"\u041c\u0430\u0433\u0430\u0437\u0438\u043d\",\"item\":\"https:\/\/milbaza.lv\/ru\/%d0%bc%d0%b0%d0%b3%d0%b0%d0%b7%d0%b8%d0%bd\/\"},{\"@type\":\"ListItem\",\"position\":3,\"name\":\"MIL-TEC E\u0160ANAS PIEDERUMI NO VIEGLA T\u0112RAUDA\"}]},{\"@type\":\"WebSite\",\"@id\":\"https:\/\/milbaza.lv\/ru\/#website\",\"url\":\"https:\/\/milbaza.lv\/ru\/\",\"name\":\"MILBAZA \u2013 viss akt\u012bvai atp\u016btai\",\"description\":\"Viss akt\u012bvai atp\u016btai\",\"publisher\":{\"@id\":\"https:\/\/milbaza.lv\/ru\/#organization\"},\"potentialAction\":[{\"@type\":\"SearchAction\",\"target\":{\"@type\":\"EntryPoint\",\"urlTemplate\":\"https:\/\/milbaza.lv\/ru\/?s={search_term_string}\"},\"query-input\":{\"@type\":\"PropertyValueSpecification\",\"valueRequired\":true,\"valueName\":\"search_term_string\"}}],\"inLanguage\":\"ru-RU\"},{\"@type\":\"Organization\",\"@id\":\"https:\/\/milbaza.lv\/ru\/#organization\",\"name\":\"Milbaza\",\"url\":\"https:\/\/milbaza.lv\/ru\/\",\"logo\":{\"@type\":\"ImageObject\",\"inLanguage\":\"ru-RU\",\"@id\":\"https:\/\/milbaza.lv\/ru\/#\/schema\/logo\/image\/\",\"url\":\"https:\/\/milbaza.lv\/wp-content\/uploads\/2021\/11\/Mil_BAZA_logo3.png\",\"contentUrl\":\"https:\/\/milbaza.lv\/wp-content\/uploads\/2021\/11\/Mil_BAZA_logo3.png\",\"width\":564,\"height\":226,\"caption\":\"Milbaza\"},\"image\":{\"@id\":\"https:\/\/milbaza.lv\/ru\/#\/schema\/logo\/image\/\"},\"sameAs\":[\"https:\/\/www.facebook.com\/profile.php?id=100075399152223\",\"https:\/\/www.instagram.com\/milbaza.lv\/\",\"https:\/\/www.pinterest.com\/milbaza\/_saved\/\",\"https:\/\/www.youtube.com\/channel\/UCrPXltd8hsNIiGAKc37hGfQ\"]}]}<\/script>\n<!-- \/ Yoast SEO plugin. -->","yoast_head_json":{"title":"MIL-TEC E\u0160ANAS PIEDERUMI NO VIEGLA T\u0112RAUDA - MILBAZA \u2013 viss akt\u012bvai atp\u016btai","description":"Nopirkt E\u0160ANAS PIEDERUMI NO VIEGLA T\u0112RAUDA MIL-TEC izdev\u012bga cena un pieg\u0101de. T\u016brisma pre\u010du interneta veikals, pas\u016bt\u012bt online 24\/7!","robots":{"index":"index","follow":"follow","max-snippet":"max-snippet:-1","max-image-preview":"max-image-preview:large","max-video-preview":"max-video-preview:-1"},"canonical":"https:\/\/milbaza.lv\/ru\/produkts\/esanas-piederumi-no-viegla-terauda-mil-tec\/","og_locale":"ru_RU","og_type":"article","og_title":"MIL-TEC E\u0160ANAS PIEDERUMI NO VIEGLA T\u0112RAUDA - MILBAZA \u2013 viss akt\u012bvai atp\u016btai","og_description":"Nopirkt E\u0160ANAS PIEDERUMI NO VIEGLA T\u0112RAUDA MIL-TEC izdev\u012bga cena un pieg\u0101de. T\u016brisma pre\u010du interneta veikals, pas\u016bt\u012bt online 24\/7!","og_url":"https:\/\/milbaza.lv\/ru\/produkts\/esanas-piederumi-no-viegla-terauda-mil-tec\/","og_site_name":"MILBAZA \u2013 viss akt\u012bvai atp\u016btai","article_publisher":"https:\/\/www.facebook.com\/profile.php?id=100075399152223","article_modified_time":"2026-04-19T18:06:18+00:00","og_image":[{"width":1000,"height":1000,"url":"https:\/\/milbaza.lv\/wp-content\/uploads\/2022\/08\/eng_pl_Mil-Tec-Foldable-3-pcs-steel-eating-utensil-14623000-3761_3.jpg","type":"image\/jpeg"}],"twitter_card":"summary_large_image","schema":{"@context":"https:\/\/schema.org","@graph":[{"@type":"WebPage","@id":"https:\/\/milbaza.lv\/ru\/produkts\/esanas-piederumi-no-viegla-terauda-mil-tec\/","url":"https:\/\/milbaza.lv\/ru\/produkts\/esanas-piederumi-no-viegla-terauda-mil-tec\/","name":"MIL-TEC E\u0160ANAS PIEDERUMI NO VIEGLA T\u0112RAUDA - MILBAZA \u2013 viss akt\u012bvai atp\u016btai","isPartOf":{"@id":"https:\/\/milbaza.lv\/ru\/#website"},"primaryImageOfPage":{"@id":"https:\/\/milbaza.lv\/ru\/produkts\/esanas-piederumi-no-viegla-terauda-mil-tec\/#primaryimage"},"image":{"@id":"https:\/\/milbaza.lv\/ru\/produkts\/esanas-piederumi-no-viegla-terauda-mil-tec\/#primaryimage"},"thumbnailUrl":"https:\/\/milbaza.lv\/wp-content\/uploads\/2022\/08\/eng_pl_Mil-Tec-Foldable-3-pcs-steel-eating-utensil-14623000-3761_3.jpg","datePublished":"2022-08-25T13:15:58+00:00","dateModified":"2026-04-19T18:06:18+00:00","description":"Nopirkt E\u0160ANAS PIEDERUMI NO VIEGLA T\u0112RAUDA MIL-TEC izdev\u012bga cena un pieg\u0101de. T\u016brisma pre\u010du interneta veikals, pas\u016bt\u012bt online 24\/7!","breadcrumb":{"@id":"https:\/\/milbaza.lv\/ru\/produkts\/esanas-piederumi-no-viegla-terauda-mil-tec\/#breadcrumb"},"inLanguage":"ru-RU","potentialAction":[{"@type":"ReadAction","target":["https:\/\/milbaza.lv\/ru\/produkts\/esanas-piederumi-no-viegla-terauda-mil-tec\/"]}]},{"@type":"ImageObject","inLanguage":"ru-RU","@id":"https:\/\/milbaza.lv\/ru\/produkts\/esanas-piederumi-no-viegla-terauda-mil-tec\/#primaryimage","url":"https:\/\/milbaza.lv\/wp-content\/uploads\/2022\/08\/eng_pl_Mil-Tec-Foldable-3-pcs-steel-eating-utensil-14623000-3761_3.jpg","contentUrl":"https:\/\/milbaza.lv\/wp-content\/uploads\/2022\/08\/eng_pl_Mil-Tec-Foldable-3-pcs-steel-eating-utensil-14623000-3761_3.jpg","width":1000,"height":1000},{"@type":"BreadcrumbList","@id":"https:\/\/milbaza.lv\/ru\/produkts\/esanas-piederumi-no-viegla-terauda-mil-tec\/#breadcrumb","itemListElement":[{"@type":"ListItem","position":1,"name":"Home","item":"https:\/\/milbaza.lv\/ru\/"},{"@type":"ListItem","position":2,"name":"\u041c\u0430\u0433\u0430\u0437\u0438\u043d","item":"https:\/\/milbaza.lv\/ru\/%d0%bc%d0%b0%d0%b3%d0%b0%d0%b7%d0%b8%d0%bd\/"},{"@type":"ListItem","position":3,"name":"MIL-TEC E\u0160ANAS PIEDERUMI NO VIEGLA T\u0112RAUDA"}]},{"@type":"WebSite","@id":"https:\/\/milbaza.lv\/ru\/#website","url":"https:\/\/milbaza.lv\/ru\/","name":"MILBAZA \u2013 viss akt\u012bvai atp\u016btai","description":"Viss akt\u012bvai atp\u016btai","publisher":{"@id":"https:\/\/milbaza.lv\/ru\/#organization"},"potentialAction":[{"@type":"SearchAction","target":{"@type":"EntryPoint","urlTemplate":"https:\/\/milbaza.lv\/ru\/?s={search_term_string}"},"query-input":{"@type":"PropertyValueSpecification","valueRequired":true,"valueName":"search_term_string"}}],"inLanguage":"ru-RU"},{"@type":"Organization","@id":"https:\/\/milbaza.lv\/ru\/#organization","name":"Milbaza","url":"https:\/\/milbaza.lv\/ru\/","logo":{"@type":"ImageObject","inLanguage":"ru-RU","@id":"https:\/\/milbaza.lv\/ru\/#\/schema\/logo\/image\/","url":"https:\/\/milbaza.lv\/wp-content\/uploads\/2021\/11\/Mil_BAZA_logo3.png","contentUrl":"https:\/\/milbaza.lv\/wp-content\/uploads\/2021\/11\/Mil_BAZA_logo3.png","width":564,"height":226,"caption":"Milbaza"},"image":{"@id":"https:\/\/milbaza.lv\/ru\/#\/schema\/logo\/image\/"},"sameAs":["https:\/\/www.facebook.com\/profile.php?id=100075399152223","https:\/\/www.instagram.com\/milbaza.lv\/","https:\/\/www.pinterest.com\/milbaza\/_saved\/","https:\/\/www.youtube.com\/channel\/UCrPXltd8hsNIiGAKc37hGfQ"]}]}},"_links":{"self":[{"href":"https:\/\/milbaza.lv\/ru\/wp-json\/wp\/v2\/product\/19839","targetHints":{"allow":["GET"]}}],"collection":[{"href":"https:\/\/milbaza.lv\/ru\/wp-json\/wp\/v2\/product"}],"about":[{"href":"https:\/\/milbaza.lv\/ru\/wp-json\/wp\/v2\/types\/product"}],"replies":[{"embeddable":true,"href":"https:\/\/milbaza.lv\/ru\/wp-json\/wp\/v2\/comments?post=19839"}],"wp:featuredmedia":[{"embeddable":true,"href":"https:\/\/milbaza.lv\/ru\/wp-json\/wp\/v2\/media\/19840"}],"wp:attachment":[{"href":"https:\/\/milbaza.lv\/ru\/wp-json\/wp\/v2\/media?parent=19839"}],"wp:term":[{"taxonomy":"product_brand","embeddable":true,"href":"https:\/\/milbaza.lv\/ru\/wp-json\/wp\/v2\/product_brand?post=19839"},{"taxonomy":"product_cat","embeddable":true,"href":"https:\/\/milbaza.lv\/ru\/wp-json\/wp\/v2\/product_cat?post=19839"},{"taxonomy":"product_tag","embeddable":true,"href":"https:\/\/milbaza.lv\/ru\/wp-json\/wp\/v2\/product_tag?post=19839"}],"curies":[{"name":"wp","href":"https:\/\/api.w.org\/{rel}","templated":true}]}}