{"id":20114,"date":"2022-09-14T10:21:56","date_gmt":"2022-09-14T07:21:56","guid":{"rendered":"https:\/\/milbaza.lv\/?post_type=product&#038;p=20114"},"modified":"2023-01-03T14:15:56","modified_gmt":"2023-01-03T12:15:56","slug":"crosman-ierocu-ella-air-gun-oil-pellgun","status":"publish","type":"product","link":"https:\/\/milbaza.lv\/ru\/produkts\/crosman-ierocu-ella-air-gun-oil-pellgun\/","title":{"rendered":"CROSMAN IERO\u010cU E\u013b\u013bA AIR GUN OIL PELLGUN"},"content":{"rendered":"<p>Crosman Pellgunoil ir \u012bpa\u0161a e\u013c\u013ca gaisa pisto\u013cu nopl\u016b\u017eu nov\u0113r\u0161anai un labo\u0161anai.<\/p>\n<p>To ir \u013coti viegli uzkl\u0101t, pirms iekrau\u0161anas pistol\u0113 j\u0101uzmet uz pudeles! Crosman Pellgunoil darbojas \u0161\u0101di \u2013 CO2 pistoles izmanto sint\u0113tiskas bl\u012bves un bl\u012bvgredzenus, lai g\u0101ze notur\u0113tu pistoles iek\u0161pus\u0113. \u0160\u012bs bl\u012bves nav vajadz\u012bgas, lai samazin\u0101tu berzi, t\u0101s ir vajadz\u012bgas, lai izveidotu cie\u0161u savienojumu starp CO2 tvertni un kan\u0101lu sien\u0101m, caur kur\u0101m t\u0101 iet.<\/p>\n<p>Mikroskopisk\u0101 l\u012bmen\u012b kan\u0101lu met\u0101la sien\u0101m, pa kur\u0101m CO2 p\u0101rvietojas pneimatiskos iero\u010dos, ir \u013coti raupja virsma ar daudz\u0101m mikroskopisk\u0101m padzi\u013cin\u0101jumiem. Ar\u012b O veida gredzenu un sint\u0113tisko bl\u012bv\u0113jumu virsma ir raupja. Ja bl\u012bv\u0113jums un sienas paliek sausi, saspiest\u0101 g\u0101ze galu gal\u0101 izspied\u012bsies caur \u0161\u012bm mazaj\u0101m padzi\u013cin\u0101jumiem. Pa\u0146emiet atgaiso\u0161anas pistoli un uzlieciet Crosman Pellgunoil pilienu uz jaunas CO2 tvertnes gala, pirms ievietojat to pistol\u0113. G\u0101zes spiediens ienes\u012bs sm\u0113rvielu, kad t\u0101 iet cauri pistolei (atcerieties, ka m\u0113s to dar\u0101m ar pistoli, kas jau ir caurlaid\u012bga CO2), l\u012bdz visas bl\u012bves ir p\u0101rkl\u0101tas ar pl\u0101nu e\u013c\u013cas k\u0101rtu. J\u016bs nevarat redz\u0113t, kas notiek, bet varat b\u016bt p\u0101rliecin\u0101ts, ka to dzird\u0113sit. Vispirms dzirdat g\u0101zes nopl\u016bdi no pistoles, p\u0113c tam ska\u0146a samazin\u0101sies un pak\u0101peniski izzud\u012bs. Visbie\u017e\u0101k j\u016bs dzird\u0113siet sitienu, kad pistole nobl\u012bv\u0113 pats un uzreiz.<\/p>\n<p>Diem\u017e\u0113l \u0161\u012b e\u013c\u013ca nevar 100% salabot boj\u0101tos un CO2 nopl\u016bdes pistoles. Da\u017ereiz tas nenov\u0113r\u0161 nopl\u016bdi. \u0160\u0101dos gad\u012bjumos pal\u012bdz\u0113s bl\u012bv\u0113jumu nomai\u0146a. Izmantojiet Crosman Pellgunoil no br\u012b\u017ea, kad ieg\u0101d\u0101jaties jaunu pistoli, un tas pagarin\u0101s j\u016bsu pistoles kalpo\u0161anas laiku.<\/p>\n","protected":false},"excerpt":{"rendered":"<p>Crosman Pellgunoil ir \u012bpa\u0161a e\u013c\u013ca gaisa pisto\u013cu nopl\u016b\u017eu nov\u0113r\u0161anai un labo\u0161anai. To ir \u013coti viegli uzkl\u0101t, pirms iekrau\u0161anas pistol\u0113 j\u0101uzmet uz pudeles! Crosman Pellgunoil darbojas \u0161\u0101di \u2013 CO2 pistoles izmanto sint\u0113tiskas bl\u012bves un bl\u012bvgredzenus, lai g\u0101ze notur\u0113tu pistoles iek\u0161pus\u0113. \u0160\u012bs bl\u012bves nav vajadz\u012bgas, lai samazin\u0101tu berzi, t\u0101s ir vajadz\u012bgas, lai izveidotu cie\u0161u savienojumu starp CO2 [&#8230;]\n","protected":false},"featured_media":20115,"comment_status":"open","ping_status":"closed","template":"","meta":{"_acf_changed":false},"product_brand":[],"product_cat":[164,518],"product_tag":[],"class_list":{"0":"post-20114","1":"product","2":"type-product","3":"status-publish","4":"has-post-thumbnail","6":"product_cat-apkopei","7":"product_cat-ekipejums","9":"first","10":"outofstock","11":"taxable","12":"shipping-taxable","13":"purchasable","14":"product-type-simple"},"acf":[],"yoast_head":"<!-- This site is optimized with the Yoast SEO plugin v27.4 - https:\/\/yoast.com\/product\/yoast-seo-wordpress\/ -->\n<title>CROSMAN IERO\u010cU E\u013b\u013bA AIR GUN OIL PELLGUN - MILBAZA \u2013 viss akt\u012bvai atp\u016btai<\/title>\n<meta name=\"description\" content=\"Nopirkt CROSMAN IERO\u010cU E\u013b\u013bA AIR GUN OIL PELLGUN izdev\u012bga cena un pieg\u0101de. T\u016brisma pre\u010du interneta veikals, pas\u016bt\u012bt online 24\/7!\" \/>\n<meta name=\"robots\" content=\"index, follow, max-snippet:-1, max-image-preview:large, max-video-preview:-1\" \/>\n<link rel=\"canonical\" href=\"https:\/\/milbaza.lv\/ru\/produkts\/crosman-ierocu-ella-air-gun-oil-pellgun\/\" \/>\n<meta property=\"og:locale\" content=\"ru_RU\" \/>\n<meta property=\"og:type\" content=\"article\" \/>\n<meta property=\"og:title\" content=\"CROSMAN IERO\u010cU E\u013b\u013bA AIR GUN OIL PELLGUN - MILBAZA \u2013 viss akt\u012bvai atp\u016btai\" \/>\n<meta property=\"og:description\" content=\"Nopirkt CROSMAN IERO\u010cU E\u013b\u013bA AIR GUN OIL PELLGUN izdev\u012bga cena un pieg\u0101de. T\u016brisma pre\u010du interneta veikals, pas\u016bt\u012bt online 24\/7!\" \/>\n<meta property=\"og:url\" content=\"https:\/\/milbaza.lv\/ru\/produkts\/crosman-ierocu-ella-air-gun-oil-pellgun\/\" \/>\n<meta property=\"og:site_name\" content=\"MILBAZA \u2013 viss akt\u012bvai atp\u016btai\" \/>\n<meta property=\"article:publisher\" content=\"https:\/\/www.facebook.com\/profile.php?id=100075399152223\" \/>\n<meta property=\"article:modified_time\" content=\"2023-01-03T12:15:56+00:00\" \/>\n<meta property=\"og:image\" content=\"https:\/\/milbaza.lv\/wp-content\/uploads\/2022\/09\/cb35242d-ad93-11eb-8fa3-00155dd95b07_354f75af-ad94-11eb-8fa3-00155dd95b07.jpg\" \/>\n\t<meta property=\"og:image:width\" content=\"1040\" \/>\n\t<meta property=\"og:image:height\" content=\"1040\" \/>\n\t<meta property=\"og:image:type\" content=\"image\/jpeg\" \/>\n<meta name=\"twitter:card\" content=\"summary_large_image\" \/>\n<meta name=\"twitter:label1\" content=\"\u041f\u0440\u0438\u043c\u0435\u0440\u043d\u043e\u0435 \u0432\u0440\u0435\u043c\u044f \u0434\u043b\u044f \u0447\u0442\u0435\u043d\u0438\u044f\" \/>\n\t<meta name=\"twitter:data1\" content=\"2 \u043c\u0438\u043d\u0443\u0442\u044b\" \/>\n<script type=\"application\/ld+json\" class=\"yoast-schema-graph\">{\"@context\":\"https:\\\/\\\/schema.org\",\"@graph\":[{\"@type\":\"WebPage\",\"@id\":\"https:\\\/\\\/milbaza.lv\\\/ru\\\/produkts\\\/crosman-ierocu-ella-air-gun-oil-pellgun\\\/\",\"url\":\"https:\\\/\\\/milbaza.lv\\\/ru\\\/produkts\\\/crosman-ierocu-ella-air-gun-oil-pellgun\\\/\",\"name\":\"CROSMAN IERO\u010cU E\u013b\u013bA AIR GUN OIL PELLGUN - MILBAZA \u2013 viss akt\u012bvai atp\u016btai\",\"isPartOf\":{\"@id\":\"https:\\\/\\\/milbaza.lv\\\/ru\\\/#website\"},\"primaryImageOfPage\":{\"@id\":\"https:\\\/\\\/milbaza.lv\\\/ru\\\/produkts\\\/crosman-ierocu-ella-air-gun-oil-pellgun\\\/#primaryimage\"},\"image\":{\"@id\":\"https:\\\/\\\/milbaza.lv\\\/ru\\\/produkts\\\/crosman-ierocu-ella-air-gun-oil-pellgun\\\/#primaryimage\"},\"thumbnailUrl\":\"https:\\\/\\\/milbaza.lv\\\/wp-content\\\/uploads\\\/2022\\\/09\\\/cb35242d-ad93-11eb-8fa3-00155dd95b07_354f75af-ad94-11eb-8fa3-00155dd95b07.jpg\",\"datePublished\":\"2022-09-14T07:21:56+00:00\",\"dateModified\":\"2023-01-03T12:15:56+00:00\",\"description\":\"Nopirkt CROSMAN IERO\u010cU E\u013b\u013bA AIR GUN OIL PELLGUN izdev\u012bga cena un pieg\u0101de. T\u016brisma pre\u010du interneta veikals, pas\u016bt\u012bt online 24\\\/7!\",\"breadcrumb\":{\"@id\":\"https:\\\/\\\/milbaza.lv\\\/ru\\\/produkts\\\/crosman-ierocu-ella-air-gun-oil-pellgun\\\/#breadcrumb\"},\"inLanguage\":\"ru-RU\",\"potentialAction\":[{\"@type\":\"ReadAction\",\"target\":[\"https:\\\/\\\/milbaza.lv\\\/ru\\\/produkts\\\/crosman-ierocu-ella-air-gun-oil-pellgun\\\/\"]}]},{\"@type\":\"ImageObject\",\"inLanguage\":\"ru-RU\",\"@id\":\"https:\\\/\\\/milbaza.lv\\\/ru\\\/produkts\\\/crosman-ierocu-ella-air-gun-oil-pellgun\\\/#primaryimage\",\"url\":\"https:\\\/\\\/milbaza.lv\\\/wp-content\\\/uploads\\\/2022\\\/09\\\/cb35242d-ad93-11eb-8fa3-00155dd95b07_354f75af-ad94-11eb-8fa3-00155dd95b07.jpg\",\"contentUrl\":\"https:\\\/\\\/milbaza.lv\\\/wp-content\\\/uploads\\\/2022\\\/09\\\/cb35242d-ad93-11eb-8fa3-00155dd95b07_354f75af-ad94-11eb-8fa3-00155dd95b07.jpg\",\"width\":1040,\"height\":1040},{\"@type\":\"BreadcrumbList\",\"@id\":\"https:\\\/\\\/milbaza.lv\\\/ru\\\/produkts\\\/crosman-ierocu-ella-air-gun-oil-pellgun\\\/#breadcrumb\",\"itemListElement\":[{\"@type\":\"ListItem\",\"position\":1,\"name\":\"Home\",\"item\":\"https:\\\/\\\/milbaza.lv\\\/ru\\\/\"},{\"@type\":\"ListItem\",\"position\":2,\"name\":\"\u041c\u0430\u0433\u0430\u0437\u0438\u043d\",\"item\":\"https:\\\/\\\/milbaza.lv\\\/ru\\\/%d0%bc%d0%b0%d0%b3%d0%b0%d0%b7%d0%b8%d0%bd\\\/\"},{\"@type\":\"ListItem\",\"position\":3,\"name\":\"CROSMAN IERO\u010cU E\u013b\u013bA AIR GUN OIL PELLGUN\"}]},{\"@type\":\"WebSite\",\"@id\":\"https:\\\/\\\/milbaza.lv\\\/ru\\\/#website\",\"url\":\"https:\\\/\\\/milbaza.lv\\\/ru\\\/\",\"name\":\"MILBAZA \u2013 viss akt\u012bvai atp\u016btai\",\"description\":\"Viss akt\u012bvai atp\u016btai\",\"publisher\":{\"@id\":\"https:\\\/\\\/milbaza.lv\\\/ru\\\/#organization\"},\"potentialAction\":[{\"@type\":\"SearchAction\",\"target\":{\"@type\":\"EntryPoint\",\"urlTemplate\":\"https:\\\/\\\/milbaza.lv\\\/ru\\\/?s={search_term_string}\"},\"query-input\":{\"@type\":\"PropertyValueSpecification\",\"valueRequired\":true,\"valueName\":\"search_term_string\"}}],\"inLanguage\":\"ru-RU\"},{\"@type\":\"Organization\",\"@id\":\"https:\\\/\\\/milbaza.lv\\\/ru\\\/#organization\",\"name\":\"Milbaza\",\"url\":\"https:\\\/\\\/milbaza.lv\\\/ru\\\/\",\"logo\":{\"@type\":\"ImageObject\",\"inLanguage\":\"ru-RU\",\"@id\":\"https:\\\/\\\/milbaza.lv\\\/ru\\\/#\\\/schema\\\/logo\\\/image\\\/\",\"url\":\"https:\\\/\\\/milbaza.lv\\\/wp-content\\\/uploads\\\/2021\\\/11\\\/Mil_BAZA_logo3.png\",\"contentUrl\":\"https:\\\/\\\/milbaza.lv\\\/wp-content\\\/uploads\\\/2021\\\/11\\\/Mil_BAZA_logo3.png\",\"width\":564,\"height\":226,\"caption\":\"Milbaza\"},\"image\":{\"@id\":\"https:\\\/\\\/milbaza.lv\\\/ru\\\/#\\\/schema\\\/logo\\\/image\\\/\"},\"sameAs\":[\"https:\\\/\\\/www.facebook.com\\\/profile.php?id=100075399152223\",\"https:\\\/\\\/www.instagram.com\\\/milbaza.lv\\\/\",\"https:\\\/\\\/www.pinterest.com\\\/milbaza\\\/_saved\\\/\",\"https:\\\/\\\/www.youtube.com\\\/channel\\\/UCrPXltd8hsNIiGAKc37hGfQ\"]}]}<\/script>\n<!-- \/ Yoast SEO plugin. -->","yoast_head_json":{"title":"CROSMAN IERO\u010cU E\u013b\u013bA AIR GUN OIL PELLGUN - MILBAZA \u2013 viss akt\u012bvai atp\u016btai","description":"Nopirkt CROSMAN IERO\u010cU E\u013b\u013bA AIR GUN OIL PELLGUN izdev\u012bga cena un pieg\u0101de. T\u016brisma pre\u010du interneta veikals, pas\u016bt\u012bt online 24\/7!","robots":{"index":"index","follow":"follow","max-snippet":"max-snippet:-1","max-image-preview":"max-image-preview:large","max-video-preview":"max-video-preview:-1"},"canonical":"https:\/\/milbaza.lv\/ru\/produkts\/crosman-ierocu-ella-air-gun-oil-pellgun\/","og_locale":"ru_RU","og_type":"article","og_title":"CROSMAN IERO\u010cU E\u013b\u013bA AIR GUN OIL PELLGUN - MILBAZA \u2013 viss akt\u012bvai atp\u016btai","og_description":"Nopirkt CROSMAN IERO\u010cU E\u013b\u013bA AIR GUN OIL PELLGUN izdev\u012bga cena un pieg\u0101de. T\u016brisma pre\u010du interneta veikals, pas\u016bt\u012bt online 24\/7!","og_url":"https:\/\/milbaza.lv\/ru\/produkts\/crosman-ierocu-ella-air-gun-oil-pellgun\/","og_site_name":"MILBAZA \u2013 viss akt\u012bvai atp\u016btai","article_publisher":"https:\/\/www.facebook.com\/profile.php?id=100075399152223","article_modified_time":"2023-01-03T12:15:56+00:00","og_image":[{"width":1040,"height":1040,"url":"https:\/\/milbaza.lv\/wp-content\/uploads\/2022\/09\/cb35242d-ad93-11eb-8fa3-00155dd95b07_354f75af-ad94-11eb-8fa3-00155dd95b07.jpg","type":"image\/jpeg"}],"twitter_card":"summary_large_image","twitter_misc":{"\u041f\u0440\u0438\u043c\u0435\u0440\u043d\u043e\u0435 \u0432\u0440\u0435\u043c\u044f \u0434\u043b\u044f \u0447\u0442\u0435\u043d\u0438\u044f":"2 \u043c\u0438\u043d\u0443\u0442\u044b"},"schema":{"@context":"https:\/\/schema.org","@graph":[{"@type":"WebPage","@id":"https:\/\/milbaza.lv\/ru\/produkts\/crosman-ierocu-ella-air-gun-oil-pellgun\/","url":"https:\/\/milbaza.lv\/ru\/produkts\/crosman-ierocu-ella-air-gun-oil-pellgun\/","name":"CROSMAN IERO\u010cU E\u013b\u013bA AIR GUN OIL PELLGUN - MILBAZA \u2013 viss akt\u012bvai atp\u016btai","isPartOf":{"@id":"https:\/\/milbaza.lv\/ru\/#website"},"primaryImageOfPage":{"@id":"https:\/\/milbaza.lv\/ru\/produkts\/crosman-ierocu-ella-air-gun-oil-pellgun\/#primaryimage"},"image":{"@id":"https:\/\/milbaza.lv\/ru\/produkts\/crosman-ierocu-ella-air-gun-oil-pellgun\/#primaryimage"},"thumbnailUrl":"https:\/\/milbaza.lv\/wp-content\/uploads\/2022\/09\/cb35242d-ad93-11eb-8fa3-00155dd95b07_354f75af-ad94-11eb-8fa3-00155dd95b07.jpg","datePublished":"2022-09-14T07:21:56+00:00","dateModified":"2023-01-03T12:15:56+00:00","description":"Nopirkt CROSMAN IERO\u010cU E\u013b\u013bA AIR GUN OIL PELLGUN izdev\u012bga cena un pieg\u0101de. T\u016brisma pre\u010du interneta veikals, pas\u016bt\u012bt online 24\/7!","breadcrumb":{"@id":"https:\/\/milbaza.lv\/ru\/produkts\/crosman-ierocu-ella-air-gun-oil-pellgun\/#breadcrumb"},"inLanguage":"ru-RU","potentialAction":[{"@type":"ReadAction","target":["https:\/\/milbaza.lv\/ru\/produkts\/crosman-ierocu-ella-air-gun-oil-pellgun\/"]}]},{"@type":"ImageObject","inLanguage":"ru-RU","@id":"https:\/\/milbaza.lv\/ru\/produkts\/crosman-ierocu-ella-air-gun-oil-pellgun\/#primaryimage","url":"https:\/\/milbaza.lv\/wp-content\/uploads\/2022\/09\/cb35242d-ad93-11eb-8fa3-00155dd95b07_354f75af-ad94-11eb-8fa3-00155dd95b07.jpg","contentUrl":"https:\/\/milbaza.lv\/wp-content\/uploads\/2022\/09\/cb35242d-ad93-11eb-8fa3-00155dd95b07_354f75af-ad94-11eb-8fa3-00155dd95b07.jpg","width":1040,"height":1040},{"@type":"BreadcrumbList","@id":"https:\/\/milbaza.lv\/ru\/produkts\/crosman-ierocu-ella-air-gun-oil-pellgun\/#breadcrumb","itemListElement":[{"@type":"ListItem","position":1,"name":"Home","item":"https:\/\/milbaza.lv\/ru\/"},{"@type":"ListItem","position":2,"name":"\u041c\u0430\u0433\u0430\u0437\u0438\u043d","item":"https:\/\/milbaza.lv\/ru\/%d0%bc%d0%b0%d0%b3%d0%b0%d0%b7%d0%b8%d0%bd\/"},{"@type":"ListItem","position":3,"name":"CROSMAN IERO\u010cU E\u013b\u013bA AIR GUN OIL PELLGUN"}]},{"@type":"WebSite","@id":"https:\/\/milbaza.lv\/ru\/#website","url":"https:\/\/milbaza.lv\/ru\/","name":"MILBAZA \u2013 viss akt\u012bvai atp\u016btai","description":"Viss akt\u012bvai atp\u016btai","publisher":{"@id":"https:\/\/milbaza.lv\/ru\/#organization"},"potentialAction":[{"@type":"SearchAction","target":{"@type":"EntryPoint","urlTemplate":"https:\/\/milbaza.lv\/ru\/?s={search_term_string}"},"query-input":{"@type":"PropertyValueSpecification","valueRequired":true,"valueName":"search_term_string"}}],"inLanguage":"ru-RU"},{"@type":"Organization","@id":"https:\/\/milbaza.lv\/ru\/#organization","name":"Milbaza","url":"https:\/\/milbaza.lv\/ru\/","logo":{"@type":"ImageObject","inLanguage":"ru-RU","@id":"https:\/\/milbaza.lv\/ru\/#\/schema\/logo\/image\/","url":"https:\/\/milbaza.lv\/wp-content\/uploads\/2021\/11\/Mil_BAZA_logo3.png","contentUrl":"https:\/\/milbaza.lv\/wp-content\/uploads\/2021\/11\/Mil_BAZA_logo3.png","width":564,"height":226,"caption":"Milbaza"},"image":{"@id":"https:\/\/milbaza.lv\/ru\/#\/schema\/logo\/image\/"},"sameAs":["https:\/\/www.facebook.com\/profile.php?id=100075399152223","https:\/\/www.instagram.com\/milbaza.lv\/","https:\/\/www.pinterest.com\/milbaza\/_saved\/","https:\/\/www.youtube.com\/channel\/UCrPXltd8hsNIiGAKc37hGfQ"]}]}},"_links":{"self":[{"href":"https:\/\/milbaza.lv\/ru\/wp-json\/wp\/v2\/product\/20114","targetHints":{"allow":["GET"]}}],"collection":[{"href":"https:\/\/milbaza.lv\/ru\/wp-json\/wp\/v2\/product"}],"about":[{"href":"https:\/\/milbaza.lv\/ru\/wp-json\/wp\/v2\/types\/product"}],"replies":[{"embeddable":true,"href":"https:\/\/milbaza.lv\/ru\/wp-json\/wp\/v2\/comments?post=20114"}],"wp:featuredmedia":[{"embeddable":true,"href":"https:\/\/milbaza.lv\/ru\/wp-json\/wp\/v2\/media\/20115"}],"wp:attachment":[{"href":"https:\/\/milbaza.lv\/ru\/wp-json\/wp\/v2\/media?parent=20114"}],"wp:term":[{"taxonomy":"product_brand","embeddable":true,"href":"https:\/\/milbaza.lv\/ru\/wp-json\/wp\/v2\/product_brand?post=20114"},{"taxonomy":"product_cat","embeddable":true,"href":"https:\/\/milbaza.lv\/ru\/wp-json\/wp\/v2\/product_cat?post=20114"},{"taxonomy":"product_tag","embeddable":true,"href":"https:\/\/milbaza.lv\/ru\/wp-json\/wp\/v2\/product_tag?post=20114"}],"curies":[{"name":"wp","href":"https:\/\/api.w.org\/{rel}","templated":true}]}}