{"id":20233,"date":"2022-09-16T13:57:27","date_gmt":"2022-09-16T10:57:27","guid":{"rendered":"https:\/\/milbaza.lv\/?post_type=product&#038;p=20233"},"modified":"2026-05-06T19:51:50","modified_gmt":"2026-05-06T16:51:50","slug":"nazis-glock-fm-78-must-nuga-black-edition","status":"publish","type":"product","link":"https:\/\/milbaza.lv\/ru\/produkts\/nazis-glock-fm-78-must-nuga-black-edition\/","title":{"rendered":"NAZIS GLOCK FM-78 MUST NUGA BLACK EDITION"},"content":{"rendered":"<p>Austrijas armijas kaujas nazis Glock FM 78. Ori\u0123in\u0101ls<\/p>\n<p>Glock nazis, ofici\u0101li apz\u012bm\u0113ts ar FMsr 78<\/p>\n<p>Glock nazis ir milit\u0101ro lauka na\u017eu l\u012bnija, ko izstr\u0101d\u0101jis un ra\u017eojis Glock Ges.m.b.H., kas atrodas Deutsch-Wagram, Austrij\u0101. To var izmantot ar\u012b k\u0101 bajoneti, ievietojot dak\u0161as ligzdu (p\u0101rkl\u0101ta ar plastmasas v\u0101ci\u0146u) bajonetes adapter\u012b, ko var uzst\u0101d\u012bt uz Steyr AUG \u0161autenes.<\/p>\n<p>Na\u017ei ir izstr\u0101d\u0101ti cie\u0161\u0101 sadarb\u012bb\u0101 ar Austrijas armijas speci\u0101lo sp\u0113ku Jagdkommando (lit. Med\u012bbu pav\u0113lniec\u012bbu) un ir piem\u0113roti me\u0161anai.<\/p>\n<p>Clip Point na\u017ea asmens ir izgatavots no SAE 1095 oglek\u013ca t\u0113rauda ar ciet\u012bbu 55 HRC un tam ir elektrofor\u0113tisks p\u0101rkl\u0101jums.<br \/>\nRokturi un apvalks ir izgatavoti no Glock polim\u0113ra. Aug\u0161\u0113jais aizsargs ir noliekts uz priek\u0161u, kas \u013cauj to izmantot k\u0101 Steyr AUG \u0161autenes bajoneti.<br \/>\nTo var izmantot ar\u012b k\u0101 pude\u013cu attais\u0101mo.<\/p>\n<p>Polim\u0113ra apvalkam ir stiprin\u0101juma klipsis, kas ne\u013cauj nazim pazaud\u0113t, klipsis na\u017ea piestiprin\u0101\u0161anai pie jostas, kura platums ir l\u012bdz 60 milimetriem (2,4 collas), un dren\u0101\u017eas caurums apak\u0161\u0101.<\/p>\n<p>Pirm\u0101s paaudzes na\u017eu versij\u0101m uz apvalka, asmens un roktura bija apa\u013c\u0161 Glock logotips. V\u0113l\u0101kaj\u0101s versij\u0101s taj\u0101s pa\u0161\u0101s viet\u0101s ir pa\u0161reiz\u0113jais Glock logotips.<\/p>\n<p>Pa\u0161laik Glock ra\u017eo divus na\u017eu mode\u013cus:<\/p>\n<p>Lauka nazis 78 (Feldmesser 78), klasisks lauka nazis ar 165\u00a0milimetrus (6,5\u00a0collas) garu un 5\u00a0milimetrus (0,2\u00a0collas) biezu asmeni, ar kop\u0113jo garumu 290\u00a0milimetru (11\u00a0collas) un svaru 206\u00a0g. (7, 3 unces).<\/p>\n<p>Izdz\u012bvo\u0161anas nazis 81 (Feldmesser 81), kura izm\u0113ri ir t\u0101di pa\u0161i k\u0101 Field Knife 78 ar papildu z\u0101\u0123a zobiem asmens aizmugur\u0113, un tas sver 202 g (7,1 unces).<\/p>\n","protected":false},"excerpt":{"rendered":"<p>Austrijas armijas kaujas nazis Glock FM 78. Ori\u0123in\u0101ls Glock nazis, ofici\u0101li apz\u012bm\u0113ts ar FMsr 78 Glock nazis ir milit\u0101ro lauka na\u017eu l\u012bnija, ko izstr\u0101d\u0101jis un ra\u017eojis Glock Ges.m.b.H., kas atrodas Deutsch-Wagram, Austrij\u0101. To var izmantot ar\u012b k\u0101 bajoneti, ievietojot dak\u0161as ligzdu (p\u0101rkl\u0101ta ar plastmasas v\u0101ci\u0146u) bajonetes adapter\u012b, ko var uzst\u0101d\u012bt uz Steyr AUG \u0161autenes. Na\u017ei [&#8230;]\n","protected":false},"featured_media":20234,"comment_status":"open","ping_status":"closed","template":"","meta":{"_acf_changed":false},"product_brand":[],"product_cat":[518,873,218],"product_tag":[],"class_list":{"0":"post-20233","1":"product","2":"type-product","3":"status-publish","4":"has-post-thumbnail","6":"product_cat-ekipejums","7":"product_cat-fiksetu-asmenu-nazi","8":"product_cat-nazi","10":"first","11":"instock","12":"taxable","13":"shipping-taxable","14":"purchasable","15":"product-type-simple"},"acf":[],"yoast_head":"<!-- This site is optimized with the Yoast SEO plugin v27.4 - https:\/\/yoast.com\/product\/yoast-seo-wordpress\/ -->\n<title>NAZIS GLOCK FM-78 MUST NUGA BLACK EDITION - MILBAZA \u2013 viss akt\u012bvai atp\u016btai<\/title>\n<meta name=\"description\" content=\"Nopirkt NAZIS GLOCK FM-78 MUST NUGA BLACK EDITION izdev\u012bga cena un pieg\u0101de. T\u016brisma pre\u010du interneta veikals, pas\u016bt\u012bt online 24\/7!\" \/>\n<meta name=\"robots\" content=\"index, follow, max-snippet:-1, max-image-preview:large, max-video-preview:-1\" \/>\n<link rel=\"canonical\" href=\"https:\/\/milbaza.lv\/ru\/produkts\/nazis-glock-fm-78-must-nuga-black-edition\/\" \/>\n<meta property=\"og:locale\" content=\"ru_RU\" \/>\n<meta property=\"og:type\" content=\"article\" \/>\n<meta property=\"og:title\" content=\"NAZIS GLOCK FM-78 MUST NUGA BLACK EDITION - MILBAZA \u2013 viss akt\u012bvai atp\u016btai\" \/>\n<meta property=\"og:description\" content=\"Nopirkt NAZIS GLOCK FM-78 MUST NUGA BLACK EDITION izdev\u012bga cena un pieg\u0101de. T\u016brisma pre\u010du interneta veikals, pas\u016bt\u012bt online 24\/7!\" \/>\n<meta property=\"og:url\" content=\"https:\/\/milbaza.lv\/ru\/produkts\/nazis-glock-fm-78-must-nuga-black-edition\/\" \/>\n<meta property=\"og:site_name\" content=\"MILBAZA \u2013 viss akt\u012bvai atp\u016btai\" \/>\n<meta property=\"article:publisher\" content=\"https:\/\/www.facebook.com\/profile.php?id=100075399152223\" \/>\n<meta property=\"article:modified_time\" content=\"2026-05-06T16:51:50+00:00\" \/>\n<meta property=\"og:image\" content=\"https:\/\/milbaza.lv\/wp-content\/uploads\/2022\/09\/noz-glock-fm-78-cierny-3376.jpg\" \/>\n\t<meta property=\"og:image:width\" content=\"650\" \/>\n\t<meta property=\"og:image:height\" content=\"650\" \/>\n\t<meta property=\"og:image:type\" content=\"image\/jpeg\" \/>\n<meta name=\"twitter:card\" content=\"summary_large_image\" \/>\n<meta name=\"twitter:label1\" content=\"\u041f\u0440\u0438\u043c\u0435\u0440\u043d\u043e\u0435 \u0432\u0440\u0435\u043c\u044f \u0434\u043b\u044f \u0447\u0442\u0435\u043d\u0438\u044f\" \/>\n\t<meta name=\"twitter:data1\" content=\"1 \u043c\u0438\u043d\u0443\u0442\u0430\" \/>\n<script type=\"application\/ld+json\" class=\"yoast-schema-graph\">{\"@context\":\"https:\\\/\\\/schema.org\",\"@graph\":[{\"@type\":\"WebPage\",\"@id\":\"https:\\\/\\\/milbaza.lv\\\/ru\\\/produkts\\\/nazis-glock-fm-78-must-nuga-black-edition\\\/\",\"url\":\"https:\\\/\\\/milbaza.lv\\\/ru\\\/produkts\\\/nazis-glock-fm-78-must-nuga-black-edition\\\/\",\"name\":\"NAZIS GLOCK FM-78 MUST NUGA BLACK EDITION - MILBAZA \u2013 viss akt\u012bvai atp\u016btai\",\"isPartOf\":{\"@id\":\"https:\\\/\\\/milbaza.lv\\\/ru\\\/#website\"},\"primaryImageOfPage\":{\"@id\":\"https:\\\/\\\/milbaza.lv\\\/ru\\\/produkts\\\/nazis-glock-fm-78-must-nuga-black-edition\\\/#primaryimage\"},\"image\":{\"@id\":\"https:\\\/\\\/milbaza.lv\\\/ru\\\/produkts\\\/nazis-glock-fm-78-must-nuga-black-edition\\\/#primaryimage\"},\"thumbnailUrl\":\"https:\\\/\\\/milbaza.lv\\\/wp-content\\\/uploads\\\/2022\\\/09\\\/noz-glock-fm-78-cierny-3376.jpg\",\"datePublished\":\"2022-09-16T10:57:27+00:00\",\"dateModified\":\"2026-05-06T16:51:50+00:00\",\"description\":\"Nopirkt NAZIS GLOCK FM-78 MUST NUGA BLACK EDITION izdev\u012bga cena un pieg\u0101de. T\u016brisma pre\u010du interneta veikals, pas\u016bt\u012bt online 24\\\/7!\",\"breadcrumb\":{\"@id\":\"https:\\\/\\\/milbaza.lv\\\/ru\\\/produkts\\\/nazis-glock-fm-78-must-nuga-black-edition\\\/#breadcrumb\"},\"inLanguage\":\"ru-RU\",\"potentialAction\":[{\"@type\":\"ReadAction\",\"target\":[\"https:\\\/\\\/milbaza.lv\\\/ru\\\/produkts\\\/nazis-glock-fm-78-must-nuga-black-edition\\\/\"]}]},{\"@type\":\"ImageObject\",\"inLanguage\":\"ru-RU\",\"@id\":\"https:\\\/\\\/milbaza.lv\\\/ru\\\/produkts\\\/nazis-glock-fm-78-must-nuga-black-edition\\\/#primaryimage\",\"url\":\"https:\\\/\\\/milbaza.lv\\\/wp-content\\\/uploads\\\/2022\\\/09\\\/noz-glock-fm-78-cierny-3376.jpg\",\"contentUrl\":\"https:\\\/\\\/milbaza.lv\\\/wp-content\\\/uploads\\\/2022\\\/09\\\/noz-glock-fm-78-cierny-3376.jpg\",\"width\":650,\"height\":650},{\"@type\":\"BreadcrumbList\",\"@id\":\"https:\\\/\\\/milbaza.lv\\\/ru\\\/produkts\\\/nazis-glock-fm-78-must-nuga-black-edition\\\/#breadcrumb\",\"itemListElement\":[{\"@type\":\"ListItem\",\"position\":1,\"name\":\"Home\",\"item\":\"https:\\\/\\\/milbaza.lv\\\/ru\\\/\"},{\"@type\":\"ListItem\",\"position\":2,\"name\":\"\u041c\u0430\u0433\u0430\u0437\u0438\u043d\",\"item\":\"https:\\\/\\\/milbaza.lv\\\/ru\\\/%d0%bc%d0%b0%d0%b3%d0%b0%d0%b7%d0%b8%d0%bd\\\/\"},{\"@type\":\"ListItem\",\"position\":3,\"name\":\"NAZIS GLOCK FM-78 MUST NUGA BLACK EDITION\"}]},{\"@type\":\"WebSite\",\"@id\":\"https:\\\/\\\/milbaza.lv\\\/ru\\\/#website\",\"url\":\"https:\\\/\\\/milbaza.lv\\\/ru\\\/\",\"name\":\"MILBAZA \u2013 viss akt\u012bvai atp\u016btai\",\"description\":\"Viss akt\u012bvai atp\u016btai\",\"publisher\":{\"@id\":\"https:\\\/\\\/milbaza.lv\\\/ru\\\/#organization\"},\"potentialAction\":[{\"@type\":\"SearchAction\",\"target\":{\"@type\":\"EntryPoint\",\"urlTemplate\":\"https:\\\/\\\/milbaza.lv\\\/ru\\\/?s={search_term_string}\"},\"query-input\":{\"@type\":\"PropertyValueSpecification\",\"valueRequired\":true,\"valueName\":\"search_term_string\"}}],\"inLanguage\":\"ru-RU\"},{\"@type\":\"Organization\",\"@id\":\"https:\\\/\\\/milbaza.lv\\\/ru\\\/#organization\",\"name\":\"Milbaza\",\"url\":\"https:\\\/\\\/milbaza.lv\\\/ru\\\/\",\"logo\":{\"@type\":\"ImageObject\",\"inLanguage\":\"ru-RU\",\"@id\":\"https:\\\/\\\/milbaza.lv\\\/ru\\\/#\\\/schema\\\/logo\\\/image\\\/\",\"url\":\"https:\\\/\\\/milbaza.lv\\\/wp-content\\\/uploads\\\/2021\\\/11\\\/Mil_BAZA_logo3.png\",\"contentUrl\":\"https:\\\/\\\/milbaza.lv\\\/wp-content\\\/uploads\\\/2021\\\/11\\\/Mil_BAZA_logo3.png\",\"width\":564,\"height\":226,\"caption\":\"Milbaza\"},\"image\":{\"@id\":\"https:\\\/\\\/milbaza.lv\\\/ru\\\/#\\\/schema\\\/logo\\\/image\\\/\"},\"sameAs\":[\"https:\\\/\\\/www.facebook.com\\\/profile.php?id=100075399152223\",\"https:\\\/\\\/www.instagram.com\\\/milbaza.lv\\\/\",\"https:\\\/\\\/www.pinterest.com\\\/milbaza\\\/_saved\\\/\",\"https:\\\/\\\/www.youtube.com\\\/channel\\\/UCrPXltd8hsNIiGAKc37hGfQ\"]}]}<\/script>\n<!-- \/ Yoast SEO plugin. -->","yoast_head_json":{"title":"NAZIS GLOCK FM-78 MUST NUGA BLACK EDITION - MILBAZA \u2013 viss akt\u012bvai atp\u016btai","description":"Nopirkt NAZIS GLOCK FM-78 MUST NUGA BLACK EDITION izdev\u012bga cena un pieg\u0101de. T\u016brisma pre\u010du interneta veikals, pas\u016bt\u012bt online 24\/7!","robots":{"index":"index","follow":"follow","max-snippet":"max-snippet:-1","max-image-preview":"max-image-preview:large","max-video-preview":"max-video-preview:-1"},"canonical":"https:\/\/milbaza.lv\/ru\/produkts\/nazis-glock-fm-78-must-nuga-black-edition\/","og_locale":"ru_RU","og_type":"article","og_title":"NAZIS GLOCK FM-78 MUST NUGA BLACK EDITION - MILBAZA \u2013 viss akt\u012bvai atp\u016btai","og_description":"Nopirkt NAZIS GLOCK FM-78 MUST NUGA BLACK EDITION izdev\u012bga cena un pieg\u0101de. T\u016brisma pre\u010du interneta veikals, pas\u016bt\u012bt online 24\/7!","og_url":"https:\/\/milbaza.lv\/ru\/produkts\/nazis-glock-fm-78-must-nuga-black-edition\/","og_site_name":"MILBAZA \u2013 viss akt\u012bvai atp\u016btai","article_publisher":"https:\/\/www.facebook.com\/profile.php?id=100075399152223","article_modified_time":"2026-05-06T16:51:50+00:00","og_image":[{"width":650,"height":650,"url":"https:\/\/milbaza.lv\/wp-content\/uploads\/2022\/09\/noz-glock-fm-78-cierny-3376.jpg","type":"image\/jpeg"}],"twitter_card":"summary_large_image","twitter_misc":{"\u041f\u0440\u0438\u043c\u0435\u0440\u043d\u043e\u0435 \u0432\u0440\u0435\u043c\u044f \u0434\u043b\u044f \u0447\u0442\u0435\u043d\u0438\u044f":"1 \u043c\u0438\u043d\u0443\u0442\u0430"},"schema":{"@context":"https:\/\/schema.org","@graph":[{"@type":"WebPage","@id":"https:\/\/milbaza.lv\/ru\/produkts\/nazis-glock-fm-78-must-nuga-black-edition\/","url":"https:\/\/milbaza.lv\/ru\/produkts\/nazis-glock-fm-78-must-nuga-black-edition\/","name":"NAZIS GLOCK FM-78 MUST NUGA BLACK EDITION - MILBAZA \u2013 viss akt\u012bvai atp\u016btai","isPartOf":{"@id":"https:\/\/milbaza.lv\/ru\/#website"},"primaryImageOfPage":{"@id":"https:\/\/milbaza.lv\/ru\/produkts\/nazis-glock-fm-78-must-nuga-black-edition\/#primaryimage"},"image":{"@id":"https:\/\/milbaza.lv\/ru\/produkts\/nazis-glock-fm-78-must-nuga-black-edition\/#primaryimage"},"thumbnailUrl":"https:\/\/milbaza.lv\/wp-content\/uploads\/2022\/09\/noz-glock-fm-78-cierny-3376.jpg","datePublished":"2022-09-16T10:57:27+00:00","dateModified":"2026-05-06T16:51:50+00:00","description":"Nopirkt NAZIS GLOCK FM-78 MUST NUGA BLACK EDITION izdev\u012bga cena un pieg\u0101de. T\u016brisma pre\u010du interneta veikals, pas\u016bt\u012bt online 24\/7!","breadcrumb":{"@id":"https:\/\/milbaza.lv\/ru\/produkts\/nazis-glock-fm-78-must-nuga-black-edition\/#breadcrumb"},"inLanguage":"ru-RU","potentialAction":[{"@type":"ReadAction","target":["https:\/\/milbaza.lv\/ru\/produkts\/nazis-glock-fm-78-must-nuga-black-edition\/"]}]},{"@type":"ImageObject","inLanguage":"ru-RU","@id":"https:\/\/milbaza.lv\/ru\/produkts\/nazis-glock-fm-78-must-nuga-black-edition\/#primaryimage","url":"https:\/\/milbaza.lv\/wp-content\/uploads\/2022\/09\/noz-glock-fm-78-cierny-3376.jpg","contentUrl":"https:\/\/milbaza.lv\/wp-content\/uploads\/2022\/09\/noz-glock-fm-78-cierny-3376.jpg","width":650,"height":650},{"@type":"BreadcrumbList","@id":"https:\/\/milbaza.lv\/ru\/produkts\/nazis-glock-fm-78-must-nuga-black-edition\/#breadcrumb","itemListElement":[{"@type":"ListItem","position":1,"name":"Home","item":"https:\/\/milbaza.lv\/ru\/"},{"@type":"ListItem","position":2,"name":"\u041c\u0430\u0433\u0430\u0437\u0438\u043d","item":"https:\/\/milbaza.lv\/ru\/%d0%bc%d0%b0%d0%b3%d0%b0%d0%b7%d0%b8%d0%bd\/"},{"@type":"ListItem","position":3,"name":"NAZIS GLOCK FM-78 MUST NUGA BLACK EDITION"}]},{"@type":"WebSite","@id":"https:\/\/milbaza.lv\/ru\/#website","url":"https:\/\/milbaza.lv\/ru\/","name":"MILBAZA \u2013 viss akt\u012bvai atp\u016btai","description":"Viss akt\u012bvai atp\u016btai","publisher":{"@id":"https:\/\/milbaza.lv\/ru\/#organization"},"potentialAction":[{"@type":"SearchAction","target":{"@type":"EntryPoint","urlTemplate":"https:\/\/milbaza.lv\/ru\/?s={search_term_string}"},"query-input":{"@type":"PropertyValueSpecification","valueRequired":true,"valueName":"search_term_string"}}],"inLanguage":"ru-RU"},{"@type":"Organization","@id":"https:\/\/milbaza.lv\/ru\/#organization","name":"Milbaza","url":"https:\/\/milbaza.lv\/ru\/","logo":{"@type":"ImageObject","inLanguage":"ru-RU","@id":"https:\/\/milbaza.lv\/ru\/#\/schema\/logo\/image\/","url":"https:\/\/milbaza.lv\/wp-content\/uploads\/2021\/11\/Mil_BAZA_logo3.png","contentUrl":"https:\/\/milbaza.lv\/wp-content\/uploads\/2021\/11\/Mil_BAZA_logo3.png","width":564,"height":226,"caption":"Milbaza"},"image":{"@id":"https:\/\/milbaza.lv\/ru\/#\/schema\/logo\/image\/"},"sameAs":["https:\/\/www.facebook.com\/profile.php?id=100075399152223","https:\/\/www.instagram.com\/milbaza.lv\/","https:\/\/www.pinterest.com\/milbaza\/_saved\/","https:\/\/www.youtube.com\/channel\/UCrPXltd8hsNIiGAKc37hGfQ"]}]}},"_links":{"self":[{"href":"https:\/\/milbaza.lv\/ru\/wp-json\/wp\/v2\/product\/20233","targetHints":{"allow":["GET"]}}],"collection":[{"href":"https:\/\/milbaza.lv\/ru\/wp-json\/wp\/v2\/product"}],"about":[{"href":"https:\/\/milbaza.lv\/ru\/wp-json\/wp\/v2\/types\/product"}],"replies":[{"embeddable":true,"href":"https:\/\/milbaza.lv\/ru\/wp-json\/wp\/v2\/comments?post=20233"}],"wp:featuredmedia":[{"embeddable":true,"href":"https:\/\/milbaza.lv\/ru\/wp-json\/wp\/v2\/media\/20234"}],"wp:attachment":[{"href":"https:\/\/milbaza.lv\/ru\/wp-json\/wp\/v2\/media?parent=20233"}],"wp:term":[{"taxonomy":"product_brand","embeddable":true,"href":"https:\/\/milbaza.lv\/ru\/wp-json\/wp\/v2\/product_brand?post=20233"},{"taxonomy":"product_cat","embeddable":true,"href":"https:\/\/milbaza.lv\/ru\/wp-json\/wp\/v2\/product_cat?post=20233"},{"taxonomy":"product_tag","embeddable":true,"href":"https:\/\/milbaza.lv\/ru\/wp-json\/wp\/v2\/product_tag?post=20233"}],"curies":[{"name":"wp","href":"https:\/\/api.w.org\/{rel}","templated":true}]}}