{"id":20239,"date":"2022-09-16T14:03:46","date_gmt":"2022-09-16T11:03:46","guid":{"rendered":"https:\/\/milbaza.lv\/?post_type=product&#038;p=20239"},"modified":"2026-05-06T19:36:31","modified_gmt":"2026-05-06T16:36:31","slug":"apvalks-sapieru-lapstai-retums","status":"publish","type":"product","link":"https:\/\/milbaza.lv\/ru\/produkts\/apvalks-sapieru-lapstai-retums\/","title":{"rendered":"APVALKS SAPIERU L\u0100PSTAI (RETUMS)"},"content":{"rendered":"<p>Sapiera l\u0101pstas apvalks ir paredz\u0113ts milit\u0101rperson\u0101m, lai n\u0113s\u0101tu l\u0101pstu uz viduk\u013ca jostas. L\u0101pstas bajonetam (met\u0101la da\u013cai) uzliktais p\u0101rsegs un roktura nostiprin\u0101\u0161ana ar siksnu-skavu ne\u013cauj l\u0101psti\u0146ai izkrist un pasarg\u0101 \u0137ermeni no savainojumiem ar asajiem l\u0101psti\u0146as st\u016briem, ja uz t\u0101 vai citu neveiksm\u012bga kust\u012bba. L\u0101pstas audekla v\u0101ka izm\u0113ri ir 23,5x20x2,5 cm, kas atbilst padomju un krievu tipa MSL (MPL-50) l\u0101pstas bajonetes izm\u0113riem. P\u0101rvalka aizmugur\u0113 ir cilpas platai jostai.<\/p>\n","protected":false},"excerpt":{"rendered":"<p>Sapiera l\u0101pstas apvalks ir paredz\u0113ts milit\u0101rperson\u0101m, lai n\u0113s\u0101tu l\u0101pstu uz viduk\u013ca jostas. L\u0101pstas bajonetam (met\u0101la da\u013cai) uzliktais p\u0101rsegs un roktura nostiprin\u0101\u0161ana ar siksnu-skavu ne\u013cauj l\u0101psti\u0146ai izkrist un pasarg\u0101 \u0137ermeni no savainojumiem ar asajiem l\u0101psti\u0146as st\u016briem, ja uz t\u0101 vai citu neveiksm\u012bga kust\u012bba. L\u0101pstas audekla v\u0101ka izm\u0113ri ir 23,5x20x2,5 cm, kas atbilst padomju un krievu tipa [&#8230;]\n","protected":false},"featured_media":20240,"comment_status":"open","ping_status":"closed","template":"","meta":{"_acf_changed":false},"product_brand":[],"product_cat":[196,518],"product_tag":[],"class_list":{"0":"post-20239","1":"product","2":"type-product","3":"status-publish","4":"has-post-thumbnail","6":"product_cat-aksesuari-ekipejums","7":"product_cat-ekipejums","9":"first","10":"outofstock","11":"taxable","12":"shipping-taxable","13":"purchasable","14":"product-type-simple"},"acf":[],"yoast_head":"<!-- This site is optimized with the Yoast SEO plugin v27.4 - https:\/\/yoast.com\/product\/yoast-seo-wordpress\/ -->\n<title>APVALKS SAPIERU L\u0100PSTAI (RETUMS) - MILBAZA \u2013 viss akt\u012bvai atp\u016btai<\/title>\n<meta name=\"description\" content=\"Nopirkt APVALKS SAPIERU L\u0100PSTAI (RETUMS) izdev\u012bga cena un pieg\u0101de. T\u016brisma pre\u010du interneta veikals, pas\u016bt\u012bt online 24\/7!\" \/>\n<meta name=\"robots\" content=\"index, follow, max-snippet:-1, max-image-preview:large, max-video-preview:-1\" \/>\n<link rel=\"canonical\" href=\"https:\/\/milbaza.lv\/ru\/produkts\/apvalks-sapieru-lapstai-retums\/\" \/>\n<meta property=\"og:locale\" content=\"ru_RU\" \/>\n<meta property=\"og:type\" content=\"article\" \/>\n<meta property=\"og:title\" content=\"APVALKS SAPIERU L\u0100PSTAI (RETUMS) - MILBAZA \u2013 viss akt\u012bvai atp\u016btai\" \/>\n<meta property=\"og:description\" content=\"Nopirkt APVALKS SAPIERU L\u0100PSTAI (RETUMS) izdev\u012bga cena un pieg\u0101de. T\u016brisma pre\u010du interneta veikals, pas\u016bt\u012bt online 24\/7!\" \/>\n<meta property=\"og:url\" content=\"https:\/\/milbaza.lv\/ru\/produkts\/apvalks-sapieru-lapstai-retums\/\" \/>\n<meta property=\"og:site_name\" content=\"MILBAZA \u2013 viss akt\u012bvai atp\u016btai\" \/>\n<meta property=\"article:publisher\" content=\"https:\/\/www.facebook.com\/profile.php?id=100075399152223\" \/>\n<meta property=\"article:modified_time\" content=\"2026-05-06T16:36:31+00:00\" \/>\n<meta property=\"og:image\" content=\"https:\/\/milbaza.lv\/wp-content\/uploads\/2022\/09\/2013121934343887.webp\" \/>\n\t<meta property=\"og:image:width\" content=\"600\" \/>\n\t<meta property=\"og:image:height\" content=\"619\" \/>\n\t<meta property=\"og:image:type\" content=\"image\/webp\" \/>\n<meta name=\"twitter:card\" content=\"summary_large_image\" \/>\n<script type=\"application\/ld+json\" class=\"yoast-schema-graph\">{\"@context\":\"https:\\\/\\\/schema.org\",\"@graph\":[{\"@type\":\"WebPage\",\"@id\":\"https:\\\/\\\/milbaza.lv\\\/ru\\\/produkts\\\/apvalks-sapieru-lapstai-retums\\\/\",\"url\":\"https:\\\/\\\/milbaza.lv\\\/ru\\\/produkts\\\/apvalks-sapieru-lapstai-retums\\\/\",\"name\":\"APVALKS SAPIERU L\u0100PSTAI (RETUMS) - MILBAZA \u2013 viss akt\u012bvai atp\u016btai\",\"isPartOf\":{\"@id\":\"https:\\\/\\\/milbaza.lv\\\/ru\\\/#website\"},\"primaryImageOfPage\":{\"@id\":\"https:\\\/\\\/milbaza.lv\\\/ru\\\/produkts\\\/apvalks-sapieru-lapstai-retums\\\/#primaryimage\"},\"image\":{\"@id\":\"https:\\\/\\\/milbaza.lv\\\/ru\\\/produkts\\\/apvalks-sapieru-lapstai-retums\\\/#primaryimage\"},\"thumbnailUrl\":\"https:\\\/\\\/milbaza.lv\\\/wp-content\\\/uploads\\\/2022\\\/09\\\/2013121934343887.webp\",\"datePublished\":\"2022-09-16T11:03:46+00:00\",\"dateModified\":\"2026-05-06T16:36:31+00:00\",\"description\":\"Nopirkt APVALKS SAPIERU L\u0100PSTAI (RETUMS) izdev\u012bga cena un pieg\u0101de. T\u016brisma pre\u010du interneta veikals, pas\u016bt\u012bt online 24\\\/7!\",\"breadcrumb\":{\"@id\":\"https:\\\/\\\/milbaza.lv\\\/ru\\\/produkts\\\/apvalks-sapieru-lapstai-retums\\\/#breadcrumb\"},\"inLanguage\":\"ru-RU\",\"potentialAction\":[{\"@type\":\"ReadAction\",\"target\":[\"https:\\\/\\\/milbaza.lv\\\/ru\\\/produkts\\\/apvalks-sapieru-lapstai-retums\\\/\"]}]},{\"@type\":\"ImageObject\",\"inLanguage\":\"ru-RU\",\"@id\":\"https:\\\/\\\/milbaza.lv\\\/ru\\\/produkts\\\/apvalks-sapieru-lapstai-retums\\\/#primaryimage\",\"url\":\"https:\\\/\\\/milbaza.lv\\\/wp-content\\\/uploads\\\/2022\\\/09\\\/2013121934343887.webp\",\"contentUrl\":\"https:\\\/\\\/milbaza.lv\\\/wp-content\\\/uploads\\\/2022\\\/09\\\/2013121934343887.webp\",\"width\":600,\"height\":619},{\"@type\":\"BreadcrumbList\",\"@id\":\"https:\\\/\\\/milbaza.lv\\\/ru\\\/produkts\\\/apvalks-sapieru-lapstai-retums\\\/#breadcrumb\",\"itemListElement\":[{\"@type\":\"ListItem\",\"position\":1,\"name\":\"Home\",\"item\":\"https:\\\/\\\/milbaza.lv\\\/ru\\\/\"},{\"@type\":\"ListItem\",\"position\":2,\"name\":\"\u041c\u0430\u0433\u0430\u0437\u0438\u043d\",\"item\":\"https:\\\/\\\/milbaza.lv\\\/ru\\\/%d0%bc%d0%b0%d0%b3%d0%b0%d0%b7%d0%b8%d0%bd\\\/\"},{\"@type\":\"ListItem\",\"position\":3,\"name\":\"APVALKS SAPIERU L\u0100PSTAI (RETUMS)\"}]},{\"@type\":\"WebSite\",\"@id\":\"https:\\\/\\\/milbaza.lv\\\/ru\\\/#website\",\"url\":\"https:\\\/\\\/milbaza.lv\\\/ru\\\/\",\"name\":\"MILBAZA \u2013 viss akt\u012bvai atp\u016btai\",\"description\":\"Viss akt\u012bvai atp\u016btai\",\"publisher\":{\"@id\":\"https:\\\/\\\/milbaza.lv\\\/ru\\\/#organization\"},\"potentialAction\":[{\"@type\":\"SearchAction\",\"target\":{\"@type\":\"EntryPoint\",\"urlTemplate\":\"https:\\\/\\\/milbaza.lv\\\/ru\\\/?s={search_term_string}\"},\"query-input\":{\"@type\":\"PropertyValueSpecification\",\"valueRequired\":true,\"valueName\":\"search_term_string\"}}],\"inLanguage\":\"ru-RU\"},{\"@type\":\"Organization\",\"@id\":\"https:\\\/\\\/milbaza.lv\\\/ru\\\/#organization\",\"name\":\"Milbaza\",\"url\":\"https:\\\/\\\/milbaza.lv\\\/ru\\\/\",\"logo\":{\"@type\":\"ImageObject\",\"inLanguage\":\"ru-RU\",\"@id\":\"https:\\\/\\\/milbaza.lv\\\/ru\\\/#\\\/schema\\\/logo\\\/image\\\/\",\"url\":\"https:\\\/\\\/milbaza.lv\\\/wp-content\\\/uploads\\\/2021\\\/11\\\/Mil_BAZA_logo3.png\",\"contentUrl\":\"https:\\\/\\\/milbaza.lv\\\/wp-content\\\/uploads\\\/2021\\\/11\\\/Mil_BAZA_logo3.png\",\"width\":564,\"height\":226,\"caption\":\"Milbaza\"},\"image\":{\"@id\":\"https:\\\/\\\/milbaza.lv\\\/ru\\\/#\\\/schema\\\/logo\\\/image\\\/\"},\"sameAs\":[\"https:\\\/\\\/www.facebook.com\\\/profile.php?id=100075399152223\",\"https:\\\/\\\/www.instagram.com\\\/milbaza.lv\\\/\",\"https:\\\/\\\/www.pinterest.com\\\/milbaza\\\/_saved\\\/\",\"https:\\\/\\\/www.youtube.com\\\/channel\\\/UCrPXltd8hsNIiGAKc37hGfQ\"]}]}<\/script>\n<!-- \/ Yoast SEO plugin. -->","yoast_head_json":{"title":"APVALKS SAPIERU L\u0100PSTAI (RETUMS) - MILBAZA \u2013 viss akt\u012bvai atp\u016btai","description":"Nopirkt APVALKS SAPIERU L\u0100PSTAI (RETUMS) izdev\u012bga cena un pieg\u0101de. T\u016brisma pre\u010du interneta veikals, pas\u016bt\u012bt online 24\/7!","robots":{"index":"index","follow":"follow","max-snippet":"max-snippet:-1","max-image-preview":"max-image-preview:large","max-video-preview":"max-video-preview:-1"},"canonical":"https:\/\/milbaza.lv\/ru\/produkts\/apvalks-sapieru-lapstai-retums\/","og_locale":"ru_RU","og_type":"article","og_title":"APVALKS SAPIERU L\u0100PSTAI (RETUMS) - MILBAZA \u2013 viss akt\u012bvai atp\u016btai","og_description":"Nopirkt APVALKS SAPIERU L\u0100PSTAI (RETUMS) izdev\u012bga cena un pieg\u0101de. T\u016brisma pre\u010du interneta veikals, pas\u016bt\u012bt online 24\/7!","og_url":"https:\/\/milbaza.lv\/ru\/produkts\/apvalks-sapieru-lapstai-retums\/","og_site_name":"MILBAZA \u2013 viss akt\u012bvai atp\u016btai","article_publisher":"https:\/\/www.facebook.com\/profile.php?id=100075399152223","article_modified_time":"2026-05-06T16:36:31+00:00","og_image":[{"width":600,"height":619,"url":"https:\/\/milbaza.lv\/wp-content\/uploads\/2022\/09\/2013121934343887.webp","type":"image\/webp"}],"twitter_card":"summary_large_image","schema":{"@context":"https:\/\/schema.org","@graph":[{"@type":"WebPage","@id":"https:\/\/milbaza.lv\/ru\/produkts\/apvalks-sapieru-lapstai-retums\/","url":"https:\/\/milbaza.lv\/ru\/produkts\/apvalks-sapieru-lapstai-retums\/","name":"APVALKS SAPIERU L\u0100PSTAI (RETUMS) - MILBAZA \u2013 viss akt\u012bvai atp\u016btai","isPartOf":{"@id":"https:\/\/milbaza.lv\/ru\/#website"},"primaryImageOfPage":{"@id":"https:\/\/milbaza.lv\/ru\/produkts\/apvalks-sapieru-lapstai-retums\/#primaryimage"},"image":{"@id":"https:\/\/milbaza.lv\/ru\/produkts\/apvalks-sapieru-lapstai-retums\/#primaryimage"},"thumbnailUrl":"https:\/\/milbaza.lv\/wp-content\/uploads\/2022\/09\/2013121934343887.webp","datePublished":"2022-09-16T11:03:46+00:00","dateModified":"2026-05-06T16:36:31+00:00","description":"Nopirkt APVALKS SAPIERU L\u0100PSTAI (RETUMS) izdev\u012bga cena un pieg\u0101de. T\u016brisma pre\u010du interneta veikals, pas\u016bt\u012bt online 24\/7!","breadcrumb":{"@id":"https:\/\/milbaza.lv\/ru\/produkts\/apvalks-sapieru-lapstai-retums\/#breadcrumb"},"inLanguage":"ru-RU","potentialAction":[{"@type":"ReadAction","target":["https:\/\/milbaza.lv\/ru\/produkts\/apvalks-sapieru-lapstai-retums\/"]}]},{"@type":"ImageObject","inLanguage":"ru-RU","@id":"https:\/\/milbaza.lv\/ru\/produkts\/apvalks-sapieru-lapstai-retums\/#primaryimage","url":"https:\/\/milbaza.lv\/wp-content\/uploads\/2022\/09\/2013121934343887.webp","contentUrl":"https:\/\/milbaza.lv\/wp-content\/uploads\/2022\/09\/2013121934343887.webp","width":600,"height":619},{"@type":"BreadcrumbList","@id":"https:\/\/milbaza.lv\/ru\/produkts\/apvalks-sapieru-lapstai-retums\/#breadcrumb","itemListElement":[{"@type":"ListItem","position":1,"name":"Home","item":"https:\/\/milbaza.lv\/ru\/"},{"@type":"ListItem","position":2,"name":"\u041c\u0430\u0433\u0430\u0437\u0438\u043d","item":"https:\/\/milbaza.lv\/ru\/%d0%bc%d0%b0%d0%b3%d0%b0%d0%b7%d0%b8%d0%bd\/"},{"@type":"ListItem","position":3,"name":"APVALKS SAPIERU L\u0100PSTAI (RETUMS)"}]},{"@type":"WebSite","@id":"https:\/\/milbaza.lv\/ru\/#website","url":"https:\/\/milbaza.lv\/ru\/","name":"MILBAZA \u2013 viss akt\u012bvai atp\u016btai","description":"Viss akt\u012bvai atp\u016btai","publisher":{"@id":"https:\/\/milbaza.lv\/ru\/#organization"},"potentialAction":[{"@type":"SearchAction","target":{"@type":"EntryPoint","urlTemplate":"https:\/\/milbaza.lv\/ru\/?s={search_term_string}"},"query-input":{"@type":"PropertyValueSpecification","valueRequired":true,"valueName":"search_term_string"}}],"inLanguage":"ru-RU"},{"@type":"Organization","@id":"https:\/\/milbaza.lv\/ru\/#organization","name":"Milbaza","url":"https:\/\/milbaza.lv\/ru\/","logo":{"@type":"ImageObject","inLanguage":"ru-RU","@id":"https:\/\/milbaza.lv\/ru\/#\/schema\/logo\/image\/","url":"https:\/\/milbaza.lv\/wp-content\/uploads\/2021\/11\/Mil_BAZA_logo3.png","contentUrl":"https:\/\/milbaza.lv\/wp-content\/uploads\/2021\/11\/Mil_BAZA_logo3.png","width":564,"height":226,"caption":"Milbaza"},"image":{"@id":"https:\/\/milbaza.lv\/ru\/#\/schema\/logo\/image\/"},"sameAs":["https:\/\/www.facebook.com\/profile.php?id=100075399152223","https:\/\/www.instagram.com\/milbaza.lv\/","https:\/\/www.pinterest.com\/milbaza\/_saved\/","https:\/\/www.youtube.com\/channel\/UCrPXltd8hsNIiGAKc37hGfQ"]}]}},"_links":{"self":[{"href":"https:\/\/milbaza.lv\/ru\/wp-json\/wp\/v2\/product\/20239","targetHints":{"allow":["GET"]}}],"collection":[{"href":"https:\/\/milbaza.lv\/ru\/wp-json\/wp\/v2\/product"}],"about":[{"href":"https:\/\/milbaza.lv\/ru\/wp-json\/wp\/v2\/types\/product"}],"replies":[{"embeddable":true,"href":"https:\/\/milbaza.lv\/ru\/wp-json\/wp\/v2\/comments?post=20239"}],"wp:featuredmedia":[{"embeddable":true,"href":"https:\/\/milbaza.lv\/ru\/wp-json\/wp\/v2\/media\/20240"}],"wp:attachment":[{"href":"https:\/\/milbaza.lv\/ru\/wp-json\/wp\/v2\/media?parent=20239"}],"wp:term":[{"taxonomy":"product_brand","embeddable":true,"href":"https:\/\/milbaza.lv\/ru\/wp-json\/wp\/v2\/product_brand?post=20239"},{"taxonomy":"product_cat","embeddable":true,"href":"https:\/\/milbaza.lv\/ru\/wp-json\/wp\/v2\/product_cat?post=20239"},{"taxonomy":"product_tag","embeddable":true,"href":"https:\/\/milbaza.lv\/ru\/wp-json\/wp\/v2\/product_tag?post=20239"}],"curies":[{"name":"wp","href":"https:\/\/api.w.org\/{rel}","templated":true}]}}