{"id":2037,"date":"2022-01-13T18:33:10","date_gmt":"2022-01-13T16:33:10","guid":{"rendered":"https:\/\/milbaza.lv\/?post_type=product&#038;p=2037"},"modified":"2026-05-06T10:22:29","modified_gmt":"2026-05-06T07:22:29","slug":"uguns-iekursanas-komplekts-helikon-tex-scout-mk2-firestarter","status":"publish","type":"product","link":"https:\/\/milbaza.lv\/ru\/produkts\/uguns-iekursanas-komplekts-helikon-tex-scout-mk2-firestarter\/","title":{"rendered":"Uguns iekur\u0161anas komplekts Helikon-Tex Scout Mk2 Firestarter"},"content":{"rendered":"<p>Scout Mk2 Firestarter ir komplekts, kas \u013cauj efekt\u012bvi iekurt uguni, neizmantojot s\u0113rkoci\u0146us vai \u0161\u0137iltavas. Komplekt\u0101 iek\u013caut\u0101 t\u0113rauda kaste \u013cauj n\u0113s\u0101t kramu un citus elementus, nerisk\u0113jot tos pazaud\u0113t. Uz t\u0101 uzdruk\u0101tais Bushcraft Line logotips \u013cauj \u0113rti atpaz\u012bt komplektu. Scout MK2 komplekts \u00a0ir \u013coti viegli lietojams. Pat nelielai skr\u0101pja kust\u012bbai vajadz\u0113tu rad\u012bt pietiekami daudz dzirksteles, lai aizdedzin\u0101tu vati vai b\u0113rza mizu.<\/p>\n<p>&nbsp;<\/p>\n<p>\u012apa\u0161\u012bbas:<\/p>\n<ul>\n<li>Komplekt\u0101 ietilpst: t\u0113rauda izdz\u012bvo\u0161anas kaste (izm\u0113ri: 93 x 62 x 27 mm), uguns krams ar skr\u0101pi, divas spirta tabletes un vate<\/li>\n<li>\u0112rts un kompakts<\/li>\n<li>Iztur\u012bgs pret mitrumu un salu<\/li>\n<li>Nodro\u0161ina vieglu uguns iekur\u0161anu, neizmantojot \u0161\u0137iltavas vai s\u0113rkoci\u0146us<\/li>\n<\/ul>\n","protected":false},"excerpt":{"rendered":"<p>Scout Mk2 Firestarter ir komplekts, kas \u013cauj efekt\u012bvi iekurt uguni, neizmantojot s\u0113rkoci\u0146us vai \u0161\u0137iltavas. Komplekt\u0101 iek\u013caut\u0101 t\u0113rauda kaste \u013cauj n\u0113s\u0101t kramu un citus elementus, nerisk\u0113jot tos pazaud\u0113t. Uz t\u0101 uzdruk\u0101tais Bushcraft Line logotips \u013cauj \u0113rti atpaz\u012bt komplektu. Scout MK2 komplekts \u00a0ir \u013coti viegli lietojams. Pat nelielai skr\u0101pja kust\u012bbai vajadz\u0113tu rad\u012bt pietiekami daudz dzirksteles, lai aizdedzin\u0101tu [&#8230;]\n","protected":false},"featured_media":3376,"comment_status":"open","ping_status":"closed","template":"","meta":{"_acf_changed":false},"product_brand":[],"product_cat":[197,27],"product_tag":[],"class_list":{"0":"post-2037","1":"product","2":"type-product","3":"status-publish","4":"has-post-thumbnail","6":"product_cat-aksesuari-kempingam","7":"product_cat-kempingam","9":"first","10":"instock","11":"taxable","12":"shipping-taxable","13":"purchasable","14":"product-type-simple"},"acf":[],"yoast_head":"<!-- This site is optimized with the Yoast SEO plugin v27.4 - https:\/\/yoast.com\/product\/yoast-seo-wordpress\/ -->\n<title>Uguns iekur\u0161anas komplekts Helikon-Tex Scout Mk2 Firestarter - MILIBAZA<\/title>\n<meta name=\"description\" content=\"Nopirkt Uguns iekur\u0161anas komplekts Helikon-Tex Scout Mk2 Firestarter, izdev\u012bga cena un pieg\u0101de. T\u016brisma pre\u010du interneta veikals, pas\u016bt\u012bt online 24\/7!\" \/>\n<meta name=\"robots\" content=\"index, follow, max-snippet:-1, max-image-preview:large, max-video-preview:-1\" \/>\n<link rel=\"canonical\" href=\"https:\/\/milbaza.lv\/ru\/produkts\/uguns-iekursanas-komplekts-helikon-tex-scout-mk2-firestarter\/\" \/>\n<meta property=\"og:locale\" content=\"ru_RU\" \/>\n<meta property=\"og:type\" content=\"article\" \/>\n<meta property=\"og:title\" content=\"Uguns iekur\u0161anas komplekts Helikon-Tex Scout Mk2 Firestarter - MILIBAZA\" \/>\n<meta property=\"og:description\" content=\"Nopirkt Uguns iekur\u0161anas komplekts Helikon-Tex Scout Mk2 Firestarter, izdev\u012bga cena un pieg\u0101de. T\u016brisma pre\u010du interneta veikals, pas\u016bt\u012bt online 24\/7!\" \/>\n<meta property=\"og:url\" content=\"https:\/\/milbaza.lv\/ru\/produkts\/uguns-iekursanas-komplekts-helikon-tex-scout-mk2-firestarter\/\" \/>\n<meta property=\"og:site_name\" content=\"MILBAZA \u2013 viss akt\u012bvai atp\u016btai\" \/>\n<meta property=\"article:publisher\" content=\"https:\/\/www.facebook.com\/profile.php?id=100075399152223\" \/>\n<meta property=\"article:modified_time\" content=\"2026-05-06T07:22:29+00:00\" \/>\n<meta property=\"og:image\" content=\"https:\/\/milbaza.lv\/wp-content\/uploads\/2022\/01\/KR-SMK-FC-15.jpg\" \/>\n\t<meta property=\"og:image:width\" content=\"1500\" \/>\n\t<meta property=\"og:image:height\" content=\"1500\" \/>\n\t<meta property=\"og:image:type\" content=\"image\/jpeg\" \/>\n<meta name=\"twitter:card\" content=\"summary_large_image\" \/>\n<meta name=\"twitter:label1\" content=\"\u041f\u0440\u0438\u043c\u0435\u0440\u043d\u043e\u0435 \u0432\u0440\u0435\u043c\u044f \u0434\u043b\u044f \u0447\u0442\u0435\u043d\u0438\u044f\" \/>\n\t<meta name=\"twitter:data1\" content=\"1 \u043c\u0438\u043d\u0443\u0442\u0430\" \/>\n<script type=\"application\/ld+json\" class=\"yoast-schema-graph\">{\"@context\":\"https:\\\/\\\/schema.org\",\"@graph\":[{\"@type\":\"WebPage\",\"@id\":\"https:\\\/\\\/milbaza.lv\\\/ru\\\/produkts\\\/uguns-iekursanas-komplekts-helikon-tex-scout-mk2-firestarter\\\/\",\"url\":\"https:\\\/\\\/milbaza.lv\\\/ru\\\/produkts\\\/uguns-iekursanas-komplekts-helikon-tex-scout-mk2-firestarter\\\/\",\"name\":\"Uguns iekur\u0161anas komplekts Helikon-Tex Scout Mk2 Firestarter - MILIBAZA\",\"isPartOf\":{\"@id\":\"https:\\\/\\\/milbaza.lv\\\/ru\\\/#website\"},\"primaryImageOfPage\":{\"@id\":\"https:\\\/\\\/milbaza.lv\\\/ru\\\/produkts\\\/uguns-iekursanas-komplekts-helikon-tex-scout-mk2-firestarter\\\/#primaryimage\"},\"image\":{\"@id\":\"https:\\\/\\\/milbaza.lv\\\/ru\\\/produkts\\\/uguns-iekursanas-komplekts-helikon-tex-scout-mk2-firestarter\\\/#primaryimage\"},\"thumbnailUrl\":\"https:\\\/\\\/milbaza.lv\\\/wp-content\\\/uploads\\\/2022\\\/01\\\/KR-SMK-FC-15.jpg\",\"datePublished\":\"2022-01-13T16:33:10+00:00\",\"dateModified\":\"2026-05-06T07:22:29+00:00\",\"description\":\"Nopirkt Uguns iekur\u0161anas komplekts Helikon-Tex Scout Mk2 Firestarter, izdev\u012bga cena un pieg\u0101de. T\u016brisma pre\u010du interneta veikals, pas\u016bt\u012bt online 24\\\/7!\",\"breadcrumb\":{\"@id\":\"https:\\\/\\\/milbaza.lv\\\/ru\\\/produkts\\\/uguns-iekursanas-komplekts-helikon-tex-scout-mk2-firestarter\\\/#breadcrumb\"},\"inLanguage\":\"ru-RU\",\"potentialAction\":[{\"@type\":\"ReadAction\",\"target\":[\"https:\\\/\\\/milbaza.lv\\\/ru\\\/produkts\\\/uguns-iekursanas-komplekts-helikon-tex-scout-mk2-firestarter\\\/\"]}]},{\"@type\":\"ImageObject\",\"inLanguage\":\"ru-RU\",\"@id\":\"https:\\\/\\\/milbaza.lv\\\/ru\\\/produkts\\\/uguns-iekursanas-komplekts-helikon-tex-scout-mk2-firestarter\\\/#primaryimage\",\"url\":\"https:\\\/\\\/milbaza.lv\\\/wp-content\\\/uploads\\\/2022\\\/01\\\/KR-SMK-FC-15.jpg\",\"contentUrl\":\"https:\\\/\\\/milbaza.lv\\\/wp-content\\\/uploads\\\/2022\\\/01\\\/KR-SMK-FC-15.jpg\",\"width\":1500,\"height\":1500},{\"@type\":\"BreadcrumbList\",\"@id\":\"https:\\\/\\\/milbaza.lv\\\/ru\\\/produkts\\\/uguns-iekursanas-komplekts-helikon-tex-scout-mk2-firestarter\\\/#breadcrumb\",\"itemListElement\":[{\"@type\":\"ListItem\",\"position\":1,\"name\":\"Home\",\"item\":\"https:\\\/\\\/milbaza.lv\\\/ru\\\/\"},{\"@type\":\"ListItem\",\"position\":2,\"name\":\"\u041c\u0430\u0433\u0430\u0437\u0438\u043d\",\"item\":\"https:\\\/\\\/milbaza.lv\\\/ru\\\/%d0%bc%d0%b0%d0%b3%d0%b0%d0%b7%d0%b8%d0%bd\\\/\"},{\"@type\":\"ListItem\",\"position\":3,\"name\":\"Uguns iekur\u0161anas komplekts Helikon-Tex Scout Mk2 Firestarter\"}]},{\"@type\":\"WebSite\",\"@id\":\"https:\\\/\\\/milbaza.lv\\\/ru\\\/#website\",\"url\":\"https:\\\/\\\/milbaza.lv\\\/ru\\\/\",\"name\":\"MILBAZA \u2013 viss akt\u012bvai atp\u016btai\",\"description\":\"Viss akt\u012bvai atp\u016btai\",\"publisher\":{\"@id\":\"https:\\\/\\\/milbaza.lv\\\/ru\\\/#organization\"},\"potentialAction\":[{\"@type\":\"SearchAction\",\"target\":{\"@type\":\"EntryPoint\",\"urlTemplate\":\"https:\\\/\\\/milbaza.lv\\\/ru\\\/?s={search_term_string}\"},\"query-input\":{\"@type\":\"PropertyValueSpecification\",\"valueRequired\":true,\"valueName\":\"search_term_string\"}}],\"inLanguage\":\"ru-RU\"},{\"@type\":\"Organization\",\"@id\":\"https:\\\/\\\/milbaza.lv\\\/ru\\\/#organization\",\"name\":\"Milbaza\",\"url\":\"https:\\\/\\\/milbaza.lv\\\/ru\\\/\",\"logo\":{\"@type\":\"ImageObject\",\"inLanguage\":\"ru-RU\",\"@id\":\"https:\\\/\\\/milbaza.lv\\\/ru\\\/#\\\/schema\\\/logo\\\/image\\\/\",\"url\":\"https:\\\/\\\/milbaza.lv\\\/wp-content\\\/uploads\\\/2021\\\/11\\\/Mil_BAZA_logo3.png\",\"contentUrl\":\"https:\\\/\\\/milbaza.lv\\\/wp-content\\\/uploads\\\/2021\\\/11\\\/Mil_BAZA_logo3.png\",\"width\":564,\"height\":226,\"caption\":\"Milbaza\"},\"image\":{\"@id\":\"https:\\\/\\\/milbaza.lv\\\/ru\\\/#\\\/schema\\\/logo\\\/image\\\/\"},\"sameAs\":[\"https:\\\/\\\/www.facebook.com\\\/profile.php?id=100075399152223\",\"https:\\\/\\\/www.instagram.com\\\/milbaza.lv\\\/\",\"https:\\\/\\\/www.pinterest.com\\\/milbaza\\\/_saved\\\/\",\"https:\\\/\\\/www.youtube.com\\\/channel\\\/UCrPXltd8hsNIiGAKc37hGfQ\"]}]}<\/script>\n<!-- \/ Yoast SEO plugin. -->","yoast_head_json":{"title":"Uguns iekur\u0161anas komplekts Helikon-Tex Scout Mk2 Firestarter - MILIBAZA","description":"Nopirkt Uguns iekur\u0161anas komplekts Helikon-Tex Scout Mk2 Firestarter, izdev\u012bga cena un pieg\u0101de. T\u016brisma pre\u010du interneta veikals, pas\u016bt\u012bt online 24\/7!","robots":{"index":"index","follow":"follow","max-snippet":"max-snippet:-1","max-image-preview":"max-image-preview:large","max-video-preview":"max-video-preview:-1"},"canonical":"https:\/\/milbaza.lv\/ru\/produkts\/uguns-iekursanas-komplekts-helikon-tex-scout-mk2-firestarter\/","og_locale":"ru_RU","og_type":"article","og_title":"Uguns iekur\u0161anas komplekts Helikon-Tex Scout Mk2 Firestarter - MILIBAZA","og_description":"Nopirkt Uguns iekur\u0161anas komplekts Helikon-Tex Scout Mk2 Firestarter, izdev\u012bga cena un pieg\u0101de. T\u016brisma pre\u010du interneta veikals, pas\u016bt\u012bt online 24\/7!","og_url":"https:\/\/milbaza.lv\/ru\/produkts\/uguns-iekursanas-komplekts-helikon-tex-scout-mk2-firestarter\/","og_site_name":"MILBAZA \u2013 viss akt\u012bvai atp\u016btai","article_publisher":"https:\/\/www.facebook.com\/profile.php?id=100075399152223","article_modified_time":"2026-05-06T07:22:29+00:00","og_image":[{"width":1500,"height":1500,"url":"https:\/\/milbaza.lv\/wp-content\/uploads\/2022\/01\/KR-SMK-FC-15.jpg","type":"image\/jpeg"}],"twitter_card":"summary_large_image","twitter_misc":{"\u041f\u0440\u0438\u043c\u0435\u0440\u043d\u043e\u0435 \u0432\u0440\u0435\u043c\u044f \u0434\u043b\u044f \u0447\u0442\u0435\u043d\u0438\u044f":"1 \u043c\u0438\u043d\u0443\u0442\u0430"},"schema":{"@context":"https:\/\/schema.org","@graph":[{"@type":"WebPage","@id":"https:\/\/milbaza.lv\/ru\/produkts\/uguns-iekursanas-komplekts-helikon-tex-scout-mk2-firestarter\/","url":"https:\/\/milbaza.lv\/ru\/produkts\/uguns-iekursanas-komplekts-helikon-tex-scout-mk2-firestarter\/","name":"Uguns iekur\u0161anas komplekts Helikon-Tex Scout Mk2 Firestarter - MILIBAZA","isPartOf":{"@id":"https:\/\/milbaza.lv\/ru\/#website"},"primaryImageOfPage":{"@id":"https:\/\/milbaza.lv\/ru\/produkts\/uguns-iekursanas-komplekts-helikon-tex-scout-mk2-firestarter\/#primaryimage"},"image":{"@id":"https:\/\/milbaza.lv\/ru\/produkts\/uguns-iekursanas-komplekts-helikon-tex-scout-mk2-firestarter\/#primaryimage"},"thumbnailUrl":"https:\/\/milbaza.lv\/wp-content\/uploads\/2022\/01\/KR-SMK-FC-15.jpg","datePublished":"2022-01-13T16:33:10+00:00","dateModified":"2026-05-06T07:22:29+00:00","description":"Nopirkt Uguns iekur\u0161anas komplekts Helikon-Tex Scout Mk2 Firestarter, izdev\u012bga cena un pieg\u0101de. T\u016brisma pre\u010du interneta veikals, pas\u016bt\u012bt online 24\/7!","breadcrumb":{"@id":"https:\/\/milbaza.lv\/ru\/produkts\/uguns-iekursanas-komplekts-helikon-tex-scout-mk2-firestarter\/#breadcrumb"},"inLanguage":"ru-RU","potentialAction":[{"@type":"ReadAction","target":["https:\/\/milbaza.lv\/ru\/produkts\/uguns-iekursanas-komplekts-helikon-tex-scout-mk2-firestarter\/"]}]},{"@type":"ImageObject","inLanguage":"ru-RU","@id":"https:\/\/milbaza.lv\/ru\/produkts\/uguns-iekursanas-komplekts-helikon-tex-scout-mk2-firestarter\/#primaryimage","url":"https:\/\/milbaza.lv\/wp-content\/uploads\/2022\/01\/KR-SMK-FC-15.jpg","contentUrl":"https:\/\/milbaza.lv\/wp-content\/uploads\/2022\/01\/KR-SMK-FC-15.jpg","width":1500,"height":1500},{"@type":"BreadcrumbList","@id":"https:\/\/milbaza.lv\/ru\/produkts\/uguns-iekursanas-komplekts-helikon-tex-scout-mk2-firestarter\/#breadcrumb","itemListElement":[{"@type":"ListItem","position":1,"name":"Home","item":"https:\/\/milbaza.lv\/ru\/"},{"@type":"ListItem","position":2,"name":"\u041c\u0430\u0433\u0430\u0437\u0438\u043d","item":"https:\/\/milbaza.lv\/ru\/%d0%bc%d0%b0%d0%b3%d0%b0%d0%b7%d0%b8%d0%bd\/"},{"@type":"ListItem","position":3,"name":"Uguns iekur\u0161anas komplekts Helikon-Tex Scout Mk2 Firestarter"}]},{"@type":"WebSite","@id":"https:\/\/milbaza.lv\/ru\/#website","url":"https:\/\/milbaza.lv\/ru\/","name":"MILBAZA \u2013 viss akt\u012bvai atp\u016btai","description":"Viss akt\u012bvai atp\u016btai","publisher":{"@id":"https:\/\/milbaza.lv\/ru\/#organization"},"potentialAction":[{"@type":"SearchAction","target":{"@type":"EntryPoint","urlTemplate":"https:\/\/milbaza.lv\/ru\/?s={search_term_string}"},"query-input":{"@type":"PropertyValueSpecification","valueRequired":true,"valueName":"search_term_string"}}],"inLanguage":"ru-RU"},{"@type":"Organization","@id":"https:\/\/milbaza.lv\/ru\/#organization","name":"Milbaza","url":"https:\/\/milbaza.lv\/ru\/","logo":{"@type":"ImageObject","inLanguage":"ru-RU","@id":"https:\/\/milbaza.lv\/ru\/#\/schema\/logo\/image\/","url":"https:\/\/milbaza.lv\/wp-content\/uploads\/2021\/11\/Mil_BAZA_logo3.png","contentUrl":"https:\/\/milbaza.lv\/wp-content\/uploads\/2021\/11\/Mil_BAZA_logo3.png","width":564,"height":226,"caption":"Milbaza"},"image":{"@id":"https:\/\/milbaza.lv\/ru\/#\/schema\/logo\/image\/"},"sameAs":["https:\/\/www.facebook.com\/profile.php?id=100075399152223","https:\/\/www.instagram.com\/milbaza.lv\/","https:\/\/www.pinterest.com\/milbaza\/_saved\/","https:\/\/www.youtube.com\/channel\/UCrPXltd8hsNIiGAKc37hGfQ"]}]}},"_links":{"self":[{"href":"https:\/\/milbaza.lv\/ru\/wp-json\/wp\/v2\/product\/2037","targetHints":{"allow":["GET"]}}],"collection":[{"href":"https:\/\/milbaza.lv\/ru\/wp-json\/wp\/v2\/product"}],"about":[{"href":"https:\/\/milbaza.lv\/ru\/wp-json\/wp\/v2\/types\/product"}],"replies":[{"embeddable":true,"href":"https:\/\/milbaza.lv\/ru\/wp-json\/wp\/v2\/comments?post=2037"}],"wp:featuredmedia":[{"embeddable":true,"href":"https:\/\/milbaza.lv\/ru\/wp-json\/wp\/v2\/media\/3376"}],"wp:attachment":[{"href":"https:\/\/milbaza.lv\/ru\/wp-json\/wp\/v2\/media?parent=2037"}],"wp:term":[{"taxonomy":"product_brand","embeddable":true,"href":"https:\/\/milbaza.lv\/ru\/wp-json\/wp\/v2\/product_brand?post=2037"},{"taxonomy":"product_cat","embeddable":true,"href":"https:\/\/milbaza.lv\/ru\/wp-json\/wp\/v2\/product_cat?post=2037"},{"taxonomy":"product_tag","embeddable":true,"href":"https:\/\/milbaza.lv\/ru\/wp-json\/wp\/v2\/product_tag?post=2037"}],"curies":[{"name":"wp","href":"https:\/\/api.w.org\/{rel}","templated":true}]}}