{"id":20708,"date":"2022-09-30T11:37:17","date_gmt":"2022-09-30T08:37:17","guid":{"rendered":"https:\/\/milbaza.lv\/?post_type=product&#038;p=20708"},"modified":"2026-04-05T16:53:13","modified_gmt":"2026-04-05T13:53:13","slug":"mil-tec-maskesanas-kostims-ghillie-jackal-w-l","status":"publish","type":"product","link":"https:\/\/milbaza.lv\/ru\/produkts\/mil-tec-maskesanas-kostims-ghillie-jackal-w-l\/","title":{"rendered":"MIL-TEC MASK\u0112\u0160ANAS KOST\u012aMS GHILLIE JACKAL W\/L"},"content":{"rendered":"<div>Virspuse: 100% poliesters, p\u0101rkl\u0101ts ar poliuret\u0101nu<\/div>\n<div>Odere: 100% poliesters<\/div>\n<div>Kamo audums: 100% neilons, p\u0101rkl\u0101ts ar poliuret\u0101nu<\/div>\n<div><\/div>\n<div>kas sast\u0101v no:<\/div>\n<div>&#8211; no\u0146emama kapuce<\/div>\n<div>&#8211; jaka<\/div>\n<div>&#8211; bikses ar ze\u0137turiem<\/div>\n<div><\/div>\n<div>&#8211; \u016bdensdro\u0161s<\/div>\n","protected":false},"excerpt":{"rendered":"<p>Virspuse: 100% poliesters, p\u0101rkl\u0101ts ar poliuret\u0101nu Odere: 100% poliesters Kamo audums: 100% neilons, p\u0101rkl\u0101ts ar poliuret\u0101nu kas sast\u0101v no: &#8211; no\u0146emama kapuce &#8211; jaka &#8211; bikses ar ze\u0137turiem &#8211; \u016bdensdro\u0161s<\/p>\n","protected":false},"featured_media":20710,"comment_status":"open","ping_status":"closed","template":"","meta":{"_acf_changed":false},"product_brand":[],"product_cat":[518,412],"product_tag":[],"class_list":{"0":"post-20708","1":"product","2":"type-product","3":"status-publish","4":"has-post-thumbnail","6":"product_cat-ekipejums","7":"product_cat-maskesanas-kostimi","9":"first","10":"instock","11":"taxable","12":"shipping-taxable","13":"purchasable","14":"product-type-variable"},"acf":[],"yoast_head":"<!-- This site is optimized with the Yoast SEO plugin v26.7 - https:\/\/yoast.com\/wordpress\/plugins\/seo\/ -->\n<title>MIL-TEC MASK\u0112\u0160ANAS KOST\u012aMS GHILLIE JACKAL W\/L - MILBAZA \u2013 viss akt\u012bvai atp\u016btai<\/title>\n<meta name=\"description\" content=\"Nopirkt MIL-TEC MASK\u0112\u0160ANAS KOST\u012aMS GHILLIE JACKAL W\/L izdev\u012bga cena un pieg\u0101de. T\u016brisma pre\u010du interneta veikals, pas\u016bt\u012bt online 24\/7!\" \/>\n<meta name=\"robots\" content=\"index, follow, max-snippet:-1, max-image-preview:large, max-video-preview:-1\" \/>\n<link rel=\"canonical\" href=\"https:\/\/milbaza.lv\/ru\/produkts\/mil-tec-maskesanas-kostims-ghillie-jackal-w-l\/\" \/>\n<meta property=\"og:locale\" content=\"ru_RU\" \/>\n<meta property=\"og:type\" content=\"article\" \/>\n<meta property=\"og:title\" content=\"MIL-TEC MASK\u0112\u0160ANAS KOST\u012aMS GHILLIE JACKAL W\/L - MILBAZA \u2013 viss akt\u012bvai atp\u016btai\" \/>\n<meta property=\"og:description\" content=\"Nopirkt MIL-TEC MASK\u0112\u0160ANAS KOST\u012aMS GHILLIE JACKAL W\/L izdev\u012bga cena un pieg\u0101de. T\u016brisma pre\u010du interneta veikals, pas\u016bt\u012bt online 24\/7!\" \/>\n<meta property=\"og:url\" content=\"https:\/\/milbaza.lv\/ru\/produkts\/mil-tec-maskesanas-kostims-ghillie-jackal-w-l\/\" \/>\n<meta property=\"og:site_name\" content=\"MILBAZA \u2013 viss akt\u012bvai atp\u016btai\" \/>\n<meta property=\"article:publisher\" content=\"https:\/\/www.facebook.com\/profile.php?id=100075399152223\" \/>\n<meta property=\"article:modified_time\" content=\"2026-04-05T13:53:13+00:00\" \/>\n<meta property=\"og:image\" content=\"https:\/\/milbaza.lv\/wp-content\/uploads\/2022\/09\/67a1f9875c2411e980bc005056807e63_6db215265c2411e980bc005056807e63-800x800-800x600-1.jpg\" \/>\n\t<meta property=\"og:image:width\" content=\"800\" \/>\n\t<meta property=\"og:image:height\" content=\"800\" \/>\n\t<meta property=\"og:image:type\" content=\"image\/jpeg\" \/>\n<meta name=\"twitter:card\" content=\"summary_large_image\" \/>\n<script type=\"application\/ld+json\" class=\"yoast-schema-graph\">{\"@context\":\"https:\/\/schema.org\",\"@graph\":[{\"@type\":\"WebPage\",\"@id\":\"https:\/\/milbaza.lv\/ru\/produkts\/mil-tec-maskesanas-kostims-ghillie-jackal-w-l\/\",\"url\":\"https:\/\/milbaza.lv\/ru\/produkts\/mil-tec-maskesanas-kostims-ghillie-jackal-w-l\/\",\"name\":\"MIL-TEC MASK\u0112\u0160ANAS KOST\u012aMS GHILLIE JACKAL W\/L - MILBAZA \u2013 viss akt\u012bvai atp\u016btai\",\"isPartOf\":{\"@id\":\"https:\/\/milbaza.lv\/ru\/#website\"},\"primaryImageOfPage\":{\"@id\":\"https:\/\/milbaza.lv\/ru\/produkts\/mil-tec-maskesanas-kostims-ghillie-jackal-w-l\/#primaryimage\"},\"image\":{\"@id\":\"https:\/\/milbaza.lv\/ru\/produkts\/mil-tec-maskesanas-kostims-ghillie-jackal-w-l\/#primaryimage\"},\"thumbnailUrl\":\"https:\/\/milbaza.lv\/wp-content\/uploads\/2022\/09\/67a1f9875c2411e980bc005056807e63_6db215265c2411e980bc005056807e63-800x800-800x600-1.jpg\",\"datePublished\":\"2022-09-30T08:37:17+00:00\",\"dateModified\":\"2026-04-05T13:53:13+00:00\",\"description\":\"Nopirkt MIL-TEC MASK\u0112\u0160ANAS KOST\u012aMS GHILLIE JACKAL W\/L izdev\u012bga cena un pieg\u0101de. T\u016brisma pre\u010du interneta veikals, pas\u016bt\u012bt online 24\/7!\",\"breadcrumb\":{\"@id\":\"https:\/\/milbaza.lv\/ru\/produkts\/mil-tec-maskesanas-kostims-ghillie-jackal-w-l\/#breadcrumb\"},\"inLanguage\":\"ru-RU\",\"potentialAction\":[{\"@type\":\"ReadAction\",\"target\":[\"https:\/\/milbaza.lv\/ru\/produkts\/mil-tec-maskesanas-kostims-ghillie-jackal-w-l\/\"]}]},{\"@type\":\"ImageObject\",\"inLanguage\":\"ru-RU\",\"@id\":\"https:\/\/milbaza.lv\/ru\/produkts\/mil-tec-maskesanas-kostims-ghillie-jackal-w-l\/#primaryimage\",\"url\":\"https:\/\/milbaza.lv\/wp-content\/uploads\/2022\/09\/67a1f9875c2411e980bc005056807e63_6db215265c2411e980bc005056807e63-800x800-800x600-1.jpg\",\"contentUrl\":\"https:\/\/milbaza.lv\/wp-content\/uploads\/2022\/09\/67a1f9875c2411e980bc005056807e63_6db215265c2411e980bc005056807e63-800x800-800x600-1.jpg\",\"width\":800,\"height\":800},{\"@type\":\"BreadcrumbList\",\"@id\":\"https:\/\/milbaza.lv\/ru\/produkts\/mil-tec-maskesanas-kostims-ghillie-jackal-w-l\/#breadcrumb\",\"itemListElement\":[{\"@type\":\"ListItem\",\"position\":1,\"name\":\"Home\",\"item\":\"https:\/\/milbaza.lv\/ru\/\"},{\"@type\":\"ListItem\",\"position\":2,\"name\":\"\u041c\u0430\u0433\u0430\u0437\u0438\u043d\",\"item\":\"https:\/\/milbaza.lv\/ru\/%d0%bc%d0%b0%d0%b3%d0%b0%d0%b7%d0%b8%d0%bd\/\"},{\"@type\":\"ListItem\",\"position\":3,\"name\":\"MIL-TEC MASK\u0112\u0160ANAS KOST\u012aMS GHILLIE JACKAL W\/L\"}]},{\"@type\":\"WebSite\",\"@id\":\"https:\/\/milbaza.lv\/ru\/#website\",\"url\":\"https:\/\/milbaza.lv\/ru\/\",\"name\":\"MILBAZA \u2013 viss akt\u012bvai atp\u016btai\",\"description\":\"Viss akt\u012bvai atp\u016btai\",\"publisher\":{\"@id\":\"https:\/\/milbaza.lv\/ru\/#organization\"},\"potentialAction\":[{\"@type\":\"SearchAction\",\"target\":{\"@type\":\"EntryPoint\",\"urlTemplate\":\"https:\/\/milbaza.lv\/ru\/?s={search_term_string}\"},\"query-input\":{\"@type\":\"PropertyValueSpecification\",\"valueRequired\":true,\"valueName\":\"search_term_string\"}}],\"inLanguage\":\"ru-RU\"},{\"@type\":\"Organization\",\"@id\":\"https:\/\/milbaza.lv\/ru\/#organization\",\"name\":\"Milbaza\",\"url\":\"https:\/\/milbaza.lv\/ru\/\",\"logo\":{\"@type\":\"ImageObject\",\"inLanguage\":\"ru-RU\",\"@id\":\"https:\/\/milbaza.lv\/ru\/#\/schema\/logo\/image\/\",\"url\":\"https:\/\/milbaza.lv\/wp-content\/uploads\/2021\/11\/Mil_BAZA_logo3.png\",\"contentUrl\":\"https:\/\/milbaza.lv\/wp-content\/uploads\/2021\/11\/Mil_BAZA_logo3.png\",\"width\":564,\"height\":226,\"caption\":\"Milbaza\"},\"image\":{\"@id\":\"https:\/\/milbaza.lv\/ru\/#\/schema\/logo\/image\/\"},\"sameAs\":[\"https:\/\/www.facebook.com\/profile.php?id=100075399152223\",\"https:\/\/www.instagram.com\/milbaza.lv\/\",\"https:\/\/www.pinterest.com\/milbaza\/_saved\/\",\"https:\/\/www.youtube.com\/channel\/UCrPXltd8hsNIiGAKc37hGfQ\"]}]}<\/script>\n<!-- \/ Yoast SEO plugin. -->","yoast_head_json":{"title":"MIL-TEC MASK\u0112\u0160ANAS KOST\u012aMS GHILLIE JACKAL W\/L - MILBAZA \u2013 viss akt\u012bvai atp\u016btai","description":"Nopirkt MIL-TEC MASK\u0112\u0160ANAS KOST\u012aMS GHILLIE JACKAL W\/L izdev\u012bga cena un pieg\u0101de. T\u016brisma pre\u010du interneta veikals, pas\u016bt\u012bt online 24\/7!","robots":{"index":"index","follow":"follow","max-snippet":"max-snippet:-1","max-image-preview":"max-image-preview:large","max-video-preview":"max-video-preview:-1"},"canonical":"https:\/\/milbaza.lv\/ru\/produkts\/mil-tec-maskesanas-kostims-ghillie-jackal-w-l\/","og_locale":"ru_RU","og_type":"article","og_title":"MIL-TEC MASK\u0112\u0160ANAS KOST\u012aMS GHILLIE JACKAL W\/L - MILBAZA \u2013 viss akt\u012bvai atp\u016btai","og_description":"Nopirkt MIL-TEC MASK\u0112\u0160ANAS KOST\u012aMS GHILLIE JACKAL W\/L izdev\u012bga cena un pieg\u0101de. T\u016brisma pre\u010du interneta veikals, pas\u016bt\u012bt online 24\/7!","og_url":"https:\/\/milbaza.lv\/ru\/produkts\/mil-tec-maskesanas-kostims-ghillie-jackal-w-l\/","og_site_name":"MILBAZA \u2013 viss akt\u012bvai atp\u016btai","article_publisher":"https:\/\/www.facebook.com\/profile.php?id=100075399152223","article_modified_time":"2026-04-05T13:53:13+00:00","og_image":[{"width":800,"height":800,"url":"https:\/\/milbaza.lv\/wp-content\/uploads\/2022\/09\/67a1f9875c2411e980bc005056807e63_6db215265c2411e980bc005056807e63-800x800-800x600-1.jpg","type":"image\/jpeg"}],"twitter_card":"summary_large_image","schema":{"@context":"https:\/\/schema.org","@graph":[{"@type":"WebPage","@id":"https:\/\/milbaza.lv\/ru\/produkts\/mil-tec-maskesanas-kostims-ghillie-jackal-w-l\/","url":"https:\/\/milbaza.lv\/ru\/produkts\/mil-tec-maskesanas-kostims-ghillie-jackal-w-l\/","name":"MIL-TEC MASK\u0112\u0160ANAS KOST\u012aMS GHILLIE JACKAL W\/L - MILBAZA \u2013 viss akt\u012bvai atp\u016btai","isPartOf":{"@id":"https:\/\/milbaza.lv\/ru\/#website"},"primaryImageOfPage":{"@id":"https:\/\/milbaza.lv\/ru\/produkts\/mil-tec-maskesanas-kostims-ghillie-jackal-w-l\/#primaryimage"},"image":{"@id":"https:\/\/milbaza.lv\/ru\/produkts\/mil-tec-maskesanas-kostims-ghillie-jackal-w-l\/#primaryimage"},"thumbnailUrl":"https:\/\/milbaza.lv\/wp-content\/uploads\/2022\/09\/67a1f9875c2411e980bc005056807e63_6db215265c2411e980bc005056807e63-800x800-800x600-1.jpg","datePublished":"2022-09-30T08:37:17+00:00","dateModified":"2026-04-05T13:53:13+00:00","description":"Nopirkt MIL-TEC MASK\u0112\u0160ANAS KOST\u012aMS GHILLIE JACKAL W\/L izdev\u012bga cena un pieg\u0101de. T\u016brisma pre\u010du interneta veikals, pas\u016bt\u012bt online 24\/7!","breadcrumb":{"@id":"https:\/\/milbaza.lv\/ru\/produkts\/mil-tec-maskesanas-kostims-ghillie-jackal-w-l\/#breadcrumb"},"inLanguage":"ru-RU","potentialAction":[{"@type":"ReadAction","target":["https:\/\/milbaza.lv\/ru\/produkts\/mil-tec-maskesanas-kostims-ghillie-jackal-w-l\/"]}]},{"@type":"ImageObject","inLanguage":"ru-RU","@id":"https:\/\/milbaza.lv\/ru\/produkts\/mil-tec-maskesanas-kostims-ghillie-jackal-w-l\/#primaryimage","url":"https:\/\/milbaza.lv\/wp-content\/uploads\/2022\/09\/67a1f9875c2411e980bc005056807e63_6db215265c2411e980bc005056807e63-800x800-800x600-1.jpg","contentUrl":"https:\/\/milbaza.lv\/wp-content\/uploads\/2022\/09\/67a1f9875c2411e980bc005056807e63_6db215265c2411e980bc005056807e63-800x800-800x600-1.jpg","width":800,"height":800},{"@type":"BreadcrumbList","@id":"https:\/\/milbaza.lv\/ru\/produkts\/mil-tec-maskesanas-kostims-ghillie-jackal-w-l\/#breadcrumb","itemListElement":[{"@type":"ListItem","position":1,"name":"Home","item":"https:\/\/milbaza.lv\/ru\/"},{"@type":"ListItem","position":2,"name":"\u041c\u0430\u0433\u0430\u0437\u0438\u043d","item":"https:\/\/milbaza.lv\/ru\/%d0%bc%d0%b0%d0%b3%d0%b0%d0%b7%d0%b8%d0%bd\/"},{"@type":"ListItem","position":3,"name":"MIL-TEC MASK\u0112\u0160ANAS KOST\u012aMS GHILLIE JACKAL W\/L"}]},{"@type":"WebSite","@id":"https:\/\/milbaza.lv\/ru\/#website","url":"https:\/\/milbaza.lv\/ru\/","name":"MILBAZA \u2013 viss akt\u012bvai atp\u016btai","description":"Viss akt\u012bvai atp\u016btai","publisher":{"@id":"https:\/\/milbaza.lv\/ru\/#organization"},"potentialAction":[{"@type":"SearchAction","target":{"@type":"EntryPoint","urlTemplate":"https:\/\/milbaza.lv\/ru\/?s={search_term_string}"},"query-input":{"@type":"PropertyValueSpecification","valueRequired":true,"valueName":"search_term_string"}}],"inLanguage":"ru-RU"},{"@type":"Organization","@id":"https:\/\/milbaza.lv\/ru\/#organization","name":"Milbaza","url":"https:\/\/milbaza.lv\/ru\/","logo":{"@type":"ImageObject","inLanguage":"ru-RU","@id":"https:\/\/milbaza.lv\/ru\/#\/schema\/logo\/image\/","url":"https:\/\/milbaza.lv\/wp-content\/uploads\/2021\/11\/Mil_BAZA_logo3.png","contentUrl":"https:\/\/milbaza.lv\/wp-content\/uploads\/2021\/11\/Mil_BAZA_logo3.png","width":564,"height":226,"caption":"Milbaza"},"image":{"@id":"https:\/\/milbaza.lv\/ru\/#\/schema\/logo\/image\/"},"sameAs":["https:\/\/www.facebook.com\/profile.php?id=100075399152223","https:\/\/www.instagram.com\/milbaza.lv\/","https:\/\/www.pinterest.com\/milbaza\/_saved\/","https:\/\/www.youtube.com\/channel\/UCrPXltd8hsNIiGAKc37hGfQ"]}]}},"_links":{"self":[{"href":"https:\/\/milbaza.lv\/ru\/wp-json\/wp\/v2\/product\/20708","targetHints":{"allow":["GET"]}}],"collection":[{"href":"https:\/\/milbaza.lv\/ru\/wp-json\/wp\/v2\/product"}],"about":[{"href":"https:\/\/milbaza.lv\/ru\/wp-json\/wp\/v2\/types\/product"}],"replies":[{"embeddable":true,"href":"https:\/\/milbaza.lv\/ru\/wp-json\/wp\/v2\/comments?post=20708"}],"wp:featuredmedia":[{"embeddable":true,"href":"https:\/\/milbaza.lv\/ru\/wp-json\/wp\/v2\/media\/20710"}],"wp:attachment":[{"href":"https:\/\/milbaza.lv\/ru\/wp-json\/wp\/v2\/media?parent=20708"}],"wp:term":[{"taxonomy":"product_brand","embeddable":true,"href":"https:\/\/milbaza.lv\/ru\/wp-json\/wp\/v2\/product_brand?post=20708"},{"taxonomy":"product_cat","embeddable":true,"href":"https:\/\/milbaza.lv\/ru\/wp-json\/wp\/v2\/product_cat?post=20708"},{"taxonomy":"product_tag","embeddable":true,"href":"https:\/\/milbaza.lv\/ru\/wp-json\/wp\/v2\/product_tag?post=20708"}],"curies":[{"name":"wp","href":"https:\/\/api.w.org\/{rel}","templated":true}]}}