{"id":20908,"date":"2022-09-30T20:17:11","date_gmt":"2022-09-30T17:17:11","guid":{"rendered":"https:\/\/milbaza.lv\/?post_type=product&#038;p=20908"},"modified":"2026-04-18T00:53:24","modified_gmt":"2026-04-17T21:53:24","slug":"mil-tec-gaismas-nujina-lightstick-1-x-15-cm","status":"publish","type":"product","link":"https:\/\/milbaza.lv\/ru\/produkts\/mil-tec-gaismas-nujina-lightstick-1-x-15-cm\/","title":{"rendered":"MIL-TEC GAISMAS N\u016aJI\u0145A LIGHTSTICK 1 X 15 CM"},"content":{"rendered":"<p>\u0160ie gaismas stie\u0146i nodro\u0161ina uzticamu apgaismojumu bez baro\u0161anas avota un sp\u0113j sp\u012bd\u0113t 8\u201312 stundas. Tie ir \u012bpa\u0161i piem\u0113roti signaliz\u0113\u0161anai, atra\u0161an\u0101s vietas mar\u0137\u0113\u0161anai un teritoriju apgaismo\u0161anai da\u017e\u0101dos apst\u0101k\u013cos.<\/p>\n<p>Stien\u012btis ir izgatavots no iztur\u012bgas plastmasas, un t\u0101 iek\u0161pus\u0113 atrodas stikla kapsula ar \u0137\u012bmisku vielu un kr\u0101svielu. Kapsulai sapl\u012bstot, vielas savstarp\u0113ji rea\u0123\u0113, izraisot \u0137\u012bmisku reakciju, kuras rezult\u0101t\u0101 rodas gaisma. Gaismas n\u016bji\u0146a ir dro\u0161a lieto\u0161an\u0101 \u2013 t\u0101 nav toksiska, nedego\u0161a un neizdala siltumu.<\/p>\n<p>T\u0101s lieto\u0161ana ir vienk\u0101r\u0161a un neprasa nek\u0101dus papildu instrumentus. N\u016bji\u0146a ir viegla, kompakta un viegli p\u0101rn\u0113s\u0101jama. Pateicoties caurumam un \u0101\u0137im aug\u0161da\u013c\u0101, to var \u0113rti piestiprin\u0101t pie ap\u0123\u0113rba, mugursomas vai n\u0113s\u0101t ikdien\u0101. \u016adensnecaurlaid\u012bgais dizains padara \u0161o gaismas stieni piem\u0113rotu lieto\u0161anai ar\u012b ekstrem\u0101los apst\u0101k\u013cos, tostarp nir\u0161anas laik\u0101.<\/p>\n<p>Izm\u0113ri: 10 x 150 <\/p>\n","protected":false},"excerpt":{"rendered":"<p>\u0160ie gaismas stie\u0146i nodro\u0161ina uzticamu apgaismojumu bez baro\u0161anas avota un sp\u0113j sp\u012bd\u0113t 8\u201312 stundas. Tie ir \u012bpa\u0161i piem\u0113roti signaliz\u0113\u0161anai, atra\u0161an\u0101s vietas mar\u0137\u0113\u0161anai un teritoriju apgaismo\u0161anai da\u017e\u0101dos apst\u0101k\u013cos. Stien\u012btis ir izgatavots no iztur\u012bgas plastmasas, un t\u0101 iek\u0161pus\u0113 atrodas stikla kapsula ar \u0137\u012bmisku vielu un kr\u0101svielu. Kapsulai sapl\u012bstot, vielas savstarp\u0113ji rea\u0123\u0113, izraisot \u0137\u012bmisku reakciju, kuras rezult\u0101t\u0101 rodas [&#8230;]\n","protected":false},"featured_media":53035,"comment_status":"open","ping_status":"closed","template":"","meta":{"_acf_changed":false},"product_brand":[],"product_cat":[197,27],"product_tag":[],"class_list":{"0":"post-20908","1":"product","2":"type-product","3":"status-publish","4":"has-post-thumbnail","6":"product_cat-aksesuari-kempingam","7":"product_cat-kempingam","9":"first","10":"instock","11":"taxable","12":"shipping-taxable","13":"purchasable","14":"product-type-variable"},"acf":[],"yoast_head":"<!-- This site is optimized with the Yoast SEO plugin v26.7 - https:\/\/yoast.com\/wordpress\/plugins\/seo\/ -->\n<title>MIL-TEC GAISMAS N\u016aJI\u0145A LIGHTSTICK 1 X 15 CM - MILBAZA \u2013 viss akt\u012bvai atp\u016btai<\/title>\n<meta name=\"description\" content=\"Nopirkt MIL-TEC GAISMAS N\u016aJI\u0145A LIGHTSTICK 1 X 15 CM izdev\u012bga cena un pieg\u0101de. T\u016brisma pre\u010du interneta veikals, pas\u016bt\u012bt online 24\/7!\" \/>\n<meta name=\"robots\" content=\"index, follow, max-snippet:-1, max-image-preview:large, max-video-preview:-1\" \/>\n<link rel=\"canonical\" href=\"https:\/\/milbaza.lv\/ru\/produkts\/mil-tec-gaismas-nujina-lightstick-1-x-15-cm\/\" \/>\n<meta property=\"og:locale\" content=\"ru_RU\" \/>\n<meta property=\"og:type\" content=\"article\" \/>\n<meta property=\"og:title\" content=\"MIL-TEC GAISMAS N\u016aJI\u0145A LIGHTSTICK 1 X 15 CM - MILBAZA \u2013 viss akt\u012bvai atp\u016btai\" \/>\n<meta property=\"og:description\" content=\"Nopirkt MIL-TEC GAISMAS N\u016aJI\u0145A LIGHTSTICK 1 X 15 CM izdev\u012bga cena un pieg\u0101de. T\u016brisma pre\u010du interneta veikals, pas\u016bt\u012bt online 24\/7!\" \/>\n<meta property=\"og:url\" content=\"https:\/\/milbaza.lv\/ru\/produkts\/mil-tec-gaismas-nujina-lightstick-1-x-15-cm\/\" \/>\n<meta property=\"og:site_name\" content=\"MILBAZA \u2013 viss akt\u012bvai atp\u016btai\" \/>\n<meta property=\"article:publisher\" content=\"https:\/\/www.facebook.com\/profile.php?id=100075399152223\" \/>\n<meta property=\"article:modified_time\" content=\"2026-04-17T21:53:24+00:00\" \/>\n<meta property=\"og:image\" content=\"https:\/\/milbaza.lv\/wp-content\/uploads\/2022\/09\/2848218_Oswietlenie-chemiczne-Mil-Tec-Lightstick-1-x-15-cm-Red-5-szt-opakowanie.jpg\" \/>\n\t<meta property=\"og:image:width\" content=\"800\" \/>\n\t<meta property=\"og:image:height\" content=\"640\" \/>\n\t<meta property=\"og:image:type\" content=\"image\/jpeg\" \/>\n<meta name=\"twitter:card\" content=\"summary_large_image\" \/>\n<meta name=\"twitter:label1\" content=\"\u041f\u0440\u0438\u043c\u0435\u0440\u043d\u043e\u0435 \u0432\u0440\u0435\u043c\u044f \u0434\u043b\u044f \u0447\u0442\u0435\u043d\u0438\u044f\" \/>\n\t<meta name=\"twitter:data1\" content=\"1 \u043c\u0438\u043d\u0443\u0442\u0430\" \/>\n<script type=\"application\/ld+json\" class=\"yoast-schema-graph\">{\"@context\":\"https:\/\/schema.org\",\"@graph\":[{\"@type\":\"WebPage\",\"@id\":\"https:\/\/milbaza.lv\/ru\/produkts\/mil-tec-gaismas-nujina-lightstick-1-x-15-cm\/\",\"url\":\"https:\/\/milbaza.lv\/ru\/produkts\/mil-tec-gaismas-nujina-lightstick-1-x-15-cm\/\",\"name\":\"MIL-TEC GAISMAS N\u016aJI\u0145A LIGHTSTICK 1 X 15 CM - MILBAZA \u2013 viss akt\u012bvai atp\u016btai\",\"isPartOf\":{\"@id\":\"https:\/\/milbaza.lv\/ru\/#website\"},\"primaryImageOfPage\":{\"@id\":\"https:\/\/milbaza.lv\/ru\/produkts\/mil-tec-gaismas-nujina-lightstick-1-x-15-cm\/#primaryimage\"},\"image\":{\"@id\":\"https:\/\/milbaza.lv\/ru\/produkts\/mil-tec-gaismas-nujina-lightstick-1-x-15-cm\/#primaryimage\"},\"thumbnailUrl\":\"https:\/\/milbaza.lv\/wp-content\/uploads\/2022\/09\/2848218_Oswietlenie-chemiczne-Mil-Tec-Lightstick-1-x-15-cm-Red-5-szt-opakowanie.jpg\",\"datePublished\":\"2022-09-30T17:17:11+00:00\",\"dateModified\":\"2026-04-17T21:53:24+00:00\",\"description\":\"Nopirkt MIL-TEC GAISMAS N\u016aJI\u0145A LIGHTSTICK 1 X 15 CM izdev\u012bga cena un pieg\u0101de. T\u016brisma pre\u010du interneta veikals, pas\u016bt\u012bt online 24\/7!\",\"breadcrumb\":{\"@id\":\"https:\/\/milbaza.lv\/ru\/produkts\/mil-tec-gaismas-nujina-lightstick-1-x-15-cm\/#breadcrumb\"},\"inLanguage\":\"ru-RU\",\"potentialAction\":[{\"@type\":\"ReadAction\",\"target\":[\"https:\/\/milbaza.lv\/ru\/produkts\/mil-tec-gaismas-nujina-lightstick-1-x-15-cm\/\"]}]},{\"@type\":\"ImageObject\",\"inLanguage\":\"ru-RU\",\"@id\":\"https:\/\/milbaza.lv\/ru\/produkts\/mil-tec-gaismas-nujina-lightstick-1-x-15-cm\/#primaryimage\",\"url\":\"https:\/\/milbaza.lv\/wp-content\/uploads\/2022\/09\/2848218_Oswietlenie-chemiczne-Mil-Tec-Lightstick-1-x-15-cm-Red-5-szt-opakowanie.jpg\",\"contentUrl\":\"https:\/\/milbaza.lv\/wp-content\/uploads\/2022\/09\/2848218_Oswietlenie-chemiczne-Mil-Tec-Lightstick-1-x-15-cm-Red-5-szt-opakowanie.jpg\",\"width\":800,\"height\":640},{\"@type\":\"BreadcrumbList\",\"@id\":\"https:\/\/milbaza.lv\/ru\/produkts\/mil-tec-gaismas-nujina-lightstick-1-x-15-cm\/#breadcrumb\",\"itemListElement\":[{\"@type\":\"ListItem\",\"position\":1,\"name\":\"Home\",\"item\":\"https:\/\/milbaza.lv\/ru\/\"},{\"@type\":\"ListItem\",\"position\":2,\"name\":\"\u041c\u0430\u0433\u0430\u0437\u0438\u043d\",\"item\":\"https:\/\/milbaza.lv\/ru\/%d0%bc%d0%b0%d0%b3%d0%b0%d0%b7%d0%b8%d0%bd\/\"},{\"@type\":\"ListItem\",\"position\":3,\"name\":\"MIL-TEC GAISMAS N\u016aJI\u0145A LIGHTSTICK 1 X 15 CM\"}]},{\"@type\":\"WebSite\",\"@id\":\"https:\/\/milbaza.lv\/ru\/#website\",\"url\":\"https:\/\/milbaza.lv\/ru\/\",\"name\":\"MILBAZA \u2013 viss akt\u012bvai atp\u016btai\",\"description\":\"Viss akt\u012bvai atp\u016btai\",\"publisher\":{\"@id\":\"https:\/\/milbaza.lv\/ru\/#organization\"},\"potentialAction\":[{\"@type\":\"SearchAction\",\"target\":{\"@type\":\"EntryPoint\",\"urlTemplate\":\"https:\/\/milbaza.lv\/ru\/?s={search_term_string}\"},\"query-input\":{\"@type\":\"PropertyValueSpecification\",\"valueRequired\":true,\"valueName\":\"search_term_string\"}}],\"inLanguage\":\"ru-RU\"},{\"@type\":\"Organization\",\"@id\":\"https:\/\/milbaza.lv\/ru\/#organization\",\"name\":\"Milbaza\",\"url\":\"https:\/\/milbaza.lv\/ru\/\",\"logo\":{\"@type\":\"ImageObject\",\"inLanguage\":\"ru-RU\",\"@id\":\"https:\/\/milbaza.lv\/ru\/#\/schema\/logo\/image\/\",\"url\":\"https:\/\/milbaza.lv\/wp-content\/uploads\/2021\/11\/Mil_BAZA_logo3.png\",\"contentUrl\":\"https:\/\/milbaza.lv\/wp-content\/uploads\/2021\/11\/Mil_BAZA_logo3.png\",\"width\":564,\"height\":226,\"caption\":\"Milbaza\"},\"image\":{\"@id\":\"https:\/\/milbaza.lv\/ru\/#\/schema\/logo\/image\/\"},\"sameAs\":[\"https:\/\/www.facebook.com\/profile.php?id=100075399152223\",\"https:\/\/www.instagram.com\/milbaza.lv\/\",\"https:\/\/www.pinterest.com\/milbaza\/_saved\/\",\"https:\/\/www.youtube.com\/channel\/UCrPXltd8hsNIiGAKc37hGfQ\"]}]}<\/script>\n<!-- \/ Yoast SEO plugin. -->","yoast_head_json":{"title":"MIL-TEC GAISMAS N\u016aJI\u0145A LIGHTSTICK 1 X 15 CM - MILBAZA \u2013 viss akt\u012bvai atp\u016btai","description":"Nopirkt MIL-TEC GAISMAS N\u016aJI\u0145A LIGHTSTICK 1 X 15 CM izdev\u012bga cena un pieg\u0101de. T\u016brisma pre\u010du interneta veikals, pas\u016bt\u012bt online 24\/7!","robots":{"index":"index","follow":"follow","max-snippet":"max-snippet:-1","max-image-preview":"max-image-preview:large","max-video-preview":"max-video-preview:-1"},"canonical":"https:\/\/milbaza.lv\/ru\/produkts\/mil-tec-gaismas-nujina-lightstick-1-x-15-cm\/","og_locale":"ru_RU","og_type":"article","og_title":"MIL-TEC GAISMAS N\u016aJI\u0145A LIGHTSTICK 1 X 15 CM - MILBAZA \u2013 viss akt\u012bvai atp\u016btai","og_description":"Nopirkt MIL-TEC GAISMAS N\u016aJI\u0145A LIGHTSTICK 1 X 15 CM izdev\u012bga cena un pieg\u0101de. T\u016brisma pre\u010du interneta veikals, pas\u016bt\u012bt online 24\/7!","og_url":"https:\/\/milbaza.lv\/ru\/produkts\/mil-tec-gaismas-nujina-lightstick-1-x-15-cm\/","og_site_name":"MILBAZA \u2013 viss akt\u012bvai atp\u016btai","article_publisher":"https:\/\/www.facebook.com\/profile.php?id=100075399152223","article_modified_time":"2026-04-17T21:53:24+00:00","og_image":[{"width":800,"height":640,"url":"https:\/\/milbaza.lv\/wp-content\/uploads\/2022\/09\/2848218_Oswietlenie-chemiczne-Mil-Tec-Lightstick-1-x-15-cm-Red-5-szt-opakowanie.jpg","type":"image\/jpeg"}],"twitter_card":"summary_large_image","twitter_misc":{"\u041f\u0440\u0438\u043c\u0435\u0440\u043d\u043e\u0435 \u0432\u0440\u0435\u043c\u044f \u0434\u043b\u044f \u0447\u0442\u0435\u043d\u0438\u044f":"1 \u043c\u0438\u043d\u0443\u0442\u0430"},"schema":{"@context":"https:\/\/schema.org","@graph":[{"@type":"WebPage","@id":"https:\/\/milbaza.lv\/ru\/produkts\/mil-tec-gaismas-nujina-lightstick-1-x-15-cm\/","url":"https:\/\/milbaza.lv\/ru\/produkts\/mil-tec-gaismas-nujina-lightstick-1-x-15-cm\/","name":"MIL-TEC GAISMAS N\u016aJI\u0145A LIGHTSTICK 1 X 15 CM - MILBAZA \u2013 viss akt\u012bvai atp\u016btai","isPartOf":{"@id":"https:\/\/milbaza.lv\/ru\/#website"},"primaryImageOfPage":{"@id":"https:\/\/milbaza.lv\/ru\/produkts\/mil-tec-gaismas-nujina-lightstick-1-x-15-cm\/#primaryimage"},"image":{"@id":"https:\/\/milbaza.lv\/ru\/produkts\/mil-tec-gaismas-nujina-lightstick-1-x-15-cm\/#primaryimage"},"thumbnailUrl":"https:\/\/milbaza.lv\/wp-content\/uploads\/2022\/09\/2848218_Oswietlenie-chemiczne-Mil-Tec-Lightstick-1-x-15-cm-Red-5-szt-opakowanie.jpg","datePublished":"2022-09-30T17:17:11+00:00","dateModified":"2026-04-17T21:53:24+00:00","description":"Nopirkt MIL-TEC GAISMAS N\u016aJI\u0145A LIGHTSTICK 1 X 15 CM izdev\u012bga cena un pieg\u0101de. T\u016brisma pre\u010du interneta veikals, pas\u016bt\u012bt online 24\/7!","breadcrumb":{"@id":"https:\/\/milbaza.lv\/ru\/produkts\/mil-tec-gaismas-nujina-lightstick-1-x-15-cm\/#breadcrumb"},"inLanguage":"ru-RU","potentialAction":[{"@type":"ReadAction","target":["https:\/\/milbaza.lv\/ru\/produkts\/mil-tec-gaismas-nujina-lightstick-1-x-15-cm\/"]}]},{"@type":"ImageObject","inLanguage":"ru-RU","@id":"https:\/\/milbaza.lv\/ru\/produkts\/mil-tec-gaismas-nujina-lightstick-1-x-15-cm\/#primaryimage","url":"https:\/\/milbaza.lv\/wp-content\/uploads\/2022\/09\/2848218_Oswietlenie-chemiczne-Mil-Tec-Lightstick-1-x-15-cm-Red-5-szt-opakowanie.jpg","contentUrl":"https:\/\/milbaza.lv\/wp-content\/uploads\/2022\/09\/2848218_Oswietlenie-chemiczne-Mil-Tec-Lightstick-1-x-15-cm-Red-5-szt-opakowanie.jpg","width":800,"height":640},{"@type":"BreadcrumbList","@id":"https:\/\/milbaza.lv\/ru\/produkts\/mil-tec-gaismas-nujina-lightstick-1-x-15-cm\/#breadcrumb","itemListElement":[{"@type":"ListItem","position":1,"name":"Home","item":"https:\/\/milbaza.lv\/ru\/"},{"@type":"ListItem","position":2,"name":"\u041c\u0430\u0433\u0430\u0437\u0438\u043d","item":"https:\/\/milbaza.lv\/ru\/%d0%bc%d0%b0%d0%b3%d0%b0%d0%b7%d0%b8%d0%bd\/"},{"@type":"ListItem","position":3,"name":"MIL-TEC GAISMAS N\u016aJI\u0145A LIGHTSTICK 1 X 15 CM"}]},{"@type":"WebSite","@id":"https:\/\/milbaza.lv\/ru\/#website","url":"https:\/\/milbaza.lv\/ru\/","name":"MILBAZA \u2013 viss akt\u012bvai atp\u016btai","description":"Viss akt\u012bvai atp\u016btai","publisher":{"@id":"https:\/\/milbaza.lv\/ru\/#organization"},"potentialAction":[{"@type":"SearchAction","target":{"@type":"EntryPoint","urlTemplate":"https:\/\/milbaza.lv\/ru\/?s={search_term_string}"},"query-input":{"@type":"PropertyValueSpecification","valueRequired":true,"valueName":"search_term_string"}}],"inLanguage":"ru-RU"},{"@type":"Organization","@id":"https:\/\/milbaza.lv\/ru\/#organization","name":"Milbaza","url":"https:\/\/milbaza.lv\/ru\/","logo":{"@type":"ImageObject","inLanguage":"ru-RU","@id":"https:\/\/milbaza.lv\/ru\/#\/schema\/logo\/image\/","url":"https:\/\/milbaza.lv\/wp-content\/uploads\/2021\/11\/Mil_BAZA_logo3.png","contentUrl":"https:\/\/milbaza.lv\/wp-content\/uploads\/2021\/11\/Mil_BAZA_logo3.png","width":564,"height":226,"caption":"Milbaza"},"image":{"@id":"https:\/\/milbaza.lv\/ru\/#\/schema\/logo\/image\/"},"sameAs":["https:\/\/www.facebook.com\/profile.php?id=100075399152223","https:\/\/www.instagram.com\/milbaza.lv\/","https:\/\/www.pinterest.com\/milbaza\/_saved\/","https:\/\/www.youtube.com\/channel\/UCrPXltd8hsNIiGAKc37hGfQ"]}]}},"_links":{"self":[{"href":"https:\/\/milbaza.lv\/ru\/wp-json\/wp\/v2\/product\/20908","targetHints":{"allow":["GET"]}}],"collection":[{"href":"https:\/\/milbaza.lv\/ru\/wp-json\/wp\/v2\/product"}],"about":[{"href":"https:\/\/milbaza.lv\/ru\/wp-json\/wp\/v2\/types\/product"}],"replies":[{"embeddable":true,"href":"https:\/\/milbaza.lv\/ru\/wp-json\/wp\/v2\/comments?post=20908"}],"wp:featuredmedia":[{"embeddable":true,"href":"https:\/\/milbaza.lv\/ru\/wp-json\/wp\/v2\/media\/53035"}],"wp:attachment":[{"href":"https:\/\/milbaza.lv\/ru\/wp-json\/wp\/v2\/media?parent=20908"}],"wp:term":[{"taxonomy":"product_brand","embeddable":true,"href":"https:\/\/milbaza.lv\/ru\/wp-json\/wp\/v2\/product_brand?post=20908"},{"taxonomy":"product_cat","embeddable":true,"href":"https:\/\/milbaza.lv\/ru\/wp-json\/wp\/v2\/product_cat?post=20908"},{"taxonomy":"product_tag","embeddable":true,"href":"https:\/\/milbaza.lv\/ru\/wp-json\/wp\/v2\/product_tag?post=20908"}],"curies":[{"name":"wp","href":"https:\/\/api.w.org\/{rel}","templated":true}]}}