{"id":20925,"date":"2022-09-30T20:21:29","date_gmt":"2022-09-30T17:21:29","guid":{"rendered":"https:\/\/milbaza.lv\/?post_type=product&#038;p=20925"},"modified":"2026-05-09T16:35:54","modified_gmt":"2026-05-09T13:35:54","slug":"mil-tec-gaismas-nujina-infrared-light-stick-1-x-15-cm","status":"publish","type":"product","link":"https:\/\/milbaza.lv\/ru\/produkts\/mil-tec-gaismas-nujina-infrared-light-stick-1-x-15-cm\/","title":{"rendered":"MIL-TEC GAISMAS N\u016aJI\u0145A INFRARED LIGHT STICK 1 X 15 CM"},"content":{"rendered":"<div>Izm\u0113ri: 15 x 150 mm<\/div>\n<div>Apgaismojuma ilgums: 6 stundas<\/div>\n<div><\/div>\n<div>Vi\u013c\u0146a garums ir 780 nm, cilv\u0113ka acij neredzams.<\/div>\n<div>Infrasarkanie nakts skat\u012bt\u0101ji padar\u012bs spilgtu gaismu redzamu.<\/div>\n<div><\/div>\n<div>Gaismas spie\u0137i ir gaismas avots, kas darbojas bez elektr\u012bbas.<\/div>\n<div>Spilgtums tiks aktiviz\u0113ts, nospie\u017eot n\u016bju (t\u0101p\u0113c to sauc ar\u012b par snap light).<\/div>\n<div>Gaismas spie\u0137a lietojam\u012bba ir gandr\u012bz neierobe\u017eota. Tas darbojas pat zem \u016bdens.<\/div>\n","protected":false},"excerpt":{"rendered":"<p>Izm\u0113ri: 15 x 150 mm Apgaismojuma ilgums: 6 stundas Vi\u013c\u0146a garums ir 780 nm, cilv\u0113ka acij neredzams. Infrasarkanie nakts skat\u012bt\u0101ji padar\u012bs spilgtu gaismu redzamu. Gaismas spie\u0137i ir gaismas avots, kas darbojas bez elektr\u012bbas. Spilgtums tiks aktiviz\u0113ts, nospie\u017eot n\u016bju (t\u0101p\u0113c to sauc ar\u012b par snap light). Gaismas spie\u0137a lietojam\u012bba ir gandr\u012bz neierobe\u017eota. Tas darbojas pat zem [&#8230;]\n","protected":false},"featured_media":20926,"comment_status":"open","ping_status":"closed","template":"","meta":{"_acf_changed":false},"product_brand":[],"product_cat":[197,27],"product_tag":[],"class_list":{"0":"post-20925","1":"product","2":"type-product","3":"status-publish","4":"has-post-thumbnail","6":"product_cat-aksesuari-kempingam","7":"product_cat-kempingam","9":"first","10":"instock","11":"taxable","12":"shipping-taxable","13":"purchasable","14":"product-type-simple"},"acf":[],"yoast_head":"<!-- This site is optimized with the Yoast SEO plugin v27.4 - https:\/\/yoast.com\/product\/yoast-seo-wordpress\/ -->\n<title>MIL-TEC GAISMAS N\u016aJI\u0145A INFRARED LIGHT STICK 1 X 15 CM - MILBAZA \u2013 viss akt\u012bvai atp\u016btai<\/title>\n<meta name=\"description\" content=\"Nopirkt MIL-TEC GAISMAS N\u016aJI\u0145A INFRARED LIGHT STICK 1 X 15 CM izdev\u012bga cena un pieg\u0101de. T\u016brisma pre\u010du interneta veikals, pas\u016bt\u012bt online 24\/7!\" \/>\n<meta name=\"robots\" content=\"index, follow, max-snippet:-1, max-image-preview:large, max-video-preview:-1\" \/>\n<link rel=\"canonical\" href=\"https:\/\/milbaza.lv\/ru\/produkts\/mil-tec-gaismas-nujina-infrared-light-stick-1-x-15-cm\/\" \/>\n<meta property=\"og:locale\" content=\"ru_RU\" \/>\n<meta property=\"og:type\" content=\"article\" \/>\n<meta property=\"og:title\" content=\"MIL-TEC GAISMAS N\u016aJI\u0145A INFRARED LIGHT STICK 1 X 15 CM - MILBAZA \u2013 viss akt\u012bvai atp\u016btai\" \/>\n<meta property=\"og:description\" content=\"Nopirkt MIL-TEC GAISMAS N\u016aJI\u0145A INFRARED LIGHT STICK 1 X 15 CM izdev\u012bga cena un pieg\u0101de. T\u016brisma pre\u010du interneta veikals, pas\u016bt\u012bt online 24\/7!\" \/>\n<meta property=\"og:url\" content=\"https:\/\/milbaza.lv\/ru\/produkts\/mil-tec-gaismas-nujina-infrared-light-stick-1-x-15-cm\/\" \/>\n<meta property=\"og:site_name\" content=\"MILBAZA \u2013 viss akt\u012bvai atp\u016btai\" \/>\n<meta property=\"article:publisher\" content=\"https:\/\/www.facebook.com\/profile.php?id=100075399152223\" \/>\n<meta property=\"article:modified_time\" content=\"2026-05-09T13:35:54+00:00\" \/>\n<meta property=\"og:image\" content=\"https:\/\/milbaza.lv\/wp-content\/uploads\/2022\/09\/14938000.jpg\" \/>\n\t<meta property=\"og:image:width\" content=\"500\" \/>\n\t<meta property=\"og:image:height\" content=\"500\" \/>\n\t<meta property=\"og:image:type\" content=\"image\/jpeg\" \/>\n<meta name=\"twitter:card\" content=\"summary_large_image\" \/>\n<script type=\"application\/ld+json\" class=\"yoast-schema-graph\">{\"@context\":\"https:\\\/\\\/schema.org\",\"@graph\":[{\"@type\":\"WebPage\",\"@id\":\"https:\\\/\\\/milbaza.lv\\\/ru\\\/produkts\\\/mil-tec-gaismas-nujina-infrared-light-stick-1-x-15-cm\\\/\",\"url\":\"https:\\\/\\\/milbaza.lv\\\/ru\\\/produkts\\\/mil-tec-gaismas-nujina-infrared-light-stick-1-x-15-cm\\\/\",\"name\":\"MIL-TEC GAISMAS N\u016aJI\u0145A INFRARED LIGHT STICK 1 X 15 CM - MILBAZA \u2013 viss akt\u012bvai atp\u016btai\",\"isPartOf\":{\"@id\":\"https:\\\/\\\/milbaza.lv\\\/ru\\\/#website\"},\"primaryImageOfPage\":{\"@id\":\"https:\\\/\\\/milbaza.lv\\\/ru\\\/produkts\\\/mil-tec-gaismas-nujina-infrared-light-stick-1-x-15-cm\\\/#primaryimage\"},\"image\":{\"@id\":\"https:\\\/\\\/milbaza.lv\\\/ru\\\/produkts\\\/mil-tec-gaismas-nujina-infrared-light-stick-1-x-15-cm\\\/#primaryimage\"},\"thumbnailUrl\":\"https:\\\/\\\/milbaza.lv\\\/wp-content\\\/uploads\\\/2022\\\/09\\\/14938000.jpg\",\"datePublished\":\"2022-09-30T17:21:29+00:00\",\"dateModified\":\"2026-05-09T13:35:54+00:00\",\"description\":\"Nopirkt MIL-TEC GAISMAS N\u016aJI\u0145A INFRARED LIGHT STICK 1 X 15 CM izdev\u012bga cena un pieg\u0101de. T\u016brisma pre\u010du interneta veikals, pas\u016bt\u012bt online 24\\\/7!\",\"breadcrumb\":{\"@id\":\"https:\\\/\\\/milbaza.lv\\\/ru\\\/produkts\\\/mil-tec-gaismas-nujina-infrared-light-stick-1-x-15-cm\\\/#breadcrumb\"},\"inLanguage\":\"ru-RU\",\"potentialAction\":[{\"@type\":\"ReadAction\",\"target\":[\"https:\\\/\\\/milbaza.lv\\\/ru\\\/produkts\\\/mil-tec-gaismas-nujina-infrared-light-stick-1-x-15-cm\\\/\"]}]},{\"@type\":\"ImageObject\",\"inLanguage\":\"ru-RU\",\"@id\":\"https:\\\/\\\/milbaza.lv\\\/ru\\\/produkts\\\/mil-tec-gaismas-nujina-infrared-light-stick-1-x-15-cm\\\/#primaryimage\",\"url\":\"https:\\\/\\\/milbaza.lv\\\/wp-content\\\/uploads\\\/2022\\\/09\\\/14938000.jpg\",\"contentUrl\":\"https:\\\/\\\/milbaza.lv\\\/wp-content\\\/uploads\\\/2022\\\/09\\\/14938000.jpg\",\"width\":500,\"height\":500},{\"@type\":\"BreadcrumbList\",\"@id\":\"https:\\\/\\\/milbaza.lv\\\/ru\\\/produkts\\\/mil-tec-gaismas-nujina-infrared-light-stick-1-x-15-cm\\\/#breadcrumb\",\"itemListElement\":[{\"@type\":\"ListItem\",\"position\":1,\"name\":\"Home\",\"item\":\"https:\\\/\\\/milbaza.lv\\\/ru\\\/\"},{\"@type\":\"ListItem\",\"position\":2,\"name\":\"\u041c\u0430\u0433\u0430\u0437\u0438\u043d\",\"item\":\"https:\\\/\\\/milbaza.lv\\\/ru\\\/%d0%bc%d0%b0%d0%b3%d0%b0%d0%b7%d0%b8%d0%bd\\\/\"},{\"@type\":\"ListItem\",\"position\":3,\"name\":\"MIL-TEC GAISMAS N\u016aJI\u0145A INFRARED LIGHT STICK 1 X 15 CM\"}]},{\"@type\":\"WebSite\",\"@id\":\"https:\\\/\\\/milbaza.lv\\\/ru\\\/#website\",\"url\":\"https:\\\/\\\/milbaza.lv\\\/ru\\\/\",\"name\":\"MILBAZA \u2013 viss akt\u012bvai atp\u016btai\",\"description\":\"Viss akt\u012bvai atp\u016btai\",\"publisher\":{\"@id\":\"https:\\\/\\\/milbaza.lv\\\/ru\\\/#organization\"},\"potentialAction\":[{\"@type\":\"SearchAction\",\"target\":{\"@type\":\"EntryPoint\",\"urlTemplate\":\"https:\\\/\\\/milbaza.lv\\\/ru\\\/?s={search_term_string}\"},\"query-input\":{\"@type\":\"PropertyValueSpecification\",\"valueRequired\":true,\"valueName\":\"search_term_string\"}}],\"inLanguage\":\"ru-RU\"},{\"@type\":\"Organization\",\"@id\":\"https:\\\/\\\/milbaza.lv\\\/ru\\\/#organization\",\"name\":\"Milbaza\",\"url\":\"https:\\\/\\\/milbaza.lv\\\/ru\\\/\",\"logo\":{\"@type\":\"ImageObject\",\"inLanguage\":\"ru-RU\",\"@id\":\"https:\\\/\\\/milbaza.lv\\\/ru\\\/#\\\/schema\\\/logo\\\/image\\\/\",\"url\":\"https:\\\/\\\/milbaza.lv\\\/wp-content\\\/uploads\\\/2021\\\/11\\\/Mil_BAZA_logo3.png\",\"contentUrl\":\"https:\\\/\\\/milbaza.lv\\\/wp-content\\\/uploads\\\/2021\\\/11\\\/Mil_BAZA_logo3.png\",\"width\":564,\"height\":226,\"caption\":\"Milbaza\"},\"image\":{\"@id\":\"https:\\\/\\\/milbaza.lv\\\/ru\\\/#\\\/schema\\\/logo\\\/image\\\/\"},\"sameAs\":[\"https:\\\/\\\/www.facebook.com\\\/profile.php?id=100075399152223\",\"https:\\\/\\\/www.instagram.com\\\/milbaza.lv\\\/\",\"https:\\\/\\\/www.pinterest.com\\\/milbaza\\\/_saved\\\/\",\"https:\\\/\\\/www.youtube.com\\\/channel\\\/UCrPXltd8hsNIiGAKc37hGfQ\"]}]}<\/script>\n<!-- \/ Yoast SEO plugin. -->","yoast_head_json":{"title":"MIL-TEC GAISMAS N\u016aJI\u0145A INFRARED LIGHT STICK 1 X 15 CM - MILBAZA \u2013 viss akt\u012bvai atp\u016btai","description":"Nopirkt MIL-TEC GAISMAS N\u016aJI\u0145A INFRARED LIGHT STICK 1 X 15 CM izdev\u012bga cena un pieg\u0101de. T\u016brisma pre\u010du interneta veikals, pas\u016bt\u012bt online 24\/7!","robots":{"index":"index","follow":"follow","max-snippet":"max-snippet:-1","max-image-preview":"max-image-preview:large","max-video-preview":"max-video-preview:-1"},"canonical":"https:\/\/milbaza.lv\/ru\/produkts\/mil-tec-gaismas-nujina-infrared-light-stick-1-x-15-cm\/","og_locale":"ru_RU","og_type":"article","og_title":"MIL-TEC GAISMAS N\u016aJI\u0145A INFRARED LIGHT STICK 1 X 15 CM - MILBAZA \u2013 viss akt\u012bvai atp\u016btai","og_description":"Nopirkt MIL-TEC GAISMAS N\u016aJI\u0145A INFRARED LIGHT STICK 1 X 15 CM izdev\u012bga cena un pieg\u0101de. T\u016brisma pre\u010du interneta veikals, pas\u016bt\u012bt online 24\/7!","og_url":"https:\/\/milbaza.lv\/ru\/produkts\/mil-tec-gaismas-nujina-infrared-light-stick-1-x-15-cm\/","og_site_name":"MILBAZA \u2013 viss akt\u012bvai atp\u016btai","article_publisher":"https:\/\/www.facebook.com\/profile.php?id=100075399152223","article_modified_time":"2026-05-09T13:35:54+00:00","og_image":[{"width":500,"height":500,"url":"https:\/\/milbaza.lv\/wp-content\/uploads\/2022\/09\/14938000.jpg","type":"image\/jpeg"}],"twitter_card":"summary_large_image","schema":{"@context":"https:\/\/schema.org","@graph":[{"@type":"WebPage","@id":"https:\/\/milbaza.lv\/ru\/produkts\/mil-tec-gaismas-nujina-infrared-light-stick-1-x-15-cm\/","url":"https:\/\/milbaza.lv\/ru\/produkts\/mil-tec-gaismas-nujina-infrared-light-stick-1-x-15-cm\/","name":"MIL-TEC GAISMAS N\u016aJI\u0145A INFRARED LIGHT STICK 1 X 15 CM - MILBAZA \u2013 viss akt\u012bvai atp\u016btai","isPartOf":{"@id":"https:\/\/milbaza.lv\/ru\/#website"},"primaryImageOfPage":{"@id":"https:\/\/milbaza.lv\/ru\/produkts\/mil-tec-gaismas-nujina-infrared-light-stick-1-x-15-cm\/#primaryimage"},"image":{"@id":"https:\/\/milbaza.lv\/ru\/produkts\/mil-tec-gaismas-nujina-infrared-light-stick-1-x-15-cm\/#primaryimage"},"thumbnailUrl":"https:\/\/milbaza.lv\/wp-content\/uploads\/2022\/09\/14938000.jpg","datePublished":"2022-09-30T17:21:29+00:00","dateModified":"2026-05-09T13:35:54+00:00","description":"Nopirkt MIL-TEC GAISMAS N\u016aJI\u0145A INFRARED LIGHT STICK 1 X 15 CM izdev\u012bga cena un pieg\u0101de. T\u016brisma pre\u010du interneta veikals, pas\u016bt\u012bt online 24\/7!","breadcrumb":{"@id":"https:\/\/milbaza.lv\/ru\/produkts\/mil-tec-gaismas-nujina-infrared-light-stick-1-x-15-cm\/#breadcrumb"},"inLanguage":"ru-RU","potentialAction":[{"@type":"ReadAction","target":["https:\/\/milbaza.lv\/ru\/produkts\/mil-tec-gaismas-nujina-infrared-light-stick-1-x-15-cm\/"]}]},{"@type":"ImageObject","inLanguage":"ru-RU","@id":"https:\/\/milbaza.lv\/ru\/produkts\/mil-tec-gaismas-nujina-infrared-light-stick-1-x-15-cm\/#primaryimage","url":"https:\/\/milbaza.lv\/wp-content\/uploads\/2022\/09\/14938000.jpg","contentUrl":"https:\/\/milbaza.lv\/wp-content\/uploads\/2022\/09\/14938000.jpg","width":500,"height":500},{"@type":"BreadcrumbList","@id":"https:\/\/milbaza.lv\/ru\/produkts\/mil-tec-gaismas-nujina-infrared-light-stick-1-x-15-cm\/#breadcrumb","itemListElement":[{"@type":"ListItem","position":1,"name":"Home","item":"https:\/\/milbaza.lv\/ru\/"},{"@type":"ListItem","position":2,"name":"\u041c\u0430\u0433\u0430\u0437\u0438\u043d","item":"https:\/\/milbaza.lv\/ru\/%d0%bc%d0%b0%d0%b3%d0%b0%d0%b7%d0%b8%d0%bd\/"},{"@type":"ListItem","position":3,"name":"MIL-TEC GAISMAS N\u016aJI\u0145A INFRARED LIGHT STICK 1 X 15 CM"}]},{"@type":"WebSite","@id":"https:\/\/milbaza.lv\/ru\/#website","url":"https:\/\/milbaza.lv\/ru\/","name":"MILBAZA \u2013 viss akt\u012bvai atp\u016btai","description":"Viss akt\u012bvai atp\u016btai","publisher":{"@id":"https:\/\/milbaza.lv\/ru\/#organization"},"potentialAction":[{"@type":"SearchAction","target":{"@type":"EntryPoint","urlTemplate":"https:\/\/milbaza.lv\/ru\/?s={search_term_string}"},"query-input":{"@type":"PropertyValueSpecification","valueRequired":true,"valueName":"search_term_string"}}],"inLanguage":"ru-RU"},{"@type":"Organization","@id":"https:\/\/milbaza.lv\/ru\/#organization","name":"Milbaza","url":"https:\/\/milbaza.lv\/ru\/","logo":{"@type":"ImageObject","inLanguage":"ru-RU","@id":"https:\/\/milbaza.lv\/ru\/#\/schema\/logo\/image\/","url":"https:\/\/milbaza.lv\/wp-content\/uploads\/2021\/11\/Mil_BAZA_logo3.png","contentUrl":"https:\/\/milbaza.lv\/wp-content\/uploads\/2021\/11\/Mil_BAZA_logo3.png","width":564,"height":226,"caption":"Milbaza"},"image":{"@id":"https:\/\/milbaza.lv\/ru\/#\/schema\/logo\/image\/"},"sameAs":["https:\/\/www.facebook.com\/profile.php?id=100075399152223","https:\/\/www.instagram.com\/milbaza.lv\/","https:\/\/www.pinterest.com\/milbaza\/_saved\/","https:\/\/www.youtube.com\/channel\/UCrPXltd8hsNIiGAKc37hGfQ"]}]}},"_links":{"self":[{"href":"https:\/\/milbaza.lv\/ru\/wp-json\/wp\/v2\/product\/20925","targetHints":{"allow":["GET"]}}],"collection":[{"href":"https:\/\/milbaza.lv\/ru\/wp-json\/wp\/v2\/product"}],"about":[{"href":"https:\/\/milbaza.lv\/ru\/wp-json\/wp\/v2\/types\/product"}],"replies":[{"embeddable":true,"href":"https:\/\/milbaza.lv\/ru\/wp-json\/wp\/v2\/comments?post=20925"}],"wp:featuredmedia":[{"embeddable":true,"href":"https:\/\/milbaza.lv\/ru\/wp-json\/wp\/v2\/media\/20926"}],"wp:attachment":[{"href":"https:\/\/milbaza.lv\/ru\/wp-json\/wp\/v2\/media?parent=20925"}],"wp:term":[{"taxonomy":"product_brand","embeddable":true,"href":"https:\/\/milbaza.lv\/ru\/wp-json\/wp\/v2\/product_brand?post=20925"},{"taxonomy":"product_cat","embeddable":true,"href":"https:\/\/milbaza.lv\/ru\/wp-json\/wp\/v2\/product_cat?post=20925"},{"taxonomy":"product_tag","embeddable":true,"href":"https:\/\/milbaza.lv\/ru\/wp-json\/wp\/v2\/product_tag?post=20925"}],"curies":[{"name":"wp","href":"https:\/\/api.w.org\/{rel}","templated":true}]}}