{"id":20994,"date":"2022-10-01T10:40:24","date_gmt":"2022-10-01T07:40:24","guid":{"rendered":"https:\/\/milbaza.lv\/?post_type=product&#038;p=20994"},"modified":"2026-04-11T10:06:17","modified_gmt":"2026-04-11T07:06:17","slug":"mil-tec-galvas-lukturis-black-cap-light-cob","status":"publish","type":"product","link":"https:\/\/milbaza.lv\/ru\/produkts\/mil-tec-galvas-lukturis-black-cap-light-cob\/","title":{"rendered":"MIL-TEC GALVAS LUKTURIS BLACK CAP LIGHT COB"},"content":{"rendered":"<div>Spilgtums XPE: 150 l\u016bmeni<\/div>\n<div>COB spilgtums: 80 l\u016bmeni<\/div>\n<div>Deg\u0161anas laiks XPE: 4 stundas<\/div>\n<div>Deg\u0161anas laiks COB: 5 stundas<\/div>\n<div>Baterija: 3 x AAA (nav iek\u013cauta)<\/div>\n<div>Lampas tips: XPE, LED<\/div>\n<div>Izm\u0113ri: 5,8 x 7,8 x 6,5 cm<\/div>\n<div>Svars: 40 g (bez baterij\u0101m)<\/div>\n<div><\/div>\n<div>&#8211; var nostiprin\u0101t ar klipsi uz v\u0101ci\u0146iem ar vizieri<\/div>\n<div>&#8211; regul\u0113jams sp\u012bduma le\u0146\u0137is<\/div>\n<div>&#8211; vienas pogas sl\u0113dzis ar diviem re\u017e\u012bmiem<\/div>\n","protected":false},"excerpt":{"rendered":"<p>Spilgtums XPE: 150 l\u016bmeni COB spilgtums: 80 l\u016bmeni Deg\u0161anas laiks XPE: 4 stundas Deg\u0161anas laiks COB: 5 stundas Baterija: 3 x AAA (nav iek\u013cauta) Lampas tips: XPE, LED Izm\u0113ri: 5,8 x 7,8 x 6,5 cm Svars: 40 g (bez baterij\u0101m) &#8211; var nostiprin\u0101t ar klipsi uz v\u0101ci\u0146iem ar vizieri &#8211; regul\u0113jams sp\u012bduma le\u0146\u0137is &#8211; vienas [&#8230;]\n","protected":false},"featured_media":20995,"comment_status":"open","ping_status":"closed","template":"","meta":{"_acf_changed":false},"product_brand":[],"product_cat":[71,26],"product_tag":[],"class_list":{"0":"post-20994","1":"product","2":"type-product","3":"status-publish","4":"has-post-thumbnail","6":"product_cat-galvas-lukturi","7":"product_cat-gaisma","9":"first","10":"outofstock","11":"taxable","12":"shipping-taxable","13":"purchasable","14":"product-type-simple"},"acf":[],"yoast_head":"<!-- This site is optimized with the Yoast SEO plugin v26.7 - https:\/\/yoast.com\/wordpress\/plugins\/seo\/ -->\n<title>MIL-TEC GALVAS LUKTURIS BLACK CAP LIGHT COB - MILBAZA \u2013 viss akt\u012bvai atp\u016btai<\/title>\n<meta name=\"description\" content=\"Nopirkt MIL-TEC GALVAS LUKTURIS BLACK CAP LIGHT COB izdev\u012bga cena un pieg\u0101de. T\u016brisma pre\u010du interneta veikals, pas\u016bt\u012bt online 24\/7!\" \/>\n<meta name=\"robots\" content=\"index, follow, max-snippet:-1, max-image-preview:large, max-video-preview:-1\" \/>\n<link rel=\"canonical\" href=\"https:\/\/milbaza.lv\/ru\/produkts\/mil-tec-galvas-lukturis-black-cap-light-cob\/\" \/>\n<meta property=\"og:locale\" content=\"ru_RU\" \/>\n<meta property=\"og:type\" content=\"article\" \/>\n<meta property=\"og:title\" content=\"MIL-TEC GALVAS LUKTURIS BLACK CAP LIGHT COB - MILBAZA \u2013 viss akt\u012bvai atp\u016btai\" \/>\n<meta property=\"og:description\" content=\"Nopirkt MIL-TEC GALVAS LUKTURIS BLACK CAP LIGHT COB izdev\u012bga cena un pieg\u0101de. T\u016brisma pre\u010du interneta veikals, pas\u016bt\u012bt online 24\/7!\" \/>\n<meta property=\"og:url\" content=\"https:\/\/milbaza.lv\/ru\/produkts\/mil-tec-galvas-lukturis-black-cap-light-cob\/\" \/>\n<meta property=\"og:site_name\" content=\"MILBAZA \u2013 viss akt\u012bvai atp\u016btai\" \/>\n<meta property=\"article:publisher\" content=\"https:\/\/www.facebook.com\/profile.php?id=100075399152223\" \/>\n<meta property=\"article:modified_time\" content=\"2026-04-11T07:06:17+00:00\" \/>\n<meta property=\"og:image\" content=\"https:\/\/milbaza.lv\/wp-content\/uploads\/2022\/10\/eng_pl_Mil-Tec-COB-Cap-Light-Headlamp-15183550-22599_4.png\" \/>\n\t<meta property=\"og:image:width\" content=\"600\" \/>\n\t<meta property=\"og:image:height\" content=\"600\" \/>\n\t<meta property=\"og:image:type\" content=\"image\/png\" \/>\n<meta name=\"twitter:card\" content=\"summary_large_image\" \/>\n<script type=\"application\/ld+json\" class=\"yoast-schema-graph\">{\"@context\":\"https:\/\/schema.org\",\"@graph\":[{\"@type\":\"WebPage\",\"@id\":\"https:\/\/milbaza.lv\/ru\/produkts\/mil-tec-galvas-lukturis-black-cap-light-cob\/\",\"url\":\"https:\/\/milbaza.lv\/ru\/produkts\/mil-tec-galvas-lukturis-black-cap-light-cob\/\",\"name\":\"MIL-TEC GALVAS LUKTURIS BLACK CAP LIGHT COB - MILBAZA \u2013 viss akt\u012bvai atp\u016btai\",\"isPartOf\":{\"@id\":\"https:\/\/milbaza.lv\/ru\/#website\"},\"primaryImageOfPage\":{\"@id\":\"https:\/\/milbaza.lv\/ru\/produkts\/mil-tec-galvas-lukturis-black-cap-light-cob\/#primaryimage\"},\"image\":{\"@id\":\"https:\/\/milbaza.lv\/ru\/produkts\/mil-tec-galvas-lukturis-black-cap-light-cob\/#primaryimage\"},\"thumbnailUrl\":\"https:\/\/milbaza.lv\/wp-content\/uploads\/2022\/10\/eng_pl_Mil-Tec-COB-Cap-Light-Headlamp-15183550-22599_4.png\",\"datePublished\":\"2022-10-01T07:40:24+00:00\",\"dateModified\":\"2026-04-11T07:06:17+00:00\",\"description\":\"Nopirkt MIL-TEC GALVAS LUKTURIS BLACK CAP LIGHT COB izdev\u012bga cena un pieg\u0101de. T\u016brisma pre\u010du interneta veikals, pas\u016bt\u012bt online 24\/7!\",\"breadcrumb\":{\"@id\":\"https:\/\/milbaza.lv\/ru\/produkts\/mil-tec-galvas-lukturis-black-cap-light-cob\/#breadcrumb\"},\"inLanguage\":\"ru-RU\",\"potentialAction\":[{\"@type\":\"ReadAction\",\"target\":[\"https:\/\/milbaza.lv\/ru\/produkts\/mil-tec-galvas-lukturis-black-cap-light-cob\/\"]}]},{\"@type\":\"ImageObject\",\"inLanguage\":\"ru-RU\",\"@id\":\"https:\/\/milbaza.lv\/ru\/produkts\/mil-tec-galvas-lukturis-black-cap-light-cob\/#primaryimage\",\"url\":\"https:\/\/milbaza.lv\/wp-content\/uploads\/2022\/10\/eng_pl_Mil-Tec-COB-Cap-Light-Headlamp-15183550-22599_4.png\",\"contentUrl\":\"https:\/\/milbaza.lv\/wp-content\/uploads\/2022\/10\/eng_pl_Mil-Tec-COB-Cap-Light-Headlamp-15183550-22599_4.png\",\"width\":600,\"height\":600},{\"@type\":\"BreadcrumbList\",\"@id\":\"https:\/\/milbaza.lv\/ru\/produkts\/mil-tec-galvas-lukturis-black-cap-light-cob\/#breadcrumb\",\"itemListElement\":[{\"@type\":\"ListItem\",\"position\":1,\"name\":\"Home\",\"item\":\"https:\/\/milbaza.lv\/ru\/\"},{\"@type\":\"ListItem\",\"position\":2,\"name\":\"\u041c\u0430\u0433\u0430\u0437\u0438\u043d\",\"item\":\"https:\/\/milbaza.lv\/ru\/%d0%bc%d0%b0%d0%b3%d0%b0%d0%b7%d0%b8%d0%bd\/\"},{\"@type\":\"ListItem\",\"position\":3,\"name\":\"MIL-TEC GALVAS LUKTURIS BLACK CAP LIGHT COB\"}]},{\"@type\":\"WebSite\",\"@id\":\"https:\/\/milbaza.lv\/ru\/#website\",\"url\":\"https:\/\/milbaza.lv\/ru\/\",\"name\":\"MILBAZA \u2013 viss akt\u012bvai atp\u016btai\",\"description\":\"Viss akt\u012bvai atp\u016btai\",\"publisher\":{\"@id\":\"https:\/\/milbaza.lv\/ru\/#organization\"},\"potentialAction\":[{\"@type\":\"SearchAction\",\"target\":{\"@type\":\"EntryPoint\",\"urlTemplate\":\"https:\/\/milbaza.lv\/ru\/?s={search_term_string}\"},\"query-input\":{\"@type\":\"PropertyValueSpecification\",\"valueRequired\":true,\"valueName\":\"search_term_string\"}}],\"inLanguage\":\"ru-RU\"},{\"@type\":\"Organization\",\"@id\":\"https:\/\/milbaza.lv\/ru\/#organization\",\"name\":\"Milbaza\",\"url\":\"https:\/\/milbaza.lv\/ru\/\",\"logo\":{\"@type\":\"ImageObject\",\"inLanguage\":\"ru-RU\",\"@id\":\"https:\/\/milbaza.lv\/ru\/#\/schema\/logo\/image\/\",\"url\":\"https:\/\/milbaza.lv\/wp-content\/uploads\/2021\/11\/Mil_BAZA_logo3.png\",\"contentUrl\":\"https:\/\/milbaza.lv\/wp-content\/uploads\/2021\/11\/Mil_BAZA_logo3.png\",\"width\":564,\"height\":226,\"caption\":\"Milbaza\"},\"image\":{\"@id\":\"https:\/\/milbaza.lv\/ru\/#\/schema\/logo\/image\/\"},\"sameAs\":[\"https:\/\/www.facebook.com\/profile.php?id=100075399152223\",\"https:\/\/www.instagram.com\/milbaza.lv\/\",\"https:\/\/www.pinterest.com\/milbaza\/_saved\/\",\"https:\/\/www.youtube.com\/channel\/UCrPXltd8hsNIiGAKc37hGfQ\"]}]}<\/script>\n<!-- \/ Yoast SEO plugin. -->","yoast_head_json":{"title":"MIL-TEC GALVAS LUKTURIS BLACK CAP LIGHT COB - MILBAZA \u2013 viss akt\u012bvai atp\u016btai","description":"Nopirkt MIL-TEC GALVAS LUKTURIS BLACK CAP LIGHT COB izdev\u012bga cena un pieg\u0101de. T\u016brisma pre\u010du interneta veikals, pas\u016bt\u012bt online 24\/7!","robots":{"index":"index","follow":"follow","max-snippet":"max-snippet:-1","max-image-preview":"max-image-preview:large","max-video-preview":"max-video-preview:-1"},"canonical":"https:\/\/milbaza.lv\/ru\/produkts\/mil-tec-galvas-lukturis-black-cap-light-cob\/","og_locale":"ru_RU","og_type":"article","og_title":"MIL-TEC GALVAS LUKTURIS BLACK CAP LIGHT COB - MILBAZA \u2013 viss akt\u012bvai atp\u016btai","og_description":"Nopirkt MIL-TEC GALVAS LUKTURIS BLACK CAP LIGHT COB izdev\u012bga cena un pieg\u0101de. T\u016brisma pre\u010du interneta veikals, pas\u016bt\u012bt online 24\/7!","og_url":"https:\/\/milbaza.lv\/ru\/produkts\/mil-tec-galvas-lukturis-black-cap-light-cob\/","og_site_name":"MILBAZA \u2013 viss akt\u012bvai atp\u016btai","article_publisher":"https:\/\/www.facebook.com\/profile.php?id=100075399152223","article_modified_time":"2026-04-11T07:06:17+00:00","og_image":[{"width":600,"height":600,"url":"https:\/\/milbaza.lv\/wp-content\/uploads\/2022\/10\/eng_pl_Mil-Tec-COB-Cap-Light-Headlamp-15183550-22599_4.png","type":"image\/png"}],"twitter_card":"summary_large_image","schema":{"@context":"https:\/\/schema.org","@graph":[{"@type":"WebPage","@id":"https:\/\/milbaza.lv\/ru\/produkts\/mil-tec-galvas-lukturis-black-cap-light-cob\/","url":"https:\/\/milbaza.lv\/ru\/produkts\/mil-tec-galvas-lukturis-black-cap-light-cob\/","name":"MIL-TEC GALVAS LUKTURIS BLACK CAP LIGHT COB - MILBAZA \u2013 viss akt\u012bvai atp\u016btai","isPartOf":{"@id":"https:\/\/milbaza.lv\/ru\/#website"},"primaryImageOfPage":{"@id":"https:\/\/milbaza.lv\/ru\/produkts\/mil-tec-galvas-lukturis-black-cap-light-cob\/#primaryimage"},"image":{"@id":"https:\/\/milbaza.lv\/ru\/produkts\/mil-tec-galvas-lukturis-black-cap-light-cob\/#primaryimage"},"thumbnailUrl":"https:\/\/milbaza.lv\/wp-content\/uploads\/2022\/10\/eng_pl_Mil-Tec-COB-Cap-Light-Headlamp-15183550-22599_4.png","datePublished":"2022-10-01T07:40:24+00:00","dateModified":"2026-04-11T07:06:17+00:00","description":"Nopirkt MIL-TEC GALVAS LUKTURIS BLACK CAP LIGHT COB izdev\u012bga cena un pieg\u0101de. T\u016brisma pre\u010du interneta veikals, pas\u016bt\u012bt online 24\/7!","breadcrumb":{"@id":"https:\/\/milbaza.lv\/ru\/produkts\/mil-tec-galvas-lukturis-black-cap-light-cob\/#breadcrumb"},"inLanguage":"ru-RU","potentialAction":[{"@type":"ReadAction","target":["https:\/\/milbaza.lv\/ru\/produkts\/mil-tec-galvas-lukturis-black-cap-light-cob\/"]}]},{"@type":"ImageObject","inLanguage":"ru-RU","@id":"https:\/\/milbaza.lv\/ru\/produkts\/mil-tec-galvas-lukturis-black-cap-light-cob\/#primaryimage","url":"https:\/\/milbaza.lv\/wp-content\/uploads\/2022\/10\/eng_pl_Mil-Tec-COB-Cap-Light-Headlamp-15183550-22599_4.png","contentUrl":"https:\/\/milbaza.lv\/wp-content\/uploads\/2022\/10\/eng_pl_Mil-Tec-COB-Cap-Light-Headlamp-15183550-22599_4.png","width":600,"height":600},{"@type":"BreadcrumbList","@id":"https:\/\/milbaza.lv\/ru\/produkts\/mil-tec-galvas-lukturis-black-cap-light-cob\/#breadcrumb","itemListElement":[{"@type":"ListItem","position":1,"name":"Home","item":"https:\/\/milbaza.lv\/ru\/"},{"@type":"ListItem","position":2,"name":"\u041c\u0430\u0433\u0430\u0437\u0438\u043d","item":"https:\/\/milbaza.lv\/ru\/%d0%bc%d0%b0%d0%b3%d0%b0%d0%b7%d0%b8%d0%bd\/"},{"@type":"ListItem","position":3,"name":"MIL-TEC GALVAS LUKTURIS BLACK CAP LIGHT COB"}]},{"@type":"WebSite","@id":"https:\/\/milbaza.lv\/ru\/#website","url":"https:\/\/milbaza.lv\/ru\/","name":"MILBAZA \u2013 viss akt\u012bvai atp\u016btai","description":"Viss akt\u012bvai atp\u016btai","publisher":{"@id":"https:\/\/milbaza.lv\/ru\/#organization"},"potentialAction":[{"@type":"SearchAction","target":{"@type":"EntryPoint","urlTemplate":"https:\/\/milbaza.lv\/ru\/?s={search_term_string}"},"query-input":{"@type":"PropertyValueSpecification","valueRequired":true,"valueName":"search_term_string"}}],"inLanguage":"ru-RU"},{"@type":"Organization","@id":"https:\/\/milbaza.lv\/ru\/#organization","name":"Milbaza","url":"https:\/\/milbaza.lv\/ru\/","logo":{"@type":"ImageObject","inLanguage":"ru-RU","@id":"https:\/\/milbaza.lv\/ru\/#\/schema\/logo\/image\/","url":"https:\/\/milbaza.lv\/wp-content\/uploads\/2021\/11\/Mil_BAZA_logo3.png","contentUrl":"https:\/\/milbaza.lv\/wp-content\/uploads\/2021\/11\/Mil_BAZA_logo3.png","width":564,"height":226,"caption":"Milbaza"},"image":{"@id":"https:\/\/milbaza.lv\/ru\/#\/schema\/logo\/image\/"},"sameAs":["https:\/\/www.facebook.com\/profile.php?id=100075399152223","https:\/\/www.instagram.com\/milbaza.lv\/","https:\/\/www.pinterest.com\/milbaza\/_saved\/","https:\/\/www.youtube.com\/channel\/UCrPXltd8hsNIiGAKc37hGfQ"]}]}},"_links":{"self":[{"href":"https:\/\/milbaza.lv\/ru\/wp-json\/wp\/v2\/product\/20994","targetHints":{"allow":["GET"]}}],"collection":[{"href":"https:\/\/milbaza.lv\/ru\/wp-json\/wp\/v2\/product"}],"about":[{"href":"https:\/\/milbaza.lv\/ru\/wp-json\/wp\/v2\/types\/product"}],"replies":[{"embeddable":true,"href":"https:\/\/milbaza.lv\/ru\/wp-json\/wp\/v2\/comments?post=20994"}],"wp:featuredmedia":[{"embeddable":true,"href":"https:\/\/milbaza.lv\/ru\/wp-json\/wp\/v2\/media\/20995"}],"wp:attachment":[{"href":"https:\/\/milbaza.lv\/ru\/wp-json\/wp\/v2\/media?parent=20994"}],"wp:term":[{"taxonomy":"product_brand","embeddable":true,"href":"https:\/\/milbaza.lv\/ru\/wp-json\/wp\/v2\/product_brand?post=20994"},{"taxonomy":"product_cat","embeddable":true,"href":"https:\/\/milbaza.lv\/ru\/wp-json\/wp\/v2\/product_cat?post=20994"},{"taxonomy":"product_tag","embeddable":true,"href":"https:\/\/milbaza.lv\/ru\/wp-json\/wp\/v2\/product_tag?post=20994"}],"curies":[{"name":"wp","href":"https:\/\/api.w.org\/{rel}","templated":true}]}}