{"id":21541,"date":"2022-10-11T21:26:04","date_gmt":"2022-10-11T18:26:04","guid":{"rendered":"https:\/\/milbaza.lv\/produkts\/mfh-%d1%81%d1%82%d0%be%d0%bb-%d0%b4%d0%bb%d1%8f-%d0%ba%d0%b5%d0%bc%d0%bf%d0%b8%d0%bd%d0%b3%d0%b0-%d1%81%d0%ba%d0%bb%d0%b0%d0%b4%d0%bd%d0%be%d0%b9-%d0%b0%d0%bb%d1%8e%d0%bc%d0%b8%d0%bd%d0%b8%d0%b9\/"},"modified":"2022-10-12T14:52:51","modified_gmt":"2022-10-12T11:52:51","slug":"mfh-%d1%81%d1%82%d0%be%d0%bb-%d0%b4%d0%bb%d1%8f-%d0%ba%d0%b5%d0%bc%d0%bf%d0%b8%d0%bd%d0%b3%d0%b0-%d1%81%d0%ba%d0%bb%d0%b0%d0%b4%d0%bd%d0%be%d0%b9-%d0%b0%d0%bb%d1%8e%d0%bc%d0%b8%d0%bd%d0%b8%d0%b9","status":"publish","type":"product","link":"https:\/\/milbaza.lv\/ru\/produkts\/mfh-%d1%81%d1%82%d0%be%d0%bb-%d0%b4%d0%bb%d1%8f-%d0%ba%d0%b5%d0%bc%d0%bf%d0%b8%d0%bd%d0%b3%d0%b0-%d1%81%d0%ba%d0%bb%d0%b0%d0%b4%d0%bd%d0%be%d0%b9-%d0%b0%d0%bb%d1%8e%d0%bc%d0%b8%d0%bd%d0%b8%d0%b9\/","title":{"rendered":"MFH \u0421\u0442\u043e\u043b \u0434\u043b\u044f \u043a\u0435\u043c\u043f\u0438\u043d\u0433\u0430, \u0441\u043a\u043b\u0430\u0434\u043d\u043e\u0439, \u0430\u043b\u044e\u043c\u0438\u043d\u0438\u0439, \u0440\u0443\u0447\u043a\u0430 \u0434\u043b\u044f \u043f\u0435\u0440\u0435\u043d\u043e\u0441\u043a\u0438"},"content":{"rendered":"<p><span>\u0431\u044b\u0441\u0442\u0440\u044b\u0439 \u043c\u043e\u043d\u0442\u0430\u0436 \u0431\u043b\u0430\u0433\u043e\u0434\u0430\u0440\u044f \u0448\u0442\u0435\u043a\u0435\u0440\u043d\u044b\u043c \u0438 \u0448\u0430\u0440\u043d\u0438\u0440\u043d\u044b\u043c \u0441\u043e\u0435\u0434\u0438\u043d\u0435\u043d\u0438\u044f\u043c<\/span><br \/>\n<span>2 \u0432\u044b\u0441\u043e\u0442\u044b \u0441\u0442\u043e\u043b\u0430 \u043e\u043a.\u00a025 \/ 55 \u0441\u043c<\/span><br \/>\n<span>\u0441\u0442\u043e\u043b\u0435\u0448\u043d\u0438\u0446\u0430 \u0438\u0437 \u041c\u0414\u0424 \u0441 \u043f\u043e\u043a\u0440\u044b\u0442\u0438\u0435\u043c<\/span><br \/>\n<span>\u0420\u0430\u0437\u043c\u0435\u0440 \u0443\u043f\u0430\u043a\u043e\u0432\u043a\u0438: \u043e\u043a.\u00a045 x 31 x 7 \u0441\u043c (\u0414 x \u0428 x \u0412)<\/span><br \/>\n<span>\u0420\u0430\u0437\u043c\u0435\u0440\u044b: \u043e\u043a.\u00a060 x 45 x 25 \/ 55 (\u0414 x \u0428 x \u0412)<\/span><br \/>\n<span>\u0412\u0435\u0441: \u043e\u043a.\u00a02,25 \u043a\u0433<\/span><\/p>\n","protected":false},"excerpt":{"rendered":"<p>\u0431\u044b\u0441\u0442\u0440\u044b\u0439 \u043c\u043e\u043d\u0442\u0430\u0436 \u0431\u043b\u0430\u0433\u043e\u0434\u0430\u0440\u044f \u0448\u0442\u0435\u043a\u0435\u0440\u043d\u044b\u043c \u0438 \u0448\u0430\u0440\u043d\u0438\u0440\u043d\u044b\u043c \u0441\u043e\u0435\u0434\u0438\u043d\u0435\u043d\u0438\u044f\u043c 2 \u0432\u044b\u0441\u043e\u0442\u044b \u0441\u0442\u043e\u043b\u0430 \u043e\u043a.\u00a025 \/ 55 \u0441\u043c \u0441\u0442\u043e\u043b\u0435\u0448\u043d\u0438\u0446\u0430 \u0438\u0437 \u041c\u0414\u0424 \u0441 \u043f\u043e\u043a\u0440\u044b\u0442\u0438\u0435\u043c \u0420\u0430\u0437\u043c\u0435\u0440 \u0443\u043f\u0430\u043a\u043e\u0432\u043a\u0438: \u043e\u043a.\u00a045 x 31 x 7 \u0441\u043c (\u0414 x \u0428 x \u0412) \u0420\u0430\u0437\u043c\u0435\u0440\u044b: \u043e\u043a.\u00a060 x 45 x 25 \/ 55 (\u0414 x \u0428 x \u0412) \u0412\u0435\u0441: \u043e\u043a.\u00a02,25 \u043a\u0433<\/p>\n","protected":false},"featured_media":21352,"comment_status":"closed","ping_status":"closed","template":"","meta":{"_acf_changed":false},"product_brand":[],"product_cat":[354],"product_tag":[],"class_list":{"0":"post-21541","1":"product","2":"type-product","3":"status-publish","4":"has-post-thumbnail","6":"product_cat--kempingam","7":"pa_ean-4044633190406-ru","9":"first","10":"outofstock","11":"taxable","12":"shipping-taxable","13":"purchasable","14":"product-type-simple"},"acf":[],"yoast_head":"<!-- This site is optimized with the Yoast SEO plugin v26.7 - https:\/\/yoast.com\/wordpress\/plugins\/seo\/ -->\n<title>MFH \u0421\u0442\u043e\u043b \u0434\u043b\u044f \u043a\u0435\u043c\u043f\u0438\u043d\u0433\u0430, \u0441\u043a\u043b\u0430\u0434\u043d\u043e\u0439, \u0430\u043b\u044e\u043c\u0438\u043d\u0438\u0439, \u0440\u0443\u0447\u043a\u0430 \u0434\u043b\u044f \u043f\u0435\u0440\u0435\u043d\u043e\u0441\u043a\u0438 - MILBAZA \u2013 viss akt\u012bvai atp\u016btai<\/title>\n<meta name=\"robots\" content=\"index, follow, max-snippet:-1, max-image-preview:large, max-video-preview:-1\" \/>\n<link rel=\"canonical\" href=\"https:\/\/milbaza.lv\/ru\/produkts\/mfh-%d1%81%d1%82%d0%be%d0%bb-%d0%b4%d0%bb%d1%8f-%d0%ba%d0%b5%d0%bc%d0%bf%d0%b8%d0%bd%d0%b3%d0%b0-%d1%81%d0%ba%d0%bb%d0%b0%d0%b4%d0%bd%d0%be%d0%b9-%d0%b0%d0%bb%d1%8e%d0%bc%d0%b8%d0%bd%d0%b8%d0%b9\/\" \/>\n<meta property=\"og:locale\" content=\"ru_RU\" \/>\n<meta property=\"og:type\" content=\"article\" \/>\n<meta property=\"og:title\" content=\"MFH \u0421\u0442\u043e\u043b \u0434\u043b\u044f \u043a\u0435\u043c\u043f\u0438\u043d\u0433\u0430, \u0441\u043a\u043b\u0430\u0434\u043d\u043e\u0439, \u0430\u043b\u044e\u043c\u0438\u043d\u0438\u0439, \u0440\u0443\u0447\u043a\u0430 \u0434\u043b\u044f \u043f\u0435\u0440\u0435\u043d\u043e\u0441\u043a\u0438 - MILBAZA \u2013 viss akt\u012bvai atp\u016btai\" \/>\n<meta property=\"og:description\" content=\"\u0431\u044b\u0441\u0442\u0440\u044b\u0439 \u043c\u043e\u043d\u0442\u0430\u0436 \u0431\u043b\u0430\u0433\u043e\u0434\u0430\u0440\u044f \u0448\u0442\u0435\u043a\u0435\u0440\u043d\u044b\u043c \u0438 \u0448\u0430\u0440\u043d\u0438\u0440\u043d\u044b\u043c \u0441\u043e\u0435\u0434\u0438\u043d\u0435\u043d\u0438\u044f\u043c 2 \u0432\u044b\u0441\u043e\u0442\u044b \u0441\u0442\u043e\u043b\u0430 \u043e\u043a.\u00a025 \/ 55 \u0441\u043c \u0441\u0442\u043e\u043b\u0435\u0448\u043d\u0438\u0446\u0430 \u0438\u0437 \u041c\u0414\u0424 \u0441 \u043f\u043e\u043a\u0440\u044b\u0442\u0438\u0435\u043c \u0420\u0430\u0437\u043c\u0435\u0440 \u0443\u043f\u0430\u043a\u043e\u0432\u043a\u0438: \u043e\u043a.\u00a045 x 31 x 7 \u0441\u043c (\u0414 x \u0428 x \u0412) \u0420\u0430\u0437\u043c\u0435\u0440\u044b: \u043e\u043a.\u00a060 x 45 x 25 \/ 55 (\u0414 x \u0428 x \u0412) \u0412\u0435\u0441: \u043e\u043a.\u00a02,25 \u043a\u0433\" \/>\n<meta property=\"og:url\" content=\"https:\/\/milbaza.lv\/ru\/produkts\/mfh-%d1%81%d1%82%d0%be%d0%bb-%d0%b4%d0%bb%d1%8f-%d0%ba%d0%b5%d0%bc%d0%bf%d0%b8%d0%bd%d0%b3%d0%b0-%d1%81%d0%ba%d0%bb%d0%b0%d0%b4%d0%bd%d0%be%d0%b9-%d0%b0%d0%bb%d1%8e%d0%bc%d0%b8%d0%bd%d0%b8%d0%b9\/\" \/>\n<meta property=\"og:site_name\" content=\"MILBAZA \u2013 viss akt\u012bvai atp\u016btai\" \/>\n<meta property=\"article:publisher\" content=\"https:\/\/www.facebook.com\/profile.php?id=100075399152223\" \/>\n<meta property=\"article:modified_time\" content=\"2022-10-12T11:52:51+00:00\" \/>\n<meta property=\"og:image\" content=\"https:\/\/milbaza.lv\/wp-content\/uploads\/2022\/10\/31876.jpg\" \/>\n\t<meta property=\"og:image:width\" content=\"1200\" \/>\n\t<meta property=\"og:image:height\" content=\"1200\" \/>\n\t<meta property=\"og:image:type\" content=\"image\/jpeg\" \/>\n<meta name=\"twitter:card\" content=\"summary_large_image\" \/>\n<script type=\"application\/ld+json\" class=\"yoast-schema-graph\">{\"@context\":\"https:\/\/schema.org\",\"@graph\":[{\"@type\":\"WebPage\",\"@id\":\"https:\/\/milbaza.lv\/ru\/produkts\/mfh-%d1%81%d1%82%d0%be%d0%bb-%d0%b4%d0%bb%d1%8f-%d0%ba%d0%b5%d0%bc%d0%bf%d0%b8%d0%bd%d0%b3%d0%b0-%d1%81%d0%ba%d0%bb%d0%b0%d0%b4%d0%bd%d0%be%d0%b9-%d0%b0%d0%bb%d1%8e%d0%bc%d0%b8%d0%bd%d0%b8%d0%b9\/\",\"url\":\"https:\/\/milbaza.lv\/ru\/produkts\/mfh-%d1%81%d1%82%d0%be%d0%bb-%d0%b4%d0%bb%d1%8f-%d0%ba%d0%b5%d0%bc%d0%bf%d0%b8%d0%bd%d0%b3%d0%b0-%d1%81%d0%ba%d0%bb%d0%b0%d0%b4%d0%bd%d0%be%d0%b9-%d0%b0%d0%bb%d1%8e%d0%bc%d0%b8%d0%bd%d0%b8%d0%b9\/\",\"name\":\"MFH \u0421\u0442\u043e\u043b \u0434\u043b\u044f \u043a\u0435\u043c\u043f\u0438\u043d\u0433\u0430, \u0441\u043a\u043b\u0430\u0434\u043d\u043e\u0439, \u0430\u043b\u044e\u043c\u0438\u043d\u0438\u0439, \u0440\u0443\u0447\u043a\u0430 \u0434\u043b\u044f \u043f\u0435\u0440\u0435\u043d\u043e\u0441\u043a\u0438 - MILBAZA \u2013 viss akt\u012bvai atp\u016btai\",\"isPartOf\":{\"@id\":\"https:\/\/milbaza.lv\/ru\/#website\"},\"primaryImageOfPage\":{\"@id\":\"https:\/\/milbaza.lv\/ru\/produkts\/mfh-%d1%81%d1%82%d0%be%d0%bb-%d0%b4%d0%bb%d1%8f-%d0%ba%d0%b5%d0%bc%d0%bf%d0%b8%d0%bd%d0%b3%d0%b0-%d1%81%d0%ba%d0%bb%d0%b0%d0%b4%d0%bd%d0%be%d0%b9-%d0%b0%d0%bb%d1%8e%d0%bc%d0%b8%d0%bd%d0%b8%d0%b9\/#primaryimage\"},\"image\":{\"@id\":\"https:\/\/milbaza.lv\/ru\/produkts\/mfh-%d1%81%d1%82%d0%be%d0%bb-%d0%b4%d0%bb%d1%8f-%d0%ba%d0%b5%d0%bc%d0%bf%d0%b8%d0%bd%d0%b3%d0%b0-%d1%81%d0%ba%d0%bb%d0%b0%d0%b4%d0%bd%d0%be%d0%b9-%d0%b0%d0%bb%d1%8e%d0%bc%d0%b8%d0%bd%d0%b8%d0%b9\/#primaryimage\"},\"thumbnailUrl\":\"https:\/\/milbaza.lv\/wp-content\/uploads\/2022\/10\/31876.jpg\",\"datePublished\":\"2022-10-11T18:26:04+00:00\",\"dateModified\":\"2022-10-12T11:52:51+00:00\",\"breadcrumb\":{\"@id\":\"https:\/\/milbaza.lv\/ru\/produkts\/mfh-%d1%81%d1%82%d0%be%d0%bb-%d0%b4%d0%bb%d1%8f-%d0%ba%d0%b5%d0%bc%d0%bf%d0%b8%d0%bd%d0%b3%d0%b0-%d1%81%d0%ba%d0%bb%d0%b0%d0%b4%d0%bd%d0%be%d0%b9-%d0%b0%d0%bb%d1%8e%d0%bc%d0%b8%d0%bd%d0%b8%d0%b9\/#breadcrumb\"},\"inLanguage\":\"ru-RU\",\"potentialAction\":[{\"@type\":\"ReadAction\",\"target\":[\"https:\/\/milbaza.lv\/ru\/produkts\/mfh-%d1%81%d1%82%d0%be%d0%bb-%d0%b4%d0%bb%d1%8f-%d0%ba%d0%b5%d0%bc%d0%bf%d0%b8%d0%bd%d0%b3%d0%b0-%d1%81%d0%ba%d0%bb%d0%b0%d0%b4%d0%bd%d0%be%d0%b9-%d0%b0%d0%bb%d1%8e%d0%bc%d0%b8%d0%bd%d0%b8%d0%b9\/\"]}]},{\"@type\":\"ImageObject\",\"inLanguage\":\"ru-RU\",\"@id\":\"https:\/\/milbaza.lv\/ru\/produkts\/mfh-%d1%81%d1%82%d0%be%d0%bb-%d0%b4%d0%bb%d1%8f-%d0%ba%d0%b5%d0%bc%d0%bf%d0%b8%d0%bd%d0%b3%d0%b0-%d1%81%d0%ba%d0%bb%d0%b0%d0%b4%d0%bd%d0%be%d0%b9-%d0%b0%d0%bb%d1%8e%d0%bc%d0%b8%d0%bd%d0%b8%d0%b9\/#primaryimage\",\"url\":\"https:\/\/milbaza.lv\/wp-content\/uploads\/2022\/10\/31876.jpg\",\"contentUrl\":\"https:\/\/milbaza.lv\/wp-content\/uploads\/2022\/10\/31876.jpg\",\"width\":1200,\"height\":1200},{\"@type\":\"BreadcrumbList\",\"@id\":\"https:\/\/milbaza.lv\/ru\/produkts\/mfh-%d1%81%d1%82%d0%be%d0%bb-%d0%b4%d0%bb%d1%8f-%d0%ba%d0%b5%d0%bc%d0%bf%d0%b8%d0%bd%d0%b3%d0%b0-%d1%81%d0%ba%d0%bb%d0%b0%d0%b4%d0%bd%d0%be%d0%b9-%d0%b0%d0%bb%d1%8e%d0%bc%d0%b8%d0%bd%d0%b8%d0%b9\/#breadcrumb\",\"itemListElement\":[{\"@type\":\"ListItem\",\"position\":1,\"name\":\"Home\",\"item\":\"https:\/\/milbaza.lv\/ru\/\"},{\"@type\":\"ListItem\",\"position\":2,\"name\":\"\u041c\u0430\u0433\u0430\u0437\u0438\u043d\",\"item\":\"https:\/\/milbaza.lv\/ru\/%d0%bc%d0%b0%d0%b3%d0%b0%d0%b7%d0%b8%d0%bd\/\"},{\"@type\":\"ListItem\",\"position\":3,\"name\":\"MFH \u0421\u0442\u043e\u043b \u0434\u043b\u044f \u043a\u0435\u043c\u043f\u0438\u043d\u0433\u0430, \u0441\u043a\u043b\u0430\u0434\u043d\u043e\u0439, \u0430\u043b\u044e\u043c\u0438\u043d\u0438\u0439, \u0440\u0443\u0447\u043a\u0430 \u0434\u043b\u044f \u043f\u0435\u0440\u0435\u043d\u043e\u0441\u043a\u0438\"}]},{\"@type\":\"WebSite\",\"@id\":\"https:\/\/milbaza.lv\/ru\/#website\",\"url\":\"https:\/\/milbaza.lv\/ru\/\",\"name\":\"MILBAZA \u2013 viss akt\u012bvai atp\u016btai\",\"description\":\"Viss akt\u012bvai atp\u016btai\",\"publisher\":{\"@id\":\"https:\/\/milbaza.lv\/ru\/#organization\"},\"potentialAction\":[{\"@type\":\"SearchAction\",\"target\":{\"@type\":\"EntryPoint\",\"urlTemplate\":\"https:\/\/milbaza.lv\/ru\/?s={search_term_string}\"},\"query-input\":{\"@type\":\"PropertyValueSpecification\",\"valueRequired\":true,\"valueName\":\"search_term_string\"}}],\"inLanguage\":\"ru-RU\"},{\"@type\":\"Organization\",\"@id\":\"https:\/\/milbaza.lv\/ru\/#organization\",\"name\":\"Milbaza\",\"url\":\"https:\/\/milbaza.lv\/ru\/\",\"logo\":{\"@type\":\"ImageObject\",\"inLanguage\":\"ru-RU\",\"@id\":\"https:\/\/milbaza.lv\/ru\/#\/schema\/logo\/image\/\",\"url\":\"https:\/\/milbaza.lv\/wp-content\/uploads\/2021\/11\/Mil_BAZA_logo3.png\",\"contentUrl\":\"https:\/\/milbaza.lv\/wp-content\/uploads\/2021\/11\/Mil_BAZA_logo3.png\",\"width\":564,\"height\":226,\"caption\":\"Milbaza\"},\"image\":{\"@id\":\"https:\/\/milbaza.lv\/ru\/#\/schema\/logo\/image\/\"},\"sameAs\":[\"https:\/\/www.facebook.com\/profile.php?id=100075399152223\",\"https:\/\/www.instagram.com\/milbaza.lv\/\",\"https:\/\/www.pinterest.com\/milbaza\/_saved\/\",\"https:\/\/www.youtube.com\/channel\/UCrPXltd8hsNIiGAKc37hGfQ\"]}]}<\/script>\n<!-- \/ Yoast SEO plugin. -->","yoast_head_json":{"title":"MFH \u0421\u0442\u043e\u043b \u0434\u043b\u044f \u043a\u0435\u043c\u043f\u0438\u043d\u0433\u0430, \u0441\u043a\u043b\u0430\u0434\u043d\u043e\u0439, \u0430\u043b\u044e\u043c\u0438\u043d\u0438\u0439, \u0440\u0443\u0447\u043a\u0430 \u0434\u043b\u044f \u043f\u0435\u0440\u0435\u043d\u043e\u0441\u043a\u0438 - MILBAZA \u2013 viss akt\u012bvai atp\u016btai","robots":{"index":"index","follow":"follow","max-snippet":"max-snippet:-1","max-image-preview":"max-image-preview:large","max-video-preview":"max-video-preview:-1"},"canonical":"https:\/\/milbaza.lv\/ru\/produkts\/mfh-%d1%81%d1%82%d0%be%d0%bb-%d0%b4%d0%bb%d1%8f-%d0%ba%d0%b5%d0%bc%d0%bf%d0%b8%d0%bd%d0%b3%d0%b0-%d1%81%d0%ba%d0%bb%d0%b0%d0%b4%d0%bd%d0%be%d0%b9-%d0%b0%d0%bb%d1%8e%d0%bc%d0%b8%d0%bd%d0%b8%d0%b9\/","og_locale":"ru_RU","og_type":"article","og_title":"MFH \u0421\u0442\u043e\u043b \u0434\u043b\u044f \u043a\u0435\u043c\u043f\u0438\u043d\u0433\u0430, \u0441\u043a\u043b\u0430\u0434\u043d\u043e\u0439, \u0430\u043b\u044e\u043c\u0438\u043d\u0438\u0439, \u0440\u0443\u0447\u043a\u0430 \u0434\u043b\u044f \u043f\u0435\u0440\u0435\u043d\u043e\u0441\u043a\u0438 - MILBAZA \u2013 viss akt\u012bvai atp\u016btai","og_description":"\u0431\u044b\u0441\u0442\u0440\u044b\u0439 \u043c\u043e\u043d\u0442\u0430\u0436 \u0431\u043b\u0430\u0433\u043e\u0434\u0430\u0440\u044f \u0448\u0442\u0435\u043a\u0435\u0440\u043d\u044b\u043c \u0438 \u0448\u0430\u0440\u043d\u0438\u0440\u043d\u044b\u043c \u0441\u043e\u0435\u0434\u0438\u043d\u0435\u043d\u0438\u044f\u043c 2 \u0432\u044b\u0441\u043e\u0442\u044b \u0441\u0442\u043e\u043b\u0430 \u043e\u043a.\u00a025 \/ 55 \u0441\u043c \u0441\u0442\u043e\u043b\u0435\u0448\u043d\u0438\u0446\u0430 \u0438\u0437 \u041c\u0414\u0424 \u0441 \u043f\u043e\u043a\u0440\u044b\u0442\u0438\u0435\u043c \u0420\u0430\u0437\u043c\u0435\u0440 \u0443\u043f\u0430\u043a\u043e\u0432\u043a\u0438: \u043e\u043a.\u00a045 x 31 x 7 \u0441\u043c (\u0414 x \u0428 x \u0412) \u0420\u0430\u0437\u043c\u0435\u0440\u044b: \u043e\u043a.\u00a060 x 45 x 25 \/ 55 (\u0414 x \u0428 x \u0412) \u0412\u0435\u0441: \u043e\u043a.\u00a02,25 \u043a\u0433","og_url":"https:\/\/milbaza.lv\/ru\/produkts\/mfh-%d1%81%d1%82%d0%be%d0%bb-%d0%b4%d0%bb%d1%8f-%d0%ba%d0%b5%d0%bc%d0%bf%d0%b8%d0%bd%d0%b3%d0%b0-%d1%81%d0%ba%d0%bb%d0%b0%d0%b4%d0%bd%d0%be%d0%b9-%d0%b0%d0%bb%d1%8e%d0%bc%d0%b8%d0%bd%d0%b8%d0%b9\/","og_site_name":"MILBAZA \u2013 viss akt\u012bvai atp\u016btai","article_publisher":"https:\/\/www.facebook.com\/profile.php?id=100075399152223","article_modified_time":"2022-10-12T11:52:51+00:00","og_image":[{"width":1200,"height":1200,"url":"https:\/\/milbaza.lv\/wp-content\/uploads\/2022\/10\/31876.jpg","type":"image\/jpeg"}],"twitter_card":"summary_large_image","schema":{"@context":"https:\/\/schema.org","@graph":[{"@type":"WebPage","@id":"https:\/\/milbaza.lv\/ru\/produkts\/mfh-%d1%81%d1%82%d0%be%d0%bb-%d0%b4%d0%bb%d1%8f-%d0%ba%d0%b5%d0%bc%d0%bf%d0%b8%d0%bd%d0%b3%d0%b0-%d1%81%d0%ba%d0%bb%d0%b0%d0%b4%d0%bd%d0%be%d0%b9-%d0%b0%d0%bb%d1%8e%d0%bc%d0%b8%d0%bd%d0%b8%d0%b9\/","url":"https:\/\/milbaza.lv\/ru\/produkts\/mfh-%d1%81%d1%82%d0%be%d0%bb-%d0%b4%d0%bb%d1%8f-%d0%ba%d0%b5%d0%bc%d0%bf%d0%b8%d0%bd%d0%b3%d0%b0-%d1%81%d0%ba%d0%bb%d0%b0%d0%b4%d0%bd%d0%be%d0%b9-%d0%b0%d0%bb%d1%8e%d0%bc%d0%b8%d0%bd%d0%b8%d0%b9\/","name":"MFH \u0421\u0442\u043e\u043b \u0434\u043b\u044f \u043a\u0435\u043c\u043f\u0438\u043d\u0433\u0430, \u0441\u043a\u043b\u0430\u0434\u043d\u043e\u0439, \u0430\u043b\u044e\u043c\u0438\u043d\u0438\u0439, \u0440\u0443\u0447\u043a\u0430 \u0434\u043b\u044f \u043f\u0435\u0440\u0435\u043d\u043e\u0441\u043a\u0438 - MILBAZA \u2013 viss akt\u012bvai atp\u016btai","isPartOf":{"@id":"https:\/\/milbaza.lv\/ru\/#website"},"primaryImageOfPage":{"@id":"https:\/\/milbaza.lv\/ru\/produkts\/mfh-%d1%81%d1%82%d0%be%d0%bb-%d0%b4%d0%bb%d1%8f-%d0%ba%d0%b5%d0%bc%d0%bf%d0%b8%d0%bd%d0%b3%d0%b0-%d1%81%d0%ba%d0%bb%d0%b0%d0%b4%d0%bd%d0%be%d0%b9-%d0%b0%d0%bb%d1%8e%d0%bc%d0%b8%d0%bd%d0%b8%d0%b9\/#primaryimage"},"image":{"@id":"https:\/\/milbaza.lv\/ru\/produkts\/mfh-%d1%81%d1%82%d0%be%d0%bb-%d0%b4%d0%bb%d1%8f-%d0%ba%d0%b5%d0%bc%d0%bf%d0%b8%d0%bd%d0%b3%d0%b0-%d1%81%d0%ba%d0%bb%d0%b0%d0%b4%d0%bd%d0%be%d0%b9-%d0%b0%d0%bb%d1%8e%d0%bc%d0%b8%d0%bd%d0%b8%d0%b9\/#primaryimage"},"thumbnailUrl":"https:\/\/milbaza.lv\/wp-content\/uploads\/2022\/10\/31876.jpg","datePublished":"2022-10-11T18:26:04+00:00","dateModified":"2022-10-12T11:52:51+00:00","breadcrumb":{"@id":"https:\/\/milbaza.lv\/ru\/produkts\/mfh-%d1%81%d1%82%d0%be%d0%bb-%d0%b4%d0%bb%d1%8f-%d0%ba%d0%b5%d0%bc%d0%bf%d0%b8%d0%bd%d0%b3%d0%b0-%d1%81%d0%ba%d0%bb%d0%b0%d0%b4%d0%bd%d0%be%d0%b9-%d0%b0%d0%bb%d1%8e%d0%bc%d0%b8%d0%bd%d0%b8%d0%b9\/#breadcrumb"},"inLanguage":"ru-RU","potentialAction":[{"@type":"ReadAction","target":["https:\/\/milbaza.lv\/ru\/produkts\/mfh-%d1%81%d1%82%d0%be%d0%bb-%d0%b4%d0%bb%d1%8f-%d0%ba%d0%b5%d0%bc%d0%bf%d0%b8%d0%bd%d0%b3%d0%b0-%d1%81%d0%ba%d0%bb%d0%b0%d0%b4%d0%bd%d0%be%d0%b9-%d0%b0%d0%bb%d1%8e%d0%bc%d0%b8%d0%bd%d0%b8%d0%b9\/"]}]},{"@type":"ImageObject","inLanguage":"ru-RU","@id":"https:\/\/milbaza.lv\/ru\/produkts\/mfh-%d1%81%d1%82%d0%be%d0%bb-%d0%b4%d0%bb%d1%8f-%d0%ba%d0%b5%d0%bc%d0%bf%d0%b8%d0%bd%d0%b3%d0%b0-%d1%81%d0%ba%d0%bb%d0%b0%d0%b4%d0%bd%d0%be%d0%b9-%d0%b0%d0%bb%d1%8e%d0%bc%d0%b8%d0%bd%d0%b8%d0%b9\/#primaryimage","url":"https:\/\/milbaza.lv\/wp-content\/uploads\/2022\/10\/31876.jpg","contentUrl":"https:\/\/milbaza.lv\/wp-content\/uploads\/2022\/10\/31876.jpg","width":1200,"height":1200},{"@type":"BreadcrumbList","@id":"https:\/\/milbaza.lv\/ru\/produkts\/mfh-%d1%81%d1%82%d0%be%d0%bb-%d0%b4%d0%bb%d1%8f-%d0%ba%d0%b5%d0%bc%d0%bf%d0%b8%d0%bd%d0%b3%d0%b0-%d1%81%d0%ba%d0%bb%d0%b0%d0%b4%d0%bd%d0%be%d0%b9-%d0%b0%d0%bb%d1%8e%d0%bc%d0%b8%d0%bd%d0%b8%d0%b9\/#breadcrumb","itemListElement":[{"@type":"ListItem","position":1,"name":"Home","item":"https:\/\/milbaza.lv\/ru\/"},{"@type":"ListItem","position":2,"name":"\u041c\u0430\u0433\u0430\u0437\u0438\u043d","item":"https:\/\/milbaza.lv\/ru\/%d0%bc%d0%b0%d0%b3%d0%b0%d0%b7%d0%b8%d0%bd\/"},{"@type":"ListItem","position":3,"name":"MFH \u0421\u0442\u043e\u043b \u0434\u043b\u044f \u043a\u0435\u043c\u043f\u0438\u043d\u0433\u0430, \u0441\u043a\u043b\u0430\u0434\u043d\u043e\u0439, \u0430\u043b\u044e\u043c\u0438\u043d\u0438\u0439, \u0440\u0443\u0447\u043a\u0430 \u0434\u043b\u044f \u043f\u0435\u0440\u0435\u043d\u043e\u0441\u043a\u0438"}]},{"@type":"WebSite","@id":"https:\/\/milbaza.lv\/ru\/#website","url":"https:\/\/milbaza.lv\/ru\/","name":"MILBAZA \u2013 viss akt\u012bvai atp\u016btai","description":"Viss akt\u012bvai atp\u016btai","publisher":{"@id":"https:\/\/milbaza.lv\/ru\/#organization"},"potentialAction":[{"@type":"SearchAction","target":{"@type":"EntryPoint","urlTemplate":"https:\/\/milbaza.lv\/ru\/?s={search_term_string}"},"query-input":{"@type":"PropertyValueSpecification","valueRequired":true,"valueName":"search_term_string"}}],"inLanguage":"ru-RU"},{"@type":"Organization","@id":"https:\/\/milbaza.lv\/ru\/#organization","name":"Milbaza","url":"https:\/\/milbaza.lv\/ru\/","logo":{"@type":"ImageObject","inLanguage":"ru-RU","@id":"https:\/\/milbaza.lv\/ru\/#\/schema\/logo\/image\/","url":"https:\/\/milbaza.lv\/wp-content\/uploads\/2021\/11\/Mil_BAZA_logo3.png","contentUrl":"https:\/\/milbaza.lv\/wp-content\/uploads\/2021\/11\/Mil_BAZA_logo3.png","width":564,"height":226,"caption":"Milbaza"},"image":{"@id":"https:\/\/milbaza.lv\/ru\/#\/schema\/logo\/image\/"},"sameAs":["https:\/\/www.facebook.com\/profile.php?id=100075399152223","https:\/\/www.instagram.com\/milbaza.lv\/","https:\/\/www.pinterest.com\/milbaza\/_saved\/","https:\/\/www.youtube.com\/channel\/UCrPXltd8hsNIiGAKc37hGfQ"]}]}},"_links":{"self":[{"href":"https:\/\/milbaza.lv\/ru\/wp-json\/wp\/v2\/product\/21541","targetHints":{"allow":["GET"]}}],"collection":[{"href":"https:\/\/milbaza.lv\/ru\/wp-json\/wp\/v2\/product"}],"about":[{"href":"https:\/\/milbaza.lv\/ru\/wp-json\/wp\/v2\/types\/product"}],"replies":[{"embeddable":true,"href":"https:\/\/milbaza.lv\/ru\/wp-json\/wp\/v2\/comments?post=21541"}],"wp:featuredmedia":[{"embeddable":true,"href":"https:\/\/milbaza.lv\/ru\/wp-json\/wp\/v2\/media\/21352"}],"wp:attachment":[{"href":"https:\/\/milbaza.lv\/ru\/wp-json\/wp\/v2\/media?parent=21541"}],"wp:term":[{"taxonomy":"product_brand","embeddable":true,"href":"https:\/\/milbaza.lv\/ru\/wp-json\/wp\/v2\/product_brand?post=21541"},{"taxonomy":"product_cat","embeddable":true,"href":"https:\/\/milbaza.lv\/ru\/wp-json\/wp\/v2\/product_cat?post=21541"},{"taxonomy":"product_tag","embeddable":true,"href":"https:\/\/milbaza.lv\/ru\/wp-json\/wp\/v2\/product_tag?post=21541"}],"curies":[{"name":"wp","href":"https:\/\/api.w.org\/{rel}","templated":true}]}}