{"id":21574,"date":"2022-10-11T21:26:04","date_gmt":"2022-10-11T18:26:04","guid":{"rendered":"https:\/\/milbaza.lv\/produkts\/mfh-%d0%bf%d0%bb%d1%8e%d1%88%d0%b5%d0%b2%d1%8b%d0%b9-%d0%bc%d0%b8%d1%88%d0%ba%d0%b0-%d1%82%d0%b5%d0%b4%d0%b4%d0%b8-%d0%b2-%d0%ba%d0%be%d1%81%d1%82%d1%8e%d0%bc%d0%b5-%d0%ba%d0%b0%d0%bc%d1%83%d1%84\/"},"modified":"2022-10-11T21:26:04","modified_gmt":"2022-10-11T18:26:04","slug":"mfh-%d0%bf%d0%bb%d1%8e%d1%88%d0%b5%d0%b2%d1%8b%d0%b9-%d0%bc%d0%b8%d1%88%d0%ba%d0%b0-%d1%82%d0%b5%d0%b4%d0%b4%d0%b8-%d0%b2-%d0%ba%d0%be%d1%81%d1%82%d1%8e%d0%bc%d0%b5-%d0%ba%d0%b0%d0%bc%d1%83%d1%84","status":"publish","type":"product","link":"https:\/\/milbaza.lv\/ru\/produkts\/mfh-%d0%bf%d0%bb%d1%8e%d1%88%d0%b5%d0%b2%d1%8b%d0%b9-%d0%bc%d0%b8%d1%88%d0%ba%d0%b0-%d1%82%d0%b5%d0%b4%d0%b4%d0%b8-%d0%b2-%d0%ba%d0%be%d1%81%d1%82%d1%8e%d0%bc%d0%b5-%d0%ba%d0%b0%d0%bc%d1%83%d1%84\/","title":{"rendered":"MFH \u041f\u043b\u044e\u0448\u0435\u0432\u044b\u0439 \u043c\u0438\u0448\u043a\u0430 \u0422\u0435\u0434\u0434\u0438 \u0432 \u043a\u043e\u0441\u0442\u044e\u043c\u0435 \u043a\u0430\u043c\u0443\u0444\u043b\u044f\u0436"},"content":{"rendered":"","protected":false},"excerpt":{"rendered":"","protected":false},"featured_media":21416,"comment_status":"closed","ping_status":"closed","template":"","meta":{"_acf_changed":false},"product_brand":[],"product_cat":[347,1030,346],"product_tag":[],"class_list":{"0":"post-21574","1":"product","2":"type-product","3":"status-publish","4":"has-post-thumbnail","6":"product_cat--ru","7":"product_cat-1030","8":"product_cat-346","9":"pa_ean-4044633177056-ru","11":"first","12":"outofstock","13":"sale","14":"taxable","15":"shipping-taxable","16":"purchasable","17":"product-type-simple"},"acf":[],"yoast_head":"<!-- This site is optimized with the Yoast SEO plugin v27.4 - https:\/\/yoast.com\/product\/yoast-seo-wordpress\/ -->\n<title>MFH \u041f\u043b\u044e\u0448\u0435\u0432\u044b\u0439 \u043c\u0438\u0448\u043a\u0430 \u0422\u0435\u0434\u0434\u0438 \u0432 \u043a\u043e\u0441\u0442\u044e\u043c\u0435 \u043a\u0430\u043c\u0443\u0444\u043b\u044f\u0436 - MILBAZA \u2013 viss akt\u012bvai atp\u016btai<\/title>\n<meta name=\"robots\" content=\"index, follow, max-snippet:-1, max-image-preview:large, max-video-preview:-1\" \/>\n<link rel=\"canonical\" href=\"https:\/\/milbaza.lv\/ru\/produkts\/mfh-%d0%bf%d0%bb%d1%8e%d1%88%d0%b5%d0%b2%d1%8b%d0%b9-%d0%bc%d0%b8%d1%88%d0%ba%d0%b0-%d1%82%d0%b5%d0%b4%d0%b4%d0%b8-%d0%b2-%d0%ba%d0%be%d1%81%d1%82%d1%8e%d0%bc%d0%b5-%d0%ba%d0%b0%d0%bc%d1%83%d1%84\/\" \/>\n<meta property=\"og:locale\" content=\"ru_RU\" \/>\n<meta property=\"og:type\" content=\"article\" \/>\n<meta property=\"og:title\" content=\"MFH \u041f\u043b\u044e\u0448\u0435\u0432\u044b\u0439 \u043c\u0438\u0448\u043a\u0430 \u0422\u0435\u0434\u0434\u0438 \u0432 \u043a\u043e\u0441\u0442\u044e\u043c\u0435 \u043a\u0430\u043c\u0443\u0444\u043b\u044f\u0436 - MILBAZA \u2013 viss akt\u012bvai atp\u016btai\" \/>\n<meta property=\"og:url\" content=\"https:\/\/milbaza.lv\/ru\/produkts\/mfh-%d0%bf%d0%bb%d1%8e%d1%88%d0%b5%d0%b2%d1%8b%d0%b9-%d0%bc%d0%b8%d1%88%d0%ba%d0%b0-%d1%82%d0%b5%d0%b4%d0%b4%d0%b8-%d0%b2-%d0%ba%d0%be%d1%81%d1%82%d1%8e%d0%bc%d0%b5-%d0%ba%d0%b0%d0%bc%d1%83%d1%84\/\" \/>\n<meta property=\"og:site_name\" content=\"MILBAZA \u2013 viss akt\u012bvai atp\u016btai\" \/>\n<meta property=\"article:publisher\" content=\"https:\/\/www.facebook.com\/profile.php?id=100075399152223\" \/>\n<meta property=\"og:image\" content=\"https:\/\/milbaza.lv\/wp-content\/uploads\/2022\/10\/37723V.jpg\" \/>\n\t<meta property=\"og:image:width\" content=\"1200\" \/>\n\t<meta property=\"og:image:height\" content=\"1200\" \/>\n\t<meta property=\"og:image:type\" content=\"image\/jpeg\" \/>\n<meta name=\"twitter:card\" content=\"summary_large_image\" \/>\n<script type=\"application\/ld+json\" class=\"yoast-schema-graph\">{\"@context\":\"https:\\\/\\\/schema.org\",\"@graph\":[{\"@type\":\"WebPage\",\"@id\":\"https:\\\/\\\/milbaza.lv\\\/ru\\\/produkts\\\/mfh-%d0%bf%d0%bb%d1%8e%d1%88%d0%b5%d0%b2%d1%8b%d0%b9-%d0%bc%d0%b8%d1%88%d0%ba%d0%b0-%d1%82%d0%b5%d0%b4%d0%b4%d0%b8-%d0%b2-%d0%ba%d0%be%d1%81%d1%82%d1%8e%d0%bc%d0%b5-%d0%ba%d0%b0%d0%bc%d1%83%d1%84\\\/\",\"url\":\"https:\\\/\\\/milbaza.lv\\\/ru\\\/produkts\\\/mfh-%d0%bf%d0%bb%d1%8e%d1%88%d0%b5%d0%b2%d1%8b%d0%b9-%d0%bc%d0%b8%d1%88%d0%ba%d0%b0-%d1%82%d0%b5%d0%b4%d0%b4%d0%b8-%d0%b2-%d0%ba%d0%be%d1%81%d1%82%d1%8e%d0%bc%d0%b5-%d0%ba%d0%b0%d0%bc%d1%83%d1%84\\\/\",\"name\":\"MFH \u041f\u043b\u044e\u0448\u0435\u0432\u044b\u0439 \u043c\u0438\u0448\u043a\u0430 \u0422\u0435\u0434\u0434\u0438 \u0432 \u043a\u043e\u0441\u0442\u044e\u043c\u0435 \u043a\u0430\u043c\u0443\u0444\u043b\u044f\u0436 - MILBAZA \u2013 viss akt\u012bvai atp\u016btai\",\"isPartOf\":{\"@id\":\"https:\\\/\\\/milbaza.lv\\\/ru\\\/#website\"},\"primaryImageOfPage\":{\"@id\":\"https:\\\/\\\/milbaza.lv\\\/ru\\\/produkts\\\/mfh-%d0%bf%d0%bb%d1%8e%d1%88%d0%b5%d0%b2%d1%8b%d0%b9-%d0%bc%d0%b8%d1%88%d0%ba%d0%b0-%d1%82%d0%b5%d0%b4%d0%b4%d0%b8-%d0%b2-%d0%ba%d0%be%d1%81%d1%82%d1%8e%d0%bc%d0%b5-%d0%ba%d0%b0%d0%bc%d1%83%d1%84\\\/#primaryimage\"},\"image\":{\"@id\":\"https:\\\/\\\/milbaza.lv\\\/ru\\\/produkts\\\/mfh-%d0%bf%d0%bb%d1%8e%d1%88%d0%b5%d0%b2%d1%8b%d0%b9-%d0%bc%d0%b8%d1%88%d0%ba%d0%b0-%d1%82%d0%b5%d0%b4%d0%b4%d0%b8-%d0%b2-%d0%ba%d0%be%d1%81%d1%82%d1%8e%d0%bc%d0%b5-%d0%ba%d0%b0%d0%bc%d1%83%d1%84\\\/#primaryimage\"},\"thumbnailUrl\":\"https:\\\/\\\/milbaza.lv\\\/wp-content\\\/uploads\\\/2022\\\/10\\\/37723V.jpg\",\"datePublished\":\"2022-10-11T18:26:04+00:00\",\"breadcrumb\":{\"@id\":\"https:\\\/\\\/milbaza.lv\\\/ru\\\/produkts\\\/mfh-%d0%bf%d0%bb%d1%8e%d1%88%d0%b5%d0%b2%d1%8b%d0%b9-%d0%bc%d0%b8%d1%88%d0%ba%d0%b0-%d1%82%d0%b5%d0%b4%d0%b4%d0%b8-%d0%b2-%d0%ba%d0%be%d1%81%d1%82%d1%8e%d0%bc%d0%b5-%d0%ba%d0%b0%d0%bc%d1%83%d1%84\\\/#breadcrumb\"},\"inLanguage\":\"ru-RU\",\"potentialAction\":[{\"@type\":\"ReadAction\",\"target\":[\"https:\\\/\\\/milbaza.lv\\\/ru\\\/produkts\\\/mfh-%d0%bf%d0%bb%d1%8e%d1%88%d0%b5%d0%b2%d1%8b%d0%b9-%d0%bc%d0%b8%d1%88%d0%ba%d0%b0-%d1%82%d0%b5%d0%b4%d0%b4%d0%b8-%d0%b2-%d0%ba%d0%be%d1%81%d1%82%d1%8e%d0%bc%d0%b5-%d0%ba%d0%b0%d0%bc%d1%83%d1%84\\\/\"]}]},{\"@type\":\"ImageObject\",\"inLanguage\":\"ru-RU\",\"@id\":\"https:\\\/\\\/milbaza.lv\\\/ru\\\/produkts\\\/mfh-%d0%bf%d0%bb%d1%8e%d1%88%d0%b5%d0%b2%d1%8b%d0%b9-%d0%bc%d0%b8%d1%88%d0%ba%d0%b0-%d1%82%d0%b5%d0%b4%d0%b4%d0%b8-%d0%b2-%d0%ba%d0%be%d1%81%d1%82%d1%8e%d0%bc%d0%b5-%d0%ba%d0%b0%d0%bc%d1%83%d1%84\\\/#primaryimage\",\"url\":\"https:\\\/\\\/milbaza.lv\\\/wp-content\\\/uploads\\\/2022\\\/10\\\/37723V.jpg\",\"contentUrl\":\"https:\\\/\\\/milbaza.lv\\\/wp-content\\\/uploads\\\/2022\\\/10\\\/37723V.jpg\",\"width\":1200,\"height\":1200},{\"@type\":\"BreadcrumbList\",\"@id\":\"https:\\\/\\\/milbaza.lv\\\/ru\\\/produkts\\\/mfh-%d0%bf%d0%bb%d1%8e%d1%88%d0%b5%d0%b2%d1%8b%d0%b9-%d0%bc%d0%b8%d1%88%d0%ba%d0%b0-%d1%82%d0%b5%d0%b4%d0%b4%d0%b8-%d0%b2-%d0%ba%d0%be%d1%81%d1%82%d1%8e%d0%bc%d0%b5-%d0%ba%d0%b0%d0%bc%d1%83%d1%84\\\/#breadcrumb\",\"itemListElement\":[{\"@type\":\"ListItem\",\"position\":1,\"name\":\"Home\",\"item\":\"https:\\\/\\\/milbaza.lv\\\/ru\\\/\"},{\"@type\":\"ListItem\",\"position\":2,\"name\":\"\u041c\u0430\u0433\u0430\u0437\u0438\u043d\",\"item\":\"https:\\\/\\\/milbaza.lv\\\/ru\\\/%d0%bc%d0%b0%d0%b3%d0%b0%d0%b7%d0%b8%d0%bd\\\/\"},{\"@type\":\"ListItem\",\"position\":3,\"name\":\"MFH \u041f\u043b\u044e\u0448\u0435\u0432\u044b\u0439 \u043c\u0438\u0448\u043a\u0430 \u0422\u0435\u0434\u0434\u0438 \u0432 \u043a\u043e\u0441\u0442\u044e\u043c\u0435 \u043a\u0430\u043c\u0443\u0444\u043b\u044f\u0436\"}]},{\"@type\":\"WebSite\",\"@id\":\"https:\\\/\\\/milbaza.lv\\\/ru\\\/#website\",\"url\":\"https:\\\/\\\/milbaza.lv\\\/ru\\\/\",\"name\":\"MILBAZA \u2013 viss akt\u012bvai atp\u016btai\",\"description\":\"Viss akt\u012bvai atp\u016btai\",\"publisher\":{\"@id\":\"https:\\\/\\\/milbaza.lv\\\/ru\\\/#organization\"},\"potentialAction\":[{\"@type\":\"SearchAction\",\"target\":{\"@type\":\"EntryPoint\",\"urlTemplate\":\"https:\\\/\\\/milbaza.lv\\\/ru\\\/?s={search_term_string}\"},\"query-input\":{\"@type\":\"PropertyValueSpecification\",\"valueRequired\":true,\"valueName\":\"search_term_string\"}}],\"inLanguage\":\"ru-RU\"},{\"@type\":\"Organization\",\"@id\":\"https:\\\/\\\/milbaza.lv\\\/ru\\\/#organization\",\"name\":\"Milbaza\",\"url\":\"https:\\\/\\\/milbaza.lv\\\/ru\\\/\",\"logo\":{\"@type\":\"ImageObject\",\"inLanguage\":\"ru-RU\",\"@id\":\"https:\\\/\\\/milbaza.lv\\\/ru\\\/#\\\/schema\\\/logo\\\/image\\\/\",\"url\":\"https:\\\/\\\/milbaza.lv\\\/wp-content\\\/uploads\\\/2021\\\/11\\\/Mil_BAZA_logo3.png\",\"contentUrl\":\"https:\\\/\\\/milbaza.lv\\\/wp-content\\\/uploads\\\/2021\\\/11\\\/Mil_BAZA_logo3.png\",\"width\":564,\"height\":226,\"caption\":\"Milbaza\"},\"image\":{\"@id\":\"https:\\\/\\\/milbaza.lv\\\/ru\\\/#\\\/schema\\\/logo\\\/image\\\/\"},\"sameAs\":[\"https:\\\/\\\/www.facebook.com\\\/profile.php?id=100075399152223\",\"https:\\\/\\\/www.instagram.com\\\/milbaza.lv\\\/\",\"https:\\\/\\\/www.pinterest.com\\\/milbaza\\\/_saved\\\/\",\"https:\\\/\\\/www.youtube.com\\\/channel\\\/UCrPXltd8hsNIiGAKc37hGfQ\"]}]}<\/script>\n<!-- \/ Yoast SEO plugin. -->","yoast_head_json":{"title":"MFH \u041f\u043b\u044e\u0448\u0435\u0432\u044b\u0439 \u043c\u0438\u0448\u043a\u0430 \u0422\u0435\u0434\u0434\u0438 \u0432 \u043a\u043e\u0441\u0442\u044e\u043c\u0435 \u043a\u0430\u043c\u0443\u0444\u043b\u044f\u0436 - MILBAZA \u2013 viss akt\u012bvai atp\u016btai","robots":{"index":"index","follow":"follow","max-snippet":"max-snippet:-1","max-image-preview":"max-image-preview:large","max-video-preview":"max-video-preview:-1"},"canonical":"https:\/\/milbaza.lv\/ru\/produkts\/mfh-%d0%bf%d0%bb%d1%8e%d1%88%d0%b5%d0%b2%d1%8b%d0%b9-%d0%bc%d0%b8%d1%88%d0%ba%d0%b0-%d1%82%d0%b5%d0%b4%d0%b4%d0%b8-%d0%b2-%d0%ba%d0%be%d1%81%d1%82%d1%8e%d0%bc%d0%b5-%d0%ba%d0%b0%d0%bc%d1%83%d1%84\/","og_locale":"ru_RU","og_type":"article","og_title":"MFH \u041f\u043b\u044e\u0448\u0435\u0432\u044b\u0439 \u043c\u0438\u0448\u043a\u0430 \u0422\u0435\u0434\u0434\u0438 \u0432 \u043a\u043e\u0441\u0442\u044e\u043c\u0435 \u043a\u0430\u043c\u0443\u0444\u043b\u044f\u0436 - MILBAZA \u2013 viss akt\u012bvai atp\u016btai","og_url":"https:\/\/milbaza.lv\/ru\/produkts\/mfh-%d0%bf%d0%bb%d1%8e%d1%88%d0%b5%d0%b2%d1%8b%d0%b9-%d0%bc%d0%b8%d1%88%d0%ba%d0%b0-%d1%82%d0%b5%d0%b4%d0%b4%d0%b8-%d0%b2-%d0%ba%d0%be%d1%81%d1%82%d1%8e%d0%bc%d0%b5-%d0%ba%d0%b0%d0%bc%d1%83%d1%84\/","og_site_name":"MILBAZA \u2013 viss akt\u012bvai atp\u016btai","article_publisher":"https:\/\/www.facebook.com\/profile.php?id=100075399152223","og_image":[{"width":1200,"height":1200,"url":"https:\/\/milbaza.lv\/wp-content\/uploads\/2022\/10\/37723V.jpg","type":"image\/jpeg"}],"twitter_card":"summary_large_image","schema":{"@context":"https:\/\/schema.org","@graph":[{"@type":"WebPage","@id":"https:\/\/milbaza.lv\/ru\/produkts\/mfh-%d0%bf%d0%bb%d1%8e%d1%88%d0%b5%d0%b2%d1%8b%d0%b9-%d0%bc%d0%b8%d1%88%d0%ba%d0%b0-%d1%82%d0%b5%d0%b4%d0%b4%d0%b8-%d0%b2-%d0%ba%d0%be%d1%81%d1%82%d1%8e%d0%bc%d0%b5-%d0%ba%d0%b0%d0%bc%d1%83%d1%84\/","url":"https:\/\/milbaza.lv\/ru\/produkts\/mfh-%d0%bf%d0%bb%d1%8e%d1%88%d0%b5%d0%b2%d1%8b%d0%b9-%d0%bc%d0%b8%d1%88%d0%ba%d0%b0-%d1%82%d0%b5%d0%b4%d0%b4%d0%b8-%d0%b2-%d0%ba%d0%be%d1%81%d1%82%d1%8e%d0%bc%d0%b5-%d0%ba%d0%b0%d0%bc%d1%83%d1%84\/","name":"MFH \u041f\u043b\u044e\u0448\u0435\u0432\u044b\u0439 \u043c\u0438\u0448\u043a\u0430 \u0422\u0435\u0434\u0434\u0438 \u0432 \u043a\u043e\u0441\u0442\u044e\u043c\u0435 \u043a\u0430\u043c\u0443\u0444\u043b\u044f\u0436 - MILBAZA \u2013 viss akt\u012bvai atp\u016btai","isPartOf":{"@id":"https:\/\/milbaza.lv\/ru\/#website"},"primaryImageOfPage":{"@id":"https:\/\/milbaza.lv\/ru\/produkts\/mfh-%d0%bf%d0%bb%d1%8e%d1%88%d0%b5%d0%b2%d1%8b%d0%b9-%d0%bc%d0%b8%d1%88%d0%ba%d0%b0-%d1%82%d0%b5%d0%b4%d0%b4%d0%b8-%d0%b2-%d0%ba%d0%be%d1%81%d1%82%d1%8e%d0%bc%d0%b5-%d0%ba%d0%b0%d0%bc%d1%83%d1%84\/#primaryimage"},"image":{"@id":"https:\/\/milbaza.lv\/ru\/produkts\/mfh-%d0%bf%d0%bb%d1%8e%d1%88%d0%b5%d0%b2%d1%8b%d0%b9-%d0%bc%d0%b8%d1%88%d0%ba%d0%b0-%d1%82%d0%b5%d0%b4%d0%b4%d0%b8-%d0%b2-%d0%ba%d0%be%d1%81%d1%82%d1%8e%d0%bc%d0%b5-%d0%ba%d0%b0%d0%bc%d1%83%d1%84\/#primaryimage"},"thumbnailUrl":"https:\/\/milbaza.lv\/wp-content\/uploads\/2022\/10\/37723V.jpg","datePublished":"2022-10-11T18:26:04+00:00","breadcrumb":{"@id":"https:\/\/milbaza.lv\/ru\/produkts\/mfh-%d0%bf%d0%bb%d1%8e%d1%88%d0%b5%d0%b2%d1%8b%d0%b9-%d0%bc%d0%b8%d1%88%d0%ba%d0%b0-%d1%82%d0%b5%d0%b4%d0%b4%d0%b8-%d0%b2-%d0%ba%d0%be%d1%81%d1%82%d1%8e%d0%bc%d0%b5-%d0%ba%d0%b0%d0%bc%d1%83%d1%84\/#breadcrumb"},"inLanguage":"ru-RU","potentialAction":[{"@type":"ReadAction","target":["https:\/\/milbaza.lv\/ru\/produkts\/mfh-%d0%bf%d0%bb%d1%8e%d1%88%d0%b5%d0%b2%d1%8b%d0%b9-%d0%bc%d0%b8%d1%88%d0%ba%d0%b0-%d1%82%d0%b5%d0%b4%d0%b4%d0%b8-%d0%b2-%d0%ba%d0%be%d1%81%d1%82%d1%8e%d0%bc%d0%b5-%d0%ba%d0%b0%d0%bc%d1%83%d1%84\/"]}]},{"@type":"ImageObject","inLanguage":"ru-RU","@id":"https:\/\/milbaza.lv\/ru\/produkts\/mfh-%d0%bf%d0%bb%d1%8e%d1%88%d0%b5%d0%b2%d1%8b%d0%b9-%d0%bc%d0%b8%d1%88%d0%ba%d0%b0-%d1%82%d0%b5%d0%b4%d0%b4%d0%b8-%d0%b2-%d0%ba%d0%be%d1%81%d1%82%d1%8e%d0%bc%d0%b5-%d0%ba%d0%b0%d0%bc%d1%83%d1%84\/#primaryimage","url":"https:\/\/milbaza.lv\/wp-content\/uploads\/2022\/10\/37723V.jpg","contentUrl":"https:\/\/milbaza.lv\/wp-content\/uploads\/2022\/10\/37723V.jpg","width":1200,"height":1200},{"@type":"BreadcrumbList","@id":"https:\/\/milbaza.lv\/ru\/produkts\/mfh-%d0%bf%d0%bb%d1%8e%d1%88%d0%b5%d0%b2%d1%8b%d0%b9-%d0%bc%d0%b8%d1%88%d0%ba%d0%b0-%d1%82%d0%b5%d0%b4%d0%b4%d0%b8-%d0%b2-%d0%ba%d0%be%d1%81%d1%82%d1%8e%d0%bc%d0%b5-%d0%ba%d0%b0%d0%bc%d1%83%d1%84\/#breadcrumb","itemListElement":[{"@type":"ListItem","position":1,"name":"Home","item":"https:\/\/milbaza.lv\/ru\/"},{"@type":"ListItem","position":2,"name":"\u041c\u0430\u0433\u0430\u0437\u0438\u043d","item":"https:\/\/milbaza.lv\/ru\/%d0%bc%d0%b0%d0%b3%d0%b0%d0%b7%d0%b8%d0%bd\/"},{"@type":"ListItem","position":3,"name":"MFH \u041f\u043b\u044e\u0448\u0435\u0432\u044b\u0439 \u043c\u0438\u0448\u043a\u0430 \u0422\u0435\u0434\u0434\u0438 \u0432 \u043a\u043e\u0441\u0442\u044e\u043c\u0435 \u043a\u0430\u043c\u0443\u0444\u043b\u044f\u0436"}]},{"@type":"WebSite","@id":"https:\/\/milbaza.lv\/ru\/#website","url":"https:\/\/milbaza.lv\/ru\/","name":"MILBAZA \u2013 viss akt\u012bvai atp\u016btai","description":"Viss akt\u012bvai atp\u016btai","publisher":{"@id":"https:\/\/milbaza.lv\/ru\/#organization"},"potentialAction":[{"@type":"SearchAction","target":{"@type":"EntryPoint","urlTemplate":"https:\/\/milbaza.lv\/ru\/?s={search_term_string}"},"query-input":{"@type":"PropertyValueSpecification","valueRequired":true,"valueName":"search_term_string"}}],"inLanguage":"ru-RU"},{"@type":"Organization","@id":"https:\/\/milbaza.lv\/ru\/#organization","name":"Milbaza","url":"https:\/\/milbaza.lv\/ru\/","logo":{"@type":"ImageObject","inLanguage":"ru-RU","@id":"https:\/\/milbaza.lv\/ru\/#\/schema\/logo\/image\/","url":"https:\/\/milbaza.lv\/wp-content\/uploads\/2021\/11\/Mil_BAZA_logo3.png","contentUrl":"https:\/\/milbaza.lv\/wp-content\/uploads\/2021\/11\/Mil_BAZA_logo3.png","width":564,"height":226,"caption":"Milbaza"},"image":{"@id":"https:\/\/milbaza.lv\/ru\/#\/schema\/logo\/image\/"},"sameAs":["https:\/\/www.facebook.com\/profile.php?id=100075399152223","https:\/\/www.instagram.com\/milbaza.lv\/","https:\/\/www.pinterest.com\/milbaza\/_saved\/","https:\/\/www.youtube.com\/channel\/UCrPXltd8hsNIiGAKc37hGfQ"]}]}},"_links":{"self":[{"href":"https:\/\/milbaza.lv\/ru\/wp-json\/wp\/v2\/product\/21574","targetHints":{"allow":["GET"]}}],"collection":[{"href":"https:\/\/milbaza.lv\/ru\/wp-json\/wp\/v2\/product"}],"about":[{"href":"https:\/\/milbaza.lv\/ru\/wp-json\/wp\/v2\/types\/product"}],"replies":[{"embeddable":true,"href":"https:\/\/milbaza.lv\/ru\/wp-json\/wp\/v2\/comments?post=21574"}],"wp:featuredmedia":[{"embeddable":true,"href":"https:\/\/milbaza.lv\/ru\/wp-json\/wp\/v2\/media\/21416"}],"wp:attachment":[{"href":"https:\/\/milbaza.lv\/ru\/wp-json\/wp\/v2\/media?parent=21574"}],"wp:term":[{"taxonomy":"product_brand","embeddable":true,"href":"https:\/\/milbaza.lv\/ru\/wp-json\/wp\/v2\/product_brand?post=21574"},{"taxonomy":"product_cat","embeddable":true,"href":"https:\/\/milbaza.lv\/ru\/wp-json\/wp\/v2\/product_cat?post=21574"},{"taxonomy":"product_tag","embeddable":true,"href":"https:\/\/milbaza.lv\/ru\/wp-json\/wp\/v2\/product_tag?post=21574"}],"curies":[{"name":"wp","href":"https:\/\/api.w.org\/{rel}","templated":true}]}}