{"id":22064,"date":"2022-10-22T11:11:47","date_gmt":"2022-11-19T10:31:53","guid":{"rendered":"https:\/\/milbaza.lv\/?post_type=product&#038;p=22064"},"modified":"2022-11-19T12:31:54","modified_gmt":"2022-11-19T10:31:54","slug":"helokon-tex-%d0%ba%d1%83%d1%80%d1%82%d0%ba%d0%b0-wolfhound-jacket-%d1%87%d1%91%d1%80%d0%bd%d0%b0%d1%8f","status":"publish","type":"product","link":"https:\/\/milbaza.lv\/ru\/produkts\/helokon-tex-%d0%ba%d1%83%d1%80%d1%82%d0%ba%d0%b0-wolfhound-jacket-%d1%87%d1%91%d1%80%d0%bd%d0%b0%d1%8f\/","title":{"rendered":"HELIKON-TEX \u041a\u0423\u0420\u0422\u041a\u0410 WOLFHOUND JACKET (\u0427\u0401\u0420\u041d\u0410\u042f)"},"content":{"rendered":"<p>\u0412\u0441\u044f\u043a\u0438\u0439 \u0440\u0430\u0437, \u043a\u043e\u0433\u0434\u0430 \u043d\u0435\u043e\u0431\u0445\u043e\u0434\u0438\u043c \u043b\u0435\u0433\u043a\u0438\u0439 \u0441\u043e\u0433\u0440\u0435\u0432\u0430\u044e\u0449\u0438\u0439 \u0441\u043b\u043e\u0439, \u0430 \u0444\u043b\u0438\u0441 \u043d\u0435 \u043f\u043e\u0434\u0445\u043e\u0434\u0438\u0442, \u043d\u0430 \u043f\u043e\u043c\u043e\u0449\u044c \u043f\u0440\u0438\u0434\u0435\u0442 Wolfound. \u042d\u0442\u0430 \u043b\u0435\u0433\u043a\u0430\u044f \u043a\u0443\u0440\u0442\u043a\u0430 \u0431\u044b\u043b\u0430 \u0440\u0430\u0437\u0440\u0430\u0431\u043e\u0442\u0430\u043d\u0430 \u043a\u0430\u043a \u0438\u0437\u043e\u043b\u044f\u0446\u0438\u043e\u043d\u043d\u044b\u0439 \u0441\u043b\u043e\u0439, \u043b\u0438\u0431\u043e \u043e\u0442\u0434\u0435\u043b\u044c\u043d\u044b\u0439, \u043b\u0438\u0431\u043e \u0432 \u0441\u043e\u0447\u0435\u0442\u0430\u043d\u0438\u0438 \u0441 \u043a\u0430\u043a\u0438\u043c-\u043b\u0438\u0431\u043e \u0432\u043d\u0435\u0448\u043d\u0438\u043c \u0441\u043b\u043e\u0435\u043c. Climashield\u00ae Apex\u2122 \u0438\u0437\u043e\u043b\u044f\u0446\u0438\u044f (\u0442\u0430\u043a\u0430\u044f \u0436\u0435, \u043a\u0430\u043a \u0432 \u043a\u0443\u0440\u0442\u043a\u0435 \u0443\u0440\u043e\u0432\u043d\u044f 7) \u0441\u043e\u0445\u0440\u0430\u043d\u044f\u0435\u0442 \u0442\u0435\u043f\u043b\u043e \u0432 \u043b\u044e\u0431\u044b\u0445 \u0443\u0441\u043b\u043e\u0432\u0438\u044f\u0445. \u0412\u043e \u0432\u043b\u0430\u0436\u043d\u043e\u043c \u0441\u043e\u0441\u0442\u043e\u044f\u043d\u0438\u0438 \u043c\u043e\u043b\u043d\u0438\u0435\u043d\u043e\u0441\u043d\u043e \u0432\u044b\u0441\u044b\u0445\u0430\u0435\u0442. \u0412\u043d\u0435\u0448\u043d\u044f\u044f \u043d\u0435\u0439\u043b\u043e\u043d\u043e\u0432\u0430\u044f \u043e\u0431\u043e\u043b\u043e\u0447\u043a\u0430 \u0432\u043e\u0437\u0434\u0443\u0445\u043e\u043f\u0440\u043e\u043d\u0438\u0446\u0430\u0435\u043c\u0430, \u043d\u043e \u0437\u0430\u0449\u0438\u0449\u0430\u0435\u0442 \u0443\u0442\u0435\u043f\u043b\u0438\u0442\u0435\u043b\u044c \u043e\u0442 \u043f\u043e\u0432\u0440\u0435\u0436\u0434\u0435\u043d\u0438\u0439, \u0430 \u0432\u043b\u0430\u0434\u0435\u043b\u044c\u0446\u0430 \u043e\u0442 \u043b\u0435\u0433\u043a\u043e\u0433\u043e \u0432\u0435\u0442\u0440\u0430 \u0438 \u0434\u043e\u0436\u0434\u044f. \u0412\u0441\u0442\u0430\u0432\u043a\u0438 \u0438\u0437 \u0442\u043a\u0430\u043d\u0438 VersaStrech\u00ae \u0432 \u043e\u0431\u043b\u0430\u0441\u0442\u0438 \u043f\u043e\u0434\u043c\u044b\u0448\u0435\u043a \u0443\u043b\u0443\u0447\u0448\u0430\u044e\u0442 \u0446\u0438\u0440\u043a\u0443\u043b\u044f\u0446\u0438\u044e \u0432\u043e\u0437\u0434\u0443\u0445\u0430 \u0438 \u043f\u043e\u0432\u044b\u0448\u0430\u044e\u0442 \u043a\u043e\u043c\u0444\u043e\u0440\u0442, \u0430 \u043c\u0430\u043d\u0436\u0435\u0442\u044b \u0438\u0437 \u0442\u043e\u0439 \u0436\u0435 \u0442\u043a\u0430\u043d\u0438 \u0443\u0434\u0435\u0440\u0436\u0438\u0432\u0430\u044e\u0442 \u0440\u0443\u043a\u0430\u0432\u0430 \u0437\u0430\u043a\u0440\u044b\u0442\u044b\u043c\u0438, \u0443\u043b\u0430\u0432\u043b\u0438\u0432\u0430\u044f \u0442\u0435\u043f\u043b\u044b\u0439 \u0432\u043e\u0437\u0434\u0443\u0445 \u0438 \u043f\u0440\u0435\u0434\u043e\u0442\u0432\u0440\u0430\u0449\u0430\u044f \u043e\u0445\u043b\u0430\u0436\u0434\u0435\u043d\u0438\u0435 \u0440\u0443\u043a \u043e\u0442 \u0432\u0435\u0442\u0440\u0430. \u041c\u044f\u0433\u043a\u0430\u044f \u0444\u043b\u0438\u0441\u043e\u0432\u0430\u044f \u043f\u043e\u0434\u043a\u043b\u0430\u0434\u043a\u0430 \u0432\u043e\u0440\u043e\u0442\u043d\u0438\u043a\u0430 \u043f\u043e\u0432\u044b\u0448\u0430\u0435\u0442 \u043a\u043e\u043c\u0444\u043e\u0440\u0442 \u043f\u0440\u0438 \u043d\u043e\u0448\u0435\u043d\u0438\u0438 \u0438 \u043f\u0440\u0435\u0434\u043e\u0442\u0432\u0440\u0430\u0449\u0430\u0435\u0442 \u043d\u0430\u0442\u0438\u0440\u0430\u043d\u0438\u0435. \u041d\u0438\u0436\u043d\u0438\u0435 \u043f\u0435\u0440\u0435\u0434\u043d\u0438\u0435 \u043a\u0430\u0440\u043c\u0430\u043d\u044b \u043d\u0430 \u0444\u043b\u0438\u0441\u043e\u0432\u043e\u0439 \u043f\u043e\u0434\u043a\u043b\u0430\u0434\u043a\u0435 \u0434\u043b\u044f \u0442\u0435\u043f\u043b\u0430. \u041a\u0443\u0440\u0442\u043a\u0430 Wolfhound \u043b\u0435\u0433\u043a\u043e \u0441\u0436\u0438\u043c\u0430\u0435\u0442\u0441\u044f \u0438 \u043c\u043e\u0436\u0435\u0442 \u0431\u044b\u0442\u044c \u043f\u043b\u043e\u0442\u043d\u043e \u0443\u043f\u0430\u043a\u043e\u0432\u0430\u043d\u0430 \u0431\u0435\u0437 \u043f\u043e\u0442\u0435\u0440\u0438 \u0438\u0437\u043e\u043b\u044f\u0446\u0438\u043e\u043d\u043d\u044b\u0445 \u0441\u0432\u043e\u0439\u0441\u0442\u0432. \u041d\u0435\u0437\u0430\u043c\u0435\u0442\u043d\u0430\u044f \u043f\u0430\u043d\u0435\u043b\u044c \u043d\u0430 \u043b\u0438\u043f\u0443\u0447\u043a\u0435 \u043d\u0430 \u043b\u0435\u0432\u043e\u043c \u0432\u0435\u0440\u0445\u043d\u0435\u043c \u0440\u0443\u043a\u0430\u0432\u0435 \u043e\u0431\u0435\u0441\u043f\u0435\u0447\u0438\u0432\u0430\u0435\u0442 \u043b\u0435\u0433\u043a\u0443\u044e \u043f\u0435\u0440\u0441\u043e\u043d\u0430\u043b\u0438\u0437\u0430\u0446\u0438\u044e. \u0412\u044b\u0434\u0430\u044e\u0449\u0438\u0435\u0441\u044f \u0441\u043e\u0433\u0440\u0435\u0432\u0430\u044e\u0449\u0438\u0435 \u0441\u0432\u043e\u0439\u0441\u0442\u0432\u0430, \u0432\u044b\u0441\u043e\u043a\u0430\u044f \u0432\u043e\u0437\u0434\u0443\u0445\u043e\u043f\u0440\u043e\u043d\u0438\u0446\u0430\u0435\u043c\u043e\u0441\u0442\u044c, \u043b\u0435\u0433\u043a\u0438\u0439 \u0432\u0435\u0441 \u0438 \u0432\u044b\u0441\u043e\u043a\u0430\u044f \u0441\u0436\u0438\u043c\u0430\u0435\u043c\u043e\u0441\u0442\u044c \u2014 \u0432\u0441\u0435 \u044d\u0442\u043e \u0434\u0435\u043b\u0430\u0435\u0442 Wolfhound \u0438\u0434\u0435\u0430\u043b\u044c\u043d\u043e\u0439 \u0432\u0441\u0435\u0441\u0435\u0437\u043e\u043d\u043d\u043e\u0439 \u043e\u0434\u0435\u0436\u0434\u043e\u0439 \u0434\u043b\u044f \u0432\u0441\u0435\u0445 \u043b\u044e\u0431\u0438\u0442\u0435\u043b\u0435\u0439 \u0430\u043a\u0442\u0438\u0432\u043d\u043e\u0433\u043e \u043e\u0442\u0434\u044b\u0445\u0430 (\u0438 \u043d\u0435 \u0442\u043e\u043b\u044c\u043a\u043e).<\/p>\n<p>\u0424\u0443\u043d\u043a\u0446\u0438\u0438:<br \/>\n\u0412\u043d\u0443\u0442\u0440\u0435\u043d\u043d\u0438\u0439 \u043a\u0430\u0440\u043c\u0430\u043d \u043d\u0430 \u043c\u043e\u043b\u043d\u0438\u0438<br \/>\n\u0412\u043d\u0435\u0448\u043d\u0438\u0439 \u043d\u0430\u0433\u0440\u0443\u0434\u043d\u044b\u0439 \u043a\u0430\u0440\u043c\u0430\u043d \u043d\u0430 \u043c\u043e\u043b\u043d\u0438\u0438<br \/>\n\u041c\u043e\u043b\u043d\u0438\u0438 YKK\u00ae<br \/>\n\u041a\u043e\u043b\u044c\u0447\u0443\u0436\u043d\u0430\u044f \u043c\u043e\u043b\u043d\u0438\u044f \u0441 \u0442\u0435\u0440\u043c\u043e\u043a\u043b\u0430\u043f\u0430\u043d\u043e\u043c<br \/>\n\u041a\u043e\u043c\u043f\u0440\u0435\u0441\u0441\u0438\u043e\u043d\u043d\u044b\u0439 \u043c\u0435\u0448\u043e\u043a \u0432 \u043a\u043e\u043c\u043f\u043b\u0435\u043a\u0442\u0435<br \/>\n\u041f\u0435\u0442\u043b\u0438 \u043d\u0430 \u043b\u0435\u0432\u043e\u043c \u0440\u0443\u043a\u0430\u0432\u0435 \u0434\u043b\u044f \u043f\u0435\u0440\u0441\u043e\u043d\u0430\u043b\u0438\u0437\u0430\u0446\u0438\u0438<br \/>\n\u0412\u043e\u0440\u043e\u0442\u043d\u0438\u043a \u043d\u0430 \u0444\u043b\u0438\u0441\u043e\u0432\u043e\u0439 \u043f\u043e\u0434\u043a\u043b\u0430\u0434\u043a\u0435<br \/>\n\u041b\u0435\u0433\u043a\u0438\u0439 \u0438 \u043b\u0435\u0433\u043a\u043e \u0441\u0436\u0438\u043c\u0430\u0435\u043c\u044b\u0439<br \/>\n\u041d\u0430\u0431\u0438\u0432\u043a\u0430 Climashield\u00ae Apex\u2122 (67 \u0433\/\u043c2)<br \/>\n\u042d\u043b\u0430\u0441\u0442\u0438\u0447\u043d\u0430\u044f \u0440\u0435\u0433\u0443\u043b\u0438\u0440\u043e\u0432\u043a\u0430 \u043f\u043e \u043d\u0438\u0437\u0443 \u043a\u0443\u0440\u0442\u043a\u0438<br \/>\n\u0414\u0432\u0430 \u0432\u043d\u0435\u0448\u043d\u0438\u0445 \u043a\u0430\u0440\u043c\u0430\u043d\u0430 \u043d\u0430 \u043c\u043e\u043b\u043d\u0438\u0438 \u0432\u043d\u0438\u0437\u0443 \u043a\u0443\u0440\u0442\u043a\u0438<br \/>\n\u0411\u043e\u043b\u0435\u0435 \u0442\u043e\u043d\u043a\u0430\u044f, \u0441\u043b\u0435\u0433\u043a\u0430 \u044d\u043b\u0430\u0441\u0442\u0438\u0447\u043d\u0430\u044f \u0442\u043a\u0430\u043d\u044c VersaStretch\u00ae \u0432 \u043e\u0431\u043b\u0430\u0441\u0442\u0438 \u043f\u043e\u0434\u043c\u044b\u0448\u0435\u043a \u0438 \u043d\u0430 \u043c\u0430\u043d\u0436\u0435\u0442\u0430\u0445.<\/p>\n","protected":false},"excerpt":{"rendered":"<p>\u0412\u0441\u044f\u043a\u0438\u0439 \u0440\u0430\u0437, \u043a\u043e\u0433\u0434\u0430 \u043d\u0435\u043e\u0431\u0445\u043e\u0434\u0438\u043c \u043b\u0435\u0433\u043a\u0438\u0439 \u0441\u043e\u0433\u0440\u0435\u0432\u0430\u044e\u0449\u0438\u0439 \u0441\u043b\u043e\u0439, \u0430 \u0444\u043b\u0438\u0441 \u043d\u0435 \u043f\u043e\u0434\u0445\u043e\u0434\u0438\u0442, \u043d\u0430 \u043f\u043e\u043c\u043e\u0449\u044c \u043f\u0440\u0438\u0434\u0435\u0442 Wolfound. \u042d\u0442\u0430 \u043b\u0435\u0433\u043a\u0430\u044f \u043a\u0443\u0440\u0442\u043a\u0430 \u0431\u044b\u043b\u0430 \u0440\u0430\u0437\u0440\u0430\u0431\u043e\u0442\u0430\u043d\u0430 \u043a\u0430\u043a \u0438\u0437\u043e\u043b\u044f\u0446\u0438\u043e\u043d\u043d\u044b\u0439 \u0441\u043b\u043e\u0439, \u043b\u0438\u0431\u043e \u043e\u0442\u0434\u0435\u043b\u044c\u043d\u044b\u0439, \u043b\u0438\u0431\u043e \u0432 \u0441\u043e\u0447\u0435\u0442\u0430\u043d\u0438\u0438 \u0441 \u043a\u0430\u043a\u0438\u043c-\u043b\u0438\u0431\u043e \u0432\u043d\u0435\u0448\u043d\u0438\u043c \u0441\u043b\u043e\u0435\u043c. Climashield\u00ae Apex\u2122 \u0438\u0437\u043e\u043b\u044f\u0446\u0438\u044f (\u0442\u0430\u043a\u0430\u044f \u0436\u0435, \u043a\u0430\u043a \u0432 \u043a\u0443\u0440\u0442\u043a\u0435 \u0443\u0440\u043e\u0432\u043d\u044f 7) \u0441\u043e\u0445\u0440\u0430\u043d\u044f\u0435\u0442 \u0442\u0435\u043f\u043b\u043e \u0432 \u043b\u044e\u0431\u044b\u0445 \u0443\u0441\u043b\u043e\u0432\u0438\u044f\u0445. \u0412\u043e \u0432\u043b\u0430\u0436\u043d\u043e\u043c \u0441\u043e\u0441\u0442\u043e\u044f\u043d\u0438\u0438 \u043c\u043e\u043b\u043d\u0438\u0435\u043d\u043e\u0441\u043d\u043e \u0432\u044b\u0441\u044b\u0445\u0430\u0435\u0442. \u0412\u043d\u0435\u0448\u043d\u044f\u044f \u043d\u0435\u0439\u043b\u043e\u043d\u043e\u0432\u0430\u044f \u043e\u0431\u043e\u043b\u043e\u0447\u043a\u0430 [&#8230;]\n","protected":false},"featured_media":22036,"comment_status":"open","ping_status":"closed","template":"","meta":{"_acf_changed":false},"product_brand":[],"product_cat":[344,592],"product_tag":[],"class_list":{"0":"post-22064","1":"product","2":"type-product","3":"status-publish","4":"has-post-thumbnail","6":"product_cat-344","7":"product_cat-odezda","9":"first","10":"instock","11":"taxable","12":"shipping-taxable","13":"purchasable","14":"product-type-variable"},"acf":[],"yoast_head":"<!-- This site is optimized with the Yoast SEO plugin v27.4 - https:\/\/yoast.com\/product\/yoast-seo-wordpress\/ -->\n<title>HELIKON-TEX \u041a\u0423\u0420\u0422\u041a\u0410 WOLFHOUND JACKET (\u0427\u0401\u0420\u041d\u0410\u042f) - MILBAZA \u2013 viss akt\u012bvai atp\u016btai<\/title>\n<meta name=\"description\" content=\"\u041a\u0443\u043f\u0438\u0442\u044c HELIKON-TEX \u041a\u0423\u0420\u0422\u041a\u0410 WOLFHOUND JACKET (\u0427\u0401\u0420\u041d\u0410\u042f) \u043f\u043e \u0432\u044b\u0433\u043e\u0434\u043d\u043e\u0439 \u0446\u0435\u043d\u0435 \u0441 \u0434\u043e\u0441\u0442\u0430\u0432\u043a\u043e\u0439. \u0418\u043d\u0442\u0435\u0440\u043d\u0435\u0442-\u043c\u0430\u0433\u0430\u0437\u0438\u043d \u0442\u0443\u0440\u0438\u0441\u0442\u0438\u0447\u0435\u0441\u043a\u0438\u0445 \u0442\u043e\u0432\u0430\u0440\u043e\u0432, \u0437\u0430\u043a\u0430\u0437\u044b\u0432\u0430\u0439\u0442\u0435 \u043e\u043d\u043b\u0430\u0439\u043d 24\/7!\" \/>\n<meta name=\"robots\" content=\"index, follow, max-snippet:-1, max-image-preview:large, max-video-preview:-1\" \/>\n<link rel=\"canonical\" href=\"https:\/\/milbaza.lv\/ru\/produkts\/helokon-tex-%d0%ba%d1%83%d1%80%d1%82%d0%ba%d0%b0-wolfhound-jacket-%d1%87%d1%91%d1%80%d0%bd%d0%b0%d1%8f\/\" \/>\n<meta property=\"og:locale\" content=\"ru_RU\" \/>\n<meta property=\"og:type\" content=\"article\" \/>\n<meta property=\"og:title\" content=\"HELIKON-TEX \u041a\u0423\u0420\u0422\u041a\u0410 WOLFHOUND JACKET (\u0427\u0401\u0420\u041d\u0410\u042f) - MILBAZA \u2013 viss akt\u012bvai atp\u016btai\" \/>\n<meta property=\"og:description\" content=\"\u041a\u0443\u043f\u0438\u0442\u044c HELIKON-TEX \u041a\u0423\u0420\u0422\u041a\u0410 WOLFHOUND JACKET (\u0427\u0401\u0420\u041d\u0410\u042f) \u043f\u043e \u0432\u044b\u0433\u043e\u0434\u043d\u043e\u0439 \u0446\u0435\u043d\u0435 \u0441 \u0434\u043e\u0441\u0442\u0430\u0432\u043a\u043e\u0439. \u0418\u043d\u0442\u0435\u0440\u043d\u0435\u0442-\u043c\u0430\u0433\u0430\u0437\u0438\u043d \u0442\u0443\u0440\u0438\u0441\u0442\u0438\u0447\u0435\u0441\u043a\u0438\u0445 \u0442\u043e\u0432\u0430\u0440\u043e\u0432, \u0437\u0430\u043a\u0430\u0437\u044b\u0432\u0430\u0439\u0442\u0435 \u043e\u043d\u043b\u0430\u0439\u043d 24\/7!\" \/>\n<meta property=\"og:url\" content=\"https:\/\/milbaza.lv\/ru\/produkts\/helokon-tex-%d0%ba%d1%83%d1%80%d1%82%d0%ba%d0%b0-wolfhound-jacket-%d1%87%d1%91%d1%80%d0%bd%d0%b0%d1%8f\/\" \/>\n<meta property=\"og:site_name\" content=\"MILBAZA \u2013 viss akt\u012bvai atp\u016btai\" \/>\n<meta property=\"article:publisher\" content=\"https:\/\/www.facebook.com\/profile.php?id=100075399152223\" \/>\n<meta property=\"article:modified_time\" content=\"2022-11-19T10:31:54+00:00\" \/>\n<meta property=\"og:image\" content=\"https:\/\/milbaza.lv\/wp-content\/uploads\/2022\/10\/KU-WLF-NL-01.jpeg\" \/>\n\t<meta property=\"og:image:width\" content=\"1500\" \/>\n\t<meta property=\"og:image:height\" content=\"1500\" \/>\n\t<meta property=\"og:image:type\" content=\"image\/jpeg\" \/>\n<meta name=\"twitter:card\" content=\"summary_large_image\" \/>\n<script type=\"application\/ld+json\" class=\"yoast-schema-graph\">{\"@context\":\"https:\\\/\\\/schema.org\",\"@graph\":[{\"@type\":\"WebPage\",\"@id\":\"https:\\\/\\\/milbaza.lv\\\/ru\\\/produkts\\\/helokon-tex-%d0%ba%d1%83%d1%80%d1%82%d0%ba%d0%b0-wolfhound-jacket-%d1%87%d1%91%d1%80%d0%bd%d0%b0%d1%8f\\\/\",\"url\":\"https:\\\/\\\/milbaza.lv\\\/ru\\\/produkts\\\/helokon-tex-%d0%ba%d1%83%d1%80%d1%82%d0%ba%d0%b0-wolfhound-jacket-%d1%87%d1%91%d1%80%d0%bd%d0%b0%d1%8f\\\/\",\"name\":\"HELIKON-TEX \u041a\u0423\u0420\u0422\u041a\u0410 WOLFHOUND JACKET (\u0427\u0401\u0420\u041d\u0410\u042f) - MILBAZA \u2013 viss akt\u012bvai atp\u016btai\",\"isPartOf\":{\"@id\":\"https:\\\/\\\/milbaza.lv\\\/ru\\\/#website\"},\"primaryImageOfPage\":{\"@id\":\"https:\\\/\\\/milbaza.lv\\\/ru\\\/produkts\\\/helokon-tex-%d0%ba%d1%83%d1%80%d1%82%d0%ba%d0%b0-wolfhound-jacket-%d1%87%d1%91%d1%80%d0%bd%d0%b0%d1%8f\\\/#primaryimage\"},\"image\":{\"@id\":\"https:\\\/\\\/milbaza.lv\\\/ru\\\/produkts\\\/helokon-tex-%d0%ba%d1%83%d1%80%d1%82%d0%ba%d0%b0-wolfhound-jacket-%d1%87%d1%91%d1%80%d0%bd%d0%b0%d1%8f\\\/#primaryimage\"},\"thumbnailUrl\":\"https:\\\/\\\/milbaza.lv\\\/wp-content\\\/uploads\\\/2022\\\/10\\\/KU-WLF-NL-01.jpeg\",\"datePublished\":\"2022-11-19T10:31:53+00:00\",\"dateModified\":\"2022-11-19T10:31:54+00:00\",\"description\":\"\u041a\u0443\u043f\u0438\u0442\u044c HELIKON-TEX \u041a\u0423\u0420\u0422\u041a\u0410 WOLFHOUND JACKET (\u0427\u0401\u0420\u041d\u0410\u042f) \u043f\u043e \u0432\u044b\u0433\u043e\u0434\u043d\u043e\u0439 \u0446\u0435\u043d\u0435 \u0441 \u0434\u043e\u0441\u0442\u0430\u0432\u043a\u043e\u0439. \u0418\u043d\u0442\u0435\u0440\u043d\u0435\u0442-\u043c\u0430\u0433\u0430\u0437\u0438\u043d \u0442\u0443\u0440\u0438\u0441\u0442\u0438\u0447\u0435\u0441\u043a\u0438\u0445 \u0442\u043e\u0432\u0430\u0440\u043e\u0432, \u0437\u0430\u043a\u0430\u0437\u044b\u0432\u0430\u0439\u0442\u0435 \u043e\u043d\u043b\u0430\u0439\u043d 24\\\/7!\",\"breadcrumb\":{\"@id\":\"https:\\\/\\\/milbaza.lv\\\/ru\\\/produkts\\\/helokon-tex-%d0%ba%d1%83%d1%80%d1%82%d0%ba%d0%b0-wolfhound-jacket-%d1%87%d1%91%d1%80%d0%bd%d0%b0%d1%8f\\\/#breadcrumb\"},\"inLanguage\":\"ru-RU\",\"potentialAction\":[{\"@type\":\"ReadAction\",\"target\":[\"https:\\\/\\\/milbaza.lv\\\/ru\\\/produkts\\\/helokon-tex-%d0%ba%d1%83%d1%80%d1%82%d0%ba%d0%b0-wolfhound-jacket-%d1%87%d1%91%d1%80%d0%bd%d0%b0%d1%8f\\\/\"]}]},{\"@type\":\"ImageObject\",\"inLanguage\":\"ru-RU\",\"@id\":\"https:\\\/\\\/milbaza.lv\\\/ru\\\/produkts\\\/helokon-tex-%d0%ba%d1%83%d1%80%d1%82%d0%ba%d0%b0-wolfhound-jacket-%d1%87%d1%91%d1%80%d0%bd%d0%b0%d1%8f\\\/#primaryimage\",\"url\":\"https:\\\/\\\/milbaza.lv\\\/wp-content\\\/uploads\\\/2022\\\/10\\\/KU-WLF-NL-01.jpeg\",\"contentUrl\":\"https:\\\/\\\/milbaza.lv\\\/wp-content\\\/uploads\\\/2022\\\/10\\\/KU-WLF-NL-01.jpeg\",\"width\":1500,\"height\":1500},{\"@type\":\"BreadcrumbList\",\"@id\":\"https:\\\/\\\/milbaza.lv\\\/ru\\\/produkts\\\/helokon-tex-%d0%ba%d1%83%d1%80%d1%82%d0%ba%d0%b0-wolfhound-jacket-%d1%87%d1%91%d1%80%d0%bd%d0%b0%d1%8f\\\/#breadcrumb\",\"itemListElement\":[{\"@type\":\"ListItem\",\"position\":1,\"name\":\"Home\",\"item\":\"https:\\\/\\\/milbaza.lv\\\/ru\\\/\"},{\"@type\":\"ListItem\",\"position\":2,\"name\":\"\u041c\u0430\u0433\u0430\u0437\u0438\u043d\",\"item\":\"https:\\\/\\\/milbaza.lv\\\/ru\\\/%d0%bc%d0%b0%d0%b3%d0%b0%d0%b7%d0%b8%d0%bd\\\/\"},{\"@type\":\"ListItem\",\"position\":3,\"name\":\"HELIKON-TEX \u041a\u0423\u0420\u0422\u041a\u0410 WOLFHOUND JACKET (\u0427\u0401\u0420\u041d\u0410\u042f)\"}]},{\"@type\":\"WebSite\",\"@id\":\"https:\\\/\\\/milbaza.lv\\\/ru\\\/#website\",\"url\":\"https:\\\/\\\/milbaza.lv\\\/ru\\\/\",\"name\":\"MILBAZA \u2013 viss akt\u012bvai atp\u016btai\",\"description\":\"Viss akt\u012bvai atp\u016btai\",\"publisher\":{\"@id\":\"https:\\\/\\\/milbaza.lv\\\/ru\\\/#organization\"},\"potentialAction\":[{\"@type\":\"SearchAction\",\"target\":{\"@type\":\"EntryPoint\",\"urlTemplate\":\"https:\\\/\\\/milbaza.lv\\\/ru\\\/?s={search_term_string}\"},\"query-input\":{\"@type\":\"PropertyValueSpecification\",\"valueRequired\":true,\"valueName\":\"search_term_string\"}}],\"inLanguage\":\"ru-RU\"},{\"@type\":\"Organization\",\"@id\":\"https:\\\/\\\/milbaza.lv\\\/ru\\\/#organization\",\"name\":\"Milbaza\",\"url\":\"https:\\\/\\\/milbaza.lv\\\/ru\\\/\",\"logo\":{\"@type\":\"ImageObject\",\"inLanguage\":\"ru-RU\",\"@id\":\"https:\\\/\\\/milbaza.lv\\\/ru\\\/#\\\/schema\\\/logo\\\/image\\\/\",\"url\":\"https:\\\/\\\/milbaza.lv\\\/wp-content\\\/uploads\\\/2021\\\/11\\\/Mil_BAZA_logo3.png\",\"contentUrl\":\"https:\\\/\\\/milbaza.lv\\\/wp-content\\\/uploads\\\/2021\\\/11\\\/Mil_BAZA_logo3.png\",\"width\":564,\"height\":226,\"caption\":\"Milbaza\"},\"image\":{\"@id\":\"https:\\\/\\\/milbaza.lv\\\/ru\\\/#\\\/schema\\\/logo\\\/image\\\/\"},\"sameAs\":[\"https:\\\/\\\/www.facebook.com\\\/profile.php?id=100075399152223\",\"https:\\\/\\\/www.instagram.com\\\/milbaza.lv\\\/\",\"https:\\\/\\\/www.pinterest.com\\\/milbaza\\\/_saved\\\/\",\"https:\\\/\\\/www.youtube.com\\\/channel\\\/UCrPXltd8hsNIiGAKc37hGfQ\"]}]}<\/script>\n<!-- \/ Yoast SEO plugin. -->","yoast_head_json":{"title":"HELIKON-TEX \u041a\u0423\u0420\u0422\u041a\u0410 WOLFHOUND JACKET (\u0427\u0401\u0420\u041d\u0410\u042f) - MILBAZA \u2013 viss akt\u012bvai atp\u016btai","description":"\u041a\u0443\u043f\u0438\u0442\u044c HELIKON-TEX \u041a\u0423\u0420\u0422\u041a\u0410 WOLFHOUND JACKET (\u0427\u0401\u0420\u041d\u0410\u042f) \u043f\u043e \u0432\u044b\u0433\u043e\u0434\u043d\u043e\u0439 \u0446\u0435\u043d\u0435 \u0441 \u0434\u043e\u0441\u0442\u0430\u0432\u043a\u043e\u0439. \u0418\u043d\u0442\u0435\u0440\u043d\u0435\u0442-\u043c\u0430\u0433\u0430\u0437\u0438\u043d \u0442\u0443\u0440\u0438\u0441\u0442\u0438\u0447\u0435\u0441\u043a\u0438\u0445 \u0442\u043e\u0432\u0430\u0440\u043e\u0432, \u0437\u0430\u043a\u0430\u0437\u044b\u0432\u0430\u0439\u0442\u0435 \u043e\u043d\u043b\u0430\u0439\u043d 24\/7!","robots":{"index":"index","follow":"follow","max-snippet":"max-snippet:-1","max-image-preview":"max-image-preview:large","max-video-preview":"max-video-preview:-1"},"canonical":"https:\/\/milbaza.lv\/ru\/produkts\/helokon-tex-%d0%ba%d1%83%d1%80%d1%82%d0%ba%d0%b0-wolfhound-jacket-%d1%87%d1%91%d1%80%d0%bd%d0%b0%d1%8f\/","og_locale":"ru_RU","og_type":"article","og_title":"HELIKON-TEX \u041a\u0423\u0420\u0422\u041a\u0410 WOLFHOUND JACKET (\u0427\u0401\u0420\u041d\u0410\u042f) - MILBAZA \u2013 viss akt\u012bvai atp\u016btai","og_description":"\u041a\u0443\u043f\u0438\u0442\u044c HELIKON-TEX \u041a\u0423\u0420\u0422\u041a\u0410 WOLFHOUND JACKET (\u0427\u0401\u0420\u041d\u0410\u042f) \u043f\u043e \u0432\u044b\u0433\u043e\u0434\u043d\u043e\u0439 \u0446\u0435\u043d\u0435 \u0441 \u0434\u043e\u0441\u0442\u0430\u0432\u043a\u043e\u0439. \u0418\u043d\u0442\u0435\u0440\u043d\u0435\u0442-\u043c\u0430\u0433\u0430\u0437\u0438\u043d \u0442\u0443\u0440\u0438\u0441\u0442\u0438\u0447\u0435\u0441\u043a\u0438\u0445 \u0442\u043e\u0432\u0430\u0440\u043e\u0432, \u0437\u0430\u043a\u0430\u0437\u044b\u0432\u0430\u0439\u0442\u0435 \u043e\u043d\u043b\u0430\u0439\u043d 24\/7!","og_url":"https:\/\/milbaza.lv\/ru\/produkts\/helokon-tex-%d0%ba%d1%83%d1%80%d1%82%d0%ba%d0%b0-wolfhound-jacket-%d1%87%d1%91%d1%80%d0%bd%d0%b0%d1%8f\/","og_site_name":"MILBAZA \u2013 viss akt\u012bvai atp\u016btai","article_publisher":"https:\/\/www.facebook.com\/profile.php?id=100075399152223","article_modified_time":"2022-11-19T10:31:54+00:00","og_image":[{"width":1500,"height":1500,"url":"https:\/\/milbaza.lv\/wp-content\/uploads\/2022\/10\/KU-WLF-NL-01.jpeg","type":"image\/jpeg"}],"twitter_card":"summary_large_image","schema":{"@context":"https:\/\/schema.org","@graph":[{"@type":"WebPage","@id":"https:\/\/milbaza.lv\/ru\/produkts\/helokon-tex-%d0%ba%d1%83%d1%80%d1%82%d0%ba%d0%b0-wolfhound-jacket-%d1%87%d1%91%d1%80%d0%bd%d0%b0%d1%8f\/","url":"https:\/\/milbaza.lv\/ru\/produkts\/helokon-tex-%d0%ba%d1%83%d1%80%d1%82%d0%ba%d0%b0-wolfhound-jacket-%d1%87%d1%91%d1%80%d0%bd%d0%b0%d1%8f\/","name":"HELIKON-TEX \u041a\u0423\u0420\u0422\u041a\u0410 WOLFHOUND JACKET (\u0427\u0401\u0420\u041d\u0410\u042f) - MILBAZA \u2013 viss akt\u012bvai atp\u016btai","isPartOf":{"@id":"https:\/\/milbaza.lv\/ru\/#website"},"primaryImageOfPage":{"@id":"https:\/\/milbaza.lv\/ru\/produkts\/helokon-tex-%d0%ba%d1%83%d1%80%d1%82%d0%ba%d0%b0-wolfhound-jacket-%d1%87%d1%91%d1%80%d0%bd%d0%b0%d1%8f\/#primaryimage"},"image":{"@id":"https:\/\/milbaza.lv\/ru\/produkts\/helokon-tex-%d0%ba%d1%83%d1%80%d1%82%d0%ba%d0%b0-wolfhound-jacket-%d1%87%d1%91%d1%80%d0%bd%d0%b0%d1%8f\/#primaryimage"},"thumbnailUrl":"https:\/\/milbaza.lv\/wp-content\/uploads\/2022\/10\/KU-WLF-NL-01.jpeg","datePublished":"2022-11-19T10:31:53+00:00","dateModified":"2022-11-19T10:31:54+00:00","description":"\u041a\u0443\u043f\u0438\u0442\u044c HELIKON-TEX \u041a\u0423\u0420\u0422\u041a\u0410 WOLFHOUND JACKET (\u0427\u0401\u0420\u041d\u0410\u042f) \u043f\u043e \u0432\u044b\u0433\u043e\u0434\u043d\u043e\u0439 \u0446\u0435\u043d\u0435 \u0441 \u0434\u043e\u0441\u0442\u0430\u0432\u043a\u043e\u0439. \u0418\u043d\u0442\u0435\u0440\u043d\u0435\u0442-\u043c\u0430\u0433\u0430\u0437\u0438\u043d \u0442\u0443\u0440\u0438\u0441\u0442\u0438\u0447\u0435\u0441\u043a\u0438\u0445 \u0442\u043e\u0432\u0430\u0440\u043e\u0432, \u0437\u0430\u043a\u0430\u0437\u044b\u0432\u0430\u0439\u0442\u0435 \u043e\u043d\u043b\u0430\u0439\u043d 24\/7!","breadcrumb":{"@id":"https:\/\/milbaza.lv\/ru\/produkts\/helokon-tex-%d0%ba%d1%83%d1%80%d1%82%d0%ba%d0%b0-wolfhound-jacket-%d1%87%d1%91%d1%80%d0%bd%d0%b0%d1%8f\/#breadcrumb"},"inLanguage":"ru-RU","potentialAction":[{"@type":"ReadAction","target":["https:\/\/milbaza.lv\/ru\/produkts\/helokon-tex-%d0%ba%d1%83%d1%80%d1%82%d0%ba%d0%b0-wolfhound-jacket-%d1%87%d1%91%d1%80%d0%bd%d0%b0%d1%8f\/"]}]},{"@type":"ImageObject","inLanguage":"ru-RU","@id":"https:\/\/milbaza.lv\/ru\/produkts\/helokon-tex-%d0%ba%d1%83%d1%80%d1%82%d0%ba%d0%b0-wolfhound-jacket-%d1%87%d1%91%d1%80%d0%bd%d0%b0%d1%8f\/#primaryimage","url":"https:\/\/milbaza.lv\/wp-content\/uploads\/2022\/10\/KU-WLF-NL-01.jpeg","contentUrl":"https:\/\/milbaza.lv\/wp-content\/uploads\/2022\/10\/KU-WLF-NL-01.jpeg","width":1500,"height":1500},{"@type":"BreadcrumbList","@id":"https:\/\/milbaza.lv\/ru\/produkts\/helokon-tex-%d0%ba%d1%83%d1%80%d1%82%d0%ba%d0%b0-wolfhound-jacket-%d1%87%d1%91%d1%80%d0%bd%d0%b0%d1%8f\/#breadcrumb","itemListElement":[{"@type":"ListItem","position":1,"name":"Home","item":"https:\/\/milbaza.lv\/ru\/"},{"@type":"ListItem","position":2,"name":"\u041c\u0430\u0433\u0430\u0437\u0438\u043d","item":"https:\/\/milbaza.lv\/ru\/%d0%bc%d0%b0%d0%b3%d0%b0%d0%b7%d0%b8%d0%bd\/"},{"@type":"ListItem","position":3,"name":"HELIKON-TEX \u041a\u0423\u0420\u0422\u041a\u0410 WOLFHOUND JACKET (\u0427\u0401\u0420\u041d\u0410\u042f)"}]},{"@type":"WebSite","@id":"https:\/\/milbaza.lv\/ru\/#website","url":"https:\/\/milbaza.lv\/ru\/","name":"MILBAZA \u2013 viss akt\u012bvai atp\u016btai","description":"Viss akt\u012bvai atp\u016btai","publisher":{"@id":"https:\/\/milbaza.lv\/ru\/#organization"},"potentialAction":[{"@type":"SearchAction","target":{"@type":"EntryPoint","urlTemplate":"https:\/\/milbaza.lv\/ru\/?s={search_term_string}"},"query-input":{"@type":"PropertyValueSpecification","valueRequired":true,"valueName":"search_term_string"}}],"inLanguage":"ru-RU"},{"@type":"Organization","@id":"https:\/\/milbaza.lv\/ru\/#organization","name":"Milbaza","url":"https:\/\/milbaza.lv\/ru\/","logo":{"@type":"ImageObject","inLanguage":"ru-RU","@id":"https:\/\/milbaza.lv\/ru\/#\/schema\/logo\/image\/","url":"https:\/\/milbaza.lv\/wp-content\/uploads\/2021\/11\/Mil_BAZA_logo3.png","contentUrl":"https:\/\/milbaza.lv\/wp-content\/uploads\/2021\/11\/Mil_BAZA_logo3.png","width":564,"height":226,"caption":"Milbaza"},"image":{"@id":"https:\/\/milbaza.lv\/ru\/#\/schema\/logo\/image\/"},"sameAs":["https:\/\/www.facebook.com\/profile.php?id=100075399152223","https:\/\/www.instagram.com\/milbaza.lv\/","https:\/\/www.pinterest.com\/milbaza\/_saved\/","https:\/\/www.youtube.com\/channel\/UCrPXltd8hsNIiGAKc37hGfQ"]}]}},"_links":{"self":[{"href":"https:\/\/milbaza.lv\/ru\/wp-json\/wp\/v2\/product\/22064","targetHints":{"allow":["GET"]}}],"collection":[{"href":"https:\/\/milbaza.lv\/ru\/wp-json\/wp\/v2\/product"}],"about":[{"href":"https:\/\/milbaza.lv\/ru\/wp-json\/wp\/v2\/types\/product"}],"replies":[{"embeddable":true,"href":"https:\/\/milbaza.lv\/ru\/wp-json\/wp\/v2\/comments?post=22064"}],"wp:featuredmedia":[{"embeddable":true,"href":"https:\/\/milbaza.lv\/ru\/wp-json\/wp\/v2\/media\/22036"}],"wp:attachment":[{"href":"https:\/\/milbaza.lv\/ru\/wp-json\/wp\/v2\/media?parent=22064"}],"wp:term":[{"taxonomy":"product_brand","embeddable":true,"href":"https:\/\/milbaza.lv\/ru\/wp-json\/wp\/v2\/product_brand?post=22064"},{"taxonomy":"product_cat","embeddable":true,"href":"https:\/\/milbaza.lv\/ru\/wp-json\/wp\/v2\/product_cat?post=22064"},{"taxonomy":"product_tag","embeddable":true,"href":"https:\/\/milbaza.lv\/ru\/wp-json\/wp\/v2\/product_tag?post=22064"}],"curies":[{"name":"wp","href":"https:\/\/api.w.org\/{rel}","templated":true}]}}