{"id":2260,"date":"2022-01-14T13:46:11","date_gmt":"2022-01-14T11:46:11","guid":{"rendered":"https:\/\/milbaza.lv\/?post_type=product&#038;p=2260"},"modified":"2026-05-06T11:53:50","modified_gmt":"2026-05-06T08:53:50","slug":"cepure-helikon-tex-range-beanie-cap-grid-fleece-melna","status":"publish","type":"product","link":"https:\/\/milbaza.lv\/ru\/produkts\/cepure-helikon-tex-range-beanie-cap-grid-fleece-melna\/","title":{"rendered":"Cepure Helikon-Tex RANGE Beanie Cap\u00ae &#8211; Grid Fleece"},"content":{"rendered":"<p><span class=\"JLqJ4b ChMk0b\" style=\"color: #333333; font-size: 14.4px;\" data-language-for-alternatives=\"lv\" data-language-to-translate-into=\"en\" data-phrase-index=\"0\" data-number-of-phrases=\"19\">RANGE Beanie\u00ae cepures dizains ir balst\u012bts uz slavenas USMC cepures.<\/span><span style=\"color: #333333; font-size: 14.4px;\"> Cepures<\/span><span class=\"JLqJ4b ChMk0b\" style=\"color: #333333; font-size: 14.4px;\" data-language-for-alternatives=\"lv\" data-language-to-translate-into=\"en\" data-phrase-index=\"2\" data-number-of-phrases=\"19\"> priek\u0161pus\u0113 un aizmugur\u0113 ir divi m\u012bksta vel\u016bra Velcro pane\u013ci uz\u0161\u016bv\u0113m.<\/span><span style=\"color: #333333; font-size: 14.4px;\"> Cepures<\/span><span class=\"JLqJ4b ChMk0b\" style=\"color: #333333; font-size: 14.4px;\" data-language-for-alternatives=\"lv\" data-language-to-translate-into=\"en\" data-phrase-index=\"3\" data-number-of-phrases=\"19\"> aug\u0161pus\u0113 ir mazs vel\u016bra kvadr\u0101ts IFF uz\u0161\u016bvei.<\/span><span style=\"color: #333333; font-size: 14.4px;\"> A<\/span><span class=\"JLqJ4b ChMk0b\" style=\"color: #333333; font-size: 14.4px;\" data-language-for-alternatives=\"lv\" data-language-to-translate-into=\"en\" data-phrase-index=\"4\" data-number-of-phrases=\"19\">izmugur\u0113 ir neliela kabata ar r\u0101v\u0113jsl\u0113dz\u0113ju ausu aizb\u0101\u017e\u0146iem vai citiem l\u012bdz\u012bgi maziem priek\u0161metiem.<\/span> <span class=\"JLqJ4b ChMk0b\" style=\"color: #333333; font-size: 14.4px;\" data-language-for-alternatives=\"lv\" data-language-to-translate-into=\"en\" data-phrase-index=\"5\" data-number-of-phrases=\"19\">Aizmugur\u0113, tie\u0161i zem Velcro, ir auklas cilpa, kas \u013cauj uzkarin\u0101t cepuri uz karab\u012bnes.<\/span> <span class=\"JLqJ4b ChMk0b\" style=\"color: #333333; font-size: 14.4px;\" data-language-for-alternatives=\"lv\" data-language-to-translate-into=\"en\" data-phrase-index=\"6\" data-number-of-phrases=\"19\">Pateicoties cepures mazajiem izm\u0113riem, to vienm\u0113r var n\u0113s\u0101t l\u012bdzi somi\u0146\u0101.<\/span><\/p>\n<div class=\"dePhmb\">\n<div class=\"eyKpYb\" data-language=\"lv\" data-original-language=\"en\" data-result-index=\"0\">\n<div><\/div>\n<div class=\"J0lOec\"><span class=\"VIiyi\" lang=\"lv\"><span class=\"JLqJ4b ChMk0b\" data-language-for-alternatives=\"lv\" data-language-to-translate-into=\"en\" data-phrase-index=\"8\" data-number-of-phrases=\"19\">\u012apa\u0161\u012bbas<\/span><\/span><span class=\"VIiyi\" lang=\"lv\"><span class=\"JLqJ4b ChMk0b\" data-language-for-alternatives=\"lv\" data-language-to-translate-into=\"en\" data-phrase-index=\"8\" data-number-of-phrases=\"19\">:<\/span> <\/span><\/div>\n<ul>\n<li class=\"J0lOec\"><span class=\"VIiyi\" lang=\"lv\"><span class=\"JLqJ4b ChMk0b\" data-language-for-alternatives=\"lv\" data-language-to-translate-into=\"en\" data-phrase-index=\"10\" data-number-of-phrases=\"19\">Neliels vel\u016bra panelis IFF uz\u0161uvei aug\u0161pus\u0113<\/span> <\/span><\/li>\n<li class=\"J0lOec\"><span class=\"VIiyi\" lang=\"lv\"><span class=\"JLqJ4b ChMk0b\" data-language-for-alternatives=\"lv\" data-language-to-translate-into=\"en\" data-phrase-index=\"12\" data-number-of-phrases=\"19\">Auklas cilpa aizmugur\u0113 cepures piekarin\u0101\u0161anai uz karab\u012bnes<\/span> <\/span><\/li>\n<li class=\"J0lOec\"><span class=\"VIiyi\" lang=\"lv\"><span class=\"JLqJ4b ChMk0b\" data-language-for-alternatives=\"lv\" data-language-to-translate-into=\"en\" data-phrase-index=\"14\" data-number-of-phrases=\"19\">Maza kabata aizmugur\u0113 ausu aizb\u0101\u017e\u0146iem<\/span> <\/span><\/li>\n<li class=\"J0lOec\"><span class=\"VIiyi\" lang=\"lv\"><span class=\"JLqJ4b ChMk0b\" data-language-for-alternatives=\"lv\" data-language-to-translate-into=\"en\" data-phrase-index=\"18\" data-number-of-phrases=\"19\">VELCRO pane\u013ci priek\u0161pus\u0113 un aizmugur\u0113 personaliz\u0113\u0161anai<\/span><\/span><\/li>\n<\/ul>\n<\/div>\n<\/div>\n","protected":false},"excerpt":{"rendered":"<p>RANGE Beanie\u00ae cepures dizains ir balst\u012bts uz slavenas USMC cepures. Cepures priek\u0161pus\u0113 un aizmugur\u0113 ir divi m\u012bksta vel\u016bra Velcro pane\u013ci uz\u0161\u016bv\u0113m. Cepures aug\u0161pus\u0113 ir mazs vel\u016bra kvadr\u0101ts IFF uz\u0161\u016bvei. Aizmugur\u0113 ir neliela kabata ar r\u0101v\u0113jsl\u0113dz\u0113ju ausu aizb\u0101\u017e\u0146iem vai citiem l\u012bdz\u012bgi maziem priek\u0161metiem. Aizmugur\u0113, tie\u0161i zem Velcro, ir auklas cilpa, kas \u013cauj uzkarin\u0101t cepuri uz karab\u012bnes. [&#8230;]\n","protected":false},"featured_media":3702,"comment_status":"open","ping_status":"closed","template":"","meta":{"_acf_changed":false},"product_brand":[],"product_cat":[24,160,417],"product_tag":[],"class_list":{"0":"post-2260","1":"product","2":"type-product","3":"status-publish","4":"has-post-thumbnail","6":"product_cat-apgerbi","7":"product_cat-cepures-galvassegas","8":"product_cat-ziemas-cepures","10":"first","11":"instock","12":"taxable","13":"shipping-taxable","14":"purchasable","15":"product-type-variable","16":"has-default-attributes"},"acf":[],"yoast_head":"<!-- This site is optimized with the Yoast SEO plugin v27.4 - https:\/\/yoast.com\/product\/yoast-seo-wordpress\/ -->\n<title>Cepure Helikon-Tex RANGE Beanie Cap\u00ae - Grid Fleece - MILBAZA<\/title>\n<meta name=\"description\" content=\"Nopirkt Cepure Helikon-Tex RANGE Beanie Cap\u00ae - Grid Fleece, izdev\u012bga cena un pieg\u0101de.\" \/>\n<meta name=\"robots\" content=\"index, follow, max-snippet:-1, max-image-preview:large, max-video-preview:-1\" \/>\n<link rel=\"canonical\" href=\"https:\/\/milbaza.lv\/ru\/produkts\/cepure-helikon-tex-range-beanie-cap-grid-fleece-melna\/\" \/>\n<meta property=\"og:locale\" content=\"ru_RU\" \/>\n<meta property=\"og:type\" content=\"article\" \/>\n<meta property=\"og:title\" content=\"Cepure Helikon-Tex RANGE Beanie Cap\u00ae - Grid Fleece - MILBAZA\" \/>\n<meta property=\"og:description\" content=\"Nopirkt Cepure Helikon-Tex RANGE Beanie Cap\u00ae - Grid Fleece, izdev\u012bga cena un pieg\u0101de.\" \/>\n<meta property=\"og:url\" content=\"https:\/\/milbaza.lv\/ru\/produkts\/cepure-helikon-tex-range-beanie-cap-grid-fleece-melna\/\" \/>\n<meta property=\"og:site_name\" content=\"MILBAZA \u2013 viss akt\u012bvai atp\u016btai\" \/>\n<meta property=\"article:publisher\" content=\"https:\/\/www.facebook.com\/profile.php?id=100075399152223\" \/>\n<meta property=\"article:modified_time\" content=\"2026-05-06T08:53:50+00:00\" \/>\n<meta property=\"og:image\" content=\"https:\/\/milbaza.lv\/wp-content\/uploads\/2022\/01\/CZ-RBN-FG-01.jpg\" \/>\n\t<meta property=\"og:image:width\" content=\"1500\" \/>\n\t<meta property=\"og:image:height\" content=\"1500\" \/>\n\t<meta property=\"og:image:type\" content=\"image\/jpeg\" \/>\n<meta name=\"twitter:card\" content=\"summary_large_image\" \/>\n<meta name=\"twitter:label1\" content=\"\u041f\u0440\u0438\u043c\u0435\u0440\u043d\u043e\u0435 \u0432\u0440\u0435\u043c\u044f \u0434\u043b\u044f \u0447\u0442\u0435\u043d\u0438\u044f\" \/>\n\t<meta name=\"twitter:data1\" content=\"1 \u043c\u0438\u043d\u0443\u0442\u0430\" \/>\n<script type=\"application\/ld+json\" class=\"yoast-schema-graph\">{\"@context\":\"https:\\\/\\\/schema.org\",\"@graph\":[{\"@type\":\"WebPage\",\"@id\":\"https:\\\/\\\/milbaza.lv\\\/ru\\\/produkts\\\/cepure-helikon-tex-range-beanie-cap-grid-fleece-melna\\\/\",\"url\":\"https:\\\/\\\/milbaza.lv\\\/ru\\\/produkts\\\/cepure-helikon-tex-range-beanie-cap-grid-fleece-melna\\\/\",\"name\":\"Cepure Helikon-Tex RANGE Beanie Cap\u00ae - Grid Fleece - MILBAZA\",\"isPartOf\":{\"@id\":\"https:\\\/\\\/milbaza.lv\\\/ru\\\/#website\"},\"primaryImageOfPage\":{\"@id\":\"https:\\\/\\\/milbaza.lv\\\/ru\\\/produkts\\\/cepure-helikon-tex-range-beanie-cap-grid-fleece-melna\\\/#primaryimage\"},\"image\":{\"@id\":\"https:\\\/\\\/milbaza.lv\\\/ru\\\/produkts\\\/cepure-helikon-tex-range-beanie-cap-grid-fleece-melna\\\/#primaryimage\"},\"thumbnailUrl\":\"https:\\\/\\\/milbaza.lv\\\/wp-content\\\/uploads\\\/2022\\\/01\\\/CZ-RBN-FG-01.jpg\",\"datePublished\":\"2022-01-14T11:46:11+00:00\",\"dateModified\":\"2026-05-06T08:53:50+00:00\",\"description\":\"Nopirkt Cepure Helikon-Tex RANGE Beanie Cap\u00ae - Grid Fleece, izdev\u012bga cena un pieg\u0101de.\",\"breadcrumb\":{\"@id\":\"https:\\\/\\\/milbaza.lv\\\/ru\\\/produkts\\\/cepure-helikon-tex-range-beanie-cap-grid-fleece-melna\\\/#breadcrumb\"},\"inLanguage\":\"ru-RU\",\"potentialAction\":[{\"@type\":\"ReadAction\",\"target\":[\"https:\\\/\\\/milbaza.lv\\\/ru\\\/produkts\\\/cepure-helikon-tex-range-beanie-cap-grid-fleece-melna\\\/\"]}]},{\"@type\":\"ImageObject\",\"inLanguage\":\"ru-RU\",\"@id\":\"https:\\\/\\\/milbaza.lv\\\/ru\\\/produkts\\\/cepure-helikon-tex-range-beanie-cap-grid-fleece-melna\\\/#primaryimage\",\"url\":\"https:\\\/\\\/milbaza.lv\\\/wp-content\\\/uploads\\\/2022\\\/01\\\/CZ-RBN-FG-01.jpg\",\"contentUrl\":\"https:\\\/\\\/milbaza.lv\\\/wp-content\\\/uploads\\\/2022\\\/01\\\/CZ-RBN-FG-01.jpg\",\"width\":1500,\"height\":1500},{\"@type\":\"BreadcrumbList\",\"@id\":\"https:\\\/\\\/milbaza.lv\\\/ru\\\/produkts\\\/cepure-helikon-tex-range-beanie-cap-grid-fleece-melna\\\/#breadcrumb\",\"itemListElement\":[{\"@type\":\"ListItem\",\"position\":1,\"name\":\"Home\",\"item\":\"https:\\\/\\\/milbaza.lv\\\/ru\\\/\"},{\"@type\":\"ListItem\",\"position\":2,\"name\":\"\u041c\u0430\u0433\u0430\u0437\u0438\u043d\",\"item\":\"https:\\\/\\\/milbaza.lv\\\/ru\\\/%d0%bc%d0%b0%d0%b3%d0%b0%d0%b7%d0%b8%d0%bd\\\/\"},{\"@type\":\"ListItem\",\"position\":3,\"name\":\"Cepure Helikon-Tex RANGE Beanie Cap\u00ae &#8211; Grid Fleece\"}]},{\"@type\":\"WebSite\",\"@id\":\"https:\\\/\\\/milbaza.lv\\\/ru\\\/#website\",\"url\":\"https:\\\/\\\/milbaza.lv\\\/ru\\\/\",\"name\":\"MILBAZA \u2013 viss akt\u012bvai atp\u016btai\",\"description\":\"Viss akt\u012bvai atp\u016btai\",\"publisher\":{\"@id\":\"https:\\\/\\\/milbaza.lv\\\/ru\\\/#organization\"},\"potentialAction\":[{\"@type\":\"SearchAction\",\"target\":{\"@type\":\"EntryPoint\",\"urlTemplate\":\"https:\\\/\\\/milbaza.lv\\\/ru\\\/?s={search_term_string}\"},\"query-input\":{\"@type\":\"PropertyValueSpecification\",\"valueRequired\":true,\"valueName\":\"search_term_string\"}}],\"inLanguage\":\"ru-RU\"},{\"@type\":\"Organization\",\"@id\":\"https:\\\/\\\/milbaza.lv\\\/ru\\\/#organization\",\"name\":\"Milbaza\",\"url\":\"https:\\\/\\\/milbaza.lv\\\/ru\\\/\",\"logo\":{\"@type\":\"ImageObject\",\"inLanguage\":\"ru-RU\",\"@id\":\"https:\\\/\\\/milbaza.lv\\\/ru\\\/#\\\/schema\\\/logo\\\/image\\\/\",\"url\":\"https:\\\/\\\/milbaza.lv\\\/wp-content\\\/uploads\\\/2021\\\/11\\\/Mil_BAZA_logo3.png\",\"contentUrl\":\"https:\\\/\\\/milbaza.lv\\\/wp-content\\\/uploads\\\/2021\\\/11\\\/Mil_BAZA_logo3.png\",\"width\":564,\"height\":226,\"caption\":\"Milbaza\"},\"image\":{\"@id\":\"https:\\\/\\\/milbaza.lv\\\/ru\\\/#\\\/schema\\\/logo\\\/image\\\/\"},\"sameAs\":[\"https:\\\/\\\/www.facebook.com\\\/profile.php?id=100075399152223\",\"https:\\\/\\\/www.instagram.com\\\/milbaza.lv\\\/\",\"https:\\\/\\\/www.pinterest.com\\\/milbaza\\\/_saved\\\/\",\"https:\\\/\\\/www.youtube.com\\\/channel\\\/UCrPXltd8hsNIiGAKc37hGfQ\"]}]}<\/script>\n<!-- \/ Yoast SEO plugin. -->","yoast_head_json":{"title":"Cepure Helikon-Tex RANGE Beanie Cap\u00ae - Grid Fleece - MILBAZA","description":"Nopirkt Cepure Helikon-Tex RANGE Beanie Cap\u00ae - Grid Fleece, izdev\u012bga cena un pieg\u0101de.","robots":{"index":"index","follow":"follow","max-snippet":"max-snippet:-1","max-image-preview":"max-image-preview:large","max-video-preview":"max-video-preview:-1"},"canonical":"https:\/\/milbaza.lv\/ru\/produkts\/cepure-helikon-tex-range-beanie-cap-grid-fleece-melna\/","og_locale":"ru_RU","og_type":"article","og_title":"Cepure Helikon-Tex RANGE Beanie Cap\u00ae - Grid Fleece - MILBAZA","og_description":"Nopirkt Cepure Helikon-Tex RANGE Beanie Cap\u00ae - Grid Fleece, izdev\u012bga cena un pieg\u0101de.","og_url":"https:\/\/milbaza.lv\/ru\/produkts\/cepure-helikon-tex-range-beanie-cap-grid-fleece-melna\/","og_site_name":"MILBAZA \u2013 viss akt\u012bvai atp\u016btai","article_publisher":"https:\/\/www.facebook.com\/profile.php?id=100075399152223","article_modified_time":"2026-05-06T08:53:50+00:00","og_image":[{"width":1500,"height":1500,"url":"https:\/\/milbaza.lv\/wp-content\/uploads\/2022\/01\/CZ-RBN-FG-01.jpg","type":"image\/jpeg"}],"twitter_card":"summary_large_image","twitter_misc":{"\u041f\u0440\u0438\u043c\u0435\u0440\u043d\u043e\u0435 \u0432\u0440\u0435\u043c\u044f \u0434\u043b\u044f \u0447\u0442\u0435\u043d\u0438\u044f":"1 \u043c\u0438\u043d\u0443\u0442\u0430"},"schema":{"@context":"https:\/\/schema.org","@graph":[{"@type":"WebPage","@id":"https:\/\/milbaza.lv\/ru\/produkts\/cepure-helikon-tex-range-beanie-cap-grid-fleece-melna\/","url":"https:\/\/milbaza.lv\/ru\/produkts\/cepure-helikon-tex-range-beanie-cap-grid-fleece-melna\/","name":"Cepure Helikon-Tex RANGE Beanie Cap\u00ae - Grid Fleece - MILBAZA","isPartOf":{"@id":"https:\/\/milbaza.lv\/ru\/#website"},"primaryImageOfPage":{"@id":"https:\/\/milbaza.lv\/ru\/produkts\/cepure-helikon-tex-range-beanie-cap-grid-fleece-melna\/#primaryimage"},"image":{"@id":"https:\/\/milbaza.lv\/ru\/produkts\/cepure-helikon-tex-range-beanie-cap-grid-fleece-melna\/#primaryimage"},"thumbnailUrl":"https:\/\/milbaza.lv\/wp-content\/uploads\/2022\/01\/CZ-RBN-FG-01.jpg","datePublished":"2022-01-14T11:46:11+00:00","dateModified":"2026-05-06T08:53:50+00:00","description":"Nopirkt Cepure Helikon-Tex RANGE Beanie Cap\u00ae - Grid Fleece, izdev\u012bga cena un pieg\u0101de.","breadcrumb":{"@id":"https:\/\/milbaza.lv\/ru\/produkts\/cepure-helikon-tex-range-beanie-cap-grid-fleece-melna\/#breadcrumb"},"inLanguage":"ru-RU","potentialAction":[{"@type":"ReadAction","target":["https:\/\/milbaza.lv\/ru\/produkts\/cepure-helikon-tex-range-beanie-cap-grid-fleece-melna\/"]}]},{"@type":"ImageObject","inLanguage":"ru-RU","@id":"https:\/\/milbaza.lv\/ru\/produkts\/cepure-helikon-tex-range-beanie-cap-grid-fleece-melna\/#primaryimage","url":"https:\/\/milbaza.lv\/wp-content\/uploads\/2022\/01\/CZ-RBN-FG-01.jpg","contentUrl":"https:\/\/milbaza.lv\/wp-content\/uploads\/2022\/01\/CZ-RBN-FG-01.jpg","width":1500,"height":1500},{"@type":"BreadcrumbList","@id":"https:\/\/milbaza.lv\/ru\/produkts\/cepure-helikon-tex-range-beanie-cap-grid-fleece-melna\/#breadcrumb","itemListElement":[{"@type":"ListItem","position":1,"name":"Home","item":"https:\/\/milbaza.lv\/ru\/"},{"@type":"ListItem","position":2,"name":"\u041c\u0430\u0433\u0430\u0437\u0438\u043d","item":"https:\/\/milbaza.lv\/ru\/%d0%bc%d0%b0%d0%b3%d0%b0%d0%b7%d0%b8%d0%bd\/"},{"@type":"ListItem","position":3,"name":"Cepure Helikon-Tex RANGE Beanie Cap\u00ae &#8211; Grid Fleece"}]},{"@type":"WebSite","@id":"https:\/\/milbaza.lv\/ru\/#website","url":"https:\/\/milbaza.lv\/ru\/","name":"MILBAZA \u2013 viss akt\u012bvai atp\u016btai","description":"Viss akt\u012bvai atp\u016btai","publisher":{"@id":"https:\/\/milbaza.lv\/ru\/#organization"},"potentialAction":[{"@type":"SearchAction","target":{"@type":"EntryPoint","urlTemplate":"https:\/\/milbaza.lv\/ru\/?s={search_term_string}"},"query-input":{"@type":"PropertyValueSpecification","valueRequired":true,"valueName":"search_term_string"}}],"inLanguage":"ru-RU"},{"@type":"Organization","@id":"https:\/\/milbaza.lv\/ru\/#organization","name":"Milbaza","url":"https:\/\/milbaza.lv\/ru\/","logo":{"@type":"ImageObject","inLanguage":"ru-RU","@id":"https:\/\/milbaza.lv\/ru\/#\/schema\/logo\/image\/","url":"https:\/\/milbaza.lv\/wp-content\/uploads\/2021\/11\/Mil_BAZA_logo3.png","contentUrl":"https:\/\/milbaza.lv\/wp-content\/uploads\/2021\/11\/Mil_BAZA_logo3.png","width":564,"height":226,"caption":"Milbaza"},"image":{"@id":"https:\/\/milbaza.lv\/ru\/#\/schema\/logo\/image\/"},"sameAs":["https:\/\/www.facebook.com\/profile.php?id=100075399152223","https:\/\/www.instagram.com\/milbaza.lv\/","https:\/\/www.pinterest.com\/milbaza\/_saved\/","https:\/\/www.youtube.com\/channel\/UCrPXltd8hsNIiGAKc37hGfQ"]}]}},"_links":{"self":[{"href":"https:\/\/milbaza.lv\/ru\/wp-json\/wp\/v2\/product\/2260","targetHints":{"allow":["GET"]}}],"collection":[{"href":"https:\/\/milbaza.lv\/ru\/wp-json\/wp\/v2\/product"}],"about":[{"href":"https:\/\/milbaza.lv\/ru\/wp-json\/wp\/v2\/types\/product"}],"replies":[{"embeddable":true,"href":"https:\/\/milbaza.lv\/ru\/wp-json\/wp\/v2\/comments?post=2260"}],"wp:featuredmedia":[{"embeddable":true,"href":"https:\/\/milbaza.lv\/ru\/wp-json\/wp\/v2\/media\/3702"}],"wp:attachment":[{"href":"https:\/\/milbaza.lv\/ru\/wp-json\/wp\/v2\/media?parent=2260"}],"wp:term":[{"taxonomy":"product_brand","embeddable":true,"href":"https:\/\/milbaza.lv\/ru\/wp-json\/wp\/v2\/product_brand?post=2260"},{"taxonomy":"product_cat","embeddable":true,"href":"https:\/\/milbaza.lv\/ru\/wp-json\/wp\/v2\/product_cat?post=2260"},{"taxonomy":"product_tag","embeddable":true,"href":"https:\/\/milbaza.lv\/ru\/wp-json\/wp\/v2\/product_tag?post=2260"}],"curies":[{"name":"wp","href":"https:\/\/api.w.org\/{rel}","templated":true}]}}