{"id":22896,"date":"2022-10-27T00:27:51","date_gmt":"2022-10-26T21:27:51","guid":{"rendered":"https:\/\/milbaza.lv\/?post_type=product&#038;p=22896"},"modified":"2026-04-20T04:21:46","modified_gmt":"2026-04-20T01:21:46","slug":"helikon-tex-550-paracord-reflective-50ft-melns","status":"publish","type":"product","link":"https:\/\/milbaza.lv\/ru\/produkts\/helikon-tex-550-paracord-reflective-50ft-melns\/","title":{"rendered":"HELIKON-TEX 550 PARACORD REFLECTIVE (50FT) (MELNS)"},"content":{"rendered":"<div>NATO Mil-Spec 550. Neilona aukla, paz\u012bstama ar\u012b k\u0101 Paracord. Sp\u0113c\u012bgs un iztur\u012bgs \u2013 \u0161is vads ir lieliski piem\u0113rots visiem pagaidu celtniec\u012bbas darbiem, iepako\u0161anas vai remontdarbiem uz lauka. \u0160\u012b virve ir ar\u012b atstarojo\u0161a. T\u016bksto\u0161iem mazu lod\u012b\u0161u, kas iep\u012btas virv\u0113, atstaro gaismu atpaka\u013c ac\u012bs, radot \u012bpa\u0161i spilgtu gaismas atsp\u012bdumu, kas ir lieliski piem\u0113rots dro\u0161\u012bbas virv\u0113m, dro\u0161\u012bbas rokasspr\u0101dz\u0113m vai pat \u0101ra\/skrie\u0161anas apavu \u0161\u0146or\u0113m.<\/div>\n<div><\/div>\n<div><\/div>\n<div>\u012apa\u0161\u012bbas:<\/div>\n<div>Ra\u017eots ASV<\/div>\n<div>Atstarojo\u0161s<\/div>\n<div>Septi\u0146i serde\u0146i neilona apvalk\u0101<\/div>\n<div>250 kg (550 m\u0101rci\u0146as) p\u0101rvad\u0101\u0161anas svars<\/div>\n","protected":false},"excerpt":{"rendered":"<p>NATO Mil-Spec 550. Neilona aukla, paz\u012bstama ar\u012b k\u0101 Paracord. Sp\u0113c\u012bgs un iztur\u012bgs \u2013 \u0161is vads ir lieliski piem\u0113rots visiem pagaidu celtniec\u012bbas darbiem, iepako\u0161anas vai remontdarbiem uz lauka. \u0160\u012b virve ir ar\u012b atstarojo\u0161a. T\u016bksto\u0161iem mazu lod\u012b\u0161u, kas iep\u012btas virv\u0113, atstaro gaismu atpaka\u013c ac\u012bs, radot \u012bpa\u0161i spilgtu gaismas atsp\u012bdumu, kas ir lieliski piem\u0113rots dro\u0161\u012bbas virv\u0113m, dro\u0161\u012bbas rokasspr\u0101dz\u0113m [&#8230;]\n","protected":false},"featured_media":22897,"comment_status":"open","ping_status":"closed","template":"","meta":{"_acf_changed":false},"product_brand":[],"product_cat":[196,518],"product_tag":[],"class_list":{"0":"post-22896","1":"product","2":"type-product","3":"status-publish","4":"has-post-thumbnail","6":"product_cat-aksesuari-ekipejums","7":"product_cat-ekipejums","9":"first","10":"instock","11":"taxable","12":"shipping-taxable","13":"purchasable","14":"product-type-simple"},"acf":[],"yoast_head":"<!-- This site is optimized with the Yoast SEO plugin v26.7 - https:\/\/yoast.com\/wordpress\/plugins\/seo\/ -->\n<title>HELIKON-TEX 550 PARACORD REFLECTIVE (50FT) (MELNS) - MILBAZA \u2013 viss akt\u012bvai atp\u016btai<\/title>\n<meta name=\"robots\" content=\"index, follow, max-snippet:-1, max-image-preview:large, max-video-preview:-1\" \/>\n<link rel=\"canonical\" href=\"https:\/\/milbaza.lv\/ru\/produkts\/helikon-tex-550-paracord-reflective-50ft-melns\/\" \/>\n<meta property=\"og:locale\" content=\"ru_RU\" \/>\n<meta property=\"og:type\" content=\"article\" \/>\n<meta property=\"og:title\" content=\"HELIKON-TEX 550 PARACORD REFLECTIVE (50FT) (MELNS) - MILBAZA \u2013 viss akt\u012bvai atp\u016btai\" \/>\n<meta property=\"og:description\" content=\"NATO Mil-Spec 550. Neilona aukla, paz\u012bstama ar\u012b k\u0101 Paracord. Sp\u0113c\u012bgs un iztur\u012bgs \u2013 \u0161is vads ir lieliski piem\u0113rots visiem pagaidu celtniec\u012bbas darbiem, iepako\u0161anas vai remontdarbiem uz lauka. \u0160\u012b virve ir ar\u012b atstarojo\u0161a. T\u016bksto\u0161iem mazu lod\u012b\u0161u, kas iep\u012btas virv\u0113, atstaro gaismu atpaka\u013c ac\u012bs, radot \u012bpa\u0161i spilgtu gaismas atsp\u012bdumu, kas ir lieliski piem\u0113rots dro\u0161\u012bbas virv\u0113m, dro\u0161\u012bbas rokasspr\u0101dz\u0113m [...]\" \/>\n<meta property=\"og:url\" content=\"https:\/\/milbaza.lv\/ru\/produkts\/helikon-tex-550-paracord-reflective-50ft-melns\/\" \/>\n<meta property=\"og:site_name\" content=\"MILBAZA \u2013 viss akt\u012bvai atp\u016btai\" \/>\n<meta property=\"article:publisher\" content=\"https:\/\/www.facebook.com\/profile.php?id=100075399152223\" \/>\n<meta property=\"article:modified_time\" content=\"2026-04-20T01:21:46+00:00\" \/>\n<meta property=\"og:image\" content=\"https:\/\/milbaza.lv\/wp-content\/uploads\/2022\/10\/CD-PR5-NL-01.jpeg\" \/>\n\t<meta property=\"og:image:width\" content=\"1500\" \/>\n\t<meta property=\"og:image:height\" content=\"1500\" \/>\n\t<meta property=\"og:image:type\" content=\"image\/jpeg\" \/>\n<meta name=\"twitter:card\" content=\"summary_large_image\" \/>\n<meta name=\"twitter:label1\" content=\"\u041f\u0440\u0438\u043c\u0435\u0440\u043d\u043e\u0435 \u0432\u0440\u0435\u043c\u044f \u0434\u043b\u044f \u0447\u0442\u0435\u043d\u0438\u044f\" \/>\n\t<meta name=\"twitter:data1\" content=\"1 \u043c\u0438\u043d\u0443\u0442\u0430\" \/>\n<script type=\"application\/ld+json\" class=\"yoast-schema-graph\">{\"@context\":\"https:\/\/schema.org\",\"@graph\":[{\"@type\":\"WebPage\",\"@id\":\"https:\/\/milbaza.lv\/ru\/produkts\/helikon-tex-550-paracord-reflective-50ft-melns\/\",\"url\":\"https:\/\/milbaza.lv\/ru\/produkts\/helikon-tex-550-paracord-reflective-50ft-melns\/\",\"name\":\"HELIKON-TEX 550 PARACORD REFLECTIVE (50FT) (MELNS) - MILBAZA \u2013 viss akt\u012bvai atp\u016btai\",\"isPartOf\":{\"@id\":\"https:\/\/milbaza.lv\/ru\/#website\"},\"primaryImageOfPage\":{\"@id\":\"https:\/\/milbaza.lv\/ru\/produkts\/helikon-tex-550-paracord-reflective-50ft-melns\/#primaryimage\"},\"image\":{\"@id\":\"https:\/\/milbaza.lv\/ru\/produkts\/helikon-tex-550-paracord-reflective-50ft-melns\/#primaryimage\"},\"thumbnailUrl\":\"https:\/\/milbaza.lv\/wp-content\/uploads\/2022\/10\/CD-PR5-NL-01.jpeg\",\"datePublished\":\"2022-10-26T21:27:51+00:00\",\"dateModified\":\"2026-04-20T01:21:46+00:00\",\"breadcrumb\":{\"@id\":\"https:\/\/milbaza.lv\/ru\/produkts\/helikon-tex-550-paracord-reflective-50ft-melns\/#breadcrumb\"},\"inLanguage\":\"ru-RU\",\"potentialAction\":[{\"@type\":\"ReadAction\",\"target\":[\"https:\/\/milbaza.lv\/ru\/produkts\/helikon-tex-550-paracord-reflective-50ft-melns\/\"]}]},{\"@type\":\"ImageObject\",\"inLanguage\":\"ru-RU\",\"@id\":\"https:\/\/milbaza.lv\/ru\/produkts\/helikon-tex-550-paracord-reflective-50ft-melns\/#primaryimage\",\"url\":\"https:\/\/milbaza.lv\/wp-content\/uploads\/2022\/10\/CD-PR5-NL-01.jpeg\",\"contentUrl\":\"https:\/\/milbaza.lv\/wp-content\/uploads\/2022\/10\/CD-PR5-NL-01.jpeg\",\"width\":1500,\"height\":1500},{\"@type\":\"BreadcrumbList\",\"@id\":\"https:\/\/milbaza.lv\/ru\/produkts\/helikon-tex-550-paracord-reflective-50ft-melns\/#breadcrumb\",\"itemListElement\":[{\"@type\":\"ListItem\",\"position\":1,\"name\":\"Home\",\"item\":\"https:\/\/milbaza.lv\/ru\/\"},{\"@type\":\"ListItem\",\"position\":2,\"name\":\"\u041c\u0430\u0433\u0430\u0437\u0438\u043d\",\"item\":\"https:\/\/milbaza.lv\/ru\/%d0%bc%d0%b0%d0%b3%d0%b0%d0%b7%d0%b8%d0%bd\/\"},{\"@type\":\"ListItem\",\"position\":3,\"name\":\"HELIKON-TEX 550 PARACORD REFLECTIVE (50FT) (MELNS)\"}]},{\"@type\":\"WebSite\",\"@id\":\"https:\/\/milbaza.lv\/ru\/#website\",\"url\":\"https:\/\/milbaza.lv\/ru\/\",\"name\":\"MILBAZA \u2013 viss akt\u012bvai atp\u016btai\",\"description\":\"Viss akt\u012bvai atp\u016btai\",\"publisher\":{\"@id\":\"https:\/\/milbaza.lv\/ru\/#organization\"},\"potentialAction\":[{\"@type\":\"SearchAction\",\"target\":{\"@type\":\"EntryPoint\",\"urlTemplate\":\"https:\/\/milbaza.lv\/ru\/?s={search_term_string}\"},\"query-input\":{\"@type\":\"PropertyValueSpecification\",\"valueRequired\":true,\"valueName\":\"search_term_string\"}}],\"inLanguage\":\"ru-RU\"},{\"@type\":\"Organization\",\"@id\":\"https:\/\/milbaza.lv\/ru\/#organization\",\"name\":\"Milbaza\",\"url\":\"https:\/\/milbaza.lv\/ru\/\",\"logo\":{\"@type\":\"ImageObject\",\"inLanguage\":\"ru-RU\",\"@id\":\"https:\/\/milbaza.lv\/ru\/#\/schema\/logo\/image\/\",\"url\":\"https:\/\/milbaza.lv\/wp-content\/uploads\/2021\/11\/Mil_BAZA_logo3.png\",\"contentUrl\":\"https:\/\/milbaza.lv\/wp-content\/uploads\/2021\/11\/Mil_BAZA_logo3.png\",\"width\":564,\"height\":226,\"caption\":\"Milbaza\"},\"image\":{\"@id\":\"https:\/\/milbaza.lv\/ru\/#\/schema\/logo\/image\/\"},\"sameAs\":[\"https:\/\/www.facebook.com\/profile.php?id=100075399152223\",\"https:\/\/www.instagram.com\/milbaza.lv\/\",\"https:\/\/www.pinterest.com\/milbaza\/_saved\/\",\"https:\/\/www.youtube.com\/channel\/UCrPXltd8hsNIiGAKc37hGfQ\"]}]}<\/script>\n<!-- \/ Yoast SEO plugin. -->","yoast_head_json":{"title":"HELIKON-TEX 550 PARACORD REFLECTIVE (50FT) (MELNS) - MILBAZA \u2013 viss akt\u012bvai atp\u016btai","robots":{"index":"index","follow":"follow","max-snippet":"max-snippet:-1","max-image-preview":"max-image-preview:large","max-video-preview":"max-video-preview:-1"},"canonical":"https:\/\/milbaza.lv\/ru\/produkts\/helikon-tex-550-paracord-reflective-50ft-melns\/","og_locale":"ru_RU","og_type":"article","og_title":"HELIKON-TEX 550 PARACORD REFLECTIVE (50FT) (MELNS) - MILBAZA \u2013 viss akt\u012bvai atp\u016btai","og_description":"NATO Mil-Spec 550. Neilona aukla, paz\u012bstama ar\u012b k\u0101 Paracord. Sp\u0113c\u012bgs un iztur\u012bgs \u2013 \u0161is vads ir lieliski piem\u0113rots visiem pagaidu celtniec\u012bbas darbiem, iepako\u0161anas vai remontdarbiem uz lauka. \u0160\u012b virve ir ar\u012b atstarojo\u0161a. T\u016bksto\u0161iem mazu lod\u012b\u0161u, kas iep\u012btas virv\u0113, atstaro gaismu atpaka\u013c ac\u012bs, radot \u012bpa\u0161i spilgtu gaismas atsp\u012bdumu, kas ir lieliski piem\u0113rots dro\u0161\u012bbas virv\u0113m, dro\u0161\u012bbas rokasspr\u0101dz\u0113m [...]","og_url":"https:\/\/milbaza.lv\/ru\/produkts\/helikon-tex-550-paracord-reflective-50ft-melns\/","og_site_name":"MILBAZA \u2013 viss akt\u012bvai atp\u016btai","article_publisher":"https:\/\/www.facebook.com\/profile.php?id=100075399152223","article_modified_time":"2026-04-20T01:21:46+00:00","og_image":[{"width":1500,"height":1500,"url":"https:\/\/milbaza.lv\/wp-content\/uploads\/2022\/10\/CD-PR5-NL-01.jpeg","type":"image\/jpeg"}],"twitter_card":"summary_large_image","twitter_misc":{"\u041f\u0440\u0438\u043c\u0435\u0440\u043d\u043e\u0435 \u0432\u0440\u0435\u043c\u044f \u0434\u043b\u044f \u0447\u0442\u0435\u043d\u0438\u044f":"1 \u043c\u0438\u043d\u0443\u0442\u0430"},"schema":{"@context":"https:\/\/schema.org","@graph":[{"@type":"WebPage","@id":"https:\/\/milbaza.lv\/ru\/produkts\/helikon-tex-550-paracord-reflective-50ft-melns\/","url":"https:\/\/milbaza.lv\/ru\/produkts\/helikon-tex-550-paracord-reflective-50ft-melns\/","name":"HELIKON-TEX 550 PARACORD REFLECTIVE (50FT) (MELNS) - MILBAZA \u2013 viss akt\u012bvai atp\u016btai","isPartOf":{"@id":"https:\/\/milbaza.lv\/ru\/#website"},"primaryImageOfPage":{"@id":"https:\/\/milbaza.lv\/ru\/produkts\/helikon-tex-550-paracord-reflective-50ft-melns\/#primaryimage"},"image":{"@id":"https:\/\/milbaza.lv\/ru\/produkts\/helikon-tex-550-paracord-reflective-50ft-melns\/#primaryimage"},"thumbnailUrl":"https:\/\/milbaza.lv\/wp-content\/uploads\/2022\/10\/CD-PR5-NL-01.jpeg","datePublished":"2022-10-26T21:27:51+00:00","dateModified":"2026-04-20T01:21:46+00:00","breadcrumb":{"@id":"https:\/\/milbaza.lv\/ru\/produkts\/helikon-tex-550-paracord-reflective-50ft-melns\/#breadcrumb"},"inLanguage":"ru-RU","potentialAction":[{"@type":"ReadAction","target":["https:\/\/milbaza.lv\/ru\/produkts\/helikon-tex-550-paracord-reflective-50ft-melns\/"]}]},{"@type":"ImageObject","inLanguage":"ru-RU","@id":"https:\/\/milbaza.lv\/ru\/produkts\/helikon-tex-550-paracord-reflective-50ft-melns\/#primaryimage","url":"https:\/\/milbaza.lv\/wp-content\/uploads\/2022\/10\/CD-PR5-NL-01.jpeg","contentUrl":"https:\/\/milbaza.lv\/wp-content\/uploads\/2022\/10\/CD-PR5-NL-01.jpeg","width":1500,"height":1500},{"@type":"BreadcrumbList","@id":"https:\/\/milbaza.lv\/ru\/produkts\/helikon-tex-550-paracord-reflective-50ft-melns\/#breadcrumb","itemListElement":[{"@type":"ListItem","position":1,"name":"Home","item":"https:\/\/milbaza.lv\/ru\/"},{"@type":"ListItem","position":2,"name":"\u041c\u0430\u0433\u0430\u0437\u0438\u043d","item":"https:\/\/milbaza.lv\/ru\/%d0%bc%d0%b0%d0%b3%d0%b0%d0%b7%d0%b8%d0%bd\/"},{"@type":"ListItem","position":3,"name":"HELIKON-TEX 550 PARACORD REFLECTIVE (50FT) (MELNS)"}]},{"@type":"WebSite","@id":"https:\/\/milbaza.lv\/ru\/#website","url":"https:\/\/milbaza.lv\/ru\/","name":"MILBAZA \u2013 viss akt\u012bvai atp\u016btai","description":"Viss akt\u012bvai atp\u016btai","publisher":{"@id":"https:\/\/milbaza.lv\/ru\/#organization"},"potentialAction":[{"@type":"SearchAction","target":{"@type":"EntryPoint","urlTemplate":"https:\/\/milbaza.lv\/ru\/?s={search_term_string}"},"query-input":{"@type":"PropertyValueSpecification","valueRequired":true,"valueName":"search_term_string"}}],"inLanguage":"ru-RU"},{"@type":"Organization","@id":"https:\/\/milbaza.lv\/ru\/#organization","name":"Milbaza","url":"https:\/\/milbaza.lv\/ru\/","logo":{"@type":"ImageObject","inLanguage":"ru-RU","@id":"https:\/\/milbaza.lv\/ru\/#\/schema\/logo\/image\/","url":"https:\/\/milbaza.lv\/wp-content\/uploads\/2021\/11\/Mil_BAZA_logo3.png","contentUrl":"https:\/\/milbaza.lv\/wp-content\/uploads\/2021\/11\/Mil_BAZA_logo3.png","width":564,"height":226,"caption":"Milbaza"},"image":{"@id":"https:\/\/milbaza.lv\/ru\/#\/schema\/logo\/image\/"},"sameAs":["https:\/\/www.facebook.com\/profile.php?id=100075399152223","https:\/\/www.instagram.com\/milbaza.lv\/","https:\/\/www.pinterest.com\/milbaza\/_saved\/","https:\/\/www.youtube.com\/channel\/UCrPXltd8hsNIiGAKc37hGfQ"]}]}},"_links":{"self":[{"href":"https:\/\/milbaza.lv\/ru\/wp-json\/wp\/v2\/product\/22896","targetHints":{"allow":["GET"]}}],"collection":[{"href":"https:\/\/milbaza.lv\/ru\/wp-json\/wp\/v2\/product"}],"about":[{"href":"https:\/\/milbaza.lv\/ru\/wp-json\/wp\/v2\/types\/product"}],"replies":[{"embeddable":true,"href":"https:\/\/milbaza.lv\/ru\/wp-json\/wp\/v2\/comments?post=22896"}],"wp:featuredmedia":[{"embeddable":true,"href":"https:\/\/milbaza.lv\/ru\/wp-json\/wp\/v2\/media\/22897"}],"wp:attachment":[{"href":"https:\/\/milbaza.lv\/ru\/wp-json\/wp\/v2\/media?parent=22896"}],"wp:term":[{"taxonomy":"product_brand","embeddable":true,"href":"https:\/\/milbaza.lv\/ru\/wp-json\/wp\/v2\/product_brand?post=22896"},{"taxonomy":"product_cat","embeddable":true,"href":"https:\/\/milbaza.lv\/ru\/wp-json\/wp\/v2\/product_cat?post=22896"},{"taxonomy":"product_tag","embeddable":true,"href":"https:\/\/milbaza.lv\/ru\/wp-json\/wp\/v2\/product_tag?post=22896"}],"curies":[{"name":"wp","href":"https:\/\/api.w.org\/{rel}","templated":true}]}}