{"id":23474,"date":"2022-11-14T16:02:22","date_gmt":"2022-11-14T14:02:22","guid":{"rendered":"https:\/\/milbaza.lv\/?post_type=product&#038;p=23474"},"modified":"2026-04-16T20:39:22","modified_gmt":"2026-04-16T17:39:22","slug":"helikon-tex-lightstick-6-infrasarkanais","status":"publish","type":"product","link":"https:\/\/milbaza.lv\/ru\/produkts\/helikon-tex-lightstick-6-infrasarkanais\/","title":{"rendered":"HELIKON-TEX LIGHTSTICK 6 (INFRASARKANAIS)"},"content":{"rendered":"<div>Lightstick \u0137\u012bmisk\u0101 gaisma infrasarkanais 6&#8221; Helikon SC-6IN-PP-IR<\/div>\n<div>Lightstick ir daudzpus\u012bgs, vienreiz lietojams gaismas avots izmanto\u0161anai \u0101rk\u0101rtas situ\u0101cij\u0101s, ko ra\u017eo Helikon. Tas tiks izmantots b\u012bstamo vietu apz\u012bm\u0113\u0161anai, gl\u0101b\u0161anas sign\u0101liem, cilv\u0113ku vai poz\u012bciju apgaismo\u0161anai, k\u0101 ar\u012b neliels paroc\u012bgs gaismas avots.<\/div>\n<div><\/div>\n<div>\u0136\u012bmisk\u0101s gaismas tvertne ir izgatavota no plastmasas un piepild\u012bta ar \u0161\u0137idrumu. T\u0101 iek\u0161pus\u0113 tika ievietots stikla flakons, ar\u012b piepild\u012bts ar \u0161\u0137idrumu. Lai s\u0101ktu luminiscences procesu, jums ir j\u0101saliek n\u016bja, l\u012bdz stikla trauks sapl\u012bst, un p\u0113c tam to sakrata, lai abas \u0137\u012bmisk\u0101s vielas apvienotos un s\u0101ktu luminiscences procesu. \u0136\u012bmisk\u0101s luminiscences procesu var pal\u0113nin\u0101t, ievietojot gaismas spie\u0137i sald\u0113tav\u0101.<\/div>\n","protected":false},"excerpt":{"rendered":"<p>Lightstick \u0137\u012bmisk\u0101 gaisma infrasarkanais 6&#8221; Helikon SC-6IN-PP-IR Lightstick ir daudzpus\u012bgs, vienreiz lietojams gaismas avots izmanto\u0161anai \u0101rk\u0101rtas situ\u0101cij\u0101s, ko ra\u017eo Helikon. Tas tiks izmantots b\u012bstamo vietu apz\u012bm\u0113\u0161anai, gl\u0101b\u0161anas sign\u0101liem, cilv\u0113ku vai poz\u012bciju apgaismo\u0161anai, k\u0101 ar\u012b neliels paroc\u012bgs gaismas avots. \u0136\u012bmisk\u0101s gaismas tvertne ir izgatavota no plastmasas un piepild\u012bta ar \u0161\u0137idrumu. T\u0101 iek\u0161pus\u0113 tika ievietots stikla flakons, [&#8230;]\n","protected":false},"featured_media":23476,"comment_status":"open","ping_status":"closed","template":"","meta":{"_acf_changed":false},"product_brand":[],"product_cat":[197,27],"product_tag":[],"class_list":{"0":"post-23474","1":"product","2":"type-product","3":"status-publish","4":"has-post-thumbnail","6":"product_cat-aksesuari-kempingam","7":"product_cat-kempingam","9":"first","10":"outofstock","11":"taxable","12":"shipping-taxable","13":"purchasable","14":"product-type-simple"},"acf":[],"yoast_head":"<!-- This site is optimized with the Yoast SEO plugin v26.7 - https:\/\/yoast.com\/wordpress\/plugins\/seo\/ -->\n<title>HELIKON-TEX LIGHTSTICK 6 (INFRASARKANAIS) - MILBAZA \u2013 viss akt\u012bvai atp\u016btai<\/title>\n<meta name=\"description\" content=\"Nopirkt HELIKON-TEX LIGHTSTICK 6 (INFRASARKANAIS) izdev\u012bga cena un pieg\u0101de. T\u016brisma pre\u010du interneta veikals, pas\u016bt\u012bt online 24\/7!\" \/>\n<meta name=\"robots\" content=\"index, follow, max-snippet:-1, max-image-preview:large, max-video-preview:-1\" \/>\n<link rel=\"canonical\" href=\"https:\/\/milbaza.lv\/ru\/produkts\/helikon-tex-lightstick-6-infrasarkanais\/\" \/>\n<meta property=\"og:locale\" content=\"ru_RU\" \/>\n<meta property=\"og:type\" content=\"article\" \/>\n<meta property=\"og:title\" content=\"HELIKON-TEX LIGHTSTICK 6 (INFRASARKANAIS) - MILBAZA \u2013 viss akt\u012bvai atp\u016btai\" \/>\n<meta property=\"og:description\" content=\"Nopirkt HELIKON-TEX LIGHTSTICK 6 (INFRASARKANAIS) izdev\u012bga cena un pieg\u0101de. T\u016brisma pre\u010du interneta veikals, pas\u016bt\u012bt online 24\/7!\" \/>\n<meta property=\"og:url\" content=\"https:\/\/milbaza.lv\/ru\/produkts\/helikon-tex-lightstick-6-infrasarkanais\/\" \/>\n<meta property=\"og:site_name\" content=\"MILBAZA \u2013 viss akt\u012bvai atp\u016btai\" \/>\n<meta property=\"article:publisher\" content=\"https:\/\/www.facebook.com\/profile.php?id=100075399152223\" \/>\n<meta property=\"article:modified_time\" content=\"2026-04-16T17:39:22+00:00\" \/>\n<meta property=\"og:image\" content=\"https:\/\/milbaza.lv\/wp-content\/uploads\/2022\/11\/SC-6IN-PP-detail03.jpg\" \/>\n\t<meta property=\"og:image:width\" content=\"1500\" \/>\n\t<meta property=\"og:image:height\" content=\"1500\" \/>\n\t<meta property=\"og:image:type\" content=\"image\/jpeg\" \/>\n<meta name=\"twitter:card\" content=\"summary_large_image\" \/>\n<meta name=\"twitter:label1\" content=\"\u041f\u0440\u0438\u043c\u0435\u0440\u043d\u043e\u0435 \u0432\u0440\u0435\u043c\u044f \u0434\u043b\u044f \u0447\u0442\u0435\u043d\u0438\u044f\" \/>\n\t<meta name=\"twitter:data1\" content=\"1 \u043c\u0438\u043d\u0443\u0442\u0430\" \/>\n<script type=\"application\/ld+json\" class=\"yoast-schema-graph\">{\"@context\":\"https:\/\/schema.org\",\"@graph\":[{\"@type\":\"WebPage\",\"@id\":\"https:\/\/milbaza.lv\/ru\/produkts\/helikon-tex-lightstick-6-infrasarkanais\/\",\"url\":\"https:\/\/milbaza.lv\/ru\/produkts\/helikon-tex-lightstick-6-infrasarkanais\/\",\"name\":\"HELIKON-TEX LIGHTSTICK 6 (INFRASARKANAIS) - MILBAZA \u2013 viss akt\u012bvai atp\u016btai\",\"isPartOf\":{\"@id\":\"https:\/\/milbaza.lv\/ru\/#website\"},\"primaryImageOfPage\":{\"@id\":\"https:\/\/milbaza.lv\/ru\/produkts\/helikon-tex-lightstick-6-infrasarkanais\/#primaryimage\"},\"image\":{\"@id\":\"https:\/\/milbaza.lv\/ru\/produkts\/helikon-tex-lightstick-6-infrasarkanais\/#primaryimage\"},\"thumbnailUrl\":\"https:\/\/milbaza.lv\/wp-content\/uploads\/2022\/11\/SC-6IN-PP-detail03.jpg\",\"datePublished\":\"2022-11-14T14:02:22+00:00\",\"dateModified\":\"2026-04-16T17:39:22+00:00\",\"description\":\"Nopirkt HELIKON-TEX LIGHTSTICK 6 (INFRASARKANAIS) izdev\u012bga cena un pieg\u0101de. T\u016brisma pre\u010du interneta veikals, pas\u016bt\u012bt online 24\/7!\",\"breadcrumb\":{\"@id\":\"https:\/\/milbaza.lv\/ru\/produkts\/helikon-tex-lightstick-6-infrasarkanais\/#breadcrumb\"},\"inLanguage\":\"ru-RU\",\"potentialAction\":[{\"@type\":\"ReadAction\",\"target\":[\"https:\/\/milbaza.lv\/ru\/produkts\/helikon-tex-lightstick-6-infrasarkanais\/\"]}]},{\"@type\":\"ImageObject\",\"inLanguage\":\"ru-RU\",\"@id\":\"https:\/\/milbaza.lv\/ru\/produkts\/helikon-tex-lightstick-6-infrasarkanais\/#primaryimage\",\"url\":\"https:\/\/milbaza.lv\/wp-content\/uploads\/2022\/11\/SC-6IN-PP-detail03.jpg\",\"contentUrl\":\"https:\/\/milbaza.lv\/wp-content\/uploads\/2022\/11\/SC-6IN-PP-detail03.jpg\",\"width\":1500,\"height\":1500},{\"@type\":\"BreadcrumbList\",\"@id\":\"https:\/\/milbaza.lv\/ru\/produkts\/helikon-tex-lightstick-6-infrasarkanais\/#breadcrumb\",\"itemListElement\":[{\"@type\":\"ListItem\",\"position\":1,\"name\":\"Home\",\"item\":\"https:\/\/milbaza.lv\/ru\/\"},{\"@type\":\"ListItem\",\"position\":2,\"name\":\"\u041c\u0430\u0433\u0430\u0437\u0438\u043d\",\"item\":\"https:\/\/milbaza.lv\/ru\/%d0%bc%d0%b0%d0%b3%d0%b0%d0%b7%d0%b8%d0%bd\/\"},{\"@type\":\"ListItem\",\"position\":3,\"name\":\"HELIKON-TEX LIGHTSTICK 6 (INFRASARKANAIS)\"}]},{\"@type\":\"WebSite\",\"@id\":\"https:\/\/milbaza.lv\/ru\/#website\",\"url\":\"https:\/\/milbaza.lv\/ru\/\",\"name\":\"MILBAZA \u2013 viss akt\u012bvai atp\u016btai\",\"description\":\"Viss akt\u012bvai atp\u016btai\",\"publisher\":{\"@id\":\"https:\/\/milbaza.lv\/ru\/#organization\"},\"potentialAction\":[{\"@type\":\"SearchAction\",\"target\":{\"@type\":\"EntryPoint\",\"urlTemplate\":\"https:\/\/milbaza.lv\/ru\/?s={search_term_string}\"},\"query-input\":{\"@type\":\"PropertyValueSpecification\",\"valueRequired\":true,\"valueName\":\"search_term_string\"}}],\"inLanguage\":\"ru-RU\"},{\"@type\":\"Organization\",\"@id\":\"https:\/\/milbaza.lv\/ru\/#organization\",\"name\":\"Milbaza\",\"url\":\"https:\/\/milbaza.lv\/ru\/\",\"logo\":{\"@type\":\"ImageObject\",\"inLanguage\":\"ru-RU\",\"@id\":\"https:\/\/milbaza.lv\/ru\/#\/schema\/logo\/image\/\",\"url\":\"https:\/\/milbaza.lv\/wp-content\/uploads\/2021\/11\/Mil_BAZA_logo3.png\",\"contentUrl\":\"https:\/\/milbaza.lv\/wp-content\/uploads\/2021\/11\/Mil_BAZA_logo3.png\",\"width\":564,\"height\":226,\"caption\":\"Milbaza\"},\"image\":{\"@id\":\"https:\/\/milbaza.lv\/ru\/#\/schema\/logo\/image\/\"},\"sameAs\":[\"https:\/\/www.facebook.com\/profile.php?id=100075399152223\",\"https:\/\/www.instagram.com\/milbaza.lv\/\",\"https:\/\/www.pinterest.com\/milbaza\/_saved\/\",\"https:\/\/www.youtube.com\/channel\/UCrPXltd8hsNIiGAKc37hGfQ\"]}]}<\/script>\n<!-- \/ Yoast SEO plugin. -->","yoast_head_json":{"title":"HELIKON-TEX LIGHTSTICK 6 (INFRASARKANAIS) - MILBAZA \u2013 viss akt\u012bvai atp\u016btai","description":"Nopirkt HELIKON-TEX LIGHTSTICK 6 (INFRASARKANAIS) izdev\u012bga cena un pieg\u0101de. T\u016brisma pre\u010du interneta veikals, pas\u016bt\u012bt online 24\/7!","robots":{"index":"index","follow":"follow","max-snippet":"max-snippet:-1","max-image-preview":"max-image-preview:large","max-video-preview":"max-video-preview:-1"},"canonical":"https:\/\/milbaza.lv\/ru\/produkts\/helikon-tex-lightstick-6-infrasarkanais\/","og_locale":"ru_RU","og_type":"article","og_title":"HELIKON-TEX LIGHTSTICK 6 (INFRASARKANAIS) - MILBAZA \u2013 viss akt\u012bvai atp\u016btai","og_description":"Nopirkt HELIKON-TEX LIGHTSTICK 6 (INFRASARKANAIS) izdev\u012bga cena un pieg\u0101de. T\u016brisma pre\u010du interneta veikals, pas\u016bt\u012bt online 24\/7!","og_url":"https:\/\/milbaza.lv\/ru\/produkts\/helikon-tex-lightstick-6-infrasarkanais\/","og_site_name":"MILBAZA \u2013 viss akt\u012bvai atp\u016btai","article_publisher":"https:\/\/www.facebook.com\/profile.php?id=100075399152223","article_modified_time":"2026-04-16T17:39:22+00:00","og_image":[{"width":1500,"height":1500,"url":"https:\/\/milbaza.lv\/wp-content\/uploads\/2022\/11\/SC-6IN-PP-detail03.jpg","type":"image\/jpeg"}],"twitter_card":"summary_large_image","twitter_misc":{"\u041f\u0440\u0438\u043c\u0435\u0440\u043d\u043e\u0435 \u0432\u0440\u0435\u043c\u044f \u0434\u043b\u044f \u0447\u0442\u0435\u043d\u0438\u044f":"1 \u043c\u0438\u043d\u0443\u0442\u0430"},"schema":{"@context":"https:\/\/schema.org","@graph":[{"@type":"WebPage","@id":"https:\/\/milbaza.lv\/ru\/produkts\/helikon-tex-lightstick-6-infrasarkanais\/","url":"https:\/\/milbaza.lv\/ru\/produkts\/helikon-tex-lightstick-6-infrasarkanais\/","name":"HELIKON-TEX LIGHTSTICK 6 (INFRASARKANAIS) - MILBAZA \u2013 viss akt\u012bvai atp\u016btai","isPartOf":{"@id":"https:\/\/milbaza.lv\/ru\/#website"},"primaryImageOfPage":{"@id":"https:\/\/milbaza.lv\/ru\/produkts\/helikon-tex-lightstick-6-infrasarkanais\/#primaryimage"},"image":{"@id":"https:\/\/milbaza.lv\/ru\/produkts\/helikon-tex-lightstick-6-infrasarkanais\/#primaryimage"},"thumbnailUrl":"https:\/\/milbaza.lv\/wp-content\/uploads\/2022\/11\/SC-6IN-PP-detail03.jpg","datePublished":"2022-11-14T14:02:22+00:00","dateModified":"2026-04-16T17:39:22+00:00","description":"Nopirkt HELIKON-TEX LIGHTSTICK 6 (INFRASARKANAIS) izdev\u012bga cena un pieg\u0101de. T\u016brisma pre\u010du interneta veikals, pas\u016bt\u012bt online 24\/7!","breadcrumb":{"@id":"https:\/\/milbaza.lv\/ru\/produkts\/helikon-tex-lightstick-6-infrasarkanais\/#breadcrumb"},"inLanguage":"ru-RU","potentialAction":[{"@type":"ReadAction","target":["https:\/\/milbaza.lv\/ru\/produkts\/helikon-tex-lightstick-6-infrasarkanais\/"]}]},{"@type":"ImageObject","inLanguage":"ru-RU","@id":"https:\/\/milbaza.lv\/ru\/produkts\/helikon-tex-lightstick-6-infrasarkanais\/#primaryimage","url":"https:\/\/milbaza.lv\/wp-content\/uploads\/2022\/11\/SC-6IN-PP-detail03.jpg","contentUrl":"https:\/\/milbaza.lv\/wp-content\/uploads\/2022\/11\/SC-6IN-PP-detail03.jpg","width":1500,"height":1500},{"@type":"BreadcrumbList","@id":"https:\/\/milbaza.lv\/ru\/produkts\/helikon-tex-lightstick-6-infrasarkanais\/#breadcrumb","itemListElement":[{"@type":"ListItem","position":1,"name":"Home","item":"https:\/\/milbaza.lv\/ru\/"},{"@type":"ListItem","position":2,"name":"\u041c\u0430\u0433\u0430\u0437\u0438\u043d","item":"https:\/\/milbaza.lv\/ru\/%d0%bc%d0%b0%d0%b3%d0%b0%d0%b7%d0%b8%d0%bd\/"},{"@type":"ListItem","position":3,"name":"HELIKON-TEX LIGHTSTICK 6 (INFRASARKANAIS)"}]},{"@type":"WebSite","@id":"https:\/\/milbaza.lv\/ru\/#website","url":"https:\/\/milbaza.lv\/ru\/","name":"MILBAZA \u2013 viss akt\u012bvai atp\u016btai","description":"Viss akt\u012bvai atp\u016btai","publisher":{"@id":"https:\/\/milbaza.lv\/ru\/#organization"},"potentialAction":[{"@type":"SearchAction","target":{"@type":"EntryPoint","urlTemplate":"https:\/\/milbaza.lv\/ru\/?s={search_term_string}"},"query-input":{"@type":"PropertyValueSpecification","valueRequired":true,"valueName":"search_term_string"}}],"inLanguage":"ru-RU"},{"@type":"Organization","@id":"https:\/\/milbaza.lv\/ru\/#organization","name":"Milbaza","url":"https:\/\/milbaza.lv\/ru\/","logo":{"@type":"ImageObject","inLanguage":"ru-RU","@id":"https:\/\/milbaza.lv\/ru\/#\/schema\/logo\/image\/","url":"https:\/\/milbaza.lv\/wp-content\/uploads\/2021\/11\/Mil_BAZA_logo3.png","contentUrl":"https:\/\/milbaza.lv\/wp-content\/uploads\/2021\/11\/Mil_BAZA_logo3.png","width":564,"height":226,"caption":"Milbaza"},"image":{"@id":"https:\/\/milbaza.lv\/ru\/#\/schema\/logo\/image\/"},"sameAs":["https:\/\/www.facebook.com\/profile.php?id=100075399152223","https:\/\/www.instagram.com\/milbaza.lv\/","https:\/\/www.pinterest.com\/milbaza\/_saved\/","https:\/\/www.youtube.com\/channel\/UCrPXltd8hsNIiGAKc37hGfQ"]}]}},"_links":{"self":[{"href":"https:\/\/milbaza.lv\/ru\/wp-json\/wp\/v2\/product\/23474","targetHints":{"allow":["GET"]}}],"collection":[{"href":"https:\/\/milbaza.lv\/ru\/wp-json\/wp\/v2\/product"}],"about":[{"href":"https:\/\/milbaza.lv\/ru\/wp-json\/wp\/v2\/types\/product"}],"replies":[{"embeddable":true,"href":"https:\/\/milbaza.lv\/ru\/wp-json\/wp\/v2\/comments?post=23474"}],"wp:featuredmedia":[{"embeddable":true,"href":"https:\/\/milbaza.lv\/ru\/wp-json\/wp\/v2\/media\/23476"}],"wp:attachment":[{"href":"https:\/\/milbaza.lv\/ru\/wp-json\/wp\/v2\/media?parent=23474"}],"wp:term":[{"taxonomy":"product_brand","embeddable":true,"href":"https:\/\/milbaza.lv\/ru\/wp-json\/wp\/v2\/product_brand?post=23474"},{"taxonomy":"product_cat","embeddable":true,"href":"https:\/\/milbaza.lv\/ru\/wp-json\/wp\/v2\/product_cat?post=23474"},{"taxonomy":"product_tag","embeddable":true,"href":"https:\/\/milbaza.lv\/ru\/wp-json\/wp\/v2\/product_tag?post=23474"}],"curies":[{"name":"wp","href":"https:\/\/api.w.org\/{rel}","templated":true}]}}