{"id":2413,"date":"2022-01-16T21:25:30","date_gmt":"2022-01-16T19:25:30","guid":{"rendered":"https:\/\/milbaza.lv\/?post_type=product&#038;p=2413"},"modified":"2026-05-09T08:52:23","modified_gmt":"2026-05-09T05:52:23","slug":"medicinas-somina-universal-med-insert-polyester-red","status":"publish","type":"product","link":"https:\/\/milbaza.lv\/ru\/produkts\/medicinas-somina-universal-med-insert-polyester-red\/","title":{"rendered":"Medic\u012bnas somi\u0146a Helikon-Tex UNIVERSAL MED INSERT\u00ae &#8211; Polyester (red)"},"content":{"rendered":"<p><span style=\"font-size: 14.4px;\">Laiks un gl\u0101b\u0113ja dro\u0161\u012bba ir galvenais, sniedzot pirmo pal\u012bdz\u012bbu. M\u016bsu Universal Med Insert\u00ae \u013cauj sakomplekt\u0113t pirm\u0101s pal\u012bdz\u012bbas aptieci\u0146u apzin\u0101t\u0101, optim\u0101l\u0101 izk\u0101rtojum\u0101 \u2013 no cimdiem l\u012bdz marlei, p\u0101rs\u0113jiem, dezinfekcijas l\u012bdzeklim un \u0161\u0137\u0113r\u0113m.<\/span><\/p>\n<p>Soma atveras uz s\u0101niem, nodro\u0161inot t\u016bl\u012bt\u0113ju piek\u013cuvi saturam. Ielikt\u0146a segmentus var viegli aizv\u0113rt ar Velcro un atv\u0113rt ar apzin\u0101ti novietot\u0101m atv\u0113r\u0161anas cilp\u0101m. Atverot, gl\u0101b\u0113jam ir pieejams viss medic\u012bnas komplekts, bez nepiecie\u0161am\u012bbas papildus atv\u0113rt vai p\u0101rvietot sast\u0101vda\u013cas.<br \/>\nAtstarojo\u0161ie elementi (feld\u0161era krusts un p\u0101rn\u0113s\u0101\u0161anas rokturis) pal\u012bdz \u0101tri atrast somu \u2013 tas ir \u013coti svar\u012bgi gl\u0101b\u0161anas misij\u0101 v\u0101j\u0101 apgaismojum\u0101.<\/p>\n<p>\u012apa\u0161\u012bbas:<\/p>\n<ul>\n<li>Paredz\u0113ts pirm\u0101s pal\u012bdz\u012bbas komplekta p\u0101rn\u0113s\u0101\u0161anai (medic\u012bniskais apr\u012bkojums nav iek\u013cauts)<\/li>\n<li>\u0100\u0137a un cilpas aizdare<\/li>\n<li>Iztur\u012bgi, gumijoti rokturi<\/li>\n<li>Aizmugur\u0113jais \u0101\u0137a panelis stiprin\u0101\u0161anai som\u0101s, p\u0101rvalkos utt<\/li>\n<li>Caursp\u012bd\u012bgs ICE\/proced\u016bru logs<\/li>\n<li>Atstarojo\u0161s feld\u0161eru krusts<\/li>\n<li>Neilona un sieta konstrukcija<\/li>\n<li>\u010cetri izvelkami pane\u013ci (organizatori ar elast\u012bgu siksnu, cilp\u0101m un sietu)<\/li>\n<\/ul>\n<p><iframe loading=\"lazy\" title=\"Helikon-Tex - Universal Med Insert\u00ae\" width=\"1020\" height=\"574\" src=\"https:\/\/www.youtube.com\/embed\/Iw89DBjP5Yo?feature=oembed\" frameborder=\"0\" allow=\"accelerometer; autoplay; clipboard-write; encrypted-media; gyroscope; picture-in-picture; web-share\" allowfullscreen><\/iframe><\/p>\n","protected":false},"excerpt":{"rendered":"<p>Laiks un gl\u0101b\u0113ja dro\u0161\u012bba ir galvenais, sniedzot pirmo pal\u012bdz\u012bbu. M\u016bsu Universal Med Insert\u00ae \u013cauj sakomplekt\u0113t pirm\u0101s pal\u012bdz\u012bbas aptieci\u0146u apzin\u0101t\u0101, optim\u0101l\u0101 izk\u0101rtojum\u0101 \u2013 no cimdiem l\u012bdz marlei, p\u0101rs\u0113jiem, dezinfekcijas l\u012bdzeklim un \u0161\u0137\u0113r\u0113m. Soma atveras uz s\u0101niem, nodro\u0161inot t\u016bl\u012bt\u0113ju piek\u013cuvi saturam. Ielikt\u0146a segmentus var viegli aizv\u0113rt ar Velcro un atv\u0113rt ar apzin\u0101ti novietot\u0101m atv\u0113r\u0161anas cilp\u0101m. Atverot, gl\u0101b\u0113jam [&#8230;]\n","protected":false},"featured_media":2417,"comment_status":"open","ping_status":"closed","template":"","meta":{"_acf_changed":false},"product_brand":[],"product_cat":[269,28,215],"product_tag":[],"class_list":{"0":"post-2413","1":"product","2":"type-product","3":"status-publish","4":"has-post-thumbnail","6":"product_cat-medicina","7":"product_cat-mugursomas-somas","8":"product_cat-sominas","10":"first","11":"outofstock","12":"taxable","13":"shipping-taxable","14":"purchasable","15":"product-type-simple"},"acf":[],"yoast_head":"<!-- This site is optimized with the Yoast SEO plugin v27.4 - https:\/\/yoast.com\/product\/yoast-seo-wordpress\/ -->\n<title>Medic\u012bnas somi\u0146a Helikon-Tex UNIVERSAL MED INSERT\u00ae - Polyester (red) - MILBAZA \u2013 viss akt\u012bvai atp\u016btai<\/title>\n<meta name=\"description\" content=\"Nopirkt Medic\u012bnas somi\u0146a Helikon-Tex UNIVERSAL MED INSERT\u00ae - Polyester (red), izdev\u012bga cena un pieg\u0101de. Turisma pre\u010du interneta veikals, pas\u016bt\u012bt online 24\/7!\" \/>\n<meta name=\"robots\" content=\"index, follow, max-snippet:-1, max-image-preview:large, max-video-preview:-1\" \/>\n<link rel=\"canonical\" href=\"https:\/\/milbaza.lv\/ru\/produkts\/medicinas-somina-universal-med-insert-polyester-red\/\" \/>\n<meta property=\"og:locale\" content=\"ru_RU\" \/>\n<meta property=\"og:type\" content=\"article\" \/>\n<meta property=\"og:title\" content=\"Medic\u012bnas somi\u0146a Helikon-Tex UNIVERSAL MED INSERT\u00ae - Polyester (red) - MILBAZA \u2013 viss akt\u012bvai atp\u016btai\" \/>\n<meta property=\"og:description\" content=\"Nopirkt Medic\u012bnas somi\u0146a Helikon-Tex UNIVERSAL MED INSERT\u00ae - Polyester (red), izdev\u012bga cena un pieg\u0101de. Turisma pre\u010du interneta veikals, pas\u016bt\u012bt online 24\/7!\" \/>\n<meta property=\"og:url\" content=\"https:\/\/milbaza.lv\/ru\/produkts\/medicinas-somina-universal-med-insert-polyester-red\/\" \/>\n<meta property=\"og:site_name\" content=\"MILBAZA \u2013 viss akt\u012bvai atp\u016btai\" \/>\n<meta property=\"article:publisher\" content=\"https:\/\/www.facebook.com\/profile.php?id=100075399152223\" \/>\n<meta property=\"article:modified_time\" content=\"2026-05-09T05:52:23+00:00\" \/>\n<meta property=\"og:image\" content=\"https:\/\/milbaza.lv\/wp-content\/uploads\/2022\/01\/MO-M03-PO-25.png\" \/>\n\t<meta property=\"og:image:width\" content=\"1020\" \/>\n\t<meta property=\"og:image:height\" content=\"1020\" \/>\n\t<meta property=\"og:image:type\" content=\"image\/png\" \/>\n<meta name=\"twitter:card\" content=\"summary_large_image\" \/>\n<meta name=\"twitter:label1\" content=\"\u041f\u0440\u0438\u043c\u0435\u0440\u043d\u043e\u0435 \u0432\u0440\u0435\u043c\u044f \u0434\u043b\u044f \u0447\u0442\u0435\u043d\u0438\u044f\" \/>\n\t<meta name=\"twitter:data1\" content=\"1 \u043c\u0438\u043d\u0443\u0442\u0430\" \/>\n<script type=\"application\/ld+json\" class=\"yoast-schema-graph\">{\"@context\":\"https:\\\/\\\/schema.org\",\"@graph\":[{\"@type\":\"WebPage\",\"@id\":\"https:\\\/\\\/milbaza.lv\\\/ru\\\/produkts\\\/medicinas-somina-universal-med-insert-polyester-red\\\/\",\"url\":\"https:\\\/\\\/milbaza.lv\\\/ru\\\/produkts\\\/medicinas-somina-universal-med-insert-polyester-red\\\/\",\"name\":\"Medic\u012bnas somi\u0146a Helikon-Tex UNIVERSAL MED INSERT\u00ae - Polyester (red) - MILBAZA \u2013 viss akt\u012bvai atp\u016btai\",\"isPartOf\":{\"@id\":\"https:\\\/\\\/milbaza.lv\\\/ru\\\/#website\"},\"primaryImageOfPage\":{\"@id\":\"https:\\\/\\\/milbaza.lv\\\/ru\\\/produkts\\\/medicinas-somina-universal-med-insert-polyester-red\\\/#primaryimage\"},\"image\":{\"@id\":\"https:\\\/\\\/milbaza.lv\\\/ru\\\/produkts\\\/medicinas-somina-universal-med-insert-polyester-red\\\/#primaryimage\"},\"thumbnailUrl\":\"https:\\\/\\\/milbaza.lv\\\/wp-content\\\/uploads\\\/2022\\\/01\\\/MO-M03-PO-25.png\",\"datePublished\":\"2022-01-16T19:25:30+00:00\",\"dateModified\":\"2026-05-09T05:52:23+00:00\",\"description\":\"Nopirkt Medic\u012bnas somi\u0146a Helikon-Tex UNIVERSAL MED INSERT\u00ae - Polyester (red), izdev\u012bga cena un pieg\u0101de. Turisma pre\u010du interneta veikals, pas\u016bt\u012bt online 24\\\/7!\",\"breadcrumb\":{\"@id\":\"https:\\\/\\\/milbaza.lv\\\/ru\\\/produkts\\\/medicinas-somina-universal-med-insert-polyester-red\\\/#breadcrumb\"},\"inLanguage\":\"ru-RU\",\"potentialAction\":[{\"@type\":\"ReadAction\",\"target\":[\"https:\\\/\\\/milbaza.lv\\\/ru\\\/produkts\\\/medicinas-somina-universal-med-insert-polyester-red\\\/\"]}]},{\"@type\":\"ImageObject\",\"inLanguage\":\"ru-RU\",\"@id\":\"https:\\\/\\\/milbaza.lv\\\/ru\\\/produkts\\\/medicinas-somina-universal-med-insert-polyester-red\\\/#primaryimage\",\"url\":\"https:\\\/\\\/milbaza.lv\\\/wp-content\\\/uploads\\\/2022\\\/01\\\/MO-M03-PO-25.png\",\"contentUrl\":\"https:\\\/\\\/milbaza.lv\\\/wp-content\\\/uploads\\\/2022\\\/01\\\/MO-M03-PO-25.png\",\"width\":1500,\"height\":1500},{\"@type\":\"BreadcrumbList\",\"@id\":\"https:\\\/\\\/milbaza.lv\\\/ru\\\/produkts\\\/medicinas-somina-universal-med-insert-polyester-red\\\/#breadcrumb\",\"itemListElement\":[{\"@type\":\"ListItem\",\"position\":1,\"name\":\"Home\",\"item\":\"https:\\\/\\\/milbaza.lv\\\/ru\\\/\"},{\"@type\":\"ListItem\",\"position\":2,\"name\":\"\u041c\u0430\u0433\u0430\u0437\u0438\u043d\",\"item\":\"https:\\\/\\\/milbaza.lv\\\/ru\\\/%d0%bc%d0%b0%d0%b3%d0%b0%d0%b7%d0%b8%d0%bd\\\/\"},{\"@type\":\"ListItem\",\"position\":3,\"name\":\"Medic\u012bnas somi\u0146a Helikon-Tex UNIVERSAL MED INSERT\u00ae &#8211; Polyester (red)\"}]},{\"@type\":\"WebSite\",\"@id\":\"https:\\\/\\\/milbaza.lv\\\/ru\\\/#website\",\"url\":\"https:\\\/\\\/milbaza.lv\\\/ru\\\/\",\"name\":\"MILBAZA \u2013 viss akt\u012bvai atp\u016btai\",\"description\":\"Viss akt\u012bvai atp\u016btai\",\"publisher\":{\"@id\":\"https:\\\/\\\/milbaza.lv\\\/ru\\\/#organization\"},\"potentialAction\":[{\"@type\":\"SearchAction\",\"target\":{\"@type\":\"EntryPoint\",\"urlTemplate\":\"https:\\\/\\\/milbaza.lv\\\/ru\\\/?s={search_term_string}\"},\"query-input\":{\"@type\":\"PropertyValueSpecification\",\"valueRequired\":true,\"valueName\":\"search_term_string\"}}],\"inLanguage\":\"ru-RU\"},{\"@type\":\"Organization\",\"@id\":\"https:\\\/\\\/milbaza.lv\\\/ru\\\/#organization\",\"name\":\"Milbaza\",\"url\":\"https:\\\/\\\/milbaza.lv\\\/ru\\\/\",\"logo\":{\"@type\":\"ImageObject\",\"inLanguage\":\"ru-RU\",\"@id\":\"https:\\\/\\\/milbaza.lv\\\/ru\\\/#\\\/schema\\\/logo\\\/image\\\/\",\"url\":\"https:\\\/\\\/milbaza.lv\\\/wp-content\\\/uploads\\\/2021\\\/11\\\/Mil_BAZA_logo3.png\",\"contentUrl\":\"https:\\\/\\\/milbaza.lv\\\/wp-content\\\/uploads\\\/2021\\\/11\\\/Mil_BAZA_logo3.png\",\"width\":564,\"height\":226,\"caption\":\"Milbaza\"},\"image\":{\"@id\":\"https:\\\/\\\/milbaza.lv\\\/ru\\\/#\\\/schema\\\/logo\\\/image\\\/\"},\"sameAs\":[\"https:\\\/\\\/www.facebook.com\\\/profile.php?id=100075399152223\",\"https:\\\/\\\/www.instagram.com\\\/milbaza.lv\\\/\",\"https:\\\/\\\/www.pinterest.com\\\/milbaza\\\/_saved\\\/\",\"https:\\\/\\\/www.youtube.com\\\/channel\\\/UCrPXltd8hsNIiGAKc37hGfQ\"]}]}<\/script>\n<!-- \/ Yoast SEO plugin. -->","yoast_head_json":{"title":"Medic\u012bnas somi\u0146a Helikon-Tex UNIVERSAL MED INSERT\u00ae - Polyester (red) - MILBAZA \u2013 viss akt\u012bvai atp\u016btai","description":"Nopirkt Medic\u012bnas somi\u0146a Helikon-Tex UNIVERSAL MED INSERT\u00ae - Polyester (red), izdev\u012bga cena un pieg\u0101de. Turisma pre\u010du interneta veikals, pas\u016bt\u012bt online 24\/7!","robots":{"index":"index","follow":"follow","max-snippet":"max-snippet:-1","max-image-preview":"max-image-preview:large","max-video-preview":"max-video-preview:-1"},"canonical":"https:\/\/milbaza.lv\/ru\/produkts\/medicinas-somina-universal-med-insert-polyester-red\/","og_locale":"ru_RU","og_type":"article","og_title":"Medic\u012bnas somi\u0146a Helikon-Tex UNIVERSAL MED INSERT\u00ae - Polyester (red) - MILBAZA \u2013 viss akt\u012bvai atp\u016btai","og_description":"Nopirkt Medic\u012bnas somi\u0146a Helikon-Tex UNIVERSAL MED INSERT\u00ae - Polyester (red), izdev\u012bga cena un pieg\u0101de. Turisma pre\u010du interneta veikals, pas\u016bt\u012bt online 24\/7!","og_url":"https:\/\/milbaza.lv\/ru\/produkts\/medicinas-somina-universal-med-insert-polyester-red\/","og_site_name":"MILBAZA \u2013 viss akt\u012bvai atp\u016btai","article_publisher":"https:\/\/www.facebook.com\/profile.php?id=100075399152223","article_modified_time":"2026-05-09T05:52:23+00:00","og_image":[{"url":"https:\/\/milbaza.lv\/wp-content\/uploads\/2022\/01\/MO-M03-PO-25.png","width":1020,"height":1020,"type":"image\/png"}],"twitter_card":"summary_large_image","twitter_misc":{"\u041f\u0440\u0438\u043c\u0435\u0440\u043d\u043e\u0435 \u0432\u0440\u0435\u043c\u044f \u0434\u043b\u044f \u0447\u0442\u0435\u043d\u0438\u044f":"1 \u043c\u0438\u043d\u0443\u0442\u0430"},"schema":{"@context":"https:\/\/schema.org","@graph":[{"@type":"WebPage","@id":"https:\/\/milbaza.lv\/ru\/produkts\/medicinas-somina-universal-med-insert-polyester-red\/","url":"https:\/\/milbaza.lv\/ru\/produkts\/medicinas-somina-universal-med-insert-polyester-red\/","name":"Medic\u012bnas somi\u0146a Helikon-Tex UNIVERSAL MED INSERT\u00ae - Polyester (red) - MILBAZA \u2013 viss akt\u012bvai atp\u016btai","isPartOf":{"@id":"https:\/\/milbaza.lv\/ru\/#website"},"primaryImageOfPage":{"@id":"https:\/\/milbaza.lv\/ru\/produkts\/medicinas-somina-universal-med-insert-polyester-red\/#primaryimage"},"image":{"@id":"https:\/\/milbaza.lv\/ru\/produkts\/medicinas-somina-universal-med-insert-polyester-red\/#primaryimage"},"thumbnailUrl":"https:\/\/milbaza.lv\/wp-content\/uploads\/2022\/01\/MO-M03-PO-25.png","datePublished":"2022-01-16T19:25:30+00:00","dateModified":"2026-05-09T05:52:23+00:00","description":"Nopirkt Medic\u012bnas somi\u0146a Helikon-Tex UNIVERSAL MED INSERT\u00ae - Polyester (red), izdev\u012bga cena un pieg\u0101de. Turisma pre\u010du interneta veikals, pas\u016bt\u012bt online 24\/7!","breadcrumb":{"@id":"https:\/\/milbaza.lv\/ru\/produkts\/medicinas-somina-universal-med-insert-polyester-red\/#breadcrumb"},"inLanguage":"ru-RU","potentialAction":[{"@type":"ReadAction","target":["https:\/\/milbaza.lv\/ru\/produkts\/medicinas-somina-universal-med-insert-polyester-red\/"]}]},{"@type":"ImageObject","inLanguage":"ru-RU","@id":"https:\/\/milbaza.lv\/ru\/produkts\/medicinas-somina-universal-med-insert-polyester-red\/#primaryimage","url":"https:\/\/milbaza.lv\/wp-content\/uploads\/2022\/01\/MO-M03-PO-25.png","contentUrl":"https:\/\/milbaza.lv\/wp-content\/uploads\/2022\/01\/MO-M03-PO-25.png","width":1500,"height":1500},{"@type":"BreadcrumbList","@id":"https:\/\/milbaza.lv\/ru\/produkts\/medicinas-somina-universal-med-insert-polyester-red\/#breadcrumb","itemListElement":[{"@type":"ListItem","position":1,"name":"Home","item":"https:\/\/milbaza.lv\/ru\/"},{"@type":"ListItem","position":2,"name":"\u041c\u0430\u0433\u0430\u0437\u0438\u043d","item":"https:\/\/milbaza.lv\/ru\/%d0%bc%d0%b0%d0%b3%d0%b0%d0%b7%d0%b8%d0%bd\/"},{"@type":"ListItem","position":3,"name":"Medic\u012bnas somi\u0146a Helikon-Tex UNIVERSAL MED INSERT\u00ae &#8211; Polyester (red)"}]},{"@type":"WebSite","@id":"https:\/\/milbaza.lv\/ru\/#website","url":"https:\/\/milbaza.lv\/ru\/","name":"MILBAZA \u2013 viss akt\u012bvai atp\u016btai","description":"Viss akt\u012bvai atp\u016btai","publisher":{"@id":"https:\/\/milbaza.lv\/ru\/#organization"},"potentialAction":[{"@type":"SearchAction","target":{"@type":"EntryPoint","urlTemplate":"https:\/\/milbaza.lv\/ru\/?s={search_term_string}"},"query-input":{"@type":"PropertyValueSpecification","valueRequired":true,"valueName":"search_term_string"}}],"inLanguage":"ru-RU"},{"@type":"Organization","@id":"https:\/\/milbaza.lv\/ru\/#organization","name":"Milbaza","url":"https:\/\/milbaza.lv\/ru\/","logo":{"@type":"ImageObject","inLanguage":"ru-RU","@id":"https:\/\/milbaza.lv\/ru\/#\/schema\/logo\/image\/","url":"https:\/\/milbaza.lv\/wp-content\/uploads\/2021\/11\/Mil_BAZA_logo3.png","contentUrl":"https:\/\/milbaza.lv\/wp-content\/uploads\/2021\/11\/Mil_BAZA_logo3.png","width":564,"height":226,"caption":"Milbaza"},"image":{"@id":"https:\/\/milbaza.lv\/ru\/#\/schema\/logo\/image\/"},"sameAs":["https:\/\/www.facebook.com\/profile.php?id=100075399152223","https:\/\/www.instagram.com\/milbaza.lv\/","https:\/\/www.pinterest.com\/milbaza\/_saved\/","https:\/\/www.youtube.com\/channel\/UCrPXltd8hsNIiGAKc37hGfQ"]}]}},"_links":{"self":[{"href":"https:\/\/milbaza.lv\/ru\/wp-json\/wp\/v2\/product\/2413","targetHints":{"allow":["GET"]}}],"collection":[{"href":"https:\/\/milbaza.lv\/ru\/wp-json\/wp\/v2\/product"}],"about":[{"href":"https:\/\/milbaza.lv\/ru\/wp-json\/wp\/v2\/types\/product"}],"replies":[{"embeddable":true,"href":"https:\/\/milbaza.lv\/ru\/wp-json\/wp\/v2\/comments?post=2413"}],"wp:featuredmedia":[{"embeddable":true,"href":"https:\/\/milbaza.lv\/ru\/wp-json\/wp\/v2\/media\/2417"}],"wp:attachment":[{"href":"https:\/\/milbaza.lv\/ru\/wp-json\/wp\/v2\/media?parent=2413"}],"wp:term":[{"taxonomy":"product_brand","embeddable":true,"href":"https:\/\/milbaza.lv\/ru\/wp-json\/wp\/v2\/product_brand?post=2413"},{"taxonomy":"product_cat","embeddable":true,"href":"https:\/\/milbaza.lv\/ru\/wp-json\/wp\/v2\/product_cat?post=2413"},{"taxonomy":"product_tag","embeddable":true,"href":"https:\/\/milbaza.lv\/ru\/wp-json\/wp\/v2\/product_tag?post=2413"}],"curies":[{"name":"wp","href":"https:\/\/api.w.org\/{rel}","templated":true}]}}