{"id":25014,"date":"2022-12-18T13:45:55","date_gmt":"2022-12-18T19:39:51","guid":{"rendered":"https:\/\/milbaza.lv\/?post_type=product&#038;p=25014"},"modified":"2026-01-15T23:12:13","modified_gmt":"2026-01-15T21:12:13","slug":"helikon-tex-%d1%81%d1%83%d0%bc%d0%ba%d0%b0-bushcraft-haversack-bag-cordura-earth-brown-clay-a","status":"publish","type":"product","link":"https:\/\/milbaza.lv\/ru\/produkts\/helikon-tex-%d1%81%d1%83%d0%bc%d0%ba%d0%b0-bushcraft-haversack-bag-cordura-earth-brown-clay-a\/","title":{"rendered":"HELIKON-TEX \u0421\u0423\u041c\u041a\u0410 BUSHCRAFT HAVERSACK BAG\u00ae &#8211; CORDURA\u00ae &#8211; EARTH BROWN \/ CLAY A"},"content":{"rendered":"<p>\u0421 \u043d\u0435\u0437\u0430\u043f\u0430\u043c\u044f\u0442\u043d\u044b\u0445 \u0432\u0440\u0435\u043c\u0435\u043d \u043c\u0443\u0436\u0447\u0438\u043d\u0430 \u043f\u0435\u0440\u0435\u043c\u0435\u0449\u0430\u043b \u0441\u0432\u043e\u0435 \u043e\u0441\u043d\u043e\u0432\u043d\u043e\u0435 \u0441\u043d\u0430\u0440\u044f\u0436\u0435\u043d\u0438\u0435 \u0432 \u043b\u0435\u0433\u043a\u043e\u0439 \u043a\u043e\u0436\u0430\u043d\u043e\u0439 \u0441\u0443\u043c\u043a\u0435, \u0430 \u0432 \u0431\u043e\u043b\u0435\u0435 \u043f\u043e\u0437\u0434\u043d\u0438\u0435 \u0432\u0440\u0435\u043c\u0435\u043d\u0430 \u2014 \u0438\u0437 \u043f\u0430\u0440\u0443\u0441\u0438\u043d\u044b. \u0422\u0430\u043a\u0430\u044f \u043f\u0440\u043e\u0441\u0442\u0430\u044f \u0441\u0443\u043c\u043a\u0430 \u043d\u0430\u0437\u044b\u0432\u0430\u043b\u0430\u0441\u044c \u00ab\u0440\u044e\u043a\u0437\u0430\u043a\u00bb. \u041d\u0430 \u043f\u0435\u0440\u0432\u044b\u0439 \u0432\u0437\u0433\u043b\u044f\u0434 \u0440\u044e\u043a\u0437\u0430\u043a \u043f\u0440\u043e\u0441\u0442\u043e\u0439, \u043d\u043e \u043d\u0430 \u0441\u0430\u043c\u043e\u043c \u0434\u0435\u043b\u0435 \u044d\u0442\u043e \u043f\u0440\u043e\u0434\u0432\u0438\u043d\u0443\u0442\u0430\u044f \u0447\u0430\u0441\u0442\u044c \u043e\u0431\u043e\u0440\u0443\u0434\u043e\u0432\u0430\u043d\u0438\u044f \u0434\u043b\u044f \u043b\u0438\u043d\u0435\u0439\u043a\u0438 Bushcraft. \u041e\u043d \u0432\u043c\u0435\u0449\u0430\u0435\u0442 \u0431\u0443\u0442\u044b\u043b\u043a\u0443 \u0441 \u0432\u043e\u0434\u043e\u0439, \u0435\u0434\u0443 \u0438 \u043e\u0431\u043e\u0440\u0443\u0434\u043e\u0432\u0430\u043d\u0438\u0435 \u0434\u043b\u044f \u0440\u0430\u0437\u0432\u0435\u0434\u0435\u043d\u0438\u044f \u043a\u043e\u0441\u0442\u0440\u0430. \u041e\u043d \u043f\u0440\u0438\u043a\u0440\u044b\u0442 \u043a\u043b\u0430\u043f\u0430\u043d\u043e\u043c \u0441 \u043a\u043b\u0430\u0441\u0441\u0438\u0447\u0435\u0441\u043a\u043e\u0439 \u0431\u0440\u0438\u0442\u0430\u043d\u0441\u043a\u043e\u0439 \u0437\u0430\u0441\u0442\u0435\u0436\u043a\u043e\u0439 \u0438\u0437 80-\u0445. \u0412 \u043f\u0435\u0440\u0435\u0434\u043d\u0438\u0439 \u043a\u0430\u0440\u043c\u0430\u043d \u043c\u043e\u0436\u043d\u043e \u043f\u0440\u0438\u043a\u0440\u0435\u043f\u0438\u0442\u044c \u0432\u043a\u043b\u0430\u0434\u044b\u0448\u0438 \u043e\u0442 \u0441\u0438\u0441\u0442\u0435\u043c\u044b \u0412\u0418\u0421. \u041f\u043e \u0431\u043e\u043a\u0430\u043c \u043c\u043e\u0436\u043d\u043e \u043f\u043e\u043b\u043e\u0436\u0438\u0442\u044c \u0442\u043e\u043f\u043e\u0440, \u043f\u0438\u043b\u0443 \u0438\u043b\u0438 \u043d\u043e\u0436. \u041a \u0440\u0435\u043c\u043d\u044f\u043c MOLLE\/PALS \u043c\u043e\u0436\u043d\u043e \u043f\u0440\u0438\u043a\u0440\u0435\u043f\u0438\u0442\u044c \u0434\u043e\u043f\u043e\u043b\u043d\u0438\u0442\u0435\u043b\u044c\u043d\u043e\u0435 \u0441\u043d\u0430\u0440\u044f\u0436\u0435\u043d\u0438\u0435. \u0415\u0433\u043e \u0443\u0434\u043e\u0431\u043d\u043e \u043d\u043e\u0441\u0438\u0442\u044c \u043d\u0430 \u0442\u043e\u043b\u0441\u0442\u043e\u043c \u0440\u0435\u043c\u0435\u0448\u043a\u0435 \u0448\u0438\u0440\u0438\u043d\u043e\u0439 50 \u043c\u043c. \u0420\u044e\u043a\u0437\u0430\u043a \u2014 \u044d\u0442\u043e \u0441\u043e\u0432\u0440\u0435\u043c\u0435\u043d\u043d\u0430\u044f \u0441\u0443\u043c\u043a\u0430, \u043d\u0430\u043f\u043e\u043c\u0438\u043d\u0430\u044e\u0449\u0430\u044f \u0441\u043d\u0430\u0440\u044f\u0436\u0435\u043d\u0438\u0435 \u043f\u0440\u043e\u0448\u043b\u043e\u0433\u043e \u0432\u0435\u043a\u0430.<\/p>\n<p>\u0424\u0443\u043d\u043a\u0446\u0438\u0438:<br \/>\n\u043f\u0440\u044f\u0436\u043a\u0438 \u0423\u0414\u0436\u0438\u043d<br \/>\n\u041c\u043e\u043b\u043d\u0438\u0438 YKK\u00ae<br \/>\n\u0421\u043e\u0432\u043c\u0435\u0441\u0442\u0438\u043c\u043e\u0441\u0442\u044c \u0441 \u0443\u043d\u0438\u0432\u0435\u0440\u0441\u0430\u043b\u044c\u043d\u043e\u0439 \u0441\u0438\u0441\u0442\u0435\u043c\u043e\u0439 \u0432\u0441\u0442\u0430\u0432\u043e\u043a\u00ae<br \/>\n\u0421\u043e\u0432\u043c\u0435\u0441\u0442\u0438\u043c\u043e\u0441\u0442\u044c \u0441 MOLLE\/PALS<br \/>\n\u041a\u043e\u0440\u0434\u0443\u0440\u0430\u00ae 500D<\/p>\n","protected":false},"excerpt":{"rendered":"<p>\u0421 \u043d\u0435\u0437\u0430\u043f\u0430\u043c\u044f\u0442\u043d\u044b\u0445 \u0432\u0440\u0435\u043c\u0435\u043d \u043c\u0443\u0436\u0447\u0438\u043d\u0430 \u043f\u0435\u0440\u0435\u043c\u0435\u0449\u0430\u043b \u0441\u0432\u043e\u0435 \u043e\u0441\u043d\u043e\u0432\u043d\u043e\u0435 \u0441\u043d\u0430\u0440\u044f\u0436\u0435\u043d\u0438\u0435 \u0432 \u043b\u0435\u0433\u043a\u043e\u0439 \u043a\u043e\u0436\u0430\u043d\u043e\u0439 \u0441\u0443\u043c\u043a\u0435, \u0430 \u0432 \u0431\u043e\u043b\u0435\u0435 \u043f\u043e\u0437\u0434\u043d\u0438\u0435 \u0432\u0440\u0435\u043c\u0435\u043d\u0430 \u2014 \u0438\u0437 \u043f\u0430\u0440\u0443\u0441\u0438\u043d\u044b. \u0422\u0430\u043a\u0430\u044f \u043f\u0440\u043e\u0441\u0442\u0430\u044f \u0441\u0443\u043c\u043a\u0430 \u043d\u0430\u0437\u044b\u0432\u0430\u043b\u0430\u0441\u044c \u00ab\u0440\u044e\u043a\u0437\u0430\u043a\u00bb. \u041d\u0430 \u043f\u0435\u0440\u0432\u044b\u0439 \u0432\u0437\u0433\u043b\u044f\u0434 \u0440\u044e\u043a\u0437\u0430\u043a \u043f\u0440\u043e\u0441\u0442\u043e\u0439, \u043d\u043e \u043d\u0430 \u0441\u0430\u043c\u043e\u043c \u0434\u0435\u043b\u0435 \u044d\u0442\u043e \u043f\u0440\u043e\u0434\u0432\u0438\u043d\u0443\u0442\u0430\u044f \u0447\u0430\u0441\u0442\u044c \u043e\u0431\u043e\u0440\u0443\u0434\u043e\u0432\u0430\u043d\u0438\u044f \u0434\u043b\u044f \u043b\u0438\u043d\u0435\u0439\u043a\u0438 Bushcraft. \u041e\u043d \u0432\u043c\u0435\u0449\u0430\u0435\u0442 \u0431\u0443\u0442\u044b\u043b\u043a\u0443 \u0441 \u0432\u043e\u0434\u043e\u0439, \u0435\u0434\u0443 \u0438 \u043e\u0431\u043e\u0440\u0443\u0434\u043e\u0432\u0430\u043d\u0438\u0435 \u0434\u043b\u044f \u0440\u0430\u0437\u0432\u0435\u0434\u0435\u043d\u0438\u044f \u043a\u043e\u0441\u0442\u0440\u0430. \u041e\u043d \u043f\u0440\u0438\u043a\u0440\u044b\u0442 \u043a\u043b\u0430\u043f\u0430\u043d\u043e\u043c [&#8230;]\n","protected":false},"featured_media":24973,"comment_status":"open","ping_status":"closed","template":"","meta":{"_acf_changed":false},"product_brand":[],"product_cat":[359,362],"product_tag":[],"class_list":{"0":"post-25014","1":"product","2":"type-product","3":"status-publish","4":"has-post-thumbnail","6":"product_cat-359","7":"product_cat-362","9":"first","10":"instock","11":"taxable","12":"shipping-taxable","13":"purchasable","14":"product-type-simple"},"acf":[],"yoast_head":"<!-- This site is optimized with the Yoast SEO plugin v26.7 - https:\/\/yoast.com\/wordpress\/plugins\/seo\/ -->\n<title>HELIKON-TEX \u0421\u0423\u041c\u041a\u0410 BUSHCRAFT HAVERSACK BAG\u00ae - CORDURA\u00ae - EARTH BROWN \/ CLAY A - MILBAZA \u2013 viss akt\u012bvai atp\u016btai<\/title>\n<meta name=\"description\" content=\"\u041a\u0443\u043f\u0438\u0442\u044c HELIKON-TEX \u0421\u0423\u041c\u041a\u0410 BUSHCRAFT HAVERSACK BAG\u00ae - CORDURA\u00ae - EARTH BROWN \/ CLAY A \u043f\u043e \u0432\u044b\u0433\u043e\u0434\u043d\u043e\u0439 \u0446\u0435\u043d\u0435 \u0441 \u0434\u043e\u0441\u0442\u0430\u0432\u043a\u043e\u0439. \u0418\u043d\u0442\u0435\u0440\u043d\u0435\u0442-\u043c\u0430\u0433\u0430\u0437\u0438\u043d \u0442\u0443\u0440\u0438\u0441\u0442\u0438\u0447\u0435\u0441\u043a\u0438\u0445 \u0442\u043e\u0432\u0430\u0440\u043e\u0432, \u0437\u0430\u043a\u0430\u0437\u044b\u0432\u0430\u0439\u0442\u0435 \u043e\u043d\u043b\u0430\u0439\u043d 24\/7!\" \/>\n<meta name=\"robots\" content=\"index, follow, max-snippet:-1, max-image-preview:large, max-video-preview:-1\" \/>\n<link rel=\"canonical\" href=\"https:\/\/milbaza.lv\/ru\/produkts\/helikon-tex-%d1%81%d1%83%d0%bc%d0%ba%d0%b0-bushcraft-haversack-bag-cordura-earth-brown-clay-a\/\" \/>\n<meta property=\"og:locale\" content=\"ru_RU\" \/>\n<meta property=\"og:type\" content=\"article\" \/>\n<meta property=\"og:title\" content=\"HELIKON-TEX \u0421\u0423\u041c\u041a\u0410 BUSHCRAFT HAVERSACK BAG\u00ae - CORDURA\u00ae - EARTH BROWN \/ CLAY A - MILBAZA \u2013 viss akt\u012bvai atp\u016btai\" \/>\n<meta property=\"og:description\" content=\"\u041a\u0443\u043f\u0438\u0442\u044c HELIKON-TEX \u0421\u0423\u041c\u041a\u0410 BUSHCRAFT HAVERSACK BAG\u00ae - CORDURA\u00ae - EARTH BROWN \/ CLAY A \u043f\u043e \u0432\u044b\u0433\u043e\u0434\u043d\u043e\u0439 \u0446\u0435\u043d\u0435 \u0441 \u0434\u043e\u0441\u0442\u0430\u0432\u043a\u043e\u0439. \u0418\u043d\u0442\u0435\u0440\u043d\u0435\u0442-\u043c\u0430\u0433\u0430\u0437\u0438\u043d \u0442\u0443\u0440\u0438\u0441\u0442\u0438\u0447\u0435\u0441\u043a\u0438\u0445 \u0442\u043e\u0432\u0430\u0440\u043e\u0432, \u0437\u0430\u043a\u0430\u0437\u044b\u0432\u0430\u0439\u0442\u0435 \u043e\u043d\u043b\u0430\u0439\u043d 24\/7!\" \/>\n<meta property=\"og:url\" content=\"https:\/\/milbaza.lv\/ru\/produkts\/helikon-tex-%d1%81%d1%83%d0%bc%d0%ba%d0%b0-bushcraft-haversack-bag-cordura-earth-brown-clay-a\/\" \/>\n<meta property=\"og:site_name\" content=\"MILBAZA \u2013 viss akt\u012bvai atp\u016btai\" \/>\n<meta property=\"article:publisher\" content=\"https:\/\/www.facebook.com\/profile.php?id=100075399152223\" \/>\n<meta property=\"article:modified_time\" content=\"2026-01-15T21:12:13+00:00\" \/>\n<meta property=\"og:image\" content=\"https:\/\/milbaza.lv\/wp-content\/uploads\/2022\/12\/TB-HVS-CD-0A0BA.jpeg\" \/>\n\t<meta property=\"og:image:width\" content=\"1500\" \/>\n\t<meta property=\"og:image:height\" content=\"1500\" \/>\n\t<meta property=\"og:image:type\" content=\"image\/jpeg\" \/>\n<meta name=\"twitter:card\" content=\"summary_large_image\" \/>\n<script type=\"application\/ld+json\" class=\"yoast-schema-graph\">{\"@context\":\"https:\/\/schema.org\",\"@graph\":[{\"@type\":\"WebPage\",\"@id\":\"https:\/\/milbaza.lv\/ru\/produkts\/helikon-tex-%d1%81%d1%83%d0%bc%d0%ba%d0%b0-bushcraft-haversack-bag-cordura-earth-brown-clay-a\/\",\"url\":\"https:\/\/milbaza.lv\/ru\/produkts\/helikon-tex-%d1%81%d1%83%d0%bc%d0%ba%d0%b0-bushcraft-haversack-bag-cordura-earth-brown-clay-a\/\",\"name\":\"HELIKON-TEX \u0421\u0423\u041c\u041a\u0410 BUSHCRAFT HAVERSACK BAG\u00ae - CORDURA\u00ae - EARTH BROWN \/ CLAY A - MILBAZA \u2013 viss akt\u012bvai atp\u016btai\",\"isPartOf\":{\"@id\":\"https:\/\/milbaza.lv\/ru\/#website\"},\"primaryImageOfPage\":{\"@id\":\"https:\/\/milbaza.lv\/ru\/produkts\/helikon-tex-%d1%81%d1%83%d0%bc%d0%ba%d0%b0-bushcraft-haversack-bag-cordura-earth-brown-clay-a\/#primaryimage\"},\"image\":{\"@id\":\"https:\/\/milbaza.lv\/ru\/produkts\/helikon-tex-%d1%81%d1%83%d0%bc%d0%ba%d0%b0-bushcraft-haversack-bag-cordura-earth-brown-clay-a\/#primaryimage\"},\"thumbnailUrl\":\"https:\/\/milbaza.lv\/wp-content\/uploads\/2022\/12\/TB-HVS-CD-0A0BA.jpeg\",\"datePublished\":\"2022-12-18T19:39:51+00:00\",\"dateModified\":\"2026-01-15T21:12:13+00:00\",\"description\":\"\u041a\u0443\u043f\u0438\u0442\u044c HELIKON-TEX \u0421\u0423\u041c\u041a\u0410 BUSHCRAFT HAVERSACK BAG\u00ae - CORDURA\u00ae - EARTH BROWN \/ CLAY A \u043f\u043e \u0432\u044b\u0433\u043e\u0434\u043d\u043e\u0439 \u0446\u0435\u043d\u0435 \u0441 \u0434\u043e\u0441\u0442\u0430\u0432\u043a\u043e\u0439. \u0418\u043d\u0442\u0435\u0440\u043d\u0435\u0442-\u043c\u0430\u0433\u0430\u0437\u0438\u043d \u0442\u0443\u0440\u0438\u0441\u0442\u0438\u0447\u0435\u0441\u043a\u0438\u0445 \u0442\u043e\u0432\u0430\u0440\u043e\u0432, \u0437\u0430\u043a\u0430\u0437\u044b\u0432\u0430\u0439\u0442\u0435 \u043e\u043d\u043b\u0430\u0439\u043d 24\/7!\",\"breadcrumb\":{\"@id\":\"https:\/\/milbaza.lv\/ru\/produkts\/helikon-tex-%d1%81%d1%83%d0%bc%d0%ba%d0%b0-bushcraft-haversack-bag-cordura-earth-brown-clay-a\/#breadcrumb\"},\"inLanguage\":\"ru-RU\",\"potentialAction\":[{\"@type\":\"ReadAction\",\"target\":[\"https:\/\/milbaza.lv\/ru\/produkts\/helikon-tex-%d1%81%d1%83%d0%bc%d0%ba%d0%b0-bushcraft-haversack-bag-cordura-earth-brown-clay-a\/\"]}]},{\"@type\":\"ImageObject\",\"inLanguage\":\"ru-RU\",\"@id\":\"https:\/\/milbaza.lv\/ru\/produkts\/helikon-tex-%d1%81%d1%83%d0%bc%d0%ba%d0%b0-bushcraft-haversack-bag-cordura-earth-brown-clay-a\/#primaryimage\",\"url\":\"https:\/\/milbaza.lv\/wp-content\/uploads\/2022\/12\/TB-HVS-CD-0A0BA.jpeg\",\"contentUrl\":\"https:\/\/milbaza.lv\/wp-content\/uploads\/2022\/12\/TB-HVS-CD-0A0BA.jpeg\",\"width\":1500,\"height\":1500},{\"@type\":\"BreadcrumbList\",\"@id\":\"https:\/\/milbaza.lv\/ru\/produkts\/helikon-tex-%d1%81%d1%83%d0%bc%d0%ba%d0%b0-bushcraft-haversack-bag-cordura-earth-brown-clay-a\/#breadcrumb\",\"itemListElement\":[{\"@type\":\"ListItem\",\"position\":1,\"name\":\"Home\",\"item\":\"https:\/\/milbaza.lv\/ru\/\"},{\"@type\":\"ListItem\",\"position\":2,\"name\":\"\u041c\u0430\u0433\u0430\u0437\u0438\u043d\",\"item\":\"https:\/\/milbaza.lv\/ru\/%d0%bc%d0%b0%d0%b3%d0%b0%d0%b7%d0%b8%d0%bd\/\"},{\"@type\":\"ListItem\",\"position\":3,\"name\":\"HELIKON-TEX \u0421\u0423\u041c\u041a\u0410 BUSHCRAFT HAVERSACK BAG\u00ae &#8211; CORDURA\u00ae &#8211; EARTH BROWN \/ CLAY A\"}]},{\"@type\":\"WebSite\",\"@id\":\"https:\/\/milbaza.lv\/ru\/#website\",\"url\":\"https:\/\/milbaza.lv\/ru\/\",\"name\":\"MILBAZA \u2013 viss akt\u012bvai atp\u016btai\",\"description\":\"Viss akt\u012bvai atp\u016btai\",\"publisher\":{\"@id\":\"https:\/\/milbaza.lv\/ru\/#organization\"},\"potentialAction\":[{\"@type\":\"SearchAction\",\"target\":{\"@type\":\"EntryPoint\",\"urlTemplate\":\"https:\/\/milbaza.lv\/ru\/?s={search_term_string}\"},\"query-input\":{\"@type\":\"PropertyValueSpecification\",\"valueRequired\":true,\"valueName\":\"search_term_string\"}}],\"inLanguage\":\"ru-RU\"},{\"@type\":\"Organization\",\"@id\":\"https:\/\/milbaza.lv\/ru\/#organization\",\"name\":\"Milbaza\",\"url\":\"https:\/\/milbaza.lv\/ru\/\",\"logo\":{\"@type\":\"ImageObject\",\"inLanguage\":\"ru-RU\",\"@id\":\"https:\/\/milbaza.lv\/ru\/#\/schema\/logo\/image\/\",\"url\":\"https:\/\/milbaza.lv\/wp-content\/uploads\/2021\/11\/Mil_BAZA_logo3.png\",\"contentUrl\":\"https:\/\/milbaza.lv\/wp-content\/uploads\/2021\/11\/Mil_BAZA_logo3.png\",\"width\":564,\"height\":226,\"caption\":\"Milbaza\"},\"image\":{\"@id\":\"https:\/\/milbaza.lv\/ru\/#\/schema\/logo\/image\/\"},\"sameAs\":[\"https:\/\/www.facebook.com\/profile.php?id=100075399152223\",\"https:\/\/www.instagram.com\/milbaza.lv\/\",\"https:\/\/www.pinterest.com\/milbaza\/_saved\/\",\"https:\/\/www.youtube.com\/channel\/UCrPXltd8hsNIiGAKc37hGfQ\"]}]}<\/script>\n<!-- \/ Yoast SEO plugin. -->","yoast_head_json":{"title":"HELIKON-TEX \u0421\u0423\u041c\u041a\u0410 BUSHCRAFT HAVERSACK BAG\u00ae - CORDURA\u00ae - EARTH BROWN \/ CLAY A - MILBAZA \u2013 viss akt\u012bvai atp\u016btai","description":"\u041a\u0443\u043f\u0438\u0442\u044c HELIKON-TEX \u0421\u0423\u041c\u041a\u0410 BUSHCRAFT HAVERSACK BAG\u00ae - CORDURA\u00ae - EARTH BROWN \/ CLAY A \u043f\u043e \u0432\u044b\u0433\u043e\u0434\u043d\u043e\u0439 \u0446\u0435\u043d\u0435 \u0441 \u0434\u043e\u0441\u0442\u0430\u0432\u043a\u043e\u0439. \u0418\u043d\u0442\u0435\u0440\u043d\u0435\u0442-\u043c\u0430\u0433\u0430\u0437\u0438\u043d \u0442\u0443\u0440\u0438\u0441\u0442\u0438\u0447\u0435\u0441\u043a\u0438\u0445 \u0442\u043e\u0432\u0430\u0440\u043e\u0432, \u0437\u0430\u043a\u0430\u0437\u044b\u0432\u0430\u0439\u0442\u0435 \u043e\u043d\u043b\u0430\u0439\u043d 24\/7!","robots":{"index":"index","follow":"follow","max-snippet":"max-snippet:-1","max-image-preview":"max-image-preview:large","max-video-preview":"max-video-preview:-1"},"canonical":"https:\/\/milbaza.lv\/ru\/produkts\/helikon-tex-%d1%81%d1%83%d0%bc%d0%ba%d0%b0-bushcraft-haversack-bag-cordura-earth-brown-clay-a\/","og_locale":"ru_RU","og_type":"article","og_title":"HELIKON-TEX \u0421\u0423\u041c\u041a\u0410 BUSHCRAFT HAVERSACK BAG\u00ae - CORDURA\u00ae - EARTH BROWN \/ CLAY A - MILBAZA \u2013 viss akt\u012bvai atp\u016btai","og_description":"\u041a\u0443\u043f\u0438\u0442\u044c HELIKON-TEX \u0421\u0423\u041c\u041a\u0410 BUSHCRAFT HAVERSACK BAG\u00ae - CORDURA\u00ae - EARTH BROWN \/ CLAY A \u043f\u043e \u0432\u044b\u0433\u043e\u0434\u043d\u043e\u0439 \u0446\u0435\u043d\u0435 \u0441 \u0434\u043e\u0441\u0442\u0430\u0432\u043a\u043e\u0439. \u0418\u043d\u0442\u0435\u0440\u043d\u0435\u0442-\u043c\u0430\u0433\u0430\u0437\u0438\u043d \u0442\u0443\u0440\u0438\u0441\u0442\u0438\u0447\u0435\u0441\u043a\u0438\u0445 \u0442\u043e\u0432\u0430\u0440\u043e\u0432, \u0437\u0430\u043a\u0430\u0437\u044b\u0432\u0430\u0439\u0442\u0435 \u043e\u043d\u043b\u0430\u0439\u043d 24\/7!","og_url":"https:\/\/milbaza.lv\/ru\/produkts\/helikon-tex-%d1%81%d1%83%d0%bc%d0%ba%d0%b0-bushcraft-haversack-bag-cordura-earth-brown-clay-a\/","og_site_name":"MILBAZA \u2013 viss akt\u012bvai atp\u016btai","article_publisher":"https:\/\/www.facebook.com\/profile.php?id=100075399152223","article_modified_time":"2026-01-15T21:12:13+00:00","og_image":[{"width":1500,"height":1500,"url":"https:\/\/milbaza.lv\/wp-content\/uploads\/2022\/12\/TB-HVS-CD-0A0BA.jpeg","type":"image\/jpeg"}],"twitter_card":"summary_large_image","schema":{"@context":"https:\/\/schema.org","@graph":[{"@type":"WebPage","@id":"https:\/\/milbaza.lv\/ru\/produkts\/helikon-tex-%d1%81%d1%83%d0%bc%d0%ba%d0%b0-bushcraft-haversack-bag-cordura-earth-brown-clay-a\/","url":"https:\/\/milbaza.lv\/ru\/produkts\/helikon-tex-%d1%81%d1%83%d0%bc%d0%ba%d0%b0-bushcraft-haversack-bag-cordura-earth-brown-clay-a\/","name":"HELIKON-TEX \u0421\u0423\u041c\u041a\u0410 BUSHCRAFT HAVERSACK BAG\u00ae - CORDURA\u00ae - EARTH BROWN \/ CLAY A - MILBAZA \u2013 viss akt\u012bvai atp\u016btai","isPartOf":{"@id":"https:\/\/milbaza.lv\/ru\/#website"},"primaryImageOfPage":{"@id":"https:\/\/milbaza.lv\/ru\/produkts\/helikon-tex-%d1%81%d1%83%d0%bc%d0%ba%d0%b0-bushcraft-haversack-bag-cordura-earth-brown-clay-a\/#primaryimage"},"image":{"@id":"https:\/\/milbaza.lv\/ru\/produkts\/helikon-tex-%d1%81%d1%83%d0%bc%d0%ba%d0%b0-bushcraft-haversack-bag-cordura-earth-brown-clay-a\/#primaryimage"},"thumbnailUrl":"https:\/\/milbaza.lv\/wp-content\/uploads\/2022\/12\/TB-HVS-CD-0A0BA.jpeg","datePublished":"2022-12-18T19:39:51+00:00","dateModified":"2026-01-15T21:12:13+00:00","description":"\u041a\u0443\u043f\u0438\u0442\u044c HELIKON-TEX \u0421\u0423\u041c\u041a\u0410 BUSHCRAFT HAVERSACK BAG\u00ae - CORDURA\u00ae - EARTH BROWN \/ CLAY A \u043f\u043e \u0432\u044b\u0433\u043e\u0434\u043d\u043e\u0439 \u0446\u0435\u043d\u0435 \u0441 \u0434\u043e\u0441\u0442\u0430\u0432\u043a\u043e\u0439. \u0418\u043d\u0442\u0435\u0440\u043d\u0435\u0442-\u043c\u0430\u0433\u0430\u0437\u0438\u043d \u0442\u0443\u0440\u0438\u0441\u0442\u0438\u0447\u0435\u0441\u043a\u0438\u0445 \u0442\u043e\u0432\u0430\u0440\u043e\u0432, \u0437\u0430\u043a\u0430\u0437\u044b\u0432\u0430\u0439\u0442\u0435 \u043e\u043d\u043b\u0430\u0439\u043d 24\/7!","breadcrumb":{"@id":"https:\/\/milbaza.lv\/ru\/produkts\/helikon-tex-%d1%81%d1%83%d0%bc%d0%ba%d0%b0-bushcraft-haversack-bag-cordura-earth-brown-clay-a\/#breadcrumb"},"inLanguage":"ru-RU","potentialAction":[{"@type":"ReadAction","target":["https:\/\/milbaza.lv\/ru\/produkts\/helikon-tex-%d1%81%d1%83%d0%bc%d0%ba%d0%b0-bushcraft-haversack-bag-cordura-earth-brown-clay-a\/"]}]},{"@type":"ImageObject","inLanguage":"ru-RU","@id":"https:\/\/milbaza.lv\/ru\/produkts\/helikon-tex-%d1%81%d1%83%d0%bc%d0%ba%d0%b0-bushcraft-haversack-bag-cordura-earth-brown-clay-a\/#primaryimage","url":"https:\/\/milbaza.lv\/wp-content\/uploads\/2022\/12\/TB-HVS-CD-0A0BA.jpeg","contentUrl":"https:\/\/milbaza.lv\/wp-content\/uploads\/2022\/12\/TB-HVS-CD-0A0BA.jpeg","width":1500,"height":1500},{"@type":"BreadcrumbList","@id":"https:\/\/milbaza.lv\/ru\/produkts\/helikon-tex-%d1%81%d1%83%d0%bc%d0%ba%d0%b0-bushcraft-haversack-bag-cordura-earth-brown-clay-a\/#breadcrumb","itemListElement":[{"@type":"ListItem","position":1,"name":"Home","item":"https:\/\/milbaza.lv\/ru\/"},{"@type":"ListItem","position":2,"name":"\u041c\u0430\u0433\u0430\u0437\u0438\u043d","item":"https:\/\/milbaza.lv\/ru\/%d0%bc%d0%b0%d0%b3%d0%b0%d0%b7%d0%b8%d0%bd\/"},{"@type":"ListItem","position":3,"name":"HELIKON-TEX \u0421\u0423\u041c\u041a\u0410 BUSHCRAFT HAVERSACK BAG\u00ae &#8211; CORDURA\u00ae &#8211; EARTH BROWN \/ CLAY A"}]},{"@type":"WebSite","@id":"https:\/\/milbaza.lv\/ru\/#website","url":"https:\/\/milbaza.lv\/ru\/","name":"MILBAZA \u2013 viss akt\u012bvai atp\u016btai","description":"Viss akt\u012bvai atp\u016btai","publisher":{"@id":"https:\/\/milbaza.lv\/ru\/#organization"},"potentialAction":[{"@type":"SearchAction","target":{"@type":"EntryPoint","urlTemplate":"https:\/\/milbaza.lv\/ru\/?s={search_term_string}"},"query-input":{"@type":"PropertyValueSpecification","valueRequired":true,"valueName":"search_term_string"}}],"inLanguage":"ru-RU"},{"@type":"Organization","@id":"https:\/\/milbaza.lv\/ru\/#organization","name":"Milbaza","url":"https:\/\/milbaza.lv\/ru\/","logo":{"@type":"ImageObject","inLanguage":"ru-RU","@id":"https:\/\/milbaza.lv\/ru\/#\/schema\/logo\/image\/","url":"https:\/\/milbaza.lv\/wp-content\/uploads\/2021\/11\/Mil_BAZA_logo3.png","contentUrl":"https:\/\/milbaza.lv\/wp-content\/uploads\/2021\/11\/Mil_BAZA_logo3.png","width":564,"height":226,"caption":"Milbaza"},"image":{"@id":"https:\/\/milbaza.lv\/ru\/#\/schema\/logo\/image\/"},"sameAs":["https:\/\/www.facebook.com\/profile.php?id=100075399152223","https:\/\/www.instagram.com\/milbaza.lv\/","https:\/\/www.pinterest.com\/milbaza\/_saved\/","https:\/\/www.youtube.com\/channel\/UCrPXltd8hsNIiGAKc37hGfQ"]}]}},"_links":{"self":[{"href":"https:\/\/milbaza.lv\/ru\/wp-json\/wp\/v2\/product\/25014","targetHints":{"allow":["GET"]}}],"collection":[{"href":"https:\/\/milbaza.lv\/ru\/wp-json\/wp\/v2\/product"}],"about":[{"href":"https:\/\/milbaza.lv\/ru\/wp-json\/wp\/v2\/types\/product"}],"replies":[{"embeddable":true,"href":"https:\/\/milbaza.lv\/ru\/wp-json\/wp\/v2\/comments?post=25014"}],"wp:featuredmedia":[{"embeddable":true,"href":"https:\/\/milbaza.lv\/ru\/wp-json\/wp\/v2\/media\/24973"}],"wp:attachment":[{"href":"https:\/\/milbaza.lv\/ru\/wp-json\/wp\/v2\/media?parent=25014"}],"wp:term":[{"taxonomy":"product_brand","embeddable":true,"href":"https:\/\/milbaza.lv\/ru\/wp-json\/wp\/v2\/product_brand?post=25014"},{"taxonomy":"product_cat","embeddable":true,"href":"https:\/\/milbaza.lv\/ru\/wp-json\/wp\/v2\/product_cat?post=25014"},{"taxonomy":"product_tag","embeddable":true,"href":"https:\/\/milbaza.lv\/ru\/wp-json\/wp\/v2\/product_tag?post=25014"}],"curies":[{"name":"wp","href":"https:\/\/api.w.org\/{rel}","templated":true}]}}