{"id":25892,"date":"2022-12-24T17:37:36","date_gmt":"2022-12-24T16:34:53","guid":{"rendered":"https:\/\/milbaza.lv\/produkts\/mfh-%d0%b3%d0%b0%d0%b7%d0%be%d0%b2%d0%b0%d1%8f-%d0%bb%d0%b0%d0%bc%d0%bf%d0%b0-%d1%81-%d0%be%d1%82%d1%80%d0%b0%d0%b6%d0%b0%d1%82%d0%b5%d0%bb%d0%b5%d0%bc-%d1%81-%d0%bf%d1%8c%d0%b5%d0%b7%d0%be%d0%bf\/"},"modified":"2022-12-24T18:34:53","modified_gmt":"2022-12-24T16:34:53","slug":"mfh-gas-lamp-with-piezo-ignition-reflector-and-bag","status":"publish","type":"product","link":"https:\/\/milbaza.lv\/ru\/produkts\/mfh-gas-lamp-with-piezo-ignition-reflector-and-bag\/","title":{"rendered":"MFH \u0413\u0430\u0437\u043e\u0432\u0430\u044f \u043b\u0430\u043c\u043f\u0430 \u0441 \u043e\u0442\u0440\u0430\u0436\u0430\u0442\u0435\u043b\u0435\u043c \u0441 \u043f\u044c\u0435\u0437\u043e\u043f\u043e\u0434\u0436\u0438\u0433\u043e\u043c \u0438 \u0441\u0443\u043c\u043a\u043e\u0439"},"content":{"rendered":"<p>\u0441\u043a\u043b\u0430\u0434\u043d\u0430\u044f \u0440\u0443\u0447\u043a\u0430<br \/>\n\u0441\u0442\u0435\u043a\u043b\u044f\u043d\u043d\u044b\u0439 \u0433\u043b\u043e\u0431\u0443\u0441<br \/>\n\u0433\u043e\u0440\u0435\u043b\u043a\u0430 \u0438\u0437 \u043d\u0435\u0440\u0436\u0430\u0432\u0435\u044e\u0449\u0435\u0439 \u0441\u0442\u0430\u043b\u0438<br \/>\n\u043f\u043b\u0430\u0432\u043d\u0430\u044f \u0440\u0435\u0433\u0443\u043b\u0438\u0440\u043e\u0432\u043a\u0430 \u0438\u043d\u0442\u0435\u043d\u0441\u0438\u0432\u043d\u043e\u0441\u0442\u0438 \u043e\u0441\u0432\u0435\u0449\u0435\u043d\u0438\u044f<br \/>\n\u041f\u044c\u0435\u0437\u043e\u043f\u043e\u0434\u0436\u0438\u0433<br \/>\n\u043f\u043e\u0434\u0445\u043e\u0434\u0438\u0442 \u0434\u043b\u044f \u043a\u0430\u0440\u0442\u0440\u0438\u0434\u0436\u0435\u0439 \u0441 \u0432\u0438\u043d\u0442\u043e\u0432\u044b\u043c \u043a\u043b\u0430\u043f\u0430\u043d\u043e\u043c \u0432 \u0441\u043e\u043e\u0442\u0432\u0435\u0442\u0441\u0442\u0432\u0438\u0438 \u0441<br \/>\n\u0432 \u0441\u043e\u043e\u0442\u0432\u0435\u0442\u0441\u0442\u0432\u0438\u0438 \u0441 EN417<br \/>\n\u0441\u044a\u0451\u043c\u043d\u044b\u0439 \u043e\u0442\u0440\u0430\u0436\u0430\u0442\u0435\u043b\u044c<br \/>\n\u0432\u043a\u043b. 4 \u043c\u0430\u043d\u0442\u0438\u0438<br \/>\n\u0420\u0430\u0441\u0445\u043e\u0434 \u0433\u0430\u0437\u0430: 21,8 \u0433\/\u0447<br \/>\n\u0420\u0430\u0437\u043c\u0435\u0440\u044b:<br \/>\n\u041b\u0430\u043c\u043f\u0430: \u043e\u043a. 31 x 11 \u0441\u043c (H x Di)<br \/>\n\u041e\u0442\u0440\u0430\u0436\u0430\u0442\u0435\u043b\u044c: \u043e\u043a. 25,5 \u0441\u043c (Di)<br \/>\n\u0412\u0435\u0441 \u0432\u043a\u043b. \u043e\u0442\u0440\u0430\u0436\u0430\u0442\u0435\u043b\u044c: \u043e\u043a. 960 g<\/p>\n<p>\u041c\u0430\u0442\u0435\u0440\u0438\u0430\u043b: \u0421\u0442\u0430\u043b\u044c, \u0445\u0440\u043e\u043c\u0438\u0440\u043e\u0432\u0430\u043d\u043d\u0430\u044f<\/p>\n<p>\u041f\u043e\u0441\u0442\u0430\u0432\u043b\u044f\u0435\u0442\u0441\u044f \u0431\u0435\u0437 \u0433\u0430\u0437\u043e\u0432\u043e\u0433\u043e \u043a\u0430\u0440\u0442\u0440\u0438\u0434\u0436\u0430!<\/p>\n","protected":false},"excerpt":{"rendered":"<p>\u0441\u043a\u043b\u0430\u0434\u043d\u0430\u044f \u0440\u0443\u0447\u043a\u0430 \u0441\u0442\u0435\u043a\u043b\u044f\u043d\u043d\u044b\u0439 \u0433\u043b\u043e\u0431\u0443\u0441 \u0433\u043e\u0440\u0435\u043b\u043a\u0430 \u0438\u0437 \u043d\u0435\u0440\u0436\u0430\u0432\u0435\u044e\u0449\u0435\u0439 \u0441\u0442\u0430\u043b\u0438 \u043f\u043b\u0430\u0432\u043d\u0430\u044f \u0440\u0435\u0433\u0443\u043b\u0438\u0440\u043e\u0432\u043a\u0430 \u0438\u043d\u0442\u0435\u043d\u0441\u0438\u0432\u043d\u043e\u0441\u0442\u0438 \u043e\u0441\u0432\u0435\u0449\u0435\u043d\u0438\u044f \u041f\u044c\u0435\u0437\u043e\u043f\u043e\u0434\u0436\u0438\u0433 \u043f\u043e\u0434\u0445\u043e\u0434\u0438\u0442 \u0434\u043b\u044f \u043a\u0430\u0440\u0442\u0440\u0438\u0434\u0436\u0435\u0439 \u0441 \u0432\u0438\u043d\u0442\u043e\u0432\u044b\u043c \u043a\u043b\u0430\u043f\u0430\u043d\u043e\u043c \u0432 \u0441\u043e\u043e\u0442\u0432\u0435\u0442\u0441\u0442\u0432\u0438\u0438 \u0441 \u0432 \u0441\u043e\u043e\u0442\u0432\u0435\u0442\u0441\u0442\u0432\u0438\u0438 \u0441 EN417 \u0441\u044a\u0451\u043c\u043d\u044b\u0439 \u043e\u0442\u0440\u0430\u0436\u0430\u0442\u0435\u043b\u044c \u0432\u043a\u043b. 4 \u043c\u0430\u043d\u0442\u0438\u0438 \u0420\u0430\u0441\u0445\u043e\u0434 \u0433\u0430\u0437\u0430: 21,8 \u0433\/\u0447 \u0420\u0430\u0437\u043c\u0435\u0440\u044b: \u041b\u0430\u043c\u043f\u0430: \u043e\u043a. 31 x 11 \u0441\u043c (H x Di) \u041e\u0442\u0440\u0430\u0436\u0430\u0442\u0435\u043b\u044c: \u043e\u043a. 25,5 \u0441\u043c (Di) \u0412\u0435\u0441 \u0432\u043a\u043b. \u043e\u0442\u0440\u0430\u0436\u0430\u0442\u0435\u043b\u044c: \u043e\u043a. 960 [&#8230;]\n","protected":false},"featured_media":25725,"comment_status":"closed","ping_status":"closed","template":"","meta":{"_acf_changed":false},"product_brand":[],"product_cat":[354,1030],"product_tag":[],"class_list":{"0":"post-25892","1":"product","2":"type-product","3":"status-publish","4":"has-post-thumbnail","6":"product_cat--kempingam","7":"product_cat-1030","9":"first","10":"instock","11":"sale","12":"taxable","13":"shipping-taxable","14":"purchasable","15":"product-type-simple"},"acf":[],"yoast_head":"<!-- This site is optimized with the Yoast SEO plugin v26.7 - https:\/\/yoast.com\/wordpress\/plugins\/seo\/ -->\n<title>MFH \u0413\u0430\u0437\u043e\u0432\u0430\u044f \u043b\u0430\u043c\u043f\u0430 \u0441 \u043e\u0442\u0440\u0430\u0436\u0430\u0442\u0435\u043b\u0435\u043c \u0441 \u043f\u044c\u0435\u0437\u043e\u043f\u043e\u0434\u0436\u0438\u0433\u043e\u043c \u0438 \u0441\u0443\u043c\u043a\u043e\u0439 - MILBAZA \u2013 viss akt\u012bvai atp\u016btai<\/title>\n<meta name=\"robots\" content=\"index, follow, max-snippet:-1, max-image-preview:large, max-video-preview:-1\" \/>\n<link rel=\"canonical\" href=\"https:\/\/milbaza.lv\/ru\/produkts\/mfh-gas-lamp-with-piezo-ignition-reflector-and-bag\/\" \/>\n<meta property=\"og:locale\" content=\"ru_RU\" \/>\n<meta property=\"og:type\" content=\"article\" \/>\n<meta property=\"og:title\" content=\"MFH \u0413\u0430\u0437\u043e\u0432\u0430\u044f \u043b\u0430\u043c\u043f\u0430 \u0441 \u043e\u0442\u0440\u0430\u0436\u0430\u0442\u0435\u043b\u0435\u043c \u0441 \u043f\u044c\u0435\u0437\u043e\u043f\u043e\u0434\u0436\u0438\u0433\u043e\u043c \u0438 \u0441\u0443\u043c\u043a\u043e\u0439 - MILBAZA \u2013 viss akt\u012bvai atp\u016btai\" \/>\n<meta property=\"og:description\" content=\"\u0441\u043a\u043b\u0430\u0434\u043d\u0430\u044f \u0440\u0443\u0447\u043a\u0430 \u0441\u0442\u0435\u043a\u043b\u044f\u043d\u043d\u044b\u0439 \u0433\u043b\u043e\u0431\u0443\u0441 \u0433\u043e\u0440\u0435\u043b\u043a\u0430 \u0438\u0437 \u043d\u0435\u0440\u0436\u0430\u0432\u0435\u044e\u0449\u0435\u0439 \u0441\u0442\u0430\u043b\u0438 \u043f\u043b\u0430\u0432\u043d\u0430\u044f \u0440\u0435\u0433\u0443\u043b\u0438\u0440\u043e\u0432\u043a\u0430 \u0438\u043d\u0442\u0435\u043d\u0441\u0438\u0432\u043d\u043e\u0441\u0442\u0438 \u043e\u0441\u0432\u0435\u0449\u0435\u043d\u0438\u044f \u041f\u044c\u0435\u0437\u043e\u043f\u043e\u0434\u0436\u0438\u0433 \u043f\u043e\u0434\u0445\u043e\u0434\u0438\u0442 \u0434\u043b\u044f \u043a\u0430\u0440\u0442\u0440\u0438\u0434\u0436\u0435\u0439 \u0441 \u0432\u0438\u043d\u0442\u043e\u0432\u044b\u043c \u043a\u043b\u0430\u043f\u0430\u043d\u043e\u043c \u0432 \u0441\u043e\u043e\u0442\u0432\u0435\u0442\u0441\u0442\u0432\u0438\u0438 \u0441 \u0432 \u0441\u043e\u043e\u0442\u0432\u0435\u0442\u0441\u0442\u0432\u0438\u0438 \u0441 EN417 \u0441\u044a\u0451\u043c\u043d\u044b\u0439 \u043e\u0442\u0440\u0430\u0436\u0430\u0442\u0435\u043b\u044c \u0432\u043a\u043b. 4 \u043c\u0430\u043d\u0442\u0438\u0438 \u0420\u0430\u0441\u0445\u043e\u0434 \u0433\u0430\u0437\u0430: 21,8 \u0433\/\u0447 \u0420\u0430\u0437\u043c\u0435\u0440\u044b: \u041b\u0430\u043c\u043f\u0430: \u043e\u043a. 31 x 11 \u0441\u043c (H x Di) \u041e\u0442\u0440\u0430\u0436\u0430\u0442\u0435\u043b\u044c: \u043e\u043a. 25,5 \u0441\u043c (Di) \u0412\u0435\u0441 \u0432\u043a\u043b. \u043e\u0442\u0440\u0430\u0436\u0430\u0442\u0435\u043b\u044c: \u043e\u043a. 960 [...]\" \/>\n<meta property=\"og:url\" content=\"https:\/\/milbaza.lv\/ru\/produkts\/mfh-gas-lamp-with-piezo-ignition-reflector-and-bag\/\" \/>\n<meta property=\"og:site_name\" content=\"MILBAZA \u2013 viss akt\u012bvai atp\u016btai\" \/>\n<meta property=\"article:publisher\" content=\"https:\/\/www.facebook.com\/profile.php?id=100075399152223\" \/>\n<meta property=\"og:image\" content=\"https:\/\/milbaza.lv\/wp-content\/uploads\/2022\/12\/33755.jpg\" \/>\n\t<meta property=\"og:image:width\" content=\"1200\" \/>\n\t<meta property=\"og:image:height\" content=\"1200\" \/>\n\t<meta property=\"og:image:type\" content=\"image\/jpeg\" \/>\n<meta name=\"twitter:card\" content=\"summary_large_image\" \/>\n<script type=\"application\/ld+json\" class=\"yoast-schema-graph\">{\"@context\":\"https:\/\/schema.org\",\"@graph\":[{\"@type\":\"WebPage\",\"@id\":\"https:\/\/milbaza.lv\/ru\/produkts\/mfh-gas-lamp-with-piezo-ignition-reflector-and-bag\/\",\"url\":\"https:\/\/milbaza.lv\/ru\/produkts\/mfh-gas-lamp-with-piezo-ignition-reflector-and-bag\/\",\"name\":\"MFH \u0413\u0430\u0437\u043e\u0432\u0430\u044f \u043b\u0430\u043c\u043f\u0430 \u0441 \u043e\u0442\u0440\u0430\u0436\u0430\u0442\u0435\u043b\u0435\u043c \u0441 \u043f\u044c\u0435\u0437\u043e\u043f\u043e\u0434\u0436\u0438\u0433\u043e\u043c \u0438 \u0441\u0443\u043c\u043a\u043e\u0439 - MILBAZA \u2013 viss akt\u012bvai atp\u016btai\",\"isPartOf\":{\"@id\":\"https:\/\/milbaza.lv\/ru\/#website\"},\"primaryImageOfPage\":{\"@id\":\"https:\/\/milbaza.lv\/ru\/produkts\/mfh-gas-lamp-with-piezo-ignition-reflector-and-bag\/#primaryimage\"},\"image\":{\"@id\":\"https:\/\/milbaza.lv\/ru\/produkts\/mfh-gas-lamp-with-piezo-ignition-reflector-and-bag\/#primaryimage\"},\"thumbnailUrl\":\"https:\/\/milbaza.lv\/wp-content\/uploads\/2022\/12\/33755.jpg\",\"datePublished\":\"2022-12-24T16:34:53+00:00\",\"breadcrumb\":{\"@id\":\"https:\/\/milbaza.lv\/ru\/produkts\/mfh-gas-lamp-with-piezo-ignition-reflector-and-bag\/#breadcrumb\"},\"inLanguage\":\"ru-RU\",\"potentialAction\":[{\"@type\":\"ReadAction\",\"target\":[\"https:\/\/milbaza.lv\/ru\/produkts\/mfh-gas-lamp-with-piezo-ignition-reflector-and-bag\/\"]}]},{\"@type\":\"ImageObject\",\"inLanguage\":\"ru-RU\",\"@id\":\"https:\/\/milbaza.lv\/ru\/produkts\/mfh-gas-lamp-with-piezo-ignition-reflector-and-bag\/#primaryimage\",\"url\":\"https:\/\/milbaza.lv\/wp-content\/uploads\/2022\/12\/33755.jpg\",\"contentUrl\":\"https:\/\/milbaza.lv\/wp-content\/uploads\/2022\/12\/33755.jpg\",\"width\":1200,\"height\":1200},{\"@type\":\"BreadcrumbList\",\"@id\":\"https:\/\/milbaza.lv\/ru\/produkts\/mfh-gas-lamp-with-piezo-ignition-reflector-and-bag\/#breadcrumb\",\"itemListElement\":[{\"@type\":\"ListItem\",\"position\":1,\"name\":\"Home\",\"item\":\"https:\/\/milbaza.lv\/ru\/\"},{\"@type\":\"ListItem\",\"position\":2,\"name\":\"\u041c\u0430\u0433\u0430\u0437\u0438\u043d\",\"item\":\"https:\/\/milbaza.lv\/ru\/%d0%bc%d0%b0%d0%b3%d0%b0%d0%b7%d0%b8%d0%bd\/\"},{\"@type\":\"ListItem\",\"position\":3,\"name\":\"MFH \u0413\u0430\u0437\u043e\u0432\u0430\u044f \u043b\u0430\u043c\u043f\u0430 \u0441 \u043e\u0442\u0440\u0430\u0436\u0430\u0442\u0435\u043b\u0435\u043c \u0441 \u043f\u044c\u0435\u0437\u043e\u043f\u043e\u0434\u0436\u0438\u0433\u043e\u043c \u0438 \u0441\u0443\u043c\u043a\u043e\u0439\"}]},{\"@type\":\"WebSite\",\"@id\":\"https:\/\/milbaza.lv\/ru\/#website\",\"url\":\"https:\/\/milbaza.lv\/ru\/\",\"name\":\"MILBAZA \u2013 viss akt\u012bvai atp\u016btai\",\"description\":\"Viss akt\u012bvai atp\u016btai\",\"publisher\":{\"@id\":\"https:\/\/milbaza.lv\/ru\/#organization\"},\"potentialAction\":[{\"@type\":\"SearchAction\",\"target\":{\"@type\":\"EntryPoint\",\"urlTemplate\":\"https:\/\/milbaza.lv\/ru\/?s={search_term_string}\"},\"query-input\":{\"@type\":\"PropertyValueSpecification\",\"valueRequired\":true,\"valueName\":\"search_term_string\"}}],\"inLanguage\":\"ru-RU\"},{\"@type\":\"Organization\",\"@id\":\"https:\/\/milbaza.lv\/ru\/#organization\",\"name\":\"Milbaza\",\"url\":\"https:\/\/milbaza.lv\/ru\/\",\"logo\":{\"@type\":\"ImageObject\",\"inLanguage\":\"ru-RU\",\"@id\":\"https:\/\/milbaza.lv\/ru\/#\/schema\/logo\/image\/\",\"url\":\"https:\/\/milbaza.lv\/wp-content\/uploads\/2021\/11\/Mil_BAZA_logo3.png\",\"contentUrl\":\"https:\/\/milbaza.lv\/wp-content\/uploads\/2021\/11\/Mil_BAZA_logo3.png\",\"width\":564,\"height\":226,\"caption\":\"Milbaza\"},\"image\":{\"@id\":\"https:\/\/milbaza.lv\/ru\/#\/schema\/logo\/image\/\"},\"sameAs\":[\"https:\/\/www.facebook.com\/profile.php?id=100075399152223\",\"https:\/\/www.instagram.com\/milbaza.lv\/\",\"https:\/\/www.pinterest.com\/milbaza\/_saved\/\",\"https:\/\/www.youtube.com\/channel\/UCrPXltd8hsNIiGAKc37hGfQ\"]}]}<\/script>\n<!-- \/ Yoast SEO plugin. -->","yoast_head_json":{"title":"MFH \u0413\u0430\u0437\u043e\u0432\u0430\u044f \u043b\u0430\u043c\u043f\u0430 \u0441 \u043e\u0442\u0440\u0430\u0436\u0430\u0442\u0435\u043b\u0435\u043c \u0441 \u043f\u044c\u0435\u0437\u043e\u043f\u043e\u0434\u0436\u0438\u0433\u043e\u043c \u0438 \u0441\u0443\u043c\u043a\u043e\u0439 - MILBAZA \u2013 viss akt\u012bvai atp\u016btai","robots":{"index":"index","follow":"follow","max-snippet":"max-snippet:-1","max-image-preview":"max-image-preview:large","max-video-preview":"max-video-preview:-1"},"canonical":"https:\/\/milbaza.lv\/ru\/produkts\/mfh-gas-lamp-with-piezo-ignition-reflector-and-bag\/","og_locale":"ru_RU","og_type":"article","og_title":"MFH \u0413\u0430\u0437\u043e\u0432\u0430\u044f \u043b\u0430\u043c\u043f\u0430 \u0441 \u043e\u0442\u0440\u0430\u0436\u0430\u0442\u0435\u043b\u0435\u043c \u0441 \u043f\u044c\u0435\u0437\u043e\u043f\u043e\u0434\u0436\u0438\u0433\u043e\u043c \u0438 \u0441\u0443\u043c\u043a\u043e\u0439 - MILBAZA \u2013 viss akt\u012bvai atp\u016btai","og_description":"\u0441\u043a\u043b\u0430\u0434\u043d\u0430\u044f \u0440\u0443\u0447\u043a\u0430 \u0441\u0442\u0435\u043a\u043b\u044f\u043d\u043d\u044b\u0439 \u0433\u043b\u043e\u0431\u0443\u0441 \u0433\u043e\u0440\u0435\u043b\u043a\u0430 \u0438\u0437 \u043d\u0435\u0440\u0436\u0430\u0432\u0435\u044e\u0449\u0435\u0439 \u0441\u0442\u0430\u043b\u0438 \u043f\u043b\u0430\u0432\u043d\u0430\u044f \u0440\u0435\u0433\u0443\u043b\u0438\u0440\u043e\u0432\u043a\u0430 \u0438\u043d\u0442\u0435\u043d\u0441\u0438\u0432\u043d\u043e\u0441\u0442\u0438 \u043e\u0441\u0432\u0435\u0449\u0435\u043d\u0438\u044f \u041f\u044c\u0435\u0437\u043e\u043f\u043e\u0434\u0436\u0438\u0433 \u043f\u043e\u0434\u0445\u043e\u0434\u0438\u0442 \u0434\u043b\u044f \u043a\u0430\u0440\u0442\u0440\u0438\u0434\u0436\u0435\u0439 \u0441 \u0432\u0438\u043d\u0442\u043e\u0432\u044b\u043c \u043a\u043b\u0430\u043f\u0430\u043d\u043e\u043c \u0432 \u0441\u043e\u043e\u0442\u0432\u0435\u0442\u0441\u0442\u0432\u0438\u0438 \u0441 \u0432 \u0441\u043e\u043e\u0442\u0432\u0435\u0442\u0441\u0442\u0432\u0438\u0438 \u0441 EN417 \u0441\u044a\u0451\u043c\u043d\u044b\u0439 \u043e\u0442\u0440\u0430\u0436\u0430\u0442\u0435\u043b\u044c \u0432\u043a\u043b. 4 \u043c\u0430\u043d\u0442\u0438\u0438 \u0420\u0430\u0441\u0445\u043e\u0434 \u0433\u0430\u0437\u0430: 21,8 \u0433\/\u0447 \u0420\u0430\u0437\u043c\u0435\u0440\u044b: \u041b\u0430\u043c\u043f\u0430: \u043e\u043a. 31 x 11 \u0441\u043c (H x Di) \u041e\u0442\u0440\u0430\u0436\u0430\u0442\u0435\u043b\u044c: \u043e\u043a. 25,5 \u0441\u043c (Di) \u0412\u0435\u0441 \u0432\u043a\u043b. \u043e\u0442\u0440\u0430\u0436\u0430\u0442\u0435\u043b\u044c: \u043e\u043a. 960 [...]","og_url":"https:\/\/milbaza.lv\/ru\/produkts\/mfh-gas-lamp-with-piezo-ignition-reflector-and-bag\/","og_site_name":"MILBAZA \u2013 viss akt\u012bvai atp\u016btai","article_publisher":"https:\/\/www.facebook.com\/profile.php?id=100075399152223","og_image":[{"width":1200,"height":1200,"url":"https:\/\/milbaza.lv\/wp-content\/uploads\/2022\/12\/33755.jpg","type":"image\/jpeg"}],"twitter_card":"summary_large_image","schema":{"@context":"https:\/\/schema.org","@graph":[{"@type":"WebPage","@id":"https:\/\/milbaza.lv\/ru\/produkts\/mfh-gas-lamp-with-piezo-ignition-reflector-and-bag\/","url":"https:\/\/milbaza.lv\/ru\/produkts\/mfh-gas-lamp-with-piezo-ignition-reflector-and-bag\/","name":"MFH \u0413\u0430\u0437\u043e\u0432\u0430\u044f \u043b\u0430\u043c\u043f\u0430 \u0441 \u043e\u0442\u0440\u0430\u0436\u0430\u0442\u0435\u043b\u0435\u043c \u0441 \u043f\u044c\u0435\u0437\u043e\u043f\u043e\u0434\u0436\u0438\u0433\u043e\u043c \u0438 \u0441\u0443\u043c\u043a\u043e\u0439 - MILBAZA \u2013 viss akt\u012bvai atp\u016btai","isPartOf":{"@id":"https:\/\/milbaza.lv\/ru\/#website"},"primaryImageOfPage":{"@id":"https:\/\/milbaza.lv\/ru\/produkts\/mfh-gas-lamp-with-piezo-ignition-reflector-and-bag\/#primaryimage"},"image":{"@id":"https:\/\/milbaza.lv\/ru\/produkts\/mfh-gas-lamp-with-piezo-ignition-reflector-and-bag\/#primaryimage"},"thumbnailUrl":"https:\/\/milbaza.lv\/wp-content\/uploads\/2022\/12\/33755.jpg","datePublished":"2022-12-24T16:34:53+00:00","breadcrumb":{"@id":"https:\/\/milbaza.lv\/ru\/produkts\/mfh-gas-lamp-with-piezo-ignition-reflector-and-bag\/#breadcrumb"},"inLanguage":"ru-RU","potentialAction":[{"@type":"ReadAction","target":["https:\/\/milbaza.lv\/ru\/produkts\/mfh-gas-lamp-with-piezo-ignition-reflector-and-bag\/"]}]},{"@type":"ImageObject","inLanguage":"ru-RU","@id":"https:\/\/milbaza.lv\/ru\/produkts\/mfh-gas-lamp-with-piezo-ignition-reflector-and-bag\/#primaryimage","url":"https:\/\/milbaza.lv\/wp-content\/uploads\/2022\/12\/33755.jpg","contentUrl":"https:\/\/milbaza.lv\/wp-content\/uploads\/2022\/12\/33755.jpg","width":1200,"height":1200},{"@type":"BreadcrumbList","@id":"https:\/\/milbaza.lv\/ru\/produkts\/mfh-gas-lamp-with-piezo-ignition-reflector-and-bag\/#breadcrumb","itemListElement":[{"@type":"ListItem","position":1,"name":"Home","item":"https:\/\/milbaza.lv\/ru\/"},{"@type":"ListItem","position":2,"name":"\u041c\u0430\u0433\u0430\u0437\u0438\u043d","item":"https:\/\/milbaza.lv\/ru\/%d0%bc%d0%b0%d0%b3%d0%b0%d0%b7%d0%b8%d0%bd\/"},{"@type":"ListItem","position":3,"name":"MFH \u0413\u0430\u0437\u043e\u0432\u0430\u044f \u043b\u0430\u043c\u043f\u0430 \u0441 \u043e\u0442\u0440\u0430\u0436\u0430\u0442\u0435\u043b\u0435\u043c \u0441 \u043f\u044c\u0435\u0437\u043e\u043f\u043e\u0434\u0436\u0438\u0433\u043e\u043c \u0438 \u0441\u0443\u043c\u043a\u043e\u0439"}]},{"@type":"WebSite","@id":"https:\/\/milbaza.lv\/ru\/#website","url":"https:\/\/milbaza.lv\/ru\/","name":"MILBAZA \u2013 viss akt\u012bvai atp\u016btai","description":"Viss akt\u012bvai atp\u016btai","publisher":{"@id":"https:\/\/milbaza.lv\/ru\/#organization"},"potentialAction":[{"@type":"SearchAction","target":{"@type":"EntryPoint","urlTemplate":"https:\/\/milbaza.lv\/ru\/?s={search_term_string}"},"query-input":{"@type":"PropertyValueSpecification","valueRequired":true,"valueName":"search_term_string"}}],"inLanguage":"ru-RU"},{"@type":"Organization","@id":"https:\/\/milbaza.lv\/ru\/#organization","name":"Milbaza","url":"https:\/\/milbaza.lv\/ru\/","logo":{"@type":"ImageObject","inLanguage":"ru-RU","@id":"https:\/\/milbaza.lv\/ru\/#\/schema\/logo\/image\/","url":"https:\/\/milbaza.lv\/wp-content\/uploads\/2021\/11\/Mil_BAZA_logo3.png","contentUrl":"https:\/\/milbaza.lv\/wp-content\/uploads\/2021\/11\/Mil_BAZA_logo3.png","width":564,"height":226,"caption":"Milbaza"},"image":{"@id":"https:\/\/milbaza.lv\/ru\/#\/schema\/logo\/image\/"},"sameAs":["https:\/\/www.facebook.com\/profile.php?id=100075399152223","https:\/\/www.instagram.com\/milbaza.lv\/","https:\/\/www.pinterest.com\/milbaza\/_saved\/","https:\/\/www.youtube.com\/channel\/UCrPXltd8hsNIiGAKc37hGfQ"]}]}},"_links":{"self":[{"href":"https:\/\/milbaza.lv\/ru\/wp-json\/wp\/v2\/product\/25892","targetHints":{"allow":["GET"]}}],"collection":[{"href":"https:\/\/milbaza.lv\/ru\/wp-json\/wp\/v2\/product"}],"about":[{"href":"https:\/\/milbaza.lv\/ru\/wp-json\/wp\/v2\/types\/product"}],"replies":[{"embeddable":true,"href":"https:\/\/milbaza.lv\/ru\/wp-json\/wp\/v2\/comments?post=25892"}],"wp:featuredmedia":[{"embeddable":true,"href":"https:\/\/milbaza.lv\/ru\/wp-json\/wp\/v2\/media\/25725"}],"wp:attachment":[{"href":"https:\/\/milbaza.lv\/ru\/wp-json\/wp\/v2\/media?parent=25892"}],"wp:term":[{"taxonomy":"product_brand","embeddable":true,"href":"https:\/\/milbaza.lv\/ru\/wp-json\/wp\/v2\/product_brand?post=25892"},{"taxonomy":"product_cat","embeddable":true,"href":"https:\/\/milbaza.lv\/ru\/wp-json\/wp\/v2\/product_cat?post=25892"},{"taxonomy":"product_tag","embeddable":true,"href":"https:\/\/milbaza.lv\/ru\/wp-json\/wp\/v2\/product_tag?post=25892"}],"curies":[{"name":"wp","href":"https:\/\/api.w.org\/{rel}","templated":true}]}}