{"id":2806,"date":"2022-01-17T10:14:48","date_gmt":"2022-01-17T08:14:48","guid":{"rendered":"https:\/\/milbaza.lv\/?post_type=product&#038;p=2806"},"modified":"2026-05-07T03:07:35","modified_gmt":"2026-05-07T00:07:35","slug":"kruze-helikon-tex-wildo-fold-a-cup-tpe-olive-green","status":"publish","type":"product","link":"https:\/\/milbaza.lv\/ru\/produkts\/kruze-helikon-tex-wildo-fold-a-cup-tpe-olive-green\/","title":{"rendered":"Kr\u016bze Wildo\u00ae FOLD-A-CUP\u00ae &#8211; TPE (olive green)"},"content":{"rendered":"<p>Viegla saliekama kr\u016bze. P\u0113c atloc\u012b\u0161anas ieg\u016bst stabilu plastmasas kr\u016bzi gan aukstiem, gan karstiem dz\u0113rieniem (nek\u016bst). Saloc\u012bt\u0101 veid\u0101 aiz\u0146em \u013coti maz vietas.<\/p>\n<p>\u012apa\u0161\u012bbas:<\/p>\n<ul>\n<li>Ra\u017eots Zviedrij\u0101 (patent\u0113ts Zviedrijas armijai)<\/li>\n<li>Izm\u0113ri p\u0113c saloc\u012b\u0161anas: 9,5 x 2,5 x 7 cm<\/li>\n<li>Izm\u0113ri p\u0113c atloc\u012b\u0161anas: 10 x 5 x 7 cm<\/li>\n<li>Svars: 23 g<\/li>\n<li>Tilpums:: 250 ml<\/li>\n<li>Iztur\u012bgs pret karstumu, aukstumu, labi tur formu<\/li>\n<\/ul>\n","protected":false},"excerpt":{"rendered":"<p>Viegla saliekama kr\u016bze. P\u0113c atloc\u012b\u0161anas ieg\u016bst stabilu plastmasas kr\u016bzi gan aukstiem, gan karstiem dz\u0113rieniem (nek\u016bst). Saloc\u012bt\u0101 veid\u0101 aiz\u0146em \u013coti maz vietas. \u012apa\u0161\u012bbas: Ra\u017eots Zviedrij\u0101 (patent\u0113ts Zviedrijas armijai) Izm\u0113ri p\u0113c saloc\u012b\u0161anas: 9,5 x 2,5 x 7 cm Izm\u0113ri p\u0113c atloc\u012b\u0161anas: 10 x 5 x 7 cm Svars: 23 g Tilpums:: 250 ml Iztur\u012bgs pret karstumu, aukstumu, [&#8230;]\n","protected":false},"featured_media":2945,"comment_status":"open","ping_status":"closed","template":"","meta":{"_acf_changed":false},"product_brand":[],"product_cat":[200,27],"product_tag":[],"class_list":{"0":"post-2806","1":"product","2":"type-product","3":"status-publish","4":"has-post-thumbnail","6":"product_cat-esanas-piederumi","7":"product_cat-kempingam","9":"first","10":"outofstock","11":"taxable","12":"shipping-taxable","13":"purchasable","14":"product-type-simple"},"acf":[],"yoast_head":"<!-- This site is optimized with the Yoast SEO plugin v27.4 - https:\/\/yoast.com\/product\/yoast-seo-wordpress\/ -->\n<title>Kr\u016bze Wildo\u00ae FOLD-A-CUP\u00ae - TPE (olive green) - MILBAZA \u2013 viss akt\u012bvai atp\u016btai<\/title>\n<meta name=\"description\" content=\"Nopirkt Kr\u016bze Wildo\u00ae FOLD-A-CUP\u00ae - TPE (olive green), izdev\u012bga cena un pieg\u0101de. Turisma pre\u010du interneta veikals, pas\u016bt\u012bt online 24\/7!\" \/>\n<meta name=\"robots\" content=\"index, follow, max-snippet:-1, max-image-preview:large, max-video-preview:-1\" \/>\n<link rel=\"canonical\" href=\"https:\/\/milbaza.lv\/ru\/produkts\/kruze-helikon-tex-wildo-fold-a-cup-tpe-olive-green\/\" \/>\n<meta property=\"og:locale\" content=\"ru_RU\" \/>\n<meta property=\"og:type\" content=\"article\" \/>\n<meta property=\"og:title\" content=\"Kr\u016bze Wildo\u00ae FOLD-A-CUP\u00ae - TPE (olive green) - MILBAZA \u2013 viss akt\u012bvai atp\u016btai\" \/>\n<meta property=\"og:description\" content=\"Nopirkt Kr\u016bze Wildo\u00ae FOLD-A-CUP\u00ae - TPE (olive green), izdev\u012bga cena un pieg\u0101de. Turisma pre\u010du interneta veikals, pas\u016bt\u012bt online 24\/7!\" \/>\n<meta property=\"og:url\" content=\"https:\/\/milbaza.lv\/ru\/produkts\/kruze-helikon-tex-wildo-fold-a-cup-tpe-olive-green\/\" \/>\n<meta property=\"og:site_name\" content=\"MILBAZA \u2013 viss akt\u012bvai atp\u016btai\" \/>\n<meta property=\"article:publisher\" content=\"https:\/\/www.facebook.com\/profile.php?id=100075399152223\" \/>\n<meta property=\"article:modified_time\" content=\"2026-05-07T00:07:35+00:00\" \/>\n<meta property=\"og:image\" content=\"https:\/\/milbaza.lv\/wp-content\/uploads\/2022\/01\/TK-FOL-PP-02.jpg\" \/>\n\t<meta property=\"og:image:width\" content=\"1500\" \/>\n\t<meta property=\"og:image:height\" content=\"1500\" \/>\n\t<meta property=\"og:image:type\" content=\"image\/jpeg\" \/>\n<meta name=\"twitter:card\" content=\"summary_large_image\" \/>\n<meta name=\"twitter:label1\" content=\"\u041f\u0440\u0438\u043c\u0435\u0440\u043d\u043e\u0435 \u0432\u0440\u0435\u043c\u044f \u0434\u043b\u044f \u0447\u0442\u0435\u043d\u0438\u044f\" \/>\n\t<meta name=\"twitter:data1\" content=\"1 \u043c\u0438\u043d\u0443\u0442\u0430\" \/>\n<script type=\"application\/ld+json\" class=\"yoast-schema-graph\">{\"@context\":\"https:\\\/\\\/schema.org\",\"@graph\":[{\"@type\":\"WebPage\",\"@id\":\"https:\\\/\\\/milbaza.lv\\\/ru\\\/produkts\\\/kruze-helikon-tex-wildo-fold-a-cup-tpe-olive-green\\\/\",\"url\":\"https:\\\/\\\/milbaza.lv\\\/ru\\\/produkts\\\/kruze-helikon-tex-wildo-fold-a-cup-tpe-olive-green\\\/\",\"name\":\"Kr\u016bze Wildo\u00ae FOLD-A-CUP\u00ae - TPE (olive green) - MILBAZA \u2013 viss akt\u012bvai atp\u016btai\",\"isPartOf\":{\"@id\":\"https:\\\/\\\/milbaza.lv\\\/ru\\\/#website\"},\"primaryImageOfPage\":{\"@id\":\"https:\\\/\\\/milbaza.lv\\\/ru\\\/produkts\\\/kruze-helikon-tex-wildo-fold-a-cup-tpe-olive-green\\\/#primaryimage\"},\"image\":{\"@id\":\"https:\\\/\\\/milbaza.lv\\\/ru\\\/produkts\\\/kruze-helikon-tex-wildo-fold-a-cup-tpe-olive-green\\\/#primaryimage\"},\"thumbnailUrl\":\"https:\\\/\\\/milbaza.lv\\\/wp-content\\\/uploads\\\/2022\\\/01\\\/TK-FOL-PP-02.jpg\",\"datePublished\":\"2022-01-17T08:14:48+00:00\",\"dateModified\":\"2026-05-07T00:07:35+00:00\",\"description\":\"Nopirkt Kr\u016bze Wildo\u00ae FOLD-A-CUP\u00ae - TPE (olive green), izdev\u012bga cena un pieg\u0101de. Turisma pre\u010du interneta veikals, pas\u016bt\u012bt online 24\\\/7!\",\"breadcrumb\":{\"@id\":\"https:\\\/\\\/milbaza.lv\\\/ru\\\/produkts\\\/kruze-helikon-tex-wildo-fold-a-cup-tpe-olive-green\\\/#breadcrumb\"},\"inLanguage\":\"ru-RU\",\"potentialAction\":[{\"@type\":\"ReadAction\",\"target\":[\"https:\\\/\\\/milbaza.lv\\\/ru\\\/produkts\\\/kruze-helikon-tex-wildo-fold-a-cup-tpe-olive-green\\\/\"]}]},{\"@type\":\"ImageObject\",\"inLanguage\":\"ru-RU\",\"@id\":\"https:\\\/\\\/milbaza.lv\\\/ru\\\/produkts\\\/kruze-helikon-tex-wildo-fold-a-cup-tpe-olive-green\\\/#primaryimage\",\"url\":\"https:\\\/\\\/milbaza.lv\\\/wp-content\\\/uploads\\\/2022\\\/01\\\/TK-FOL-PP-02.jpg\",\"contentUrl\":\"https:\\\/\\\/milbaza.lv\\\/wp-content\\\/uploads\\\/2022\\\/01\\\/TK-FOL-PP-02.jpg\",\"width\":1500,\"height\":1500},{\"@type\":\"BreadcrumbList\",\"@id\":\"https:\\\/\\\/milbaza.lv\\\/ru\\\/produkts\\\/kruze-helikon-tex-wildo-fold-a-cup-tpe-olive-green\\\/#breadcrumb\",\"itemListElement\":[{\"@type\":\"ListItem\",\"position\":1,\"name\":\"Home\",\"item\":\"https:\\\/\\\/milbaza.lv\\\/ru\\\/\"},{\"@type\":\"ListItem\",\"position\":2,\"name\":\"\u041c\u0430\u0433\u0430\u0437\u0438\u043d\",\"item\":\"https:\\\/\\\/milbaza.lv\\\/ru\\\/%d0%bc%d0%b0%d0%b3%d0%b0%d0%b7%d0%b8%d0%bd\\\/\"},{\"@type\":\"ListItem\",\"position\":3,\"name\":\"Kr\u016bze Wildo\u00ae FOLD-A-CUP\u00ae &#8211; TPE (olive green)\"}]},{\"@type\":\"WebSite\",\"@id\":\"https:\\\/\\\/milbaza.lv\\\/ru\\\/#website\",\"url\":\"https:\\\/\\\/milbaza.lv\\\/ru\\\/\",\"name\":\"MILBAZA \u2013 viss akt\u012bvai atp\u016btai\",\"description\":\"Viss akt\u012bvai atp\u016btai\",\"publisher\":{\"@id\":\"https:\\\/\\\/milbaza.lv\\\/ru\\\/#organization\"},\"potentialAction\":[{\"@type\":\"SearchAction\",\"target\":{\"@type\":\"EntryPoint\",\"urlTemplate\":\"https:\\\/\\\/milbaza.lv\\\/ru\\\/?s={search_term_string}\"},\"query-input\":{\"@type\":\"PropertyValueSpecification\",\"valueRequired\":true,\"valueName\":\"search_term_string\"}}],\"inLanguage\":\"ru-RU\"},{\"@type\":\"Organization\",\"@id\":\"https:\\\/\\\/milbaza.lv\\\/ru\\\/#organization\",\"name\":\"Milbaza\",\"url\":\"https:\\\/\\\/milbaza.lv\\\/ru\\\/\",\"logo\":{\"@type\":\"ImageObject\",\"inLanguage\":\"ru-RU\",\"@id\":\"https:\\\/\\\/milbaza.lv\\\/ru\\\/#\\\/schema\\\/logo\\\/image\\\/\",\"url\":\"https:\\\/\\\/milbaza.lv\\\/wp-content\\\/uploads\\\/2021\\\/11\\\/Mil_BAZA_logo3.png\",\"contentUrl\":\"https:\\\/\\\/milbaza.lv\\\/wp-content\\\/uploads\\\/2021\\\/11\\\/Mil_BAZA_logo3.png\",\"width\":564,\"height\":226,\"caption\":\"Milbaza\"},\"image\":{\"@id\":\"https:\\\/\\\/milbaza.lv\\\/ru\\\/#\\\/schema\\\/logo\\\/image\\\/\"},\"sameAs\":[\"https:\\\/\\\/www.facebook.com\\\/profile.php?id=100075399152223\",\"https:\\\/\\\/www.instagram.com\\\/milbaza.lv\\\/\",\"https:\\\/\\\/www.pinterest.com\\\/milbaza\\\/_saved\\\/\",\"https:\\\/\\\/www.youtube.com\\\/channel\\\/UCrPXltd8hsNIiGAKc37hGfQ\"]}]}<\/script>\n<!-- \/ Yoast SEO plugin. -->","yoast_head_json":{"title":"Kr\u016bze Wildo\u00ae FOLD-A-CUP\u00ae - TPE (olive green) - MILBAZA \u2013 viss akt\u012bvai atp\u016btai","description":"Nopirkt Kr\u016bze Wildo\u00ae FOLD-A-CUP\u00ae - TPE (olive green), izdev\u012bga cena un pieg\u0101de. Turisma pre\u010du interneta veikals, pas\u016bt\u012bt online 24\/7!","robots":{"index":"index","follow":"follow","max-snippet":"max-snippet:-1","max-image-preview":"max-image-preview:large","max-video-preview":"max-video-preview:-1"},"canonical":"https:\/\/milbaza.lv\/ru\/produkts\/kruze-helikon-tex-wildo-fold-a-cup-tpe-olive-green\/","og_locale":"ru_RU","og_type":"article","og_title":"Kr\u016bze Wildo\u00ae FOLD-A-CUP\u00ae - TPE (olive green) - MILBAZA \u2013 viss akt\u012bvai atp\u016btai","og_description":"Nopirkt Kr\u016bze Wildo\u00ae FOLD-A-CUP\u00ae - TPE (olive green), izdev\u012bga cena un pieg\u0101de. Turisma pre\u010du interneta veikals, pas\u016bt\u012bt online 24\/7!","og_url":"https:\/\/milbaza.lv\/ru\/produkts\/kruze-helikon-tex-wildo-fold-a-cup-tpe-olive-green\/","og_site_name":"MILBAZA \u2013 viss akt\u012bvai atp\u016btai","article_publisher":"https:\/\/www.facebook.com\/profile.php?id=100075399152223","article_modified_time":"2026-05-07T00:07:35+00:00","og_image":[{"width":1500,"height":1500,"url":"https:\/\/milbaza.lv\/wp-content\/uploads\/2022\/01\/TK-FOL-PP-02.jpg","type":"image\/jpeg"}],"twitter_card":"summary_large_image","twitter_misc":{"\u041f\u0440\u0438\u043c\u0435\u0440\u043d\u043e\u0435 \u0432\u0440\u0435\u043c\u044f \u0434\u043b\u044f \u0447\u0442\u0435\u043d\u0438\u044f":"1 \u043c\u0438\u043d\u0443\u0442\u0430"},"schema":{"@context":"https:\/\/schema.org","@graph":[{"@type":"WebPage","@id":"https:\/\/milbaza.lv\/ru\/produkts\/kruze-helikon-tex-wildo-fold-a-cup-tpe-olive-green\/","url":"https:\/\/milbaza.lv\/ru\/produkts\/kruze-helikon-tex-wildo-fold-a-cup-tpe-olive-green\/","name":"Kr\u016bze Wildo\u00ae FOLD-A-CUP\u00ae - TPE (olive green) - MILBAZA \u2013 viss akt\u012bvai atp\u016btai","isPartOf":{"@id":"https:\/\/milbaza.lv\/ru\/#website"},"primaryImageOfPage":{"@id":"https:\/\/milbaza.lv\/ru\/produkts\/kruze-helikon-tex-wildo-fold-a-cup-tpe-olive-green\/#primaryimage"},"image":{"@id":"https:\/\/milbaza.lv\/ru\/produkts\/kruze-helikon-tex-wildo-fold-a-cup-tpe-olive-green\/#primaryimage"},"thumbnailUrl":"https:\/\/milbaza.lv\/wp-content\/uploads\/2022\/01\/TK-FOL-PP-02.jpg","datePublished":"2022-01-17T08:14:48+00:00","dateModified":"2026-05-07T00:07:35+00:00","description":"Nopirkt Kr\u016bze Wildo\u00ae FOLD-A-CUP\u00ae - TPE (olive green), izdev\u012bga cena un pieg\u0101de. Turisma pre\u010du interneta veikals, pas\u016bt\u012bt online 24\/7!","breadcrumb":{"@id":"https:\/\/milbaza.lv\/ru\/produkts\/kruze-helikon-tex-wildo-fold-a-cup-tpe-olive-green\/#breadcrumb"},"inLanguage":"ru-RU","potentialAction":[{"@type":"ReadAction","target":["https:\/\/milbaza.lv\/ru\/produkts\/kruze-helikon-tex-wildo-fold-a-cup-tpe-olive-green\/"]}]},{"@type":"ImageObject","inLanguage":"ru-RU","@id":"https:\/\/milbaza.lv\/ru\/produkts\/kruze-helikon-tex-wildo-fold-a-cup-tpe-olive-green\/#primaryimage","url":"https:\/\/milbaza.lv\/wp-content\/uploads\/2022\/01\/TK-FOL-PP-02.jpg","contentUrl":"https:\/\/milbaza.lv\/wp-content\/uploads\/2022\/01\/TK-FOL-PP-02.jpg","width":1500,"height":1500},{"@type":"BreadcrumbList","@id":"https:\/\/milbaza.lv\/ru\/produkts\/kruze-helikon-tex-wildo-fold-a-cup-tpe-olive-green\/#breadcrumb","itemListElement":[{"@type":"ListItem","position":1,"name":"Home","item":"https:\/\/milbaza.lv\/ru\/"},{"@type":"ListItem","position":2,"name":"\u041c\u0430\u0433\u0430\u0437\u0438\u043d","item":"https:\/\/milbaza.lv\/ru\/%d0%bc%d0%b0%d0%b3%d0%b0%d0%b7%d0%b8%d0%bd\/"},{"@type":"ListItem","position":3,"name":"Kr\u016bze Wildo\u00ae FOLD-A-CUP\u00ae &#8211; TPE (olive green)"}]},{"@type":"WebSite","@id":"https:\/\/milbaza.lv\/ru\/#website","url":"https:\/\/milbaza.lv\/ru\/","name":"MILBAZA \u2013 viss akt\u012bvai atp\u016btai","description":"Viss akt\u012bvai atp\u016btai","publisher":{"@id":"https:\/\/milbaza.lv\/ru\/#organization"},"potentialAction":[{"@type":"SearchAction","target":{"@type":"EntryPoint","urlTemplate":"https:\/\/milbaza.lv\/ru\/?s={search_term_string}"},"query-input":{"@type":"PropertyValueSpecification","valueRequired":true,"valueName":"search_term_string"}}],"inLanguage":"ru-RU"},{"@type":"Organization","@id":"https:\/\/milbaza.lv\/ru\/#organization","name":"Milbaza","url":"https:\/\/milbaza.lv\/ru\/","logo":{"@type":"ImageObject","inLanguage":"ru-RU","@id":"https:\/\/milbaza.lv\/ru\/#\/schema\/logo\/image\/","url":"https:\/\/milbaza.lv\/wp-content\/uploads\/2021\/11\/Mil_BAZA_logo3.png","contentUrl":"https:\/\/milbaza.lv\/wp-content\/uploads\/2021\/11\/Mil_BAZA_logo3.png","width":564,"height":226,"caption":"Milbaza"},"image":{"@id":"https:\/\/milbaza.lv\/ru\/#\/schema\/logo\/image\/"},"sameAs":["https:\/\/www.facebook.com\/profile.php?id=100075399152223","https:\/\/www.instagram.com\/milbaza.lv\/","https:\/\/www.pinterest.com\/milbaza\/_saved\/","https:\/\/www.youtube.com\/channel\/UCrPXltd8hsNIiGAKc37hGfQ"]}]}},"_links":{"self":[{"href":"https:\/\/milbaza.lv\/ru\/wp-json\/wp\/v2\/product\/2806","targetHints":{"allow":["GET"]}}],"collection":[{"href":"https:\/\/milbaza.lv\/ru\/wp-json\/wp\/v2\/product"}],"about":[{"href":"https:\/\/milbaza.lv\/ru\/wp-json\/wp\/v2\/types\/product"}],"replies":[{"embeddable":true,"href":"https:\/\/milbaza.lv\/ru\/wp-json\/wp\/v2\/comments?post=2806"}],"wp:featuredmedia":[{"embeddable":true,"href":"https:\/\/milbaza.lv\/ru\/wp-json\/wp\/v2\/media\/2945"}],"wp:attachment":[{"href":"https:\/\/milbaza.lv\/ru\/wp-json\/wp\/v2\/media?parent=2806"}],"wp:term":[{"taxonomy":"product_brand","embeddable":true,"href":"https:\/\/milbaza.lv\/ru\/wp-json\/wp\/v2\/product_brand?post=2806"},{"taxonomy":"product_cat","embeddable":true,"href":"https:\/\/milbaza.lv\/ru\/wp-json\/wp\/v2\/product_cat?post=2806"},{"taxonomy":"product_tag","embeddable":true,"href":"https:\/\/milbaza.lv\/ru\/wp-json\/wp\/v2\/product_tag?post=2806"}],"curies":[{"name":"wp","href":"https:\/\/api.w.org\/{rel}","templated":true}]}}