{"id":2822,"date":"2022-01-17T10:28:06","date_gmt":"2022-01-17T08:28:06","guid":{"rendered":"https:\/\/milbaza.lv\/?post_type=product&#038;p=2822"},"modified":"2026-05-06T11:09:00","modified_gmt":"2026-05-06T08:09:00","slug":"cimdi-helikon-tex-impact-duty-winter-mk2-gloves-olive-green","status":"publish","type":"product","link":"https:\/\/milbaza.lv\/ru\/produkts\/cimdi-helikon-tex-impact-duty-winter-mk2-gloves-olive-green\/","title":{"rendered":"HELIKON-TEX Cimdi Impact Duty Winter Mk2 Gloves (olive green)"},"content":{"rendered":"<p>Impact Duty Winter Mk2 cimdi nod\u0113r\u0113s gan \u0113rtam darbam ar ieroci, gan lieto\u0161anai ikdienas situ\u0101cij\u0101s. Ori\u0123in\u0101l\u0101 Thinsulate polster\u0113juma un pretsl\u012bdes auduma kombin\u0101cija rokas iek\u0161pus\u0113 padara \u0161os cimdus patiesi daudzpus\u012bgus. \u0160ie cimdi ir lieliski piem\u0113roti jebk\u0101d\u0101m aktivit\u0101t\u0113m aukst\u0101 laik\u0101.<\/p>\n<p>\u012apa\u0161\u012bbas:<\/p>\n<ul>\n<li>Regul\u0113jams uz plaukstas loc\u012btavas<\/li>\n<li>3M Thinsulate izol\u0101cija<\/li>\n<\/ul>\n","protected":false},"excerpt":{"rendered":"<p>Impact Duty Winter Mk2 cimdi nod\u0113r\u0113s gan \u0113rtam darbam ar ieroci, gan lieto\u0161anai ikdienas situ\u0101cij\u0101s. Ori\u0123in\u0101l\u0101 Thinsulate polster\u0113juma un pretsl\u012bdes auduma kombin\u0101cija rokas iek\u0161pus\u0113 padara \u0161os cimdus patiesi daudzpus\u012bgus. \u0160ie cimdi ir lieliski piem\u0113roti jebk\u0101d\u0101m aktivit\u0101t\u0113m aukst\u0101 laik\u0101. \u012apa\u0161\u012bbas: Regul\u0113jams uz plaukstas loc\u012btavas 3M Thinsulate izol\u0101cija<\/p>\n","protected":false},"featured_media":2823,"comment_status":"open","ping_status":"closed","template":"","meta":{"_acf_changed":false},"product_brand":[],"product_cat":[24,158],"product_tag":[],"class_list":{"0":"post-2822","1":"product","2":"type-product","3":"status-publish","4":"has-post-thumbnail","6":"product_cat-apgerbi","7":"product_cat-cimdi","9":"first","10":"instock","11":"taxable","12":"shipping-taxable","13":"purchasable","14":"product-type-variable"},"acf":[],"yoast_head":"<!-- This site is optimized with the Yoast SEO plugin v27.4 - https:\/\/yoast.com\/product\/yoast-seo-wordpress\/ -->\n<title>HELIKON-TEX Cimdi Impact Duty Winter Mk2 Gloves (olive green) - MILBAZA \u2013 viss akt\u012bvai atp\u016btai<\/title>\n<meta name=\"description\" content=\"Nopirkt HELIKON-TEX Cimdi Impact Duty Winter Mk2 Gloves (olive green), izdev\u012bga cena un pieg\u0101de. Turisma pre\u010du interneta veikals, pas\u016bt\u012bt online 24\/7!\" \/>\n<meta name=\"robots\" content=\"index, follow, max-snippet:-1, max-image-preview:large, max-video-preview:-1\" \/>\n<link rel=\"canonical\" href=\"https:\/\/milbaza.lv\/ru\/produkts\/cimdi-helikon-tex-impact-duty-winter-mk2-gloves-olive-green\/\" \/>\n<meta property=\"og:locale\" content=\"ru_RU\" \/>\n<meta property=\"og:type\" content=\"article\" \/>\n<meta property=\"og:title\" content=\"HELIKON-TEX Cimdi Impact Duty Winter Mk2 Gloves (olive green) - MILBAZA \u2013 viss akt\u012bvai atp\u016btai\" \/>\n<meta property=\"og:description\" content=\"Nopirkt HELIKON-TEX Cimdi Impact Duty Winter Mk2 Gloves (olive green), izdev\u012bga cena un pieg\u0101de. Turisma pre\u010du interneta veikals, pas\u016bt\u012bt online 24\/7!\" \/>\n<meta property=\"og:url\" content=\"https:\/\/milbaza.lv\/ru\/produkts\/cimdi-helikon-tex-impact-duty-winter-mk2-gloves-olive-green\/\" \/>\n<meta property=\"og:site_name\" content=\"MILBAZA \u2013 viss akt\u012bvai atp\u016btai\" \/>\n<meta property=\"article:publisher\" content=\"https:\/\/www.facebook.com\/profile.php?id=100075399152223\" \/>\n<meta property=\"article:modified_time\" content=\"2026-05-06T08:09:00+00:00\" \/>\n<meta property=\"og:image\" content=\"https:\/\/milbaza.lv\/wp-content\/uploads\/2022\/01\/RK-ID2-NE-0201.png\" \/>\n\t<meta property=\"og:image:width\" content=\"1500\" \/>\n\t<meta property=\"og:image:height\" content=\"1500\" \/>\n\t<meta property=\"og:image:type\" content=\"image\/png\" \/>\n<meta name=\"twitter:card\" content=\"summary_large_image\" \/>\n<meta name=\"twitter:label1\" content=\"\u041f\u0440\u0438\u043c\u0435\u0440\u043d\u043e\u0435 \u0432\u0440\u0435\u043c\u044f \u0434\u043b\u044f \u0447\u0442\u0435\u043d\u0438\u044f\" \/>\n\t<meta name=\"twitter:data1\" content=\"1 \u043c\u0438\u043d\u0443\u0442\u0430\" \/>\n<script type=\"application\/ld+json\" class=\"yoast-schema-graph\">{\"@context\":\"https:\\\/\\\/schema.org\",\"@graph\":[{\"@type\":\"WebPage\",\"@id\":\"https:\\\/\\\/milbaza.lv\\\/ru\\\/produkts\\\/cimdi-helikon-tex-impact-duty-winter-mk2-gloves-olive-green\\\/\",\"url\":\"https:\\\/\\\/milbaza.lv\\\/ru\\\/produkts\\\/cimdi-helikon-tex-impact-duty-winter-mk2-gloves-olive-green\\\/\",\"name\":\"HELIKON-TEX Cimdi Impact Duty Winter Mk2 Gloves (olive green) - MILBAZA \u2013 viss akt\u012bvai atp\u016btai\",\"isPartOf\":{\"@id\":\"https:\\\/\\\/milbaza.lv\\\/ru\\\/#website\"},\"primaryImageOfPage\":{\"@id\":\"https:\\\/\\\/milbaza.lv\\\/ru\\\/produkts\\\/cimdi-helikon-tex-impact-duty-winter-mk2-gloves-olive-green\\\/#primaryimage\"},\"image\":{\"@id\":\"https:\\\/\\\/milbaza.lv\\\/ru\\\/produkts\\\/cimdi-helikon-tex-impact-duty-winter-mk2-gloves-olive-green\\\/#primaryimage\"},\"thumbnailUrl\":\"https:\\\/\\\/milbaza.lv\\\/wp-content\\\/uploads\\\/2022\\\/01\\\/RK-ID2-NE-0201.png\",\"datePublished\":\"2022-01-17T08:28:06+00:00\",\"dateModified\":\"2026-05-06T08:09:00+00:00\",\"description\":\"Nopirkt HELIKON-TEX Cimdi Impact Duty Winter Mk2 Gloves (olive green), izdev\u012bga cena un pieg\u0101de. Turisma pre\u010du interneta veikals, pas\u016bt\u012bt online 24\\\/7!\",\"breadcrumb\":{\"@id\":\"https:\\\/\\\/milbaza.lv\\\/ru\\\/produkts\\\/cimdi-helikon-tex-impact-duty-winter-mk2-gloves-olive-green\\\/#breadcrumb\"},\"inLanguage\":\"ru-RU\",\"potentialAction\":[{\"@type\":\"ReadAction\",\"target\":[\"https:\\\/\\\/milbaza.lv\\\/ru\\\/produkts\\\/cimdi-helikon-tex-impact-duty-winter-mk2-gloves-olive-green\\\/\"]}]},{\"@type\":\"ImageObject\",\"inLanguage\":\"ru-RU\",\"@id\":\"https:\\\/\\\/milbaza.lv\\\/ru\\\/produkts\\\/cimdi-helikon-tex-impact-duty-winter-mk2-gloves-olive-green\\\/#primaryimage\",\"url\":\"https:\\\/\\\/milbaza.lv\\\/wp-content\\\/uploads\\\/2022\\\/01\\\/RK-ID2-NE-0201.png\",\"contentUrl\":\"https:\\\/\\\/milbaza.lv\\\/wp-content\\\/uploads\\\/2022\\\/01\\\/RK-ID2-NE-0201.png\",\"width\":1500,\"height\":1500},{\"@type\":\"BreadcrumbList\",\"@id\":\"https:\\\/\\\/milbaza.lv\\\/ru\\\/produkts\\\/cimdi-helikon-tex-impact-duty-winter-mk2-gloves-olive-green\\\/#breadcrumb\",\"itemListElement\":[{\"@type\":\"ListItem\",\"position\":1,\"name\":\"Home\",\"item\":\"https:\\\/\\\/milbaza.lv\\\/ru\\\/\"},{\"@type\":\"ListItem\",\"position\":2,\"name\":\"\u041c\u0430\u0433\u0430\u0437\u0438\u043d\",\"item\":\"https:\\\/\\\/milbaza.lv\\\/ru\\\/%d0%bc%d0%b0%d0%b3%d0%b0%d0%b7%d0%b8%d0%bd\\\/\"},{\"@type\":\"ListItem\",\"position\":3,\"name\":\"HELIKON-TEX Cimdi Impact Duty Winter Mk2 Gloves (olive green)\"}]},{\"@type\":\"WebSite\",\"@id\":\"https:\\\/\\\/milbaza.lv\\\/ru\\\/#website\",\"url\":\"https:\\\/\\\/milbaza.lv\\\/ru\\\/\",\"name\":\"MILBAZA \u2013 viss akt\u012bvai atp\u016btai\",\"description\":\"Viss akt\u012bvai atp\u016btai\",\"publisher\":{\"@id\":\"https:\\\/\\\/milbaza.lv\\\/ru\\\/#organization\"},\"potentialAction\":[{\"@type\":\"SearchAction\",\"target\":{\"@type\":\"EntryPoint\",\"urlTemplate\":\"https:\\\/\\\/milbaza.lv\\\/ru\\\/?s={search_term_string}\"},\"query-input\":{\"@type\":\"PropertyValueSpecification\",\"valueRequired\":true,\"valueName\":\"search_term_string\"}}],\"inLanguage\":\"ru-RU\"},{\"@type\":\"Organization\",\"@id\":\"https:\\\/\\\/milbaza.lv\\\/ru\\\/#organization\",\"name\":\"Milbaza\",\"url\":\"https:\\\/\\\/milbaza.lv\\\/ru\\\/\",\"logo\":{\"@type\":\"ImageObject\",\"inLanguage\":\"ru-RU\",\"@id\":\"https:\\\/\\\/milbaza.lv\\\/ru\\\/#\\\/schema\\\/logo\\\/image\\\/\",\"url\":\"https:\\\/\\\/milbaza.lv\\\/wp-content\\\/uploads\\\/2021\\\/11\\\/Mil_BAZA_logo3.png\",\"contentUrl\":\"https:\\\/\\\/milbaza.lv\\\/wp-content\\\/uploads\\\/2021\\\/11\\\/Mil_BAZA_logo3.png\",\"width\":564,\"height\":226,\"caption\":\"Milbaza\"},\"image\":{\"@id\":\"https:\\\/\\\/milbaza.lv\\\/ru\\\/#\\\/schema\\\/logo\\\/image\\\/\"},\"sameAs\":[\"https:\\\/\\\/www.facebook.com\\\/profile.php?id=100075399152223\",\"https:\\\/\\\/www.instagram.com\\\/milbaza.lv\\\/\",\"https:\\\/\\\/www.pinterest.com\\\/milbaza\\\/_saved\\\/\",\"https:\\\/\\\/www.youtube.com\\\/channel\\\/UCrPXltd8hsNIiGAKc37hGfQ\"]}]}<\/script>\n<!-- \/ Yoast SEO plugin. -->","yoast_head_json":{"title":"HELIKON-TEX Cimdi Impact Duty Winter Mk2 Gloves (olive green) - MILBAZA \u2013 viss akt\u012bvai atp\u016btai","description":"Nopirkt HELIKON-TEX Cimdi Impact Duty Winter Mk2 Gloves (olive green), izdev\u012bga cena un pieg\u0101de. Turisma pre\u010du interneta veikals, pas\u016bt\u012bt online 24\/7!","robots":{"index":"index","follow":"follow","max-snippet":"max-snippet:-1","max-image-preview":"max-image-preview:large","max-video-preview":"max-video-preview:-1"},"canonical":"https:\/\/milbaza.lv\/ru\/produkts\/cimdi-helikon-tex-impact-duty-winter-mk2-gloves-olive-green\/","og_locale":"ru_RU","og_type":"article","og_title":"HELIKON-TEX Cimdi Impact Duty Winter Mk2 Gloves (olive green) - MILBAZA \u2013 viss akt\u012bvai atp\u016btai","og_description":"Nopirkt HELIKON-TEX Cimdi Impact Duty Winter Mk2 Gloves (olive green), izdev\u012bga cena un pieg\u0101de. Turisma pre\u010du interneta veikals, pas\u016bt\u012bt online 24\/7!","og_url":"https:\/\/milbaza.lv\/ru\/produkts\/cimdi-helikon-tex-impact-duty-winter-mk2-gloves-olive-green\/","og_site_name":"MILBAZA \u2013 viss akt\u012bvai atp\u016btai","article_publisher":"https:\/\/www.facebook.com\/profile.php?id=100075399152223","article_modified_time":"2026-05-06T08:09:00+00:00","og_image":[{"width":1500,"height":1500,"url":"https:\/\/milbaza.lv\/wp-content\/uploads\/2022\/01\/RK-ID2-NE-0201.png","type":"image\/png"}],"twitter_card":"summary_large_image","twitter_misc":{"\u041f\u0440\u0438\u043c\u0435\u0440\u043d\u043e\u0435 \u0432\u0440\u0435\u043c\u044f \u0434\u043b\u044f \u0447\u0442\u0435\u043d\u0438\u044f":"1 \u043c\u0438\u043d\u0443\u0442\u0430"},"schema":{"@context":"https:\/\/schema.org","@graph":[{"@type":"WebPage","@id":"https:\/\/milbaza.lv\/ru\/produkts\/cimdi-helikon-tex-impact-duty-winter-mk2-gloves-olive-green\/","url":"https:\/\/milbaza.lv\/ru\/produkts\/cimdi-helikon-tex-impact-duty-winter-mk2-gloves-olive-green\/","name":"HELIKON-TEX Cimdi Impact Duty Winter Mk2 Gloves (olive green) - MILBAZA \u2013 viss akt\u012bvai atp\u016btai","isPartOf":{"@id":"https:\/\/milbaza.lv\/ru\/#website"},"primaryImageOfPage":{"@id":"https:\/\/milbaza.lv\/ru\/produkts\/cimdi-helikon-tex-impact-duty-winter-mk2-gloves-olive-green\/#primaryimage"},"image":{"@id":"https:\/\/milbaza.lv\/ru\/produkts\/cimdi-helikon-tex-impact-duty-winter-mk2-gloves-olive-green\/#primaryimage"},"thumbnailUrl":"https:\/\/milbaza.lv\/wp-content\/uploads\/2022\/01\/RK-ID2-NE-0201.png","datePublished":"2022-01-17T08:28:06+00:00","dateModified":"2026-05-06T08:09:00+00:00","description":"Nopirkt HELIKON-TEX Cimdi Impact Duty Winter Mk2 Gloves (olive green), izdev\u012bga cena un pieg\u0101de. Turisma pre\u010du interneta veikals, pas\u016bt\u012bt online 24\/7!","breadcrumb":{"@id":"https:\/\/milbaza.lv\/ru\/produkts\/cimdi-helikon-tex-impact-duty-winter-mk2-gloves-olive-green\/#breadcrumb"},"inLanguage":"ru-RU","potentialAction":[{"@type":"ReadAction","target":["https:\/\/milbaza.lv\/ru\/produkts\/cimdi-helikon-tex-impact-duty-winter-mk2-gloves-olive-green\/"]}]},{"@type":"ImageObject","inLanguage":"ru-RU","@id":"https:\/\/milbaza.lv\/ru\/produkts\/cimdi-helikon-tex-impact-duty-winter-mk2-gloves-olive-green\/#primaryimage","url":"https:\/\/milbaza.lv\/wp-content\/uploads\/2022\/01\/RK-ID2-NE-0201.png","contentUrl":"https:\/\/milbaza.lv\/wp-content\/uploads\/2022\/01\/RK-ID2-NE-0201.png","width":1500,"height":1500},{"@type":"BreadcrumbList","@id":"https:\/\/milbaza.lv\/ru\/produkts\/cimdi-helikon-tex-impact-duty-winter-mk2-gloves-olive-green\/#breadcrumb","itemListElement":[{"@type":"ListItem","position":1,"name":"Home","item":"https:\/\/milbaza.lv\/ru\/"},{"@type":"ListItem","position":2,"name":"\u041c\u0430\u0433\u0430\u0437\u0438\u043d","item":"https:\/\/milbaza.lv\/ru\/%d0%bc%d0%b0%d0%b3%d0%b0%d0%b7%d0%b8%d0%bd\/"},{"@type":"ListItem","position":3,"name":"HELIKON-TEX Cimdi Impact Duty Winter Mk2 Gloves (olive green)"}]},{"@type":"WebSite","@id":"https:\/\/milbaza.lv\/ru\/#website","url":"https:\/\/milbaza.lv\/ru\/","name":"MILBAZA \u2013 viss akt\u012bvai atp\u016btai","description":"Viss akt\u012bvai atp\u016btai","publisher":{"@id":"https:\/\/milbaza.lv\/ru\/#organization"},"potentialAction":[{"@type":"SearchAction","target":{"@type":"EntryPoint","urlTemplate":"https:\/\/milbaza.lv\/ru\/?s={search_term_string}"},"query-input":{"@type":"PropertyValueSpecification","valueRequired":true,"valueName":"search_term_string"}}],"inLanguage":"ru-RU"},{"@type":"Organization","@id":"https:\/\/milbaza.lv\/ru\/#organization","name":"Milbaza","url":"https:\/\/milbaza.lv\/ru\/","logo":{"@type":"ImageObject","inLanguage":"ru-RU","@id":"https:\/\/milbaza.lv\/ru\/#\/schema\/logo\/image\/","url":"https:\/\/milbaza.lv\/wp-content\/uploads\/2021\/11\/Mil_BAZA_logo3.png","contentUrl":"https:\/\/milbaza.lv\/wp-content\/uploads\/2021\/11\/Mil_BAZA_logo3.png","width":564,"height":226,"caption":"Milbaza"},"image":{"@id":"https:\/\/milbaza.lv\/ru\/#\/schema\/logo\/image\/"},"sameAs":["https:\/\/www.facebook.com\/profile.php?id=100075399152223","https:\/\/www.instagram.com\/milbaza.lv\/","https:\/\/www.pinterest.com\/milbaza\/_saved\/","https:\/\/www.youtube.com\/channel\/UCrPXltd8hsNIiGAKc37hGfQ"]}]}},"_links":{"self":[{"href":"https:\/\/milbaza.lv\/ru\/wp-json\/wp\/v2\/product\/2822","targetHints":{"allow":["GET"]}}],"collection":[{"href":"https:\/\/milbaza.lv\/ru\/wp-json\/wp\/v2\/product"}],"about":[{"href":"https:\/\/milbaza.lv\/ru\/wp-json\/wp\/v2\/types\/product"}],"replies":[{"embeddable":true,"href":"https:\/\/milbaza.lv\/ru\/wp-json\/wp\/v2\/comments?post=2822"}],"wp:featuredmedia":[{"embeddable":true,"href":"https:\/\/milbaza.lv\/ru\/wp-json\/wp\/v2\/media\/2823"}],"wp:attachment":[{"href":"https:\/\/milbaza.lv\/ru\/wp-json\/wp\/v2\/media?parent=2822"}],"wp:term":[{"taxonomy":"product_brand","embeddable":true,"href":"https:\/\/milbaza.lv\/ru\/wp-json\/wp\/v2\/product_brand?post=2822"},{"taxonomy":"product_cat","embeddable":true,"href":"https:\/\/milbaza.lv\/ru\/wp-json\/wp\/v2\/product_cat?post=2822"},{"taxonomy":"product_tag","embeddable":true,"href":"https:\/\/milbaza.lv\/ru\/wp-json\/wp\/v2\/product_tag?post=2822"}],"curies":[{"name":"wp","href":"https:\/\/api.w.org\/{rel}","templated":true}]}}