{"id":30404,"date":"2023-04-12T23:19:16","date_gmt":"2023-04-12T21:28:34","guid":{"rendered":"https:\/\/milbaza.lv\/produkts\/mil-tec-%d0%bf%d0%be%d0%b4%d1%81%d1%82%d0%b0%d0%b2%d0%ba%d0%b0-%d0%b4%d0%bb%d1%8f-%d0%bf%d1%80%d0%b8%d0%b3%d0%be%d1%82%d0%be%d0%b2%d0%bb%d0%b5%d0%bd%d0%b8%d1%8f-%d0%bf%d0%b8%d1%89%d0%b8\/"},"modified":"2023-04-13T00:28:34","modified_gmt":"2023-04-12T21:28:34","slug":"mil-tec-spirit-cook-stand","status":"publish","type":"product","link":"https:\/\/milbaza.lv\/ru\/produkts\/mil-tec-spirit-cook-stand\/","title":{"rendered":"MIL-TEC \u041f\u041e\u0414\u0421\u0422\u0410\u0412\u041a\u0410 \u0414\u041b\u042f \u041f\u0420\u0418\u0413\u041e\u0422\u041e\u0412\u041b\u0415\u041d\u0418\u042f \u041f\u0418\u0429\u0418"},"content":{"rendered":"<p>\u041b\u0430\u0442\u0443\u043d\u044c<\/p>\n<p>\u0414\u0438\u0430\u043c\u0435\u0442\u0440: 8 \u0441\u043c<\/p>\n<p>\u0412\u044b\u0441\u043e\u0442\u0430: 5 \u0441\u043c<\/p>\n<p>\u0412\u0435\u0441: \u043e\u043a. 70 g<\/p>\n","protected":false},"excerpt":{"rendered":"<p>\u041b\u0430\u0442\u0443\u043d\u044c \u0414\u0438\u0430\u043c\u0435\u0442\u0440: 8 \u0441\u043c \u0412\u044b\u0441\u043e\u0442\u0430: 5 \u0441\u043c \u0412\u0435\u0441: \u043e\u043a. 70 g<\/p>\n","protected":false},"featured_media":30321,"comment_status":"closed","ping_status":"closed","template":"","meta":{"_acf_changed":false},"product_brand":[],"product_cat":[354,353],"product_tag":[],"class_list":{"0":"post-30404","1":"product","2":"type-product","3":"status-publish","4":"has-post-thumbnail","6":"product_cat--kempingam","7":"product_cat-353","9":"first","10":"instock","11":"taxable","12":"shipping-taxable","13":"purchasable","14":"product-type-simple"},"acf":[],"yoast_head":"<!-- This site is optimized with the Yoast SEO plugin v27.4 - https:\/\/yoast.com\/product\/yoast-seo-wordpress\/ -->\n<title>MIL-TEC \u041f\u041e\u0414\u0421\u0422\u0410\u0412\u041a\u0410 \u0414\u041b\u042f \u041f\u0420\u0418\u0413\u041e\u0422\u041e\u0412\u041b\u0415\u041d\u0418\u042f \u041f\u0418\u0429\u0418 - MILBAZA \u2013 viss akt\u012bvai atp\u016btai<\/title>\n<meta name=\"description\" content=\"\u041a\u0443\u043f\u0438\u0442\u0435 MIL-TEC \u041f\u041e\u0414\u0421\u0422\u0410\u0412\u041a\u0410 \u0414\u041b\u042f \u041f\u0420\u0418\u0413\u041e\u0422\u041e\u0412\u041b\u0415\u041d\u0418\u042f \u041f\u0418\u0429\u0418, \u043f\u043e\u043b\u0443\u0447\u0438\u0442\u0435 \u043b\u0443\u0447\u0448\u0443\u044e \u0446\u0435\u043d\u0443 \u0438 \u0434\u043e\u0441\u0442\u0430\u0432\u043a\u0443 \u043f\u043e \u0432\u0441\u0435\u043c\u0443 \u043c\u0438\u0440\u0443. \u0417\u0430\u043a\u0430\u0437\u044b\u0432\u0430\u0439\u0442\u0435 \u043e\u043d\u043b\u0430\u0439\u043d 24\/7 \u043d\u0430 Milbaza - \u043c\u0430\u0433\u0430\u0437\u0438\u043d \u0442\u043e\u0432\u0430\u0440\u043e\u0432 \u0434\u043b\u044f \u0442\u0443\u0440\u0438\u0437\u043c\u0430!\" \/>\n<meta name=\"robots\" content=\"index, follow, max-snippet:-1, max-image-preview:large, max-video-preview:-1\" \/>\n<link rel=\"canonical\" href=\"https:\/\/milbaza.lv\/ru\/produkts\/mil-tec-spirit-cook-stand\/\" \/>\n<meta property=\"og:locale\" content=\"ru_RU\" \/>\n<meta property=\"og:type\" content=\"article\" \/>\n<meta property=\"og:title\" content=\"MIL-TEC \u041f\u041e\u0414\u0421\u0422\u0410\u0412\u041a\u0410 \u0414\u041b\u042f \u041f\u0420\u0418\u0413\u041e\u0422\u041e\u0412\u041b\u0415\u041d\u0418\u042f \u041f\u0418\u0429\u0418 - MILBAZA \u2013 viss akt\u012bvai atp\u016btai\" \/>\n<meta property=\"og:description\" content=\"\u041a\u0443\u043f\u0438\u0442\u0435 MIL-TEC \u041f\u041e\u0414\u0421\u0422\u0410\u0412\u041a\u0410 \u0414\u041b\u042f \u041f\u0420\u0418\u0413\u041e\u0422\u041e\u0412\u041b\u0415\u041d\u0418\u042f \u041f\u0418\u0429\u0418, \u043f\u043e\u043b\u0443\u0447\u0438\u0442\u0435 \u043b\u0443\u0447\u0448\u0443\u044e \u0446\u0435\u043d\u0443 \u0438 \u0434\u043e\u0441\u0442\u0430\u0432\u043a\u0443 \u043f\u043e \u0432\u0441\u0435\u043c\u0443 \u043c\u0438\u0440\u0443. \u0417\u0430\u043a\u0430\u0437\u044b\u0432\u0430\u0439\u0442\u0435 \u043e\u043d\u043b\u0430\u0439\u043d 24\/7 \u043d\u0430 Milbaza - \u043c\u0430\u0433\u0430\u0437\u0438\u043d \u0442\u043e\u0432\u0430\u0440\u043e\u0432 \u0434\u043b\u044f \u0442\u0443\u0440\u0438\u0437\u043c\u0430!\" \/>\n<meta property=\"og:url\" content=\"https:\/\/milbaza.lv\/ru\/produkts\/mil-tec-spirit-cook-stand\/\" \/>\n<meta property=\"og:site_name\" content=\"MILBAZA \u2013 viss akt\u012bvai atp\u016btai\" \/>\n<meta property=\"article:publisher\" content=\"https:\/\/www.facebook.com\/profile.php?id=100075399152223\" \/>\n<meta property=\"og:image\" content=\"https:\/\/milbaza.lv\/wp-content\/uploads\/2023\/04\/4203316001_palnik-spirtovij-mil-tec.jpg\" \/>\n\t<meta property=\"og:image:width\" content=\"800\" \/>\n\t<meta property=\"og:image:height\" content=\"800\" \/>\n\t<meta property=\"og:image:type\" content=\"image\/jpeg\" \/>\n<meta name=\"twitter:card\" content=\"summary_large_image\" \/>\n<script type=\"application\/ld+json\" class=\"yoast-schema-graph\">{\"@context\":\"https:\\\/\\\/schema.org\",\"@graph\":[{\"@type\":\"WebPage\",\"@id\":\"https:\\\/\\\/milbaza.lv\\\/ru\\\/produkts\\\/mil-tec-spirit-cook-stand\\\/\",\"url\":\"https:\\\/\\\/milbaza.lv\\\/ru\\\/produkts\\\/mil-tec-spirit-cook-stand\\\/\",\"name\":\"MIL-TEC \u041f\u041e\u0414\u0421\u0422\u0410\u0412\u041a\u0410 \u0414\u041b\u042f \u041f\u0420\u0418\u0413\u041e\u0422\u041e\u0412\u041b\u0415\u041d\u0418\u042f \u041f\u0418\u0429\u0418 - MILBAZA \u2013 viss akt\u012bvai atp\u016btai\",\"isPartOf\":{\"@id\":\"https:\\\/\\\/milbaza.lv\\\/ru\\\/#website\"},\"primaryImageOfPage\":{\"@id\":\"https:\\\/\\\/milbaza.lv\\\/ru\\\/produkts\\\/mil-tec-spirit-cook-stand\\\/#primaryimage\"},\"image\":{\"@id\":\"https:\\\/\\\/milbaza.lv\\\/ru\\\/produkts\\\/mil-tec-spirit-cook-stand\\\/#primaryimage\"},\"thumbnailUrl\":\"https:\\\/\\\/milbaza.lv\\\/wp-content\\\/uploads\\\/2023\\\/04\\\/4203316001_palnik-spirtovij-mil-tec.jpg\",\"datePublished\":\"2023-04-12T21:28:34+00:00\",\"description\":\"\u041a\u0443\u043f\u0438\u0442\u0435 MIL-TEC \u041f\u041e\u0414\u0421\u0422\u0410\u0412\u041a\u0410 \u0414\u041b\u042f \u041f\u0420\u0418\u0413\u041e\u0422\u041e\u0412\u041b\u0415\u041d\u0418\u042f \u041f\u0418\u0429\u0418, \u043f\u043e\u043b\u0443\u0447\u0438\u0442\u0435 \u043b\u0443\u0447\u0448\u0443\u044e \u0446\u0435\u043d\u0443 \u0438 \u0434\u043e\u0441\u0442\u0430\u0432\u043a\u0443 \u043f\u043e \u0432\u0441\u0435\u043c\u0443 \u043c\u0438\u0440\u0443. \u0417\u0430\u043a\u0430\u0437\u044b\u0432\u0430\u0439\u0442\u0435 \u043e\u043d\u043b\u0430\u0439\u043d 24\\\/7 \u043d\u0430 Milbaza - \u043c\u0430\u0433\u0430\u0437\u0438\u043d \u0442\u043e\u0432\u0430\u0440\u043e\u0432 \u0434\u043b\u044f \u0442\u0443\u0440\u0438\u0437\u043c\u0430!\",\"breadcrumb\":{\"@id\":\"https:\\\/\\\/milbaza.lv\\\/ru\\\/produkts\\\/mil-tec-spirit-cook-stand\\\/#breadcrumb\"},\"inLanguage\":\"ru-RU\",\"potentialAction\":[{\"@type\":\"ReadAction\",\"target\":[\"https:\\\/\\\/milbaza.lv\\\/ru\\\/produkts\\\/mil-tec-spirit-cook-stand\\\/\"]}]},{\"@type\":\"ImageObject\",\"inLanguage\":\"ru-RU\",\"@id\":\"https:\\\/\\\/milbaza.lv\\\/ru\\\/produkts\\\/mil-tec-spirit-cook-stand\\\/#primaryimage\",\"url\":\"https:\\\/\\\/milbaza.lv\\\/wp-content\\\/uploads\\\/2023\\\/04\\\/4203316001_palnik-spirtovij-mil-tec.jpg\",\"contentUrl\":\"https:\\\/\\\/milbaza.lv\\\/wp-content\\\/uploads\\\/2023\\\/04\\\/4203316001_palnik-spirtovij-mil-tec.jpg\",\"width\":800,\"height\":800},{\"@type\":\"BreadcrumbList\",\"@id\":\"https:\\\/\\\/milbaza.lv\\\/ru\\\/produkts\\\/mil-tec-spirit-cook-stand\\\/#breadcrumb\",\"itemListElement\":[{\"@type\":\"ListItem\",\"position\":1,\"name\":\"Home\",\"item\":\"https:\\\/\\\/milbaza.lv\\\/ru\\\/\"},{\"@type\":\"ListItem\",\"position\":2,\"name\":\"\u041c\u0430\u0433\u0430\u0437\u0438\u043d\",\"item\":\"https:\\\/\\\/milbaza.lv\\\/ru\\\/%d0%bc%d0%b0%d0%b3%d0%b0%d0%b7%d0%b8%d0%bd\\\/\"},{\"@type\":\"ListItem\",\"position\":3,\"name\":\"MIL-TEC \u041f\u041e\u0414\u0421\u0422\u0410\u0412\u041a\u0410 \u0414\u041b\u042f \u041f\u0420\u0418\u0413\u041e\u0422\u041e\u0412\u041b\u0415\u041d\u0418\u042f \u041f\u0418\u0429\u0418\"}]},{\"@type\":\"WebSite\",\"@id\":\"https:\\\/\\\/milbaza.lv\\\/ru\\\/#website\",\"url\":\"https:\\\/\\\/milbaza.lv\\\/ru\\\/\",\"name\":\"MILBAZA \u2013 viss akt\u012bvai atp\u016btai\",\"description\":\"Viss akt\u012bvai atp\u016btai\",\"publisher\":{\"@id\":\"https:\\\/\\\/milbaza.lv\\\/ru\\\/#organization\"},\"potentialAction\":[{\"@type\":\"SearchAction\",\"target\":{\"@type\":\"EntryPoint\",\"urlTemplate\":\"https:\\\/\\\/milbaza.lv\\\/ru\\\/?s={search_term_string}\"},\"query-input\":{\"@type\":\"PropertyValueSpecification\",\"valueRequired\":true,\"valueName\":\"search_term_string\"}}],\"inLanguage\":\"ru-RU\"},{\"@type\":\"Organization\",\"@id\":\"https:\\\/\\\/milbaza.lv\\\/ru\\\/#organization\",\"name\":\"Milbaza\",\"url\":\"https:\\\/\\\/milbaza.lv\\\/ru\\\/\",\"logo\":{\"@type\":\"ImageObject\",\"inLanguage\":\"ru-RU\",\"@id\":\"https:\\\/\\\/milbaza.lv\\\/ru\\\/#\\\/schema\\\/logo\\\/image\\\/\",\"url\":\"https:\\\/\\\/milbaza.lv\\\/wp-content\\\/uploads\\\/2021\\\/11\\\/Mil_BAZA_logo3.png\",\"contentUrl\":\"https:\\\/\\\/milbaza.lv\\\/wp-content\\\/uploads\\\/2021\\\/11\\\/Mil_BAZA_logo3.png\",\"width\":564,\"height\":226,\"caption\":\"Milbaza\"},\"image\":{\"@id\":\"https:\\\/\\\/milbaza.lv\\\/ru\\\/#\\\/schema\\\/logo\\\/image\\\/\"},\"sameAs\":[\"https:\\\/\\\/www.facebook.com\\\/profile.php?id=100075399152223\",\"https:\\\/\\\/www.instagram.com\\\/milbaza.lv\\\/\",\"https:\\\/\\\/www.pinterest.com\\\/milbaza\\\/_saved\\\/\",\"https:\\\/\\\/www.youtube.com\\\/channel\\\/UCrPXltd8hsNIiGAKc37hGfQ\"]}]}<\/script>\n<!-- \/ Yoast SEO plugin. -->","yoast_head_json":{"title":"MIL-TEC \u041f\u041e\u0414\u0421\u0422\u0410\u0412\u041a\u0410 \u0414\u041b\u042f \u041f\u0420\u0418\u0413\u041e\u0422\u041e\u0412\u041b\u0415\u041d\u0418\u042f \u041f\u0418\u0429\u0418 - MILBAZA \u2013 viss akt\u012bvai atp\u016btai","description":"\u041a\u0443\u043f\u0438\u0442\u0435 MIL-TEC \u041f\u041e\u0414\u0421\u0422\u0410\u0412\u041a\u0410 \u0414\u041b\u042f \u041f\u0420\u0418\u0413\u041e\u0422\u041e\u0412\u041b\u0415\u041d\u0418\u042f \u041f\u0418\u0429\u0418, \u043f\u043e\u043b\u0443\u0447\u0438\u0442\u0435 \u043b\u0443\u0447\u0448\u0443\u044e \u0446\u0435\u043d\u0443 \u0438 \u0434\u043e\u0441\u0442\u0430\u0432\u043a\u0443 \u043f\u043e \u0432\u0441\u0435\u043c\u0443 \u043c\u0438\u0440\u0443. \u0417\u0430\u043a\u0430\u0437\u044b\u0432\u0430\u0439\u0442\u0435 \u043e\u043d\u043b\u0430\u0439\u043d 24\/7 \u043d\u0430 Milbaza - \u043c\u0430\u0433\u0430\u0437\u0438\u043d \u0442\u043e\u0432\u0430\u0440\u043e\u0432 \u0434\u043b\u044f \u0442\u0443\u0440\u0438\u0437\u043c\u0430!","robots":{"index":"index","follow":"follow","max-snippet":"max-snippet:-1","max-image-preview":"max-image-preview:large","max-video-preview":"max-video-preview:-1"},"canonical":"https:\/\/milbaza.lv\/ru\/produkts\/mil-tec-spirit-cook-stand\/","og_locale":"ru_RU","og_type":"article","og_title":"MIL-TEC \u041f\u041e\u0414\u0421\u0422\u0410\u0412\u041a\u0410 \u0414\u041b\u042f \u041f\u0420\u0418\u0413\u041e\u0422\u041e\u0412\u041b\u0415\u041d\u0418\u042f \u041f\u0418\u0429\u0418 - MILBAZA \u2013 viss akt\u012bvai atp\u016btai","og_description":"\u041a\u0443\u043f\u0438\u0442\u0435 MIL-TEC \u041f\u041e\u0414\u0421\u0422\u0410\u0412\u041a\u0410 \u0414\u041b\u042f \u041f\u0420\u0418\u0413\u041e\u0422\u041e\u0412\u041b\u0415\u041d\u0418\u042f \u041f\u0418\u0429\u0418, \u043f\u043e\u043b\u0443\u0447\u0438\u0442\u0435 \u043b\u0443\u0447\u0448\u0443\u044e \u0446\u0435\u043d\u0443 \u0438 \u0434\u043e\u0441\u0442\u0430\u0432\u043a\u0443 \u043f\u043e \u0432\u0441\u0435\u043c\u0443 \u043c\u0438\u0440\u0443. \u0417\u0430\u043a\u0430\u0437\u044b\u0432\u0430\u0439\u0442\u0435 \u043e\u043d\u043b\u0430\u0439\u043d 24\/7 \u043d\u0430 Milbaza - \u043c\u0430\u0433\u0430\u0437\u0438\u043d \u0442\u043e\u0432\u0430\u0440\u043e\u0432 \u0434\u043b\u044f \u0442\u0443\u0440\u0438\u0437\u043c\u0430!","og_url":"https:\/\/milbaza.lv\/ru\/produkts\/mil-tec-spirit-cook-stand\/","og_site_name":"MILBAZA \u2013 viss akt\u012bvai atp\u016btai","article_publisher":"https:\/\/www.facebook.com\/profile.php?id=100075399152223","og_image":[{"width":800,"height":800,"url":"https:\/\/milbaza.lv\/wp-content\/uploads\/2023\/04\/4203316001_palnik-spirtovij-mil-tec.jpg","type":"image\/jpeg"}],"twitter_card":"summary_large_image","schema":{"@context":"https:\/\/schema.org","@graph":[{"@type":"WebPage","@id":"https:\/\/milbaza.lv\/ru\/produkts\/mil-tec-spirit-cook-stand\/","url":"https:\/\/milbaza.lv\/ru\/produkts\/mil-tec-spirit-cook-stand\/","name":"MIL-TEC \u041f\u041e\u0414\u0421\u0422\u0410\u0412\u041a\u0410 \u0414\u041b\u042f \u041f\u0420\u0418\u0413\u041e\u0422\u041e\u0412\u041b\u0415\u041d\u0418\u042f \u041f\u0418\u0429\u0418 - MILBAZA \u2013 viss akt\u012bvai atp\u016btai","isPartOf":{"@id":"https:\/\/milbaza.lv\/ru\/#website"},"primaryImageOfPage":{"@id":"https:\/\/milbaza.lv\/ru\/produkts\/mil-tec-spirit-cook-stand\/#primaryimage"},"image":{"@id":"https:\/\/milbaza.lv\/ru\/produkts\/mil-tec-spirit-cook-stand\/#primaryimage"},"thumbnailUrl":"https:\/\/milbaza.lv\/wp-content\/uploads\/2023\/04\/4203316001_palnik-spirtovij-mil-tec.jpg","datePublished":"2023-04-12T21:28:34+00:00","description":"\u041a\u0443\u043f\u0438\u0442\u0435 MIL-TEC \u041f\u041e\u0414\u0421\u0422\u0410\u0412\u041a\u0410 \u0414\u041b\u042f \u041f\u0420\u0418\u0413\u041e\u0422\u041e\u0412\u041b\u0415\u041d\u0418\u042f \u041f\u0418\u0429\u0418, \u043f\u043e\u043b\u0443\u0447\u0438\u0442\u0435 \u043b\u0443\u0447\u0448\u0443\u044e \u0446\u0435\u043d\u0443 \u0438 \u0434\u043e\u0441\u0442\u0430\u0432\u043a\u0443 \u043f\u043e \u0432\u0441\u0435\u043c\u0443 \u043c\u0438\u0440\u0443. \u0417\u0430\u043a\u0430\u0437\u044b\u0432\u0430\u0439\u0442\u0435 \u043e\u043d\u043b\u0430\u0439\u043d 24\/7 \u043d\u0430 Milbaza - \u043c\u0430\u0433\u0430\u0437\u0438\u043d \u0442\u043e\u0432\u0430\u0440\u043e\u0432 \u0434\u043b\u044f \u0442\u0443\u0440\u0438\u0437\u043c\u0430!","breadcrumb":{"@id":"https:\/\/milbaza.lv\/ru\/produkts\/mil-tec-spirit-cook-stand\/#breadcrumb"},"inLanguage":"ru-RU","potentialAction":[{"@type":"ReadAction","target":["https:\/\/milbaza.lv\/ru\/produkts\/mil-tec-spirit-cook-stand\/"]}]},{"@type":"ImageObject","inLanguage":"ru-RU","@id":"https:\/\/milbaza.lv\/ru\/produkts\/mil-tec-spirit-cook-stand\/#primaryimage","url":"https:\/\/milbaza.lv\/wp-content\/uploads\/2023\/04\/4203316001_palnik-spirtovij-mil-tec.jpg","contentUrl":"https:\/\/milbaza.lv\/wp-content\/uploads\/2023\/04\/4203316001_palnik-spirtovij-mil-tec.jpg","width":800,"height":800},{"@type":"BreadcrumbList","@id":"https:\/\/milbaza.lv\/ru\/produkts\/mil-tec-spirit-cook-stand\/#breadcrumb","itemListElement":[{"@type":"ListItem","position":1,"name":"Home","item":"https:\/\/milbaza.lv\/ru\/"},{"@type":"ListItem","position":2,"name":"\u041c\u0430\u0433\u0430\u0437\u0438\u043d","item":"https:\/\/milbaza.lv\/ru\/%d0%bc%d0%b0%d0%b3%d0%b0%d0%b7%d0%b8%d0%bd\/"},{"@type":"ListItem","position":3,"name":"MIL-TEC \u041f\u041e\u0414\u0421\u0422\u0410\u0412\u041a\u0410 \u0414\u041b\u042f \u041f\u0420\u0418\u0413\u041e\u0422\u041e\u0412\u041b\u0415\u041d\u0418\u042f \u041f\u0418\u0429\u0418"}]},{"@type":"WebSite","@id":"https:\/\/milbaza.lv\/ru\/#website","url":"https:\/\/milbaza.lv\/ru\/","name":"MILBAZA \u2013 viss akt\u012bvai atp\u016btai","description":"Viss akt\u012bvai atp\u016btai","publisher":{"@id":"https:\/\/milbaza.lv\/ru\/#organization"},"potentialAction":[{"@type":"SearchAction","target":{"@type":"EntryPoint","urlTemplate":"https:\/\/milbaza.lv\/ru\/?s={search_term_string}"},"query-input":{"@type":"PropertyValueSpecification","valueRequired":true,"valueName":"search_term_string"}}],"inLanguage":"ru-RU"},{"@type":"Organization","@id":"https:\/\/milbaza.lv\/ru\/#organization","name":"Milbaza","url":"https:\/\/milbaza.lv\/ru\/","logo":{"@type":"ImageObject","inLanguage":"ru-RU","@id":"https:\/\/milbaza.lv\/ru\/#\/schema\/logo\/image\/","url":"https:\/\/milbaza.lv\/wp-content\/uploads\/2021\/11\/Mil_BAZA_logo3.png","contentUrl":"https:\/\/milbaza.lv\/wp-content\/uploads\/2021\/11\/Mil_BAZA_logo3.png","width":564,"height":226,"caption":"Milbaza"},"image":{"@id":"https:\/\/milbaza.lv\/ru\/#\/schema\/logo\/image\/"},"sameAs":["https:\/\/www.facebook.com\/profile.php?id=100075399152223","https:\/\/www.instagram.com\/milbaza.lv\/","https:\/\/www.pinterest.com\/milbaza\/_saved\/","https:\/\/www.youtube.com\/channel\/UCrPXltd8hsNIiGAKc37hGfQ"]}]}},"_links":{"self":[{"href":"https:\/\/milbaza.lv\/ru\/wp-json\/wp\/v2\/product\/30404","targetHints":{"allow":["GET"]}}],"collection":[{"href":"https:\/\/milbaza.lv\/ru\/wp-json\/wp\/v2\/product"}],"about":[{"href":"https:\/\/milbaza.lv\/ru\/wp-json\/wp\/v2\/types\/product"}],"replies":[{"embeddable":true,"href":"https:\/\/milbaza.lv\/ru\/wp-json\/wp\/v2\/comments?post=30404"}],"wp:featuredmedia":[{"embeddable":true,"href":"https:\/\/milbaza.lv\/ru\/wp-json\/wp\/v2\/media\/30321"}],"wp:attachment":[{"href":"https:\/\/milbaza.lv\/ru\/wp-json\/wp\/v2\/media?parent=30404"}],"wp:term":[{"taxonomy":"product_brand","embeddable":true,"href":"https:\/\/milbaza.lv\/ru\/wp-json\/wp\/v2\/product_brand?post=30404"},{"taxonomy":"product_cat","embeddable":true,"href":"https:\/\/milbaza.lv\/ru\/wp-json\/wp\/v2\/product_cat?post=30404"},{"taxonomy":"product_tag","embeddable":true,"href":"https:\/\/milbaza.lv\/ru\/wp-json\/wp\/v2\/product_tag?post=30404"}],"curies":[{"name":"wp","href":"https:\/\/api.w.org\/{rel}","templated":true}]}}