{"id":31584,"date":"2022-01-13T18:26:55","date_gmt":"2023-04-16T20:14:48","guid":{"rendered":"https:\/\/milbaza.lv\/produkts\/helikon-tex-%d0%ba%d0%be%d0%bc%d0%bf%d0%b0%d1%81-scout-compass-mk2\/"},"modified":"2023-04-16T23:14:48","modified_gmt":"2023-04-16T20:14:48","slug":"compass-helicon-tex-scout-compass-mk2-caurspidigs","status":"publish","type":"product","link":"https:\/\/milbaza.lv\/ru\/produkts\/compass-helicon-tex-scout-compass-mk2-caurspidigs\/","title":{"rendered":"HELIKON-TEX \u041a\u041e\u041c\u041f\u0410\u0421 SCOUT COMPASS MK2"},"content":{"rendered":"<p>\u0412 \u043d\u0430\u0441\u0442\u043e\u044f\u0449\u0435\u0435 \u0432\u0440\u0435\u043c\u044f \u043c\u044b \u0441\u043b\u0438\u0448\u043a\u043e\u043c \u0434\u043e\u0432\u0435\u0440\u044f\u0435\u043c \u0441\u043e\u0432\u0440\u0435\u043c\u0435\u043d\u043d\u044b\u043c \u0442\u0435\u0445\u043d\u043e\u043b\u043e\u0433\u0438\u044f\u043c. \u0423 \u0432\u0441\u0435\u0445 \u043d\u0430\u0441 \u0435\u0441\u0442\u044c GPS \u043d\u0430 \u0442\u0435\u043b\u0435\u0444\u043e\u043d\u0430\u0445, \u0432 \u043c\u0430\u0448\u0438\u043d\u0430\u0445 \u0438 \u0442.\u0434. \u041d\u043e \u0447\u0442\u043e, \u0435\u0441\u043b\u0438 \u0432\u0441\u0435 \u044d\u0442\u043e \u043d\u0435 \u0441\u0440\u0430\u0431\u043e\u0442\u0430\u0435\u0442? \u0410 \u0435\u0441\u043b\u0438 \u0431\u0430\u0442\u0430\u0440\u0435\u044f \u0440\u0430\u0437\u0440\u044f\u0434\u0438\u0442\u0441\u044f? \u0415\u0441\u0442\u044c \u043e\u0434\u0438\u043d \u044d\u043b\u0435\u043c\u0435\u043d\u0442 \u043d\u0430\u0432\u0438\u0433\u0430\u0446\u0438\u043e\u043d\u043d\u043e\u0433\u043e \u043e\u0431\u043e\u0440\u0443\u0434\u043e\u0432\u0430\u043d\u0438\u044f, \u0443 \u043a\u043e\u0442\u043e\u0440\u043e\u0433\u043e \u043d\u0438\u043a\u043e\u0433\u0434\u0430 \u043d\u0435 &#8220;\u0437\u0430\u043a\u043e\u043d\u0447\u0438\u0442\u0441\u044f \u0442\u043e\u043f\u043b\u0438\u0432\u043e&#8221; &#8211; \u044d\u0442\u043e \u043a\u0430\u0440\u0442\u0430 \u0438 \u043a\u043e\u043c\u043f\u0430\u0441. \u0418\u043c\u0435\u043d\u043d\u043e \u043f\u043e\u044d\u0442\u043e\u043c\u0443 \u043c\u044b \u0440\u0430\u0437\u0440\u0430\u0431\u043e\u0442\u0430\u043b\u0438 Scout Compass Mk2, \u043d\u0430\u0448\u0443 \u0432\u0435\u0440\u0441\u0438\u044e \u0443\u043d\u0438\u0432\u0435\u0440\u0441\u0430\u043b\u044c\u043d\u043e\u0433\u043e \u043a\u0430\u0440\u0442\u043e\u0433\u0440\u0430\u0444\u0438\u0447\u0435\u0441\u043a\u043e\u0433\u043e \u043a\u043e\u043c\u043f\u0430\u0441\u0430. \u041a\u043e\u043c\u043f\u0430\u0441 \u0437\u0430\u043f\u043e\u043b\u043d\u0435\u043d \u0436\u0438\u0434\u043a\u043e\u0441\u0442\u044c\u044e. \u0414\u043b\u044f \u043b\u0443\u0447\u0448\u0435\u0439 \u043d\u0430\u0432\u0438\u0433\u0430\u0446\u0438\u0438 \u043a\u043e\u043c\u043f\u0430\u0441 \u043e\u0441\u043d\u0430\u0449\u0435\u043d \u0432\u0440\u0430\u0449\u0430\u044e\u0449\u0438\u043c\u0441\u044f \u0431\u0435\u0437\u0435\u043b\u0435\u043c \u0441 \u0443\u0433\u043b\u043e\u0432\u043e\u0439 \u0448\u043a\u0430\u043b\u043e\u0439, \u0441\u0430\u043d\u0442\u0438\u043c\u0435\u0442\u0440\u043e\u0432\u043e\u0439 \u0438 \u0434\u044e\u0439\u043c\u043e\u0432\u043e\u0439 \u043b\u0438\u043d\u0435\u0439\u043a\u0430\u043c\u0438 \u0438 4 \u043a\u0430\u0440\u0442\u043e\u0433\u0440\u0430\u0444\u0438\u0447\u0435\u0441\u043a\u0438\u043c\u0438 \u043c\u0430\u0441\u0448\u0442\u0430\u0431\u0430\u043c\u0438 &#8211; 1:25000, 1:24000, 1:62500 \u0438 1:50000. \u041a\u043e\u043c\u043f\u0430\u0441 \u0442\u0430\u043a\u0436\u0435 \u043e\u0441\u043d\u0430\u0449\u0435\u043d \u0442\u0443\u0440\u0438\u0441\u0442\u0438\u0447\u0435\u0441\u043a\u0438\u043c \u0448\u043d\u0443\u0440\u043e\u043c, \u0447\u0442\u043e\u0431\u044b \u0438\u0437\u0431\u0435\u0436\u0430\u0442\u044c \u0435\u0433\u043e \u043f\u043e\u0442\u0435\u0440\u0438.<\/p>\n<p>&nbsp;<\/p>\n<p>\u041e\u0441\u043e\u0431\u0435\u043d\u043d\u043e\u0441\u0442\u0438:<\/p>\n<ul>\n<li>\u0422\u043e\u0447\u043d\u043e\u0441\u0442\u044c \u043a\u043e\u043c\u043f\u0430\u0441\u0430: +\/- 3 \u0433\u0440\u0430\u0434\u0443\u0441\u0430<\/li>\n<li>\u0423\u043d\u0438\u0432\u0435\u0440\u0441\u0430\u043b\u044c\u043d\u044b\u0439 \u043a\u0430\u0440\u0442\u043e\u0433\u0440\u0430\u0444\u0438\u0447\u0435\u0441\u043a\u0438\u0439 \u043a\u043e\u043c\u043f\u0430\u0441<\/li>\n<li>\u041f\u043e\u0432\u043e\u0440\u043e\u0442\u043d\u0430\u044f \u0440\u0430\u043c\u0430 \u0441 \u0443\u0433\u043b\u043e\u0432\u043e\u0439 \u0448\u043a\u0430\u043b\u043e\u0439<\/li>\n<li>4 \u043c\u0430\u0441\u0448\u0442\u0430\u0431\u0430 1:25000, 1:24000, 1:62500, 1:50000<\/li>\n<li>\u0417\u0430\u043f\u043e\u043b\u043d\u0435\u043d \u0436\u0438\u0434\u043a\u043e\u0441\u0442\u044c\u044e<\/li>\n<li>\u0421\u0430\u043d\u0442\u0438\u043c\u0435\u0442\u0440\u043e\u0432\u0430\u044f \u0438 \u0434\u044e\u0439\u043c\u043e\u0432\u0430\u044f \u043b\u0438\u043d\u0435\u0439\u043a\u0438<\/li>\n<li>\u041d\u044f\u043d\u044f<\/li>\n<li>\u0424\u043e\u0441\u0444\u043e\u0440\u0435\u0441\u0446\u0438\u0440\u0443\u044e\u0449\u0438\u0435 \u0434\u0435\u0442\u0430\u043b\u0438<\/li>\n<\/ul>\n","protected":false},"excerpt":{"rendered":"<p>\u0412 \u043d\u0430\u0441\u0442\u043e\u044f\u0449\u0435\u0435 \u0432\u0440\u0435\u043c\u044f \u043c\u044b \u0441\u043b\u0438\u0448\u043a\u043e\u043c \u0434\u043e\u0432\u0435\u0440\u044f\u0435\u043c \u0441\u043e\u0432\u0440\u0435\u043c\u0435\u043d\u043d\u044b\u043c \u0442\u0435\u0445\u043d\u043e\u043b\u043e\u0433\u0438\u044f\u043c. \u0423 \u0432\u0441\u0435\u0445 \u043d\u0430\u0441 \u0435\u0441\u0442\u044c GPS \u043d\u0430 \u0442\u0435\u043b\u0435\u0444\u043e\u043d\u0430\u0445, \u0432 \u043c\u0430\u0448\u0438\u043d\u0430\u0445 \u0438 \u0442.\u0434. \u041d\u043e \u0447\u0442\u043e, \u0435\u0441\u043b\u0438 \u0432\u0441\u0435 \u044d\u0442\u043e \u043d\u0435 \u0441\u0440\u0430\u0431\u043e\u0442\u0430\u0435\u0442? \u0410 \u0435\u0441\u043b\u0438 \u0431\u0430\u0442\u0430\u0440\u0435\u044f \u0440\u0430\u0437\u0440\u044f\u0434\u0438\u0442\u0441\u044f? \u0415\u0441\u0442\u044c \u043e\u0434\u0438\u043d \u044d\u043b\u0435\u043c\u0435\u043d\u0442 \u043d\u0430\u0432\u0438\u0433\u0430\u0446\u0438\u043e\u043d\u043d\u043e\u0433\u043e \u043e\u0431\u043e\u0440\u0443\u0434\u043e\u0432\u0430\u043d\u0438\u044f, \u0443 \u043a\u043e\u0442\u043e\u0440\u043e\u0433\u043e \u043d\u0438\u043a\u043e\u0433\u0434\u0430 \u043d\u0435 &#8220;\u0437\u0430\u043a\u043e\u043d\u0447\u0438\u0442\u0441\u044f \u0442\u043e\u043f\u043b\u0438\u0432\u043e&#8221; &#8211; \u044d\u0442\u043e \u043a\u0430\u0440\u0442\u0430 \u0438 \u043a\u043e\u043c\u043f\u0430\u0441. \u0418\u043c\u0435\u043d\u043d\u043e \u043f\u043e\u044d\u0442\u043e\u043c\u0443 \u043c\u044b \u0440\u0430\u0437\u0440\u0430\u0431\u043e\u0442\u0430\u043b\u0438 Scout Compass Mk2, \u043d\u0430\u0448\u0443 \u0432\u0435\u0440\u0441\u0438\u044e [&#8230;]\n","protected":false},"featured_media":3336,"comment_status":"open","ping_status":"closed","template":"","meta":{"_acf_changed":false},"product_brand":[],"product_cat":[354,353],"product_tag":[],"class_list":{"0":"post-31584","1":"product","2":"type-product","3":"status-publish","4":"has-post-thumbnail","6":"product_cat--kempingam","7":"product_cat-353","9":"first","10":"outofstock","11":"taxable","12":"shipping-taxable","13":"purchasable","14":"product-type-simple"},"acf":[],"yoast_head":"<!-- This site is optimized with the Yoast SEO plugin v26.7 - https:\/\/yoast.com\/wordpress\/plugins\/seo\/ -->\n<title>Helikon-Tex Scout Compass Mk2 (\u043f\u0440\u043e\u0437\u0440\u0430\u0447\u043d\u044b\u0439) - MILIBAZA<\/title>\n<meta name=\"description\" content=\"\u041a\u0443\u043f\u0438\u0442\u044c HELIKON-TEX \u041a\u041e\u041c\u041f\u0410\u0421 SCOUT COMPASS MK2, \u0432\u044b\u0433\u043e\u0434\u043d\u0430\u044f \u0446\u0435\u043d\u0430 \u0438 \u0434\u043e\u0441\u0442\u0430\u0432\u043a\u0430. \u0418\u043d\u0442\u0435\u0440\u043d\u0435\u0442-\u043c\u0430\u0433\u0430\u0437\u0438\u043d \u0442\u0443\u0440\u0438\u0441\u0442\u0438\u0447\u0435\u0441\u043a\u0438\u0445 \u0442\u043e\u0432\u0430\u0440\u043e\u0432 - \u0437\u0430\u043a\u0430\u0437\u044b\u0432\u0430\u0439\u0442\u0435 24\/7!\" \/>\n<meta name=\"robots\" content=\"index, follow, max-snippet:-1, max-image-preview:large, max-video-preview:-1\" \/>\n<link rel=\"canonical\" href=\"https:\/\/milbaza.lv\/ru\/produkts\/compass-helicon-tex-scout-compass-mk2-caurspidigs\/\" \/>\n<meta property=\"og:locale\" content=\"ru_RU\" \/>\n<meta property=\"og:type\" content=\"article\" \/>\n<meta property=\"og:title\" content=\"Helikon-Tex Scout Compass Mk2 (\u043f\u0440\u043e\u0437\u0440\u0430\u0447\u043d\u044b\u0439) - MILIBAZA\" \/>\n<meta property=\"og:description\" content=\"\u041a\u0443\u043f\u0438\u0442\u044c HELIKON-TEX \u041a\u041e\u041c\u041f\u0410\u0421 SCOUT COMPASS MK2, \u0432\u044b\u0433\u043e\u0434\u043d\u0430\u044f \u0446\u0435\u043d\u0430 \u0438 \u0434\u043e\u0441\u0442\u0430\u0432\u043a\u0430. \u0418\u043d\u0442\u0435\u0440\u043d\u0435\u0442-\u043c\u0430\u0433\u0430\u0437\u0438\u043d \u0442\u0443\u0440\u0438\u0441\u0442\u0438\u0447\u0435\u0441\u043a\u0438\u0445 \u0442\u043e\u0432\u0430\u0440\u043e\u0432 - \u0437\u0430\u043a\u0430\u0437\u044b\u0432\u0430\u0439\u0442\u0435 24\/7!\" \/>\n<meta property=\"og:url\" content=\"https:\/\/milbaza.lv\/ru\/produkts\/compass-helicon-tex-scout-compass-mk2-caurspidigs\/\" \/>\n<meta property=\"og:site_name\" content=\"MILBAZA \u2013 viss akt\u012bvai atp\u016btai\" \/>\n<meta property=\"article:publisher\" content=\"https:\/\/www.facebook.com\/profile.php?id=100075399152223\" \/>\n<meta property=\"og:image\" content=\"https:\/\/milbaza.lv\/wp-content\/uploads\/2022\/01\/KS-SC2-AC-00.jpg\" \/>\n\t<meta property=\"og:image:width\" content=\"1500\" \/>\n\t<meta property=\"og:image:height\" content=\"1500\" \/>\n\t<meta property=\"og:image:type\" content=\"image\/jpeg\" \/>\n<meta name=\"twitter:card\" content=\"summary_large_image\" \/>\n<script type=\"application\/ld+json\" class=\"yoast-schema-graph\">{\"@context\":\"https:\/\/schema.org\",\"@graph\":[{\"@type\":\"WebPage\",\"@id\":\"https:\/\/milbaza.lv\/ru\/produkts\/compass-helicon-tex-scout-compass-mk2-caurspidigs\/\",\"url\":\"https:\/\/milbaza.lv\/ru\/produkts\/compass-helicon-tex-scout-compass-mk2-caurspidigs\/\",\"name\":\"Helikon-Tex Scout Compass Mk2 (\u043f\u0440\u043e\u0437\u0440\u0430\u0447\u043d\u044b\u0439) - MILIBAZA\",\"isPartOf\":{\"@id\":\"https:\/\/milbaza.lv\/ru\/#website\"},\"primaryImageOfPage\":{\"@id\":\"https:\/\/milbaza.lv\/ru\/produkts\/compass-helicon-tex-scout-compass-mk2-caurspidigs\/#primaryimage\"},\"image\":{\"@id\":\"https:\/\/milbaza.lv\/ru\/produkts\/compass-helicon-tex-scout-compass-mk2-caurspidigs\/#primaryimage\"},\"thumbnailUrl\":\"https:\/\/milbaza.lv\/wp-content\/uploads\/2022\/01\/KS-SC2-AC-00.jpg\",\"datePublished\":\"2023-04-16T20:14:48+00:00\",\"description\":\"\u041a\u0443\u043f\u0438\u0442\u044c HELIKON-TEX \u041a\u041e\u041c\u041f\u0410\u0421 SCOUT COMPASS MK2, \u0432\u044b\u0433\u043e\u0434\u043d\u0430\u044f \u0446\u0435\u043d\u0430 \u0438 \u0434\u043e\u0441\u0442\u0430\u0432\u043a\u0430. \u0418\u043d\u0442\u0435\u0440\u043d\u0435\u0442-\u043c\u0430\u0433\u0430\u0437\u0438\u043d \u0442\u0443\u0440\u0438\u0441\u0442\u0438\u0447\u0435\u0441\u043a\u0438\u0445 \u0442\u043e\u0432\u0430\u0440\u043e\u0432 - \u0437\u0430\u043a\u0430\u0437\u044b\u0432\u0430\u0439\u0442\u0435 24\/7!\",\"breadcrumb\":{\"@id\":\"https:\/\/milbaza.lv\/ru\/produkts\/compass-helicon-tex-scout-compass-mk2-caurspidigs\/#breadcrumb\"},\"inLanguage\":\"ru-RU\",\"potentialAction\":[{\"@type\":\"ReadAction\",\"target\":[\"https:\/\/milbaza.lv\/ru\/produkts\/compass-helicon-tex-scout-compass-mk2-caurspidigs\/\"]}]},{\"@type\":\"ImageObject\",\"inLanguage\":\"ru-RU\",\"@id\":\"https:\/\/milbaza.lv\/ru\/produkts\/compass-helicon-tex-scout-compass-mk2-caurspidigs\/#primaryimage\",\"url\":\"https:\/\/milbaza.lv\/wp-content\/uploads\/2022\/01\/KS-SC2-AC-00.jpg\",\"contentUrl\":\"https:\/\/milbaza.lv\/wp-content\/uploads\/2022\/01\/KS-SC2-AC-00.jpg\",\"width\":1500,\"height\":1500},{\"@type\":\"BreadcrumbList\",\"@id\":\"https:\/\/milbaza.lv\/ru\/produkts\/compass-helicon-tex-scout-compass-mk2-caurspidigs\/#breadcrumb\",\"itemListElement\":[{\"@type\":\"ListItem\",\"position\":1,\"name\":\"Home\",\"item\":\"https:\/\/milbaza.lv\/ru\/\"},{\"@type\":\"ListItem\",\"position\":2,\"name\":\"\u041c\u0430\u0433\u0430\u0437\u0438\u043d\",\"item\":\"https:\/\/milbaza.lv\/ru\/%d0%bc%d0%b0%d0%b3%d0%b0%d0%b7%d0%b8%d0%bd\/\"},{\"@type\":\"ListItem\",\"position\":3,\"name\":\"HELIKON-TEX \u041a\u041e\u041c\u041f\u0410\u0421 SCOUT COMPASS MK2\"}]},{\"@type\":\"WebSite\",\"@id\":\"https:\/\/milbaza.lv\/ru\/#website\",\"url\":\"https:\/\/milbaza.lv\/ru\/\",\"name\":\"MILBAZA \u2013 viss akt\u012bvai atp\u016btai\",\"description\":\"Viss akt\u012bvai atp\u016btai\",\"publisher\":{\"@id\":\"https:\/\/milbaza.lv\/ru\/#organization\"},\"potentialAction\":[{\"@type\":\"SearchAction\",\"target\":{\"@type\":\"EntryPoint\",\"urlTemplate\":\"https:\/\/milbaza.lv\/ru\/?s={search_term_string}\"},\"query-input\":{\"@type\":\"PropertyValueSpecification\",\"valueRequired\":true,\"valueName\":\"search_term_string\"}}],\"inLanguage\":\"ru-RU\"},{\"@type\":\"Organization\",\"@id\":\"https:\/\/milbaza.lv\/ru\/#organization\",\"name\":\"Milbaza\",\"url\":\"https:\/\/milbaza.lv\/ru\/\",\"logo\":{\"@type\":\"ImageObject\",\"inLanguage\":\"ru-RU\",\"@id\":\"https:\/\/milbaza.lv\/ru\/#\/schema\/logo\/image\/\",\"url\":\"https:\/\/milbaza.lv\/wp-content\/uploads\/2021\/11\/Mil_BAZA_logo3.png\",\"contentUrl\":\"https:\/\/milbaza.lv\/wp-content\/uploads\/2021\/11\/Mil_BAZA_logo3.png\",\"width\":564,\"height\":226,\"caption\":\"Milbaza\"},\"image\":{\"@id\":\"https:\/\/milbaza.lv\/ru\/#\/schema\/logo\/image\/\"},\"sameAs\":[\"https:\/\/www.facebook.com\/profile.php?id=100075399152223\",\"https:\/\/www.instagram.com\/milbaza.lv\/\",\"https:\/\/www.pinterest.com\/milbaza\/_saved\/\",\"https:\/\/www.youtube.com\/channel\/UCrPXltd8hsNIiGAKc37hGfQ\"]}]}<\/script>\n<!-- \/ Yoast SEO plugin. -->","yoast_head_json":{"title":"Helikon-Tex Scout Compass Mk2 (\u043f\u0440\u043e\u0437\u0440\u0430\u0447\u043d\u044b\u0439) - MILIBAZA","description":"\u041a\u0443\u043f\u0438\u0442\u044c HELIKON-TEX \u041a\u041e\u041c\u041f\u0410\u0421 SCOUT COMPASS MK2, \u0432\u044b\u0433\u043e\u0434\u043d\u0430\u044f \u0446\u0435\u043d\u0430 \u0438 \u0434\u043e\u0441\u0442\u0430\u0432\u043a\u0430. \u0418\u043d\u0442\u0435\u0440\u043d\u0435\u0442-\u043c\u0430\u0433\u0430\u0437\u0438\u043d \u0442\u0443\u0440\u0438\u0441\u0442\u0438\u0447\u0435\u0441\u043a\u0438\u0445 \u0442\u043e\u0432\u0430\u0440\u043e\u0432 - \u0437\u0430\u043a\u0430\u0437\u044b\u0432\u0430\u0439\u0442\u0435 24\/7!","robots":{"index":"index","follow":"follow","max-snippet":"max-snippet:-1","max-image-preview":"max-image-preview:large","max-video-preview":"max-video-preview:-1"},"canonical":"https:\/\/milbaza.lv\/ru\/produkts\/compass-helicon-tex-scout-compass-mk2-caurspidigs\/","og_locale":"ru_RU","og_type":"article","og_title":"Helikon-Tex Scout Compass Mk2 (\u043f\u0440\u043e\u0437\u0440\u0430\u0447\u043d\u044b\u0439) - MILIBAZA","og_description":"\u041a\u0443\u043f\u0438\u0442\u044c HELIKON-TEX \u041a\u041e\u041c\u041f\u0410\u0421 SCOUT COMPASS MK2, \u0432\u044b\u0433\u043e\u0434\u043d\u0430\u044f \u0446\u0435\u043d\u0430 \u0438 \u0434\u043e\u0441\u0442\u0430\u0432\u043a\u0430. \u0418\u043d\u0442\u0435\u0440\u043d\u0435\u0442-\u043c\u0430\u0433\u0430\u0437\u0438\u043d \u0442\u0443\u0440\u0438\u0441\u0442\u0438\u0447\u0435\u0441\u043a\u0438\u0445 \u0442\u043e\u0432\u0430\u0440\u043e\u0432 - \u0437\u0430\u043a\u0430\u0437\u044b\u0432\u0430\u0439\u0442\u0435 24\/7!","og_url":"https:\/\/milbaza.lv\/ru\/produkts\/compass-helicon-tex-scout-compass-mk2-caurspidigs\/","og_site_name":"MILBAZA \u2013 viss akt\u012bvai atp\u016btai","article_publisher":"https:\/\/www.facebook.com\/profile.php?id=100075399152223","og_image":[{"width":1500,"height":1500,"url":"https:\/\/milbaza.lv\/wp-content\/uploads\/2022\/01\/KS-SC2-AC-00.jpg","type":"image\/jpeg"}],"twitter_card":"summary_large_image","schema":{"@context":"https:\/\/schema.org","@graph":[{"@type":"WebPage","@id":"https:\/\/milbaza.lv\/ru\/produkts\/compass-helicon-tex-scout-compass-mk2-caurspidigs\/","url":"https:\/\/milbaza.lv\/ru\/produkts\/compass-helicon-tex-scout-compass-mk2-caurspidigs\/","name":"Helikon-Tex Scout Compass Mk2 (\u043f\u0440\u043e\u0437\u0440\u0430\u0447\u043d\u044b\u0439) - MILIBAZA","isPartOf":{"@id":"https:\/\/milbaza.lv\/ru\/#website"},"primaryImageOfPage":{"@id":"https:\/\/milbaza.lv\/ru\/produkts\/compass-helicon-tex-scout-compass-mk2-caurspidigs\/#primaryimage"},"image":{"@id":"https:\/\/milbaza.lv\/ru\/produkts\/compass-helicon-tex-scout-compass-mk2-caurspidigs\/#primaryimage"},"thumbnailUrl":"https:\/\/milbaza.lv\/wp-content\/uploads\/2022\/01\/KS-SC2-AC-00.jpg","datePublished":"2023-04-16T20:14:48+00:00","description":"\u041a\u0443\u043f\u0438\u0442\u044c HELIKON-TEX \u041a\u041e\u041c\u041f\u0410\u0421 SCOUT COMPASS MK2, \u0432\u044b\u0433\u043e\u0434\u043d\u0430\u044f \u0446\u0435\u043d\u0430 \u0438 \u0434\u043e\u0441\u0442\u0430\u0432\u043a\u0430. \u0418\u043d\u0442\u0435\u0440\u043d\u0435\u0442-\u043c\u0430\u0433\u0430\u0437\u0438\u043d \u0442\u0443\u0440\u0438\u0441\u0442\u0438\u0447\u0435\u0441\u043a\u0438\u0445 \u0442\u043e\u0432\u0430\u0440\u043e\u0432 - \u0437\u0430\u043a\u0430\u0437\u044b\u0432\u0430\u0439\u0442\u0435 24\/7!","breadcrumb":{"@id":"https:\/\/milbaza.lv\/ru\/produkts\/compass-helicon-tex-scout-compass-mk2-caurspidigs\/#breadcrumb"},"inLanguage":"ru-RU","potentialAction":[{"@type":"ReadAction","target":["https:\/\/milbaza.lv\/ru\/produkts\/compass-helicon-tex-scout-compass-mk2-caurspidigs\/"]}]},{"@type":"ImageObject","inLanguage":"ru-RU","@id":"https:\/\/milbaza.lv\/ru\/produkts\/compass-helicon-tex-scout-compass-mk2-caurspidigs\/#primaryimage","url":"https:\/\/milbaza.lv\/wp-content\/uploads\/2022\/01\/KS-SC2-AC-00.jpg","contentUrl":"https:\/\/milbaza.lv\/wp-content\/uploads\/2022\/01\/KS-SC2-AC-00.jpg","width":1500,"height":1500},{"@type":"BreadcrumbList","@id":"https:\/\/milbaza.lv\/ru\/produkts\/compass-helicon-tex-scout-compass-mk2-caurspidigs\/#breadcrumb","itemListElement":[{"@type":"ListItem","position":1,"name":"Home","item":"https:\/\/milbaza.lv\/ru\/"},{"@type":"ListItem","position":2,"name":"\u041c\u0430\u0433\u0430\u0437\u0438\u043d","item":"https:\/\/milbaza.lv\/ru\/%d0%bc%d0%b0%d0%b3%d0%b0%d0%b7%d0%b8%d0%bd\/"},{"@type":"ListItem","position":3,"name":"HELIKON-TEX \u041a\u041e\u041c\u041f\u0410\u0421 SCOUT COMPASS MK2"}]},{"@type":"WebSite","@id":"https:\/\/milbaza.lv\/ru\/#website","url":"https:\/\/milbaza.lv\/ru\/","name":"MILBAZA \u2013 viss akt\u012bvai atp\u016btai","description":"Viss akt\u012bvai atp\u016btai","publisher":{"@id":"https:\/\/milbaza.lv\/ru\/#organization"},"potentialAction":[{"@type":"SearchAction","target":{"@type":"EntryPoint","urlTemplate":"https:\/\/milbaza.lv\/ru\/?s={search_term_string}"},"query-input":{"@type":"PropertyValueSpecification","valueRequired":true,"valueName":"search_term_string"}}],"inLanguage":"ru-RU"},{"@type":"Organization","@id":"https:\/\/milbaza.lv\/ru\/#organization","name":"Milbaza","url":"https:\/\/milbaza.lv\/ru\/","logo":{"@type":"ImageObject","inLanguage":"ru-RU","@id":"https:\/\/milbaza.lv\/ru\/#\/schema\/logo\/image\/","url":"https:\/\/milbaza.lv\/wp-content\/uploads\/2021\/11\/Mil_BAZA_logo3.png","contentUrl":"https:\/\/milbaza.lv\/wp-content\/uploads\/2021\/11\/Mil_BAZA_logo3.png","width":564,"height":226,"caption":"Milbaza"},"image":{"@id":"https:\/\/milbaza.lv\/ru\/#\/schema\/logo\/image\/"},"sameAs":["https:\/\/www.facebook.com\/profile.php?id=100075399152223","https:\/\/www.instagram.com\/milbaza.lv\/","https:\/\/www.pinterest.com\/milbaza\/_saved\/","https:\/\/www.youtube.com\/channel\/UCrPXltd8hsNIiGAKc37hGfQ"]}]}},"_links":{"self":[{"href":"https:\/\/milbaza.lv\/ru\/wp-json\/wp\/v2\/product\/31584","targetHints":{"allow":["GET"]}}],"collection":[{"href":"https:\/\/milbaza.lv\/ru\/wp-json\/wp\/v2\/product"}],"about":[{"href":"https:\/\/milbaza.lv\/ru\/wp-json\/wp\/v2\/types\/product"}],"replies":[{"embeddable":true,"href":"https:\/\/milbaza.lv\/ru\/wp-json\/wp\/v2\/comments?post=31584"}],"wp:featuredmedia":[{"embeddable":true,"href":"https:\/\/milbaza.lv\/ru\/wp-json\/wp\/v2\/media\/3336"}],"wp:attachment":[{"href":"https:\/\/milbaza.lv\/ru\/wp-json\/wp\/v2\/media?parent=31584"}],"wp:term":[{"taxonomy":"product_brand","embeddable":true,"href":"https:\/\/milbaza.lv\/ru\/wp-json\/wp\/v2\/product_brand?post=31584"},{"taxonomy":"product_cat","embeddable":true,"href":"https:\/\/milbaza.lv\/ru\/wp-json\/wp\/v2\/product_cat?post=31584"},{"taxonomy":"product_tag","embeddable":true,"href":"https:\/\/milbaza.lv\/ru\/wp-json\/wp\/v2\/product_tag?post=31584"}],"curies":[{"name":"wp","href":"https:\/\/api.w.org\/{rel}","templated":true}]}}