{"id":32803,"date":"2022-03-21T02:11:42","date_gmt":"2023-05-30T09:19:08","guid":{"rendered":"https:\/\/milbaza.lv\/produkts\/helikon-tex-jaka-trooper-stormstretch-peleka\/"},"modified":"2025-06-13T13:03:03","modified_gmt":"2025-06-13T10:03:03","slug":"jaka-trooper-stormstretch-helikon-tex-peleka","status":"publish","type":"product","link":"https:\/\/milbaza.lv\/ru\/produkts\/jaka-trooper-stormstretch-helikon-tex-peleka\/","title":{"rendered":"HELIKON-TEX JAKA TROOPER-STORMSTRETCH-PEL\u0112KA"},"content":{"rendered":"<p>\u0422\u0440\u0443\u043f\u0435\u0440 &#8211; \u044d\u0442\u043e \u043a\u0440\u0430\u0439\u043d\u0435 \u043b\u0435\u0433\u043a\u0430\u044f \u043c\u044f\u0433\u043a\u0430\u044f \u043e\u0431\u043e\u043b\u043e\u0447\u043a\u0430 \u0432\u043d\u0435\u0448\u043d\u0435\u0433\u043e \u0441\u043b\u043e\u044f \u0438 \u0441\u0432\u043e\u0435\u0433\u043e \u0440\u043e\u0434\u0430 \u043c\u043b\u0430\u0434\u0448\u0438\u0439 \u0431\u0440\u0430\u0442 \u0413\u0430\u043d\u0444\u0430\u0439\u0442\u0435\u0440\u0430. \u041e\u043d\u0430 \u0431\u044b\u043b\u0430 \u0440\u0430\u0437\u0440\u0430\u0431\u043e\u0442\u0430\u043d\u0430 \u0441 \u0443\u0447\u0435\u0442\u043e\u043c \u0438\u0441\u043f\u043e\u043b\u044c\u0437\u043e\u0432\u0430\u043d\u0438\u044f \u0432 \u0441\u043b\u0443\u0436\u0435\u0431\u043d\u044b\u0445 \u0446\u0435\u043b\u044f\u0445, \u043d\u043e \u043c\u044b \u0437\u043d\u0430\u0435\u043c, \u0447\u0442\u043e \u043e\u043d\u0430 \u043f\u043e\u043b\u044c\u0437\u0443\u0435\u0442\u0441\u044f \u043f\u043e\u043f\u0443\u043b\u044f\u0440\u043d\u043e\u0441\u0442\u044c\u044e \u0441\u0440\u0435\u0434\u0438 \u043e\u0431\u044b\u0447\u043d\u044b\u0445 \u0433\u0440\u0430\u0436\u0434\u0430\u043d, \u0438\u0449\u0443\u0449\u0438\u0445 \u043b\u0435\u0433\u043a\u0443\u044e, \u0444\u0443\u043d\u043a\u0446\u0438\u043e\u043d\u0430\u043b\u044c\u043d\u0443\u044e \u0438 \u043a\u0430\u0447\u0435\u0441\u0442\u0432\u0435\u043d\u043d\u0443\u044e \u043e\u0434\u0435\u0436\u0434\u0443. \u0415\u0435 \u043c\u043e\u0436\u043d\u043e \u0438\u0441\u043f\u043e\u043b\u044c\u0437\u043e\u0432\u0430\u0442\u044c \u043a\u0430\u043a \u0441\u0430\u043c\u043e\u0441\u0442\u043e\u044f\u0442\u0435\u043b\u044c\u043d\u044b\u0439 \u043f\u0440\u0435\u0434\u043c\u0435\u0442 \u043e\u0434\u0435\u0436\u0434\u044b \u0438\u043b\u0438 \u0432\u0435\u0440\u0445\u043d\u0438\u0439 \u0441\u043b\u043e\u0439. \u042d\u0442\u0430 \u043a\u0443\u0440\u0442\u043a\u0430 \u0437\u0430\u0449\u0438\u0449\u0430\u0435\u0442 \u043e\u0442 \u0441\u043b\u0430\u0431\u043e\u0433\u043e \u0432\u0435\u0442\u0440\u0430 \u0438 \u0434\u043e\u0436\u0434\u044f, \u0441\u043e\u0445\u0440\u0430\u043d\u044f\u044f \u0432\u044b\u0441\u043e\u043a\u0443\u044e \u0432\u043e\u0437\u0434\u0443\u0445\u043e\u043f\u0440\u043e\u043d\u0438\u0446\u0430\u0435\u043c\u043e\u0441\u0442\u044c. \u041a\u0430\u043f\u044e\u0448\u043e\u043d, \u0441\u043f\u0440\u044f\u0442\u0430\u043d\u043d\u044b\u0439 \u0432 \u0432\u043e\u0440\u043e\u0442\u043d\u0438\u043a\u0435, \u043c\u043e\u0436\u043d\u043e \u0431\u044b\u0441\u0442\u0440\u043e \u0438 \u043b\u0435\u0433\u043a\u043e \u0440\u0430\u0437\u0432\u0435\u0440\u043d\u0443\u0442\u044c \u0441 \u043f\u043e\u043c\u043e\u0449\u044c\u044e \u0434\u0432\u0443\u0441\u0442\u043e\u0440\u043e\u043d\u043d\u0435\u0439 \u043c\u043e\u043b\u043d\u0438\u0438 \u0438 \u043e\u0442\u0440\u0435\u0433\u0443\u043b\u0438\u0440\u043e\u0432\u0430\u0442\u044c \u043f\u043e\u0434 \u0434\u0440\u0443\u0433\u0443\u044e \u0433\u043e\u043b\u043e\u0432\u043d\u0443\u044e \u043e\u0434\u0435\u0436\u0434\u0443 \u0438\u043b\u0438 \u043e\u0431\u043e\u0440\u0443\u0434\u043e\u0432\u0430\u043d\u0438\u0435 (\u043d\u0430\u043f\u0440\u0438\u043c\u0435\u0440, \u043d\u0430\u0443\u0448\u043d\u0438\u043a\u0438). \u0421\u0435\u043c\u044c \u043a\u0430\u0440\u043c\u0430\u043d\u043e\u0432 \u0433\u043e\u0442\u043e\u0432\u044b \u0445\u0440\u0430\u043d\u0438\u0442\u044c \u043c\u043d\u043e\u0436\u0435\u0441\u0442\u0432\u043e \u043d\u0435\u043e\u0431\u0445\u043e\u0434\u0438\u043c\u044b\u0445 \u0432\u0435\u0449\u0435\u0439. \u0414\u0432\u0430 \u043a\u0430\u0440\u043c\u0430\u043d\u0430 \u043d\u0430 \u0433\u0440\u0443\u0434\u0438 \u0441 \u043c\u043e\u043b\u043d\u0438\u044f\u043c\u0438 \u0438\u043c\u0435\u044e\u0442 \u043e\u0440\u0433\u0430\u043d\u0430\u0439\u0437\u0435\u0440\u044b \u0438 \u043a\u0430\u0440\u0430\u0431\u0438\u043d\u044b \u0434\u043b\u044f \u043a\u0440\u0435\u043f\u043b\u0435\u043d\u0438\u044f. \u0412\u043d\u0443\u0442\u0440\u0435\u043d\u043d\u0438\u0439 \u043a\u0430\u0440\u043c\u0430\u043d \u0437\u0430\u043a\u0440\u044b\u0432\u0430\u0435\u0442\u0441\u044f \u043d\u0430 \u043b\u0438\u043f\u0443\u0447\u043a\u0443. \u0414\u0432\u0430 \u043a\u0430\u0440\u043c\u0430\u043d\u0430 \u043d\u0430 \u0432\u0435\u0440\u0445\u043d\u0435\u0439 \u0447\u0430\u0441\u0442\u0438 \u0440\u0443\u043a\u0430\u0432\u0430 \u0441 \u043f\u0440\u043e\u0432\u043e\u0434\u043a\u0430\u043c\u0438 \u0434\u043b\u044f \u043f\u0440\u043e\u0432\u043e\u0434\u043e\u0432. \u041d\u0430 \u043b\u0435\u0432\u043e\u043c \u043d\u0438\u0436\u043d\u0435\u043c \u0440\u0443\u043a\u0430\u0432\u0435 \u0442\u0430\u043a\u0436\u0435 \u0435\u0441\u0442\u044c \u043a\u0430\u0440\u043c\u0430\u043d \u043d\u0430 \u043c\u043e\u043b\u043d\u0438\u0438. \u0418, \u043d\u0430\u043a\u043e\u043d\u0435\u0446, \u0441\u0437\u0430\u0434\u0438 \u043d\u0430 \u043d\u0438\u0436\u043d\u0435\u0439 \u0447\u0430\u0441\u0442\u0438 \u0435\u0441\u0442\u044c \u0431\u043e\u043b\u044c\u0448\u043e\u0439 \u043a\u0430\u0440\u043c\u0430\u043d \u0441 \u0434\u0432\u0443\u0441\u0442\u043e\u0440\u043e\u043d\u043d\u0435\u0439 \u043c\u043e\u043b\u043d\u0438\u0435\u0439. \u0410\u043d\u0430\u0442\u043e\u043c\u0438\u0447\u0435\u0441\u043a\u0438\u0439 \u043a\u0440\u043e\u0439 \u043f\u043e\u0434\u0441\u0442\u0440\u0430\u0438\u0432\u0430\u0435\u0442\u0441\u044f \u043f\u043e\u0434 \u0434\u0432\u0438\u0436\u0435\u043d\u0438\u044f \u043d\u043e\u0441\u0438\u0442\u0435\u043b\u044f, \u0430 \u0443\u0441\u0438\u043b\u0435\u043d\u0438\u044f \u043d\u0430 \u043b\u043e\u043a\u0442\u044f\u0445 \u0434\u0435\u043b\u0430\u044e\u0442 \u0435\u0433\u043e \u0431\u043e\u043b\u0435\u0435 \u043f\u0440\u043e\u0447\u043d\u044b\u043c. \u041e\u043d \u043b\u0435\u0433\u043a\u043e \u0441\u0436\u0438\u043c\u0430\u0435\u0442\u0441\u044f, \u0447\u0442\u043e \u043e\u0431\u043b\u0435\u0433\u0447\u0430\u0435\u0442 \u0435\u0433\u043e \u0442\u0440\u0430\u043d\u0441\u043f\u043e\u0440\u0442\u0438\u0440\u043e\u0432\u043a\u0443 \u0432 \u0441\u0443\u043c\u043a\u0435, \u0440\u044e\u043a\u0437\u0430\u043a\u0435 \u0438\u043b\u0438 \u0434\u0430\u0436\u0435 \u043a\u0430\u0440\u043c\u0430\u043d\u0435 \u0433\u0440\u0443\u0437\u043e\u0432\u044b\u0445 \u0431\u0440\u044e\u043a.<\/p>\n<p>\u041e\u0441\u043e\u0431\u0435\u043d\u043d\u043e\u0441\u0442\u0438:<br \/>\n\u0411\u043e\u043a\u043e\u0432\u044b\u0435 \u0433\u0440\u0443\u0434\u043d\u044b\u0435 \u043a\u0430\u0440\u043c\u0430\u043d\u044b \u0441 \u043f\u0440\u043e\u0432\u043e\u0434\u043a\u0430\u043c\u0438, \u043a\u0430\u0440\u0430\u0431\u0438\u043d\u0430\u043c\u0438 \u0438 \u043a\u0430\u0440\u043c\u0430\u043d\u0430\u043c\u0438 \u0434\u043b\u044f \u044d\u043b\u0435\u043a\u0442\u0440\u043e\u043d\u043d\u044b\u0445 \u0443\u0441\u0442\u0440\u043e\u0439\u0441\u0442\u0432.<br \/>\n\u0413\u043b\u0430\u0432\u043d\u0430\u044f \u0434\u0432\u0443\u0441\u0442\u043e\u0440\u043e\u043d\u043d\u044f\u044f \u043c\u043e\u043b\u043d\u0438\u044f YKK\u00ae \u0441 \u0437\u0430\u0449\u0438\u0442\u043e\u0439 \u043f\u043e\u0434\u0431\u043e\u0440\u043e\u0434\u043a\u0430.<br \/>\n\u0427\u0430\u0441\u0442\u0438\u0447\u043d\u043e \u044d\u043b\u0430\u0441\u0442\u0438\u0447\u043d\u044b\u0435, \u0440\u0435\u0433\u0443\u043b\u0438\u0440\u0443\u0435\u043c\u044b\u0435 \u043c\u0430\u043d\u0436\u0435\u0442\u044b \u0441 \u043b\u0438\u043f\u0443\u0447\u043a\u043e\u0439.<br \/>\n\u0412\u044b\u0441\u043e\u043a\u0430\u044f \u043f\u0440\u043e\u0447\u043d\u043e\u0441\u0442\u044c.<br \/>\n\u0414\u0432\u0430 \u043a\u0430\u0440\u043c\u0430\u043d\u0430 \u043d\u0430 \u043f\u043b\u0435\u0447\u0435 \u0441 \u043f\u0440\u043e\u0432\u043e\u0434\u043a\u0430\u043c\u0438.<br \/>\n\u042d\u043b\u0430\u0441\u0442\u0438\u0447\u043d\u0430\u044f \u0440\u0435\u0433\u0443\u043b\u0438\u0440\u043e\u0432\u043a\u0430 \u043f\u043e \u043d\u0438\u0437\u0443 \u043a\u0443\u0440\u0442\u043a\u0438.<br \/>\n\u041a\u0430\u0440\u043c\u0430\u043d \u0434\u043b\u044f \u043a\u0430\u043f\u044e\u0448\u043e\u043d\u0430 \u043e\u0442\u043a\u0440\u044b\u0432\u0430\u0435\u0442\u0441\u044f \u0434\u0432\u0443\u0441\u0442\u043e\u0440\u043e\u043d\u043d\u0435\u0439 \u043c\u043e\u043b\u043d<\/p>\n<p>\u0438\u0435\u0439.<br \/>\n\u041a\u0430\u0440\u043c\u0430\u043d \u043d\u0430 \u043b\u0435\u0432\u043e\u043c \u043f\u0440\u0435\u0434\u043f\u043b\u0435\u0447\u044c\u0435 \u0441 \u043c\u043e\u043b\u043d\u0438\u0435\u0439.<br \/>\n\u041b\u0435\u0433\u043a\u0438\u0439 \u0438 \u043b\u0435\u0433\u043a\u043e \u0441\u0436\u0438\u043c\u0430\u0435\u043c\u044b\u0439.<br \/>\n\u041f\u0430\u043d\u0435\u043b\u044c \u0434\u043b\u044f \u043d\u0430\u043d\u0435\u0441\u0435\u043d\u0438\u044f \u0438\u043d\u0434\u0438\u0432\u0438\u0434\u0443\u0430\u043b\u044c\u043d\u044b\u0445 \u044d\u043b\u0435\u043c\u0435\u043d\u0442\u043e\u0432 \u043d\u0430 \u0440\u0443\u043a\u0430\u0432\u0430\u0445.<br \/>\n\u0412\u0435\u043d\u0442\u0438\u043b\u044f\u0446\u0438\u043e\u043d\u043d\u044b\u0435 \u043c\u043e\u043b\u043d\u0438\u0438 \u043f\u043e\u0434 \u043c\u044b\u0448\u043a\u0430\u043c\u0438.<br \/>\n\u0417\u0430\u0434\u043d\u0438\u0439 \u043a\u0430\u0440\u043c\u0430\u043d \u0441 \u043c\u043e\u043b\u043d\u0438\u0435\u0439.<br \/>\n\u0421\u043a\u0440\u044b\u0442\u044b\u0439 \u0440\u0435\u0433\u0443\u043b\u0438\u0440\u0443\u0435\u043c\u044b\u0439 \u043a\u0430\u043f\u044e\u0448\u043e\u043d \u0432 \u0432\u043e\u0440\u043e\u0442\u043d\u0438\u043a\u0435.<br \/>\n\u0412\u044b\u0441\u043e\u043a\u0430\u044f \u0432\u043e\u0437\u0434\u0443\u0445\u043e\u043f\u0440\u043e\u043d\u0438\u0446\u0430\u0435\u043c\u043e\u0441\u0442\u044c<br \/>\n\u0423\u0441\u0438\u043b\u0435\u043d\u043d\u044b\u0435, \u043f\u0440\u043e\u0444\u0438\u043b\u0438\u0440\u043e\u0432\u0430\u043d\u043d\u044b\u0435 \u043a\u043e\u043b\u0435\u043d\u0438.<\/p>\n<p>&nbsp;<\/p>\n<p><iframe loading=\"lazy\" title=\"Helikon-Tex - Trooper - StormStretch\u00ae\" width=\"1020\" height=\"574\" src=\"https:\/\/www.youtube.com\/embed\/GUKZPFTOo6Y?start=1&#038;feature=oembed\" frameborder=\"0\" allow=\"accelerometer; autoplay; clipboard-write; encrypted-media; gyroscope; picture-in-picture; web-share\" referrerpolicy=\"strict-origin-when-cross-origin\" allowfullscreen><\/iframe><\/p>\n","protected":false},"excerpt":{"rendered":"<p>\u0422\u0440\u0443\u043f\u0435\u0440 &#8211; \u044d\u0442\u043e \u043a\u0440\u0430\u0439\u043d\u0435 \u043b\u0435\u0433\u043a\u0430\u044f \u043c\u044f\u0433\u043a\u0430\u044f \u043e\u0431\u043e\u043b\u043e\u0447\u043a\u0430 \u0432\u043d\u0435\u0448\u043d\u0435\u0433\u043e \u0441\u043b\u043e\u044f \u0438 \u0441\u0432\u043e\u0435\u0433\u043e \u0440\u043e\u0434\u0430 \u043c\u043b\u0430\u0434\u0448\u0438\u0439 \u0431\u0440\u0430\u0442 \u0413\u0430\u043d\u0444\u0430\u0439\u0442\u0435\u0440\u0430. \u041e\u043d\u0430 \u0431\u044b\u043b\u0430 \u0440\u0430\u0437\u0440\u0430\u0431\u043e\u0442\u0430\u043d\u0430 \u0441 \u0443\u0447\u0435\u0442\u043e\u043c \u0438\u0441\u043f\u043e\u043b\u044c\u0437\u043e\u0432\u0430\u043d\u0438\u044f \u0432 \u0441\u043b\u0443\u0436\u0435\u0431\u043d\u044b\u0445 \u0446\u0435\u043b\u044f\u0445, \u043d\u043e \u043c\u044b \u0437\u043d\u0430\u0435\u043c, \u0447\u0442\u043e \u043e\u043d\u0430 \u043f\u043e\u043b\u044c\u0437\u0443\u0435\u0442\u0441\u044f \u043f\u043e\u043f\u0443\u043b\u044f\u0440\u043d\u043e\u0441\u0442\u044c\u044e \u0441\u0440\u0435\u0434\u0438 \u043e\u0431\u044b\u0447\u043d\u044b\u0445 \u0433\u0440\u0430\u0436\u0434\u0430\u043d, \u0438\u0449\u0443\u0449\u0438\u0445 \u043b\u0435\u0433\u043a\u0443\u044e, \u0444\u0443\u043d\u043a\u0446\u0438\u043e\u043d\u0430\u043b\u044c\u043d\u0443\u044e \u0438 \u043a\u0430\u0447\u0435\u0441\u0442\u0432\u0435\u043d\u043d\u0443\u044e \u043e\u0434\u0435\u0436\u0434\u0443. \u0415\u0435 \u043c\u043e\u0436\u043d\u043e \u0438\u0441\u043f\u043e\u043b\u044c\u0437\u043e\u0432\u0430\u0442\u044c \u043a\u0430\u043a \u0441\u0430\u043c\u043e\u0441\u0442\u043e\u044f\u0442\u0435\u043b\u044c\u043d\u044b\u0439 \u043f\u0440\u0435\u0434\u043c\u0435\u0442 \u043e\u0434\u0435\u0436\u0434\u044b \u0438\u043b\u0438 \u0432\u0435\u0440\u0445\u043d\u0438\u0439 \u0441\u043b\u043e\u0439. \u042d\u0442\u0430 \u043a\u0443\u0440\u0442\u043a\u0430 \u0437\u0430\u0449\u0438\u0449\u0430\u0435\u0442 \u043e\u0442 \u0441\u043b\u0430\u0431\u043e\u0433\u043e [&#8230;]\n","protected":false},"featured_media":6765,"comment_status":"open","ping_status":"closed","template":"","meta":{"_acf_changed":false},"product_brand":[],"product_cat":[344,592],"product_tag":[],"class_list":{"0":"post-32803","1":"product","2":"type-product","3":"status-publish","4":"has-post-thumbnail","6":"product_cat-344","7":"product_cat-odezda","9":"first","10":"outofstock","11":"taxable","12":"shipping-taxable","13":"purchasable","14":"product-type-variable"},"acf":[],"yoast_head":"<!-- This site is optimized with the Yoast SEO plugin v27.4 - https:\/\/yoast.com\/product\/yoast-seo-wordpress\/ -->\n<title>HELIKON-TEX JAKA TROOPER-STORMSTRETCH-PEL\u0112KA - MILBAZA \u2013 viss akt\u012bvai atp\u016btai<\/title>\n<meta name=\"description\" content=\"\u041a\u0443\u043f\u0438\u0442\u044c JAKA TROOPER - STORMSTRETCH HELIKON-TEX - BEAR, \u043e\u0442\u043b\u0438\u0447\u043d\u0430\u044f \u0446\u0435\u043d\u0430 \u0438 \u0434\u043e\u0441\u0442\u0430\u0432\u043a\u0430. \u0418\u043d\u0442\u0435\u0440\u043d\u0435\u0442-\u043c\u0430\u0433\u0430\u0437\u0438\u043d \u0442\u0443\u0440\u0438\u0441\u0442\u0438\u0447\u0435\u0441\u043a\u0438\u0445 \u0442\u043e\u0432\u0430\u0440\u043e\u0432, \u0432\u043e\u0437\u043c\u043e\u0436\u043d\u043e\u0441\u0442\u044c \u043e\u0444\u043e\u0440\u043c\u0438\u0442\u044c \u0437\u0430\u043a\u0430\u0437 \u043e\u043d\u043b\u0430\u0439\u043d 24\/7!\" \/>\n<meta name=\"robots\" content=\"index, follow, max-snippet:-1, max-image-preview:large, max-video-preview:-1\" \/>\n<link rel=\"canonical\" href=\"https:\/\/milbaza.lv\/ru\/produkts\/jaka-trooper-stormstretch-helikon-tex-peleka\/\" \/>\n<meta property=\"og:locale\" content=\"ru_RU\" \/>\n<meta property=\"og:type\" content=\"article\" \/>\n<meta property=\"og:title\" content=\"HELIKON-TEX JAKA TROOPER-STORMSTRETCH-PEL\u0112KA - MILBAZA \u2013 viss akt\u012bvai atp\u016btai\" \/>\n<meta property=\"og:description\" content=\"\u041a\u0443\u043f\u0438\u0442\u044c JAKA TROOPER - STORMSTRETCH HELIKON-TEX - BEAR, \u043e\u0442\u043b\u0438\u0447\u043d\u0430\u044f \u0446\u0435\u043d\u0430 \u0438 \u0434\u043e\u0441\u0442\u0430\u0432\u043a\u0430. \u0418\u043d\u0442\u0435\u0440\u043d\u0435\u0442-\u043c\u0430\u0433\u0430\u0437\u0438\u043d \u0442\u0443\u0440\u0438\u0441\u0442\u0438\u0447\u0435\u0441\u043a\u0438\u0445 \u0442\u043e\u0432\u0430\u0440\u043e\u0432, \u0432\u043e\u0437\u043c\u043e\u0436\u043d\u043e\u0441\u0442\u044c \u043e\u0444\u043e\u0440\u043c\u0438\u0442\u044c \u0437\u0430\u043a\u0430\u0437 \u043e\u043d\u043b\u0430\u0439\u043d 24\/7!\" \/>\n<meta property=\"og:url\" content=\"https:\/\/milbaza.lv\/ru\/produkts\/jaka-trooper-stormstretch-helikon-tex-peleka\/\" \/>\n<meta property=\"og:site_name\" content=\"MILBAZA \u2013 viss akt\u012bvai atp\u016btai\" \/>\n<meta property=\"article:publisher\" content=\"https:\/\/www.facebook.com\/profile.php?id=100075399152223\" \/>\n<meta property=\"article:modified_time\" content=\"2025-06-13T10:03:03+00:00\" \/>\n<meta property=\"og:image\" content=\"https:\/\/milbaza.lv\/wp-content\/uploads\/2022\/03\/KU-TRP-NL-35.jpg\" \/>\n\t<meta property=\"og:image:width\" content=\"1500\" \/>\n\t<meta property=\"og:image:height\" content=\"1500\" \/>\n\t<meta property=\"og:image:type\" content=\"image\/jpeg\" \/>\n<meta name=\"twitter:card\" content=\"summary_large_image\" \/>\n<script type=\"application\/ld+json\" class=\"yoast-schema-graph\">{\"@context\":\"https:\\\/\\\/schema.org\",\"@graph\":[{\"@type\":\"WebPage\",\"@id\":\"https:\\\/\\\/milbaza.lv\\\/ru\\\/produkts\\\/jaka-trooper-stormstretch-helikon-tex-peleka\\\/\",\"url\":\"https:\\\/\\\/milbaza.lv\\\/ru\\\/produkts\\\/jaka-trooper-stormstretch-helikon-tex-peleka\\\/\",\"name\":\"HELIKON-TEX JAKA TROOPER-STORMSTRETCH-PEL\u0112KA - MILBAZA \u2013 viss akt\u012bvai atp\u016btai\",\"isPartOf\":{\"@id\":\"https:\\\/\\\/milbaza.lv\\\/ru\\\/#website\"},\"primaryImageOfPage\":{\"@id\":\"https:\\\/\\\/milbaza.lv\\\/ru\\\/produkts\\\/jaka-trooper-stormstretch-helikon-tex-peleka\\\/#primaryimage\"},\"image\":{\"@id\":\"https:\\\/\\\/milbaza.lv\\\/ru\\\/produkts\\\/jaka-trooper-stormstretch-helikon-tex-peleka\\\/#primaryimage\"},\"thumbnailUrl\":\"https:\\\/\\\/milbaza.lv\\\/wp-content\\\/uploads\\\/2022\\\/03\\\/KU-TRP-NL-35.jpg\",\"datePublished\":\"2023-05-30T09:19:08+00:00\",\"dateModified\":\"2025-06-13T10:03:03+00:00\",\"description\":\"\u041a\u0443\u043f\u0438\u0442\u044c JAKA TROOPER - STORMSTRETCH HELIKON-TEX - BEAR, \u043e\u0442\u043b\u0438\u0447\u043d\u0430\u044f \u0446\u0435\u043d\u0430 \u0438 \u0434\u043e\u0441\u0442\u0430\u0432\u043a\u0430. \u0418\u043d\u0442\u0435\u0440\u043d\u0435\u0442-\u043c\u0430\u0433\u0430\u0437\u0438\u043d \u0442\u0443\u0440\u0438\u0441\u0442\u0438\u0447\u0435\u0441\u043a\u0438\u0445 \u0442\u043e\u0432\u0430\u0440\u043e\u0432, \u0432\u043e\u0437\u043c\u043e\u0436\u043d\u043e\u0441\u0442\u044c \u043e\u0444\u043e\u0440\u043c\u0438\u0442\u044c \u0437\u0430\u043a\u0430\u0437 \u043e\u043d\u043b\u0430\u0439\u043d 24\\\/7!\",\"breadcrumb\":{\"@id\":\"https:\\\/\\\/milbaza.lv\\\/ru\\\/produkts\\\/jaka-trooper-stormstretch-helikon-tex-peleka\\\/#breadcrumb\"},\"inLanguage\":\"ru-RU\",\"potentialAction\":[{\"@type\":\"ReadAction\",\"target\":[\"https:\\\/\\\/milbaza.lv\\\/ru\\\/produkts\\\/jaka-trooper-stormstretch-helikon-tex-peleka\\\/\"]}]},{\"@type\":\"ImageObject\",\"inLanguage\":\"ru-RU\",\"@id\":\"https:\\\/\\\/milbaza.lv\\\/ru\\\/produkts\\\/jaka-trooper-stormstretch-helikon-tex-peleka\\\/#primaryimage\",\"url\":\"https:\\\/\\\/milbaza.lv\\\/wp-content\\\/uploads\\\/2022\\\/03\\\/KU-TRP-NL-35.jpg\",\"contentUrl\":\"https:\\\/\\\/milbaza.lv\\\/wp-content\\\/uploads\\\/2022\\\/03\\\/KU-TRP-NL-35.jpg\",\"width\":1500,\"height\":1500},{\"@type\":\"BreadcrumbList\",\"@id\":\"https:\\\/\\\/milbaza.lv\\\/ru\\\/produkts\\\/jaka-trooper-stormstretch-helikon-tex-peleka\\\/#breadcrumb\",\"itemListElement\":[{\"@type\":\"ListItem\",\"position\":1,\"name\":\"Home\",\"item\":\"https:\\\/\\\/milbaza.lv\\\/ru\\\/\"},{\"@type\":\"ListItem\",\"position\":2,\"name\":\"\u041c\u0430\u0433\u0430\u0437\u0438\u043d\",\"item\":\"https:\\\/\\\/milbaza.lv\\\/ru\\\/%d0%bc%d0%b0%d0%b3%d0%b0%d0%b7%d0%b8%d0%bd\\\/\"},{\"@type\":\"ListItem\",\"position\":3,\"name\":\"HELIKON-TEX JAKA TROOPER-STORMSTRETCH-PEL\u0112KA\"}]},{\"@type\":\"WebSite\",\"@id\":\"https:\\\/\\\/milbaza.lv\\\/ru\\\/#website\",\"url\":\"https:\\\/\\\/milbaza.lv\\\/ru\\\/\",\"name\":\"MILBAZA \u2013 viss akt\u012bvai atp\u016btai\",\"description\":\"Viss akt\u012bvai atp\u016btai\",\"publisher\":{\"@id\":\"https:\\\/\\\/milbaza.lv\\\/ru\\\/#organization\"},\"potentialAction\":[{\"@type\":\"SearchAction\",\"target\":{\"@type\":\"EntryPoint\",\"urlTemplate\":\"https:\\\/\\\/milbaza.lv\\\/ru\\\/?s={search_term_string}\"},\"query-input\":{\"@type\":\"PropertyValueSpecification\",\"valueRequired\":true,\"valueName\":\"search_term_string\"}}],\"inLanguage\":\"ru-RU\"},{\"@type\":\"Organization\",\"@id\":\"https:\\\/\\\/milbaza.lv\\\/ru\\\/#organization\",\"name\":\"Milbaza\",\"url\":\"https:\\\/\\\/milbaza.lv\\\/ru\\\/\",\"logo\":{\"@type\":\"ImageObject\",\"inLanguage\":\"ru-RU\",\"@id\":\"https:\\\/\\\/milbaza.lv\\\/ru\\\/#\\\/schema\\\/logo\\\/image\\\/\",\"url\":\"https:\\\/\\\/milbaza.lv\\\/wp-content\\\/uploads\\\/2021\\\/11\\\/Mil_BAZA_logo3.png\",\"contentUrl\":\"https:\\\/\\\/milbaza.lv\\\/wp-content\\\/uploads\\\/2021\\\/11\\\/Mil_BAZA_logo3.png\",\"width\":564,\"height\":226,\"caption\":\"Milbaza\"},\"image\":{\"@id\":\"https:\\\/\\\/milbaza.lv\\\/ru\\\/#\\\/schema\\\/logo\\\/image\\\/\"},\"sameAs\":[\"https:\\\/\\\/www.facebook.com\\\/profile.php?id=100075399152223\",\"https:\\\/\\\/www.instagram.com\\\/milbaza.lv\\\/\",\"https:\\\/\\\/www.pinterest.com\\\/milbaza\\\/_saved\\\/\",\"https:\\\/\\\/www.youtube.com\\\/channel\\\/UCrPXltd8hsNIiGAKc37hGfQ\"]}]}<\/script>\n<!-- \/ Yoast SEO plugin. -->","yoast_head_json":{"title":"HELIKON-TEX JAKA TROOPER-STORMSTRETCH-PEL\u0112KA - MILBAZA \u2013 viss akt\u012bvai atp\u016btai","description":"\u041a\u0443\u043f\u0438\u0442\u044c JAKA TROOPER - STORMSTRETCH HELIKON-TEX - BEAR, \u043e\u0442\u043b\u0438\u0447\u043d\u0430\u044f \u0446\u0435\u043d\u0430 \u0438 \u0434\u043e\u0441\u0442\u0430\u0432\u043a\u0430. \u0418\u043d\u0442\u0435\u0440\u043d\u0435\u0442-\u043c\u0430\u0433\u0430\u0437\u0438\u043d \u0442\u0443\u0440\u0438\u0441\u0442\u0438\u0447\u0435\u0441\u043a\u0438\u0445 \u0442\u043e\u0432\u0430\u0440\u043e\u0432, \u0432\u043e\u0437\u043c\u043e\u0436\u043d\u043e\u0441\u0442\u044c \u043e\u0444\u043e\u0440\u043c\u0438\u0442\u044c \u0437\u0430\u043a\u0430\u0437 \u043e\u043d\u043b\u0430\u0439\u043d 24\/7!","robots":{"index":"index","follow":"follow","max-snippet":"max-snippet:-1","max-image-preview":"max-image-preview:large","max-video-preview":"max-video-preview:-1"},"canonical":"https:\/\/milbaza.lv\/ru\/produkts\/jaka-trooper-stormstretch-helikon-tex-peleka\/","og_locale":"ru_RU","og_type":"article","og_title":"HELIKON-TEX JAKA TROOPER-STORMSTRETCH-PEL\u0112KA - MILBAZA \u2013 viss akt\u012bvai atp\u016btai","og_description":"\u041a\u0443\u043f\u0438\u0442\u044c JAKA TROOPER - STORMSTRETCH HELIKON-TEX - BEAR, \u043e\u0442\u043b\u0438\u0447\u043d\u0430\u044f \u0446\u0435\u043d\u0430 \u0438 \u0434\u043e\u0441\u0442\u0430\u0432\u043a\u0430. \u0418\u043d\u0442\u0435\u0440\u043d\u0435\u0442-\u043c\u0430\u0433\u0430\u0437\u0438\u043d \u0442\u0443\u0440\u0438\u0441\u0442\u0438\u0447\u0435\u0441\u043a\u0438\u0445 \u0442\u043e\u0432\u0430\u0440\u043e\u0432, \u0432\u043e\u0437\u043c\u043e\u0436\u043d\u043e\u0441\u0442\u044c \u043e\u0444\u043e\u0440\u043c\u0438\u0442\u044c \u0437\u0430\u043a\u0430\u0437 \u043e\u043d\u043b\u0430\u0439\u043d 24\/7!","og_url":"https:\/\/milbaza.lv\/ru\/produkts\/jaka-trooper-stormstretch-helikon-tex-peleka\/","og_site_name":"MILBAZA \u2013 viss akt\u012bvai atp\u016btai","article_publisher":"https:\/\/www.facebook.com\/profile.php?id=100075399152223","article_modified_time":"2025-06-13T10:03:03+00:00","og_image":[{"width":1500,"height":1500,"url":"https:\/\/milbaza.lv\/wp-content\/uploads\/2022\/03\/KU-TRP-NL-35.jpg","type":"image\/jpeg"}],"twitter_card":"summary_large_image","schema":{"@context":"https:\/\/schema.org","@graph":[{"@type":"WebPage","@id":"https:\/\/milbaza.lv\/ru\/produkts\/jaka-trooper-stormstretch-helikon-tex-peleka\/","url":"https:\/\/milbaza.lv\/ru\/produkts\/jaka-trooper-stormstretch-helikon-tex-peleka\/","name":"HELIKON-TEX JAKA TROOPER-STORMSTRETCH-PEL\u0112KA - MILBAZA \u2013 viss akt\u012bvai atp\u016btai","isPartOf":{"@id":"https:\/\/milbaza.lv\/ru\/#website"},"primaryImageOfPage":{"@id":"https:\/\/milbaza.lv\/ru\/produkts\/jaka-trooper-stormstretch-helikon-tex-peleka\/#primaryimage"},"image":{"@id":"https:\/\/milbaza.lv\/ru\/produkts\/jaka-trooper-stormstretch-helikon-tex-peleka\/#primaryimage"},"thumbnailUrl":"https:\/\/milbaza.lv\/wp-content\/uploads\/2022\/03\/KU-TRP-NL-35.jpg","datePublished":"2023-05-30T09:19:08+00:00","dateModified":"2025-06-13T10:03:03+00:00","description":"\u041a\u0443\u043f\u0438\u0442\u044c JAKA TROOPER - STORMSTRETCH HELIKON-TEX - BEAR, \u043e\u0442\u043b\u0438\u0447\u043d\u0430\u044f \u0446\u0435\u043d\u0430 \u0438 \u0434\u043e\u0441\u0442\u0430\u0432\u043a\u0430. \u0418\u043d\u0442\u0435\u0440\u043d\u0435\u0442-\u043c\u0430\u0433\u0430\u0437\u0438\u043d \u0442\u0443\u0440\u0438\u0441\u0442\u0438\u0447\u0435\u0441\u043a\u0438\u0445 \u0442\u043e\u0432\u0430\u0440\u043e\u0432, \u0432\u043e\u0437\u043c\u043e\u0436\u043d\u043e\u0441\u0442\u044c \u043e\u0444\u043e\u0440\u043c\u0438\u0442\u044c \u0437\u0430\u043a\u0430\u0437 \u043e\u043d\u043b\u0430\u0439\u043d 24\/7!","breadcrumb":{"@id":"https:\/\/milbaza.lv\/ru\/produkts\/jaka-trooper-stormstretch-helikon-tex-peleka\/#breadcrumb"},"inLanguage":"ru-RU","potentialAction":[{"@type":"ReadAction","target":["https:\/\/milbaza.lv\/ru\/produkts\/jaka-trooper-stormstretch-helikon-tex-peleka\/"]}]},{"@type":"ImageObject","inLanguage":"ru-RU","@id":"https:\/\/milbaza.lv\/ru\/produkts\/jaka-trooper-stormstretch-helikon-tex-peleka\/#primaryimage","url":"https:\/\/milbaza.lv\/wp-content\/uploads\/2022\/03\/KU-TRP-NL-35.jpg","contentUrl":"https:\/\/milbaza.lv\/wp-content\/uploads\/2022\/03\/KU-TRP-NL-35.jpg","width":1500,"height":1500},{"@type":"BreadcrumbList","@id":"https:\/\/milbaza.lv\/ru\/produkts\/jaka-trooper-stormstretch-helikon-tex-peleka\/#breadcrumb","itemListElement":[{"@type":"ListItem","position":1,"name":"Home","item":"https:\/\/milbaza.lv\/ru\/"},{"@type":"ListItem","position":2,"name":"\u041c\u0430\u0433\u0430\u0437\u0438\u043d","item":"https:\/\/milbaza.lv\/ru\/%d0%bc%d0%b0%d0%b3%d0%b0%d0%b7%d0%b8%d0%bd\/"},{"@type":"ListItem","position":3,"name":"HELIKON-TEX JAKA TROOPER-STORMSTRETCH-PEL\u0112KA"}]},{"@type":"WebSite","@id":"https:\/\/milbaza.lv\/ru\/#website","url":"https:\/\/milbaza.lv\/ru\/","name":"MILBAZA \u2013 viss akt\u012bvai atp\u016btai","description":"Viss akt\u012bvai atp\u016btai","publisher":{"@id":"https:\/\/milbaza.lv\/ru\/#organization"},"potentialAction":[{"@type":"SearchAction","target":{"@type":"EntryPoint","urlTemplate":"https:\/\/milbaza.lv\/ru\/?s={search_term_string}"},"query-input":{"@type":"PropertyValueSpecification","valueRequired":true,"valueName":"search_term_string"}}],"inLanguage":"ru-RU"},{"@type":"Organization","@id":"https:\/\/milbaza.lv\/ru\/#organization","name":"Milbaza","url":"https:\/\/milbaza.lv\/ru\/","logo":{"@type":"ImageObject","inLanguage":"ru-RU","@id":"https:\/\/milbaza.lv\/ru\/#\/schema\/logo\/image\/","url":"https:\/\/milbaza.lv\/wp-content\/uploads\/2021\/11\/Mil_BAZA_logo3.png","contentUrl":"https:\/\/milbaza.lv\/wp-content\/uploads\/2021\/11\/Mil_BAZA_logo3.png","width":564,"height":226,"caption":"Milbaza"},"image":{"@id":"https:\/\/milbaza.lv\/ru\/#\/schema\/logo\/image\/"},"sameAs":["https:\/\/www.facebook.com\/profile.php?id=100075399152223","https:\/\/www.instagram.com\/milbaza.lv\/","https:\/\/www.pinterest.com\/milbaza\/_saved\/","https:\/\/www.youtube.com\/channel\/UCrPXltd8hsNIiGAKc37hGfQ"]}]}},"_links":{"self":[{"href":"https:\/\/milbaza.lv\/ru\/wp-json\/wp\/v2\/product\/32803","targetHints":{"allow":["GET"]}}],"collection":[{"href":"https:\/\/milbaza.lv\/ru\/wp-json\/wp\/v2\/product"}],"about":[{"href":"https:\/\/milbaza.lv\/ru\/wp-json\/wp\/v2\/types\/product"}],"replies":[{"embeddable":true,"href":"https:\/\/milbaza.lv\/ru\/wp-json\/wp\/v2\/comments?post=32803"}],"wp:featuredmedia":[{"embeddable":true,"href":"https:\/\/milbaza.lv\/ru\/wp-json\/wp\/v2\/media\/6765"}],"wp:attachment":[{"href":"https:\/\/milbaza.lv\/ru\/wp-json\/wp\/v2\/media?parent=32803"}],"wp:term":[{"taxonomy":"product_brand","embeddable":true,"href":"https:\/\/milbaza.lv\/ru\/wp-json\/wp\/v2\/product_brand?post=32803"},{"taxonomy":"product_cat","embeddable":true,"href":"https:\/\/milbaza.lv\/ru\/wp-json\/wp\/v2\/product_cat?post=32803"},{"taxonomy":"product_tag","embeddable":true,"href":"https:\/\/milbaza.lv\/ru\/wp-json\/wp\/v2\/product_tag?post=32803"}],"curies":[{"name":"wp","href":"https:\/\/api.w.org\/{rel}","templated":true}]}}