{"id":33680,"date":"2023-06-16T12:39:34","date_gmt":"2023-06-16T14:32:21","guid":{"rendered":"https:\/\/milbaza.lv\/produkts\/mfh-%d1%80%d1%8e%d0%ba%d0%b7%d0%b0%d0%ba-tactical\/"},"modified":"2023-06-16T17:32:21","modified_gmt":"2023-06-16T14:32:21","slug":"mfh-backpack-tactical","status":"publish","type":"product","link":"https:\/\/milbaza.lv\/ru\/produkts\/mfh-backpack-tactical\/","title":{"rendered":"MFH \u0420\u042e\u041a\u0417\u0410\u041a &#8220;TACTICAL&#8221;"},"content":{"rendered":"<p>\u0440\u0435\u0433\u0443\u043b\u0438\u0440\u0443\u0435\u043c\u044b\u0435 \u043f\u043b\u0435\u0447\u0435\u0432\u044b\u0435\/\u043f\u043e\u044f\u0441\u043d\u044b\u0435 \u0440\u0435\u043c\u043d\u0438 \u0441 \u043c\u044f\u0433\u043a\u043e\u0439 \u043f\u043e\u0434\u043a\u043b\u0430\u0434\u043a\u043e\u0439<br \/>\n\u0440\u0435\u0433\u0443\u043b\u0438\u0440\u0443\u0435\u043c\u044b\u0439, \u0441\u044a\u0435\u043c\u043d\u044b\u0439 \u043d\u0430\u0433\u0440\u0443\u0434\u043d\u044b\u0439 \u0440\u0435\u043c\u0435\u043d\u044c<br \/>\n\u043c\u044f\u0433\u043a\u0430\u044f \u0437\u0430\u0434\u043d\u044f\u044f \u0447\u0430\u0441\u0442\u044c \u0441\u043e \u0441\u044a\u0435\u043c\u043d\u043e\u0439 \u0443\u0441\u0442\u043e\u0439\u0447\u0438\u0432\u043e\u0441\u0442\u044c\u044e<br \/>\n\u0440\u0430\u043c\u0430 \u0438\u0437 \u0430\u043b\u044e\u043c\u0438\u043d\u0438\u044f<br \/>\n\u043f\u0440\u043e\u043a\u043b\u0430\u0434\u043a\u0438 \u0438\u0437 \u0434\u044b\u0448\u0430\u0449\u0435\u0433\u043e \u0441\u0435\u0442\u0447\u0430\u0442\u043e\u0433\u043e \u043c\u0430\u0442\u0435\u0440\u0438\u0430\u043b\u0430<br \/>\n1 \u0432\u0435\u0440\u0445\u043d\u044f\u044f \u0440\u0443\u0447\u043a\u0430 \u0434\u043b\u044f \u043f\u0435\u0440\u0435\u043d\u043e\u0441\u043a\u0438<br \/>\n\u043a\u0440\u044b\u0448\u043a\u0430 \u043d\u0430 \u043c\u043e\u043b\u043d\u0438\u0438 \u0441\u0437\u0430\u0434\u0438<br \/>\n\u0438 2 \u0441\u044a\u0435\u043c\u043d\u044b\u0435 \u043b\u044f\u043c\u043a\u0438 \u043d\u0430 \u0432\u0435\u0440\u0445\u043d\u0435\u0439 \u0447\u0430\u0441\u0442\u0438 \u0440\u044e\u043a\u0437\u0430\u043a\u0430<br \/>\n\u043e\u0441\u043d\u043e\u0432\u043d\u043e\u0435 \u043e\u0442\u0434\u0435\u043b\u0435\u043d\u0438\u0435 \u0441 \u043e\u0442\u0434\u0435\u043b\u044f\u0435\u043c\u044b\u043c<br \/>\n\u043d\u0438\u0436\u043d\u0435\u0435 \u043e\u0442\u0434\u0435\u043b\u0435\u043d\u0438\u0435 (\u043d\u0430 \u043c\u043e\u043b\u043d\u0438\u0438)<br \/>\n\u0437\u0430\u0441\u0442\u0435\u0436\u043a\u0430-\u043c\u043e\u043b\u043d\u0438\u044f \u043d\u0430 \u0432\u043d\u0435\u0448\u043d\u0435\u0439 \u0441\u0442\u043e\u0440\u043e\u043d\u0435 \u0434\u043b\u044f \u0434\u043e\u0441\u0442\u0443\u043f\u0430 \u043a<br \/>\n\u043d\u0438\u0436\u043d\u0438\u0439 \u043e\u0442\u0441\u0435\u043a<br \/>\n\u0434\u0432\u043e\u0439\u043d\u043e\u0439 \u0448\u043d\u0443\u0440\u043e\u043a \u0432 \u0432\u0435\u0440\u0445\u043d\u0435\u0439 \u0447\u0430\u0441\u0442\u0438 \u043e\u0441\u043d\u043e\u0432\u043d\u043e\u0433\u043e \u043e\u0442\u0434\u0435\u043b\u0435\u043d\u0438\u044f<br \/>\n\u043f\u043b\u043e\u0441\u043a\u0438\u0439 \u0432\u043d\u0443\u0442\u0440\u0435\u043d\u043d\u0438\u0439 \u0432\u044b\u0434\u0432\u0438\u0436\u043d\u043e\u0439 \u043e\u0442\u0441\u0435\u043a \u0434\u043b\u044f, \u043d\u0430\u043f\u0440.<br \/>\n\u0441\u043f\u0430\u043b\u044c\u043d\u0430\u044f \u043f\u043e\u0434\u0443\u0448\u043a\u0430<br \/>\n2 \u0431\u043e\u043a\u043e\u0432\u044b\u0445 \u043a\u0430\u0440\u043c\u0430\u043d\u0430 \u0441 \u0434\u0432\u0443\u0445\u0441\u0442\u043e\u0440\u043e\u043d\u043d\u0435\u0439 \u043c\u043e\u043b\u043d\u0438\u0435\u0439<br \/>\n1 \u043f\u0435\u0440\u0435\u0434\u043d\u0438\u0439 \u043a\u0430\u0440\u043c\u0430\u043d \u0441 \u0434\u0432\u0443\u0445\u0441\u0442\u043e\u0440\u043e\u043d\u043d\u0435\u0439 \u043c\u043e\u043b\u043d\u0438\u0435\u0439<br \/>\n\u0438 \u0441\u0435\u0442\u0447\u0430\u0442\u044b\u0439 \u043a\u0430\u0440\u043c\u0430\u043d \u0441 \u0437\u0430\u0441\u0442\u0435\u0436\u043a\u043e\u0439 \u043d\u0430 \u043a\u0440\u044e\u0447\u043a\u0430\u0445 \u0438 \u043f\u0435\u0442\u043b\u044f\u0445<br \/>\n\u043f\u043b\u0430\u0441\u0442\u0438\u043a\u043e\u0432\u044b\u0435 \u0437\u0430\u0449\u0435\u043b\u043a\u0438\u0432\u0430\u044e\u0449\u0438\u0435\u0441\u044f \u0437\u0430\u0442\u0432\u043e\u0440\u044b<br \/>\n\u0412\u043c\u0435\u0441\u0442\u0438\u043c\u043e\u0441\u0442\u044c: \u043e\u043a. 55 l<br \/>\n\u0420\u0430\u0437\u043c\u0435\u0440\u044b: \u043e\u043a. 50 x 60 x 20 \u0441\u043c (\u0428 x \u0412 x \u0413)<br \/>\n\u0412\u0435\u0441: \u043e\u043a. 1,7 \u043a\u0433<\/p>\n<p>\u041c\u0430\u0442\u0435\u0440\u0438\u0430\u043b: 100 % \u043f\u043e\u043b\u0438\u044d\u0441\u0442\u0435\u0440<\/p>\n","protected":false},"excerpt":{"rendered":"<p>\u0440\u0435\u0433\u0443\u043b\u0438\u0440\u0443\u0435\u043c\u044b\u0435 \u043f\u043b\u0435\u0447\u0435\u0432\u044b\u0435\/\u043f\u043e\u044f\u0441\u043d\u044b\u0435 \u0440\u0435\u043c\u043d\u0438 \u0441 \u043c\u044f\u0433\u043a\u043e\u0439 \u043f\u043e\u0434\u043a\u043b\u0430\u0434\u043a\u043e\u0439 \u0440\u0435\u0433\u0443\u043b\u0438\u0440\u0443\u0435\u043c\u044b\u0439, \u0441\u044a\u0435\u043c\u043d\u044b\u0439 \u043d\u0430\u0433\u0440\u0443\u0434\u043d\u044b\u0439 \u0440\u0435\u043c\u0435\u043d\u044c \u043c\u044f\u0433\u043a\u0430\u044f \u0437\u0430\u0434\u043d\u044f\u044f \u0447\u0430\u0441\u0442\u044c \u0441\u043e \u0441\u044a\u0435\u043c\u043d\u043e\u0439 \u0443\u0441\u0442\u043e\u0439\u0447\u0438\u0432\u043e\u0441\u0442\u044c\u044e \u0440\u0430\u043c\u0430 \u0438\u0437 \u0430\u043b\u044e\u043c\u0438\u043d\u0438\u044f \u043f\u0440\u043e\u043a\u043b\u0430\u0434\u043a\u0438 \u0438\u0437 \u0434\u044b\u0448\u0430\u0449\u0435\u0433\u043e \u0441\u0435\u0442\u0447\u0430\u0442\u043e\u0433\u043e \u043c\u0430\u0442\u0435\u0440\u0438\u0430\u043b\u0430 1 \u0432\u0435\u0440\u0445\u043d\u044f\u044f \u0440\u0443\u0447\u043a\u0430 \u0434\u043b\u044f \u043f\u0435\u0440\u0435\u043d\u043e\u0441\u043a\u0438 \u043a\u0440\u044b\u0448\u043a\u0430 \u043d\u0430 \u043c\u043e\u043b\u043d\u0438\u0438 \u0441\u0437\u0430\u0434\u0438 \u0438 2 \u0441\u044a\u0435\u043c\u043d\u044b\u0435 \u043b\u044f\u043c\u043a\u0438 \u043d\u0430 \u0432\u0435\u0440\u0445\u043d\u0435\u0439 \u0447\u0430\u0441\u0442\u0438 \u0440\u044e\u043a\u0437\u0430\u043a\u0430 \u043e\u0441\u043d\u043e\u0432\u043d\u043e\u0435 \u043e\u0442\u0434\u0435\u043b\u0435\u043d\u0438\u0435 \u0441 \u043e\u0442\u0434\u0435\u043b\u044f\u0435\u043c\u044b\u043c \u043d\u0438\u0436\u043d\u0435\u0435 \u043e\u0442\u0434\u0435\u043b\u0435\u043d\u0438\u0435 (\u043d\u0430 \u043c\u043e\u043b\u043d\u0438\u0438) \u0437\u0430\u0441\u0442\u0435\u0436\u043a\u0430-\u043c\u043e\u043b\u043d\u0438\u044f \u043d\u0430 \u0432\u043d\u0435\u0448\u043d\u0435\u0439 \u0441\u0442\u043e\u0440\u043e\u043d\u0435 \u0434\u043b\u044f \u0434\u043e\u0441\u0442\u0443\u043f\u0430 [&#8230;]\n","protected":false},"featured_media":33525,"comment_status":"closed","ping_status":"closed","template":"","meta":{"_acf_changed":false},"product_brand":[],"product_cat":[361,359],"product_tag":[],"class_list":{"0":"post-33680","1":"product","2":"type-product","3":"status-publish","4":"has-post-thumbnail","6":"product_cat-361","7":"product_cat-359","9":"first","10":"instock","11":"sale","12":"taxable","13":"shipping-taxable","14":"purchasable","15":"product-type-variable"},"acf":[],"yoast_head":"<!-- This site is optimized with the Yoast SEO plugin v26.7 - https:\/\/yoast.com\/wordpress\/plugins\/seo\/ -->\n<title>MFH \u0420\u042e\u041a\u0417\u0410\u041a &quot;TACTICAL&quot; - MILBAZA \u2013 viss akt\u012bvai atp\u016btai<\/title>\n<meta name=\"description\" content=\"\u041a\u0443\u043f\u0438\u0442\u044c MFH \u0420\u042e\u041a\u0417\u0410\u041a &quot;TACTICAL&quot;, \u0445\u043e\u0440\u043e\u0448\u0430\u044f \u0446\u0435\u043d\u0430 \u0438 \u0434\u043e\u0441\u0442\u0430\u0432\u043a\u0430. \u0418\u043d\u0442\u0435\u0440\u043d\u0435\u0442-\u043c\u0430\u0433\u0430\u0437\u0438\u043d \u0442\u0443\u0440\u0438\u0441\u0442\u0438\u0447\u0435\u0441\u043a\u0438\u0445 \u0442\u043e\u0432\u0430\u0440\u043e\u0432, \u0437\u0430\u043a\u0430\u0437\u044b\u0432\u0430\u0439\u0442\u0435 \u043e\u043d\u043b\u0430\u0439\u043d 24\/7!\" \/>\n<meta name=\"robots\" content=\"index, follow, max-snippet:-1, max-image-preview:large, max-video-preview:-1\" \/>\n<link rel=\"canonical\" href=\"https:\/\/milbaza.lv\/ru\/produkts\/mfh-backpack-tactical\/\" \/>\n<meta property=\"og:locale\" content=\"ru_RU\" \/>\n<meta property=\"og:type\" content=\"article\" \/>\n<meta property=\"og:title\" content=\"MFH \u0420\u042e\u041a\u0417\u0410\u041a &quot;TACTICAL&quot; - MILBAZA \u2013 viss akt\u012bvai atp\u016btai\" \/>\n<meta property=\"og:description\" content=\"\u041a\u0443\u043f\u0438\u0442\u044c MFH \u0420\u042e\u041a\u0417\u0410\u041a &quot;TACTICAL&quot;, \u0445\u043e\u0440\u043e\u0448\u0430\u044f \u0446\u0435\u043d\u0430 \u0438 \u0434\u043e\u0441\u0442\u0430\u0432\u043a\u0430. \u0418\u043d\u0442\u0435\u0440\u043d\u0435\u0442-\u043c\u0430\u0433\u0430\u0437\u0438\u043d \u0442\u0443\u0440\u0438\u0441\u0442\u0438\u0447\u0435\u0441\u043a\u0438\u0445 \u0442\u043e\u0432\u0430\u0440\u043e\u0432, \u0437\u0430\u043a\u0430\u0437\u044b\u0432\u0430\u0439\u0442\u0435 \u043e\u043d\u043b\u0430\u0439\u043d 24\/7!\" \/>\n<meta property=\"og:url\" content=\"https:\/\/milbaza.lv\/ru\/produkts\/mfh-backpack-tactical\/\" \/>\n<meta property=\"og:site_name\" content=\"MILBAZA \u2013 viss akt\u012bvai atp\u016btai\" \/>\n<meta property=\"article:publisher\" content=\"https:\/\/www.facebook.com\/profile.php?id=100075399152223\" \/>\n<meta property=\"og:image\" content=\"https:\/\/milbaza.lv\/wp-content\/uploads\/2023\/06\/30273A.jpg\" \/>\n\t<meta property=\"og:image:width\" content=\"1200\" \/>\n\t<meta property=\"og:image:height\" content=\"1200\" \/>\n\t<meta property=\"og:image:type\" content=\"image\/jpeg\" \/>\n<meta name=\"twitter:card\" content=\"summary_large_image\" \/>\n<script type=\"application\/ld+json\" class=\"yoast-schema-graph\">{\"@context\":\"https:\/\/schema.org\",\"@graph\":[{\"@type\":\"WebPage\",\"@id\":\"https:\/\/milbaza.lv\/ru\/produkts\/mfh-backpack-tactical\/\",\"url\":\"https:\/\/milbaza.lv\/ru\/produkts\/mfh-backpack-tactical\/\",\"name\":\"MFH \u0420\u042e\u041a\u0417\u0410\u041a \\\"TACTICAL\\\" - MILBAZA \u2013 viss akt\u012bvai atp\u016btai\",\"isPartOf\":{\"@id\":\"https:\/\/milbaza.lv\/ru\/#website\"},\"primaryImageOfPage\":{\"@id\":\"https:\/\/milbaza.lv\/ru\/produkts\/mfh-backpack-tactical\/#primaryimage\"},\"image\":{\"@id\":\"https:\/\/milbaza.lv\/ru\/produkts\/mfh-backpack-tactical\/#primaryimage\"},\"thumbnailUrl\":\"https:\/\/milbaza.lv\/wp-content\/uploads\/2023\/06\/30273A.jpg\",\"datePublished\":\"2023-06-16T14:32:21+00:00\",\"description\":\"\u041a\u0443\u043f\u0438\u0442\u044c MFH \u0420\u042e\u041a\u0417\u0410\u041a \\\"TACTICAL\\\", \u0445\u043e\u0440\u043e\u0448\u0430\u044f \u0446\u0435\u043d\u0430 \u0438 \u0434\u043e\u0441\u0442\u0430\u0432\u043a\u0430. \u0418\u043d\u0442\u0435\u0440\u043d\u0435\u0442-\u043c\u0430\u0433\u0430\u0437\u0438\u043d \u0442\u0443\u0440\u0438\u0441\u0442\u0438\u0447\u0435\u0441\u043a\u0438\u0445 \u0442\u043e\u0432\u0430\u0440\u043e\u0432, \u0437\u0430\u043a\u0430\u0437\u044b\u0432\u0430\u0439\u0442\u0435 \u043e\u043d\u043b\u0430\u0439\u043d 24\/7!\",\"breadcrumb\":{\"@id\":\"https:\/\/milbaza.lv\/ru\/produkts\/mfh-backpack-tactical\/#breadcrumb\"},\"inLanguage\":\"ru-RU\",\"potentialAction\":[{\"@type\":\"ReadAction\",\"target\":[\"https:\/\/milbaza.lv\/ru\/produkts\/mfh-backpack-tactical\/\"]}]},{\"@type\":\"ImageObject\",\"inLanguage\":\"ru-RU\",\"@id\":\"https:\/\/milbaza.lv\/ru\/produkts\/mfh-backpack-tactical\/#primaryimage\",\"url\":\"https:\/\/milbaza.lv\/wp-content\/uploads\/2023\/06\/30273A.jpg\",\"contentUrl\":\"https:\/\/milbaza.lv\/wp-content\/uploads\/2023\/06\/30273A.jpg\",\"width\":1200,\"height\":1200},{\"@type\":\"BreadcrumbList\",\"@id\":\"https:\/\/milbaza.lv\/ru\/produkts\/mfh-backpack-tactical\/#breadcrumb\",\"itemListElement\":[{\"@type\":\"ListItem\",\"position\":1,\"name\":\"Home\",\"item\":\"https:\/\/milbaza.lv\/ru\/\"},{\"@type\":\"ListItem\",\"position\":2,\"name\":\"\u041c\u0430\u0433\u0430\u0437\u0438\u043d\",\"item\":\"https:\/\/milbaza.lv\/ru\/%d0%bc%d0%b0%d0%b3%d0%b0%d0%b7%d0%b8%d0%bd\/\"},{\"@type\":\"ListItem\",\"position\":3,\"name\":\"MFH \u0420\u042e\u041a\u0417\u0410\u041a &#8220;TACTICAL&#8221;\"}]},{\"@type\":\"WebSite\",\"@id\":\"https:\/\/milbaza.lv\/ru\/#website\",\"url\":\"https:\/\/milbaza.lv\/ru\/\",\"name\":\"MILBAZA \u2013 viss akt\u012bvai atp\u016btai\",\"description\":\"Viss akt\u012bvai atp\u016btai\",\"publisher\":{\"@id\":\"https:\/\/milbaza.lv\/ru\/#organization\"},\"potentialAction\":[{\"@type\":\"SearchAction\",\"target\":{\"@type\":\"EntryPoint\",\"urlTemplate\":\"https:\/\/milbaza.lv\/ru\/?s={search_term_string}\"},\"query-input\":{\"@type\":\"PropertyValueSpecification\",\"valueRequired\":true,\"valueName\":\"search_term_string\"}}],\"inLanguage\":\"ru-RU\"},{\"@type\":\"Organization\",\"@id\":\"https:\/\/milbaza.lv\/ru\/#organization\",\"name\":\"Milbaza\",\"url\":\"https:\/\/milbaza.lv\/ru\/\",\"logo\":{\"@type\":\"ImageObject\",\"inLanguage\":\"ru-RU\",\"@id\":\"https:\/\/milbaza.lv\/ru\/#\/schema\/logo\/image\/\",\"url\":\"https:\/\/milbaza.lv\/wp-content\/uploads\/2021\/11\/Mil_BAZA_logo3.png\",\"contentUrl\":\"https:\/\/milbaza.lv\/wp-content\/uploads\/2021\/11\/Mil_BAZA_logo3.png\",\"width\":564,\"height\":226,\"caption\":\"Milbaza\"},\"image\":{\"@id\":\"https:\/\/milbaza.lv\/ru\/#\/schema\/logo\/image\/\"},\"sameAs\":[\"https:\/\/www.facebook.com\/profile.php?id=100075399152223\",\"https:\/\/www.instagram.com\/milbaza.lv\/\",\"https:\/\/www.pinterest.com\/milbaza\/_saved\/\",\"https:\/\/www.youtube.com\/channel\/UCrPXltd8hsNIiGAKc37hGfQ\"]}]}<\/script>\n<!-- \/ Yoast SEO plugin. -->","yoast_head_json":{"title":"MFH \u0420\u042e\u041a\u0417\u0410\u041a \"TACTICAL\" - MILBAZA \u2013 viss akt\u012bvai atp\u016btai","description":"\u041a\u0443\u043f\u0438\u0442\u044c MFH \u0420\u042e\u041a\u0417\u0410\u041a \"TACTICAL\", \u0445\u043e\u0440\u043e\u0448\u0430\u044f \u0446\u0435\u043d\u0430 \u0438 \u0434\u043e\u0441\u0442\u0430\u0432\u043a\u0430. \u0418\u043d\u0442\u0435\u0440\u043d\u0435\u0442-\u043c\u0430\u0433\u0430\u0437\u0438\u043d \u0442\u0443\u0440\u0438\u0441\u0442\u0438\u0447\u0435\u0441\u043a\u0438\u0445 \u0442\u043e\u0432\u0430\u0440\u043e\u0432, \u0437\u0430\u043a\u0430\u0437\u044b\u0432\u0430\u0439\u0442\u0435 \u043e\u043d\u043b\u0430\u0439\u043d 24\/7!","robots":{"index":"index","follow":"follow","max-snippet":"max-snippet:-1","max-image-preview":"max-image-preview:large","max-video-preview":"max-video-preview:-1"},"canonical":"https:\/\/milbaza.lv\/ru\/produkts\/mfh-backpack-tactical\/","og_locale":"ru_RU","og_type":"article","og_title":"MFH \u0420\u042e\u041a\u0417\u0410\u041a \"TACTICAL\" - MILBAZA \u2013 viss akt\u012bvai atp\u016btai","og_description":"\u041a\u0443\u043f\u0438\u0442\u044c MFH \u0420\u042e\u041a\u0417\u0410\u041a \"TACTICAL\", \u0445\u043e\u0440\u043e\u0448\u0430\u044f \u0446\u0435\u043d\u0430 \u0438 \u0434\u043e\u0441\u0442\u0430\u0432\u043a\u0430. \u0418\u043d\u0442\u0435\u0440\u043d\u0435\u0442-\u043c\u0430\u0433\u0430\u0437\u0438\u043d \u0442\u0443\u0440\u0438\u0441\u0442\u0438\u0447\u0435\u0441\u043a\u0438\u0445 \u0442\u043e\u0432\u0430\u0440\u043e\u0432, \u0437\u0430\u043a\u0430\u0437\u044b\u0432\u0430\u0439\u0442\u0435 \u043e\u043d\u043b\u0430\u0439\u043d 24\/7!","og_url":"https:\/\/milbaza.lv\/ru\/produkts\/mfh-backpack-tactical\/","og_site_name":"MILBAZA \u2013 viss akt\u012bvai atp\u016btai","article_publisher":"https:\/\/www.facebook.com\/profile.php?id=100075399152223","og_image":[{"width":1200,"height":1200,"url":"https:\/\/milbaza.lv\/wp-content\/uploads\/2023\/06\/30273A.jpg","type":"image\/jpeg"}],"twitter_card":"summary_large_image","schema":{"@context":"https:\/\/schema.org","@graph":[{"@type":"WebPage","@id":"https:\/\/milbaza.lv\/ru\/produkts\/mfh-backpack-tactical\/","url":"https:\/\/milbaza.lv\/ru\/produkts\/mfh-backpack-tactical\/","name":"MFH \u0420\u042e\u041a\u0417\u0410\u041a \"TACTICAL\" - MILBAZA \u2013 viss akt\u012bvai atp\u016btai","isPartOf":{"@id":"https:\/\/milbaza.lv\/ru\/#website"},"primaryImageOfPage":{"@id":"https:\/\/milbaza.lv\/ru\/produkts\/mfh-backpack-tactical\/#primaryimage"},"image":{"@id":"https:\/\/milbaza.lv\/ru\/produkts\/mfh-backpack-tactical\/#primaryimage"},"thumbnailUrl":"https:\/\/milbaza.lv\/wp-content\/uploads\/2023\/06\/30273A.jpg","datePublished":"2023-06-16T14:32:21+00:00","description":"\u041a\u0443\u043f\u0438\u0442\u044c MFH \u0420\u042e\u041a\u0417\u0410\u041a \"TACTICAL\", \u0445\u043e\u0440\u043e\u0448\u0430\u044f \u0446\u0435\u043d\u0430 \u0438 \u0434\u043e\u0441\u0442\u0430\u0432\u043a\u0430. \u0418\u043d\u0442\u0435\u0440\u043d\u0435\u0442-\u043c\u0430\u0433\u0430\u0437\u0438\u043d \u0442\u0443\u0440\u0438\u0441\u0442\u0438\u0447\u0435\u0441\u043a\u0438\u0445 \u0442\u043e\u0432\u0430\u0440\u043e\u0432, \u0437\u0430\u043a\u0430\u0437\u044b\u0432\u0430\u0439\u0442\u0435 \u043e\u043d\u043b\u0430\u0439\u043d 24\/7!","breadcrumb":{"@id":"https:\/\/milbaza.lv\/ru\/produkts\/mfh-backpack-tactical\/#breadcrumb"},"inLanguage":"ru-RU","potentialAction":[{"@type":"ReadAction","target":["https:\/\/milbaza.lv\/ru\/produkts\/mfh-backpack-tactical\/"]}]},{"@type":"ImageObject","inLanguage":"ru-RU","@id":"https:\/\/milbaza.lv\/ru\/produkts\/mfh-backpack-tactical\/#primaryimage","url":"https:\/\/milbaza.lv\/wp-content\/uploads\/2023\/06\/30273A.jpg","contentUrl":"https:\/\/milbaza.lv\/wp-content\/uploads\/2023\/06\/30273A.jpg","width":1200,"height":1200},{"@type":"BreadcrumbList","@id":"https:\/\/milbaza.lv\/ru\/produkts\/mfh-backpack-tactical\/#breadcrumb","itemListElement":[{"@type":"ListItem","position":1,"name":"Home","item":"https:\/\/milbaza.lv\/ru\/"},{"@type":"ListItem","position":2,"name":"\u041c\u0430\u0433\u0430\u0437\u0438\u043d","item":"https:\/\/milbaza.lv\/ru\/%d0%bc%d0%b0%d0%b3%d0%b0%d0%b7%d0%b8%d0%bd\/"},{"@type":"ListItem","position":3,"name":"MFH \u0420\u042e\u041a\u0417\u0410\u041a &#8220;TACTICAL&#8221;"}]},{"@type":"WebSite","@id":"https:\/\/milbaza.lv\/ru\/#website","url":"https:\/\/milbaza.lv\/ru\/","name":"MILBAZA \u2013 viss akt\u012bvai atp\u016btai","description":"Viss akt\u012bvai atp\u016btai","publisher":{"@id":"https:\/\/milbaza.lv\/ru\/#organization"},"potentialAction":[{"@type":"SearchAction","target":{"@type":"EntryPoint","urlTemplate":"https:\/\/milbaza.lv\/ru\/?s={search_term_string}"},"query-input":{"@type":"PropertyValueSpecification","valueRequired":true,"valueName":"search_term_string"}}],"inLanguage":"ru-RU"},{"@type":"Organization","@id":"https:\/\/milbaza.lv\/ru\/#organization","name":"Milbaza","url":"https:\/\/milbaza.lv\/ru\/","logo":{"@type":"ImageObject","inLanguage":"ru-RU","@id":"https:\/\/milbaza.lv\/ru\/#\/schema\/logo\/image\/","url":"https:\/\/milbaza.lv\/wp-content\/uploads\/2021\/11\/Mil_BAZA_logo3.png","contentUrl":"https:\/\/milbaza.lv\/wp-content\/uploads\/2021\/11\/Mil_BAZA_logo3.png","width":564,"height":226,"caption":"Milbaza"},"image":{"@id":"https:\/\/milbaza.lv\/ru\/#\/schema\/logo\/image\/"},"sameAs":["https:\/\/www.facebook.com\/profile.php?id=100075399152223","https:\/\/www.instagram.com\/milbaza.lv\/","https:\/\/www.pinterest.com\/milbaza\/_saved\/","https:\/\/www.youtube.com\/channel\/UCrPXltd8hsNIiGAKc37hGfQ"]}]}},"_links":{"self":[{"href":"https:\/\/milbaza.lv\/ru\/wp-json\/wp\/v2\/product\/33680","targetHints":{"allow":["GET"]}}],"collection":[{"href":"https:\/\/milbaza.lv\/ru\/wp-json\/wp\/v2\/product"}],"about":[{"href":"https:\/\/milbaza.lv\/ru\/wp-json\/wp\/v2\/types\/product"}],"replies":[{"embeddable":true,"href":"https:\/\/milbaza.lv\/ru\/wp-json\/wp\/v2\/comments?post=33680"}],"wp:featuredmedia":[{"embeddable":true,"href":"https:\/\/milbaza.lv\/ru\/wp-json\/wp\/v2\/media\/33525"}],"wp:attachment":[{"href":"https:\/\/milbaza.lv\/ru\/wp-json\/wp\/v2\/media?parent=33680"}],"wp:term":[{"taxonomy":"product_brand","embeddable":true,"href":"https:\/\/milbaza.lv\/ru\/wp-json\/wp\/v2\/product_brand?post=33680"},{"taxonomy":"product_cat","embeddable":true,"href":"https:\/\/milbaza.lv\/ru\/wp-json\/wp\/v2\/product_cat?post=33680"},{"taxonomy":"product_tag","embeddable":true,"href":"https:\/\/milbaza.lv\/ru\/wp-json\/wp\/v2\/product_tag?post=33680"}],"curies":[{"name":"wp","href":"https:\/\/api.w.org\/{rel}","templated":true}]}}